{"id":36639,"date":"2022-11-08T08:24:47","date_gmt":"2022-11-08T08:24:47","guid":{"rendered":"https:\/\/jackpotlotteryonline.com\/?page_id=36639"},"modified":"2023-01-03T20:46:38","modified_gmt":"2023-01-03T20:46:38","slug":"el-gordo","status":"publish","type":"page","link":"https:\/\/jackpotlotteryonline.com\/ro\/cumpara-bilete\/el-gordo\/","title":{"rendered":"Cumpara bilete El Gordo"},"content":{"rendered":"<h2>Uimitoarea loterie spaniol\u0103<\/h2>\n<p>El Gordo este dup\u0103 col\u021b \u0219i nu toat\u0103 lumea este suficient de norocoas\u0103 s\u0103 tr\u0103iasc\u0103 \u00een Spania sau s\u0103 c\u0103l\u0103toreasc\u0103 \u00een Spania. Cu toate acestea, pariorii de pretutindeni sunt entuziasma\u021bi la g\u00e2ndul de a participa la distrac\u021bia \u0219i festivit\u0103\u021bile care \u00eenso\u021besc aceast\u0103 loterie. Juc\u0103torii care locuiesc \u00een afara \u021b\u0103rii pot, de asemenea, s\u0103 ia parte la aceast\u0103 loterie \u0219i v\u0103 vom ar\u0103ta cum s\u0103 face\u021bi acest lucru.<\/p>\n<p>Dac\u0103 sunte\u021bi nou \u00een <a href=\"https:\/\/jackpotlotteryonline.com\/ro\/cum-se-joaca\/el-gordo\">a juca la loterie<\/a>, atunci s-ar putea s\u0103 v\u0103 intereseze s\u0103 \u0219ti\u021bi c\u0103 aceasta este o loterie spaniol\u0103. Se nume\u0219te El Gordo, care \u00eenseamn\u0103 &#8220;cel Gras&#8221;, datorit\u0103 jackpotului mare. Se spune c\u0103 este cel mai mare jackpot din lume.<\/p>\n<p>A\u0219adar, cum pute\u021bi ob\u021bine o parte din ac\u021biune chiar dac\u0103 nu locui\u021bi \u00een Spania? Continua\u021bi s\u0103 citi\u021bi \u0219i v\u0103 vom spune totul despre asta.<\/p>\n<h2>Cum s\u0103 cump\u0103ra\u021bi bilete El Gordo din afara Spaniei<\/h2>\n<p><img loading=\"lazy\" decoding=\"async\" class=\"size-full wp-image-17870 alignright\" src=\"https:\/\/jackpotlotteryonline.com\/wp-content\/uploads\/2022\/10\/lotto_euros.jpg\" alt=\"Cump\u0103ra\u021bi bilete El Gordo online\" width=\"225\" height=\"134\" \/><\/p>\n<p>Cel mai simplu mod de a cump\u0103ra bilete la loteria El Gordo este prin intermediul internetului de la un v\u00e2nz\u0103tor de loterii online, cum ar fi jackpotlotteryonline.com. Oferim un serviciu f\u0103r\u0103 \u00eentreruperi care face ca jocul la loteriile interna\u021bionale de top s\u0103 fie o experien\u021b\u0103 f\u0103r\u0103 efort. Atunci c\u00e2nd v\u0103 \u00eenregistra\u021bi la noi, ob\u021bine\u021bi o platform\u0103 personalizat\u0103, adaptat\u0103 nevoilor dumneavoastr\u0103.<\/p>\n<p>Vrem s\u0103 ne asigur\u0103m c\u0103 clien\u021bii no\u0219tri experimenteaz\u0103 pl\u0103cerea care vine odat\u0103 cu jocul la loto. Atunci c\u00e2nd participa\u021bi la El Gordo, deveni\u021bi parte din istorie \u0219i tradi\u021bie. Aceast\u0103 loterie spaniol\u0103 este cunoscut\u0103 \u0219i sub numele de loteria de Cr\u0103ciun, iar sezonul nu este la fel f\u0103r\u0103 ea.<\/p>\n<p>Participarea la loteria spaniol\u0103 de Cr\u0103ciun ar putea fi un pic confuz\u0103 dac\u0103 este prima dat\u0103. Spre deosebire de alte loterii, nu ave\u021bi posibilitatea de a v\u0103 alege numerele. Fiecare talon are numerele deja imprimate pe el. Pentru a ad\u0103uga la confuzie, exist\u0103 100.000 de numere la loteria El Gordo. La jackpotlotteryonline.com, v\u0103 ghid\u0103m \u00een fiecare pas.<\/p>\n<h2>De ce ar trebui s\u0103 participa\u021bi la El Gordo<\/h2>\n<p>Exist\u0103 mai multe motive pentru care juc\u0103torii de pretutindeni iubesc El Gordo. Am men\u021bionat faptul c\u0103 este \u00eenc\u0103rcat de istorie \u0219i tradi\u021bie. Loteria a avut prima extragere \u00een 1812; asta \u00eenseamn\u0103 c\u0103 are peste 200 de ani. El Gordo este a doua cea mai veche loterie \u00een func\u021biune din lume \u0219i a devenit parte din cultura Spaniei.<\/p>\n<p><a href=\"https:\/\/jackpotlotteryonline.com\/ro\/numere-castigatoare\/el-gordo-draw-results\">Extragerea<\/a> are loc pe 22 decembrie \u00een fiecare an, a\u0219a c\u0103 este o modalitate excelent\u0103 de a da culoare sezonului festiv. Extragerea \u00een sine este un alt eveniment grandios, deoarece rezultatele extragerii sunt c\u00e2ntate de elevii \u0219colii San Ildefonso. Am men\u021bionat c\u0103 El Gordo este impregnat de tradi\u021bie? Este cu siguran\u021b\u0103 ceva pe care pariorii vechi \u0219i noi \u00eel a\u0219teapt\u0103 cu ner\u0103bdare \u00een fiecare an.<\/p>\n<p>Dincolo de asta, El Gordo este o loterie care promoveaz\u0103 \u0219i celebreaz\u0103 comunitatea. Biletele sunt \u00eemp\u0103r\u021bite \u00een mai multe subdiviziuni \u0219i este destul de comun s\u0103 g\u0103se\u0219ti cartiere abonate la o subdiviziune. A\u0219adar, de ce s\u0103 nu face\u021bi ceva special pentru familia \u0219i prietenii dumneavoastr\u0103, particip\u00e2nd \u00eempreun\u0103 la El Gordo? Este un mod minunat de a s\u0103rb\u0103tori Cr\u0103ciunul.<\/p>\n<section class=\"layout\" style=\"border: solid 1px; width: 100%;\">\n<div class=\"img-div\" style=\"margin-top: 5px;\"><img decoding=\"async\" class=\"wp-image-17212 alignleft\" style=\"height: 45px; margin: 8px 8px 0px;\" src=\"https:\/\/jackpotlotteryonline.com\/wp-content\/uploads\/2022\/11\/read1.jpg\" alt=\"cite\u0219te\" width=\"\" height=\"\" \/><\/div>\n<div style=\"padding-left: 5px;\">\n<div style=\"font-size: 1.1em;\">\n<p><strong>Nu rata\u021bi orele de extragere a celor mai mari jackpoturi la loto din lume<\/strong><\/p>\n<p style=\"font-size: 0.85em; margin-top: -1.5em;\">O list\u0103 cu orele de extragere pentru loteriile interna\u021bionale\u00a0<a href=\"https:\/\/jackpotlotteryonline.com\/ro\/cand-sunt-orele-de-extragere-pentru-loteriile-internationale\"> \u0447\u0438\u0442\u0430\u0442\u044c \u0434\u0430\u043b\u0435\u0435<\/a><\/p>\n<\/div>\n<\/div>\n<\/section>\n<h2>Cum se joac\u0103 El Gordo<\/h2>\n<p><img loading=\"lazy\" decoding=\"async\" class=\"alignright size-full wp-image-32459\" src=\"https:\/\/jackpotlotteryonline.com\/wp-content\/uploads\/2022\/11\/2_ticket_el_gordo-1.jpg\" alt=\"Bilet de loterie El Gordo\" width=\"213\" height=\"300\" \/><\/p>\n<p>Atunci c\u00e2nd intra\u021bi la loteria spaniol\u0103 de Cr\u0103ciun, talonul dvs. ar putea avea numere cuprinse \u00eentre 00000 \u0219i 99999. Fiecare bilet este \u00eemp\u0103r\u021bit \u00een zece p\u0103r\u021bi, care sunt ulterior subdivizate. A\u0219adar, indiferent de bugetul t\u0103u, \u00ee\u021bi po\u021bi permite s\u0103 cumperi un bilet.<\/p>\n<p>La fel de interesant este faptul c\u0103 juc\u0103torii de la El Gordo au \u0219anse foarte mari de c\u00e2\u0219tig. Jackpotul total este de miliarde de euro, iar \u0219ansele sunt incredibile. A\u0219adar, juc\u0103torii ar putea pleca acas\u0103 cu mii de euro chiar dac\u0103 nu c\u00e2\u0219tig\u0103 premiul \u00eent\u00e2i.<\/p>\n<p>Dup\u0103 ce v\u0103 cump\u0103ra\u021bi biletul, tot ce trebuie s\u0103 face\u021bi este s\u0103 a\u0219tepta\u021bi extragerile din 22 decembrie. Pe site-ul nostru, le cerem clien\u021bilor no\u0219tri s\u0103 se \u00eenregistreze pentru a-i putea anun\u021ba imediat ce au c\u00e2\u0219tigat un premiu. De asemenea, \u00eencasarea c\u00e2\u0219tigurilor este u\u0219oar\u0103, deoarece o pute\u021bi face de pe platforma noastr\u0103.<\/p>\n<h2>Pa\u0219i pentru a juca El Gordo online<\/h2>\n<ol>\n<li>Acum c\u0103 sunte\u021bi la fel de entuziasma\u021bi ca \u0219i noi de loteria spaniol\u0103 de Cr\u0103ciun, haide\u021bi s\u0103 v\u0103 prezent\u0103m pa\u0219ii.<\/li>\n<li>Cump\u0103ra\u021bi-v\u0103 biletul El Gordo de pe site-ul nostru<\/li>\n<li>\u00cenregistreaz\u0103-te pentru ca noi s\u0103 te putem contacta \u00een cazul \u00een care c\u00e2\u0219tigi<\/li>\n<li>A\u0219tepta\u021bi tragerea la sor\u021bi<\/li>\n<\/ol>\n<h2>Retrage\u021bi-v\u0103 c\u00e2\u0219tigurile dac\u0103 c\u00e2\u0219tiga\u021bi<\/h2>\n<p>Este at\u00e2t de simplu c\u00e2nd v\u0103 \u00eenregistra\u021bi la noi. Noi elimin\u0103m complica\u021biile pentru ca tu s\u0103 r\u0103m\u00e2i cu distrac\u021bia jocului. Dac\u0103 sunte\u021bi \u00een c\u0103utarea unui joc de loterie cu \u0219anse bune de care s\u0103 v\u0103 bucura\u021bi, atunci nu mai c\u0103uta\u021bi.<\/p>\n<p>Ar trebui s\u0103 men\u021bion\u0103m c\u0103, de\u0219i El Gordo are \u0219anse mari, este un joc de noroc. Nu exist\u0103 nicio modalitate de a garanta c\u0103 ve\u021bi c\u00e2\u0219tiga \u0219i nici nu exist\u0103 nimic care s\u0103 spun\u0103 c\u0103 nu ve\u021bi c\u00e2\u0219tiga. Cu toate acestea, singurul mod \u00een care pute\u021bi avea \u0219ansa de a c\u00e2\u0219tiga un premiu este dac\u0103 v\u0103 \u00eenscrie\u021bi la loterie \u00een primul r\u00e2nd. A\u0219adar, \u00eenregistra\u021bi-v\u0103 acum la noi pentru a cump\u0103ra bilete la loteria spaniol\u0103 de Cr\u0103ciun.<\/p>\n","protected":false},"excerpt":{"rendered":"<p>Uimitoarea loterie spaniol\u0103 El Gordo este dup\u0103 col\u021b \u0219i nu toat\u0103 lumea este suficient de norocoas\u0103 s\u0103 tr\u0103iasc\u0103 \u00een Spania sau s\u0103 c\u0103l\u0103toreasc\u0103 \u00een Spania. Cu toate acestea, pariorii de pretutindeni sunt entuziasma\u021bi la g\u00e2ndul de a participa la distrac\u021bia \u0219i festivit\u0103\u021bile care \u00eenso\u021besc aceast\u0103 loterie. Juc\u0103torii care locuiesc \u00een afara \u021b\u0103rii pot, de asemenea, [&hellip;]<\/p>\n","protected":false},"author":1,"featured_media":0,"parent":35774,"menu_order":6,"comment_status":"closed","ping_status":"closed","template":"el-gordo-info.php","meta":{"_et_pb_use_builder":"","_et_pb_old_content":"","_et_gb_content_width":"","exclude_from_search":false,"footnotes":""},"class_list":["post-36639","page","type-page","status-publish","hentry"],"yoast_head":"<!-- This site is optimized with the Yoast SEO plugin v23.3 - https:\/\/yoast.com\/wordpress\/plugins\/seo\/ -->\n<title>Cump\u0103ra\u021bi bilete El Gordo din afara Spaniei | Bilete El Gordo online<\/title>\n<meta name=\"description\" content=\"Pute\u021bi cump\u0103ra bilete El Gordo online, dac\u0103 locui\u021bi \u00een afara Spaniei - chiar aici, prin intermediul acestui serviciu de bilete online\" \/>\n<meta name=\"robots\" content=\"index, follow, max-snippet:-1, max-image-preview:large, max-video-preview:-1\" \/>\n<link rel=\"canonical\" href=\"https:\/\/jackpotlotteryonline.com\/buy-tickets\/el-gordo\/\" \/>\n<meta property=\"og:locale\" content=\"ro_RO\" \/>\n<meta property=\"og:type\" content=\"article\" \/>\n<meta property=\"og:title\" content=\"Cump\u0103ra\u021bi bilete El Gordo din afara Spaniei | Bilete El Gordo online\" \/>\n<meta property=\"og:description\" content=\"Pute\u021bi cump\u0103ra bilete El Gordo online, dac\u0103 locui\u021bi \u00een afara Spaniei - chiar aici, prin intermediul acestui serviciu de bilete online\" \/>\n<meta property=\"og:url\" content=\"https:\/\/jackpotlotteryonline.com\/buy-tickets\/el-gordo\/\" \/>\n<meta property=\"og:site_name\" content=\"Lotto Online - Crack The International Lottery Jackpots\" \/>\n<meta property=\"article:modified_time\" content=\"2023-01-03T20:46:38+00:00\" \/>\n<meta property=\"og:image\" content=\"https:\/\/jackpotlotteryonline.com\/wp-content\/uploads\/2022\/10\/lotto_euros.jpg\" \/>\n<meta name=\"twitter:card\" content=\"summary_large_image\" \/>\n<meta name=\"twitter:label1\" content=\"Timp estimat pentru citire\" \/>\n\t<meta name=\"twitter:data1\" content=\"5 minute\" \/>\n<!-- \/ Yoast SEO plugin. -->","yoast_head_json":{"title":"Cump\u0103ra\u021bi bilete El Gordo din afara Spaniei | Bilete El Gordo online","description":"Pute\u021bi cump\u0103ra bilete El Gordo online, dac\u0103 locui\u021bi \u00een afara Spaniei - chiar aici, prin intermediul acestui serviciu de bilete online","robots":{"index":"index","follow":"follow","max-snippet":"max-snippet:-1","max-image-preview":"max-image-preview:large","max-video-preview":"max-video-preview:-1"},"canonical":"https:\/\/jackpotlotteryonline.com\/buy-tickets\/el-gordo\/","og_locale":"ro_RO","og_type":"article","og_title":"Cump\u0103ra\u021bi bilete El Gordo din afara Spaniei | Bilete El Gordo online","og_description":"Pute\u021bi cump\u0103ra bilete El Gordo online, dac\u0103 locui\u021bi \u00een afara Spaniei - chiar aici, prin intermediul acestui serviciu de bilete online","og_url":"https:\/\/jackpotlotteryonline.com\/buy-tickets\/el-gordo\/","og_site_name":"Lotto Online - Crack The International Lottery Jackpots","article_modified_time":"2023-01-03T20:46:38+00:00","og_image":[{"url":"https:\/\/jackpotlotteryonline.com\/wp-content\/uploads\/2022\/10\/lotto_euros.jpg"}],"twitter_card":"summary_large_image","twitter_misc":{"Timp estimat pentru citire":"5 minute"},"schema":{"@context":"https:\/\/schema.org","@graph":[{"@type":"WebPage","@id":"https:\/\/jackpotlotteryonline.com\/buy-tickets\/el-gordo\/","url":"https:\/\/jackpotlotteryonline.com\/buy-tickets\/el-gordo\/","name":"Cump\u0103ra\u021bi bilete El Gordo din afara Spaniei | Bilete El Gordo online","isPartOf":{"@id":"https:\/\/jackpotlotteryonline.com\/#website"},"primaryImageOfPage":{"@id":"https:\/\/jackpotlotteryonline.com\/buy-tickets\/el-gordo\/#primaryimage"},"image":{"@id":"https:\/\/jackpotlotteryonline.com\/buy-tickets\/el-gordo\/#primaryimage"},"thumbnailUrl":"https:\/\/jackpotlotteryonline.com\/wp-content\/uploads\/2022\/10\/lotto_euros.jpg","datePublished":"2022-11-08T08:24:47+00:00","dateModified":"2023-01-03T20:46:38+00:00","description":"Pute\u021bi cump\u0103ra bilete El Gordo online, dac\u0103 locui\u021bi \u00een afara Spaniei - chiar aici, prin intermediul acestui serviciu de bilete online","breadcrumb":{"@id":"https:\/\/jackpotlotteryonline.com\/buy-tickets\/el-gordo\/#breadcrumb"},"inLanguage":"ro-RO","potentialAction":[{"@type":"ReadAction","target":["https:\/\/jackpotlotteryonline.com\/buy-tickets\/el-gordo\/"]}]},{"@type":"ImageObject","inLanguage":"ro-RO","@id":"https:\/\/jackpotlotteryonline.com\/buy-tickets\/el-gordo\/#primaryimage","url":"https:\/\/jackpotlotteryonline.com\/wp-content\/uploads\/2022\/10\/lotto_euros.jpg","contentUrl":"https:\/\/jackpotlotteryonline.com\/wp-content\/uploads\/2022\/10\/lotto_euros.jpg"},{"@type":"BreadcrumbList","@id":"https:\/\/jackpotlotteryonline.com\/buy-tickets\/el-gordo\/#breadcrumb","itemListElement":[{"@type":"ListItem","position":1,"name":"Home","item":"https:\/\/jackpotlotteryonline.com\/ro\/"},{"@type":"ListItem","position":2,"name":"Cum s\u0103 cump\u0103ra\u021bi bilete de loterie online","item":"https:\/\/jackpotlotteryonline.com\/buy-tickets\/"},{"@type":"ListItem","position":3,"name":"Cumpara bilete El Gordo"}]},{"@type":"WebSite","@id":"https:\/\/jackpotlotteryonline.com\/#website","url":"https:\/\/jackpotlotteryonline.com\/","name":"Lotto Online - Crack The International Lottery Jackpots","description":"","potentialAction":[{"@type":"SearchAction","target":{"@type":"EntryPoint","urlTemplate":"https:\/\/jackpotlotteryonline.com\/?s={search_term_string}"},"query-input":"required name=search_term_string"}],"inLanguage":"ro-RO"}]}},"_links":{"self":[{"href":"https:\/\/jackpotlotteryonline.com\/ro\/wp-json\/wp\/v2\/pages\/36639","targetHints":{"allow":["GET"]}}],"collection":[{"href":"https:\/\/jackpotlotteryonline.com\/ro\/wp-json\/wp\/v2\/pages"}],"about":[{"href":"https:\/\/jackpotlotteryonline.com\/ro\/wp-json\/wp\/v2\/types\/page"}],"author":[{"embeddable":true,"href":"https:\/\/jackpotlotteryonline.com\/ro\/wp-json\/wp\/v2\/users\/1"}],"replies":[{"embeddable":true,"href":"https:\/\/jackpotlotteryonline.com\/ro\/wp-json\/wp\/v2\/comments?post=36639"}],"version-history":[{"count":0,"href":"https:\/\/jackpotlotteryonline.com\/ro\/wp-json\/wp\/v2\/pages\/36639\/revisions"}],"up":[{"embeddable":true,"href":"https:\/\/jackpotlotteryonline.com\/ro\/wp-json\/wp\/v2\/pages\/35774"}],"wp:attachment":[{"href":"https:\/\/jackpotlotteryonline.com\/ro\/wp-json\/wp\/v2\/media?parent=36639"}],"curies":[{"name":"wp","href":"https:\/\/api.w.org\/{rel}","templated":true}]}}