{"id":36691,"date":"2022-11-08T10:20:52","date_gmt":"2022-11-08T10:20:52","guid":{"rendered":"https:\/\/jackpotlotteryonline.com\/?page_id=36691"},"modified":"2023-01-03T21:12:00","modified_gmt":"2023-01-03T21:12:00","slug":"lotto-germany","status":"publish","type":"page","link":"https:\/\/jackpotlotteryonline.com\/ro\/cumpara-bilete\/lotto-germany\/","title":{"rendered":"Cumpara bilete pentru Loto Germania"},"content":{"rendered":"<p>Juc\u0103torii care locuiesc \u00een afara Germaniei ar putea considera c\u0103 este pu\u021bin dificil s\u0103 cumpere bilete pentru loto Germania, dar nu trebuie s\u0103 fie a\u0219a. Loto Germania este cunoscut \u0219i sub numele de 6 aus 49 \u0219i este una dintre cele mai vechi loterii din Europa. \u00cenfiin\u021bat\u0103 \u00een 1955, a devenit rapid principalul joc de loterie din \u021bar\u0103.<\/p>\n<p>\u00censcrierile la aceast\u0103 loterie sunt disponibile la v\u00e2nz\u0103torii acredita\u021bi din Germania. Dar dac\u0103 locui\u021bi \u00een alt\u0103 parte a lumii, va trebui s\u0103 v\u0103 baza\u021bi pe un site de loterie online de \u00eencredere, cum ar fi jackpotlotteryoneline.com.<\/p>\n<p><a href=\"https:\/\/jackpotlotteryonline.com\/ro\/cum-se-joaca\/german-lotto\">A juca la loterie online<\/a> este simplu \u0219i atunci c\u00e2nd utiliza\u021bi site-ul nostru, devine o experien\u021b\u0103 pl\u0103cut\u0103 \u0219i f\u0103r\u0103 cusur.<\/p>\n<h2>Cum s\u0103 juca\u021bi la Loteria German\u0103 pe site-ul nostru<\/h2>\n<p><img loading=\"lazy\" decoding=\"async\" class=\"alignright size-medium wp-image-33350\" src=\"https:\/\/jackpotlotteryonline.com\/wp-content\/uploads\/2022\/11\/2_ticket_euromillions3-1-111x300.jpg\" alt=\"bilet loto german\" width=\"111\" height=\"300\" srcset=\"https:\/\/jackpotlotteryonline.com\/wp-content\/uploads\/2022\/11\/2_ticket_euromillions3-1-111x300.jpg 111w, https:\/\/jackpotlotteryonline.com\/wp-content\/uploads\/2022\/11\/2_ticket_euromillions3-1.jpg 180w\" sizes=\"auto, (max-width: 111px) 100vw, 111px\" \/><\/p>\n<p>Traducerea literal\u0103 a cuv\u00e2ntului 6 aus 49 este 6 din 49. Pentru a juca la loto german, trebuie s\u0103 alege\u021bi \u0219ase numere \u00eentre 1 \u0219i 49 \u0219i un num\u0103r bonus de la 0 la 9. Acest lucru este la fel indiferent dac\u0103 juca\u021bi offline sau prin internet.<\/p>\n<p>Atunci c\u00e2nd achizi\u021biona\u021bi o intrare la loteria german\u0103 pe site-ul nostru, pute\u021bi alege 6 numere din 49. Pute\u021bi alege mai multe linii de numere, deoarece fiecare dintre ele conteaz\u0103 pentru o intrare, ceea ce v\u0103 ofer\u0103 \u0219anse mai mari. Apoi, pute\u021bi alege dac\u0103 dori\u021bi s\u0103 intra\u021bi pentru o singur\u0103 extragere sau pentru mai multe extrageri.<\/p>\n<p><a href=\"https:\/\/jackpotlotteryonline.com\/ro\/numere-castigatoare\/german-lotto\">Loteria german\u0103 are dou\u0103 extrageri pe s\u0103pt\u0103m\u00e2n\u0103<\/a>, miercurea \u0219i s\u00e2mb\u0103ta; pute\u021bi decide s\u0103 participa\u021bi la o singur\u0103 extragere sau la extrageri multiple. Dup\u0103 ce a\u021bi f\u0103cut alegerea, urm\u0103torul pas este s\u0103 pl\u0103ti\u021bi pentru achizi\u021bia dumneavoastr\u0103. \u00cen acel moment, v\u0103 vom cere s\u0103 v\u0103 \u00eenregistra\u021bi la noi. Acest lucru este necesar din mai multe motive:<\/p>\n<ul>\n<li>Prin \u00eenregistrare, v\u0103 pute\u021bi p\u0103stra \u00een siguran\u021b\u0103 talonul de participare, deoarece ve\u021bi avea nevoie de el pentru a revendica orice c\u00e2\u0219tig.<\/li>\n<li>Pute\u021bi verifica cu u\u0219urin\u021b\u0103 rezultatele extragerii, de\u0219i, dac\u0103 ve\u021bi c\u00e2\u0219tiga vreun premiu, v\u0103 vom anun\u021ba prin intermediul tabloului de bord \u0219i prin e-mail.<\/li>\n<li>De asemenea, pute\u021bi \u00eencasa orice c\u00e2\u0219tig pe care \u00eel ave\u021bi chiar pe platforma noastr\u0103<\/li>\n<\/ul>\n<h2>Cum s\u0103 c\u00e2\u0219tiga\u021bi la loterie<\/h2>\n<p>\u00cen timpul extragerilor, sunt extrase \u0219ase numere de la 1 la 49. Num\u0103rul bonus, care este cunoscut sub numele de Superzahl, este extras de la un alt aparat. Dac\u0103 numerele dvs. se potrivesc cu cele extrase, atunci c\u00e2\u0219tiga\u021bi jackpotul.<\/p>\n<p>Este important de precizat c\u0103 jackpotul nu este singurul premiu pe care juc\u0103torii \u00eel pot c\u00e2\u0219tiga atunci c\u00e2nd joac\u0103 la loteria german\u0103. Aceast\u0103 loterie european\u0103 are 10 categorii de premii diferite \u0219i exist\u0103 un premiu doar pentru potrivirea a dou\u0103 numere \u0219i a num\u0103rului bonus.<\/p>\n<p>A\u0219a cum am men\u021bionat mai devreme, \u0219ansele de a c\u00e2\u0219tiga la aceast\u0103 loterie sunt destul de bune. \u0218ansele de a c\u00e2\u0219tiga jackpotul sunt de 1 la 139.838.160, iar \u0219ansele generale de a c\u00e2\u0219tiga un premiu sunt de 1 la 31. Dac\u0103 nu a\u021bi jucat niciodat\u0103 la German 6 aus 49, acesta este un moment bun pentru a v\u0103 g\u00e2ndi s\u0103 plasa\u021bi un pariu. Pute\u021bi face acest lucru achizi\u021bion\u00e2nd o intrare la loterie la jackpotlotteryoneline.com.<\/p>\n<h2>Cum \u0219tiu c\u0103 am un bilet real?<\/h2>\n<p><img loading=\"lazy\" decoding=\"async\" class=\"size-medium wp-image-27698 alignright\" src=\"https:\/\/jackpotlotteryonline.com\/wp-content\/uploads\/2022\/11\/1_lottery_results-300x150.jpg\" alt=\"bile loto germania-loterie\" width=\"300\" height=\"150\" srcset=\"https:\/\/jackpotlotteryonline.com\/wp-content\/uploads\/2022\/11\/1_lottery_results-300x150.jpg 300w, https:\/\/jackpotlotteryonline.com\/wp-content\/uploads\/2022\/11\/1_lottery_results.jpg 350w\" sizes=\"auto, (max-width: 300px) 100vw, 300px\" \/><\/p>\n<p>Aceasta este o \u00eentrebare foarte important\u0103, mai ales atunci c\u00e2nd cump\u0103ra\u021bi online biletele la loteria german\u0103. Este posibil s\u0103 cump\u0103ra\u021bi ceea ce crede\u021bi c\u0103 este un bilet de intrare la loterie \u0219i totu\u0219i s\u0103 nu fi\u021bi \u00eenscris la loterie.<\/p>\n<p>Loteria are numere de serie tip\u0103rite pe fiecare bilet \u0219i acestea sunt importante pentru a determina dac\u0103 un bilet este autentic. La jackpotlotteryonline.com, avem un serviciu de concierge pentru clien\u021bii no\u0219tri. Ceea ce vrem s\u0103 spunem este c\u0103 atunci c\u00e2nd cump\u0103ra\u021bi biletele de loterie online de la noi, biletele dvs. vor avea numerele de serie care provin de la loteria german\u0103.<\/p>\n<p>Cu alte cuvinte, cu serviciul nostru ve\u021bi avea acces la loterie. Dac\u0103 v\u0103 potrivi\u021bi cu numerele extrase, ve\u021bi c\u00e2\u0219tiga premiul cel mare.<\/p>\n<h2>Cum \u00eemi revendic c\u00e2\u0219tigurile?<\/h2>\n<p>Avantajul de a juca la loto cu noi este c\u0103 nu trebuie s\u0103 v\u0103 face\u021bi griji cu privire la revendicarea c\u00e2\u0219tigurilor dumneavoastr\u0103. \u00cen primul r\u00e2nd, talonul dvs. este \u00een siguran\u021b\u0103 \u00een contul dvs. \u0219i nu exist\u0103 teama de a-l pierde. Av\u00e2nd \u00een vedere c\u0103 ve\u021bi avea nevoie de talon pentru a v\u0103 revendica c\u00e2\u0219tigurile, acesta este un lucru bun. \u00cen 2021, un premiu jackpot de 11,3 milioane de euro s-a \u00eentors \u00een fondul comun, deoarece a r\u0103mas nerevendicat timp de 3 ani. Nu vrem s\u0103 vi se \u00eent\u00e2mple asta.<\/p>\n<p>\u00cen al doilea r\u00e2nd, dac\u0103 c\u00e2\u0219tigi ceva, te vom anun\u021ba imediat, iar data viitoare c\u00e2nd te vei conecta la contul t\u0103u, fondurile tale vor fi acolo, a\u0219tept\u00e2ndu-te. Pur \u0219i simplu retrage\u021bi fondurile \u00een contul dvs. bancar \u0219i sunte\u021bi gata s\u0103 v\u0103 bucura\u021bi de c\u00e2\u0219tigurile dvs.<\/p>\n<p>\u0218tim c\u0103 atunci c\u00e2nd juca\u021bi la loto, sunte\u021bi preocupat s\u0103 v\u0103 sim\u021bi\u021bi bine. P\u00e2n\u0103 la urm\u0103, ar trebui s\u0103 fie un joc distractiv. A\u0219a c\u0103 lucr\u0103m neobosit pentru a reduce procesul astfel \u00eenc\u00e2t s\u0103 fie f\u0103r\u0103 probleme \u0219i f\u0103r\u0103 complica\u021bii, l\u0103s\u00e2ndu-v\u0103 liber s\u0103 v\u0103 bucura\u021bi de joc.<\/p>\n<section class=\"layout\" style=\"border: solid 1px; width: 100%;\">\n<div class=\"img-div\" style=\"margin-top: 5px;\"><img decoding=\"async\" class=\"wp-image-17212 alignleft\" style=\"height: 45px; margin: 8px 8px 0px;\" src=\"https:\/\/jackpotlotteryonline.com\/wp-content\/uploads\/2022\/11\/read1.jpg\" alt=\"cite\u0219te\" width=\"\" height=\"\" \/><\/div>\n<div style=\"padding-left: 5px;\">\n<div style=\"font-size: 1.1em;\">\n<p><strong>Ce ma\u0219in\u0103 v-a\u021bi cump\u0103ra dac\u0103 a\u021bi c\u00e2\u0219tiga la loto?<\/strong><\/p>\n<p style=\"font-size: 0.85em; margin-top: -1.5em;\">C\u00e2\u0219tiga\u021bi la loterie \u0219i primi\u021bi o ma\u0219in\u0103 nou\u0103 \u00a0<a href=\"https:\/\/jackpotlotteryonline.com\/ro\/ce-masina-ti-ai-cumpara-daca-ai-castiga-la-loto\">cite\u0219te mai mult<\/a><\/p>\n<\/div>\n<\/div>\n<\/section>\n<h2>6 aus 49 niveluri de premii<\/h2>\n<p>Vre\u021bi s\u0103 \u0219ti\u021bi ce a\u021bi putea c\u00e2\u0219tiga atunci c\u00e2nd juca\u021bi la loteria german\u0103? Iat\u0103 care sunt diferitele niveluri de premii \u0219i procentul din fondul de premii alocat fiec\u0103rui nivel.<\/p>\n<p>Match 6 + Superzahl &#8211; 12,80% (Jackpot)<br \/>\nDoar meciul 6 &#8211; 10% (doar)<br \/>\nMeciul 5 + Superzahl &#8211; 5%.<br \/>\nDoar meciul 5 &#8211; 15% (doar meciul 5)<br \/>\nMeciul 4 + Superzahl &#8211; 5%.<br \/>\nDoar meciul 4 &#8211; 10%<br \/>\nMeciul 3 + Superzahl &#8211; 10%<br \/>\nDoar meciul 3 &#8211; 45%<br \/>\nMeciul 2 + Superzahl &#8211; 6 euro<\/p>\n<p>Re\u021bine\u021bi c\u0103 celelalte premii sunt stabilite dup\u0103 ce jackpotul a fost extras din fondul de premii.<\/p>\n<h2>C\u00e2t de mare este jackpotul?<\/h2>\n<p>Premiul jackpot pentru loteria german\u0103 \u00eencepe la 2 milioane de euro \u0219i se prelunge\u0219te dup\u0103 fiecare extragere, dac\u0103 nu exist\u0103 niciun c\u00e2\u0219tig\u0103tor. Ca urmare, jackpotul cre\u0219te p\u00e2n\u0103 c\u00e2nd ajunge la o sum\u0103 care \u00ee\u021bi las\u0103 gura ap\u0103.<\/p>\n<p>De exemplu, \u00een octombrie 2020, un singur posesor de bilet a c\u00e2\u0219tigat un premiu jackpot de 42 583 626 EUR. Acest c\u00e2\u0219tig a fost cel mai mare jackpot din istoria loteriei germane. La mic\u0103 distan\u021b\u0103 a fost premiul cel mare de 33.832.008 \u20ac, care a fost c\u00e2\u0219tigat tot de un juc\u0103tor la loto.<\/p>\n<p>Mai mul\u021bi al\u021bi posesori de bilete la loteria german\u0103 au c\u00e2\u0219tigat premii jackpot \u00een valoare de milioane de euro. Prin urmare, nu este surprinz\u0103tor faptul c\u0103 pariorii din \u00eentreaga lume se gr\u0103besc s\u0103 participe la extragerile s\u0103pt\u0103m\u00e2nale.<\/p>\n<h2>\u00cenregistreaz\u0103-te la noi pentru a juca la loto online<\/h2>\n<p>Nu trebuie s\u0103 locui\u021bi \u00een Germania pentru a participa la loteria german\u0103. C\u00e2nd v\u0103 \u00eenregistra\u021bi la noi, ave\u021bi acces la loterii interna\u021bionale de top. Se deschide cu adev\u0103rat o lume de posibilit\u0103\u021bi. Re\u021bine\u021bi, de asemenea, c\u0103 fondurile de la loto nu sunt impozabile \u00een Germania. Cu toate acestea, v\u0103 sf\u0103tuim s\u0103 verifica\u021bi legile fiscale din \u021bara \u00een care locui\u021bi.<\/p>\n<p>A\u0219adar, ce mai a\u0219tepta\u021bi? \u00cenregistreaz\u0103-te la noi pentru a cump\u0103ra online biletele la loteria german\u0103 \u0219i intr\u0103 \u00een lumea palpitant\u0103 a jocurilor de loterie interna\u021bional\u0103.<\/p>\n","protected":false},"excerpt":{"rendered":"<p>Juc\u0103torii care locuiesc \u00een afara Germaniei ar putea considera c\u0103 este pu\u021bin dificil s\u0103 cumpere bilete pentru loto Germania, dar nu trebuie s\u0103 fie a\u0219a. Loto Germania este cunoscut \u0219i sub numele de 6 aus 49 \u0219i este una dintre cele mai vechi loterii din Europa. \u00cenfiin\u021bat\u0103 \u00een 1955, a devenit rapid principalul joc de [&hellip;]<\/p>\n","protected":false},"author":1,"featured_media":0,"parent":35774,"menu_order":8,"comment_status":"closed","ping_status":"closed","template":"lotto-german-info.php","meta":{"_et_pb_use_builder":"","_et_pb_old_content":"","_et_gb_content_width":"","exclude_from_search":false,"footnotes":""},"class_list":["post-36691","page","type-page","status-publish","hentry"],"yoast_head":"<!-- This site is optimized with the Yoast SEO plugin v23.3 - https:\/\/yoast.com\/wordpress\/plugins\/seo\/ -->\n<title>Cump\u0103ra\u021bi bilete pentru Loto German din afara Germaniei | Loto Germania online<\/title>\n<meta name=\"description\" content=\"Biletele pentru Loto German\u0103 6\/49 disponibile aici, le pute\u021bi cump\u0103ra online \u00een siguran\u021b\u0103 aici, din afara Germaniei\" \/>\n<meta name=\"robots\" content=\"index, follow, max-snippet:-1, max-image-preview:large, max-video-preview:-1\" \/>\n<link rel=\"canonical\" href=\"https:\/\/jackpotlotteryonline.com\/buy-tickets\/lotto-germany\/\" \/>\n<meta property=\"og:locale\" content=\"ro_RO\" \/>\n<meta property=\"og:type\" content=\"article\" \/>\n<meta property=\"og:title\" content=\"Cump\u0103ra\u021bi bilete pentru Loto German din afara Germaniei | Loto Germania online\" \/>\n<meta property=\"og:description\" content=\"Biletele pentru Loto German\u0103 6\/49 disponibile aici, le pute\u021bi cump\u0103ra online \u00een siguran\u021b\u0103 aici, din afara Germaniei\" \/>\n<meta property=\"og:url\" content=\"https:\/\/jackpotlotteryonline.com\/buy-tickets\/lotto-germany\/\" \/>\n<meta property=\"og:site_name\" content=\"Lotto Online - Crack The International Lottery Jackpots\" \/>\n<meta property=\"article:modified_time\" content=\"2023-01-03T21:12:00+00:00\" \/>\n<meta property=\"og:image\" content=\"https:\/\/jackpotlotteryonline.com\/wp-content\/uploads\/2022\/11\/2_ticket_euromillions3-1-111x300.jpg\" \/>\n<meta name=\"twitter:card\" content=\"summary_large_image\" \/>\n<meta name=\"twitter:label1\" content=\"Timp estimat pentru citire\" \/>\n\t<meta name=\"twitter:data1\" content=\"6 minute\" \/>\n<!-- \/ Yoast SEO plugin. -->","yoast_head_json":{"title":"Cump\u0103ra\u021bi bilete pentru Loto German din afara Germaniei | Loto Germania online","description":"Biletele pentru Loto German\u0103 6\/49 disponibile aici, le pute\u021bi cump\u0103ra online \u00een siguran\u021b\u0103 aici, din afara Germaniei","robots":{"index":"index","follow":"follow","max-snippet":"max-snippet:-1","max-image-preview":"max-image-preview:large","max-video-preview":"max-video-preview:-1"},"canonical":"https:\/\/jackpotlotteryonline.com\/buy-tickets\/lotto-germany\/","og_locale":"ro_RO","og_type":"article","og_title":"Cump\u0103ra\u021bi bilete pentru Loto German din afara Germaniei | Loto Germania online","og_description":"Biletele pentru Loto German\u0103 6\/49 disponibile aici, le pute\u021bi cump\u0103ra online \u00een siguran\u021b\u0103 aici, din afara Germaniei","og_url":"https:\/\/jackpotlotteryonline.com\/buy-tickets\/lotto-germany\/","og_site_name":"Lotto Online - Crack The International Lottery Jackpots","article_modified_time":"2023-01-03T21:12:00+00:00","og_image":[{"url":"https:\/\/jackpotlotteryonline.com\/wp-content\/uploads\/2022\/11\/2_ticket_euromillions3-1-111x300.jpg"}],"twitter_card":"summary_large_image","twitter_misc":{"Timp estimat pentru citire":"6 minute"},"schema":{"@context":"https:\/\/schema.org","@graph":[{"@type":"WebPage","@id":"https:\/\/jackpotlotteryonline.com\/buy-tickets\/lotto-germany\/","url":"https:\/\/jackpotlotteryonline.com\/buy-tickets\/lotto-germany\/","name":"Cump\u0103ra\u021bi bilete pentru Loto German din afara Germaniei | Loto Germania online","isPartOf":{"@id":"https:\/\/jackpotlotteryonline.com\/#website"},"primaryImageOfPage":{"@id":"https:\/\/jackpotlotteryonline.com\/buy-tickets\/lotto-germany\/#primaryimage"},"image":{"@id":"https:\/\/jackpotlotteryonline.com\/buy-tickets\/lotto-germany\/#primaryimage"},"thumbnailUrl":"https:\/\/jackpotlotteryonline.com\/wp-content\/uploads\/2022\/11\/2_ticket_euromillions3-1-111x300.jpg","datePublished":"2022-11-08T10:20:52+00:00","dateModified":"2023-01-03T21:12:00+00:00","description":"Biletele pentru Loto German\u0103 6\/49 disponibile aici, le pute\u021bi cump\u0103ra online \u00een siguran\u021b\u0103 aici, din afara Germaniei","breadcrumb":{"@id":"https:\/\/jackpotlotteryonline.com\/buy-tickets\/lotto-germany\/#breadcrumb"},"inLanguage":"ro-RO","potentialAction":[{"@type":"ReadAction","target":["https:\/\/jackpotlotteryonline.com\/buy-tickets\/lotto-germany\/"]}]},{"@type":"ImageObject","inLanguage":"ro-RO","@id":"https:\/\/jackpotlotteryonline.com\/buy-tickets\/lotto-germany\/#primaryimage","url":"https:\/\/jackpotlotteryonline.com\/wp-content\/uploads\/2022\/11\/2_ticket_euromillions3-1-111x300.jpg","contentUrl":"https:\/\/jackpotlotteryonline.com\/wp-content\/uploads\/2022\/11\/2_ticket_euromillions3-1-111x300.jpg"},{"@type":"BreadcrumbList","@id":"https:\/\/jackpotlotteryonline.com\/buy-tickets\/lotto-germany\/#breadcrumb","itemListElement":[{"@type":"ListItem","position":1,"name":"Home","item":"https:\/\/jackpotlotteryonline.com\/ro\/"},{"@type":"ListItem","position":2,"name":"Cum s\u0103 cump\u0103ra\u021bi bilete de loterie online","item":"https:\/\/jackpotlotteryonline.com\/buy-tickets\/"},{"@type":"ListItem","position":3,"name":"Cumpara bilete pentru Loto Germania"}]},{"@type":"WebSite","@id":"https:\/\/jackpotlotteryonline.com\/#website","url":"https:\/\/jackpotlotteryonline.com\/","name":"Lotto Online - Crack The International Lottery Jackpots","description":"","potentialAction":[{"@type":"SearchAction","target":{"@type":"EntryPoint","urlTemplate":"https:\/\/jackpotlotteryonline.com\/?s={search_term_string}"},"query-input":"required name=search_term_string"}],"inLanguage":"ro-RO"}]}},"_links":{"self":[{"href":"https:\/\/jackpotlotteryonline.com\/ro\/wp-json\/wp\/v2\/pages\/36691","targetHints":{"allow":["GET"]}}],"collection":[{"href":"https:\/\/jackpotlotteryonline.com\/ro\/wp-json\/wp\/v2\/pages"}],"about":[{"href":"https:\/\/jackpotlotteryonline.com\/ro\/wp-json\/wp\/v2\/types\/page"}],"author":[{"embeddable":true,"href":"https:\/\/jackpotlotteryonline.com\/ro\/wp-json\/wp\/v2\/users\/1"}],"replies":[{"embeddable":true,"href":"https:\/\/jackpotlotteryonline.com\/ro\/wp-json\/wp\/v2\/comments?post=36691"}],"version-history":[{"count":0,"href":"https:\/\/jackpotlotteryonline.com\/ro\/wp-json\/wp\/v2\/pages\/36691\/revisions"}],"up":[{"embeddable":true,"href":"https:\/\/jackpotlotteryonline.com\/ro\/wp-json\/wp\/v2\/pages\/35774"}],"wp:attachment":[{"href":"https:\/\/jackpotlotteryonline.com\/ro\/wp-json\/wp\/v2\/media?parent=36691"}],"curies":[{"name":"wp","href":"https:\/\/api.w.org\/{rel}","templated":true}]}}