{"id":36745,"date":"2022-11-08T12:48:44","date_gmt":"2022-11-08T12:48:44","guid":{"rendered":"https:\/\/jackpotlotteryonline.com\/?page_id=36745"},"modified":"2022-12-21T15:39:37","modified_gmt":"2022-12-21T15:39:37","slug":"la-primitiva","status":"publish","type":"page","link":"https:\/\/jackpotlotteryonline.com\/ro\/cumpara-bilete\/la-primitiva\/","title":{"rendered":"Cumpara bilete La Primitiva"},"content":{"rendered":"<h2>La Primitiva Online<\/h2>\n<p>Loteriile spaniole au captat \u00eentotdeauna imagina\u021bia multora, iar La Primitiva nu face excep\u021bie. \u0218i acum pute\u021bi <strong>cump\u0103ra un bilet pentru La Primitiva online din afara Spaniei.<\/strong> Anterior, La Primitiva era limitat\u0103 doar la cet\u0103\u021benii spanioli, \u00eens\u0103, odat\u0103 cu r\u0103sp\u00e2ndirea comunica\u021biilor, a trecut la urm\u0103toarea genera\u021bie \u0219i este oferit\u0103 tuturor celor cu v\u00e2rsta de peste 18 ani.<\/p>\n<p>Prin intermediul site-ului nostru, Loteria La Primitiva poate fi acum jucat\u0103 online. Este una dintre cele mai importante loterii europene \u0219i vine cu premii masive.<\/p>\n<p>Dac\u0103 dori\u021bi s\u0103 cump\u0103ra\u021bi un bilet pentru loto La Primitiva online \u0219i locui\u021bi \u00een afara Spaniei, singura op\u021biune pe care o ave\u021bi ar fi s\u0103 \u00eel cump\u0103ra\u021bi de la noi. Av\u00e2nd mul\u021bi clien\u021bi din \u00eentreaga lume, v\u0103 oferim cele mai bune servicii, care includ cump\u0103rarea biletului la La Primitiva \u00een numele dumneavoastr\u0103, ajut\u00e2ndu-v\u0103 la selectarea numerelor \u0219i asigur\u00e2ndu-ne c\u0103 premiul \u00een bani v\u0103 este livrat \u00een siguran\u021b\u0103.<\/p>\n<section class=\"layout\" style=\"border: solid 1px; width: 100%;\">\n<div class=\"img-div\" style=\"margin-top: 5px;\"><img decoding=\"async\" class=\"wp-image-17212 alignleft\" style=\"height: 45px; margin: 8px 8px 0px;\" src=\"https:\/\/jackpotlotteryonline.com\/wp-content\/uploads\/2022\/11\/read1.jpg\" alt=\"cite\u0219te\" width=\"\" height=\"\" \/><\/div>\n<div style=\"padding-left: 5px;\">\n<div style=\"font-size: 1.1em;\">\n<p><strong>Care este secretul succesului la loto?<\/strong><\/p>\n<p style=\"font-size: 0.85em; margin-top: -1.5em;\">Cum s\u0103 juca\u021bi cu succes la loto\u00a0\u00a0<a href=\"https:\/\/jackpotlotteryonline.com\/ro\/care-este-secretul-succesului-la-loto\"> cite\u0219te mai mult<\/a><\/p>\n<\/div>\n<\/div>\n<\/section>\n<h2>De ce s\u0103 juca\u021bi La Primitiva online<\/h2>\n<p><a href=\"https:\/\/jackpotlotteryonline.com\/ro\/numere-castigatoare\/la-primitiva\">La Primitiva Online extrage<\/a> de trei ori pe s\u0103pt\u0103m\u00e2n\u0103. Acest lucru ofer\u0103 timp pentru ca jackpoturile s\u0103 creasc\u0103 rapid. \u00cen acela\u0219i timp, \u0219ansele de c\u00e2\u0219tig sunt destul de bune, chiar \u0219i pentru nivelurile superioare ale premiilor. Fiecare fan al loteriei care particip\u0103 la La Primitiva Online are \u0219anse de 1 la 6 de a c\u00e2\u0219tiga un premiu \u00een bani.<\/p>\n<h2>La Primitiva vs El Gordo vs Loteria spaniol\u0103 de Cr\u0103ciun<\/h2>\n<p>De departe una dintre cele mai mari loterii \u00een ceea ce prive\u0219te premiile oferite, La Primitiva este una dintre cele mai c\u0103utate dintre numeroasele loterii la care pute\u021bi <a href=\"https:\/\/jackpotlotteryonline.com\/ro\/cum-se-joaca\/la-primitiva-2\">juca pe site-ul nostru<\/a>. Nu exist\u0103 niciun motiv s\u0103 v\u0103 pierde\u021bi speran\u021ba sau oportunitatea, chiar dac\u0103 nu locui\u021bi \u00een Spania. Pute\u021bi juca de oriunde din lume dac\u0103 ave\u021bi peste 18 ani.<\/p>\n<p>El Gordo este o loterie cu totul diferit\u0103, dar o pute\u021bi juca \u0219i pe site-ul nostru. El Gordo extrage doar o dat\u0103 pe s\u0103pt\u0103m\u00e2n\u0103, duminica.<\/p>\n<p>Pe l\u00e2ng\u0103 extragerile s\u0103pt\u0103m\u00e2nale obi\u0219nuite ale La Primitiva \u0219i El Gordo, exist\u0103 \u0219i edi\u021bia de Cr\u0103ciun a El Gordo, extras\u0103 o singur\u0103 dat\u0103 pe an, pe 22 decembrie.<\/p>\n","protected":false},"excerpt":{"rendered":"<p>La Primitiva Online Loteriile spaniole au captat \u00eentotdeauna imagina\u021bia multora, iar La Primitiva nu face excep\u021bie. \u0218i acum pute\u021bi cump\u0103ra un bilet pentru La Primitiva online din afara Spaniei. Anterior, La Primitiva era limitat\u0103 doar la cet\u0103\u021benii spanioli, \u00eens\u0103, odat\u0103 cu r\u0103sp\u00e2ndirea comunica\u021biilor, a trecut la urm\u0103toarea genera\u021bie \u0219i este oferit\u0103 tuturor celor cu v\u00e2rsta [&hellip;]<\/p>\n","protected":false},"author":1,"featured_media":0,"parent":35774,"menu_order":7,"comment_status":"closed","ping_status":"closed","template":"la-primitiva-info.php","meta":{"_et_pb_use_builder":"","_et_pb_old_content":"","_et_gb_content_width":"","exclude_from_search":false,"footnotes":""},"class_list":["post-36745","page","type-page","status-publish","hentry"],"yoast_head":"<!-- This site is optimized with the Yoast SEO plugin v23.3 - https:\/\/yoast.com\/wordpress\/plugins\/seo\/ -->\n<title>Cump\u0103ra\u021bi bilet pentru La Primitiva Lotto Online \u0219i din afara Spaniei<\/title>\n<meta name=\"description\" content=\"Cump\u0103ra\u021bi bilete pentru La Primitiva Lotto din afara Spaniei, \u00eencruci\u0219a\u021bi-v\u0103 degetele, a\u0219tepta\u021bi \u0219i face\u021bi un mare c\u00e2\u0219tig!\" \/>\n<meta name=\"robots\" content=\"index, follow, max-snippet:-1, max-image-preview:large, max-video-preview:-1\" \/>\n<link rel=\"canonical\" href=\"https:\/\/jackpotlotteryonline.com\/ro\/cumpara-bilete\/la-primitiva\/\" \/>\n<meta property=\"og:locale\" content=\"ro_RO\" \/>\n<meta property=\"og:type\" content=\"article\" \/>\n<meta property=\"og:title\" content=\"Cump\u0103ra\u021bi bilet pentru La Primitiva Lotto Online \u0219i din afara Spaniei\" \/>\n<meta property=\"og:description\" content=\"Cump\u0103ra\u021bi bilete pentru La Primitiva Lotto din afara Spaniei, \u00eencruci\u0219a\u021bi-v\u0103 degetele, a\u0219tepta\u021bi \u0219i face\u021bi un mare c\u00e2\u0219tig!\" \/>\n<meta property=\"og:url\" content=\"https:\/\/jackpotlotteryonline.com\/ro\/cumpara-bilete\/la-primitiva\/\" \/>\n<meta property=\"og:site_name\" content=\"Lotto Online - Crack The International Lottery Jackpots\" \/>\n<meta property=\"article:modified_time\" content=\"2022-12-21T15:39:37+00:00\" \/>\n<meta property=\"og:image\" content=\"https:\/\/jackpotlotteryonline.com\/wp-content\/uploads\/2022\/11\/read1.jpg\" \/>\n<meta name=\"twitter:card\" content=\"summary_large_image\" \/>\n<meta name=\"twitter:label1\" content=\"Timp estimat pentru citire\" \/>\n\t<meta name=\"twitter:data1\" content=\"2 minute\" \/>\n<!-- \/ Yoast SEO plugin. -->","yoast_head_json":{"title":"Cump\u0103ra\u021bi bilet pentru La Primitiva Lotto Online \u0219i din afara Spaniei","description":"Cump\u0103ra\u021bi bilete pentru La Primitiva Lotto din afara Spaniei, \u00eencruci\u0219a\u021bi-v\u0103 degetele, a\u0219tepta\u021bi \u0219i face\u021bi un mare c\u00e2\u0219tig!","robots":{"index":"index","follow":"follow","max-snippet":"max-snippet:-1","max-image-preview":"max-image-preview:large","max-video-preview":"max-video-preview:-1"},"canonical":"https:\/\/jackpotlotteryonline.com\/ro\/cumpara-bilete\/la-primitiva\/","og_locale":"ro_RO","og_type":"article","og_title":"Cump\u0103ra\u021bi bilet pentru La Primitiva Lotto Online \u0219i din afara Spaniei","og_description":"Cump\u0103ra\u021bi bilete pentru La Primitiva Lotto din afara Spaniei, \u00eencruci\u0219a\u021bi-v\u0103 degetele, a\u0219tepta\u021bi \u0219i face\u021bi un mare c\u00e2\u0219tig!","og_url":"https:\/\/jackpotlotteryonline.com\/ro\/cumpara-bilete\/la-primitiva\/","og_site_name":"Lotto Online - Crack The International Lottery Jackpots","article_modified_time":"2022-12-21T15:39:37+00:00","og_image":[{"url":"https:\/\/jackpotlotteryonline.com\/wp-content\/uploads\/2022\/11\/read1.jpg"}],"twitter_card":"summary_large_image","twitter_misc":{"Timp estimat pentru citire":"2 minute"},"schema":{"@context":"https:\/\/schema.org","@graph":[{"@type":"WebPage","@id":"https:\/\/jackpotlotteryonline.com\/ro\/cumpara-bilete\/la-primitiva\/","url":"https:\/\/jackpotlotteryonline.com\/ro\/cumpara-bilete\/la-primitiva\/","name":"Cump\u0103ra\u021bi bilet pentru La Primitiva Lotto Online \u0219i din afara Spaniei","isPartOf":{"@id":"https:\/\/jackpotlotteryonline.com\/#website"},"primaryImageOfPage":{"@id":"https:\/\/jackpotlotteryonline.com\/ro\/cumpara-bilete\/la-primitiva\/#primaryimage"},"image":{"@id":"https:\/\/jackpotlotteryonline.com\/ro\/cumpara-bilete\/la-primitiva\/#primaryimage"},"thumbnailUrl":"https:\/\/jackpotlotteryonline.com\/wp-content\/uploads\/2022\/11\/read1.jpg","datePublished":"2022-11-08T12:48:44+00:00","dateModified":"2022-12-21T15:39:37+00:00","description":"Cump\u0103ra\u021bi bilete pentru La Primitiva Lotto din afara Spaniei, \u00eencruci\u0219a\u021bi-v\u0103 degetele, a\u0219tepta\u021bi \u0219i face\u021bi un mare c\u00e2\u0219tig!","breadcrumb":{"@id":"https:\/\/jackpotlotteryonline.com\/ro\/cumpara-bilete\/la-primitiva\/#breadcrumb"},"inLanguage":"ro-RO","potentialAction":[{"@type":"ReadAction","target":["https:\/\/jackpotlotteryonline.com\/ro\/cumpara-bilete\/la-primitiva\/"]}]},{"@type":"ImageObject","inLanguage":"ro-RO","@id":"https:\/\/jackpotlotteryonline.com\/ro\/cumpara-bilete\/la-primitiva\/#primaryimage","url":"https:\/\/jackpotlotteryonline.com\/wp-content\/uploads\/2022\/11\/read1.jpg","contentUrl":"https:\/\/jackpotlotteryonline.com\/wp-content\/uploads\/2022\/11\/read1.jpg"},{"@type":"BreadcrumbList","@id":"https:\/\/jackpotlotteryonline.com\/ro\/cumpara-bilete\/la-primitiva\/#breadcrumb","itemListElement":[{"@type":"ListItem","position":1,"name":"Home","item":"https:\/\/jackpotlotteryonline.com\/ro\/"},{"@type":"ListItem","position":2,"name":"Cum s\u0103 cump\u0103ra\u021bi bilete de loterie online","item":"https:\/\/jackpotlotteryonline.com\/buy-tickets\/"},{"@type":"ListItem","position":3,"name":"Cumpara bilete La Primitiva"}]},{"@type":"WebSite","@id":"https:\/\/jackpotlotteryonline.com\/#website","url":"https:\/\/jackpotlotteryonline.com\/","name":"Lotto Online - Crack The International Lottery Jackpots","description":"","potentialAction":[{"@type":"SearchAction","target":{"@type":"EntryPoint","urlTemplate":"https:\/\/jackpotlotteryonline.com\/?s={search_term_string}"},"query-input":"required name=search_term_string"}],"inLanguage":"ro-RO"}]}},"_links":{"self":[{"href":"https:\/\/jackpotlotteryonline.com\/ro\/wp-json\/wp\/v2\/pages\/36745","targetHints":{"allow":["GET"]}}],"collection":[{"href":"https:\/\/jackpotlotteryonline.com\/ro\/wp-json\/wp\/v2\/pages"}],"about":[{"href":"https:\/\/jackpotlotteryonline.com\/ro\/wp-json\/wp\/v2\/types\/page"}],"author":[{"embeddable":true,"href":"https:\/\/jackpotlotteryonline.com\/ro\/wp-json\/wp\/v2\/users\/1"}],"replies":[{"embeddable":true,"href":"https:\/\/jackpotlotteryonline.com\/ro\/wp-json\/wp\/v2\/comments?post=36745"}],"version-history":[{"count":0,"href":"https:\/\/jackpotlotteryonline.com\/ro\/wp-json\/wp\/v2\/pages\/36745\/revisions"}],"up":[{"embeddable":true,"href":"https:\/\/jackpotlotteryonline.com\/ro\/wp-json\/wp\/v2\/pages\/35774"}],"wp:attachment":[{"href":"https:\/\/jackpotlotteryonline.com\/ro\/wp-json\/wp\/v2\/media?parent=36745"}],"curies":[{"name":"wp","href":"https:\/\/api.w.org\/{rel}","templated":true}]}}