{"id":36800,"date":"2022-11-09T07:15:20","date_gmt":"2022-11-09T07:15:20","guid":{"rendered":"https:\/\/jackpotlotteryonline.com\/?page_id=36800"},"modified":"2023-01-03T21:42:20","modified_gmt":"2023-01-03T21:42:20","slug":"lotto-france","status":"publish","type":"page","link":"https:\/\/jackpotlotteryonline.com\/ro\/cumpara-bilete\/lotto-france\/","title":{"rendered":"Cump\u0103ra\u021bi bilete la Loto Fran\u021ba"},"content":{"rendered":"<p>Pute\u021bi cump\u0103ra bilete la Loto Fran\u021ba din afara \u021b\u0103rii europene? Poate sunte\u021bi un parior experimentat sau un \u00eencep\u0103tor \u0219i v\u0103 \u00eentreba\u021bi de ce v-ar interesa aceast\u0103 loterie anume. V\u0103 vom \u00eemp\u0103rt\u0103\u0219i c\u00e2teva motive pentru care credem c\u0103 Loteria Na\u021bional\u0103 a Fran\u021bei este un joc excelent de jucat. Dac\u0103 sunte\u021bi un juc\u0103tor din alt\u0103 parte a lumii, ve\u021bi descoperi cum s\u0103 achizi\u021biona\u021bi intr\u0103ri la aceast\u0103 loterie, de asemenea.<\/p>\n<p>Loteria este un joc de noroc \u0219i, uneori, s-ar putea s\u0103 fie nevoie s\u0103 v\u0103 \u00eentinde\u021bi plasa pentru a prinde pe\u0219ti mai mari. Practic, acest lucru \u00eenseamn\u0103 s\u0103 explora\u021bi alte loterii pentru a v\u0103 putea cre\u0219te \u0219ansele de c\u00e2\u0219tig. Loteria francez\u0103 este o loterie bun\u0103 de \u00eencercat din multe motive \u0219i le vom aborda \u00een acest articol.<\/p>\n<h2>Sumele uimitoare ale jackpotului<\/h2>\n<p>Numit\u0103 \u0219i France Lotto sau, pe scurt, doar Loto, loteria francez\u0103 are jackpoturi foarte atractive, care atrag juc\u0103tori din \u00eentreaga lume. Cu o sum\u0103 de pornire de 2 milioane de euro, jackpot-ul are poten\u021bialul de a cre\u0219te mult mai mult dac\u0103 nu este c\u00e2\u0219tigat dup\u0103 fiecare extragere.<\/p>\n<p>Jackpotul loteriei franceze se rostogole\u0219te atunci c\u00e2nd nu exist\u0103 niciun c\u00e2\u0219tig\u0103tor \u0219i continu\u0103 s\u0103 creasc\u0103 p\u00e2n\u0103 c\u00e2nd ajunge la o sum\u0103 substan\u021bial\u0103. Atunci c\u00e2nd juca\u021bi la aceast\u0103 loterie european\u0103, a\u021bi putea fi c\u00e2\u0219tig\u0103torul unui jackpot de 11 milioane de euro sau mai mult.<\/p>\n<p>Pentru context, jackpotul cre\u0219te cu 1 milion de euro dup\u0103 fiecare extragere \u0219i poate cre\u0219te de 34 de ori consecutiv \u00eenainte de a nu se mai rostogoli. \u00cencerca\u021bi s\u0103 v\u0103 imagina\u021bi la c\u00e2t de mult s-ar putea aduna totul, \u0219i destul de repede, de asemenea.<\/p>\n<h2>Mai multe extrageri pe s\u0103pt\u0103m\u00e2n\u0103<\/h2>\n<p>Motivul pentru care premiul jackpot cre\u0219te at\u00e2t de repede este num\u0103rul de extrageri pe care \u00eel are. <a href=\"https:\/\/jackpotlotteryonline.com\/ro\/numere-castigatoare\/france-lotto-2\">Loteria francez\u0103 are trei extrageri \u00eentr-o s\u0103pt\u0103m\u00e2n\u0103<\/a>, oferindu-le juc\u0103torilor mai multe \u0219anse de a c\u00e2\u0219tiga mult. Extragerile au loc \u00een zilele de luni, miercuri \u0219i s\u00e2mb\u0103t\u0103.<\/p>\n<p>Dac\u0103 v\u0103 decide\u021bi s\u0103 participa\u021bi la aceast\u0103 loterie, v\u0103 recomand\u0103m s\u0103 participa\u021bi la mai multe extrageri, deoarece aceasta este o modalitate excelent\u0103 de a v\u0103 cre\u0219te \u0219ansele de c\u00e2\u0219tig.<\/p>\n<h2>10 categorii de premii diferite<\/h2>\n<p><img loading=\"lazy\" decoding=\"async\" class=\"alignright size-full wp-image-30344\" src=\"http:\/\/jackpotlotteryonline.com\/wp-content\/uploads\/2022\/11\/1_winning_numbers_euromillions.jpg\" alt=\"Fran\u021ba loterie categoria de premii\" width=\"300\" height=\"300\" srcset=\"https:\/\/jackpotlotteryonline.com\/wp-content\/uploads\/2022\/11\/1_winning_numbers_euromillions.jpg 300w, https:\/\/jackpotlotteryonline.com\/wp-content\/uploads\/2022\/11\/1_winning_numbers_euromillions-100x100.jpg 100w, https:\/\/jackpotlotteryonline.com\/wp-content\/uploads\/2022\/11\/1_winning_numbers_euromillions-150x150.jpg 150w\" sizes=\"auto, (max-width: 300px) 100vw, 300px\" \/><\/p>\n<p>Premiul jackpot este atractiv, dar acesta nu este singurul lucru pe care \u00eel pute\u021bi c\u00e2\u0219tiga atunci c\u00e2nd juca\u021bi <a href=\"https:\/\/jackpotlotteryonline.com\/ro\/cum-se-joaca\/france-lotto\">la loto francez<\/a>. Aceast\u0103 loterie, care a fost \u00eenfiin\u021bat\u0103 \u00een 1978, are zece categorii de premii diferite. Exist\u0103 chiar \u0219i un premiu pentru potrivirea num\u0103rului de noroc.<\/p>\n<p>Categoriile de premii sunt enumerate mai jos.<\/p>\n<p>Potrivi\u021bi 5 numere + num\u0103r de noroc &#8211; Jackpot<br \/>\nPotrivire doar a 5 numere &#8211; 8,44% din fondul de premiere<br \/>\nPotrive\u0219te 4 numere + num\u0103r de noroc &#8211; 2,06% din fondul de premiere<br \/>\nPotrive\u0219te doar 4 numere &#8211; 7,43% din fondul de premiere<br \/>\nPotrive\u0219te 3 numere + num\u0103r Chance &#8211; 4,44% din fondul de premiere<br \/>\nDoar 3 numere &#8211; 15,98% din fondul de premiere<br \/>\nPotrivire 2 numere + num\u0103r Chance &#8211; 12.43% din fondul de premiere<br \/>\nDoar 2 numere &#8211; 49,22% din fondul de premiere<br \/>\nMeciul 1 num\u0103r + num\u0103r Chance &#8211; 2,20 \u20ac.<br \/>\nDoar num\u0103rul Chance &#8211; 2,20 \u20ac.<\/p>\n<h2>U\u0219or de jucat offline \u0219i online<\/h2>\n<p>Un alt motiv pentru a v\u0103 g\u00e2ndi s\u0103 juca\u021bi la loteria francez\u0103 este faptul c\u0103 este destul de u\u0219or s\u0103 participa\u021bi la loterie. Dac\u0103 locui\u021bi \u00een Fran\u021ba, intrarea la loterie este la fel de simpl\u0103 ca \u0219i cum a\u021bi merge la un v\u00e2nz\u0103tor de loterie \u00eenregistrat pentru a cump\u0103ra un talon de loterie. Pe talon, ave\u021bi posibilitatea de a alege 5 numere principale \u0219i un num\u0103r de noroc. Pute\u021bi alege mai multe r\u00e2nduri de numere pentru a v\u0103 m\u0103ri \u0219ansele de a c\u00e2\u0219tiga la loterie.<\/p>\n<p>Cu toate acestea, dac\u0103 locui\u021bi \u00een afara Fran\u021bei, participarea la loterie este mai pu\u021bin simpl\u0103. Nu pute\u021bi intra \u00eentr-un magazin pentru a cump\u0103ra bilete de loterie pentru aceast\u0103 loterie, a\u0219a c\u0103 op\u021biunea este s\u0103 cump\u0103ra\u021bi bilete online. Dac\u0103 participa\u021bi la loterie prin intermediul internetului, se aplic\u0103 acela\u0219i principiu. Adic\u0103, alege\u021bi 5 numere principale \u0219i un num\u0103r de noroc.<\/p>\n<p>Indiferent dac\u0103 juca\u021bi la loto offline sau online, trebuie s\u0103 alege\u021bi num\u0103rul de extrageri la care dori\u021bi s\u0103 participa\u021bi. La finalul extragerilor, biletul care se potrive\u0219te cu numerele extrase c\u00e2\u0219tig\u0103 loteria.<\/p>\n<section class=\"layout\" style=\"border: solid 1px; width: 100%;\">\n<div class=\"img-div\" style=\"margin-top: 5px;\"><img decoding=\"async\" class=\"wp-image-17212 alignleft\" style=\"height: 45px; margin: 8px 8px 0px;\" src=\"http:\/\/jackpotlotteryonline.com\/wp-content\/uploads\/2022\/11\/read1.jpg\" alt=\"cite\u0219te\" width=\"\" height=\"\" \/><\/div>\n<div style=\"padding-left: 5px;\">\n<div style=\"font-size: 1.1em;\">\n<p><strong>Urm\u0103ri\u021bi numerele de loterie extrase \u00een direct<\/strong><\/p>\n<p style=\"font-size: 0.85em; margin-top: -1.5em;\">Cum s\u0103 urm\u0103re\u0219ti \u00een direct extragerile loteriilor tale preferate\u00a0 <a href=\"https:\/\/jackpotlotteryonline.com\/ro\/urmariti-numerele-de-loterie-extrase-in-direct\"> cite\u0219te mai mult<\/a><\/p>\n<\/div>\n<\/div>\n<\/section>\n<h2>Juca\u021bi la Loto Francez\u0103 cu jackpotlotteryonline.com<\/h2>\n<p>Dac\u0103 sunte\u021bi nou \u00een a juca la loto prin internet, lucrurile ar putea deveni foarte confuze foarte repede. Cum faci s\u0103 sortezi prin toate site-urile diferite care pretind c\u0103 v\u00e2nd bilete de loterie la v\u00e2nz\u0103tori autentici? Este simplu. C\u0103uta\u021bi un site care ofer\u0103 servicii de concierge.<\/p>\n<p>La jackpotlotteryoneline.com oferim servicii de concierge clien\u021bilor no\u0219tri pentru a ne asigura c\u0103 ace\u0219tia au acces la loteriile pe care le aleg. Atunci c\u00e2nd achizi\u021biona\u021bi o intrare pe site-ul nostru, agen\u021bii no\u0219tri din Fran\u021ba vor cump\u0103ra buletine fizice cu num\u0103rul ales de dumneavoastr\u0103.<\/p>\n<p>Motivul pentru aceasta este de a ne asigura c\u0103 nu paria\u021bi doar pe rezultatul loteriei, ci c\u0103 \u00eentr-adev\u0103r participa\u021bi la extrageri pentru a avea \u0219ansa de a c\u00e2\u0219tiga jackpotul.<\/p>\n<h2>Sfaturi pentru a-\u021bi cre\u0219te \u0219ansele de c\u00e2\u0219tig<\/h2>\n<p><img loading=\"lazy\" decoding=\"async\" class=\"alignright size-full wp-image-35051\" src=\"http:\/\/jackpotlotteryonline.com\/wp-content\/uploads\/2022\/11\/2_ticket_saturday_lotto_au-1-166x300-1.jpg\" alt=\"Fran\u021ba loterie bilet de loterie\" width=\"166\" height=\"300\" \/><\/p>\n<p>Loteria este un joc de numere. Cu c\u00e2t joci mai mult, cu at\u00e2t cresc \u0219ansele de c\u00e2\u0219tig. Un procent mare de c\u00e2\u0219tig\u0103tori la loto au dezv\u0103luit c\u0103 au jucat timp de mai mul\u021bi ani \u00eenainte de a c\u00e2\u0219tiga. A\u0219adar, iat\u0103 c\u00e2teva modalit\u0103\u021bi prin care v\u0103 pute\u021bi cre\u0219te \u0219ansele de a c\u00e2\u0219tiga la loto.<\/p>\n<ul>\n<li>Achizi\u021biona\u021bi mai multe intr\u0103ri la loterie. Acest lucru pare at\u00e2t de evident, dar exist\u0103 persoane care achizi\u021bioneaz\u0103 o singur\u0103 intrare pentru o singur\u0103 extragere \u0219i apoi se simt dezam\u0103gite pentru c\u0103 nu au c\u00e2\u0219tigat. Dac\u0103 dori\u021bi s\u0103 v\u0103 cre\u0219te\u021bi \u0219ansele de c\u00e2\u0219tig, trebuie s\u0103 achizi\u021biona\u021bi mai multe intr\u0103ri.<\/li>\n<li>Participa\u021bi \u0219i la mai multe extrageri. Logica este aceea\u0219i pentru extrageri. Cu c\u00e2t participi la mai multe extrageri, cu at\u00e2t cresc \u0219ansele tale de a c\u00e2\u0219tiga mult.<\/li>\n<li>\u00cencerca\u021bi s\u0103 v\u0103 al\u0103tura\u021bi unui sindicat al loteriei. Acesta este un grup de persoane care se adun\u0103 pentru a-\u0219i pune \u00een comun resursele astfel \u00eenc\u00e2t s\u0103 poat\u0103 juca la loterie. Cu resursele puse \u00een comun, ei pot cump\u0103ra mai multe intr\u0103ri \u0219i pot participa la mai multe extrageri. Interesant este c\u0103 multe sindicate de loterie au c\u00e2\u0219tigat jackpoturi incredibile de-a lungul anilor, a\u0219a c\u0103 este o op\u021biune bun\u0103 de \u00eencercat.<\/li>\n<li>Crede\u021bi c\u0103 ve\u021bi c\u00e2\u0219tiga. Legea atrac\u021biei este un lucru \u0219i o mul\u021bime de c\u00e2\u0219tig\u0103tori la loto v-ar spune c\u0103 au avut credin\u021b\u0103 c\u0103 vor c\u00e2\u0219tiga la loterie. Dac\u0103 ave\u021bi de g\u00e2nd s\u0103 petrece\u021bi ceva timp juc\u00e2nd la loto, este o idee bun\u0103 s\u0103 ave\u021bi o credin\u021b\u0103 puternic\u0103 c\u0103 ve\u021bi c\u00e2\u0219tiga.<\/li>\n<li>Nu renun\u021ba\u021bi. Este tentant s\u0103 renun\u021bi atunci c\u00e2nd joci de c\u00e2teva ori f\u0103r\u0103 s\u0103 c\u00e2\u0219tigi. Dar dac\u0103 vrei cu adev\u0103rat s\u0103 c\u00e2\u0219tigi mult, trebuie s\u0103 fii consecvent. Paria\u021bi doar ceea ce v\u0103 pute\u021bi permite.<\/li>\n<li>Nu uita\u021bi s\u0103 v\u0103 distra\u021bi atunci c\u00e2nd juca\u021bi la loto. La sf\u00e2r\u0219itul zilei, este tot un joc \u0219i at\u00e2ta timp c\u00e2t v\u0103 bucura\u021bi de experien\u021b\u0103, atunci merit\u0103.<\/li>\n<\/ul>\n<h2>Cump\u0103ra\u021bi biletele la Loto Francez\u0103 acum<\/h2>\n<p>Dac\u0103 sunte\u021bi entuziasmat de loteria francez\u0103 ca \u0219i noi, atunci este timpul s\u0103 v\u0103 cump\u0103ra\u021bi intrarea la loterie. Din fericire, nu mai conteaz\u0103 unde locui\u021bi, deoarece v\u0103 pute\u021bi cump\u0103ra biletele online.<\/p>\n<p>C\u00e2nd v\u0103 \u00eenregistra\u021bi la noi, nu trebuie s\u0103 v\u0103 face\u021bi griji c\u0103 v\u0103 pierde\u021bi biletele sau c\u0103 uita\u021bi s\u0103 verifica\u021bi rezultatele. Noi ne ocup\u0103m de toate acestea pentru dvs. \u0219i v\u0103 anun\u021b\u0103m de eventualele c\u00e2\u0219tiguri pe care le ave\u021bi. De asemenea, v\u0103 pute\u021bi retrage c\u00e2\u0219tigurile cu u\u0219urin\u021b\u0103 prin intermediul platformei noastre.<\/p>\n<p>Jocul la loto este o experien\u021b\u0103 f\u0103r\u0103 probleme \u0219i f\u0103r\u0103 stres atunci c\u00e2nd joci pe site-ul nostru. Nu \u0219tii niciodat\u0103 dac\u0103 aceasta este ziua \u00een care norocul va fi de partea ta. A\u0219a c\u0103 de ce s\u0103 nu v\u0103 \u00eenregistra\u021bi cu noi ast\u0103zi pentru a cump\u0103ra bilete la loto francez\u0103?<\/p>\n","protected":false},"excerpt":{"rendered":"<p>Pute\u021bi cump\u0103ra bilete la Loto Fran\u021ba din afara \u021b\u0103rii europene? Poate sunte\u021bi un parior experimentat sau un \u00eencep\u0103tor \u0219i v\u0103 \u00eentreba\u021bi de ce v-ar interesa aceast\u0103 loterie anume. V\u0103 vom \u00eemp\u0103rt\u0103\u0219i c\u00e2teva motive pentru care credem c\u0103 Loteria Na\u021bional\u0103 a Fran\u021bei este un joc excelent de jucat. Dac\u0103 sunte\u021bi un juc\u0103tor din alt\u0103 parte a [&hellip;]<\/p>\n","protected":false},"author":1,"featured_media":0,"parent":35774,"menu_order":9,"comment_status":"closed","ping_status":"closed","template":"lotto-fr-info.php","meta":{"_et_pb_use_builder":"","_et_pb_old_content":"","_et_gb_content_width":"","exclude_from_search":false,"footnotes":""},"class_list":["post-36800","page","type-page","status-publish","hentry"],"yoast_head":"<!-- This site is optimized with the Yoast SEO plugin v23.3 - https:\/\/yoast.com\/wordpress\/plugins\/seo\/ -->\n<title>Cump\u0103ra\u021bi bilete la Loto Francez\u0103 din afara Fran\u021bei | Cump\u0103ra\u021bi bilete online la Loto Fran\u021ba<\/title>\n<meta name=\"description\" content=\"Pentru a cump\u0103ra bilete la France Lotto, nu trebuie s\u0103 v\u0103 afla\u021bi \u00een Fran\u021ba. Cump\u0103ra\u021bi-v\u0103 biletele pentru loteria francez\u0103 online aici!\" \/>\n<meta name=\"robots\" content=\"index, follow, max-snippet:-1, max-image-preview:large, max-video-preview:-1\" \/>\n<link rel=\"canonical\" href=\"https:\/\/jackpotlotteryonline.com\/buy-tickets\/lotto-france\/\" \/>\n<meta property=\"og:locale\" content=\"ro_RO\" \/>\n<meta property=\"og:type\" content=\"article\" \/>\n<meta property=\"og:title\" content=\"Cump\u0103ra\u021bi bilete la Loto Francez\u0103 din afara Fran\u021bei | Cump\u0103ra\u021bi bilete online la Loto Fran\u021ba\" \/>\n<meta property=\"og:description\" content=\"Pentru a cump\u0103ra bilete la France Lotto, nu trebuie s\u0103 v\u0103 afla\u021bi \u00een Fran\u021ba. Cump\u0103ra\u021bi-v\u0103 biletele pentru loteria francez\u0103 online aici!\" \/>\n<meta property=\"og:url\" content=\"https:\/\/jackpotlotteryonline.com\/buy-tickets\/lotto-france\/\" \/>\n<meta property=\"og:site_name\" content=\"Lotto Online - Crack The International Lottery Jackpots\" \/>\n<meta property=\"article:modified_time\" content=\"2023-01-03T21:42:20+00:00\" \/>\n<meta property=\"og:image\" content=\"http:\/\/jackpotlotteryonline.com\/wp-content\/uploads\/2022\/11\/1_winning_numbers_euromillions.jpg\" \/>\n<meta name=\"twitter:card\" content=\"summary_large_image\" \/>\n<meta name=\"twitter:label1\" content=\"Timp estimat pentru citire\" \/>\n\t<meta name=\"twitter:data1\" content=\"6 minute\" \/>\n<!-- \/ Yoast SEO plugin. -->","yoast_head_json":{"title":"Cump\u0103ra\u021bi bilete la Loto Francez\u0103 din afara Fran\u021bei | Cump\u0103ra\u021bi bilete online la Loto Fran\u021ba","description":"Pentru a cump\u0103ra bilete la France Lotto, nu trebuie s\u0103 v\u0103 afla\u021bi \u00een Fran\u021ba. Cump\u0103ra\u021bi-v\u0103 biletele pentru loteria francez\u0103 online aici!","robots":{"index":"index","follow":"follow","max-snippet":"max-snippet:-1","max-image-preview":"max-image-preview:large","max-video-preview":"max-video-preview:-1"},"canonical":"https:\/\/jackpotlotteryonline.com\/buy-tickets\/lotto-france\/","og_locale":"ro_RO","og_type":"article","og_title":"Cump\u0103ra\u021bi bilete la Loto Francez\u0103 din afara Fran\u021bei | Cump\u0103ra\u021bi bilete online la Loto Fran\u021ba","og_description":"Pentru a cump\u0103ra bilete la France Lotto, nu trebuie s\u0103 v\u0103 afla\u021bi \u00een Fran\u021ba. Cump\u0103ra\u021bi-v\u0103 biletele pentru loteria francez\u0103 online aici!","og_url":"https:\/\/jackpotlotteryonline.com\/buy-tickets\/lotto-france\/","og_site_name":"Lotto Online - Crack The International Lottery Jackpots","article_modified_time":"2023-01-03T21:42:20+00:00","og_image":[{"url":"http:\/\/jackpotlotteryonline.com\/wp-content\/uploads\/2022\/11\/1_winning_numbers_euromillions.jpg"}],"twitter_card":"summary_large_image","twitter_misc":{"Timp estimat pentru citire":"6 minute"},"schema":{"@context":"https:\/\/schema.org","@graph":[{"@type":"WebPage","@id":"https:\/\/jackpotlotteryonline.com\/buy-tickets\/lotto-france\/","url":"https:\/\/jackpotlotteryonline.com\/buy-tickets\/lotto-france\/","name":"Cump\u0103ra\u021bi bilete la Loto Francez\u0103 din afara Fran\u021bei | Cump\u0103ra\u021bi bilete online la Loto Fran\u021ba","isPartOf":{"@id":"https:\/\/jackpotlotteryonline.com\/#website"},"primaryImageOfPage":{"@id":"https:\/\/jackpotlotteryonline.com\/buy-tickets\/lotto-france\/#primaryimage"},"image":{"@id":"https:\/\/jackpotlotteryonline.com\/buy-tickets\/lotto-france\/#primaryimage"},"thumbnailUrl":"http:\/\/jackpotlotteryonline.com\/wp-content\/uploads\/2022\/11\/1_winning_numbers_euromillions.jpg","datePublished":"2022-11-09T07:15:20+00:00","dateModified":"2023-01-03T21:42:20+00:00","description":"Pentru a cump\u0103ra bilete la France Lotto, nu trebuie s\u0103 v\u0103 afla\u021bi \u00een Fran\u021ba. Cump\u0103ra\u021bi-v\u0103 biletele pentru loteria francez\u0103 online aici!","breadcrumb":{"@id":"https:\/\/jackpotlotteryonline.com\/buy-tickets\/lotto-france\/#breadcrumb"},"inLanguage":"ro-RO","potentialAction":[{"@type":"ReadAction","target":["https:\/\/jackpotlotteryonline.com\/buy-tickets\/lotto-france\/"]}]},{"@type":"ImageObject","inLanguage":"ro-RO","@id":"https:\/\/jackpotlotteryonline.com\/buy-tickets\/lotto-france\/#primaryimage","url":"http:\/\/jackpotlotteryonline.com\/wp-content\/uploads\/2022\/11\/1_winning_numbers_euromillions.jpg","contentUrl":"http:\/\/jackpotlotteryonline.com\/wp-content\/uploads\/2022\/11\/1_winning_numbers_euromillions.jpg"},{"@type":"BreadcrumbList","@id":"https:\/\/jackpotlotteryonline.com\/buy-tickets\/lotto-france\/#breadcrumb","itemListElement":[{"@type":"ListItem","position":1,"name":"Home","item":"https:\/\/jackpotlotteryonline.com\/ro\/"},{"@type":"ListItem","position":2,"name":"Cum s\u0103 cump\u0103ra\u021bi bilete de loterie online","item":"https:\/\/jackpotlotteryonline.com\/buy-tickets\/"},{"@type":"ListItem","position":3,"name":"Cump\u0103ra\u021bi bilete la Loto Fran\u021ba"}]},{"@type":"WebSite","@id":"https:\/\/jackpotlotteryonline.com\/#website","url":"https:\/\/jackpotlotteryonline.com\/","name":"Lotto Online - Crack The International Lottery Jackpots","description":"","potentialAction":[{"@type":"SearchAction","target":{"@type":"EntryPoint","urlTemplate":"https:\/\/jackpotlotteryonline.com\/?s={search_term_string}"},"query-input":"required name=search_term_string"}],"inLanguage":"ro-RO"}]}},"_links":{"self":[{"href":"https:\/\/jackpotlotteryonline.com\/ro\/wp-json\/wp\/v2\/pages\/36800","targetHints":{"allow":["GET"]}}],"collection":[{"href":"https:\/\/jackpotlotteryonline.com\/ro\/wp-json\/wp\/v2\/pages"}],"about":[{"href":"https:\/\/jackpotlotteryonline.com\/ro\/wp-json\/wp\/v2\/types\/page"}],"author":[{"embeddable":true,"href":"https:\/\/jackpotlotteryonline.com\/ro\/wp-json\/wp\/v2\/users\/1"}],"replies":[{"embeddable":true,"href":"https:\/\/jackpotlotteryonline.com\/ro\/wp-json\/wp\/v2\/comments?post=36800"}],"version-history":[{"count":0,"href":"https:\/\/jackpotlotteryonline.com\/ro\/wp-json\/wp\/v2\/pages\/36800\/revisions"}],"up":[{"embeddable":true,"href":"https:\/\/jackpotlotteryonline.com\/ro\/wp-json\/wp\/v2\/pages\/35774"}],"wp:attachment":[{"href":"https:\/\/jackpotlotteryonline.com\/ro\/wp-json\/wp\/v2\/media?parent=36800"}],"curies":[{"name":"wp","href":"https:\/\/api.w.org\/{rel}","templated":true}]}}