{"id":36853,"date":"2022-11-09T09:08:27","date_gmt":"2022-11-09T09:08:27","guid":{"rendered":"https:\/\/jackpotlotteryonline.com\/?page_id=36853"},"modified":"2023-01-04T09:19:04","modified_gmt":"2023-01-04T09:19:04","slug":"lotto-america","status":"publish","type":"page","link":"https:\/\/jackpotlotteryonline.com\/ro\/cumpara-bilete\/lotto-america\/","title":{"rendered":"Loto America bilete online"},"content":{"rendered":"<p>\u00cen martie 2018, o familie a c\u00e2\u0219tigat premiul cel mare de 23 de milioane de dolari la loto America. Acesta este cel mai mare premiu pe care l-a c\u00e2\u0219tigat un juc\u0103tor p\u00e2n\u0103 acum, \u00eens\u0103 a atras aten\u021bia asupra acestei loterii. \u00cenfiin\u021bat\u0103 \u00een 1988 de \u0219apte state americane, mai multe state s-au al\u0103turat loteriei. De-a lungul anilor, aceasta a produs mai mul\u021bi milionari.<\/p>\n<p>Pute\u021bi cump\u0103ra bilete la aceast\u0103 loterie \u00een oricare dintre statele participante. Interesant este c\u0103 aceasta nu este singura loterie din SUA, dar a atras \u00een mod constant juc\u0103tori de pretutindeni. Dac\u0103 sunte\u021bi un juc\u0103tor din afara Americii de Nord, poate v\u0103 \u00eentreba\u021bi cum s\u0103 cump\u0103ra\u021bi bilete la aceast\u0103 loterie.<\/p>\n<p>Noi v\u0103 vom ghida pentru a <a href=\"https:\/\/jackpotlotteryonline.com\/ro\/cum-se-joaca\/lotto-america-2\">juca cu succes la aceast\u0103 loterie din afara Statelor Unite.<\/a> De asemenea, vom face tot posibilul s\u0103 r\u0103spundem la toate \u00eentreb\u0103rile pe care le ave\u021bi despre Lotto America \u0219i despre cum s\u0103 participa\u021bi la loterie.<\/p>\n<h2>Cum func\u021bioneaz\u0103 loteria?<\/h2>\n<p><img loading=\"lazy\" decoding=\"async\" class=\"size-full wp-image-29993 alignright\" src=\"http:\/\/jackpotlotteryonline.com\/wp-content\/uploads\/2022\/11\/1_win_lottery_usa_online.jpg\" alt=\"Bilete Lotto America online\" width=\"300\" height=\"200\" \/><\/p>\n<p>La fel ca majoritatea jocurilor de loterie, acesta este un joc de numere \u00een mai multe feluri dec\u00e2t unul. Este un joc al numerelor \u00een sensul c\u0103 juc\u0103torii nu au \u0219anse mari de c\u00e2\u0219tig. Dar asta este loteria \u0219i nu se poate spune c\u00e2nd norocul va favoriza un juc\u0103tor. Este, de asemenea, un joc al numerelor prin modul \u00een care se joac\u0103.<\/p>\n<p>Pentru aceast\u0103 loterie american\u0103, juc\u0103torii trebuie s\u0103 aleag\u0103 cinci numere principale \u00eentre 1 \u0219i 52. De asemenea, va trebui s\u0103 aleag\u0103 un num\u0103r Star Ball \u00eentre 1 \u0219i 10. Asta \u00eenseamn\u0103 un total de 6 numere. Dac\u0103 nu sunte\u021bi sigur de numerele pe care trebuie s\u0103 le alege\u021bi, pute\u021bi folosi un selector automat pentru a face acest lucru mai rapid. De asemenea, pute\u021bi alege mai multe linii de numere pentru a v\u0103 cre\u0219te \u0219ansele de c\u00e2\u0219tig.<\/p>\n<p>Apoi, selecta\u021bi c\u00e2te extrageri dori\u021bi s\u0103 participa\u021bi. Aceast\u0103 loterie american\u0103 organizeaz\u0103 trei extrageri pe s\u0103pt\u0103m\u00e2n\u0103, \u00een zilele de luni, miercuri \u0219i s\u00e2mb\u0103t\u0103. V\u0103 pute\u021bi \u00eenscrie la mai multe extrageri.<\/p>\n<h2>Juc\u00e2nd la All Star Bonus<\/h2>\n<p>All Star Bonus este o modalitate de a v\u0103 multiplica c\u00e2\u0219tigurile. Atunci c\u00e2nd v\u0103 alege\u021bi numerele, pute\u021bi include bonusul All Star pentru o tax\u0103 suplimentar\u0103. Acest lucru este deosebit de util pentru cei care c\u00e2\u0219tig\u0103 premii la celelalte categorii, deoarece poate cre\u0219te semnificativ ceea ce duc acas\u0103.<\/p>\n<p>Bonusul All Star este ales la \u00eent\u00e2mplare \u0219i anun\u021bat \u00een <a href=\"https:\/\/jackpotlotteryonline.com\/ro\/numere-castigatoare\/lotto-america\">ziua extragerii<\/a>. Re\u021bine\u021bi c\u0103 nu \u00eel pute\u021bi include dup\u0103 ce a\u021bi f\u0103cut deja achizi\u021bia. Acesta trebuie inclus odat\u0103 cu achizi\u021bionarea biletului.<\/p>\n<section class=\"layout\" style=\"border: solid 1px; width: 100%;\">\n<div class=\"img-div\" style=\"margin-top: 5px;\"><img decoding=\"async\" class=\"wp-image-17212 alignleft\" style=\"height: 45px; margin: 8px 8px 0px;\" src=\"http:\/\/jackpotlotteryonline.com\/wp-content\/uploads\/2022\/11\/read1.jpg\" alt=\"cite\u0219te\" width=\"\" height=\"\" \/><\/div>\n<div style=\"padding-left: 5px;\">\n<div style=\"font-size: 1.1em;\">\n<p><strong>C\u00e2\u021biva c\u00e2\u0219tig\u0103tori la loto au dat \u00eenapoi comunit\u0103\u021bii<\/strong><\/p>\n<p style=\"font-size: 0.85em; margin-top: -1.5em;\">C\u00e2teva pove\u0219ti interesante \u0219i \u00eenduio\u0219\u0103toare despre c\u00e2\u0219tig\u0103tori la loto care dau \u00eenapoi\u00a0<a href=\"https:\/\/jackpotlotteryonline.com\/ro\/povesti-despre-castigatorii-loteriei-care-dau-inapoi\"> ziua extragerii.<\/a><\/p>\n<\/div>\n<\/div>\n<\/section>\n<h2>C\u00e2\u0219tigarea Jackpot-ului<\/h2>\n<p>Jackpotul \u00eencepe de la 2 milioane de dolari. Dac\u0103 nu exist\u0103 niciun c\u00e2\u0219tig\u0103tor dup\u0103 o extragere, acesta se reporteaz\u0103 la urm\u0103toarea extragere. Acesta continu\u0103 s\u0103 se rostogoleasc\u0103 p\u00e2n\u0103 c\u00e2nd ajunge la 10 milioane de dolari. Dup\u0103 cum am men\u021bionat la \u00eenceput, poate dep\u0103\u0219i cu mult 10 milioane de dolari.<\/p>\n<p>Este util s\u0103 re\u021bine\u021bi c\u0103 jackpotul nu este singurul premiu pe care un juc\u0103tor \u00eel poate c\u00e2\u0219tiga atunci c\u00e2nd joac\u0103 la aceast\u0103 loterie american\u0103. Ea are alte opt niveluri de premii, inclusiv un premiu pentru simpla potrivire a bilei Star Ball. Atunci c\u00e2nd este asociat cu All Star Bonus, un juc\u0103tor care c\u00e2\u0219tig\u0103 un premiu subsidiar ar putea pleca acas\u0103 mult mai bogat.<\/p>\n<h2>C\u00e2nd c\u00e2\u0219tiga\u021bi<\/h2>\n<p>Conform site-ului Lotto America, pute\u021bi revendica un premiu doar \u00een statul \u00een care a\u021bi c\u00e2\u0219tigat. Deci, dac\u0103 a\u021bi cump\u0103rat biletul \u00een Maine, de exemplu, va trebui s\u0103 merge\u021bi \u00een acel stat pentru a v\u0103 revendica c\u00e2\u0219tigul. Cu toate acestea, dac\u0103 locui\u021bi \u00een afara Statelor Unite, atunci lucrurile stau pu\u021bin diferit.<\/p>\n<h2>Cum s\u0103 cump\u0103ra\u021bi bilete la loto America din afara SUA<\/h2>\n<p><img loading=\"lazy\" decoding=\"async\" class=\"alignright size-medium wp-image-34079\" src=\"http:\/\/jackpotlotteryonline.com\/wp-content\/uploads\/2022\/11\/2_ticket_mon_wed_lotto_au-176x300.jpg\" alt=\"bilete Loto America din afara SUA\" width=\"176\" height=\"300\" srcset=\"https:\/\/jackpotlotteryonline.com\/wp-content\/uploads\/2022\/11\/2_ticket_mon_wed_lotto_au-176x300.jpg 176w, https:\/\/jackpotlotteryonline.com\/wp-content\/uploads\/2022\/11\/2_ticket_mon_wed_lotto_au.jpg 250w\" sizes=\"auto, (max-width: 176px) 100vw, 176px\" \/><\/p>\n<p>Exist\u0103 doar dou\u0103 modalit\u0103\u021bi de a participa la aceast\u0103 loterie. Prima este de a cump\u0103ra un bilet de la un v\u00e2nz\u0103tor din oricare dintre statele \u00een care se v\u00e2nd bilete. \u00cen timp ce a doua op\u021biune este de a avea acces la loterie prin intermediul internetului. Tot mai mul\u021bi pariori particip\u0103 la loteriile interna\u021bionale online.<\/p>\n<p>Exist\u0103 site-uri de loterie care le ofer\u0103 juc\u0103torilor acces legitim la loteriile din \u00eentreaga lume. \u00cenainte de a patrona oricare dintre aceste site-uri, este important, \u00een primul r\u00e2nd, s\u0103 afla\u021bi dac\u0103 este vorba de un site de concierge. Asta pentru a nu ajunge s\u0103 paria\u021bi pe rezultatele loteriei, \u00een loc s\u0103 participa\u021bi la loterie.<\/p>\n<p>Atunci c\u00e2nd v\u0103 cump\u0103ra\u021bi biletul de loterie de la noi, ave\u021bi acces la loteria pe care o alege\u021bi. Avem un serviciu de concierge cu agen\u021bi \u00een toat\u0103 lumea. Odat\u0103 ce v\u0103 cump\u0103ra\u021bi biletul online, agen\u021bii no\u0219tri din \u021bara respectiv\u0103 vor primi \u0219i ei un bilet fizic cu numerele corespunz\u0103toare. Indiferent unde v\u0103 afla\u021bi, pute\u021bi fi sigur c\u0103 ave\u021bi \u0219ansa de a c\u00e2\u0219tiga mult.<\/p>\n","protected":false},"excerpt":{"rendered":"<p>\u00cen martie 2018, o familie a c\u00e2\u0219tigat premiul cel mare de 23 de milioane de dolari la loto America. Acesta este cel mai mare premiu pe care l-a c\u00e2\u0219tigat un juc\u0103tor p\u00e2n\u0103 acum, \u00eens\u0103 a atras aten\u021bia asupra acestei loterii. \u00cenfiin\u021bat\u0103 \u00een 1988 de \u0219apte state americane, mai multe state s-au al\u0103turat loteriei. De-a lungul [&hellip;]<\/p>\n","protected":false},"author":1,"featured_media":0,"parent":35774,"menu_order":13,"comment_status":"closed","ping_status":"closed","template":"lotto-america-info.php","meta":{"_et_pb_use_builder":"","_et_pb_old_content":"","_et_gb_content_width":"","exclude_from_search":false,"footnotes":""},"class_list":["post-36853","page","type-page","status-publish","hentry"],"yoast_head":"<!-- This site is optimized with the Yoast SEO plugin v23.3 - https:\/\/yoast.com\/wordpress\/plugins\/seo\/ -->\n<title>Cump\u0103ra\u021bi bilete Lotto America din afara SUA | Lotto America online<\/title>\n<meta name=\"description\" content=\"Lotto America poate fi jucat din afara SUA - pur \u0219i simplu cump\u0103ra\u021bi biletul Lotto America prin intermediul serviciului nostru de bilete online\" \/>\n<meta name=\"robots\" content=\"index, follow, max-snippet:-1, max-image-preview:large, max-video-preview:-1\" \/>\n<link rel=\"canonical\" href=\"https:\/\/jackpotlotteryonline.com\/ro\/cumpara-bilete\/lotto-america\/\" \/>\n<meta property=\"og:locale\" content=\"ro_RO\" \/>\n<meta property=\"og:type\" content=\"article\" \/>\n<meta property=\"og:title\" content=\"Cump\u0103ra\u021bi bilete Lotto America din afara SUA | Lotto America online\" \/>\n<meta property=\"og:description\" content=\"Lotto America poate fi jucat din afara SUA - pur \u0219i simplu cump\u0103ra\u021bi biletul Lotto America prin intermediul serviciului nostru de bilete online\" \/>\n<meta property=\"og:url\" content=\"https:\/\/jackpotlotteryonline.com\/ro\/cumpara-bilete\/lotto-america\/\" \/>\n<meta property=\"og:site_name\" content=\"Lotto Online - Crack The International Lottery Jackpots\" \/>\n<meta property=\"article:modified_time\" content=\"2023-01-04T09:19:04+00:00\" \/>\n<meta property=\"og:image\" content=\"http:\/\/jackpotlotteryonline.com\/wp-content\/uploads\/2022\/11\/1_win_lottery_usa_online.jpg\" \/>\n<meta name=\"twitter:card\" content=\"summary_large_image\" \/>\n<meta name=\"twitter:label1\" content=\"Timp estimat pentru citire\" \/>\n\t<meta name=\"twitter:data1\" content=\"4 minute\" \/>\n<!-- \/ Yoast SEO plugin. -->","yoast_head_json":{"title":"Cump\u0103ra\u021bi bilete Lotto America din afara SUA | Lotto America online","description":"Lotto America poate fi jucat din afara SUA - pur \u0219i simplu cump\u0103ra\u021bi biletul Lotto America prin intermediul serviciului nostru de bilete online","robots":{"index":"index","follow":"follow","max-snippet":"max-snippet:-1","max-image-preview":"max-image-preview:large","max-video-preview":"max-video-preview:-1"},"canonical":"https:\/\/jackpotlotteryonline.com\/ro\/cumpara-bilete\/lotto-america\/","og_locale":"ro_RO","og_type":"article","og_title":"Cump\u0103ra\u021bi bilete Lotto America din afara SUA | Lotto America online","og_description":"Lotto America poate fi jucat din afara SUA - pur \u0219i simplu cump\u0103ra\u021bi biletul Lotto America prin intermediul serviciului nostru de bilete online","og_url":"https:\/\/jackpotlotteryonline.com\/ro\/cumpara-bilete\/lotto-america\/","og_site_name":"Lotto Online - Crack The International Lottery Jackpots","article_modified_time":"2023-01-04T09:19:04+00:00","og_image":[{"url":"http:\/\/jackpotlotteryonline.com\/wp-content\/uploads\/2022\/11\/1_win_lottery_usa_online.jpg"}],"twitter_card":"summary_large_image","twitter_misc":{"Timp estimat pentru citire":"4 minute"},"schema":{"@context":"https:\/\/schema.org","@graph":[{"@type":"WebPage","@id":"https:\/\/jackpotlotteryonline.com\/ro\/cumpara-bilete\/lotto-america\/","url":"https:\/\/jackpotlotteryonline.com\/ro\/cumpara-bilete\/lotto-america\/","name":"Cump\u0103ra\u021bi bilete Lotto America din afara SUA | Lotto America online","isPartOf":{"@id":"https:\/\/jackpotlotteryonline.com\/#website"},"primaryImageOfPage":{"@id":"https:\/\/jackpotlotteryonline.com\/ro\/cumpara-bilete\/lotto-america\/#primaryimage"},"image":{"@id":"https:\/\/jackpotlotteryonline.com\/ro\/cumpara-bilete\/lotto-america\/#primaryimage"},"thumbnailUrl":"http:\/\/jackpotlotteryonline.com\/wp-content\/uploads\/2022\/11\/1_win_lottery_usa_online.jpg","datePublished":"2022-11-09T09:08:27+00:00","dateModified":"2023-01-04T09:19:04+00:00","description":"Lotto America poate fi jucat din afara SUA - pur \u0219i simplu cump\u0103ra\u021bi biletul Lotto America prin intermediul serviciului nostru de bilete online","breadcrumb":{"@id":"https:\/\/jackpotlotteryonline.com\/ro\/cumpara-bilete\/lotto-america\/#breadcrumb"},"inLanguage":"ro-RO","potentialAction":[{"@type":"ReadAction","target":["https:\/\/jackpotlotteryonline.com\/ro\/cumpara-bilete\/lotto-america\/"]}]},{"@type":"ImageObject","inLanguage":"ro-RO","@id":"https:\/\/jackpotlotteryonline.com\/ro\/cumpara-bilete\/lotto-america\/#primaryimage","url":"http:\/\/jackpotlotteryonline.com\/wp-content\/uploads\/2022\/11\/1_win_lottery_usa_online.jpg","contentUrl":"http:\/\/jackpotlotteryonline.com\/wp-content\/uploads\/2022\/11\/1_win_lottery_usa_online.jpg"},{"@type":"BreadcrumbList","@id":"https:\/\/jackpotlotteryonline.com\/ro\/cumpara-bilete\/lotto-america\/#breadcrumb","itemListElement":[{"@type":"ListItem","position":1,"name":"Home","item":"https:\/\/jackpotlotteryonline.com\/ro\/"},{"@type":"ListItem","position":2,"name":"Cum s\u0103 cump\u0103ra\u021bi bilete de loterie online","item":"https:\/\/jackpotlotteryonline.com\/buy-tickets\/"},{"@type":"ListItem","position":3,"name":"Loto America bilete online"}]},{"@type":"WebSite","@id":"https:\/\/jackpotlotteryonline.com\/#website","url":"https:\/\/jackpotlotteryonline.com\/","name":"Lotto Online - Crack The International Lottery Jackpots","description":"","potentialAction":[{"@type":"SearchAction","target":{"@type":"EntryPoint","urlTemplate":"https:\/\/jackpotlotteryonline.com\/?s={search_term_string}"},"query-input":"required name=search_term_string"}],"inLanguage":"ro-RO"}]}},"_links":{"self":[{"href":"https:\/\/jackpotlotteryonline.com\/ro\/wp-json\/wp\/v2\/pages\/36853","targetHints":{"allow":["GET"]}}],"collection":[{"href":"https:\/\/jackpotlotteryonline.com\/ro\/wp-json\/wp\/v2\/pages"}],"about":[{"href":"https:\/\/jackpotlotteryonline.com\/ro\/wp-json\/wp\/v2\/types\/page"}],"author":[{"embeddable":true,"href":"https:\/\/jackpotlotteryonline.com\/ro\/wp-json\/wp\/v2\/users\/1"}],"replies":[{"embeddable":true,"href":"https:\/\/jackpotlotteryonline.com\/ro\/wp-json\/wp\/v2\/comments?post=36853"}],"version-history":[{"count":0,"href":"https:\/\/jackpotlotteryonline.com\/ro\/wp-json\/wp\/v2\/pages\/36853\/revisions"}],"up":[{"embeddable":true,"href":"https:\/\/jackpotlotteryonline.com\/ro\/wp-json\/wp\/v2\/pages\/35774"}],"wp:attachment":[{"href":"https:\/\/jackpotlotteryonline.com\/ro\/wp-json\/wp\/v2\/media?parent=36853"}],"curies":[{"name":"wp","href":"https:\/\/api.w.org\/{rel}","templated":true}]}}