{"id":36905,"date":"2022-11-09T10:12:28","date_gmt":"2022-11-09T10:12:28","guid":{"rendered":"https:\/\/jackpotlotteryonline.com\/?page_id=36905"},"modified":"2022-12-22T12:43:32","modified_gmt":"2022-12-22T12:43:32","slug":"uk-lottery","status":"publish","type":"page","link":"https:\/\/jackpotlotteryonline.com\/ro\/cumpara-bilete\/uk-lottery\/","title":{"rendered":"Loteria din Marea Britanie"},"content":{"rendered":"<h2>Prezentare general\u0103 a Loteriei online din Marea Britanie<\/h2>\n<p>Loteria din Marea Britanie este un joc popular pentru capacitatea sa de a face milionari. Acesta poate fi jucat \u0219i online. <a href=\"https:\/\/jackpotlotteryonline.com\/ro\/numere-castigatoare\/uk-lottery\">Jocul este extras de dou\u0103 ori pe s\u0103pt\u0103m\u00e2n\u0103<\/a>, miercurea \u0219i s\u00e2mb\u0103ta.<\/p>\n<h2>Cum func\u021bioneaz\u0103 loteria din Marea Britanie<\/h2>\n<p>Fiecare juc\u0103tor trebuie s\u0103 selecteze 6 numere pe biletul s\u0103u dintr-o selec\u021bie de numere 1-49. C\u00e2nd are loc extragerea, sunt selectate \u0219ase numere, \u00eempreun\u0103 cu un num\u0103r bonus. Din cauza procentului relativ mic de plat\u0103, nu recomand\u0103m aceast\u0103 loterie. Exist\u0103 o mul\u021bime de alte jocuri de loterie interna\u021bionale disponibile online, cu c\u00e2\u0219tiguri mai bune \u0219i jackpoturi mai mari.<\/p>\n<section class=\"layout\" style=\"border: solid 1px; width: 100%;\">\n<div class=\"img-div\" style=\"margin-top: 5px;\"><img decoding=\"async\" class=\"wp-image-17212 alignleft\" style=\"height: 45px; margin: 8px 8px 0px;\" src=\"https:\/\/jackpotlotteryonline.com\/wp-content\/uploads\/2022\/11\/read1.jpg\" alt=\"cite\u0219te\" width=\"\" height=\"\" \/><\/div>\n<div style=\"padding-left: 5px;\">\n<div style=\"font-size: 1.1em;\">\n<p><strong>Loteriile europene<\/strong><\/p>\n<p style=\"font-size: 0.85em; margin-top: -1.5em;\">Care sunt cele mai bune loterii europene?\u00a0<a href=\"https:\/\/jackpotlotteryonline.com\/ro\/care-sunt-cele-mai-bune-loterii-europene\"> cite\u0219te mai mult<\/a><\/p>\n<\/div>\n<\/div>\n<\/section>\n<h2>C\u00e2\u0219tigarea loteriei din Marea Britanie<\/h2>\n<p><img loading=\"lazy\" decoding=\"async\" class=\"alignright size-medium wp-image-19520\" src=\"https:\/\/jackpotlotteryonline.com\/wp-content\/uploads\/2022\/10\/2_ticket_uk_lottery-192x300.jpg\" alt=\"cump\u0103ra\u021bi un bilet la loteria din Marea Britanie\" width=\"192\" height=\"300\" srcset=\"https:\/\/jackpotlotteryonline.com\/wp-content\/uploads\/2022\/10\/2_ticket_uk_lottery-192x300.jpg 192w, https:\/\/jackpotlotteryonline.com\/wp-content\/uploads\/2022\/10\/2_ticket_uk_lottery.jpg 250w\" sizes=\"auto, (max-width: 192px) 100vw, 192px\" \/><\/p>\n<p>Pentru a c\u00e2\u0219tiga un premiu, trebuie s\u0103 potrivi\u021bi minimum trei numere la numerele principale extrase. Num\u0103rul bonus este relevant doar dac\u0103 potrivi\u021bi cel pu\u021bin cinci dintre numerele principale ale extragerii.<\/p>\n<p>Este simplu s\u0103 v\u0103 revendica\u021bi c\u00e2\u0219tigurile. Dac\u0103 c\u00e2\u0219tiga\u021bi p\u00e2n\u0103 la 2500 \u20ac, ve\u021bi fi pl\u0103tit direct \u00een contul dvs. de juc\u0103tor de loterie de aici, de pe site-ul nostru. Pentru c\u00e2\u0219tiguri mai mari de 2.500 \u20ac, departamentul nostru de asisten\u021b\u0103 pentru clien\u021bi v\u0103 va contacta \u0219i va aranja o plat\u0103 direct\u0103 de la compania de loterie.<\/p>\n<p>Aproximativ 45% din toate fondurile loteriei din Marea Britanie sunt destinate premiilor \u00een bani. Dac\u0103 potrivi\u021bi \u0219ase dintre numerele principale, ve\u021bi fi pl\u0103tit 52% din fondul de premiere; dac\u0103 potrivi\u021bi cinci numere principale, plus num\u0103rul bonus, ve\u021bi fi pl\u0103tit 16% din fondul de premiere r\u0103mas; dac\u0103 potrivi\u021bi cinci numere principale, ve\u021bi fi pl\u0103tit 10% din fondul de premiere r\u0103mas; dac\u0103 potrivi\u021bi patru numere principale, ve\u021bi fi pl\u0103tit 22% din fondul de premiere r\u0103mas, iar dac\u0103 potrivi\u021bi 3 numere principale, ve\u021bi fi pl\u0103tit \u00een general 10 \u00a3. Loteria din Marea Britanie ofer\u0103, de asemenea, jocuri online cu c\u00e2\u0219tiguri instantanee.<\/p>\n<h2>Jocurile online la UK Lottery<\/h2>\n<p>Ave\u021bi posibilitatea de a<a href=\"https:\/\/jackpotlotteryonline.com\/ro\/cum-se-joaca\/joaca-la-loteria-din-marea-britanie-de-oriunde\"> juca la UK Lotto online<\/a>, ceea ce o face mai accesibil\u0103 \u0219i mai convenabil\u0103. Nu mai trebuie s\u0103 ie\u0219i\u021bi s\u0103 cump\u0103ra\u021bi un bilet la loto din Marea Britanie de la un comerciant; acum pute\u021bi cump\u0103ra bilete din confortul propriei case \u0219i nu depinde de faptul c\u0103 locui\u021bi \u00een Marea Britanie.<\/p>\n<p>Pentru a juca la loteria britanic\u0103 online \u0219i din afara Regatului Unit, va trebui s\u0103 face\u021bi clic pe bannerul de mai sus pentru loteria britanic\u0103. Trebuie doar s\u0103 v\u0103 \u00eenregistra\u021bi \u0219i apoi s\u0103 efectua\u021bi o plat\u0103 online.<\/p>\n<h2>De ce cele mai multe jackpoturi ale loteriei interna\u021bionale sunt mai atractive dec\u00e2t loteria din Marea Britanie<\/h2>\n<ul>\n<li>Jackpoturile sunt mult mai mari la loteriile interna\u021bionale (verifica\u021bi sumele din bannerul de sus)<\/li>\n<li>Loteria din Marea Britanie distribuie doar 45% din fonduri sub form\u0103 de c\u00e2\u0219tiguri<\/li>\n<li>Pe site-ul nostru, ave\u021bi la dispozi\u021bie o varietate de mega-loterii \u0219i jackpoturi uria\u0219e din care pute\u021bi alege!<\/li>\n<\/ul>\n","protected":false},"excerpt":{"rendered":"<p>Prezentare general\u0103 a Loteriei online din Marea Britanie Loteria din Marea Britanie este un joc popular pentru capacitatea sa de a face milionari. Acesta poate fi jucat \u0219i online. Jocul este extras de dou\u0103 ori pe s\u0103pt\u0103m\u00e2n\u0103, miercurea \u0219i s\u00e2mb\u0103ta. Cum func\u021bioneaz\u0103 loteria din Marea Britanie Fiecare juc\u0103tor trebuie s\u0103 selecteze 6 numere pe biletul [&hellip;]<\/p>\n","protected":false},"author":1,"featured_media":0,"parent":35774,"menu_order":10,"comment_status":"closed","ping_status":"closed","template":"lotto-uk-info.php","meta":{"_et_pb_use_builder":"","_et_pb_old_content":"","_et_gb_content_width":"","exclude_from_search":false,"footnotes":""},"class_list":["post-36905","page","type-page","status-publish","hentry"],"yoast_head":"<!-- This site is optimized with the Yoast SEO plugin v23.3 - https:\/\/yoast.com\/wordpress\/plugins\/seo\/ -->\n<title>Cump\u0103ra\u021bi bilete online pentru Loteria din Marea Britanie din afara Regatului Unit<\/title>\n<meta name=\"description\" content=\"Cum func\u021bioneaz\u0103 Loteria din Marea Britanie \u0219i cum s\u0103 cump\u0103ra\u021bi un bilet \u0219i s\u0103 c\u00e2\u0219tiga\u021bi online din afara Regatului Unit\" \/>\n<meta name=\"robots\" content=\"index, follow, max-snippet:-1, max-image-preview:large, max-video-preview:-1\" \/>\n<link rel=\"canonical\" href=\"https:\/\/jackpotlotteryonline.com\/ro\/cumpara-bilete\/uk-lottery\/\" \/>\n<meta property=\"og:locale\" content=\"ro_RO\" \/>\n<meta property=\"og:type\" content=\"article\" \/>\n<meta property=\"og:title\" content=\"Cump\u0103ra\u021bi bilete online pentru Loteria din Marea Britanie din afara Regatului Unit\" \/>\n<meta property=\"og:description\" content=\"Cum func\u021bioneaz\u0103 Loteria din Marea Britanie \u0219i cum s\u0103 cump\u0103ra\u021bi un bilet \u0219i s\u0103 c\u00e2\u0219tiga\u021bi online din afara Regatului Unit\" \/>\n<meta property=\"og:url\" content=\"https:\/\/jackpotlotteryonline.com\/ro\/cumpara-bilete\/uk-lottery\/\" \/>\n<meta property=\"og:site_name\" content=\"Lotto Online - Crack The International Lottery Jackpots\" \/>\n<meta property=\"article:modified_time\" content=\"2022-12-22T12:43:32+00:00\" \/>\n<meta property=\"og:image\" content=\"https:\/\/jackpotlotteryonline.com\/wp-content\/uploads\/2022\/11\/read1.jpg\" \/>\n<meta name=\"twitter:card\" content=\"summary_large_image\" \/>\n<meta name=\"twitter:label1\" content=\"Timp estimat pentru citire\" \/>\n\t<meta name=\"twitter:data1\" content=\"3 minute\" \/>\n<!-- \/ Yoast SEO plugin. -->","yoast_head_json":{"title":"Cump\u0103ra\u021bi bilete online pentru Loteria din Marea Britanie din afara Regatului Unit","description":"Cum func\u021bioneaz\u0103 Loteria din Marea Britanie \u0219i cum s\u0103 cump\u0103ra\u021bi un bilet \u0219i s\u0103 c\u00e2\u0219tiga\u021bi online din afara Regatului Unit","robots":{"index":"index","follow":"follow","max-snippet":"max-snippet:-1","max-image-preview":"max-image-preview:large","max-video-preview":"max-video-preview:-1"},"canonical":"https:\/\/jackpotlotteryonline.com\/ro\/cumpara-bilete\/uk-lottery\/","og_locale":"ro_RO","og_type":"article","og_title":"Cump\u0103ra\u021bi bilete online pentru Loteria din Marea Britanie din afara Regatului Unit","og_description":"Cum func\u021bioneaz\u0103 Loteria din Marea Britanie \u0219i cum s\u0103 cump\u0103ra\u021bi un bilet \u0219i s\u0103 c\u00e2\u0219tiga\u021bi online din afara Regatului Unit","og_url":"https:\/\/jackpotlotteryonline.com\/ro\/cumpara-bilete\/uk-lottery\/","og_site_name":"Lotto Online - Crack The International Lottery Jackpots","article_modified_time":"2022-12-22T12:43:32+00:00","og_image":[{"url":"https:\/\/jackpotlotteryonline.com\/wp-content\/uploads\/2022\/11\/read1.jpg"}],"twitter_card":"summary_large_image","twitter_misc":{"Timp estimat pentru citire":"3 minute"},"schema":{"@context":"https:\/\/schema.org","@graph":[{"@type":"WebPage","@id":"https:\/\/jackpotlotteryonline.com\/ro\/cumpara-bilete\/uk-lottery\/","url":"https:\/\/jackpotlotteryonline.com\/ro\/cumpara-bilete\/uk-lottery\/","name":"Cump\u0103ra\u021bi bilete online pentru Loteria din Marea Britanie din afara Regatului Unit","isPartOf":{"@id":"https:\/\/jackpotlotteryonline.com\/#website"},"primaryImageOfPage":{"@id":"https:\/\/jackpotlotteryonline.com\/ro\/cumpara-bilete\/uk-lottery\/#primaryimage"},"image":{"@id":"https:\/\/jackpotlotteryonline.com\/ro\/cumpara-bilete\/uk-lottery\/#primaryimage"},"thumbnailUrl":"https:\/\/jackpotlotteryonline.com\/wp-content\/uploads\/2022\/11\/read1.jpg","datePublished":"2022-11-09T10:12:28+00:00","dateModified":"2022-12-22T12:43:32+00:00","description":"Cum func\u021bioneaz\u0103 Loteria din Marea Britanie \u0219i cum s\u0103 cump\u0103ra\u021bi un bilet \u0219i s\u0103 c\u00e2\u0219tiga\u021bi online din afara Regatului Unit","breadcrumb":{"@id":"https:\/\/jackpotlotteryonline.com\/ro\/cumpara-bilete\/uk-lottery\/#breadcrumb"},"inLanguage":"ro-RO","potentialAction":[{"@type":"ReadAction","target":["https:\/\/jackpotlotteryonline.com\/ro\/cumpara-bilete\/uk-lottery\/"]}]},{"@type":"ImageObject","inLanguage":"ro-RO","@id":"https:\/\/jackpotlotteryonline.com\/ro\/cumpara-bilete\/uk-lottery\/#primaryimage","url":"https:\/\/jackpotlotteryonline.com\/wp-content\/uploads\/2022\/11\/read1.jpg","contentUrl":"https:\/\/jackpotlotteryonline.com\/wp-content\/uploads\/2022\/11\/read1.jpg"},{"@type":"BreadcrumbList","@id":"https:\/\/jackpotlotteryonline.com\/ro\/cumpara-bilete\/uk-lottery\/#breadcrumb","itemListElement":[{"@type":"ListItem","position":1,"name":"Home","item":"https:\/\/jackpotlotteryonline.com\/ro\/"},{"@type":"ListItem","position":2,"name":"Cum s\u0103 cump\u0103ra\u021bi bilete de loterie online","item":"https:\/\/jackpotlotteryonline.com\/buy-tickets\/"},{"@type":"ListItem","position":3,"name":"Loteria din Marea Britanie"}]},{"@type":"WebSite","@id":"https:\/\/jackpotlotteryonline.com\/#website","url":"https:\/\/jackpotlotteryonline.com\/","name":"Lotto Online - Crack The International Lottery Jackpots","description":"","potentialAction":[{"@type":"SearchAction","target":{"@type":"EntryPoint","urlTemplate":"https:\/\/jackpotlotteryonline.com\/?s={search_term_string}"},"query-input":"required name=search_term_string"}],"inLanguage":"ro-RO"}]}},"_links":{"self":[{"href":"https:\/\/jackpotlotteryonline.com\/ro\/wp-json\/wp\/v2\/pages\/36905","targetHints":{"allow":["GET"]}}],"collection":[{"href":"https:\/\/jackpotlotteryonline.com\/ro\/wp-json\/wp\/v2\/pages"}],"about":[{"href":"https:\/\/jackpotlotteryonline.com\/ro\/wp-json\/wp\/v2\/types\/page"}],"author":[{"embeddable":true,"href":"https:\/\/jackpotlotteryonline.com\/ro\/wp-json\/wp\/v2\/users\/1"}],"replies":[{"embeddable":true,"href":"https:\/\/jackpotlotteryonline.com\/ro\/wp-json\/wp\/v2\/comments?post=36905"}],"version-history":[{"count":0,"href":"https:\/\/jackpotlotteryonline.com\/ro\/wp-json\/wp\/v2\/pages\/36905\/revisions"}],"up":[{"embeddable":true,"href":"https:\/\/jackpotlotteryonline.com\/ro\/wp-json\/wp\/v2\/pages\/35774"}],"wp:attachment":[{"href":"https:\/\/jackpotlotteryonline.com\/ro\/wp-json\/wp\/v2\/media?parent=36905"}],"curies":[{"name":"wp","href":"https:\/\/api.w.org\/{rel}","templated":true}]}}