{"id":36958,"date":"2022-11-09T11:29:16","date_gmt":"2022-11-09T11:29:16","guid":{"rendered":"https:\/\/jackpotlotteryonline.com\/?page_id=36958"},"modified":"2023-01-04T08:20:22","modified_gmt":"2023-01-04T08:20:22","slug":"set-for-life","status":"publish","type":"page","link":"https:\/\/jackpotlotteryonline.com\/ro\/cumpara-bilete\/set-for-life\/","title":{"rendered":"Cump\u0103ra\u021bi bilete la Set for Life"},"content":{"rendered":"<p>E\u0219ti preg\u0103tit pentru o \u0219ans\u0103 de a fi stabilit pentru via\u021b\u0103? Nu exist\u0103 un moment mai bun dec\u00e2t prezentul pentru a \u00eencerca s\u0103 c\u00e2\u0219tiga\u021bi 10.000 de lire sterline \u00een fiecare lun\u0103 pentru urm\u0103torii 30 de ani \u0219i totul \u00eencepe <a href=\"https:\/\/jackpotlotteryonline.com\/ro\/cum-se-joaca\/juca-set-for-life-online\">juc\u00e2nd la loteria din Marea Britanie.<\/a><\/p>\n<p>Aceast\u0103 loterie este operat\u0103 de Loteria Na\u021bional\u0103 din Marea Britanie \u0219i a avut prima extragere \u00een 1999. De atunci, a fost una dintre favoritele juc\u0103torilor de loterie britanici, deoarece atrac\u021bia de a c\u00e2\u0219tiga 10.000 de lire sterline pe lun\u0103 timp de 30 de ani pare aproape prea greu de rezistat pentru ei. Nici dvs. nu ar trebui s\u0103 v\u0103 rezista\u021bi, dac\u0103 ar fi cazul. S\u0103 c\u00e2\u0219tigi la aceast\u0103 loterie este aproape ca \u0219i cum Mo\u0219 Cr\u0103ciun ar veni la tine acas\u0103 \u00een fiecare lun\u0103.<br \/>\n<img loading=\"lazy\" decoding=\"async\" class=\"alignright size-medium wp-image-35457\" src=\"https:\/\/jackpotlotteryonline.com\/wp-content\/uploads\/2022\/11\/2_ticket_uk_lottery-192x300.jpg\" alt=\"Bilete Set for Life\" width=\"192\" height=\"300\" srcset=\"https:\/\/jackpotlotteryonline.com\/wp-content\/uploads\/2022\/11\/2_ticket_uk_lottery-192x300.jpg 192w, https:\/\/jackpotlotteryonline.com\/wp-content\/uploads\/2022\/11\/2_ticket_uk_lottery.jpg 250w\" sizes=\"auto, (max-width: 192px) 100vw, 192px\" \/><\/p>\n<p>Biletele pentru aceast\u0103 loterie britanic\u0103 sunt v\u00e2ndute \u00eentre o re\u021bea larg\u0103 de v\u00e2nz\u0103tori din \u021bar\u0103. Cu toate acestea, dac\u0103 locui\u021bi \u00een afara Regatului Unit, nu exist\u0103 niciun motiv pentru care nici dumneavoastr\u0103 nu pute\u021bi cump\u0103ra bilete la loterie. Jackpotlotteryteryonline.com le ofer\u0103 pasiona\u021bilor de loto acces la loteriile interna\u021bionale de top din confortul calculatoarelor sau al dispozitivelor mobile.<\/p>\n<p>\u00cenregistra\u021bi-v\u0103 la noi pentru a \u00eencepe s\u0103 juca\u021bi la loteriile din Regatul Unit \u0219i din restul lumii.<\/p>\n<h2>Cum s\u0103 joci Set for Life online<\/h2>\n<p>Aceasta este diferit\u0103 de alte loterii, deoarece este o loterie de rent\u0103, astfel \u00eenc\u00e2t c\u00e2\u0219tig\u0103torii nu vor pleca acas\u0103 cu milioane de euro sau lire sterline. Cu toate acestea, singura diferen\u021b\u0103 const\u0103 \u00een modul \u00een care se acord\u0103 premiul. La fel ca la alte loterii, juc\u0103torul trebuie s\u0103 aleag\u0103 numerele principale dintr-un anumit interval \u0219i un num\u0103r special.<\/p>\n<p>Pentru a ob\u021bine bilete online la Set for Life, vizita\u021bi site-ul ales de dumneavoastr\u0103, apoi alege\u021bi cinci numere principale \u00eentre 1 \u0219i 47. Alege\u021bi un num\u0103r bonus suplimentar, numit &#8220;num\u0103rul Life Ball&#8221;, dintr-un interval cuprins \u00eentre 1 \u0219i 10. Po\u021bi folosi numerele tale norocoase sau po\u021bi folosi instrumentul de selec\u021bie automat\u0103 pentru a alege o linie de numere la \u00eent\u00e2mplare. De asemenea, pute\u021bi alege mai multe linii de numere pentru a v\u0103 cre\u0219te \u0219ansele de c\u00e2\u0219tig.<\/p>\n<p>Pentru a c\u00e2\u0219tiga la loto trebuie s\u0103 potrivi\u021bi toate cele 6 numere extrase. Dac\u0103 v\u0103 \u00eenregistra\u021bi la noi, pute\u021bi<a href=\"https:\/\/jackpotlotteryonline.com\/ro\/numere-castigatoare\/set-for-life\"> participa la extrageri cu c\u00e2teva s\u0103pt\u0103m\u00e2ni \u00eenainte.<\/a><\/p>\n<h2>Premii<\/h2>\n<p><img loading=\"lazy\" decoding=\"async\" class=\"size-medium wp-image-30128 alignright\" src=\"https:\/\/jackpotlotteryonline.com\/wp-content\/uploads\/2022\/11\/1_win_online_lottery_jackpot-300x182.jpg\" alt=\"Premiul la loteria britanic\u0103\" width=\"300\" height=\"182\" srcset=\"https:\/\/jackpotlotteryonline.com\/wp-content\/uploads\/2022\/11\/1_win_online_lottery_jackpot-300x182.jpg 300w, https:\/\/jackpotlotteryonline.com\/wp-content\/uploads\/2022\/11\/1_win_online_lottery_jackpot.jpg 320w\" sizes=\"auto, (max-width: 300px) 100vw, 300px\" \/><\/p>\n<p>Am vorbit despre jackpot, care este de 10.000 de lire sterline \u00een fiecare lun\u0103 timp de 30 de ani. Dar acesta nu este singurul premiu pentru juc\u0103torii acestei loterii. De exemplu, dac\u0103 potrivi\u021bi doar cele 5 numere principale, ve\u021bi primi 10.000 de lire sterline \u00een fiecare lun\u0103 timp de un an. Nu-i r\u0103u, nu-i a\u0219a?<\/p>\n<p>S\u0103 arunc\u0103m o privire la defalcarea premiilor \u0219i la ce se vor a\u0219tepta juc\u0103torii s\u0103 c\u00e2\u0219tige atunci c\u00e2nd cump\u0103r\u0103 bilete la aceast\u0103 loterie britanic\u0103.<\/p>\n<p>Potrive\u0219te 5 numere principale + Life Ball &#8211; 10.000 de lire sterline \u00een fiecare lun\u0103 timp de 30 de ani<br \/>\nPotrive\u0219te doar 5 numere principale &#8211; 10.000 \u00a3 \u00een fiecare lun\u0103 timp de 1 an<br \/>\nPotrive\u0219te 4 numere principale + Life Ball &#8211; \u00a3250<br \/>\nPotrive\u0219te doar 4 numere principale &#8211; \u00a350<br \/>\nPotrive\u0219te 3 numere principale + Life Ball &#8211; \u00a330<br \/>\nDoar 3 numere principale &#8211; \u00a320<br \/>\nPotrivi\u021bi 2 numere principale + Life Ball &#8211; \u00a310<br \/>\nDoar 2 numere principale &#8211; \u00a35<\/p>\n<h2>Revendicarea premiului dvs.<\/h2>\n<p>Ave\u021bi la dispozi\u021bie 180 de zile pentru a v\u0103 revendica premiul sau nu \u00eel mai pute\u021bi revendica. Premiile loteriei din Marea Britanie sunt scutite de taxe, a\u0219a c\u0103 v\u0103 pute\u021bi bucura de toate c\u00e2\u0219tigurile dvs. a\u0219a cum dori\u021bi. Cu toate acestea, pentru cei care joac\u0103 din afara \u021b\u0103rii, este o idee bun\u0103 s\u0103 afla\u021bi care sunt legile fiscale \u00een locul \u00een care locui\u021bi.<\/p>\n<section class=\"layout\" style=\"border: solid 1px; width: 100%;\">\n<div class=\"img-div\" style=\"margin-top: 5px;\"><img decoding=\"async\" class=\"wp-image-17212 alignleft\" style=\"height: 45px; margin: 8px 8px 0px;\" src=\"https:\/\/jackpotlotteryonline.com\/wp-content\/uploads\/2022\/11\/read1.jpg\" alt=\"cite\u0219te\" width=\"\" height=\"\" \/><\/div>\n<div style=\"padding-left: 5px;\">\n<div style=\"font-size: 1.1em;\">\n<p><strong>Impozitele pe c\u00e2\u0219tigurile la loterie<\/strong><\/p>\n<p style=\"font-size: 0.85em; margin-top: -1.5em;\">Trebuie s\u0103 pl\u0103tesc impozite pe c\u00e2\u0219tigurile la loto? <a href=\"https:\/\/jackpotlotteryonline.com\/ro\/trebuie-sa-platesc-impozite-pe-castigurile-la-loto\">cite\u0219te mai mult<\/a><\/p>\n<\/div>\n<\/div>\n<\/section>\n<h2>O oportunitate uimitoare de o via\u021b\u0103<\/h2>\n<p>\u0218ansa de a c\u00e2\u0219tiga Set for Life este o oportunitate unic\u0103 \u00een via\u021b\u0103. \u00censeamn\u0103 c\u0103 nu va trebui s\u0103 v\u0103 mai face\u021bi griji pentru finan\u021bele dumneavoastr\u0103 dac\u0103 c\u00e2\u0219tiga\u021bi. Exist\u0103 pove\u0219ti despre c\u00e2\u0219tig\u0103tori la loterie care \u0219i-au cheltuit toat\u0103 averea \u0219i acum sunt \u00een faliment. Cu aceast\u0103 loterie, acest lucru nu trebuie s\u0103 vi se \u00eent\u00e2mple. Chiar dac\u0103 o cheltui\u021bi pe toat\u0103 \u00een prima lun\u0103, \u0219ti\u021bi c\u0103 o pute\u021bi folosi mai bine \u00een luna urm\u0103toare.<\/p>\n<p>G\u00e2ndi\u021bi-v\u0103 ce ar \u00eensemna s\u0103 primi\u021bi o astfel de sum\u0103 \u00een fiecare lun\u0103 timp de 30 de ani.<\/p>\n<h2>\u00cenregistreaz\u0103-te la noi pentru a juca Set for Life<\/h2>\n<p>Ob\u021binerea unui bilet la loteria rentei viagere din Marea Britanie de oriunde nu a fost niciodat\u0103 mai u\u0219oar\u0103. Atunci c\u00e2nd v\u0103 \u00eenregistra\u021bi la noi, v\u0103 facilit\u0103m s\u0103 juca\u021bi la loteriile de top din \u00eentreaga lume \u00eentr-un mod transparent \u0219i f\u0103r\u0103 griji. Scopul nostru este de a crea experien\u021be memorabile pentru clien\u021bii no\u0219tri. A\u0219adar, \u00eenregistra\u021bi-v\u0103 cu noi ast\u0103zi pentru a cump\u0103ra bilete Set for Life de oriunde din lume.<\/p>\n","protected":false},"excerpt":{"rendered":"<p>E\u0219ti preg\u0103tit pentru o \u0219ans\u0103 de a fi stabilit pentru via\u021b\u0103? Nu exist\u0103 un moment mai bun dec\u00e2t prezentul pentru a \u00eencerca s\u0103 c\u00e2\u0219tiga\u021bi 10.000 de lire sterline \u00een fiecare lun\u0103 pentru urm\u0103torii 30 de ani \u0219i totul \u00eencepe juc\u00e2nd la loteria din Marea Britanie. Aceast\u0103 loterie este operat\u0103 de Loteria Na\u021bional\u0103 din Marea Britanie [&hellip;]<\/p>\n","protected":false},"author":1,"featured_media":0,"parent":35774,"menu_order":11,"comment_status":"closed","ping_status":"closed","template":"set-for-life-info.php","meta":{"_et_pb_use_builder":"","_et_pb_old_content":"","_et_gb_content_width":"","exclude_from_search":false,"footnotes":""},"class_list":["post-36958","page","type-page","status-publish","hentry"],"yoast_head":"<!-- This site is optimized with the Yoast SEO plugin v23.3 - https:\/\/yoast.com\/wordpress\/plugins\/seo\/ -->\n<title>Cump\u0103ra\u021bi bilete Set for life \u00een afara Regatului Unit | Cump\u0103ra\u021bi bilete Set For Life online<\/title>\n<meta name=\"description\" content=\"Set for Life este o loterie foarte special\u0103, dar pentru a participa din afara Marii Britanii, trebuie s\u0103 cump\u0103ra\u021bi un bilet online de aici\" \/>\n<meta name=\"robots\" content=\"index, follow, max-snippet:-1, max-image-preview:large, max-video-preview:-1\" \/>\n<link rel=\"canonical\" href=\"https:\/\/jackpotlotteryonline.com\/ro\/cumpara-bilete\/set-for-life\/\" \/>\n<meta property=\"og:locale\" content=\"ro_RO\" \/>\n<meta property=\"og:type\" content=\"article\" \/>\n<meta property=\"og:title\" content=\"Cump\u0103ra\u021bi bilete Set for life \u00een afara Regatului Unit | Cump\u0103ra\u021bi bilete Set For Life online\" \/>\n<meta property=\"og:description\" content=\"Set for Life este o loterie foarte special\u0103, dar pentru a participa din afara Marii Britanii, trebuie s\u0103 cump\u0103ra\u021bi un bilet online de aici\" \/>\n<meta property=\"og:url\" content=\"https:\/\/jackpotlotteryonline.com\/ro\/cumpara-bilete\/set-for-life\/\" \/>\n<meta property=\"og:site_name\" content=\"Lotto Online - Crack The International Lottery Jackpots\" \/>\n<meta property=\"article:modified_time\" content=\"2023-01-04T08:20:22+00:00\" \/>\n<meta property=\"og:image\" content=\"https:\/\/jackpotlotteryonline.com\/wp-content\/uploads\/2022\/11\/2_ticket_uk_lottery-192x300.jpg\" \/>\n<meta name=\"twitter:card\" content=\"summary_large_image\" \/>\n<meta name=\"twitter:label1\" content=\"Timp estimat pentru citire\" \/>\n\t<meta name=\"twitter:data1\" content=\"5 minute\" \/>\n<!-- \/ Yoast SEO plugin. -->","yoast_head_json":{"title":"Cump\u0103ra\u021bi bilete Set for life \u00een afara Regatului Unit | Cump\u0103ra\u021bi bilete Set For Life online","description":"Set for Life este o loterie foarte special\u0103, dar pentru a participa din afara Marii Britanii, trebuie s\u0103 cump\u0103ra\u021bi un bilet online de aici","robots":{"index":"index","follow":"follow","max-snippet":"max-snippet:-1","max-image-preview":"max-image-preview:large","max-video-preview":"max-video-preview:-1"},"canonical":"https:\/\/jackpotlotteryonline.com\/ro\/cumpara-bilete\/set-for-life\/","og_locale":"ro_RO","og_type":"article","og_title":"Cump\u0103ra\u021bi bilete Set for life \u00een afara Regatului Unit | Cump\u0103ra\u021bi bilete Set For Life online","og_description":"Set for Life este o loterie foarte special\u0103, dar pentru a participa din afara Marii Britanii, trebuie s\u0103 cump\u0103ra\u021bi un bilet online de aici","og_url":"https:\/\/jackpotlotteryonline.com\/ro\/cumpara-bilete\/set-for-life\/","og_site_name":"Lotto Online - Crack The International Lottery Jackpots","article_modified_time":"2023-01-04T08:20:22+00:00","og_image":[{"url":"https:\/\/jackpotlotteryonline.com\/wp-content\/uploads\/2022\/11\/2_ticket_uk_lottery-192x300.jpg"}],"twitter_card":"summary_large_image","twitter_misc":{"Timp estimat pentru citire":"5 minute"},"schema":{"@context":"https:\/\/schema.org","@graph":[{"@type":"WebPage","@id":"https:\/\/jackpotlotteryonline.com\/ro\/cumpara-bilete\/set-for-life\/","url":"https:\/\/jackpotlotteryonline.com\/ro\/cumpara-bilete\/set-for-life\/","name":"Cump\u0103ra\u021bi bilete Set for life \u00een afara Regatului Unit | Cump\u0103ra\u021bi bilete Set For Life online","isPartOf":{"@id":"https:\/\/jackpotlotteryonline.com\/#website"},"primaryImageOfPage":{"@id":"https:\/\/jackpotlotteryonline.com\/ro\/cumpara-bilete\/set-for-life\/#primaryimage"},"image":{"@id":"https:\/\/jackpotlotteryonline.com\/ro\/cumpara-bilete\/set-for-life\/#primaryimage"},"thumbnailUrl":"https:\/\/jackpotlotteryonline.com\/wp-content\/uploads\/2022\/11\/2_ticket_uk_lottery-192x300.jpg","datePublished":"2022-11-09T11:29:16+00:00","dateModified":"2023-01-04T08:20:22+00:00","description":"Set for Life este o loterie foarte special\u0103, dar pentru a participa din afara Marii Britanii, trebuie s\u0103 cump\u0103ra\u021bi un bilet online de aici","breadcrumb":{"@id":"https:\/\/jackpotlotteryonline.com\/ro\/cumpara-bilete\/set-for-life\/#breadcrumb"},"inLanguage":"ro-RO","potentialAction":[{"@type":"ReadAction","target":["https:\/\/jackpotlotteryonline.com\/ro\/cumpara-bilete\/set-for-life\/"]}]},{"@type":"ImageObject","inLanguage":"ro-RO","@id":"https:\/\/jackpotlotteryonline.com\/ro\/cumpara-bilete\/set-for-life\/#primaryimage","url":"https:\/\/jackpotlotteryonline.com\/wp-content\/uploads\/2022\/11\/2_ticket_uk_lottery-192x300.jpg","contentUrl":"https:\/\/jackpotlotteryonline.com\/wp-content\/uploads\/2022\/11\/2_ticket_uk_lottery-192x300.jpg"},{"@type":"BreadcrumbList","@id":"https:\/\/jackpotlotteryonline.com\/ro\/cumpara-bilete\/set-for-life\/#breadcrumb","itemListElement":[{"@type":"ListItem","position":1,"name":"Home","item":"https:\/\/jackpotlotteryonline.com\/ro\/"},{"@type":"ListItem","position":2,"name":"Cum s\u0103 cump\u0103ra\u021bi bilete de loterie online","item":"https:\/\/jackpotlotteryonline.com\/buy-tickets\/"},{"@type":"ListItem","position":3,"name":"Cump\u0103ra\u021bi bilete la Set for Life"}]},{"@type":"WebSite","@id":"https:\/\/jackpotlotteryonline.com\/#website","url":"https:\/\/jackpotlotteryonline.com\/","name":"Lotto Online - Crack The International Lottery Jackpots","description":"","potentialAction":[{"@type":"SearchAction","target":{"@type":"EntryPoint","urlTemplate":"https:\/\/jackpotlotteryonline.com\/?s={search_term_string}"},"query-input":"required name=search_term_string"}],"inLanguage":"ro-RO"}]}},"_links":{"self":[{"href":"https:\/\/jackpotlotteryonline.com\/ro\/wp-json\/wp\/v2\/pages\/36958","targetHints":{"allow":["GET"]}}],"collection":[{"href":"https:\/\/jackpotlotteryonline.com\/ro\/wp-json\/wp\/v2\/pages"}],"about":[{"href":"https:\/\/jackpotlotteryonline.com\/ro\/wp-json\/wp\/v2\/types\/page"}],"author":[{"embeddable":true,"href":"https:\/\/jackpotlotteryonline.com\/ro\/wp-json\/wp\/v2\/users\/1"}],"replies":[{"embeddable":true,"href":"https:\/\/jackpotlotteryonline.com\/ro\/wp-json\/wp\/v2\/comments?post=36958"}],"version-history":[{"count":0,"href":"https:\/\/jackpotlotteryonline.com\/ro\/wp-json\/wp\/v2\/pages\/36958\/revisions"}],"up":[{"embeddable":true,"href":"https:\/\/jackpotlotteryonline.com\/ro\/wp-json\/wp\/v2\/pages\/35774"}],"wp:attachment":[{"href":"https:\/\/jackpotlotteryonline.com\/ro\/wp-json\/wp\/v2\/media?parent=36958"}],"curies":[{"name":"wp","href":"https:\/\/api.w.org\/{rel}","templated":true}]}}