{"id":37011,"date":"2022-11-09T13:23:26","date_gmt":"2022-11-09T13:23:26","guid":{"rendered":"https:\/\/jackpotlotteryonline.com\/?page_id=37011"},"modified":"2022-12-24T08:59:35","modified_gmt":"2022-12-24T08:59:35","slug":"mega-sena","status":"publish","type":"page","link":"https:\/\/jackpotlotteryonline.com\/ro\/cumpara-bilete\/mega-sena\/","title":{"rendered":"Cump\u0103ra\u021bi bilete la Mega Sena"},"content":{"rendered":"<p>Mega Sena este cea mai mare loterie din Brazilia, cu unul dintre cele mai mari jackpot-uri din lume. Nu este de mirare c\u0103 pariorii de pretutindeni sunt dornici de o \u0219ans\u0103 de a c\u00e2\u0219tiga jackpotul. Interesant este c\u0103 Mega Sena este, de asemenea, o loterie u\u0219or de jucat, mai u\u0219or dec\u00e2t o mul\u021bime de alte loterii interna\u021bionale. U\u0219urin\u021ba de a juca la loterie, jackpotul mare \u0219i cotele favorabile, toate acestea se adaug\u0103 pentru a face aceast\u0103 loterie extrem de atractiv\u0103 pentru juc\u0103torii de pretutindeni.<\/p>\n<p>A <a href=\"https:\/\/jackpotlotteryonline.com\/ro\/cum-se-joaca\/mega-sena-2\">juca la loteria Mega Sena<\/a> este la fel de simplu ca \u0219i cum ai potrivi cele \u0219ase numere extrase. Nu exist\u0103 numere speciale sau bonus atunci c\u00e2nd joci la aceast\u0103 loterie. Pur \u0219i simplu alege\u021bi 6 numere de la 1 la 60 <a href=\"https:\/\/jackpotlotteryonline.com\/ro\/numere-castigatoare\/mega-sena\">\u0219i intra\u021bi \u00een tragerea la sor\u021bi.<\/a><\/p>\n<p>De\u0219i trebuie s\u0103 alege\u021bi \u0219ase numere pentru a intra \u00een extragere, nu exist\u0103 o limit\u0103 a num\u0103rului de linii pe care le pute\u021bi alege. Astfel, pute\u021bi alege zece linii de \u0219ase numere pentru a v\u0103 cre\u0219te \u0219ansele de a c\u00e2\u0219tiga la loterie.<\/p>\n<h2>De unde pute\u021bi cump\u0103ra bilete la Mega Sena<\/h2>\n<p><img loading=\"lazy\" decoding=\"async\" class=\"alignright size-full wp-image-28778\" src=\"https:\/\/jackpotlotteryonline.com\/wp-content\/uploads\/2022\/11\/1_online_ticket_eurojackpot2.jpg\" alt=\"cump\u0103ra\u021bi bilete Mega Sena\" width=\"300\" height=\"200\" \/><\/p>\n<p>Dac\u0103 locui\u021bi \u00een Brazilia, atunci intrarea la aceast\u0103 loterie este la fel de simpl\u0103 ca \u0219i cum a\u021bi merge la un v\u00e2nz\u0103tor de loterie pentru a v\u0103 cump\u0103ra biletele. Cu toate acestea, acest lucru ar putea reprezenta o mic\u0103 provocare pentru juc\u0103torii care locuiesc \u00een afara \u021b\u0103rii. Dac\u0103 locui\u021bi \u00een afara acestei jurisdic\u021bii, exist\u0103 o op\u021biune care v\u0103 este deschis\u0103. Va trebui s\u0103 v\u0103 cump\u0103ra\u021bi biletele online.<\/p>\n<h2>Cump\u0103rarea biletelor Mega Sena online<\/h2>\n<p>Jocul la loto online este destul de simplu \u0219i le ofer\u0103 juc\u0103torilor posibilitatea de a participa la loterii din \u00eentreaga lume. \u00cen mod normal, juc\u0103torii care nu locuiesc \u00eentr-o anumit\u0103 \u021bar\u0103 nu ar putea juca la loteria din \u021bara respectiv\u0103. Internetul a democratizat participarea la loto, oferind o cale pentru juc\u0103torii care p\u00e2n\u0103 acum erau priva\u021bi de drepturi din cauza grani\u021belor geografice.<\/p>\n<p>Acum, a juca la loteria Mega Sena este la fel de simplu ca \u0219i cum ai vizita un site de loterie online precum jackpotlotteryonline.com. Acolo v\u0103 pute\u021bi cump\u0103ra biletul, aleg\u00e2ndu-v\u0103 numerele \u0219i apoi hot\u0103r\u00e2nd la c\u00e2te extrageri dori\u021bi s\u0103 participa\u021bi. Odat\u0103 f\u0103cut acest lucru, tot ce trebuie s\u0103 face\u021bi este s\u0103 a\u0219tepta\u021bi rezultatele extragerii.<\/p>\n<h2>Care este jackpotul pentru aceast\u0103 loterie?<\/h2>\n<p>Am men\u021bionat c\u0103 Mega Sena este una dintre cele mai mari loterii din lume? Acest lucru poate p\u0103rea greu de crezut dac\u0103 lu\u0103m \u00een considerare premiul jackpot de pornire de 450,00$, mai ales dac\u0103 \u00eel plas\u0103m al\u0103turi de alte loterii cu jackpoturi de pornire mai mari.<\/p>\n<p>Dar, frumuse\u021bea Mega Sena este c\u0103 jackpoturile se pot rostogoli p\u00e2n\u0103 la sume incredibil de mari. Unele dintre cele mai mari jackpoturi pe care juc\u0103torii de la Mega Sena le-au c\u00e2\u0219tigat au ajuns la milioane de dolari americani. Cel mai mare jackpot a dep\u0103\u0219it cu pu\u021bin 73 de milioane de dolari.<\/p>\n<p>Dac\u0103 lua\u021bi \u00een considerare acest lucru, atunci este clar c\u0103 jocul la loteria Mega Sena ar putea fi o op\u021biune foarte bun\u0103 atunci c\u00e2nd c\u0103uta\u021bi loterii la care s\u0103 participa\u021bi.<\/p>\n<section class=\"layout\" style=\"border: solid 1px; width: 100%;\">\n<div class=\"img-div\" style=\"margin-top: 5px;\"><img decoding=\"async\" class=\"wp-image-17212 alignleft\" style=\"height: 45px; margin: 8px 8px 0px;\" src=\"https:\/\/jackpotlotteryonline.com\/wp-content\/uploads\/2022\/11\/read1.jpg\" alt=\"cite\u0219te\" width=\"\" height=\"\" \/><\/div>\n<div style=\"padding-left: 5px;\">\n<div style=\"font-size: 1.1em;\">\n<p><strong>C\u00e2teva trucuri \u0219i sfaturi pentru alegerea numerelor<\/strong><\/p>\n<p style=\"font-size: 0.85em; margin-top: -1.5em;\">Cre\u0219te\u021bi-v\u0103 \u0219ansele de c\u00e2\u0219tig &#8211; folosi\u021bi o anumit\u0103 strategie pentru a alege numerele dvs \u00a0<a href=\"https:\/\/jackpotlotteryonline.com\/ro\/cateva-trucuri-si-sfaturi-pentru-alegerea-numerelor\">cite\u0219te mai mult<\/a><\/p>\n<\/div>\n<\/div>\n<\/section>\n<h2>Ce se \u00eent\u00e2mpl\u0103 dac\u0103 c\u00e2\u0219tiga\u021bi la loto?<\/h2>\n<p>Aceasta este o \u00eentrebare pe care o \u00eent\u00e2lnim foarte des, mai ales din partea celor care cump\u0103r\u0103 bilete la loteria Mega Sena din afara \u021b\u0103rii sud-americane. S-ar putea s\u0103 v\u0103 \u00eentreba\u021bi dac\u0103 trebuie s\u0103 zbura\u021bi p\u00e2n\u0103 \u00een acea \u021bar\u0103 sud-american\u0103 pentru a v\u0103 revendica premiul. Dar, acest lucru nu este deloc necesar, de\u0219i, dac\u0103 v\u0103 dori\u021bi o vizit\u0103 pentru a v\u0103 bucura de locuri, atunci, prin toate mijloacele, rezerva\u021bi un zbor.<\/p>\n<p>Cu toate acestea, dac\u0103 sunte\u021bi \u00een c\u0103utarea unui mod lipsit de probleme de a juca la loterie \u0219i de a v\u0103 revendica c\u00e2\u0219tigurile f\u0103r\u0103 tot stresul, atunci jocul online este o modalitate excelent\u0103 de a face acest lucru.<\/p>\n<p>Atunci c\u00e2nd v\u0103 \u00eenregistra\u021bi la noi, facem un pas \u00eenainte, asigur\u00e2ndu-ne c\u0103 pute\u021bi intra la loteriile interna\u021bionale la alegere, inclusiv la loteria Mega Sena. Nu doar at\u00e2t, dar pute\u021bi, de asemenea, s\u0103 v\u0103 retrage\u021bi cu u\u0219urin\u021b\u0103 c\u00e2\u0219tigurile de pe site-ul nostru \u00een contul dvs. Niciodat\u0103 nu a fost mai u\u0219or s\u0103 juca\u021bi la loterie.<\/p>\n<h2>Ce se \u00eent\u00e2mpl\u0103 cu Mega da Virada?<\/h2>\n<p><img loading=\"lazy\" decoding=\"async\" class=\"alignright size-full wp-image-35593\" src=\"https:\/\/jackpotlotteryonline.com\/wp-content\/uploads\/2022\/11\/2_ticket_uk_lottery2-1-190x300-1.jpg\" alt=\"Mega Sena bilet de loterie\" width=\"190\" height=\"300\" \/><\/p>\n<p>Ne bucur\u0103m \u00een mod deosebit c\u0103 a\u021bi \u00eentrebat despre asta, deoarece este unul dintre cele mai mari jackpoturi de acolo. De fapt, este cel mai mare jackpot al anului \u00een Brazilia, iar suma ar putea ajunge p\u00e2n\u0103 la 60 de milioane de dolari.<\/p>\n<p>Mega da Virada este un jackpot special al loteriei Mega Sena, care are loc o dat\u0103 pe an. Extragerea Mega da Virada are loc pe 31 octombrie \u00een fiecare an \u0219i le ofer\u0103 juc\u0103torilor posibilitatea de a c\u00e2\u0219tiga mult.<\/p>\n<p>De asemenea, Mega da Virada nu se re\u00eennoie\u0219te, astfel c\u0103 premiul trebuie c\u00e2\u0219tigat, altfel dispare pentru tot anul.<\/p>\n<h2>Zilele regulate de extragere Mega Sena<\/h2>\n<p>Atunci c\u00e2nd cump\u0103ra\u021bi bilete Mega Sena, ave\u021bi op\u021biunea de a participa la extragere miercuri sau s\u00e2mb\u0103t\u0103. Bine\u00een\u021beles, pute\u021bi participa la ambele, ceea ce v\u0103 recomand\u0103m pentru c\u0103 v\u0103 cre\u0219te \u0219ansele de a c\u00e2\u0219tiga un premiu.<\/p>\n<p>Dac\u0103 sunte\u021bi cu adev\u0103rat dornic s\u0103 v\u0103 m\u0103ri\u021bi \u0219ansele de a c\u00e2\u0219tiga premiul cel mare, ar trebui s\u0103 lua\u021bi \u00een considerare posibilitatea de a v\u0103 al\u0103tura unui sindicat de loterie. Avantajul este c\u0103 ve\u021bi avea acces la un fond comun, ceea ce v\u0103 va permite s\u0103 participa\u021bi la mai multe extrageri f\u0103r\u0103 s\u0103 v\u0103 cheltui\u021bi toate fondurile.<\/p>\n<h2>Nivele de premii<\/h2>\n<p>Loteria Mega Sena are trei niveluri de premii, care includ jackpot-ul. Aceasta \u00eenseamn\u0103 c\u0103, \u00een afar\u0103 de premiul jackpot, juc\u0103torii au \u0219ansa de a c\u00e2\u0219tiga premii \u00een alte dou\u0103 categorii. Le vom enumera mai jos \u0219i v\u0103 vom ar\u0103ta cum pute\u021bi c\u00e2\u0219tiga \u00een aceste niveluri.<\/p>\n<p>Potrive\u0219te 6 numere &#8211; Jackpot &#8211; 35% din banii din fondul de premii<br \/>\nPotrive\u0219te 5 numere &#8211; Nivelul 2 &#8211; 19% din banii din fondul de premii<br \/>\nPotrivi\u021bi 4 numere &#8211; Nivelul 3 &#8211; 19% din fondul de premii<\/p>\n<p><strong>Fapt interesant: \u0219ansele de a c\u00e2\u0219tiga un premiu atunci c\u00e2nd joci un singur bilet de intrare cu 6 numere sunt de 1 la 2.298.<\/strong><\/p>\n<h2>\u00cenregistreaz\u0103-te cu noi pentru a participa la loteria Mega Sena<\/h2>\n<p>Nu l\u0103sa\u021bi ca faptul c\u0103 nu locui\u021bi \u00een America de Sud s\u0103 v\u0103 \u00eempiedice s\u0103 v\u0103 bucura\u021bi de loteria Mega Sena. \u0218ansele de c\u00e2\u0219tig sunt mari, iar premiile sunt tentante. A\u0219adar, dac\u0103 locui\u021bi \u00een afara Braziliei, pute\u021bi cump\u0103ra bilete la Mega Sena pe site-ul nostru, \u00eenregistr\u00e2ndu-v\u0103 la noi.<\/p>\n<p>Oferim o solu\u021bie unic\u0103 care simplific\u0103 \u00eentregul proces de joc la loto. Acum pute\u021bi s\u0103 v\u0103 relaxa\u021bi \u0219i s\u0103 plasa\u021bi pariul cu u\u0219urin\u021b\u0103, deoarece noi ne ocup\u0103m de partea stresant\u0103 pentru dumneavoastr\u0103. De ce s\u0103 nu v\u0103 cump\u0103ra\u021bi acum biletele Mega Sena pentru a avea \u0219ansa de a c\u00e2\u0219tiga mult?<\/p>\n","protected":false},"excerpt":{"rendered":"<p>Mega Sena este cea mai mare loterie din Brazilia, cu unul dintre cele mai mari jackpot-uri din lume. Nu este de mirare c\u0103 pariorii de pretutindeni sunt dornici de o \u0219ans\u0103 de a c\u00e2\u0219tiga jackpotul. Interesant este c\u0103 Mega Sena este, de asemenea, o loterie u\u0219or de jucat, mai u\u0219or dec\u00e2t o mul\u021bime de alte [&hellip;]<\/p>\n","protected":false},"author":1,"featured_media":0,"parent":35774,"menu_order":15,"comment_status":"closed","ping_status":"closed","template":"megasena-info.php","meta":{"_et_pb_use_builder":"","_et_pb_old_content":"","_et_gb_content_width":"","exclude_from_search":false,"footnotes":""},"class_list":["post-37011","page","type-page","status-publish","hentry"],"yoast_head":"<!-- This site is optimized with the Yoast SEO plugin v23.3 - https:\/\/yoast.com\/wordpress\/plugins\/seo\/ -->\n<title>Cump\u0103ra\u021bi bilete Mega Sena din afara Braziliei | Cump\u0103ra\u021bi bilete Mega Sena online<\/title>\n<meta name=\"description\" content=\"Nu trebuie s\u0103 fi\u021bi \u00een Brazilia pentru a participa la Mega Sena, cump\u0103ra\u021bi biletul Mega Sena online de pe site-ul nostru\" \/>\n<meta name=\"robots\" content=\"index, follow, max-snippet:-1, max-image-preview:large, max-video-preview:-1\" \/>\n<link rel=\"canonical\" href=\"https:\/\/jackpotlotteryonline.com\/ro\/cumpara-bilete\/mega-sena\/\" \/>\n<meta property=\"og:locale\" content=\"ro_RO\" \/>\n<meta property=\"og:type\" content=\"article\" \/>\n<meta property=\"og:title\" content=\"Cump\u0103ra\u021bi bilete Mega Sena din afara Braziliei | Cump\u0103ra\u021bi bilete Mega Sena online\" \/>\n<meta property=\"og:description\" content=\"Nu trebuie s\u0103 fi\u021bi \u00een Brazilia pentru a participa la Mega Sena, cump\u0103ra\u021bi biletul Mega Sena online de pe site-ul nostru\" \/>\n<meta property=\"og:url\" content=\"https:\/\/jackpotlotteryonline.com\/ro\/cumpara-bilete\/mega-sena\/\" \/>\n<meta property=\"og:site_name\" content=\"Lotto Online - Crack The International Lottery Jackpots\" \/>\n<meta property=\"article:modified_time\" content=\"2022-12-24T08:59:35+00:00\" \/>\n<meta property=\"og:image\" content=\"https:\/\/jackpotlotteryonline.com\/wp-content\/uploads\/2022\/11\/1_online_ticket_eurojackpot2.jpg\" \/>\n<meta name=\"twitter:card\" content=\"summary_large_image\" \/>\n<meta name=\"twitter:label1\" content=\"Timp estimat pentru citire\" \/>\n\t<meta name=\"twitter:data1\" content=\"6 minute\" \/>\n<!-- \/ Yoast SEO plugin. -->","yoast_head_json":{"title":"Cump\u0103ra\u021bi bilete Mega Sena din afara Braziliei | Cump\u0103ra\u021bi bilete Mega Sena online","description":"Nu trebuie s\u0103 fi\u021bi \u00een Brazilia pentru a participa la Mega Sena, cump\u0103ra\u021bi biletul Mega Sena online de pe site-ul nostru","robots":{"index":"index","follow":"follow","max-snippet":"max-snippet:-1","max-image-preview":"max-image-preview:large","max-video-preview":"max-video-preview:-1"},"canonical":"https:\/\/jackpotlotteryonline.com\/ro\/cumpara-bilete\/mega-sena\/","og_locale":"ro_RO","og_type":"article","og_title":"Cump\u0103ra\u021bi bilete Mega Sena din afara Braziliei | Cump\u0103ra\u021bi bilete Mega Sena online","og_description":"Nu trebuie s\u0103 fi\u021bi \u00een Brazilia pentru a participa la Mega Sena, cump\u0103ra\u021bi biletul Mega Sena online de pe site-ul nostru","og_url":"https:\/\/jackpotlotteryonline.com\/ro\/cumpara-bilete\/mega-sena\/","og_site_name":"Lotto Online - Crack The International Lottery Jackpots","article_modified_time":"2022-12-24T08:59:35+00:00","og_image":[{"url":"https:\/\/jackpotlotteryonline.com\/wp-content\/uploads\/2022\/11\/1_online_ticket_eurojackpot2.jpg"}],"twitter_card":"summary_large_image","twitter_misc":{"Timp estimat pentru citire":"6 minute"},"schema":{"@context":"https:\/\/schema.org","@graph":[{"@type":"WebPage","@id":"https:\/\/jackpotlotteryonline.com\/ro\/cumpara-bilete\/mega-sena\/","url":"https:\/\/jackpotlotteryonline.com\/ro\/cumpara-bilete\/mega-sena\/","name":"Cump\u0103ra\u021bi bilete Mega Sena din afara Braziliei | Cump\u0103ra\u021bi bilete Mega Sena online","isPartOf":{"@id":"https:\/\/jackpotlotteryonline.com\/#website"},"primaryImageOfPage":{"@id":"https:\/\/jackpotlotteryonline.com\/ro\/cumpara-bilete\/mega-sena\/#primaryimage"},"image":{"@id":"https:\/\/jackpotlotteryonline.com\/ro\/cumpara-bilete\/mega-sena\/#primaryimage"},"thumbnailUrl":"https:\/\/jackpotlotteryonline.com\/wp-content\/uploads\/2022\/11\/1_online_ticket_eurojackpot2.jpg","datePublished":"2022-11-09T13:23:26+00:00","dateModified":"2022-12-24T08:59:35+00:00","description":"Nu trebuie s\u0103 fi\u021bi \u00een Brazilia pentru a participa la Mega Sena, cump\u0103ra\u021bi biletul Mega Sena online de pe site-ul nostru","breadcrumb":{"@id":"https:\/\/jackpotlotteryonline.com\/ro\/cumpara-bilete\/mega-sena\/#breadcrumb"},"inLanguage":"ro-RO","potentialAction":[{"@type":"ReadAction","target":["https:\/\/jackpotlotteryonline.com\/ro\/cumpara-bilete\/mega-sena\/"]}]},{"@type":"ImageObject","inLanguage":"ro-RO","@id":"https:\/\/jackpotlotteryonline.com\/ro\/cumpara-bilete\/mega-sena\/#primaryimage","url":"https:\/\/jackpotlotteryonline.com\/wp-content\/uploads\/2022\/11\/1_online_ticket_eurojackpot2.jpg","contentUrl":"https:\/\/jackpotlotteryonline.com\/wp-content\/uploads\/2022\/11\/1_online_ticket_eurojackpot2.jpg"},{"@type":"BreadcrumbList","@id":"https:\/\/jackpotlotteryonline.com\/ro\/cumpara-bilete\/mega-sena\/#breadcrumb","itemListElement":[{"@type":"ListItem","position":1,"name":"Home","item":"https:\/\/jackpotlotteryonline.com\/ro\/"},{"@type":"ListItem","position":2,"name":"Cum s\u0103 cump\u0103ra\u021bi bilete de loterie online","item":"https:\/\/jackpotlotteryonline.com\/buy-tickets\/"},{"@type":"ListItem","position":3,"name":"Cump\u0103ra\u021bi bilete la Mega Sena"}]},{"@type":"WebSite","@id":"https:\/\/jackpotlotteryonline.com\/#website","url":"https:\/\/jackpotlotteryonline.com\/","name":"Lotto Online - Crack The International Lottery Jackpots","description":"","potentialAction":[{"@type":"SearchAction","target":{"@type":"EntryPoint","urlTemplate":"https:\/\/jackpotlotteryonline.com\/?s={search_term_string}"},"query-input":"required name=search_term_string"}],"inLanguage":"ro-RO"}]}},"_links":{"self":[{"href":"https:\/\/jackpotlotteryonline.com\/ro\/wp-json\/wp\/v2\/pages\/37011","targetHints":{"allow":["GET"]}}],"collection":[{"href":"https:\/\/jackpotlotteryonline.com\/ro\/wp-json\/wp\/v2\/pages"}],"about":[{"href":"https:\/\/jackpotlotteryonline.com\/ro\/wp-json\/wp\/v2\/types\/page"}],"author":[{"embeddable":true,"href":"https:\/\/jackpotlotteryonline.com\/ro\/wp-json\/wp\/v2\/users\/1"}],"replies":[{"embeddable":true,"href":"https:\/\/jackpotlotteryonline.com\/ro\/wp-json\/wp\/v2\/comments?post=37011"}],"version-history":[{"count":0,"href":"https:\/\/jackpotlotteryonline.com\/ro\/wp-json\/wp\/v2\/pages\/37011\/revisions"}],"up":[{"embeddable":true,"href":"https:\/\/jackpotlotteryonline.com\/ro\/wp-json\/wp\/v2\/pages\/35774"}],"wp:attachment":[{"href":"https:\/\/jackpotlotteryonline.com\/ro\/wp-json\/wp\/v2\/media?parent=37011"}],"curies":[{"name":"wp","href":"https:\/\/api.w.org\/{rel}","templated":true}]}}