{"id":37065,"date":"2022-11-10T07:27:11","date_gmt":"2022-11-10T07:27:11","guid":{"rendered":"https:\/\/jackpotlotteryonline.com\/?page_id=37065"},"modified":"2023-01-06T09:49:59","modified_gmt":"2023-01-06T09:49:59","slug":"new-york-lottery","status":"publish","type":"page","link":"https:\/\/jackpotlotteryonline.com\/ro\/cumpara-bilete\/new-york-lottery\/","title":{"rendered":"Bilete pentru Loteria din New York"},"content":{"rendered":"<p>Dac\u0103 sunte\u021bi \u00een c\u0103utarea unei loterii care are o istorie plin\u0103 de culoare, atunci New York Lotto este cel mai bun pariu. \u00cenc\u0103rcat\u0103 \u00een istorie \u0219i scandal, aceasta este, de asemenea, o loterie care a fost fondat\u0103 pentru o cauz\u0103 bun\u0103. <a href=\"https:\/\/jackpotlotteryonline.com\/ro\/cum-se-joaca\/joaca-la-loto-new-york-online\">Jocul la loto<\/a> este o modalitate bun\u0103 de a v\u0103 distra \u0219i v\u0103 ofer\u0103, de asemenea, ceva de a\u0219teptat cu ner\u0103bdare.<\/p>\n<p>Pentru juc\u0103torii din afara SUA care doresc s\u0103 cumpere bilete la aceast\u0103 loterie, pute\u021bi face acest lucru vizit\u00e2nd jackpotlotteryonline.com. Noi le oferim juc\u0103torilor acces la loteriile interna\u021bionale de top, indiferent unde se afl\u0103 \u00een lume.<\/p>\n<h2>O scurt\u0103 istorie a Loteriei New York Lotto<\/h2>\n<p>Aceasta este o loterie care este administrat\u0103 de guvernul statului New York din SUA. A fost \u00eenfiin\u021bat\u0103 \u00een 1967 ca o modalitate de a ajuta la finan\u021barea educa\u021biei \u00een acest stat. Cet\u0103\u021benii statului, printr-un referendum, au votat pentru ca constitu\u021bia s\u0103 fie modificat\u0103 pentru a permite o loterie administrat\u0103 de stat. Interesant este c\u0103 primul slogan al loteriei a fost &#8220;\u0218ansa vie\u021bii tale de a ajuta educa\u021bia&#8221;.<\/p>\n<p>A\u0219adar, dac\u0103 ave\u021bi nevoie s\u0103 v\u0103 sim\u021bi\u021bi bine juc\u00e2nd la loterie, atunci aceast\u0103 loterie este o bun\u0103 oportunitate pentru dumneavoastr\u0103. Nu numai c\u0103 ve\u021bi avea \u0219ansa de a c\u00e2\u0219tiga mult, dar \u0219ti\u021bi c\u0103 face\u021bi un bine \u00een acest proces.<\/p>\n<p>Un alt fapt interesant este c\u0103, la \u00eenceput, aceast\u0103 loterie a fost lovit\u0103 de scandal, nu o dat\u0103, ci de dou\u0103 ori. \u00cen 1975-6 v\u00e2nz\u0103rile au fost suspendate deoarece s-a descoperit c\u0103 biletele nev\u00e2ndute au fost declarate c\u00e2\u0219tig\u0103toare. Apoi, \u00een anii 1980, angaja\u021bii statului au manipulat rezultatele \u00een favoarea familiei \u0219i a prietenilor. Acele zile sunt de mult \u00een urm\u0103 \u0219i a devenit una dintre cele mai fiabile loterii din \u021bar\u0103.<\/p>\n<h2>Cum s\u0103 cump\u0103ra\u021bi bilete la Loto din afara SUA<\/h2>\n<p><img loading=\"lazy\" decoding=\"async\" class=\"alignright size-full wp-image-26402\" src=\"https:\/\/jackpotlotteryonline.com\/wp-content\/uploads\/2022\/11\/1_buy_online_ticket_powerball.jpg\" alt=\"Premiul Loteriei New York\" width=\"300\" height=\"194\" \/><\/p>\n<p>Dac\u0103 locui\u021bi \u00een afara Statelor Unite, exist\u0103 o singur\u0103 modalitate legitim\u0103 de a cump\u0103ra bilete la loto. Acesta este prin achizi\u021bionarea lor prin internet de la un v\u00e2nz\u0103tor de loto online, cum ar fi jackpotlotteryonline.com.<\/p>\n<p>Pentru a cump\u0103ra biletele, pur \u0219i simplu vizita\u021bi site-ul \u0219i face\u021bi clic pe loteria dorit\u0103. Apoi, alege\u021bi \u0219ase numere \u00eentre 1 \u0219i 59. Nu ezita\u021bi s\u0103 achizi\u021biona\u021bi mai multe linii de intrare pentru a v\u0103 cre\u0219te \u0219ansele de c\u00e2\u0219tig. Dup\u0103 ce v-a\u021bi ales numerele, intra\u021bi \u00een extragerea aleas\u0103 \u0219i efectua\u021bi plata.<\/p>\n<p>Jocul la loto din afara Statelor Unite prin internet este legal \u0219i legitim. De asemenea, deschide o lume de posibilit\u0103\u021bi pentru juc\u0103torii din \u00eentreaga lume. Nu mai trebuie s\u0103 fi\u021bi restric\u021bionat de geografie, deoarece pute\u021bi paria cu u\u0219urin\u021b\u0103 f\u0103r\u0103 frontiere.<\/p>\n<h2>Num\u0103rul de bonus<\/h2>\n<p>Da, exist\u0103 un num\u0103r bonus \u0219i este al \u0219aptelea num\u0103r care este extras. Totu\u0219i, num\u0103rul bonus nu este folosit pentru a determina premiul jackpot, dar este folosit pentru premiul doi. Pentru a c\u00e2\u0219tiga categoria premiului al doilea, un juc\u0103tor trebuie s\u0103 potriveasc\u0103 cele \u0219ase numere extrase \u0219i num\u0103rul bonus.<\/p>\n<section class=\"layout\" style=\"border: solid 1px; width: 100%;\">\n<div class=\"img-div\" style=\"margin-top: 5px;\"><img decoding=\"async\" class=\"wp-image-17212 alignleft\" style=\"height: 45px; margin: 8px 8px 0px;\" src=\"https:\/\/jackpotlotteryonline.com\/wp-content\/uploads\/2022\/11\/read1.jpg\" alt=\"cite\u0219te\" width=\"\" height=\"\" \/><\/div>\n<div style=\"padding-left: 5px;\">\n<div style=\"font-size: 1.1em;\">\n<p><strong>Sfaturi pentru loterie<\/strong><\/p>\n<p style=\"font-size: 0.85em; margin-top: -1.5em;\">Sfaturi care te ajut\u0103 s\u0103 c\u00e2\u0219tigi la loto\u00a0 <a href=\"https:\/\/jackpotlotteryonline.com\/ro\/sfaturi-care-te-ajuta-sa-castigi-la-loto\"> cite\u0219te mai mult<\/a><\/p>\n<\/div>\n<\/div>\n<\/section>\n<h2>Categoriile de premii<\/h2>\n<p>\u0218ansele de a c\u00e2\u0219tiga un premiu global sunt de 1 la 92,05. Distribu\u021bia premiilor se bazeaz\u0103 pe v\u00e2nz\u0103rile globale. Astfel, pentru fiecare loto, 40% din v\u00e2nz\u0103ri sunt alocate ca premii \u00een bani. Premiul cel mare reprezint\u0103 un procent din acesta \u0219i nu este o sum\u0103 blocat\u0103. Categoriile de premii sunt prezentate mai jos:<\/p>\n<p>Categoria 1: 6 numere &#8211; jackpot (30%)<br \/>\nCategoria 2: 5 + num\u0103r bonus &#8211; 2,9% din v\u00e2nz\u0103ri<br \/>\nCategoria 3: 5 numere &#8211; 2,2% din v\u00e2nz\u0103ri<br \/>\nCategoria 4: 4 numere &#8211; 2,5% din v\u00e2nz\u0103ri<br \/>\nCategoria 5: 3 numere &#8211; 2,4% din v\u00e2nz\u0103ri<\/p>\n<h2>Zilele de extragere New York Lotto<\/h2>\n<p><a href=\"https:\/\/jackpotlotteryonline.com\/ro\/numere-castigatoare\/new-york-lottery\">Loteria din New York (a\u0219a cum este numit\u0103 uneori) are dou\u0103 zile de tragere \u00een fiecare s\u0103pt\u0103m\u00e2n\u0103.<\/a> Acestea sunt miercurea \u0219i s\u00e2mb\u0103ta. A\u0219adar, v\u0103 pute\u021bi \u00eenscrie pentru mai multe zile de extragere cu c\u00e2teva s\u0103pt\u0103m\u00e2ni \u00eenainte.<\/p>\n<p>Pentru a afla dac\u0103 a\u021bi c\u00e2\u0219tigat un premiu, pute\u021bi urm\u0103ri extragerile la televizor sau pute\u021bi verifica la \u0219tiri rezultatele extragerilor. Cu toate acestea, acest lucru ar putea deveni cu u\u0219urin\u021b\u0103 obositor, mai ales dac\u0103 sunte\u021bi ocupat \u00een acel moment. Pentru o alternativ\u0103 mai simpl\u0103, \u00eenregistra\u021bi-v\u0103 la noi \u0219i v\u0103 vom anun\u021ba imediat dac\u0103 a\u021bi c\u00e2\u0219tigat.<\/p>\n<h2>De ce ar trebui s\u0103 juca\u021bi la loteria din New York?<\/h2>\n<p>C\u00e2nd v\u0103 g\u00e2ndi\u021bi la faptul c\u0103 premiul \u00een bani este determinat de v\u00e2nz\u0103ri, s-ar putea s\u0103 v\u0103 descuraja\u021bi. Ce se \u00eent\u00e2mpl\u0103 dac\u0103 v\u00e2nz\u0103rile nu sunt bune? \u00censeamn\u0103 c\u0103 premiul jackpot ar putea fi redus semnificativ. Aceasta este o team\u0103 real\u0103 cu care se confrunt\u0103 pariorii atunci c\u00e2nd joac\u0103 la aceast\u0103 loterie.<\/p>\n<p>Dar, exist\u0103 mai multe lucruri care lucreaz\u0103 \u00een favoarea loteriei administrate de guvernul statului New York. Primul este faptul c\u0103 exist\u0103 un mare interes pentru aceast\u0103 loterie, astfel \u00eenc\u00e2t v\u00e2nz\u0103rile sunt \u00eenc\u0103 destul de bune. Jackpotul nu este la fel de mare ca la alte loterii interna\u021bionale, dar juc\u0103torii ar putea c\u00e2\u0219tiga p\u00e2n\u0103 la 10 milioane de dolari.<\/p>\n<p>De asemenea, \u0219ansele de a c\u00e2\u0219tiga un premiu sunt mult mai mari dec\u00e2t la alte loterii cu jackpoturi mai mari. \u00cen timp ce unii pariori pot s\u0103 nu considere acest pariu cu miz\u0103 mare, cotele favorabile cu siguran\u021b\u0103 \u00eendulcesc afacerea. \u00cen plus, premiul jackpot nu este deloc r\u0103u \u0219i ar putea totu\u0219i s\u0103-i fac\u0103 pe c\u00e2\u0219tig\u0103tori milionari.<\/p>\n<h2>\u00cenregistra\u021bi-v\u0103 cu noi pentru o experien\u021b\u0103 f\u0103r\u0103 stres<\/h2>\n<p><img loading=\"lazy\" decoding=\"async\" class=\"size-full wp-image-35321 alignright\" src=\"https:\/\/jackpotlotteryonline.com\/wp-content\/uploads\/2022\/11\/2_ticket_superenalotto-1.jpg\" alt=\"Bilet Loto New York\" width=\"228\" height=\"300\" \/><\/p>\n<p>Juc\u00e2nd la New York Lotto este u\u0219or \u0219i f\u0103r\u0103 probleme atunci c\u00e2nd v\u0103 \u00eenregistra\u021bi la noi. C\u00e2nd vizita\u021bi site-ul nostru, ve\u021bi g\u0103si o gam\u0103 larg\u0103 de loterii interna\u021bionale la care pute\u021bi participa. Ob\u021bine\u021bi un bilet \u0219i paria\u021bi la loteria pe care o alege\u021bi \u0219i alege\u021bi intr\u0103ri multiple dac\u0103 dori\u021bi. Dac\u0103 nu sunte\u021bi sigur de numerele pe care s\u0103 le alege\u021bi, instrumentul nostru de selectare automat\u0103 v\u0103 va ajuta \u00een acest sens.<\/p>\n<p>Dup\u0103 ce v-a\u021bi ales numerele, intra\u021bi \u00een extrageri \u0219i merge\u021bi \u00een zona de plat\u0103. \u00cen acel moment, v\u0103 vom cere s\u0103 v\u0103 \u00eenregistra\u021bi. Acest lucru se \u00eent\u00e2mpl\u0103 din urm\u0103toarele motive:<\/p>\n<ul>\n<li>C\u00e2nd v\u0103 \u00eenregistra\u021bi, v\u0103 pute\u021bi asigura c\u0103 biletele dvs. sunt p\u0103strate \u00een siguran\u021b\u0103, astfel \u00eenc\u00e2t s\u0103 pute\u021bi revendica cu u\u0219urin\u021b\u0103 orice premiu c\u00e2\u0219tigat.<\/li>\n<li>Dac\u0103 c\u00e2\u0219tiga\u021bi un premiu, ve\u021bi primi o alert\u0103 pe panoul de bord \u0219i prin e-mail.<\/li>\n<li>Retragerea premiului dvs. nu a fost niciodat\u0103 mai u\u0219oar\u0103, deoarece pute\u021bi face acest lucru chiar pe platforma noastr\u0103<\/li>\n<\/ul>\n<h2>Cum \u0219ti\u021bi c\u0103 participa\u021bi la loterie?<\/h2>\n<p>Aceasta este o \u00eentrebare legitim\u0103, deoarece exist\u0103 mai multe servicii care v\u00e2nd bilete de loterie, dar nu v\u0103 ofer\u0103 acces la loterie. Ceea ce fac este c\u0103 v\u0103 ofer\u0103 \u0219ansa de a paria \u00eempotriva jackpotului. Astfel, chiar dac\u0103 c\u00e2\u0219tiga\u021bi, pute\u021bi ob\u021bine doar o frac\u021biune din suma jackpot-ului. Noi nu facem acest lucru.<\/p>\n<p>Noi avem un serviciu de concierge care se asigur\u0103 c\u0103 clien\u021bii no\u0219tri au acces \u00een timp real la loteriile pe care le aleg. Atunci c\u00e2nd achizi\u021biona\u021bi o intrare, agen\u021bii no\u0219tri din New York vor achizi\u021biona \u0219i un bilet fizic cu numerele preferate de dumneavoastr\u0103. Ceea ce \u00eenseamn\u0103 c\u0103, dac\u0103 numerele dvs. se potrivesc cu numerele extrase, a\u021bi c\u00e2\u0219tigat jackpotul.<\/p>\n<p>Acesta pare a fi un moment bun pentru a men\u021biona c\u0103 loteria este un joc de noroc. Prin urmare, nu exist\u0103 nicio modalitate de a determina cine va c\u00e2\u0219tiga. Ceea ce \u0219tim este c\u0103 singura modalitate de a avea o \u0219ans\u0103 de c\u00e2\u0219tig este s\u0103 plasa\u021bi un pariu. Acesta este motivul pentru care facem un efort suplimentar pentru a ne asigura c\u0103 clien\u021bii no\u0219tri au aceast\u0103 oportunitate.<\/p>\n<h2>Juca\u021bi la New York Lotto online ast\u0103zi<\/h2>\n<p>Este timpul s\u0103 nu v\u0103 mai g\u00e2ndi\u021bi la ob\u021binerea unui bilet de loterie \u0219i s\u0103 ob\u021bine\u021bi unul. Acesta ar putea fi \u00eenceputul unei aventuri de-o via\u021b\u0103. A\u0219a c\u0103 de ce s\u0103 nu ne vizita\u021bi ast\u0103zi la jackpotlotteryonline.com pentru a plasa un pariu de oriunde din lume? Nu se \u0219tie niciodat\u0103 c\u00e2nd vei c\u00e2\u0219tiga la loterie.<\/p>\n","protected":false},"excerpt":{"rendered":"<p>Dac\u0103 sunte\u021bi \u00een c\u0103utarea unei loterii care are o istorie plin\u0103 de culoare, atunci New York Lotto este cel mai bun pariu. \u00cenc\u0103rcat\u0103 \u00een istorie \u0219i scandal, aceasta este, de asemenea, o loterie care a fost fondat\u0103 pentru o cauz\u0103 bun\u0103. Jocul la loto este o modalitate bun\u0103 de a v\u0103 distra \u0219i v\u0103 ofer\u0103, [&hellip;]<\/p>\n","protected":false},"author":1,"featured_media":0,"parent":35774,"menu_order":14,"comment_status":"closed","ping_status":"closed","template":"newyork-info.php","meta":{"_et_pb_use_builder":"","_et_pb_old_content":"","_et_gb_content_width":"","exclude_from_search":false,"footnotes":""},"class_list":["post-37065","page","type-page","status-publish","hentry"],"yoast_head":"<!-- This site is optimized with the Yoast SEO plugin v23.3 - https:\/\/yoast.com\/wordpress\/plugins\/seo\/ -->\n<title>Cump\u0103ra\u021bi bilete pentru Loteria New York din afara SUA | Cump\u0103ra\u021bi bilete New York Lotery online<\/title>\n<meta name=\"description\" content=\"Dori\u021bi s\u0103 cump\u0103ra\u021bi un bilet pentru Loteria New York, dar locui\u021bi \u00een afara SUA? Cump\u0103ra\u021bi-v\u0103 biletele de loto online aici\" \/>\n<meta name=\"robots\" content=\"index, follow, max-snippet:-1, max-image-preview:large, max-video-preview:-1\" \/>\n<link rel=\"canonical\" href=\"https:\/\/jackpotlotteryonline.com\/ro\/cumpara-bilete\/new-york-lottery\/\" \/>\n<meta property=\"og:locale\" content=\"ro_RO\" \/>\n<meta property=\"og:type\" content=\"article\" \/>\n<meta property=\"og:title\" content=\"Cump\u0103ra\u021bi bilete pentru Loteria New York din afara SUA | Cump\u0103ra\u021bi bilete New York Lotery online\" \/>\n<meta property=\"og:description\" content=\"Dori\u021bi s\u0103 cump\u0103ra\u021bi un bilet pentru Loteria New York, dar locui\u021bi \u00een afara SUA? Cump\u0103ra\u021bi-v\u0103 biletele de loto online aici\" \/>\n<meta property=\"og:url\" content=\"https:\/\/jackpotlotteryonline.com\/ro\/cumpara-bilete\/new-york-lottery\/\" \/>\n<meta property=\"og:site_name\" content=\"Lotto Online - Crack The International Lottery Jackpots\" \/>\n<meta property=\"article:modified_time\" content=\"2023-01-06T09:49:59+00:00\" \/>\n<meta property=\"og:image\" content=\"https:\/\/jackpotlotteryonline.com\/wp-content\/uploads\/2022\/11\/1_buy_online_ticket_powerball.jpg\" \/>\n<meta name=\"twitter:card\" content=\"summary_large_image\" \/>\n<meta name=\"twitter:label1\" content=\"Timp estimat pentru citire\" \/>\n\t<meta name=\"twitter:data1\" content=\"7 minute\" \/>\n<!-- \/ Yoast SEO plugin. -->","yoast_head_json":{"title":"Cump\u0103ra\u021bi bilete pentru Loteria New York din afara SUA | Cump\u0103ra\u021bi bilete New York Lotery online","description":"Dori\u021bi s\u0103 cump\u0103ra\u021bi un bilet pentru Loteria New York, dar locui\u021bi \u00een afara SUA? Cump\u0103ra\u021bi-v\u0103 biletele de loto online aici","robots":{"index":"index","follow":"follow","max-snippet":"max-snippet:-1","max-image-preview":"max-image-preview:large","max-video-preview":"max-video-preview:-1"},"canonical":"https:\/\/jackpotlotteryonline.com\/ro\/cumpara-bilete\/new-york-lottery\/","og_locale":"ro_RO","og_type":"article","og_title":"Cump\u0103ra\u021bi bilete pentru Loteria New York din afara SUA | Cump\u0103ra\u021bi bilete New York Lotery online","og_description":"Dori\u021bi s\u0103 cump\u0103ra\u021bi un bilet pentru Loteria New York, dar locui\u021bi \u00een afara SUA? Cump\u0103ra\u021bi-v\u0103 biletele de loto online aici","og_url":"https:\/\/jackpotlotteryonline.com\/ro\/cumpara-bilete\/new-york-lottery\/","og_site_name":"Lotto Online - Crack The International Lottery Jackpots","article_modified_time":"2023-01-06T09:49:59+00:00","og_image":[{"url":"https:\/\/jackpotlotteryonline.com\/wp-content\/uploads\/2022\/11\/1_buy_online_ticket_powerball.jpg"}],"twitter_card":"summary_large_image","twitter_misc":{"Timp estimat pentru citire":"7 minute"},"schema":{"@context":"https:\/\/schema.org","@graph":[{"@type":"WebPage","@id":"https:\/\/jackpotlotteryonline.com\/ro\/cumpara-bilete\/new-york-lottery\/","url":"https:\/\/jackpotlotteryonline.com\/ro\/cumpara-bilete\/new-york-lottery\/","name":"Cump\u0103ra\u021bi bilete pentru Loteria New York din afara SUA | Cump\u0103ra\u021bi bilete New York Lotery online","isPartOf":{"@id":"https:\/\/jackpotlotteryonline.com\/#website"},"primaryImageOfPage":{"@id":"https:\/\/jackpotlotteryonline.com\/ro\/cumpara-bilete\/new-york-lottery\/#primaryimage"},"image":{"@id":"https:\/\/jackpotlotteryonline.com\/ro\/cumpara-bilete\/new-york-lottery\/#primaryimage"},"thumbnailUrl":"https:\/\/jackpotlotteryonline.com\/wp-content\/uploads\/2022\/11\/1_buy_online_ticket_powerball.jpg","datePublished":"2022-11-10T07:27:11+00:00","dateModified":"2023-01-06T09:49:59+00:00","description":"Dori\u021bi s\u0103 cump\u0103ra\u021bi un bilet pentru Loteria New York, dar locui\u021bi \u00een afara SUA? Cump\u0103ra\u021bi-v\u0103 biletele de loto online aici","breadcrumb":{"@id":"https:\/\/jackpotlotteryonline.com\/ro\/cumpara-bilete\/new-york-lottery\/#breadcrumb"},"inLanguage":"ro-RO","potentialAction":[{"@type":"ReadAction","target":["https:\/\/jackpotlotteryonline.com\/ro\/cumpara-bilete\/new-york-lottery\/"]}]},{"@type":"ImageObject","inLanguage":"ro-RO","@id":"https:\/\/jackpotlotteryonline.com\/ro\/cumpara-bilete\/new-york-lottery\/#primaryimage","url":"https:\/\/jackpotlotteryonline.com\/wp-content\/uploads\/2022\/11\/1_buy_online_ticket_powerball.jpg","contentUrl":"https:\/\/jackpotlotteryonline.com\/wp-content\/uploads\/2022\/11\/1_buy_online_ticket_powerball.jpg"},{"@type":"BreadcrumbList","@id":"https:\/\/jackpotlotteryonline.com\/ro\/cumpara-bilete\/new-york-lottery\/#breadcrumb","itemListElement":[{"@type":"ListItem","position":1,"name":"Home","item":"https:\/\/jackpotlotteryonline.com\/ro\/"},{"@type":"ListItem","position":2,"name":"Cum s\u0103 cump\u0103ra\u021bi bilete de loterie online","item":"https:\/\/jackpotlotteryonline.com\/buy-tickets\/"},{"@type":"ListItem","position":3,"name":"Bilete pentru Loteria din New York"}]},{"@type":"WebSite","@id":"https:\/\/jackpotlotteryonline.com\/#website","url":"https:\/\/jackpotlotteryonline.com\/","name":"Lotto Online - Crack The International Lottery Jackpots","description":"","potentialAction":[{"@type":"SearchAction","target":{"@type":"EntryPoint","urlTemplate":"https:\/\/jackpotlotteryonline.com\/?s={search_term_string}"},"query-input":"required name=search_term_string"}],"inLanguage":"ro-RO"}]}},"_links":{"self":[{"href":"https:\/\/jackpotlotteryonline.com\/ro\/wp-json\/wp\/v2\/pages\/37065","targetHints":{"allow":["GET"]}}],"collection":[{"href":"https:\/\/jackpotlotteryonline.com\/ro\/wp-json\/wp\/v2\/pages"}],"about":[{"href":"https:\/\/jackpotlotteryonline.com\/ro\/wp-json\/wp\/v2\/types\/page"}],"author":[{"embeddable":true,"href":"https:\/\/jackpotlotteryonline.com\/ro\/wp-json\/wp\/v2\/users\/1"}],"replies":[{"embeddable":true,"href":"https:\/\/jackpotlotteryonline.com\/ro\/wp-json\/wp\/v2\/comments?post=37065"}],"version-history":[{"count":0,"href":"https:\/\/jackpotlotteryonline.com\/ro\/wp-json\/wp\/v2\/pages\/37065\/revisions"}],"up":[{"embeddable":true,"href":"https:\/\/jackpotlotteryonline.com\/ro\/wp-json\/wp\/v2\/pages\/35774"}],"wp:attachment":[{"href":"https:\/\/jackpotlotteryonline.com\/ro\/wp-json\/wp\/v2\/media?parent=37065"}],"curies":[{"name":"wp","href":"https:\/\/api.w.org\/{rel}","templated":true}]}}