{"id":37117,"date":"2022-11-10T09:32:50","date_gmt":"2022-11-10T09:32:50","guid":{"rendered":"https:\/\/jackpotlotteryonline.com\/?page_id=37117"},"modified":"2023-01-04T08:51:25","modified_gmt":"2023-01-04T08:51:25","slug":"thunderball","status":"publish","type":"page","link":"https:\/\/jackpotlotteryonline.com\/ro\/cumpara-bilete\/thunderball\/","title":{"rendered":"Cump\u0103ra\u021bi bilete pentru Thunderball"},"content":{"rendered":"<p>Nu exist\u0103 o lips\u0103 de loterii la care juc\u0103torii din Marea Britanie s\u0103 joace. De la jocuri de loto la jocuri de rent\u0103, exist\u0103 ceva pentru toat\u0103 lumea \u0219i aproape \u00een fiecare zi de asemenea. Dar unul dintre jocurile preferate de pariori este Thunderball. Este interesant pentru c\u0103 aceasta este o loterie care nu ofer\u0103 un jackpot \u00een valoare de milioane de lire sterline. De fapt, v\u0103 putem garanta c\u0103, chiar dac\u0103 ve\u021bi c\u00e2\u0219tiga jackpotul, nu ve\u021bi fi milionar. Atunci de ce juc\u0103torii par s\u0103 iubeasc\u0103 aceast\u0103 loterie?<\/p>\n<p>Motivul este simplu; \u0219ansele sunt mult mai bune dec\u00e2t la alte jocuri cu jackpoturi mai mari. Cu patru extrageri s\u0103pt\u0103m\u00e2nale \u0219i o sum\u0103 de jackpot ordonat\u0103, nu e de mirare c\u0103 pasiona\u021bii de loto se adun\u0103 la aceast\u0103 loterie \u00een fiecare s\u0103pt\u0103m\u00e2n\u0103.<\/p>\n<p>Dac\u0103 locui\u021bi \u00een afara Regatului Unit, pute\u021bi participa, de asemenea, la oricare dintre extrageri. Vizita\u021bi jackpotlotteryonline.com pentru o modalitate eficient\u0103 \u0219i f\u0103r\u0103 stres de a cump\u0103ra bilete de loterie oriunde v-a\u021bi afla.<\/p>\n<h2>Cum func\u021bioneaz\u0103 Thunderball?<\/h2>\n<p><img loading=\"lazy\" decoding=\"async\" class=\"alignright size-medium wp-image-30425\" src=\"http:\/\/jackpotlotteryonline.com\/wp-content\/uploads\/2022\/11\/1_you_win_jackpot-300x300.jpg\" alt=\"Cum se joac\u0103 Thunderball\" width=\"300\" height=\"300\" srcset=\"https:\/\/jackpotlotteryonline.com\/wp-content\/uploads\/2022\/11\/1_you_win_jackpot-300x300.jpg 300w, https:\/\/jackpotlotteryonline.com\/wp-content\/uploads\/2022\/11\/1_you_win_jackpot-100x100.jpg 100w, https:\/\/jackpotlotteryonline.com\/wp-content\/uploads\/2022\/11\/1_you_win_jackpot-150x150.jpg 150w, https:\/\/jackpotlotteryonline.com\/wp-content\/uploads\/2022\/11\/1_you_win_jackpot.jpg 320w\" sizes=\"auto, (max-width: 300px) 100vw, 300px\" \/><\/p>\n<p>Aceast\u0103 loterie britanic\u0103 este simpl\u0103 \u0219i u\u0219or de jucat, iar juc\u0103torii experimenta\u021bi la loto nu ar trebui s\u0103 aib\u0103 nicio problem\u0103 cu aceast\u0103 loterie britanic\u0103.<\/p>\n<p>Pentru a<a href=\"https:\/\/jackpotlotteryonline.com\/ro\/cum-se-joaca\/thunderball\"> juca la aceast\u0103 loterie britanic\u0103<\/a>, juc\u0103torii trebuie s\u0103 aleag\u0103 cinci numere principale \u00eentre 1 \u0219i 39 \u0219i un num\u0103r special de la 1 la 14. Num\u0103rul special se nume\u0219te Thunderball.<\/p>\n<p>Dup\u0103 ce a\u021bi ales numerele, urm\u0103torul pas este s\u0103 <a href=\"https:\/\/jackpotlotteryonline.com\/ro\/numere-castigatoare\/thunderball\">participa\u021bi la extrageri<\/a> \u0219i s\u0103 a\u0219tepta\u021bi rezultatele. Am men\u021bionat deja c\u0103 ofer\u0103 patru extrageri s\u0103pt\u0103m\u00e2nale. Asta \u00eenseamn\u0103 patru oportunit\u0103\u021bi de a c\u00e2\u0219tiga jackpotul! Extragerile au loc \u00een zilele de mar\u021bi, miercuri, joi \u0219i s\u00e2mb\u0103t\u0103.<\/p>\n<h2>Este legal s\u0103 cumperi online un bilet de loterie din Marea Britanie?<\/h2>\n<p>\u00centrebarea dac\u0103 pute\u021bi sau nu s\u0103 participa\u021bi la loto prin intermediul internetului este o preocupare valabil\u0103. Este adev\u0103rat c\u0103 exist\u0103 escrocherii \u0219i ar fi o prostie s\u0103 ignor\u0103m acest lucru. Cu toate acestea, exist\u0103 site-uri de loterie legitime care v\u00e2nd bilete la loterii din \u00eentreaga lume \u0219i acest lucru este perfect legal.<\/p>\n<p>\u00cen primul r\u00e2nd, aceast\u0103 loterie britanic\u0103 nu este limitat\u0103 la cet\u0103\u021benii din Regatul Unit. Singura restric\u021bie este geografic\u0103, \u00een sensul c\u0103 biletele fizice sunt v\u00e2ndute de v\u00e2nz\u0103torii din \u021bar\u0103. Cump\u0103rarea biletelor online este singura modalitate de a juca la loto din afara \u021b\u0103rii.<\/p>\n<p>\u00cenainte de a cump\u0103ra un bilet de loterie, asigura\u021bi-v\u0103 c\u0103 folosi\u021bi un v\u00e2nz\u0103tor de loterie legitim, \u00een special unul care are o bun\u0103 reputa\u021bie. O modalitate bun\u0103 de a verifica este s\u0103 vede\u021bi dac\u0103 ace\u0219tia au un istoric de plat\u0103 a c\u00e2\u0219tigurilor, astfel \u00eenc\u00e2t s\u0103 nu v\u0103 pierde\u021bi c\u00e2\u0219tigurile.<\/p>\n<section class=\"layout\" style=\"border: solid 1px; width: 100%;\">\n<div class=\"img-div\" style=\"margin-top: 5px;\"><img decoding=\"async\" class=\"wp-image-17212 alignleft\" style=\"height: 45px; margin: 8px 8px 0px;\" src=\"http:\/\/jackpotlotteryonline.com\/wp-content\/uploads\/2022\/11\/read1.jpg\" alt=\"cite\u0219te\" width=\"\" height=\"\" \/><\/div>\n<div style=\"padding-left: 5px;\">\n<div style=\"font-size: 1.1em;\">\n<p><strong>Loteria dumneavoastr\u0103 na\u021bional\u0103 \u00een compara\u021bie interna\u021bional\u0103<\/strong><\/p>\n<p style=\"font-size: 0.85em; margin-top: -1.5em;\">Loteria local\u0103 poate fi cea mai proast\u0103 op\u021biune &#8211; de ce este mai logic s\u0103 pl\u0103ti\u021bi mai mult, dar s\u0103 merge\u021bi la jackpoturi mai mari\u00a0 <a href=\"https:\/\/jackpotlotteryonline.com\/ro\/loteria-ta-nationala-in-comparatie-cu-cea-internationala\"> cite\u0219te mai mult<\/a><\/p>\n<\/div>\n<\/div>\n<\/section>\n<h2>Jackpot \u0219i premii<\/h2>\n<p>Deci, care este mai exact premiul jackpot pentru aceast\u0103 loterie britanic\u0103? Premiul jackpot este de cinci sute de mii de lire sterline \u0219i este garantat pentru fiecare extragere. Orice bilet care se potrive\u0219te cu cele cinci numere extrase \u0219i cu num\u0103rul special c\u00e2\u0219tig\u0103 premiul cel mare.<\/p>\n<p>Jackpotul nu este singurul premiu pe care juc\u0103torii \u00eel pot c\u00e2\u0219tiga la aceast\u0103 loterie, deoarece exist\u0103 \u0219i alte niveluri de premii. Premiul al doilea nivel este, de asemenea, o sum\u0103 fix\u0103 de cinci mii de lire sterline, ceea ce este cu adev\u0103rat grozav. Sunt nou\u0103 niveluri de premii \u00een total \u0219i exist\u0103 un premiu doar pentru potrivirea num\u0103rului special.<\/p>\n<p>Din nou, \u0219ansele pentru aceast\u0103 loterie sunt incredibile, motiv pentru care a produs at\u00e2t de mul\u021bi c\u00e2\u0219tig\u0103tori de la prima extragere din 1999. Din cauza cererii mari pentru loterie, aceasta a trecut de la o singur\u0103 extragere s\u0103pt\u0103m\u00e2nal\u0103 la patru extrageri s\u0103pt\u0103m\u00e2nale. A\u0219adar, dac\u0103 joci la aceast\u0103 loterie britanic\u0103, \u0219ansele de a c\u00e2\u0219tiga jackpotul sunt de 1 la 8.060.598, \u00een timp ce \u0219ansele de a c\u00e2\u0219tiga orice premiu sunt de 1 la 13.<br \/>\n<img loading=\"lazy\" decoding=\"async\" class=\"alignright size-medium wp-image-35457\" src=\"http:\/\/jackpotlotteryonline.com\/wp-content\/uploads\/2022\/11\/2_ticket_uk_lottery-192x300.jpg\" alt=\"Bilet thunderball\" width=\"192\" height=\"300\" srcset=\"https:\/\/jackpotlotteryonline.com\/wp-content\/uploads\/2022\/11\/2_ticket_uk_lottery-192x300.jpg 192w, https:\/\/jackpotlotteryonline.com\/wp-content\/uploads\/2022\/11\/2_ticket_uk_lottery.jpg 250w\" sizes=\"auto, (max-width: 192px) 100vw, 192px\" \/><\/p>\n<p><strong>C\u00e2nd joci la aceast\u0103 loterie, iat\u0103 la ce te po\u021bi a\u0219tepta s\u0103 c\u00e2\u0219tigi:<\/strong><\/p>\n<p>Potrivi\u021bi 5 numere + num\u0103rul special &#8211; 500.000 \u00a3 (Jackpot)<br \/>\nPotrive\u0219te doar 5 numere &#8211; 5.000 de lire sterline<br \/>\nPotrive\u0219te 4 numere + num\u0103r special &#8211; 250 \u00a3.<br \/>\nPotrive\u0219te doar 4 numere &#8211; \u00a3100<br \/>\nPotrive\u0219te 3 numere + num\u0103r special &#8211; \u00a320<br \/>\nDoar 3 numere &#8211; \u00a310<br \/>\nPotrive\u0219te 2 numere + num\u0103r special &#8211; \u00a310<br \/>\nPotrive\u0219te 1 num\u0103r + num\u0103r special &#8211; \u00a35<br \/>\nPotrive\u0219te 0 numere + num\u0103r special &#8211; \u00a33<\/p>\n<h2>Cum s\u0103 v\u0103 revendica\u021bi premiul<\/h2>\n<p>Modul \u00een care v\u0103 revendica\u021bi premiul va depinde de modul \u00een care a\u021bi cump\u0103rat biletul de loterie. Dac\u0103 a\u021bi participat la loterie prin intermediul site-ului nostru, v\u0103 pute\u021bi revendica premiul acces\u00e2nd contul dvs. \u0219i retr\u0103g\u00e2ndu-v\u0103 c\u00e2\u0219tigurile de pe platforma noastr\u0103.<\/p>\n<p>\u00cenainte de a v\u0103 revendica premiul, este important s\u0103 \u0219ti\u021bi c\u00e2teva lucruri despre jocul la loterie \u00een Regatul Unit. \u0218tim deja c\u0103 loteria este deschis\u0103 tuturor, indiferent de na\u021bionalitate, \u00eens\u0103 iat\u0103 c\u00e2teva lucruri de re\u021binut:<\/p>\n<ul>\n<li>Loteria este deschis\u0103 juc\u0103torilor cu v\u00e2rsta de peste 16 ani<\/li>\n<li>Premiile sunt pl\u0103tite \u00eentr-o sum\u0103 forfetar\u0103<\/li>\n<li>C\u00e2\u0219tigurile la loterie nu sunt supuse impozit\u0103rii \u00een \u021bar\u0103. Cu toate acestea, dac\u0103 juca\u021bi din afara \u021b\u0103rii, ar trebui s\u0103 verifica\u021bi legile fiscale din \u021bara dvs.<\/li>\n<li>Ave\u021bi la dispozi\u021bie 180 de zile pentru a revendica orice c\u00e2\u0219tig \u00eenainte ca acesta s\u0103 se \u00eentoarc\u0103 \u00een fondul comun<\/li>\n<li>Dac\u0103 a\u021bi participat la loterie prin intermediul unui v\u00e2nz\u0103tor fizic, este posibil s\u0103 trebuiasc\u0103 s\u0103 contacta\u021bi organizatorii loteriei pentru a v\u0103 revendica c\u00e2\u0219tigul.<\/li>\n<\/ul>\n<h2>De ce ar trebui s\u0103 juca\u021bi la loto cu noi<\/h2>\n<p>Suntem un serviciu de concierge personalizat care ofer\u0103 acces la loterii interna\u021bionale de top juc\u0103torilor din \u00eentreaga lume. Am petrecut ani de zile perfec\u021bion\u00e2nd procesul pentru a ne asigura c\u0103 clien\u021bii no\u0219tri au parte de o experien\u021b\u0103 palpitant\u0103, pl\u0103cut\u0103 \u0219i lipsit\u0103 de stres.<\/p>\n<p>Atunci c\u00e2nd v\u0103 \u00eenregistra\u021bi la noi, pute\u021bi participa la mai multe loterii \u00een mod convenabil de pe o singur\u0103 platform\u0103 online. V\u0103 oferim siguran\u021ba suplimentar\u0103 de a \u0219ti c\u0103 talonul de \u00eenscriere este \u00een siguran\u021b\u0103, astfel \u00eenc\u00e2t nu trebuie s\u0103 v\u0103 face\u021bi griji c\u0103 \u00eel pierde\u021bi. De asemenea, v\u0103 pute\u021bi relaxa \u0219tiind c\u0103 nu ve\u021bi pierde niciun c\u00e2\u0219tig, deoarece v\u0103 vom anun\u021ba imediat ce ve\u021bi c\u00e2\u0219tiga un premiu.<\/p>\n<p>Practic, noi elimin\u0103m toate \u00eencurc\u0103turile \u0219i sc\u00e2r\u021b\u00e2iturile care vin odat\u0103 cu jocul la loterie, l\u0103s\u00e2ndu-v\u0103 liber s\u0103 face\u021bi ceea ce v\u0103 place cel mai mult: s\u0103 v\u0103 distra\u021bi. Nu conteaz\u0103 unde v\u0103 afla\u021bi \u00een lume, odat\u0103 ce ave\u021bi o conexiune la internet, pute\u021bi participa la loteriile interna\u021bionale de top.<\/p>\n<p>Cu jackpotlotteryonline.com ave\u021bi mai multe op\u021biuni. Po\u021bi juca la una sau mai multe loterii, po\u021bi participa la una sau mai multe extrageri \u0219i chiar po\u021bi configura un abonament, astfel \u00eenc\u00e2t \u00eenscrierile tale s\u0103 func\u021bioneze pe pilot automat. De ce nu ne vizita\u021bi ast\u0103zi pentru a cump\u0103ra bilete Thunderball din afara Regatului Unit?<\/p>\n","protected":false},"excerpt":{"rendered":"<p>Nu exist\u0103 o lips\u0103 de loterii la care juc\u0103torii din Marea Britanie s\u0103 joace. De la jocuri de loto la jocuri de rent\u0103, exist\u0103 ceva pentru toat\u0103 lumea \u0219i aproape \u00een fiecare zi de asemenea. Dar unul dintre jocurile preferate de pariori este Thunderball. Este interesant pentru c\u0103 aceasta este o loterie care nu ofer\u0103 [&hellip;]<\/p>\n","protected":false},"author":1,"featured_media":0,"parent":35774,"menu_order":12,"comment_status":"closed","ping_status":"closed","template":"thunderball-info.php","meta":{"_et_pb_use_builder":"","_et_pb_old_content":"","_et_gb_content_width":"","exclude_from_search":false,"footnotes":""},"class_list":["post-37117","page","type-page","status-publish","hentry"],"yoast_head":"<!-- This site is optimized with the Yoast SEO plugin v23.3 - https:\/\/yoast.com\/wordpress\/plugins\/seo\/ -->\n<title>Cump\u0103ra\u021bi bilete Thunderball din afara Regatului Unit | Thunderball Lottery online<\/title>\n<meta name=\"description\" content=\"Ob\u021bine\u021bi un bilet Thunderball din afara Regatului Unit, cump\u0103r\u00e2ndu-l online aici! Ob\u021bine\u021bi biletul Thunderball scanat prin intermediul serviciului nostru juridic\" \/>\n<meta name=\"robots\" content=\"index, follow, max-snippet:-1, max-image-preview:large, max-video-preview:-1\" \/>\n<link rel=\"canonical\" href=\"https:\/\/jackpotlotteryonline.com\/ro\/cumpara-bilete\/thunderball\/\" \/>\n<meta property=\"og:locale\" content=\"ro_RO\" \/>\n<meta property=\"og:type\" content=\"article\" \/>\n<meta property=\"og:title\" content=\"Cump\u0103ra\u021bi bilete Thunderball din afara Regatului Unit | Thunderball Lottery online\" \/>\n<meta property=\"og:description\" content=\"Ob\u021bine\u021bi un bilet Thunderball din afara Regatului Unit, cump\u0103r\u00e2ndu-l online aici! Ob\u021bine\u021bi biletul Thunderball scanat prin intermediul serviciului nostru juridic\" \/>\n<meta property=\"og:url\" content=\"https:\/\/jackpotlotteryonline.com\/ro\/cumpara-bilete\/thunderball\/\" \/>\n<meta property=\"og:site_name\" content=\"Lotto Online - Crack The International Lottery Jackpots\" \/>\n<meta property=\"article:modified_time\" content=\"2023-01-04T08:51:25+00:00\" \/>\n<meta property=\"og:image\" content=\"http:\/\/jackpotlotteryonline.com\/wp-content\/uploads\/2022\/11\/1_you_win_jackpot-300x300.jpg\" \/>\n<meta name=\"twitter:card\" content=\"summary_large_image\" \/>\n<meta name=\"twitter:label1\" content=\"Timp estimat pentru citire\" \/>\n\t<meta name=\"twitter:data1\" content=\"6 minute\" \/>\n<!-- \/ Yoast SEO plugin. -->","yoast_head_json":{"title":"Cump\u0103ra\u021bi bilete Thunderball din afara Regatului Unit | Thunderball Lottery online","description":"Ob\u021bine\u021bi un bilet Thunderball din afara Regatului Unit, cump\u0103r\u00e2ndu-l online aici! Ob\u021bine\u021bi biletul Thunderball scanat prin intermediul serviciului nostru juridic","robots":{"index":"index","follow":"follow","max-snippet":"max-snippet:-1","max-image-preview":"max-image-preview:large","max-video-preview":"max-video-preview:-1"},"canonical":"https:\/\/jackpotlotteryonline.com\/ro\/cumpara-bilete\/thunderball\/","og_locale":"ro_RO","og_type":"article","og_title":"Cump\u0103ra\u021bi bilete Thunderball din afara Regatului Unit | Thunderball Lottery online","og_description":"Ob\u021bine\u021bi un bilet Thunderball din afara Regatului Unit, cump\u0103r\u00e2ndu-l online aici! Ob\u021bine\u021bi biletul Thunderball scanat prin intermediul serviciului nostru juridic","og_url":"https:\/\/jackpotlotteryonline.com\/ro\/cumpara-bilete\/thunderball\/","og_site_name":"Lotto Online - Crack The International Lottery Jackpots","article_modified_time":"2023-01-04T08:51:25+00:00","og_image":[{"url":"http:\/\/jackpotlotteryonline.com\/wp-content\/uploads\/2022\/11\/1_you_win_jackpot-300x300.jpg"}],"twitter_card":"summary_large_image","twitter_misc":{"Timp estimat pentru citire":"6 minute"},"schema":{"@context":"https:\/\/schema.org","@graph":[{"@type":"WebPage","@id":"https:\/\/jackpotlotteryonline.com\/ro\/cumpara-bilete\/thunderball\/","url":"https:\/\/jackpotlotteryonline.com\/ro\/cumpara-bilete\/thunderball\/","name":"Cump\u0103ra\u021bi bilete Thunderball din afara Regatului Unit | Thunderball Lottery online","isPartOf":{"@id":"https:\/\/jackpotlotteryonline.com\/#website"},"primaryImageOfPage":{"@id":"https:\/\/jackpotlotteryonline.com\/ro\/cumpara-bilete\/thunderball\/#primaryimage"},"image":{"@id":"https:\/\/jackpotlotteryonline.com\/ro\/cumpara-bilete\/thunderball\/#primaryimage"},"thumbnailUrl":"http:\/\/jackpotlotteryonline.com\/wp-content\/uploads\/2022\/11\/1_you_win_jackpot-300x300.jpg","datePublished":"2022-11-10T09:32:50+00:00","dateModified":"2023-01-04T08:51:25+00:00","description":"Ob\u021bine\u021bi un bilet Thunderball din afara Regatului Unit, cump\u0103r\u00e2ndu-l online aici! Ob\u021bine\u021bi biletul Thunderball scanat prin intermediul serviciului nostru juridic","breadcrumb":{"@id":"https:\/\/jackpotlotteryonline.com\/ro\/cumpara-bilete\/thunderball\/#breadcrumb"},"inLanguage":"ro-RO","potentialAction":[{"@type":"ReadAction","target":["https:\/\/jackpotlotteryonline.com\/ro\/cumpara-bilete\/thunderball\/"]}]},{"@type":"ImageObject","inLanguage":"ro-RO","@id":"https:\/\/jackpotlotteryonline.com\/ro\/cumpara-bilete\/thunderball\/#primaryimage","url":"http:\/\/jackpotlotteryonline.com\/wp-content\/uploads\/2022\/11\/1_you_win_jackpot-300x300.jpg","contentUrl":"http:\/\/jackpotlotteryonline.com\/wp-content\/uploads\/2022\/11\/1_you_win_jackpot-300x300.jpg"},{"@type":"BreadcrumbList","@id":"https:\/\/jackpotlotteryonline.com\/ro\/cumpara-bilete\/thunderball\/#breadcrumb","itemListElement":[{"@type":"ListItem","position":1,"name":"Home","item":"https:\/\/jackpotlotteryonline.com\/ro\/"},{"@type":"ListItem","position":2,"name":"Cum s\u0103 cump\u0103ra\u021bi bilete de loterie online","item":"https:\/\/jackpotlotteryonline.com\/buy-tickets\/"},{"@type":"ListItem","position":3,"name":"Cump\u0103ra\u021bi bilete pentru Thunderball"}]},{"@type":"WebSite","@id":"https:\/\/jackpotlotteryonline.com\/#website","url":"https:\/\/jackpotlotteryonline.com\/","name":"Lotto Online - Crack The International Lottery Jackpots","description":"","potentialAction":[{"@type":"SearchAction","target":{"@type":"EntryPoint","urlTemplate":"https:\/\/jackpotlotteryonline.com\/?s={search_term_string}"},"query-input":"required name=search_term_string"}],"inLanguage":"ro-RO"}]}},"_links":{"self":[{"href":"https:\/\/jackpotlotteryonline.com\/ro\/wp-json\/wp\/v2\/pages\/37117","targetHints":{"allow":["GET"]}}],"collection":[{"href":"https:\/\/jackpotlotteryonline.com\/ro\/wp-json\/wp\/v2\/pages"}],"about":[{"href":"https:\/\/jackpotlotteryonline.com\/ro\/wp-json\/wp\/v2\/types\/page"}],"author":[{"embeddable":true,"href":"https:\/\/jackpotlotteryonline.com\/ro\/wp-json\/wp\/v2\/users\/1"}],"replies":[{"embeddable":true,"href":"https:\/\/jackpotlotteryonline.com\/ro\/wp-json\/wp\/v2\/comments?post=37117"}],"version-history":[{"count":0,"href":"https:\/\/jackpotlotteryonline.com\/ro\/wp-json\/wp\/v2\/pages\/37117\/revisions"}],"up":[{"embeddable":true,"href":"https:\/\/jackpotlotteryonline.com\/ro\/wp-json\/wp\/v2\/pages\/35774"}],"wp:attachment":[{"href":"https:\/\/jackpotlotteryonline.com\/ro\/wp-json\/wp\/v2\/media?parent=37117"}],"curies":[{"name":"wp","href":"https:\/\/api.w.org\/{rel}","templated":true}]}}