{"id":37172,"date":"2022-11-10T12:46:13","date_gmt":"2022-11-10T12:46:13","guid":{"rendered":"https:\/\/jackpotlotteryonline.com\/?page_id=37172"},"modified":"2022-12-24T15:59:16","modified_gmt":"2022-12-24T15:59:16","slug":"powerball-australia","status":"publish","type":"page","link":"https:\/\/jackpotlotteryonline.com\/ro\/cumpara-bilete\/powerball-australia\/","title":{"rendered":"Cump\u0103ra\u021bi bilete Powerball Australia"},"content":{"rendered":"<p>C\u00e2nd te g\u00e2nde\u0219ti la aceast\u0103 loterie, ceea ce \u00ee\u021bi vine \u00een minte \u00een primul r\u00e2nd este loteria din SUA \u0219i nu versiunea australian\u0103. Aceast\u0103 loterie uimitoare este iubit\u0103 de entuzia\u0219tii australieni ai loteriei. Powerball Australia devine rapid una dintre loteriile interna\u021bionale populare, deoarece pariorii din \u00eentreaga lume \u00eei recunosc poten\u021bialul.<\/p>\n<p>Cu un jackpot minim garantat de 3 milioane de dolari, suma se rostogole\u0219te dac\u0103 nu exist\u0103 niciun c\u00e2\u0219tig\u0103tor dup\u0103 o extragere. Acesta se poate rostogoli de mai multe ori p\u00e2n\u0103 c\u00e2nd devine destul de mare. Suma record a jackpotului de 160 de milioane de dolari a fost c\u00e2\u0219tigat\u0103 \u00een octombrie 2022 de un singur bilet.<\/p>\n<p>Dac\u0103 dori\u021bi s\u0103 v\u0103 extinde\u021bi raza de ac\u021biune ca juc\u0103tor de loterie, atunci ar trebui s\u0103 lua\u021bi \u00een considerare Powerball Australia. Este distractiv, plin de spirit \u0219i ofer\u0103 juc\u0103torilor posibilitatea de a c\u00e2\u0219tiga mult f\u0103r\u0103 \u0219ansele nebune\u0219ti ale versiunii americane. \u00cen plus, nu conteaz\u0103 unde locui\u021bi, deoarece pute\u021bi<a href=\"https:\/\/jackpotlotteryonline.com\/ro\/cum-se-joaca\/powerball-australia\"> juca online la jackpotlotteryonline.com.<\/a><\/p>\n<h2>Cum func\u021bioneaz\u0103 Powerball Australia?<\/h2>\n<p><img loading=\"lazy\" decoding=\"async\" class=\"size-full wp-image-31181 alignright\" src=\"http:\/\/jackpotlotteryonline.com\/wp-content\/uploads\/2022\/11\/logo_powerball-300x50-1.jpg\" alt=\"Powerball Australia\" width=\"300\" height=\"50\" \/><\/p>\n<p>Aceast\u0103 loterie are bile cu dou\u0103 seturi de numere \u00een dou\u0103 butoaie diferite. Bilele sunt extrase la \u00eent\u00e2mplare din fiecare butoi \u0219i orice intrare care se potrive\u0219te cu numerele extrase c\u00e2\u0219tig\u0103. Primul butoi are 35 de bile, iar juc\u0103torii trebuie s\u0103 aleag\u0103 7 numere din acest interval. Al doilea butoi are 20 de numere, iar juc\u0103torii trebuie s\u0103 aleag\u0103 UN num\u0103r din acest interval.<\/p>\n<p>O linie de intrare are 8 numere, iar un bilet poate avea mai mult de o linie de intrare. De fapt, este recomandat s\u0103 introduce\u021bi mai multe linii pentru a cre\u0219te \u0219ansele de c\u00e2\u0219tig. \u0218ansele de a c\u00e2\u0219tiga jackpotul sunt de 1 la 1:134.490.400.<\/p>\n<p>Da, \u0219ansele sunt destul de mari, dar acesta este modul \u00een care func\u021bioneaz\u0103 loteria. Este un joc de numere \u0219i multe \u021bin de noroc. Nu se poate spune c\u00e2nd norocul va decide s\u0103 favorizeze un juc\u0103tor. \u00cen plus, este un hobby distractiv at\u00e2ta timp c\u00e2t te limitezi la ceea ce \u00ee\u021bi permi\u021bi.<\/p>\n<h2>Pute\u021bi s\u0103 v\u0103 m\u0103ri\u021bi \u0219ansele de c\u00e2\u0219tig?<\/h2>\n<p>Interesant este c\u0103 v\u0103 pute\u021bi cre\u0219te \u0219ansele de a c\u00e2\u0219tiga jackpot-ul. Nu exist\u0103 o metod\u0103 garantat\u0103, de\u0219i majoritatea c\u00e2\u0219tig\u0103torilor recunosc c\u0103 au jucat de mai multe ori \u00eenainte de a c\u00e2\u0219tiga ceva. \u00cen asta const\u0103 secretul.<\/p>\n<p>Din c\u00e2te \u0219tim noi, modalitatea de a \u00eenclina \u0219ansele de c\u00e2\u0219tig \u00een favoarea ta este s\u0103 cumperi mai multe intr\u0103ri. Asta \u00eenseamn\u0103 mai multe linii de intrare \u0219i mai multe extrageri. Loteria \u00ee\u0219i organizeaz\u0103 extragerile o dat\u0103 pe s\u0103pt\u0103m\u00e2n\u0103, joia. Dac\u0103 v\u0103 cump\u0103ra\u021bi bilete de pe site-ul nostru, pute\u021bi participa la extrageri cu c\u00e2teva s\u0103pt\u0103m\u00e2ni \u00eenainte.<\/p>\n<p>O alt\u0103 op\u021biune este s\u0103 v\u0103 al\u0103tura\u021bi unui sindicat al loteriei. Avantajul de a v\u0103 al\u0103tura unui sindicat este c\u0103 banii dvs. ajung mult mai departe dec\u00e2t dac\u0103 juca\u021bi singur. Bine\u00een\u021beles, dac\u0103 un bilet c\u00e2\u0219tig\u0103, fiecare membru al sindicatului va \u00eemp\u0103r\u021bi c\u00e2\u0219tigurile.<\/p>\n<section class=\"layout\" style=\"border: solid 1px; width: 100%;\">\n<div class=\"img-div\" style=\"margin-top: 5px;\"><img decoding=\"async\" class=\"wp-image-17212 alignleft\" style=\"height: 45px; margin: 8px 8px 0px;\" src=\"http:\/\/jackpotlotteryonline.com\/wp-content\/uploads\/2022\/11\/read1.jpg\" alt=\"cite\u0219te\" width=\"\" height=\"\" \/><\/div>\n<div style=\"padding-left: 5px;\">\n<div style=\"font-size: 1.1em;\">\n<p><strong>Alege\u021bi numerele c\u00e2\u0219tig\u0103toare la loto manual sau folosind un RNG<\/strong><\/p>\n<p style=\"font-size: 0.85em; margin-top: -1.5em;\">Cum s\u0103 generezi numere c\u00e2\u0219tig\u0103toare la loto?\u00a0<a href=\"https:\/\/jackpotlotteryonline.com\/ro\/cum-sa-generezi-numere-castigatoare-la-loto\"> cite\u0219te mai mult<\/a><\/p>\n<\/div>\n<\/div>\n<\/section>\n<h2>Cum s\u0103 juca\u021bi la loteria australian\u0103 online<\/h2>\n<p><img loading=\"lazy\" decoding=\"async\" class=\"alignright size-medium wp-image-34538\" src=\"http:\/\/jackpotlotteryonline.com\/wp-content\/uploads\/2022\/11\/2_ticket_powerball_au-157x300.jpg\" alt=\"Bilet de loterie australian\" width=\"157\" height=\"300\" srcset=\"https:\/\/jackpotlotteryonline.com\/wp-content\/uploads\/2022\/11\/2_ticket_powerball_au-157x300.jpg 157w, https:\/\/jackpotlotteryonline.com\/wp-content\/uploads\/2022\/11\/2_ticket_powerball_au.jpg 250w\" sizes=\"auto, (max-width: 157px) 100vw, 157px\" \/><\/p>\n<p>S\u0103 joci la loto online este simplu \u0219i po\u021bi face acest lucru oriunde te-ai afla. C\u00e2nd ne vizita\u021bi la jackpotlotteryonline.com pute\u021bi cump\u0103ra cu u\u0219urin\u021b\u0103 intr\u0103ri la loteriile interna\u021bionale de top, inclusiv la loteriile Aussie. Pentru a v\u0103 cump\u0103ra intr\u0103rile, pur \u0219i simplu alege\u021bi numerele \u0219i intra\u021bi \u00een extragere. Nu sunte\u021bi sigur ce numere s\u0103 folosi\u021bi, folosi\u021bi instrumentul nostru de alegere rapid\u0103 pentru a genera numere aleatorii.<\/p>\n<p>C\u00e2nd ajunge\u021bi la pagina de plat\u0103, v\u0103 vom cere s\u0103 v\u0103 \u00eenregistra\u021bi. Acest lucru este pentru ca talonul dvs. s\u0103 r\u0103m\u00e2n\u0103 \u00een siguran\u021b\u0103 \u00een contul dvs. De asemenea, v\u0103 pute\u021bi seta jocurile de loterie pe pilot automat, astfel \u00eenc\u00e2t s\u0103 fi\u021bi \u00eenscris automat la extragerile pe care le alege\u021bi. \u00cen cazul \u00een care c\u00e2\u0219tiga\u021bi un premiu, v\u0103 vom informa prompt \u0219i apoi ve\u021bi putea retrage premiul de pe platforma noastr\u0103.<\/p>\n<p>Lucr\u0103m din greu pentru a v\u0103 simplifica experien\u021ba loteriei, astfel \u00eenc\u00e2t s\u0103 v\u0103 pute\u021bi relaxa \u0219i s\u0103 v\u0103 concentra\u021bi pe distrac\u021bie.<\/p>\n<h2>Diviziuni de premii<\/h2>\n<p>Aceast\u0103 loterie Aussie are 9 diviziuni de premii, iar juc\u0103torii nu trebuie s\u0103 potriveasc\u0103 toate cele 8 numere extrase pentru a c\u00e2\u0219tiga un premiu. De\u0219i premiul jackpot \u00eencepe de la 3 milioane de dolari, acesta se poate rostogoli de mai multe ori p\u00e2n\u0103 c\u00e2nd devine un premiu mult mai mare.<\/p>\n<p>Re\u021bine\u021bi c\u0103 nu exist\u0103 o limit\u0103 a m\u0103rimii jackpotului, \u00eens\u0103 acesta poate fi rostogolit doar de 25 de ori \u00eenainte de a reveni la 3 milioane de dolari.<\/p>\n<p>Premiile din diviziile inferioare reprezint\u0103 un procent din fondul de premii. Vom \u00eemp\u0103rt\u0103\u0219i c\u00e2\u0219tigul mediu pentru a v\u0103 face o idee. Acesta nu este c\u00e2\u0219tigul garantat pentru fiecare extragere, deoarece sumele pot varia.<\/p>\n<p>Potrive\u0219te 7 numere principale + num\u0103r special &#8211; 23.043.155,47 $ (c\u00e2\u0219tig mediu)<br \/>\nPotrive\u0219te doar 7 numere &#8211; $126,484.05<br \/>\nPotrive\u0219te 6 numere + num\u0103r special &#8211; 5.326,97 $.<br \/>\nPotrive\u0219te doar 6 numere &#8211; $454.35<br \/>\nPotrive\u0219te 5 numere + num\u0103r special &#8211; $158.34<br \/>\nPotrivirea a 4 numere + num\u0103r special &#8211; $70.85<br \/>\nPotrive\u0219te doar 5 numere &#8211; $42.23<br \/>\nPotrive\u0219te 3 numere + num\u0103r special &#8211; $17.57<br \/>\nPotrive\u0219te 2 numere + num\u0103r special &#8211; $10.71<\/p>\n<h2>Cum s\u0103 verifica\u021bi rezultatele<\/h2>\n<p>Rezultatele sunt publicate pe site-ul nostru dup\u0103 fiecare extragere. Extragerile au loc \u00een fiecare joi, la ora 19:25 AEST.<\/p>\n<p>\u00cen\u021belegem c\u0103, uneori, via\u021ba se \u00eent\u00e2mpl\u0103 \u0219i este posibil s\u0103 nu po\u021bi <a href=\"https:\/\/jackpotlotteryonline.com\/ro\/numere-castigatoare\/powerball-australia\">verifica imediat rezultatele extragerii<\/a>. A\u0219adar, dac\u0103 c\u00e2\u0219tiga\u021bi vreun premiu, nu numai c\u0103 v\u0103 vom anun\u021ba prin intermediul contului dumneavoastr\u0103, dar v\u0103 vom trimite \u0219i un e-mail. \u00cen acest fel, nu trebuie s\u0103 pierde\u021bi ocazia de a v\u0103 revendica premiul.<\/p>\n<h2>\u00cenregistreaz\u0103-te la noi pentru a cump\u0103ra bilete Powerball Australia online<\/h2>\n<p>Sunte\u021bi entuziasmat de perspectiva de a juca la aceast\u0103 loterie? Ei bine, \u0219i noi suntem la fel \u0219i suntem bucuro\u0219i s\u0103 o aducem pe un dispozitiv mobil aproape de tine. Odat\u0103 ce ave\u021bi o conexiune la internet, pute\u021bi achizi\u021biona o intrare la loteria australian\u0103.<\/p>\n<p>Loteria este un joc distractiv \u0219i exist\u0103 pove\u0219ti de c\u00e2\u0219tig\u0103tori la loterie peste tot. A\u021bi putea fi urm\u0103torul c\u00e2\u0219tig\u0103tor, dar nu ve\u021bi \u0219ti dec\u00e2t dac\u0103 v\u0103 \u00eenscrie\u021bi la extrageri. Am simplificat procesul pentru a face din acesta o experien\u021b\u0103 f\u0103r\u0103 stres pentru dumneavoastr\u0103. Nu este nevoie s\u0103 p\u0103r\u0103si\u021bi pagina noastr\u0103 pentru a efectua oricare dintre sarcinile legate de loterie. Este at\u00e2t de simplu.<\/p>\n<p>Indiferent unde v\u0103 afla\u021bi \u00een lume, pute\u021bi cump\u0103ra o intrare la cea mai mare loterie australian\u0103 chiar aici, pe site-ul nostru. \u00cenregistreaz\u0103-te cu noi ast\u0103zi.<\/p>\n","protected":false},"excerpt":{"rendered":"<p>C\u00e2nd te g\u00e2nde\u0219ti la aceast\u0103 loterie, ceea ce \u00ee\u021bi vine \u00een minte \u00een primul r\u00e2nd este loteria din SUA \u0219i nu versiunea australian\u0103. Aceast\u0103 loterie uimitoare este iubit\u0103 de entuzia\u0219tii australieni ai loteriei. Powerball Australia devine rapid una dintre loteriile interna\u021bionale populare, deoarece pariorii din \u00eentreaga lume \u00eei recunosc poten\u021bialul. Cu un jackpot minim garantat [&hellip;]<\/p>\n","protected":false},"author":1,"featured_media":0,"parent":35774,"menu_order":17,"comment_status":"closed","ping_status":"closed","template":"powerball-au-info.php","meta":{"_et_pb_use_builder":"","_et_pb_old_content":"","_et_gb_content_width":"","exclude_from_search":false,"footnotes":""},"class_list":["post-37172","page","type-page","status-publish","hentry"],"yoast_head":"<!-- This site is optimized with the Yoast SEO plugin v23.3 - https:\/\/yoast.com\/wordpress\/plugins\/seo\/ -->\n<title>Cump\u0103ra\u021bi bilete Powerball Australia din afara Australiei<\/title>\n<meta name=\"description\" content=\"Versiunea australian\u0103 a loteriei Powerball - pute\u021bi participa dac\u0103 pur \u0219i simplu cump\u0103ra\u021bi un bilet online chiar aici, pe site-ul nostru\" \/>\n<meta name=\"robots\" content=\"index, follow, max-snippet:-1, max-image-preview:large, max-video-preview:-1\" \/>\n<link rel=\"canonical\" href=\"https:\/\/jackpotlotteryonline.com\/ro\/cumpara-bilete\/powerball-australia\/\" \/>\n<meta property=\"og:locale\" content=\"ro_RO\" \/>\n<meta property=\"og:type\" content=\"article\" \/>\n<meta property=\"og:title\" content=\"Cump\u0103ra\u021bi bilete Powerball Australia din afara Australiei\" \/>\n<meta property=\"og:description\" content=\"Versiunea australian\u0103 a loteriei Powerball - pute\u021bi participa dac\u0103 pur \u0219i simplu cump\u0103ra\u021bi un bilet online chiar aici, pe site-ul nostru\" \/>\n<meta property=\"og:url\" content=\"https:\/\/jackpotlotteryonline.com\/ro\/cumpara-bilete\/powerball-australia\/\" \/>\n<meta property=\"og:site_name\" content=\"Lotto Online - Crack The International Lottery Jackpots\" \/>\n<meta property=\"article:modified_time\" content=\"2022-12-24T15:59:16+00:00\" \/>\n<meta property=\"og:image\" content=\"http:\/\/jackpotlotteryonline.com\/wp-content\/uploads\/2022\/11\/logo_powerball-300x50-1.jpg\" \/>\n<meta name=\"twitter:card\" content=\"summary_large_image\" \/>\n<meta name=\"twitter:label1\" content=\"Timp estimat pentru citire\" \/>\n\t<meta name=\"twitter:data1\" content=\"5 minute\" \/>\n<!-- \/ Yoast SEO plugin. -->","yoast_head_json":{"title":"Cump\u0103ra\u021bi bilete Powerball Australia din afara Australiei","description":"Versiunea australian\u0103 a loteriei Powerball - pute\u021bi participa dac\u0103 pur \u0219i simplu cump\u0103ra\u021bi un bilet online chiar aici, pe site-ul nostru","robots":{"index":"index","follow":"follow","max-snippet":"max-snippet:-1","max-image-preview":"max-image-preview:large","max-video-preview":"max-video-preview:-1"},"canonical":"https:\/\/jackpotlotteryonline.com\/ro\/cumpara-bilete\/powerball-australia\/","og_locale":"ro_RO","og_type":"article","og_title":"Cump\u0103ra\u021bi bilete Powerball Australia din afara Australiei","og_description":"Versiunea australian\u0103 a loteriei Powerball - pute\u021bi participa dac\u0103 pur \u0219i simplu cump\u0103ra\u021bi un bilet online chiar aici, pe site-ul nostru","og_url":"https:\/\/jackpotlotteryonline.com\/ro\/cumpara-bilete\/powerball-australia\/","og_site_name":"Lotto Online - Crack The International Lottery Jackpots","article_modified_time":"2022-12-24T15:59:16+00:00","og_image":[{"url":"http:\/\/jackpotlotteryonline.com\/wp-content\/uploads\/2022\/11\/logo_powerball-300x50-1.jpg"}],"twitter_card":"summary_large_image","twitter_misc":{"Timp estimat pentru citire":"5 minute"},"schema":{"@context":"https:\/\/schema.org","@graph":[{"@type":"WebPage","@id":"https:\/\/jackpotlotteryonline.com\/ro\/cumpara-bilete\/powerball-australia\/","url":"https:\/\/jackpotlotteryonline.com\/ro\/cumpara-bilete\/powerball-australia\/","name":"Cump\u0103ra\u021bi bilete Powerball Australia din afara Australiei","isPartOf":{"@id":"https:\/\/jackpotlotteryonline.com\/#website"},"primaryImageOfPage":{"@id":"https:\/\/jackpotlotteryonline.com\/ro\/cumpara-bilete\/powerball-australia\/#primaryimage"},"image":{"@id":"https:\/\/jackpotlotteryonline.com\/ro\/cumpara-bilete\/powerball-australia\/#primaryimage"},"thumbnailUrl":"http:\/\/jackpotlotteryonline.com\/wp-content\/uploads\/2022\/11\/logo_powerball-300x50-1.jpg","datePublished":"2022-11-10T12:46:13+00:00","dateModified":"2022-12-24T15:59:16+00:00","description":"Versiunea australian\u0103 a loteriei Powerball - pute\u021bi participa dac\u0103 pur \u0219i simplu cump\u0103ra\u021bi un bilet online chiar aici, pe site-ul nostru","breadcrumb":{"@id":"https:\/\/jackpotlotteryonline.com\/ro\/cumpara-bilete\/powerball-australia\/#breadcrumb"},"inLanguage":"ro-RO","potentialAction":[{"@type":"ReadAction","target":["https:\/\/jackpotlotteryonline.com\/ro\/cumpara-bilete\/powerball-australia\/"]}]},{"@type":"ImageObject","inLanguage":"ro-RO","@id":"https:\/\/jackpotlotteryonline.com\/ro\/cumpara-bilete\/powerball-australia\/#primaryimage","url":"http:\/\/jackpotlotteryonline.com\/wp-content\/uploads\/2022\/11\/logo_powerball-300x50-1.jpg","contentUrl":"http:\/\/jackpotlotteryonline.com\/wp-content\/uploads\/2022\/11\/logo_powerball-300x50-1.jpg"},{"@type":"BreadcrumbList","@id":"https:\/\/jackpotlotteryonline.com\/ro\/cumpara-bilete\/powerball-australia\/#breadcrumb","itemListElement":[{"@type":"ListItem","position":1,"name":"Home","item":"https:\/\/jackpotlotteryonline.com\/ro\/"},{"@type":"ListItem","position":2,"name":"Cum s\u0103 cump\u0103ra\u021bi bilete de loterie online","item":"https:\/\/jackpotlotteryonline.com\/buy-tickets\/"},{"@type":"ListItem","position":3,"name":"Cump\u0103ra\u021bi bilete Powerball Australia"}]},{"@type":"WebSite","@id":"https:\/\/jackpotlotteryonline.com\/#website","url":"https:\/\/jackpotlotteryonline.com\/","name":"Lotto Online - Crack The International Lottery Jackpots","description":"","potentialAction":[{"@type":"SearchAction","target":{"@type":"EntryPoint","urlTemplate":"https:\/\/jackpotlotteryonline.com\/?s={search_term_string}"},"query-input":"required name=search_term_string"}],"inLanguage":"ro-RO"}]}},"_links":{"self":[{"href":"https:\/\/jackpotlotteryonline.com\/ro\/wp-json\/wp\/v2\/pages\/37172","targetHints":{"allow":["GET"]}}],"collection":[{"href":"https:\/\/jackpotlotteryonline.com\/ro\/wp-json\/wp\/v2\/pages"}],"about":[{"href":"https:\/\/jackpotlotteryonline.com\/ro\/wp-json\/wp\/v2\/types\/page"}],"author":[{"embeddable":true,"href":"https:\/\/jackpotlotteryonline.com\/ro\/wp-json\/wp\/v2\/users\/1"}],"replies":[{"embeddable":true,"href":"https:\/\/jackpotlotteryonline.com\/ro\/wp-json\/wp\/v2\/comments?post=37172"}],"version-history":[{"count":0,"href":"https:\/\/jackpotlotteryonline.com\/ro\/wp-json\/wp\/v2\/pages\/37172\/revisions"}],"up":[{"embeddable":true,"href":"https:\/\/jackpotlotteryonline.com\/ro\/wp-json\/wp\/v2\/pages\/35774"}],"wp:attachment":[{"href":"https:\/\/jackpotlotteryonline.com\/ro\/wp-json\/wp\/v2\/media?parent=37172"}],"curies":[{"name":"wp","href":"https:\/\/api.w.org\/{rel}","templated":true}]}}