{"id":37227,"date":"2022-11-11T06:48:15","date_gmt":"2022-11-11T06:48:15","guid":{"rendered":"https:\/\/jackpotlotteryonline.com\/?page_id=37227"},"modified":"2022-12-24T10:47:30","modified_gmt":"2022-12-24T10:47:30","slug":"oz-lotto","status":"publish","type":"page","link":"https:\/\/jackpotlotteryonline.com\/ro\/cumpara-bilete\/oz-lotto\/","title":{"rendered":"Cump\u0103ra\u021bi bilete Oz Lotto"},"content":{"rendered":"<p>Oz Lotto este prima loterie na\u021bional\u0103 australian\u0103. A \u00eenceput \u00een 1994 \u0219i a devenit popular\u0103 printre pariorii de pretutindeni datorit\u0103 premiului jackpot generos. Exist\u0103 mai multe lucruri care \u00eei atrag pe juc\u0103tori dec\u00e2t doar jackpotul mare.<\/p>\n<p>Loteriile diferite au regulile \u0219i metodele lor, dar un lucru comun este c\u0103 \u0219ansele nu sunt \u00eentotdeauna favorabile. Cu toate acestea, nu este cazul acestei loterii australiene. Dac\u0103 sunte\u021bi \u00een c\u0103utarea unei loterii care are \u0219anse incredibile, atunci juca\u021bi la aceast\u0103 loterie din Oz.<\/p>\n<p>\u00cen general, loteriile sunt deschise reziden\u021bilor din \u021b\u0103rile \u00een care se afl\u0103 sediul loteriei. Astfel, acest loto este deschis celor care locuiesc \u00een Australia. Nu trebuie s\u0103 fi\u021bi cet\u0103\u021bean pentru a participa la loterie. Cu toate acestea, dac\u0103 locui\u021bi \u00een afara \u021b\u0103rii, va trebui s\u0103 v\u0103 cump\u0103ra\u021bi biletele de loterie online.<\/p>\n<h2>Cum s\u0103 cump\u0103ra\u021bi bilete la Oz Lotto \u00een \u00eentreaga lume<\/h2>\n<p><img loading=\"lazy\" decoding=\"async\" class=\"alignright size-full wp-image-31532\" src=\"https:\/\/jackpotlotteryonline.com\/wp-content\/uploads\/2022\/11\/lottoballs.jpg\" alt=\"Oz Loterie\" width=\"245\" height=\"123\" \/><\/p>\n<p>Cea mai convenabil\u0103 \u0219i simpl\u0103 modalitate de a avea acces la Oz Lottery din afara Australiei este prin intermediul internetului. Exist\u0103 v\u00e2nz\u0103tori de loterii online care ofer\u0103 juc\u0103torilor acces la loteriile interna\u021bionale de top. Aceste site-uri ofer\u0103 o modalitate legitim\u0103 pentru juc\u0103torii din \u00eentreaga lume de a \u00eencerca s\u0103 c\u00e2\u0219tige milioane de dolari.<\/p>\n<p>Internetul ofer\u0103 o lume de posibilit\u0103\u021bi aproape infinite \u0219i nu toate sunt pozitive. C\u0103utarea oric\u0103rui site de loterie la \u00eent\u00e2mplare ar putea duce la experien\u021be nepl\u0103cute. De aceea, este \u00eentotdeauna o idee bun\u0103 s\u0103 c\u0103uta\u021bi site-uri de \u00eencredere care au un istoric cu pariorii. Mai jos v\u0103 \u00eemp\u0103rt\u0103\u0219im sfaturi pentru a v\u0103 ajuta s\u0103 alege\u021bi v\u00e2nz\u0103torul de loto potrivit pe internet.<\/p>\n<h2>Sfaturi pentru a utiliza site-ul de loterie potrivit<\/h2>\n<p>Folosi\u021bi doar furnizori care sunt \u00eenregistra\u021bi conform legii. Un v\u00e2nz\u0103tor de loto legitim ar avea o licen\u021b\u0103 de operare \u0219i un sediu \u00eenregistrat. Aceste detalii ar trebui s\u0103 fie afi\u0219ate pe site pentru autenticitate.<\/p>\n<p>Asigura\u021bi-v\u0103 c\u0103 au o mare varietate de loterii interna\u021bionale. Nu are rost s\u0103 v\u0103 \u00eenregistra\u021bi pe un site care afi\u0219eaz\u0103 doar c\u00e2teva loterii. Esen\u021ba principal\u0103 a <a href=\"https:\/\/jackpotlotteryonline.com\/ro\/cum-se-joaca\/oz-lotto\">jocului la loto pe internet<\/a> este accesibilitatea \u0219i confortul. Ce este mai convenabil dec\u00e2t posibilitatea de a intra \u00een mai multe loterii interna\u021bionale, toate dintr-o singur\u0103 loca\u021bie online?<\/p>\n<p>Dac\u0103 dori\u021bi s\u0103 intra\u021bi la loto folosi\u021bi un site de concierge. Acest ultim sfat este foarte important, deoarece v\u0103 pute\u021bi desp\u0103r\u021bi de banii dumneavoastr\u0103 f\u0103r\u0103 a intra efectiv la loterie. Asta pentru c\u0103 unele site-uri de loterie permit juc\u0103torilor s\u0103 parieze pe rezultat. Astfel, chiar dac\u0103 numerele dvs. se potrivesc, ve\u021bi avea dreptul doar la o frac\u021biune din jackpot, deoarece nu a\u021bi participat la loterie.<\/p>\n<section class=\"layout\" style=\"border: solid 1px; width: 100%;\">\n<div class=\"img-div\" style=\"margin-top: 5px;\"><img decoding=\"async\" class=\"wp-image-17212 alignleft\" style=\"height: 45px; margin: 8px 8px 0px;\" src=\"https:\/\/jackpotlotteryonline.com\/wp-content\/uploads\/2022\/11\/read1.jpg\" alt=\"cite\u0219te\" width=\"\" height=\"\" \/><\/div>\n<div style=\"padding-left: 5px;\">\n<div style=\"font-size: 1.1em;\">\n<p><strong>Escrocherii la loterie de care ar trebui s\u0103 fi\u021bi con\u0219tien\u021bi<\/strong><\/p>\n<p style=\"font-size: 0.85em; margin-top: -1.5em;\">Nu c\u0103de\u021bi \u00een capcanele loteriei\u00a0 <a href=\"https:\/\/jackpotlotteryonline.com\/ro\/feriti-va-de-escrocheriile-loteriei-online\"> cite\u0219te mai mult<\/a><\/p>\n<\/div>\n<\/div>\n<\/section>\n<h2>\u00cenregistreaz\u0103-te la noi pentru a participa la loteria online<\/h2>\n<p><img loading=\"lazy\" decoding=\"async\" class=\"size-medium wp-image-34403 alignright\" src=\"https:\/\/jackpotlotteryonline.com\/wp-content\/uploads\/2022\/11\/2_ticket_oz_lotto2-179x300.jpg\" alt=\"Bilete Oz Lotto\" width=\"179\" height=\"300\" srcset=\"https:\/\/jackpotlotteryonline.com\/wp-content\/uploads\/2022\/11\/2_ticket_oz_lotto2-179x300.jpg 179w, https:\/\/jackpotlotteryonline.com\/wp-content\/uploads\/2022\/11\/2_ticket_oz_lotto2.jpg 250w\" sizes=\"auto, (max-width: 179px) 100vw, 179px\" \/><\/p>\n<p>Achizi\u021bionarea biletelor de loterie pe internet sau prin intermediul unei aplica\u021bii mobile este simpl\u0103 \u0219i f\u0103r\u0103 probleme. Dup\u0103 ce a\u021bi identificat furnizorul pe care dori\u021bi s\u0103 \u00eel utiliza\u021bi, vizita\u021bi site-ul acestuia \u0219i alege\u021bi loteria dorit\u0103. Urm\u0103torul pas este s\u0103 v\u0103 alege\u021bi numerele. Pentru Oz Lotto, va trebui s\u0103 alege\u021bi zece numere de la 1 la 47.<\/p>\n<p><a href=\"https:\/\/jackpotlotteryonline.com\/ro\/numere-castigatoare\/oz-lotto\">Intra\u021bi \u00een tragerea la sor\u021bi \u0219i efectua\u021bi plata<\/a>. Extragerea are loc o dat\u0103 pe s\u0103pt\u0103m\u00e2n\u0103, \u00een ziua de mar\u021bi. Ceea ce este interesant la jocul online este c\u0103 pute\u021bi cump\u0103ra mai multe bilete \u0219i pute\u021bi participa la mai multe extrageri \u00een avans. De asemenea, dac\u0103 nu sunte\u021bi sigur ce num\u0103r s\u0103 alege\u021bi, pute\u021bi folosi cu u\u0219urin\u021b\u0103 un selector automat de numere.<\/p>\n<p>Dup\u0103 cum am spus, a juca la loterie prin intermediul internetului este o modalitate convenabil\u0103 \u0219i lipsit\u0103 de stres pentru a avea o experien\u021b\u0103 \u00eenc\u00e2nt\u0103toare. Fie c\u0103 sunte\u021bi un parior experimentat sau sunte\u021bi un \u00eencep\u0103tor, pute\u021bi avea o c\u0103l\u0103torie minunat\u0103 chiar aici. Serviciile noastre de concierge ofer\u0103 juc\u0103torilor o modalitate legitim\u0103 de a intra la loterie. Atunci c\u00e2nd cump\u0103ra\u021bi un bilet Oz Loto de la noi, ob\u021bine\u021bi o afacere real\u0103.<\/p>\n","protected":false},"excerpt":{"rendered":"<p>Oz Lotto este prima loterie na\u021bional\u0103 australian\u0103. A \u00eenceput \u00een 1994 \u0219i a devenit popular\u0103 printre pariorii de pretutindeni datorit\u0103 premiului jackpot generos. Exist\u0103 mai multe lucruri care \u00eei atrag pe juc\u0103tori dec\u00e2t doar jackpotul mare. Loteriile diferite au regulile \u0219i metodele lor, dar un lucru comun este c\u0103 \u0219ansele nu sunt \u00eentotdeauna favorabile. Cu [&hellip;]<\/p>\n","protected":false},"author":1,"featured_media":0,"parent":35774,"menu_order":16,"comment_status":"closed","ping_status":"closed","template":"","meta":{"_et_pb_use_builder":"","_et_pb_old_content":"","_et_gb_content_width":"","exclude_from_search":false,"footnotes":""},"class_list":["post-37227","page","type-page","status-publish","hentry"],"yoast_head":"<!-- This site is optimized with the Yoast SEO plugin v23.3 - https:\/\/yoast.com\/wordpress\/plugins\/seo\/ -->\n<title>Cump\u0103ra\u021bi bilete Oz Lotto din afara Australiei | Bilete Oz Lotto online<\/title>\n<meta name=\"description\" content=\"OZ Lotto este jucabil pentru dumneavoastr\u0103, dac\u0103 nu locui\u021bi \u00een Australia, v\u0103 putem ob\u021bine un bilet legal pentru aceast\u0103 loterie australian\u0103 online\" \/>\n<meta name=\"robots\" content=\"index, follow, max-snippet:-1, max-image-preview:large, max-video-preview:-1\" \/>\n<link rel=\"canonical\" href=\"https:\/\/jackpotlotteryonline.com\/ro\/cumpara-bilete\/oz-lotto\/\" \/>\n<meta property=\"og:locale\" content=\"ro_RO\" \/>\n<meta property=\"og:type\" content=\"article\" \/>\n<meta property=\"og:title\" content=\"Cump\u0103ra\u021bi bilete Oz Lotto din afara Australiei | Bilete Oz Lotto online\" \/>\n<meta property=\"og:description\" content=\"OZ Lotto este jucabil pentru dumneavoastr\u0103, dac\u0103 nu locui\u021bi \u00een Australia, v\u0103 putem ob\u021bine un bilet legal pentru aceast\u0103 loterie australian\u0103 online\" \/>\n<meta property=\"og:url\" content=\"https:\/\/jackpotlotteryonline.com\/ro\/cumpara-bilete\/oz-lotto\/\" \/>\n<meta property=\"og:site_name\" content=\"Lotto Online - Crack The International Lottery Jackpots\" \/>\n<meta property=\"article:modified_time\" content=\"2022-12-24T10:47:30+00:00\" \/>\n<meta property=\"og:image\" content=\"https:\/\/jackpotlotteryonline.com\/wp-content\/uploads\/2022\/11\/lottoballs.jpg\" \/>\n<meta name=\"twitter:card\" content=\"summary_large_image\" \/>\n<meta name=\"twitter:label1\" content=\"Timp estimat pentru citire\" \/>\n\t<meta name=\"twitter:data1\" content=\"4 minute\" \/>\n<!-- \/ Yoast SEO plugin. -->","yoast_head_json":{"title":"Cump\u0103ra\u021bi bilete Oz Lotto din afara Australiei | Bilete Oz Lotto online","description":"OZ Lotto este jucabil pentru dumneavoastr\u0103, dac\u0103 nu locui\u021bi \u00een Australia, v\u0103 putem ob\u021bine un bilet legal pentru aceast\u0103 loterie australian\u0103 online","robots":{"index":"index","follow":"follow","max-snippet":"max-snippet:-1","max-image-preview":"max-image-preview:large","max-video-preview":"max-video-preview:-1"},"canonical":"https:\/\/jackpotlotteryonline.com\/ro\/cumpara-bilete\/oz-lotto\/","og_locale":"ro_RO","og_type":"article","og_title":"Cump\u0103ra\u021bi bilete Oz Lotto din afara Australiei | Bilete Oz Lotto online","og_description":"OZ Lotto este jucabil pentru dumneavoastr\u0103, dac\u0103 nu locui\u021bi \u00een Australia, v\u0103 putem ob\u021bine un bilet legal pentru aceast\u0103 loterie australian\u0103 online","og_url":"https:\/\/jackpotlotteryonline.com\/ro\/cumpara-bilete\/oz-lotto\/","og_site_name":"Lotto Online - Crack The International Lottery Jackpots","article_modified_time":"2022-12-24T10:47:30+00:00","og_image":[{"url":"https:\/\/jackpotlotteryonline.com\/wp-content\/uploads\/2022\/11\/lottoballs.jpg"}],"twitter_card":"summary_large_image","twitter_misc":{"Timp estimat pentru citire":"4 minute"},"schema":{"@context":"https:\/\/schema.org","@graph":[{"@type":"WebPage","@id":"https:\/\/jackpotlotteryonline.com\/ro\/cumpara-bilete\/oz-lotto\/","url":"https:\/\/jackpotlotteryonline.com\/ro\/cumpara-bilete\/oz-lotto\/","name":"Cump\u0103ra\u021bi bilete Oz Lotto din afara Australiei | Bilete Oz Lotto online","isPartOf":{"@id":"https:\/\/jackpotlotteryonline.com\/#website"},"primaryImageOfPage":{"@id":"https:\/\/jackpotlotteryonline.com\/ro\/cumpara-bilete\/oz-lotto\/#primaryimage"},"image":{"@id":"https:\/\/jackpotlotteryonline.com\/ro\/cumpara-bilete\/oz-lotto\/#primaryimage"},"thumbnailUrl":"https:\/\/jackpotlotteryonline.com\/wp-content\/uploads\/2022\/11\/lottoballs.jpg","datePublished":"2022-11-11T06:48:15+00:00","dateModified":"2022-12-24T10:47:30+00:00","description":"OZ Lotto este jucabil pentru dumneavoastr\u0103, dac\u0103 nu locui\u021bi \u00een Australia, v\u0103 putem ob\u021bine un bilet legal pentru aceast\u0103 loterie australian\u0103 online","breadcrumb":{"@id":"https:\/\/jackpotlotteryonline.com\/ro\/cumpara-bilete\/oz-lotto\/#breadcrumb"},"inLanguage":"ro-RO","potentialAction":[{"@type":"ReadAction","target":["https:\/\/jackpotlotteryonline.com\/ro\/cumpara-bilete\/oz-lotto\/"]}]},{"@type":"ImageObject","inLanguage":"ro-RO","@id":"https:\/\/jackpotlotteryonline.com\/ro\/cumpara-bilete\/oz-lotto\/#primaryimage","url":"https:\/\/jackpotlotteryonline.com\/wp-content\/uploads\/2022\/11\/lottoballs.jpg","contentUrl":"https:\/\/jackpotlotteryonline.com\/wp-content\/uploads\/2022\/11\/lottoballs.jpg"},{"@type":"BreadcrumbList","@id":"https:\/\/jackpotlotteryonline.com\/ro\/cumpara-bilete\/oz-lotto\/#breadcrumb","itemListElement":[{"@type":"ListItem","position":1,"name":"Home","item":"https:\/\/jackpotlotteryonline.com\/ro\/"},{"@type":"ListItem","position":2,"name":"Cum s\u0103 cump\u0103ra\u021bi bilete de loterie online","item":"https:\/\/jackpotlotteryonline.com\/buy-tickets\/"},{"@type":"ListItem","position":3,"name":"Cump\u0103ra\u021bi bilete Oz Lotto"}]},{"@type":"WebSite","@id":"https:\/\/jackpotlotteryonline.com\/#website","url":"https:\/\/jackpotlotteryonline.com\/","name":"Lotto Online - Crack The International Lottery Jackpots","description":"","potentialAction":[{"@type":"SearchAction","target":{"@type":"EntryPoint","urlTemplate":"https:\/\/jackpotlotteryonline.com\/?s={search_term_string}"},"query-input":"required name=search_term_string"}],"inLanguage":"ro-RO"}]}},"_links":{"self":[{"href":"https:\/\/jackpotlotteryonline.com\/ro\/wp-json\/wp\/v2\/pages\/37227","targetHints":{"allow":["GET"]}}],"collection":[{"href":"https:\/\/jackpotlotteryonline.com\/ro\/wp-json\/wp\/v2\/pages"}],"about":[{"href":"https:\/\/jackpotlotteryonline.com\/ro\/wp-json\/wp\/v2\/types\/page"}],"author":[{"embeddable":true,"href":"https:\/\/jackpotlotteryonline.com\/ro\/wp-json\/wp\/v2\/users\/1"}],"replies":[{"embeddable":true,"href":"https:\/\/jackpotlotteryonline.com\/ro\/wp-json\/wp\/v2\/comments?post=37227"}],"version-history":[{"count":0,"href":"https:\/\/jackpotlotteryonline.com\/ro\/wp-json\/wp\/v2\/pages\/37227\/revisions"}],"up":[{"embeddable":true,"href":"https:\/\/jackpotlotteryonline.com\/ro\/wp-json\/wp\/v2\/pages\/35774"}],"wp:attachment":[{"href":"https:\/\/jackpotlotteryonline.com\/ro\/wp-json\/wp\/v2\/media?parent=37227"}],"curies":[{"name":"wp","href":"https:\/\/api.w.org\/{rel}","templated":true}]}}