{"id":37283,"date":"2022-11-11T08:52:27","date_gmt":"2022-11-11T08:52:27","guid":{"rendered":"https:\/\/jackpotlotteryonline.com\/?page_id=37283"},"modified":"2022-12-24T21:18:20","modified_gmt":"2022-12-24T21:18:20","slug":"saturday-lotto","status":"publish","type":"page","link":"https:\/\/jackpotlotteryonline.com\/ro\/cumpara-bilete\/saturday-lotto\/","title":{"rendered":"Cumpara bilete pentru s\u00e2mb\u0103t\u0103 Loto Australia"},"content":{"rendered":"<p>Australia are o mul\u021bime de loterii, cum ar fi Wednesday Lotto, Powerball \u0219i Saturday Lotto Australia. Loteria de s\u00e2mb\u0103t\u0103 este popular\u0103 \u00een r\u00e2ndul juc\u0103torilor \u0219i le ofer\u0103 oamenilor ceva la care s\u0103 a\u0219tepte cu ner\u0103bdare \u00een fiecare s\u0103pt\u0103m\u00e2n\u0103. C\u00e2nd a \u00eenceput aceast\u0103 loterie, doar juc\u0103torii din Oz puteau participa la ea. Din fericire, pariorii din \u00eentreaga lume pot participa acum la loteria de s\u00e2mb\u0103t\u0103.<\/p>\n<p>A\u0219adar, cum pute\u021bi cump\u0103ra bilete la Saturday Lotto din afara \u021b\u0103rii? De ce nu continua\u021bi s\u0103 citi\u021bi pentru a afla? V\u0103 vom ghida prin acest proces \u0219i v\u0103 vom r\u0103spunde la toate \u00eentreb\u0103rile pe care le ave\u021bi. Pentru cei care nu sunt familiariza\u021bi cu aceast\u0103 loterie, ne vom face timp \u0219i pentru a vorbi despre ea. S\u0103 sper\u0103m c\u0103, atunci c\u00e2nd ve\u021bi termina de citit, ve\u021bi fi ner\u0103bd\u0103tor s\u0103 cump\u0103ra\u021bi bilete la aceast\u0103 loterie.<\/p>\n<h2>Ce este Saturday Lotto Australia<\/h2>\n<p>Aceasta este o loterie care a fost introdus\u0103 \u00een \u021bar\u0103 \u00een 1972 \u0219i a devenit acum una dintre loteriile preferate de pariori. Cunoscut\u0103 sub numele de Tatts lotto, X lotto \u0219i Gold lotto \u00een unele p\u0103r\u021bi ale \u021b\u0103rii, aceasta este administrat\u0103 de grupul de loterie Tatts.<\/p>\n<p>Aceast\u0103 loterie are \u0219ase divizii de premii \u0219i vom vorbi despre acestea \u00een scurt timp. Loteria de s\u00e2mb\u0103t\u0103 are un jackpot de pornire de 5 milioane de dolari australieni. Lucrul uimitor este c\u0103 \u0219ansele de a c\u00e2\u0219tiga jackpotul sunt foarte bune. Spre deosebire de alte loterii, un juc\u0103tor trebuie doar s\u0103 potriveasc\u0103 numerele principale pentru a c\u00e2\u0219tiga jackpotul.<\/p>\n<p>Exist\u0103 numere suplimentare, dar acestea sunt folosite pentru a determina c\u00e2\u0219tig\u0103torii celorlalte diviziuni de premii. Spune multe faptul c\u0103, de\u0219i exist\u0103 o loterie pentru aproape fiecare zi a s\u0103pt\u0103m\u00e2nii, australienii sunt atra\u0219i de aceasta. Mai jos vom vorbi despre cum se joac\u0103 la aceast\u0103 loterie \u0219i despre diferitele diviziuni de premii.<\/p>\n<h2>Cum se joac\u0103 la Loteria de s\u00e2mb\u0103t\u0103<\/h2>\n<p><img loading=\"lazy\" decoding=\"async\" class=\"alignright size-full wp-image-35132\" src=\"http:\/\/jackpotlotteryonline.com\/wp-content\/uploads\/2022\/11\/2_ticket_saturday_lotto_au2-1-180x300-1.jpg\" alt=\"Bilet la loteria de s\u00e2mb\u0103t\u0103\" width=\"180\" height=\"300\" \/><\/p>\n<p>Pentru a <a href=\"https:\/\/jackpotlotteryonline.com\/ro\/cum-se-joaca\/saturday-lotto\">juca la aceast\u0103 loterie<\/a>, un juc\u0103tor trebuie s\u0103 aleag\u0103 6 numere principale \u00eentre 1 \u0219i 45. Apoi 2 numere suplimentare de la 1 la 6. Numerele suplimentare nu sunt folosite la determinarea jackpotului. Tot ce trebuie s\u0103 fac\u0103 un juc\u0103tor este s\u0103 potriveasc\u0103 cele opt numere extrase pentru a c\u00e2\u0219tiga jackpotul.<\/p>\n<p>\u00cen timpul extragerilor, \u0219ase bile sunt alese la \u00eent\u00e2mplare dintr-un butoi care are 45 de bile. Numerele de pe aceste bile sunt numerele c\u00e2\u0219tig\u0103toare, iar orice bilet care se potrive\u0219te cu acestea este biletul c\u00e2\u0219tig\u0103tor. Apoi, alte dou\u0103 bile sunt extrase dintr-un alt butoi care con\u021bine \u0219ase bile. Acestea sunt numerele suplimentare care sunt folosite pentru a determina celelalte categorii de premii.<\/p>\n<p>Dup\u0103 cum sugereaz\u0103 \u0219i numele, extragerile au loc \u00een fiecare s\u0103pt\u0103m\u00e2n\u0103, s\u00e2mb\u0103ta. Extragerile se \u00eencheie s\u00e2mb\u0103t\u0103 p\u00e2n\u0103 la ora 19:25 AEST. Juc\u0103torii care doresc s\u0103 fie \u00eenscri\u0219i la extragerea din acea s\u0103pt\u0103m\u00e2n\u0103 trebuie s\u0103 \u00ee\u0219i cumpere biletele \u00eenainte de ora de \u00eenchidere.<\/p>\n<h2>Diviziunile de premii<\/h2>\n<p>Loteria Tatts are opt divizii de premii. Atunci c\u00e2nd cump\u0103ra\u021bi un bilet la aceast\u0103 loterie, ave\u021bi \u0219ansa la oricare dintre aceste categorii de premii. Combina\u021bia c\u00e2\u0219tig\u0103toare pentru fiecare divizie este indicat\u0103 mai jos.<\/p>\n<p>Divizia 1 (Jackpot) &#8211; Potrive\u0219te 6 numere principale<br \/>\nDivizia 2 &#8211; Potrive\u0219te oricare 5 numere principale + 1 num\u0103r suplimentar<br \/>\nDivizia 3 &#8211; Marcheaz\u0103 oricare 5 numere principale<br \/>\nDivizia 4 &#8211; Potrive\u0219te orice 4 numere principale<br \/>\nDivizia 5 &#8211; Potrive\u0219te orice 3 numere principale + 1 num\u0103r suplimentar<br \/>\nDivizia 6 &#8211; Potrive\u0219te orice 3 numere principale<\/p>\n<p>Organizatorii au f\u0103cut posibil ca juc\u0103torii s\u0103 c\u00e2\u0219tige aceast\u0103 loterie. \u0218ansele sunt mari \u0219i cu un jackpot de 5 milioane de dolari australieni, este de mirare c\u0103 juc\u0103torii iubesc loteria de s\u00e2mb\u0103t\u0103? Dac\u0103 nu a\u021bi f\u0103cut-o \u00eenc\u0103, acesta este un moment bun pentru a v\u0103 g\u00e2ndi s\u0103 cump\u0103ra\u021bi un bilet.<\/p>\n<h2>C\u00e2\u0219tig\u0103torii anteriori<\/h2>\n<p>\u00cenainte de a v\u0103 \u00eemp\u0103rt\u0103\u0219i cum s\u0103 cump\u0103ra\u021bi bilete la aceast\u0103 loterie din afara Oz, ar fi o idee bun\u0103 s\u0103 vorbim despre c\u00e2\u0219tig\u0103torii anteriori. De-a lungul anilor, au existat o mul\u021bime de c\u00e2\u0219tig\u0103tori, a\u0219a c\u0103 vom alege doar c\u00e2\u021biva c\u00e2\u0219tig\u0103tori recen\u021bi \u0219i sper\u0103m c\u0103 ve\u021bi fi inspira\u021bi.<\/p>\n<p>Prima de pe lista noastr\u0103 este o mam\u0103 australian\u0103 care a ales s\u0103 r\u0103m\u00e2n\u0103 anonim\u0103. Ea a c\u00e2\u0219tigat jackpotul de s\u00e2mb\u0103t\u0103 \u00eempreun\u0103 cu un alt c\u00e2\u0219tig\u0103tor. Potrivit rapoartelor, i-au trebuit dou\u0103 s\u0103pt\u0103m\u00e2ni p\u00e2n\u0103 s\u0103 \u00ee\u0219i dea seama c\u0103 a c\u00e2\u0219tigat jackpotul. Dac\u0103 ar fi a\u0219teptat mai mult, nu \u0219i-ar fi putut revendica premiul. Din fericire, ea s-a \u00eentors s\u0103 verifice \u0219i a descoperit c\u0103 a c\u00e2\u0219tigat.<\/p>\n<p>Un alt c\u00e2\u0219tig\u0103tor este un b\u0103rbat care juca la loteria de s\u00e2mb\u0103t\u0103 de mai mul\u021bi ani cu acelea\u0219i numere. Tenacitatea sa a dat roade \u0219i a c\u00e2\u0219tigat premiul cel mare. Mul\u021bi c\u00e2\u0219tig\u0103tori la loto spun c\u0103 au jucat ani de zile \u00eenainte de a c\u00e2\u0219tiga la loterie. Uneori, este nevoie de credin\u021b\u0103 \u0219i consecven\u021b\u0103 pentru a ob\u021bine rezultatele pe care le dori\u021bi.<\/p>\n<section class=\"layout\" style=\"border: solid 1px; width: 100%;\">\n<div class=\"img-div\" style=\"margin-top: 5px;\"><img decoding=\"async\" class=\"wp-image-17212 alignleft\" style=\"height: 45px; margin: 8px 8px 0px;\" src=\"http:\/\/jackpotlotteryonline.com\/wp-content\/uploads\/2022\/11\/read1.jpg\" alt=\"cite\u0219te\" width=\"\" height=\"\" \/><\/div>\n<div style=\"padding-left: 5px;\">\n<div style=\"font-size: 1.1em;\">\n<p><strong>C\u00e2\u021biva c\u00e2\u0219tig\u0103tori la loto au dat \u00eenapoi comunit\u0103\u021bii<\/strong><\/p>\n<p style=\"font-size: 0.85em; margin-top: -1.5em;\">C\u00e2teva pove\u0219ti interesante \u0219i \u00eenduio\u0219\u0103toare despre c\u00e2\u0219tig\u0103tori la loto care dau \u00eenapoi\u00a0 <a href=\"https:\/\/jackpotlotteryonline.com\/ro\/povesti-despre-castigatorii-loteriei-care-dau-inapoi\"> cite\u0219te mai mult<\/a><\/p>\n<\/div>\n<\/div>\n<\/section>\n<h2>Cump\u0103ra\u021bi bilete din afara Australiei<\/h2>\n<p>Deci, dac\u0103 nu locui\u021bi \u00een frumoasa \u021bar\u0103 Oz, cum pute\u021bi cump\u0103ra bilete la Saturday Lotto? \u00cenainte de apari\u021bia internetului, ar fi fost imposibil sau cel pu\u021bin foarte dificil. Dar, datorit\u0103 internetului, pute\u021bi cump\u0103ra biletele de loterie Tatts online.<\/p>\n<p>Exist\u0103 v\u00e2nz\u0103tori de loterii online care permit juc\u0103torilor s\u0103 cumpere bilete la loteriile interna\u021bionale de top. Ace\u0219ti v\u00e2nz\u0103tori gestioneaz\u0103 ceea ce se nume\u0219te un serviciu de concierge care \u00eei ajut\u0103 pe juc\u0103tori s\u0103 cumpere bilete de loterie \u00een orice \u021bar\u0103. C\u00e2nd v\u0103 \u00eenscrie\u021bi pe aceste site-uri, pute\u021bi intra cu u\u0219urin\u021b\u0103 la loteria de s\u00e2mb\u0103t\u0103 \u0219i pute\u021bi revendica orice c\u00e2\u0219tig.<\/p>\n<p>La jackpotlotteryonline.com avem un serviciu de concierge care ofer\u0103 o experien\u021b\u0103 perfect\u0103 pentru utilizatorii no\u0219tri. C\u00e2nd v\u0103 \u00eenregistra\u021bi la noi, pute\u021bi cump\u0103ra cu u\u0219urin\u021b\u0103 biletul la loteria de s\u00e2mb\u0103t\u0103 \u0219i la multe alte loterii interna\u021bionale. \u00cengrijorat de cum s\u0103 v\u0103 revendica\u021bi premiul dac\u0103 c\u00e2\u0219tiga\u021bi? \u00cencaseaz\u0103-\u021bi pur \u0219i simplu premiul de pe platforma noastr\u0103 f\u0103r\u0103 nicio problem\u0103.<\/p>\n<h2>\u00centreb\u0103ri frecvente<\/h2>\n<p><img loading=\"lazy\" decoding=\"async\" class=\"wp-image-29264 alignright\" src=\"http:\/\/jackpotlotteryonline.com\/wp-content\/uploads\/2022\/11\/1_play_online_lotto-300x300.jpg\" alt=\"Loto online de s\u00e2mb\u0103t\u0103 din Australia\" width=\"235\" height=\"235\" srcset=\"https:\/\/jackpotlotteryonline.com\/wp-content\/uploads\/2022\/11\/1_play_online_lotto-300x300.jpg 300w, https:\/\/jackpotlotteryonline.com\/wp-content\/uploads\/2022\/11\/1_play_online_lotto-100x100.jpg 100w, https:\/\/jackpotlotteryonline.com\/wp-content\/uploads\/2022\/11\/1_play_online_lotto-150x150.jpg 150w, https:\/\/jackpotlotteryonline.com\/wp-content\/uploads\/2022\/11\/1_play_online_lotto.jpg 480w\" sizes=\"auto, (max-width: 235px) 100vw, 235px\" \/><\/p>\n<p>\u0218tim c\u0103, probabil, exist\u0103 mai multe \u00eentreb\u0103ri care v\u0103 trec prin minte. Nu-i nimic, suntem aici pentru a v\u0103 r\u0103spunde la \u00eentreb\u0103ri. Vom \u00eencerca s\u0103 acoperim totul aici, dar dac\u0103 mai ave\u021bi nel\u0103muriri, nu ezita\u021bi s\u0103 ne contacta\u021bi. Suntem \u00eentotdeauna bucuro\u0219i s\u0103 v\u0103 auzim. Vom face tot ce putem \u00een mod rezonabil pentru a v\u0103 ajuta \u00een c\u0103l\u0103toria dvs. de a deveni un c\u00e2\u0219tig\u0103tor la loterie.<\/p>\n<h2>Pot s\u0103 cump\u0103r bilete de loterie online?<\/h2>\n<p>Da, pute\u021bi cump\u0103ra bilete de loterie online \u0219i este perfect legal. Asigura\u021bi-v\u0103 c\u0103 folosi\u021bi un v\u00e2nz\u0103tor de loto de \u00eencredere pentru a v\u0103 asigura c\u0103 intra\u021bi \u00een loterie. Multe grupuri loteristice au site-uri web. Cu toate acestea, dac\u0103 dori\u021bi s\u0103 juca\u021bi la mai multe loterii, atunci ar fi mai bine s\u0103 v\u0103 \u00eenregistra\u021bi la un v\u00e2nz\u0103tor de loterii. Mai exact, unul care ofer\u0103 acces la mai multe alte loterii.<\/p>\n<h2>Cum pot cump\u0103ra un bilet?<\/h2>\n<p>Cump\u0103rarea unui bilet de loterie este u\u0219oar\u0103 atunci c\u00e2nd sunte\u021bi \u00eenregistrat la noi. Pur \u0219i simplu alege\u021bi numerele \u0219i intra\u021bi \u00een extragere. Pute\u021bi cump\u0103ra mai multe intr\u0103ri pentru a v\u0103 cre\u0219te \u0219ansele de a c\u00e2\u0219tiga un premiu. Totul depinde de dumneavoastr\u0103. Dac\u0103 nu sunte\u021bi sigur ce num\u0103r s\u0103 alege\u021bi, atunci selectorul automat poate face treaba pentru dvs. Lucr\u0103m din greu pentru a ne asigura c\u0103 procesul este u\u0219or \u0219i intuitiv pentru juc\u0103tori.<\/p>\n<h2>Ce este mai exact un serviciu de concierge?<\/h2>\n<p>Ne bucur\u0103m c\u0103 a\u021bi \u00eentrebat. C\u00e2nd spunem c\u0103 avem un serviciu de concierge, \u00eenseamn\u0103 c\u0103 avem agen\u021bi \u00een diferite \u021b\u0103ri, inclusiv \u00een Australia. Atunci c\u00e2nd v\u0103 cump\u0103ra\u021bi biletul de loterie de la noi, agen\u021bii no\u0219tri se duc \u0219i cump\u0103r\u0103 un bilet fizic cu numerele corespunz\u0103toare. Asta \u00eenseamn\u0103 c\u0103, oriunde v-a\u021bi afla, sunte\u021bi \u00eenscris la loterie.<\/p>\n<h2>Cum pot c\u00e2\u0219tiga?<\/h2>\n<p>Pentru a c\u00e2\u0219tiga la aceast\u0103 loterie australian\u0103, tot ce trebuie s\u0103 face\u021bi este s\u0103 potrivi\u021bi cele \u0219ase numere principale extrase \u0219i ve\u021bi deveni c\u00e2\u0219tig\u0103torul jackpotului. Nu trebuie s\u0103 potrivi\u021bi numerele suplimentare, deoarece acestea sunt folosite pentru a determina premiile din diviziunile 2 \u0219i 5.<\/p>\n<h2>Cum pot verifica rezultatele?<\/h2>\n<p>Dup\u0103 fiecare extragere, public\u0103m rezultatele chiar aici, pe jackpotlotteryonline.com. Pentru loteria de s\u00e2mb\u0103t\u0103, este suficient s\u0103 vizita\u021bi <a href=\"https:\/\/jackpotlotteryonline.com\/ro\/numere-castigatoare\/saturday-lotto\">pagina de extragere a loteriei<\/a> de s\u00e2mb\u0103t\u0103 dup\u0103 extragerile de s\u00e2mb\u0103t\u0103 pentru a g\u0103si rezultatele.<\/p>\n<h2>Ce se \u00eent\u00e2mpl\u0103 dac\u0103 uit s\u0103 verific rezultatele?<\/h2>\n<p>Aceasta este cea mai bun\u0103 parte. C\u00e2nd cump\u0103ra\u021bi de la noi, nu conteaz\u0103 dac\u0103 uita\u021bi s\u0103 verifica\u021bi rezultatele loto, pentru c\u0103 v\u0103 asigur\u0103m spatele. Dac\u0103 c\u00e2\u0219tiga\u021bi un premiu, v\u0103 vom trimite un mesaj pe tabloul de bord, precum \u0219i un e-mail pentru a v\u0103 alerta. C\u00e2nd cump\u0103ra\u021bi un talon de loto de la noi, \u0219ti\u021bi c\u0103 sunte\u021bi acoperit.<\/p>\n<h2>Am c\u00e2\u0219tigat, acum ce urmeaz\u0103?<\/h2>\n<p>Ei bine, dac\u0103 a\u021bi c\u00e2\u0219tigat la loto, \u00een primul r\u00e2nd, felicit\u0103ri! Suntem \u00eenc\u00e2nta\u021bi pentru dumneavoastr\u0103. Dac\u0103 v-a\u021bi \u00eenregistrat la noi, atunci urm\u0103torul pas este simplu. Merge\u021bi la tabloul dvs. de bord \u0219i retrage\u021bi fondurile prin metodele disponibile. Este la fel de simplu ca asta.<\/p>\n<h2>\u00cenregistreaz\u0103-te cu noi ast\u0103zi!<\/h2>\n<p>Jocul la loterie este distractiv \u0219i, le ofer\u0103 juc\u0103torilor ceva ce a\u0219teapt\u0103 cu ner\u0103bdare \u00een fiecare s\u0103pt\u0103m\u00e2n\u0103. Loteria de s\u00e2mb\u0103t\u0103 are un premiu jackpot frumos \u0219i cote favorabile, ceea ce o face ideal\u0103 at\u00e2t pentru pariorii noi, c\u00e2t \u0219i pentru cei vechi. Acum, nu mai este limitat\u0103 la australieni, deoarece oamenii de pretutindeni pot cump\u0103ra acum intr\u0103ri la loterie.<\/p>\n<p>Dac\u0103 sunte\u021bi \u00een c\u0103utarea unui joc interesant de jucat, de ce s\u0103 nu \u00eencerca\u021bi loteria Tatts? Oriunde v-a\u021bi afla, pute\u021bi cump\u0103ra un bilet pentru aceast\u0103 loterie \u00eenregistr\u00e2ndu-v\u0103 la noi. cump\u0103ra\u021bi mai multe intr\u0103ri \u0219i intra\u021bi cu u\u0219urin\u021b\u0103 \u00een mai multe extrageri \u00een avans. Treaba noastr\u0103 este de a v\u0103 face posibil s\u0103 juca\u021bi la loteriile pe care le alege\u021bi cu un stres minim.<\/p>\n<p>Relaxa\u021bi-v\u0103 \u0219i distra\u021bi-v\u0103 \u00een timp ce juca\u021bi, nu se \u0219tie niciodat\u0103 dac\u0103 aceasta va fi ziua \u00een care ve\u021bi c\u00e2\u0219tiga mult. De ce s\u0103 nu cump\u0103ra\u021bi acces la loto \u00eenregistr\u00e2ndu-v\u0103 la noi ast\u0103zi?<\/p>\n","protected":false},"excerpt":{"rendered":"<p>Australia are o mul\u021bime de loterii, cum ar fi Wednesday Lotto, Powerball \u0219i Saturday Lotto Australia. Loteria de s\u00e2mb\u0103t\u0103 este popular\u0103 \u00een r\u00e2ndul juc\u0103torilor \u0219i le ofer\u0103 oamenilor ceva la care s\u0103 a\u0219tepte cu ner\u0103bdare \u00een fiecare s\u0103pt\u0103m\u00e2n\u0103. C\u00e2nd a \u00eenceput aceast\u0103 loterie, doar juc\u0103torii din Oz puteau participa la ea. Din fericire, pariorii din [&hellip;]<\/p>\n","protected":false},"author":1,"featured_media":0,"parent":35774,"menu_order":18,"comment_status":"closed","ping_status":"closed","template":"saturday-lotto-info.php","meta":{"_et_pb_use_builder":"","_et_pb_old_content":"","_et_gb_content_width":"","exclude_from_search":false,"footnotes":""},"class_list":["post-37283","page","type-page","status-publish","hentry"],"yoast_head":"<!-- This site is optimized with the Yoast SEO plugin v23.3 - https:\/\/yoast.com\/wordpress\/plugins\/seo\/ -->\n<title>Cump\u0103ra\u021bi bilete pentru Saturday Lotto Australia din afara Australiei<\/title>\n<meta name=\"description\" content=\"Popularul loto australian de s\u00e2mb\u0103t\u0103 are jackpoturi mari. Juc\u0103torii de oriunde pot cump\u0103ra acum un bilet pentru Saturday lotto online\" \/>\n<meta name=\"robots\" content=\"index, follow, max-snippet:-1, max-image-preview:large, max-video-preview:-1\" \/>\n<link rel=\"canonical\" href=\"https:\/\/jackpotlotteryonline.com\/ro\/cumpara-bilete\/saturday-lotto\/\" \/>\n<meta property=\"og:locale\" content=\"ro_RO\" \/>\n<meta property=\"og:type\" content=\"article\" \/>\n<meta property=\"og:title\" content=\"Cump\u0103ra\u021bi bilete pentru Saturday Lotto Australia din afara Australiei\" \/>\n<meta property=\"og:description\" content=\"Popularul loto australian de s\u00e2mb\u0103t\u0103 are jackpoturi mari. Juc\u0103torii de oriunde pot cump\u0103ra acum un bilet pentru Saturday lotto online\" \/>\n<meta property=\"og:url\" content=\"https:\/\/jackpotlotteryonline.com\/ro\/cumpara-bilete\/saturday-lotto\/\" \/>\n<meta property=\"og:site_name\" content=\"Lotto Online - Crack The International Lottery Jackpots\" \/>\n<meta property=\"article:modified_time\" content=\"2022-12-24T21:18:20+00:00\" \/>\n<meta property=\"og:image\" content=\"http:\/\/jackpotlotteryonline.com\/wp-content\/uploads\/2022\/11\/2_ticket_saturday_lotto_au2-1-180x300-1.jpg\" \/>\n<meta name=\"twitter:card\" content=\"summary_large_image\" \/>\n<meta name=\"twitter:label1\" content=\"Timp estimat pentru citire\" \/>\n\t<meta name=\"twitter:data1\" content=\"8 minute\" \/>\n<!-- \/ Yoast SEO plugin. -->","yoast_head_json":{"title":"Cump\u0103ra\u021bi bilete pentru Saturday Lotto Australia din afara Australiei","description":"Popularul loto australian de s\u00e2mb\u0103t\u0103 are jackpoturi mari. Juc\u0103torii de oriunde pot cump\u0103ra acum un bilet pentru Saturday lotto online","robots":{"index":"index","follow":"follow","max-snippet":"max-snippet:-1","max-image-preview":"max-image-preview:large","max-video-preview":"max-video-preview:-1"},"canonical":"https:\/\/jackpotlotteryonline.com\/ro\/cumpara-bilete\/saturday-lotto\/","og_locale":"ro_RO","og_type":"article","og_title":"Cump\u0103ra\u021bi bilete pentru Saturday Lotto Australia din afara Australiei","og_description":"Popularul loto australian de s\u00e2mb\u0103t\u0103 are jackpoturi mari. Juc\u0103torii de oriunde pot cump\u0103ra acum un bilet pentru Saturday lotto online","og_url":"https:\/\/jackpotlotteryonline.com\/ro\/cumpara-bilete\/saturday-lotto\/","og_site_name":"Lotto Online - Crack The International Lottery Jackpots","article_modified_time":"2022-12-24T21:18:20+00:00","og_image":[{"url":"http:\/\/jackpotlotteryonline.com\/wp-content\/uploads\/2022\/11\/2_ticket_saturday_lotto_au2-1-180x300-1.jpg"}],"twitter_card":"summary_large_image","twitter_misc":{"Timp estimat pentru citire":"8 minute"},"schema":{"@context":"https:\/\/schema.org","@graph":[{"@type":"WebPage","@id":"https:\/\/jackpotlotteryonline.com\/ro\/cumpara-bilete\/saturday-lotto\/","url":"https:\/\/jackpotlotteryonline.com\/ro\/cumpara-bilete\/saturday-lotto\/","name":"Cump\u0103ra\u021bi bilete pentru Saturday Lotto Australia din afara Australiei","isPartOf":{"@id":"https:\/\/jackpotlotteryonline.com\/#website"},"primaryImageOfPage":{"@id":"https:\/\/jackpotlotteryonline.com\/ro\/cumpara-bilete\/saturday-lotto\/#primaryimage"},"image":{"@id":"https:\/\/jackpotlotteryonline.com\/ro\/cumpara-bilete\/saturday-lotto\/#primaryimage"},"thumbnailUrl":"http:\/\/jackpotlotteryonline.com\/wp-content\/uploads\/2022\/11\/2_ticket_saturday_lotto_au2-1-180x300-1.jpg","datePublished":"2022-11-11T08:52:27+00:00","dateModified":"2022-12-24T21:18:20+00:00","description":"Popularul loto australian de s\u00e2mb\u0103t\u0103 are jackpoturi mari. Juc\u0103torii de oriunde pot cump\u0103ra acum un bilet pentru Saturday lotto online","breadcrumb":{"@id":"https:\/\/jackpotlotteryonline.com\/ro\/cumpara-bilete\/saturday-lotto\/#breadcrumb"},"inLanguage":"ro-RO","potentialAction":[{"@type":"ReadAction","target":["https:\/\/jackpotlotteryonline.com\/ro\/cumpara-bilete\/saturday-lotto\/"]}]},{"@type":"ImageObject","inLanguage":"ro-RO","@id":"https:\/\/jackpotlotteryonline.com\/ro\/cumpara-bilete\/saturday-lotto\/#primaryimage","url":"http:\/\/jackpotlotteryonline.com\/wp-content\/uploads\/2022\/11\/2_ticket_saturday_lotto_au2-1-180x300-1.jpg","contentUrl":"http:\/\/jackpotlotteryonline.com\/wp-content\/uploads\/2022\/11\/2_ticket_saturday_lotto_au2-1-180x300-1.jpg"},{"@type":"BreadcrumbList","@id":"https:\/\/jackpotlotteryonline.com\/ro\/cumpara-bilete\/saturday-lotto\/#breadcrumb","itemListElement":[{"@type":"ListItem","position":1,"name":"Home","item":"https:\/\/jackpotlotteryonline.com\/ro\/"},{"@type":"ListItem","position":2,"name":"Cum s\u0103 cump\u0103ra\u021bi bilete de loterie online","item":"https:\/\/jackpotlotteryonline.com\/buy-tickets\/"},{"@type":"ListItem","position":3,"name":"Cumpara bilete pentru s\u00e2mb\u0103t\u0103 Loto Australia"}]},{"@type":"WebSite","@id":"https:\/\/jackpotlotteryonline.com\/#website","url":"https:\/\/jackpotlotteryonline.com\/","name":"Lotto Online - Crack The International Lottery Jackpots","description":"","potentialAction":[{"@type":"SearchAction","target":{"@type":"EntryPoint","urlTemplate":"https:\/\/jackpotlotteryonline.com\/?s={search_term_string}"},"query-input":"required name=search_term_string"}],"inLanguage":"ro-RO"}]}},"_links":{"self":[{"href":"https:\/\/jackpotlotteryonline.com\/ro\/wp-json\/wp\/v2\/pages\/37283","targetHints":{"allow":["GET"]}}],"collection":[{"href":"https:\/\/jackpotlotteryonline.com\/ro\/wp-json\/wp\/v2\/pages"}],"about":[{"href":"https:\/\/jackpotlotteryonline.com\/ro\/wp-json\/wp\/v2\/types\/page"}],"author":[{"embeddable":true,"href":"https:\/\/jackpotlotteryonline.com\/ro\/wp-json\/wp\/v2\/users\/1"}],"replies":[{"embeddable":true,"href":"https:\/\/jackpotlotteryonline.com\/ro\/wp-json\/wp\/v2\/comments?post=37283"}],"version-history":[{"count":0,"href":"https:\/\/jackpotlotteryonline.com\/ro\/wp-json\/wp\/v2\/pages\/37283\/revisions"}],"up":[{"embeddable":true,"href":"https:\/\/jackpotlotteryonline.com\/ro\/wp-json\/wp\/v2\/pages\/35774"}],"wp:attachment":[{"href":"https:\/\/jackpotlotteryonline.com\/ro\/wp-json\/wp\/v2\/media?parent=37283"}],"curies":[{"name":"wp","href":"https:\/\/api.w.org\/{rel}","templated":true}]}}