{"id":37777,"date":"2022-11-15T08:41:14","date_gmt":"2022-11-15T08:41:14","guid":{"rendered":"https:\/\/jackpotlotteryonline.com\/?page_id=37777"},"modified":"2022-11-15T08:41:14","modified_gmt":"2022-11-15T08:41:14","slug":"faq","status":"publish","type":"page","link":"https:\/\/jackpotlotteryonline.com\/ro\/faq\/","title":{"rendered":"\u00ceNTREB\u0102RI FRECVENTE"},"content":{"rendered":"<h2>\u00centreb\u0103ri frecvente despre loteria online<\/h2>\n<p>Aici vom oferi r\u0103spunsuri la cele mai frecvente \u00eentreb\u0103ri despre loteria online \u0219i jackpoturile loto online. Jocul la loto online este cea mai convenabil\u0103 \u0219i cea mai u\u0219oar\u0103 modalitate de a pune m\u00e2na pe acele mari jackpoturi interna\u021bionale de la Loto.<\/p>\n<h2>Cum func\u021bioneaz\u0103?<\/h2>\n<p>Noi ac\u021bion\u0103m ca un serviciu de mesagerie \u00eentre dumneavoastr\u0103 \u0219i diferitele loterii. Noi cump\u0103r\u0103m biletul \u00een numele \u0219i pe seama dumneavoastr\u0103, apoi scan\u0103m noul bilet \u0219i \u00eenc\u0103rc\u0103m scanarea \u00een contul dumneavoastr\u0103 de client, v\u0103 trimitem un mesaj atunci c\u00e2nd c\u00e2\u0219tiga\u021bi \u0219i v\u0103 ajut\u0103m s\u0103 v\u0103 primi\u021bi banii atunci c\u00e2nd c\u00e2\u0219tiga\u021bi, de asemenea.<\/p>\n<h2>Care sunt avantajele de a juca prin intermediul nostru?<\/h2>\n<ul>\n<li>nu este nevoie s\u0103 merge\u021bi la un magazin de loterie. Pute\u021bi juca cu u\u0219urin\u021b\u0103 de acas\u0103 sau de la birou<\/li>\n<li>pute\u021bi pl\u0103ti online, de exemplu prin card de credit sau prin alte mijloace<\/li>\n<li>c\u00e2\u0219tigurile dvs. la loto de p\u00e2n\u0103 la 2500 \u20ac vor fi creditate \u00een contul dvs.<\/li>\n<li>dac\u0103 c\u00e2\u0219tiga\u021bi mai mult de 2 500 \u20ac, v\u0103 vom ajuta s\u0103 v\u0103 recupera\u021bi banii, gratuit.<\/li>\n<li>nu exist\u0103 costuri suplimentare \u00een cazul \u00een care c\u00e2\u0219tiga\u021bi bani.<\/li>\n<\/ul>\n<p><strong>Cine poate juca la loterii?<\/strong><\/p>\n<p>Orice persoan\u0103 cu v\u00e2rsta de peste 18 ani poate juca la loto.<\/p>\n<p><strong>Pot s\u0103 joc la loto dintr-o \u021bar\u0103 str\u0103in\u0103?<\/strong><\/p>\n<p>Da, pute\u021bi. Nu conteaz\u0103 \u00een ce \u021bar\u0103 locuie\u0219ti, po\u021bi juca la orice loterie \u0219i loto jackpot din orice \u021bar\u0103 pe care o alegi.<\/p>\n<p><strong>Pot s\u0103-mi aleg singur numerele la loto?<\/strong><\/p>\n<p>Da. Pute\u021bi alege numerele pe care le dori\u021bi sau pute\u021bi cere \u00een mod convenabil ca computerul s\u0103 aleag\u0103 numerele pentru dvs. la \u00eent\u00e2mplare.<\/p>\n<p><strong>Cum voi primi biletul meu de loterie?<\/strong><\/p>\n<p>Dup\u0103 ce plata dvs. a fost procesat\u0103, v\u0103 vom trimite prin e-mail o confirmare de cump\u0103rare. Numerele pe care le-a\u021bi ales pot fi v\u0103zute \u00een contul dumneavoastr\u0103. La scurt timp dup\u0103 aceea, pute\u021bi vedea \u0219i biletul scanat \u00een contul dumneavoastr\u0103.<\/p>\n<p><strong>Cum pot pl\u0103ti pentru loto sau pentru biletul meu?<\/strong><\/p>\n<p>Ave\u021bi la dispozi\u021bie o serie de op\u021biuni de plat\u0103, printre acestea se num\u0103r\u0103 plata cu cardul de credit, prin virament bancar, diverse criptomonede \u0219i multe altele.<\/p>\n<p><strong>Lua\u021bi o parte din c\u00e2\u0219tigurile mele?<\/strong><\/p>\n<p>Nu. Toate c\u00e2\u0219tigurile la loto v\u0103 vor fi pl\u0103tite integral, f\u0103r\u0103 deducerea vreunui comision.<\/p>\n<p><strong>C\u00e2nd pot plasa comanda mea pentru un bilet de loterie?<\/strong><\/p>\n<p>Pentru a participa la o loterie, trebuie s\u0103 v\u0103 comanda\u021bi biletul cu cel pu\u021bin 2 ore \u00eenainte de extragere. Acest lucru ne permite s\u0103 proces\u0103m comanda dvs. de bilete la loto.<\/p>\n<p><strong>Cum \u0219tiu dac\u0103 am c\u00e2\u0219tigat?<\/strong><\/p>\n<p>Dac\u0103 a\u021bi c\u00e2\u0219tigat, v\u0103 vom trimite un e-mail prin care v\u0103 vom anun\u021ba despre c\u00e2\u0219tig. De asemenea, numerele c\u00e2\u0219tig\u0103toare pentru toate loteriile vor fi publicate pe site-ul nostru.<\/p>\n<p><strong>Cum \u00eemi primesc banii dac\u0103 am c\u00e2\u0219tigat?<\/strong><\/p>\n<p>Dac\u0103 a\u021bi c\u00e2\u0219tigat o sum\u0103 mai mic\u0103 de 2500 \u20ac, atunci banii vor fi credita\u021bi \u00een contul dumneavoastr\u0103 de juc\u0103tor. Pentru orice sum\u0103 c\u00e2\u0219tigat\u0103 mai mare de 2.500 \u20ac, v\u0103 vom trimite un formular de revendicare pe care trebuie s\u0103-l completa\u021bi. Va trebui s\u0103 v\u0103 identifica\u021bi \u0219i apoi vom procesa cererea dumneavoastr\u0103 c\u0103tre compania de loterie. Compania de loterie v\u0103 va emite apoi un cec. V\u0103 rug\u0103m s\u0103 re\u021bine\u021bi c\u0103 unele companii de loterie v\u0103 cer s\u0103 v\u0103 revendica\u021bi personal c\u00e2\u0219tigurile dac\u0103 a\u021bi c\u00e2\u0219tigat un premiu jackpot.<\/p>\n<p><strong>Este acesta un serviciu legal?<\/strong><\/p>\n<p>Da, este. Deoarece al nostru este doar un serviciu de mesagerie, acesta este perfect legal.<\/p>\n<p><strong>De unde \u0219tiu c\u0103 un bilet de loterie este cump\u0103rat \u00een numele meu?<\/strong><\/p>\n<p>Dup\u0103 ce a\u021bi pl\u0103tit pentru biletul de loterie, ve\u021bi primi o confirmare de plat\u0103. At\u00e2ta timp c\u00e2t biletul dvs. loto este activ, ve\u021bi primi o notificare prin e-mail \u0219i, dup\u0103 ce v\u0103 conecta\u021bi, pute\u021bi vedea biletele dvs. \u00een zona dvs. de client de pe site-ul nostru.<\/p>\n","protected":false},"excerpt":{"rendered":"<p>\u00centreb\u0103ri frecvente despre loteria online Aici vom oferi r\u0103spunsuri la cele mai frecvente \u00eentreb\u0103ri despre loteria online \u0219i jackpoturile loto online. Jocul la loto online este cea mai convenabil\u0103 \u0219i cea mai u\u0219oar\u0103 modalitate de a pune m\u00e2na pe acele mari jackpoturi interna\u021bionale de la Loto. Cum func\u021bioneaz\u0103? Noi ac\u021bion\u0103m ca un serviciu de mesagerie [&hellip;]<\/p>\n","protected":false},"author":1,"featured_media":0,"parent":0,"menu_order":6,"comment_status":"closed","ping_status":"closed","template":"","meta":{"_et_pb_use_builder":"","_et_pb_old_content":"","_et_gb_content_width":"","exclude_from_search":false,"footnotes":""},"class_list":["post-37777","page","type-page","status-publish","hentry"],"yoast_head":"<!-- This site is optimized with the Yoast SEO plugin v23.3 - https:\/\/yoast.com\/wordpress\/plugins\/seo\/ -->\n<title>Loteria FAQ | \u00centreb\u0103ri frecvente despre Loto online<\/title>\n<meta name=\"description\" content=\"G\u0103si\u021bi aici r\u0103spunsurile la cele mai frecvente \u00eentreb\u0103ri despre loteria online, precum \u0219i cele mai bune servicii\" \/>\n<meta name=\"robots\" content=\"index, follow, max-snippet:-1, max-image-preview:large, max-video-preview:-1\" \/>\n<link rel=\"canonical\" href=\"https:\/\/jackpotlotteryonline.com\/ro\/faq\/\" \/>\n<meta property=\"og:locale\" content=\"ro_RO\" \/>\n<meta property=\"og:type\" content=\"article\" \/>\n<meta property=\"og:title\" content=\"Loteria FAQ | \u00centreb\u0103ri frecvente despre Loto online\" \/>\n<meta property=\"og:description\" content=\"G\u0103si\u021bi aici r\u0103spunsurile la cele mai frecvente \u00eentreb\u0103ri despre loteria online, precum \u0219i cele mai bune servicii\" \/>\n<meta property=\"og:url\" content=\"https:\/\/jackpotlotteryonline.com\/ro\/faq\/\" \/>\n<meta property=\"og:site_name\" content=\"Lotto Online - Crack The International Lottery Jackpots\" \/>\n<meta name=\"twitter:card\" content=\"summary_large_image\" \/>\n<meta name=\"twitter:label1\" content=\"Timp estimat pentru citire\" \/>\n\t<meta name=\"twitter:data1\" content=\"3 minute\" \/>\n<!-- \/ Yoast SEO plugin. -->","yoast_head_json":{"title":"Loteria FAQ | \u00centreb\u0103ri frecvente despre Loto online","description":"G\u0103si\u021bi aici r\u0103spunsurile la cele mai frecvente \u00eentreb\u0103ri despre loteria online, precum \u0219i cele mai bune servicii","robots":{"index":"index","follow":"follow","max-snippet":"max-snippet:-1","max-image-preview":"max-image-preview:large","max-video-preview":"max-video-preview:-1"},"canonical":"https:\/\/jackpotlotteryonline.com\/ro\/faq\/","og_locale":"ro_RO","og_type":"article","og_title":"Loteria FAQ | \u00centreb\u0103ri frecvente despre Loto online","og_description":"G\u0103si\u021bi aici r\u0103spunsurile la cele mai frecvente \u00eentreb\u0103ri despre loteria online, precum \u0219i cele mai bune servicii","og_url":"https:\/\/jackpotlotteryonline.com\/ro\/faq\/","og_site_name":"Lotto Online - Crack The International Lottery Jackpots","twitter_card":"summary_large_image","twitter_misc":{"Timp estimat pentru citire":"3 minute"},"schema":{"@context":"https:\/\/schema.org","@graph":[{"@type":"WebPage","@id":"https:\/\/jackpotlotteryonline.com\/ro\/faq\/","url":"https:\/\/jackpotlotteryonline.com\/ro\/faq\/","name":"Loteria FAQ | \u00centreb\u0103ri frecvente despre Loto online","isPartOf":{"@id":"https:\/\/jackpotlotteryonline.com\/#website"},"datePublished":"2022-11-15T08:41:14+00:00","dateModified":"2022-11-15T08:41:14+00:00","description":"G\u0103si\u021bi aici r\u0103spunsurile la cele mai frecvente \u00eentreb\u0103ri despre loteria online, precum \u0219i cele mai bune servicii","breadcrumb":{"@id":"https:\/\/jackpotlotteryonline.com\/ro\/faq\/#breadcrumb"},"inLanguage":"ro-RO","potentialAction":[{"@type":"ReadAction","target":["https:\/\/jackpotlotteryonline.com\/ro\/faq\/"]}]},{"@type":"BreadcrumbList","@id":"https:\/\/jackpotlotteryonline.com\/ro\/faq\/#breadcrumb","itemListElement":[{"@type":"ListItem","position":1,"name":"Home","item":"https:\/\/jackpotlotteryonline.com\/ro\/"},{"@type":"ListItem","position":2,"name":"\u00ceNTREB\u0102RI FRECVENTE"}]},{"@type":"WebSite","@id":"https:\/\/jackpotlotteryonline.com\/#website","url":"https:\/\/jackpotlotteryonline.com\/","name":"Lotto Online - Crack The International Lottery Jackpots","description":"","potentialAction":[{"@type":"SearchAction","target":{"@type":"EntryPoint","urlTemplate":"https:\/\/jackpotlotteryonline.com\/?s={search_term_string}"},"query-input":"required name=search_term_string"}],"inLanguage":"ro-RO"}]}},"_links":{"self":[{"href":"https:\/\/jackpotlotteryonline.com\/ro\/wp-json\/wp\/v2\/pages\/37777","targetHints":{"allow":["GET"]}}],"collection":[{"href":"https:\/\/jackpotlotteryonline.com\/ro\/wp-json\/wp\/v2\/pages"}],"about":[{"href":"https:\/\/jackpotlotteryonline.com\/ro\/wp-json\/wp\/v2\/types\/page"}],"author":[{"embeddable":true,"href":"https:\/\/jackpotlotteryonline.com\/ro\/wp-json\/wp\/v2\/users\/1"}],"replies":[{"embeddable":true,"href":"https:\/\/jackpotlotteryonline.com\/ro\/wp-json\/wp\/v2\/comments?post=37777"}],"version-history":[{"count":0,"href":"https:\/\/jackpotlotteryonline.com\/ro\/wp-json\/wp\/v2\/pages\/37777\/revisions"}],"wp:attachment":[{"href":"https:\/\/jackpotlotteryonline.com\/ro\/wp-json\/wp\/v2\/media?parent=37777"}],"curies":[{"name":"wp","href":"https:\/\/api.w.org\/{rel}","templated":true}]}}