{"id":39246,"date":"2022-11-22T11:50:03","date_gmt":"2022-11-22T11:50:03","guid":{"rendered":"https:\/\/jackpotlotteryonline.com\/?page_id=39246"},"modified":"2023-01-03T08:55:30","modified_gmt":"2023-01-03T08:55:30","slug":"la-primitiva-2","status":"publish","type":"page","link":"https:\/\/jackpotlotteryonline.com\/ro\/cum-se-joaca\/la-primitiva-2\/","title":{"rendered":"juca La Primitiva online"},"content":{"rendered":"<p>Loteria spaniol\u0103 este una dintre cele mai populare loterii din Europa \u0219i \u00eei atrage pe fanii loto din \u00eentreaga \u021bar\u0103. La Primitiva este, de asemenea, una dintre cele mai vechi loterii din lume. A fost \u00eenfiin\u021bat\u0103 \u00een 1763 \u0219i face bucurii fanilor loteriei din \u021bar\u0103 de aproape 260 de ani. P\u00e2n\u0103 acum, era limitat\u0103 doar la pariorii care locuiau \u00een acea loca\u021bie geografic\u0103, dar datorit\u0103 internetului, pariorii din \u00eentreaga lume pot acum s\u0103 participe la aceast\u0103 loterie. Jocurile loto depind foarte mult de noroc, iar acesta nu face excep\u021bie. Ca atare, exist\u0103 at\u00e2t de multe \u00eenscrieri la fiecare extragere, pariorii \u00eencerc\u00e2nd s\u0103 aib\u0103 \u0219ansa de a c\u00e2\u0219tiga mult.<\/p>\n<p>Dac\u0103 dori\u021bi s\u0103 ob\u021bine\u021bi <a href=\"https:\/\/jackpotlotteryonline.com\/ro\/cumpara-bilete\/la-primitiva\">bilete la loteriile interna\u021bionale de top<\/a>, inclusiv La Primitiva, vizita\u021bi jackptlotteryonline.com acum pentru a \u00eencepe.<\/p>\n<h2>Cum se joac\u0103 la La Primitiva<\/h2>\n<p><img loading=\"lazy\" decoding=\"async\" class=\"alignright size-medium wp-image-28103\" src=\"https:\/\/jackpotlotteryonline.com\/wp-content\/uploads\/2022\/11\/1_lotto_jackpot_online-257x300.jpg\" alt=\"Joac\u0103 La Primitiva\" width=\"257\" height=\"300\" srcset=\"https:\/\/jackpotlotteryonline.com\/wp-content\/uploads\/2022\/11\/1_lotto_jackpot_online-257x300.jpg 257w, https:\/\/jackpotlotteryonline.com\/wp-content\/uploads\/2022\/11\/1_lotto_jackpot_online.jpg 321w\" sizes=\"auto, (max-width: 257px) 100vw, 257px\" \/><\/p>\n<p>Oric\u00e2t de distractiv ar fi s\u0103 joci la loteria spaniol\u0103, aceasta ar putea fi pu\u021bin confuz\u0103 pentru cei care sunt noi la loterie. Se pare c\u0103 sunt un pic mai multe numere dec\u00e2t ar putea fi obi\u0219nui\u021bi unii pariori \u0219i exist\u0103 \u0219i alte concepte care ar putea fi greu de \u00een\u021beles. Dar, odat\u0103 ce ai \u00een\u021beles cum se joac\u0103 La Primitiva, devine foarte simplu.<\/p>\n<p>Primul lucru pe care trebuie s\u0103-l \u00een\u021belegi despre cum se joac\u0103 la aceast\u0103 loterie este <strong>Reintegro<\/strong> \u0219i <strong>Complementario<\/strong>. Reintegro \u0219i Complementario sunt esen\u021biale pentru a determina c\u00e2\u0219tig\u0103torul jackpotului. Dac\u0103 pl\u0103nui\u021bi s\u0103 c\u00e2\u0219tiga\u021bi jackpot-ul, atunci este esen\u021bial s\u0103 \u0219ti\u021bi despre ce este vorba \u0219i cum func\u021bioneaz\u0103.<\/p>\n<p>Practic, Reintegro (restituirea tradus\u0103 \u00een limba englez\u0103) este unul dintre numerele bonus folosite \u00een selectarea c\u00e2\u0219tig\u0103torilor de premii. Complementario (tradus Complementar \u00een englez\u0103) este al doilea num\u0103r bonus.<\/p>\n<p><strong>Pentru a juca La Primitiva, un juc\u0103tor ar trebui s\u0103 aleag\u0103 cinci numere principale de la 1 la 49 \u0219i Reintegro de la 0 la 9<\/strong>. Oricine are un bilet care se potrive\u0219te cu numerele extrase c\u00e2\u0219tig\u0103 premiul cel mare.<\/p>\n<h2>Dar Reintegro este mai mult dec\u00e2t at\u00e2t<\/h2>\n<p>Reintegro este folosit pentru a selecta c\u00e2\u0219tig\u0103torul jackpotului. Astfel, trebuie s\u0103 potrive\u0219ti cele cinci numere principale \u0219i num\u0103rul Reintegro pentru a c\u00e2\u0219tiga jackpotul.<\/p>\n<p>De asemenea, Reintegro este folosit pentru a determina o alt\u0103 categorie de premii. Pariorii care potrivesc doar num\u0103rul Reintegro c\u00e2\u0219tig\u0103 \u00eenapoi pre\u021bul biletului lor. De aceea se nume\u0219te &#8220;rambursarea&#8221;.<\/p>\n<section class=\"layout\" style=\"border: solid 1px; width: 100%;\">\n<div class=\"img-div\" style=\"margin-top: 5px;\"><img decoding=\"async\" class=\"wp-image-17212 alignleft\" style=\"height: 45px; margin: 8px 8px 0px;\" src=\"https:\/\/jackpotlotteryonline.com\/wp-content\/uploads\/2022\/11\/read1.jpg\" alt=\"cite\u0219te\" width=\"\" height=\"\" \/><\/div>\n<div style=\"padding-left: 5px;\">\n<div style=\"font-size: 1.1em;\">\n<p><strong>Care este secretul succesului la loto?<\/strong><\/p>\n<p style=\"font-size: 0.85em; margin-top: -1.5em;\">Cum s\u0103 juca\u021bi cu succes la loto <a href=\"https:\/\/jackpotlotteryonline.com\/ro\/care-este-secretul-succesului-la-loto\">cite\u0219te mai mult<\/a><\/p>\n<\/div>\n<\/div>\n<\/section>\n<h2>Ce se \u00eent\u00e2mpl\u0103 cu Complementario?<\/h2>\n<p>Cel\u0103lalt num\u0103r bonus nu este relevant pentru c\u00e2\u0219tigarea jackpotului, dar este folosit pentru a determina categoria de premii din Divizia 2. A\u0219adar, un parior care potrive\u0219te cele cinci numere principale \u0219i num\u0103rul Complementario va c\u00e2\u0219tiga un premiu.<\/p>\n<h2>\u00cen\u021belegerea modului \u00een care func\u021bioneaz\u0103 Joker-ul<\/h2>\n<p>Jokerul este un alt mister dac\u0103 cump\u0103ra\u021bi bilete La Primitiva pentru prima dat\u0103, deoarece pare s\u0103 creeze o categorie complet diferit\u0103 de premii. De fapt, chiar creeaz\u0103 o categorie diferit\u0103 de premii.\u00a0 Este \u00eens\u0103 op\u021bional, iar atunci c\u00e2nd v\u0103 cump\u0103ra\u021bi biletul de loterie, pute\u021bi alege s\u0103 include\u021bi un Joker pentru un cost suplimentar.<\/p>\n<p>Jokerul seam\u0103n\u0103 mai mult cu o tombol\u0103 dec\u00e2t cu o loterie, deoarece pariorii nu au posibilitatea de a-\u0219i alege numerele. \u0218apte numere aleatorii sunt ata\u0219ate biletului dumneavoastr\u0103 dac\u0103 opta\u021bi pentru Joker. Acest lucru nu anuleaz\u0103 biletul de loterie, este doar o includere. Jokerul le ofer\u0103 pariorilor \u0219ansa de a c\u00e2\u0219tiga p\u00e2n\u0103 la 1 milion de euro. Are \u0219apte categorii de premii. Le g\u0103si\u021bi mai jos:<\/p>\n<p>Premiul 1 &#8211; 1.000.000 de euro<\/p>\n<p>Premiul al 2-lea &#8211; 10.000 de euro<\/p>\n<p>Premiul al 3-lea &#8211; 1.000 de euro<\/p>\n<p>Premiul 4 &#8211; 300 de euro<\/p>\n<p>Premiul 5 &#8211; 50 de euro<\/p>\n<p>Premiul 6 &#8211; 5 euro<\/p>\n<p>Premiul 7 &#8211; 5 euro<\/p>\n<h2>C\u00e2\u0219tigarea Jokerului<\/h2>\n<p>Dac\u0103 c\u00e2\u0219tiga\u021bi at\u00e2t loteria, c\u00e2t \u0219i Joker-ul, va trebui s\u0103 alege\u021bi unul dintre ele, deoarece pariorii nu pot revendica ambele premii \u00een cadrul unei singure extrageri pentru un singur bilet. Cu toate acestea, va fi pl\u0103tit\u0103 o recompens\u0103 mai mare.<\/p>\n<h2>Pa\u0219i pentru a juca la loto online<\/h2>\n<p><img loading=\"lazy\" decoding=\"async\" class=\"alignright size-medium wp-image-33512\" src=\"https:\/\/jackpotlotteryonline.com\/wp-content\/uploads\/2022\/11\/2_ticket_la_primitiva2-210x300.jpg\" alt=\"Bilet online La Primitiva\" width=\"210\" height=\"300\" srcset=\"https:\/\/jackpotlotteryonline.com\/wp-content\/uploads\/2022\/11\/2_ticket_la_primitiva2-210x300.jpg 210w, https:\/\/jackpotlotteryonline.com\/wp-content\/uploads\/2022\/11\/2_ticket_la_primitiva2.jpg 250w\" sizes=\"auto, (max-width: 210px) 100vw, 210px\" \/><\/p>\n<p>Ob\u021binerea biletelor pentru loteria online este una dintre pl\u0103cerile simple ale vie\u021bii, mai ales datorit\u0103 faptului c\u0103 totul este at\u00e2t de convenabil \u0219i la \u00eendem\u00e2n\u0103. V\u0103 pute\u021bi ob\u021bine biletul cu doar c\u00e2teva mi\u0219c\u0103ri sau atingeri. Iat\u0103 un ghid pas cu pas pentru a face acest lucru pe acest site.<\/p>\n<p><strong>Pasul 1:<\/strong> Vizita\u021bi site-ul pe care l-a\u021bi ales \u0219i c\u0103uta\u021bi loteria la care dori\u021bi s\u0103 juca\u021bi. Le oferim fanilor loteriei acces la o mare varietate de loterii interna\u021bionale, inclusiv La Primitiva.<\/p>\n<p><strong>Pasul 2:<\/strong> Alege\u021bi cele cinci numere principale \u0219i cele dou\u0103 numere bonus. Dac\u0103 nu sunte\u021bi sigur de numerele pe care dori\u021bi s\u0103 le folosi\u021bi, pute\u021bi folosi generatorul de numere aleatorii de pe site. De asemenea, pute\u021bi alege mai multe linii de numere pentru a v\u0103 cre\u0219te \u0219ansele de c\u00e2\u0219tig.<\/p>\n<p><strong>Pasul 3:<\/strong> <a href=\"https:\/\/jackpotlotteryonline.com\/ro\/numere-castigatoare\/la-primitiva\">Introduce\u021bi extragerile<\/a>. Re\u021bine\u021bi c\u0103, dac\u0103 v\u0103 \u00eenscrie\u021bi la o singur\u0103 extragere, o pute\u021bi face doar \u00een ziua de luni. Celelalte extrageri sunt extrageri s\u0103pt\u0103m\u00e2nale \u0219i pute\u021bi participa la toate dac\u0103 dori\u021bi.<\/p>\n<p><strong>Pasul 4:<\/strong> \u00censcrie\u021bi-v\u0103 \u0219i pl\u0103ti\u021bi. C\u00e2nd ajunge\u021bi la pagina de plat\u0103, vi se va cere s\u0103 v\u0103 \u00eenscrie\u021bi. Acest lucru este pentru a putea accesa cu u\u0219urin\u021b\u0103 biletul din contul dvs. \u0219i, de asemenea, pentru ca noi s\u0103 v\u0103 putem anun\u021ba dac\u0103 c\u00e2\u0219tiga\u021bi vreun premiu. Va trebui s\u0103 v\u0103 \u00eenscrie\u021bi o singur\u0103 dat\u0103, iar \u00een urm\u0103toarele d\u0103\u021bi, trebuie doar s\u0103 v\u0103 conecta\u021bi \u00een contul dvs.<\/p>\n<p>Asta este tot ce trebuie pentru a avea acces la loteriile interna\u021bionale de top din confortul calculatorului, sau al dispozitivului mobil!<\/p>\n<h2>Rezultatele tragerii la sor\u021bi La Primitiva<\/h2>\n<p>Zilele de extragere sunt pline de entuziasm \u0219i mul\u021bi pariori de la loto le a\u0219teapt\u0103 cu ner\u0103bdare. Este momentul \u00een care cei care au participat la extragere afl\u0103 dac\u0103 au c\u00e2\u0219tigat jackpotul. Exist\u0103 \u0219i alte premii pe care pariorii le pot c\u00e2\u0219tiga \u00een afar\u0103 de jackpot, iar toate acestea sunt dezv\u0103luite \u00een ziua extragerii.<\/p>\n<p>Loteria spaniol\u0103 organizeaz\u0103 trei extrageri s\u0103pt\u0103m\u00e2nale: luni, joi \u0219i s\u00e2mb\u0103t\u0103. Asta \u00eenseamn\u0103 c\u0103 pariorii au trei \u0219anse \u00een fiecare s\u0103pt\u0103m\u00e2n\u0103 de a c\u00e2\u0219tiga la loterie. Dac\u0103 juca\u021bi La Primitive prin internet, pute\u021bi s\u0103 participa\u021bi la urm\u0103toarea extragere sau s\u0103 participa\u021bi automat la fiecare extragere. Nu uita\u021bi c\u0103, cu c\u00e2t participa\u021bi la mai multe extrageri, cu at\u00e2t mai mari sunt \u0219ansele de a c\u00e2\u0219tiga la loto.<\/p>\n<p>C\u00e2nd sunt anun\u021bate extragerile, pariorii pot asculta \u00een direct rezultatele extragerii. Cu toate acestea, dac\u0103 nu ave\u021bi timp s\u0103 face\u021bi acest lucru, pute\u021bi reveni aici pentru a ob\u021bine rezultatele extragerilor. Noi nu public\u0103m doar numerele care se potrivesc cu toate numerele extrase, ci \u0219i rezultatele pentru celelalte niveluri.<\/p>\n<h2>Despre premiile La Primitiva: ce po\u021bi c\u00e2\u0219tiga?<\/h2>\n<p>\u00cen afar\u0103 de premiul premier, La Primitiva are alte 5 niveluri de premii. Dac\u0103 includem \u0219i jackpotul, sunt 6 niveluri \u00een total. Exist\u0103 chiar \u0219i un premiu pentru potrivirea doar a num\u0103rului Reintegro. Aceste premii poate c\u0103 nu sunt de milioane, dar ajung la c\u00e2teva mii de euro. Deci, merit\u0103 cu siguran\u021b\u0103 s\u0103 le verifica\u021bi.<\/p>\n<p>Este important de \u00een\u021beles c\u0103 nu exist\u0103 un premiu specific pentru celelalte niveluri, deoarece depinde de num\u0103rul de pariori pentru acea extragere. Jackpotul este singurul nivel de premiu care este garantat. 40% din suma jackpot-ului este alocat\u0103 pentru celelalte niveluri de premii \u0219i distribuit\u0103 c\u00e2\u0219tig\u0103torilor din acele categorii.<\/p>\n<p>Dar, pute\u021bi alege s\u0103 juca\u021bi \u0219i Jokerul, ceea ce cre\u0219te substan\u021bial c\u00e2\u0219tigul poten\u021bial. Jokerul are, de asemenea, alte \u0219apte categorii de premii, separate de categoriile de premii principale, oferind pariorilor La Primitiva \u0219i mai multe \u0219anse de c\u00e2\u0219tig.<\/p>\n<h2>Nivele de premii<\/h2>\n<p>Jackpot &#8211; Potrive\u0219te 6 numere principale + Reintegro<\/p>\n<p>Divizia 1 &#8211; Potrive\u0219te 6 numere principale<\/p>\n<p>Divizia 2 &#8211; Potrive\u0219te 5 numere principale + num\u0103r complementar<\/p>\n<p>Divizia 3 &#8211; Potrive\u0219te 5 numere principale<\/p>\n<p>Divizia 4 &#8211; Potrive\u0219te 4 numere principale<\/p>\n<p>Divizia 5 &#8211; Potrive\u0219te 3 numere principale<\/p>\n<p>Reintegro &#8211; Potrive\u0219te doar num\u0103rul Reintegro<\/p>\n<h2>Cum s\u0103 v\u0103 retrage\u021bi c\u00e2\u0219tigurile<\/h2>\n<p>Pariorii se \u00eentreab\u0103 adesea cum pot avea acces la c\u00e2\u0219tigurile lor dac\u0103 joac\u0103 pe internet. R\u0103spunsul la aceast\u0103 \u00eentrebare depinde de site-ul de loterie pe care \u00eel utiliza\u021bi. Unele site-uri de loterie nu sunt prea bune \u00een ceea ce prive\u0219te plata c\u00e2\u0219tig\u0103torilor, dar ve\u021bi constata c\u0103 aceasta este mai degrab\u0103 excep\u021bia, dec\u00e2t regula. Cu toate acestea, este \u00eentotdeauna o idee bun\u0103 s\u0103 r\u0103m\u00e2i \u00een siguran\u021b\u0103 \u0219i s\u0103 r\u0103m\u00e2i cu un furnizor de loto de \u00eencredere.<\/p>\n<p>Dac\u0103 juca\u021bi la loto cu noi, atunci v\u0103 pute\u021bi retrage cu u\u0219urin\u021b\u0103 c\u00e2\u0219tigurile. Am proiectat sistemul nostru pentru a oferi o u\u0219urin\u021b\u0103 maxim\u0103 de utilizare \u0219i zero stres. Cu multiple op\u021biuni de retragere, v\u0103 oferim o metod\u0103 sigur\u0103 pentru a v\u0103 pune m\u00e2na pe c\u00e2\u0219tigurile dumneavoastr\u0103.<\/p>\n<p>Dac\u0103 c\u00e2\u0219tigul dvs. dep\u0103\u0219e\u0219te o anumit\u0103 sum\u0103 (cum ar fi dac\u0103 a\u021bi c\u00e2\u0219tigat jackpotul), va trebui s\u0103 v\u0103 identifica\u021bi la compania de loterie. Dar nu v\u0103 face\u021bi griji, v\u0103 vom oferi un formular pe care s\u0103-l completa\u021bi \u0219i, odat\u0103 ce a\u021bi f\u0103cut asta, vom procesa cererile de revendicare pentru dvs.<\/p>\n<h2>Juca\u021bi cu noi pentru o \u0219ans\u0103 de a c\u00e2\u0219tiga mult<\/h2>\n<p>Locul de unde v\u0103 achizi\u021biona\u021bi biletele conteaz\u0103 foarte mult, iar la site-ul nostru am f\u0103cut tot posibilul pentru a crea un loc sigur pentru pariorii din \u00eentreaga lume. Cu o mare varietate de loterii interna\u021bionale, pute\u021bi alege din orice joc, inclusiv La Primitiva. Premiile jackpot sunt mari, dar nu uita\u021bi c\u0103 majoritatea jocurilor de loterie au mai multe niveluri de premii, cu unele sume foarte generoase.<\/p>\n<p>Dac\u0103 e\u0219ti preg\u0103tit pentru o \u0219ans\u0103 de a c\u00e2\u0219tiga mult cu La Primitiva, viziteaz\u0103-ne acum \u0219i ia-\u021bi biletele. Cu trei extrageri s\u0103pt\u0103m\u00e2nale, loteria spaniol\u0103 ofer\u0103 pariorilor mai multe \u0219anse de a c\u00e2\u0219tiga jackpotul \u00een fiecare s\u0103pt\u0103m\u00e2n\u0103. La jackpotlotteryonline.com exist\u0103 \u00eentotdeauna o extragere la care pute\u021bi participa \u0219i nu \u0219ti\u021bi niciodat\u0103 dac\u0103 ast\u0103zi este ziua \u00een care ve\u021bi c\u00e2\u0219tiga marele premiu.<\/p>\n","protected":false},"excerpt":{"rendered":"<p>Loteria spaniol\u0103 este una dintre cele mai populare loterii din Europa \u0219i \u00eei atrage pe fanii loto din \u00eentreaga \u021bar\u0103. La Primitiva este, de asemenea, una dintre cele mai vechi loterii din lume. A fost \u00eenfiin\u021bat\u0103 \u00een 1763 \u0219i face bucurii fanilor loteriei din \u021bar\u0103 de aproape 260 de ani. P\u00e2n\u0103 acum, era limitat\u0103 doar [&hellip;]<\/p>\n","protected":false},"author":1,"featured_media":0,"parent":35714,"menu_order":7,"comment_status":"closed","ping_status":"closed","template":"la-primitiva.php","meta":{"_et_pb_use_builder":"","_et_pb_old_content":"","_et_gb_content_width":"","exclude_from_search":false,"footnotes":""},"class_list":["post-39246","page","type-page","status-publish","hentry"],"yoast_head":"<!-- This site is optimized with the Yoast SEO plugin v23.3 - https:\/\/yoast.com\/wordpress\/plugins\/seo\/ -->\n<title>Joac\u0103 la loteria online spaniol\u0103 La Primitiva din orice \u021bar\u0103<\/title>\n<meta name=\"description\" content=\"Cum s\u0103 joci La Primitiva \u0219i s\u0103 c\u00e2\u0219tigi mult din orice parte a lumii. Afla\u021bi pa\u0219ii de joc la loteria online \u0219i premiile ce pot fi c\u00e2\u0219tigate.\" \/>\n<meta name=\"robots\" content=\"index, follow, max-snippet:-1, max-image-preview:large, max-video-preview:-1\" \/>\n<link rel=\"canonical\" href=\"https:\/\/jackpotlotteryonline.com\/ro\/cum-se-joaca\/la-primitiva-2\/\" \/>\n<meta property=\"og:locale\" content=\"ro_RO\" \/>\n<meta property=\"og:type\" content=\"article\" \/>\n<meta property=\"og:title\" content=\"Joac\u0103 la loteria online spaniol\u0103 La Primitiva din orice \u021bar\u0103\" \/>\n<meta property=\"og:description\" content=\"Cum s\u0103 joci La Primitiva \u0219i s\u0103 c\u00e2\u0219tigi mult din orice parte a lumii. Afla\u021bi pa\u0219ii de joc la loteria online \u0219i premiile ce pot fi c\u00e2\u0219tigate.\" \/>\n<meta property=\"og:url\" content=\"https:\/\/jackpotlotteryonline.com\/ro\/cum-se-joaca\/la-primitiva-2\/\" \/>\n<meta property=\"og:site_name\" content=\"Lotto Online - Crack The International Lottery Jackpots\" \/>\n<meta property=\"article:modified_time\" content=\"2023-01-03T08:55:30+00:00\" \/>\n<meta property=\"og:image\" content=\"https:\/\/jackpotlotteryonline.com\/wp-content\/uploads\/2022\/11\/1_lotto_jackpot_online-257x300.jpg\" \/>\n<meta name=\"twitter:card\" content=\"summary_large_image\" \/>\n<meta name=\"twitter:label1\" content=\"Timp estimat pentru citire\" \/>\n\t<meta name=\"twitter:data1\" content=\"8 minute\" \/>\n<!-- \/ Yoast SEO plugin. -->","yoast_head_json":{"title":"Joac\u0103 la loteria online spaniol\u0103 La Primitiva din orice \u021bar\u0103","description":"Cum s\u0103 joci La Primitiva \u0219i s\u0103 c\u00e2\u0219tigi mult din orice parte a lumii. Afla\u021bi pa\u0219ii de joc la loteria online \u0219i premiile ce pot fi c\u00e2\u0219tigate.","robots":{"index":"index","follow":"follow","max-snippet":"max-snippet:-1","max-image-preview":"max-image-preview:large","max-video-preview":"max-video-preview:-1"},"canonical":"https:\/\/jackpotlotteryonline.com\/ro\/cum-se-joaca\/la-primitiva-2\/","og_locale":"ro_RO","og_type":"article","og_title":"Joac\u0103 la loteria online spaniol\u0103 La Primitiva din orice \u021bar\u0103","og_description":"Cum s\u0103 joci La Primitiva \u0219i s\u0103 c\u00e2\u0219tigi mult din orice parte a lumii. Afla\u021bi pa\u0219ii de joc la loteria online \u0219i premiile ce pot fi c\u00e2\u0219tigate.","og_url":"https:\/\/jackpotlotteryonline.com\/ro\/cum-se-joaca\/la-primitiva-2\/","og_site_name":"Lotto Online - Crack The International Lottery Jackpots","article_modified_time":"2023-01-03T08:55:30+00:00","og_image":[{"url":"https:\/\/jackpotlotteryonline.com\/wp-content\/uploads\/2022\/11\/1_lotto_jackpot_online-257x300.jpg"}],"twitter_card":"summary_large_image","twitter_misc":{"Timp estimat pentru citire":"8 minute"},"schema":{"@context":"https:\/\/schema.org","@graph":[{"@type":"WebPage","@id":"https:\/\/jackpotlotteryonline.com\/ro\/cum-se-joaca\/la-primitiva-2\/","url":"https:\/\/jackpotlotteryonline.com\/ro\/cum-se-joaca\/la-primitiva-2\/","name":"Joac\u0103 la loteria online spaniol\u0103 La Primitiva din orice \u021bar\u0103","isPartOf":{"@id":"https:\/\/jackpotlotteryonline.com\/#website"},"primaryImageOfPage":{"@id":"https:\/\/jackpotlotteryonline.com\/ro\/cum-se-joaca\/la-primitiva-2\/#primaryimage"},"image":{"@id":"https:\/\/jackpotlotteryonline.com\/ro\/cum-se-joaca\/la-primitiva-2\/#primaryimage"},"thumbnailUrl":"https:\/\/jackpotlotteryonline.com\/wp-content\/uploads\/2022\/11\/1_lotto_jackpot_online-257x300.jpg","datePublished":"2022-11-22T11:50:03+00:00","dateModified":"2023-01-03T08:55:30+00:00","description":"Cum s\u0103 joci La Primitiva \u0219i s\u0103 c\u00e2\u0219tigi mult din orice parte a lumii. Afla\u021bi pa\u0219ii de joc la loteria online \u0219i premiile ce pot fi c\u00e2\u0219tigate.","breadcrumb":{"@id":"https:\/\/jackpotlotteryonline.com\/ro\/cum-se-joaca\/la-primitiva-2\/#breadcrumb"},"inLanguage":"ro-RO","potentialAction":[{"@type":"ReadAction","target":["https:\/\/jackpotlotteryonline.com\/ro\/cum-se-joaca\/la-primitiva-2\/"]}]},{"@type":"ImageObject","inLanguage":"ro-RO","@id":"https:\/\/jackpotlotteryonline.com\/ro\/cum-se-joaca\/la-primitiva-2\/#primaryimage","url":"https:\/\/jackpotlotteryonline.com\/wp-content\/uploads\/2022\/11\/1_lotto_jackpot_online-257x300.jpg","contentUrl":"https:\/\/jackpotlotteryonline.com\/wp-content\/uploads\/2022\/11\/1_lotto_jackpot_online-257x300.jpg"},{"@type":"BreadcrumbList","@id":"https:\/\/jackpotlotteryonline.com\/ro\/cum-se-joaca\/la-primitiva-2\/#breadcrumb","itemListElement":[{"@type":"ListItem","position":1,"name":"Home","item":"https:\/\/jackpotlotteryonline.com\/ro\/"},{"@type":"ListItem","position":2,"name":"Cum se joac\u0103","item":"https:\/\/jackpotlotteryonline.com\/ro\/cum-se-joaca\/"},{"@type":"ListItem","position":3,"name":"juca La Primitiva online"}]},{"@type":"WebSite","@id":"https:\/\/jackpotlotteryonline.com\/#website","url":"https:\/\/jackpotlotteryonline.com\/","name":"Lotto Online - Crack The International Lottery Jackpots","description":"","potentialAction":[{"@type":"SearchAction","target":{"@type":"EntryPoint","urlTemplate":"https:\/\/jackpotlotteryonline.com\/?s={search_term_string}"},"query-input":"required name=search_term_string"}],"inLanguage":"ro-RO"}]}},"_links":{"self":[{"href":"https:\/\/jackpotlotteryonline.com\/ro\/wp-json\/wp\/v2\/pages\/39246","targetHints":{"allow":["GET"]}}],"collection":[{"href":"https:\/\/jackpotlotteryonline.com\/ro\/wp-json\/wp\/v2\/pages"}],"about":[{"href":"https:\/\/jackpotlotteryonline.com\/ro\/wp-json\/wp\/v2\/types\/page"}],"author":[{"embeddable":true,"href":"https:\/\/jackpotlotteryonline.com\/ro\/wp-json\/wp\/v2\/users\/1"}],"replies":[{"embeddable":true,"href":"https:\/\/jackpotlotteryonline.com\/ro\/wp-json\/wp\/v2\/comments?post=39246"}],"version-history":[{"count":0,"href":"https:\/\/jackpotlotteryonline.com\/ro\/wp-json\/wp\/v2\/pages\/39246\/revisions"}],"up":[{"embeddable":true,"href":"https:\/\/jackpotlotteryonline.com\/ro\/wp-json\/wp\/v2\/pages\/35714"}],"wp:attachment":[{"href":"https:\/\/jackpotlotteryonline.com\/ro\/wp-json\/wp\/v2\/media?parent=39246"}],"curies":[{"name":"wp","href":"https:\/\/api.w.org\/{rel}","templated":true}]}}