{"id":39327,"date":"2022-11-23T11:12:50","date_gmt":"2022-11-23T11:12:50","guid":{"rendered":"https:\/\/jackpotlotteryonline.com\/?page_id=39327"},"modified":"2024-07-07T09:57:33","modified_gmt":"2024-07-07T09:57:33","slug":"lotto-america","status":"publish","type":"page","link":"https:\/\/jackpotlotteryonline.com\/ro\/cum-se-joaca\/lotto-america\/","title":{"rendered":"Joac\u0103 la Lotto America online"},"content":{"rendered":"<p>Vrei s\u0103 \u00eenve\u021bi cum s\u0103 pariezi la Lotto America de oriunde din lume? SUA are unele dintre cele mai mari loterii din lume, cum ar fi Lotto America. Interesant este faptul c\u0103 aceasta este \u0219i o loterie care este adesea trecut\u0103 cu vederea \u00een favoarea veri\u0219oarelor sale mult mai mari, Powerball \u0219i Mega Millions. Cu toate acestea, exist\u0103 unii pariori experimenta\u021bi care \u0219tiu c\u00e2t de incredibil este jackpotul, plus c\u0103 \u0219ansele de a c\u00e2\u0219tiga jackpotul sunt mult mai mici dec\u00e2t la Powerball din SUA, de exemplu. A\u0219adar, dac\u0103 sunte\u021bi \u00een c\u0103utarea unui loto din SUA care v\u0103 ofer\u0103 o \u0219ans\u0103 mai mare de a c\u00e2\u0219tiga jackpot-ul dec\u00e2t alte loterii, atunci ar trebui s\u0103 verifica\u021bi Lotto America.<\/p>\n<p>Este adev\u0103rat c\u0103 Lotto America este un loto cu sediul \u00een SUA \u0219i, prin urmare, biletele sunt v\u00e2ndute \u00een SUA. Cu toate acestea, pariorii \u00ee\u0219i pot cump\u0103ra bilete la aceast\u0103 loterie folosind un site precum jackpotlotteryonline.com. Vom \u00eemp\u0103rt\u0103\u0219i c\u00e2teva detalii despre acest lucru \u0219i, de asemenea, vom face tot posibilul s\u0103 r\u0103spundem la \u00eentreb\u0103rile frecvente care au fost puse despre Lotto America.<\/p>\n<p>Continua\u021bi s\u0103 citi\u021bi pentru a afla mai multe despre Lotto America \u0219i despre cum s\u0103 naviga\u021bi prin procesul de cump\u0103rare a biletelor \u0219i de colectare a c\u00e2\u0219tigurilor dumneavoastr\u0103.<\/p>\n<section class=\"layout\" style=\"border: solid 1px; width: 100%;\">\n<div class=\"img-div\" style=\"margin-top: 5px;\"><img decoding=\"async\" class=\"wp-image-17212 alignleft\" style=\"height: 45px; margin: 8px 8px 0px;\" src=\"http:\/\/jackpotlotteryonline.com\/wp-content\/uploads\/2022\/11\/read1.jpg\" alt=\"Cite\u0219te \" width=\"\" height=\"\" \/><\/div>\n<div style=\"padding-left: 5px;\">\n<div style=\"font-size: 1.1em;\">\n<p><strong>Alege\u021bi numerele c\u00e2\u0219tig\u0103toare la loto manual sau folosind un RNG<\/strong><\/p>\n<p style=\"font-size: 0.85em; margin-top: -1.5em;\">Cum s\u0103 generezi numere c\u00e2\u0219tig\u0103toare la loto?\u00a0<a href=\"https:\/\/jackpotlotteryonline.com\/ro\/cum-sa-generezi-numere-castigatoare-la-loto\"> cite\u0219te mai mult<\/a><\/p>\n<\/div>\n<\/div>\n<\/section>\n<h2>C\u00e2teva informa\u021bii despre Lotto America<\/h2>\n<p><img loading=\"lazy\" decoding=\"async\" class=\"alignright size-full wp-image-29534\" src=\"http:\/\/jackpotlotteryonline.com\/wp-content\/uploads\/2022\/11\/1_results_lottery_online5.jpg\" alt=\"Joac\u0103 la Loto America online \" width=\"300\" height=\"200\" \/><\/p>\n<p>\u00cen compara\u021bie cu alte loterii din \u00eentreaga lume, Lotto America este relativ nou\u0103. A fost \u00eenfiin\u021bat\u0103 \u00een 2017 \u0219i func\u021bioneaz\u0103 doar de 5 ani \u0219i a fost creat\u0103 pentru a \u00eenlocui Hot Lotto, care a fost pres\u0103rat\u0103 cu o mul\u021bime de scandaluri. Nu v\u0103 vom plictisi cu detalii, este suficient s\u0103 \u0219ti\u021bi c\u0103 \u00een cei 5 ani de func\u021bionare, Lotto America nu a avut parte de scandaluri.<\/p>\n<p>Lotto America este o loterie multi-statal\u0103, ceea ce \u00eenseamn\u0103 c\u0103 este oferit\u0103 de mai multe state din America. Locuitorii acestor state pot cump\u0103ra cu u\u0219urin\u021b\u0103 bilete la Lotto America intr\u00e2nd la orice v\u00e2nz\u0103tor de loto din statul respectiv. Dar, ce se \u00eent\u00e2mpl\u0103 atunci c\u00e2nd locui\u021bi \u00een afara SUA?<\/p>\n<p>Pentru acei pariori care locuiesc \u00een afara SUA \u0219i doresc s\u0103 participe la Lotto America, exist\u0103 o solu\u021bie simpl\u0103. Internetul a f\u0103cut posibil ca juc\u0103torii din \u00eentreaga lume s\u0103 participe la loteriile interna\u021bionale de top, plas\u00e2ndu-\u0219i pariurile prin intermediul unui v\u00e2nz\u0103tor de loterie online. Mai jos, v\u0103 vom \u00eemp\u0103rt\u0103\u0219i sfaturi despre cum s\u0103 juca\u021bi la Lotto America online.<\/p>\n<h2>Cum s\u0103 juca\u021bi Lotto America online<\/h2>\n<p>Primul pas pentru a juca Lotto America online este s\u0103 identifica\u021bi un site care s\u0103 v\u0103 permit\u0103 s\u0103 <a href=\"https:\/\/jackpotlotteryonline.com\/ro\/cumpara-bilete\/lotto-america\">cump\u0103ra\u021bi biletele<\/a>. Acest lucru pare un pic evident, dar ve\u021bi vedea imediat c\u0103 nu este at\u00e2t de simplu pe c\u00e2t pare.<\/p>\n<p>Adev\u0103rul este c\u0103 exist\u0103 mai multe site-uri care pretind c\u0103 ofer\u0103 juc\u0103torilor posibilitatea de a intra la Lotto America. Dar acestea ofer\u0103 doar oportunit\u0103\u021bi de a paria pe rezultatul loteriei. Dac\u0103 achizi\u021biona\u021bi bilete de pe acel site, nu a\u021bi intrat de fapt \u00een Lotto America \u0219i chiar dac\u0103 potrivi\u021bi toate numerele extrase, nu ve\u021bi c\u00e2\u0219tiga premiul cel mare. A\u0219adar, alegerea site-ului pe care \u00eel folosi\u021bi este foarte important\u0103.<\/p>\n<p><strong>Odat\u0103 ce v-a\u021bi decis asupra unui site, urma\u021bi pa\u0219ii de mai jos:<\/strong><\/p>\n<ol>\n<li>Vizita\u021bi site-ul pe care dori\u021bi s\u0103 \u00eel utiliza\u021bi \u0219i da\u021bi click pe Lotto America<\/li>\n<li>Alege\u021bi 5 numere dintr-un interval de la 1 la 52 (dac\u0103 nu sunte\u021bi sigur ce numere s\u0103 folosi\u021bi, \u00eencerca\u021bi generatorul automat de numere)<\/li>\n<li>Apoi, alege\u021bi un num\u0103r bonus (Star Ball) de la 1 la 10<\/li>\n<li>Cump\u0103ra\u021bi linii suplimentare de numere pentru o \u0219ans\u0103 mai mare de c\u00e2\u0219tig<\/li>\n<li><a href=\"https:\/\/jackpotlotteryonline.com\/ro\/numere-castigatoare\/lotto-america\">Participa\u021bi la extrageri<\/a> (pute\u021bi participa la mai multe extrageri)<\/li>\n<li>\u00cenregistra\u021bi-v\u0103 \u0219i pl\u0103ti\u021bi pentru intr\u0103rile dvs.<\/li>\n<\/ol>\n<h2>\u00cen ce const\u0103 serviciul de abonament?<\/h2>\n<p>Dac\u0103 folosi\u021bi un site ca al nostru, exist\u0103 ceea ce noi numim serviciu de abonament pentru a v\u0103 permite s\u0103 paria\u021bi f\u0103r\u0103 probleme \u0219i f\u0103r\u0103 stres. De\u0219i este perfect \u00een regul\u0103 s\u0103 fi\u021bi un juc\u0103tor unic (dac\u0103 asta este ceea ce prefera\u021bi), majoritatea pariorilor joac\u0103 des. Cel mai bun mod de a c\u00e2\u0219tiga la Lotto America este s\u0103 pariezi regulat \u0219i despre asta este vorba \u00een acest serviciu.<\/p>\n<p>\u00cel pute\u021bi seta astfel \u00eenc\u00e2t s\u0103 fi\u021bi \u00eenscris automat la extragerile viitoare. Lotto America are 3 zile de extragere \u00een fiecare s\u0103pt\u0103m\u00e2n\u0103: Luni, miercuri \u0219i s\u00e2mb\u0103t\u0103. S\u0103 fim sinceri, poate deveni un pic obositor s\u0103 \u00eencerci s\u0103 \u00ee\u021bi aminte\u0219ti s\u0103 cumperi biletele pentru fiecare extragere, dar de aceea suntem aici.<\/p>\n<p>Odat\u0103 ce a\u021bi configurat serviciul de abonament, v\u0103 pute\u021bi relaxa \u0219i s\u0103 \u0219ti\u021bi c\u0103 nu va trebui s\u0103 pierde\u021bi nicio extragere pentru Lotto America.<\/p>\n<h2>Despre serviciile noastre de concierge<\/h2>\n<p>Am men\u021bionat pericolele de a folosi orice site de pe internet pentru a juca la Lotto America. Dar de unde \u0219ti\u021bi c\u0103 intra\u021bi \u00een Lotto America atunci c\u00e2nd juca\u021bi pe site-ul nostru? Ei bine, este simplu. Oferim un serviciu care v\u0103 ajut\u0103 s\u0103 v\u0103 cump\u0103ra\u021bi biletul \u00een \u021bara \u00een care se joac\u0103 loteria. De asemenea, v\u0103 facilit\u0103m cererile de revendicare atunci c\u00e2nd c\u00e2\u0219tiga\u021bi. Practic, v\u0103 pute\u021bi g\u00e2ndi la noi ca la un serviciu de concierge pentru juc\u0103torii de loto.<\/p>\n<p>C\u00e2nd juca\u021bi la Lotto America pe site-ul nostru, iat\u0103 ce se \u00eent\u00e2mpl\u0103. Dup\u0103 ce v\u0103 alege\u021bi numerele \u0219i efectua\u021bi plata, agentul nostru din SUA va cump\u0103ra un bilet fizic folosind numerele dumneavoastr\u0103. Acesta va fi pentru extragerea pe care a\u021bi ales-o, bine\u00een\u021beles. Acel bilet este apoi scanat \u0219i \u00eenc\u0103rcat \u00een contul dumneavoastr\u0103.<\/p>\n<p>Acesta este un mod perfect legal de a juca la Lotto America din orice parte a lumii. \u00cen plus, v\u0103 asigur\u0103 c\u0103 sunte\u021bi cu adev\u0103rat \u00eenscris la loteria aleas\u0103 de dumneavoastr\u0103.<\/p>\n<h2>Verificarea desenelor<\/h2>\n<p><img loading=\"lazy\" decoding=\"async\" class=\"alignright size-full wp-image-30506\" src=\"http:\/\/jackpotlotteryonline.com\/wp-content\/uploads\/2022\/11\/3_screen_buy_lotto_tickets_online.jpg\" alt=\"Extrageri Lotto America\" width=\"300\" height=\"217\" \/><\/p>\n<p>Lotto America are trei zile de extragere pe s\u0103pt\u0103m\u00e2n\u0103, luni, miercuri \u0219i s\u00e2mb\u0103t\u0103. \u00cen timpul extragerilor, se anun\u021b\u0103 biletul c\u00e2\u0219tig\u0103tor. Pentru a c\u00e2\u0219tiga premiul cel mare, biletul dumneavoastr\u0103 va trebui s\u0103 corespund\u0103 celor \u0219ase numere extrase. Premiile jackpot Lotto America \u00eencep de la 2 milioane de dolari \u0219i se pot prelungi dac\u0103 nu exist\u0103 niciun c\u00e2\u0219tig\u0103tor dup\u0103 o extragere.<\/p>\n<p>Pentru c\u0103 se rostogole\u0219te dup\u0103 fiecare extragere (dac\u0103 nu exist\u0103 niciun c\u00e2\u0219tig\u0103tor), poate ajunge p\u00e2n\u0103 la 18 milioane de dolari. Este o sum\u0103 frumu\u0219ic\u0103 de c\u00e2\u0219tigat, nu-i a\u0219a?<\/p>\n<p>Dup\u0103 fiecare extragere, pute\u021bi reveni pe site-ul nostru pentru a afla dac\u0103 a\u021bi c\u00e2\u0219tigat un premiu. Lotto America are 9 categorii de premii diferite \u0219i dac\u0103 c\u00e2\u0219tiga\u021bi vreun premiu, v\u0103 vom trimite un e-mail de alert\u0103.<\/p>\n<h2>Cum s\u0103 v\u0103 revendica\u021bi c\u00e2\u0219tigurile<\/h2>\n<p>O \u00eentrebare pe care o auzim des de la pariori este cum s\u0103 acceseze c\u00e2\u0219tigurile lor atunci c\u00e2nd intr\u0103 la Lotto America online. Dac\u0103 achizi\u021biona\u021bi bilete la Lotto America prin intermediul site-ului nostru, v\u0103 oferim o metod\u0103 simpl\u0103 \u0219i f\u0103r\u0103 probleme pentru a v\u0103 revendica c\u00e2\u0219tigurile. C\u00e2\u0219tigurile care se ridic\u0103 la 2500 \u20ac vor fi creditate \u00een contul dvs. \u0219i apoi le pute\u021bi retrage f\u0103r\u0103 costuri suplimentare.<\/p>\n<p>\u00cen cazul \u00een care c\u00e2\u0219tiga\u021bi o sum\u0103 mai semnificativ\u0103, procedura este u\u0219or diferit\u0103. V\u0103 vom pune la dispozi\u021bie un formular de cerere de revendicare pe care trebuie s\u0103-l completa\u021bi \u0219i, odat\u0103 ce a\u021bi f\u0103cut acest lucru, vom procesa cererea pentru dumneavoastr\u0103. Motivul este c\u0103 va trebui s\u0103 v\u0103 identifica\u021bi. De asemenea, este posibil ca unele companii de loterie s\u0103 aib\u0103 nevoie s\u0103 v\u0103 prezenta\u021bi personal pentru a \u00eencasa sume mai mari. Dac\u0103 se \u00eent\u00e2mpl\u0103 acest lucru, v\u0103 vom anun\u021ba imediat.<\/p>\n<h2>Cump\u0103ra\u021bi bilete la Lotto America cu noi<\/h2>\n<p>Am petrecut ani de zile valorific\u00e2nd tehnologia modern\u0103 \u0219i exploat\u00e2nd o experien\u021b\u0103 vast\u0103 pentru a oferi un loc unde pariorii pot cump\u0103ra bilete \u00een siguran\u021b\u0103. Pute\u021bi cump\u0103ra cu u\u0219urin\u021b\u0103 bilete la Lotto America sau la oricare dintre loteriile interna\u021bionale pe care le avem pe site-ul nostru.<\/p>\n<p>De ce s\u0103 nu v\u0103 cump\u0103ra\u021bi biletul de la noi ast\u0103zi, intr\u00e2nd la Lotto America? Noi ne ocup\u0103m de detalii, astfel \u00eenc\u00e2t s\u0103 pute\u021bi face ceea ce v\u0103 place cel mai mult. Vizita\u021bi jackpotlotteryonline.com pentru mai multe informa\u021bii.<\/p>\n","protected":false},"excerpt":{"rendered":"<p>Vrei s\u0103 \u00eenve\u021bi cum s\u0103 pariezi la Lotto America de oriunde din lume? SUA are unele dintre cele mai mari loterii din lume, cum ar fi Lotto America. Interesant este faptul c\u0103 aceasta este \u0219i o loterie care este adesea trecut\u0103 cu vederea \u00een favoarea veri\u0219oarelor sale mult mai mari, Powerball \u0219i Mega Millions. Cu [&hellip;]<\/p>\n","protected":false},"author":1,"featured_media":0,"parent":35714,"menu_order":13,"comment_status":"closed","ping_status":"closed","template":"lotto-america.php","meta":{"_et_pb_use_builder":"","_et_pb_old_content":"","_et_gb_content_width":"","exclude_from_search":false,"footnotes":""},"class_list":["post-39327","page","type-page","status-publish","hentry"],"yoast_head":"<!-- This site is optimized with the Yoast SEO plugin v23.3 - https:\/\/yoast.com\/wordpress\/plugins\/seo\/ -->\n<title>Joac\u0103 la Lotto America online<\/title>\n<meta name=\"robots\" content=\"index, follow, max-snippet:-1, max-image-preview:large, max-video-preview:-1\" \/>\n<link rel=\"canonical\" href=\"https:\/\/jackpotlotteryonline.com\/ro\/cum-se-joaca\/lotto-america\/\" \/>\n<meta property=\"og:locale\" content=\"ro_RO\" \/>\n<meta property=\"og:type\" content=\"article\" \/>\n<meta property=\"og:title\" content=\"Joac\u0103 la Lotto America online\" \/>\n<meta property=\"og:description\" content=\"Vrei s\u0103 \u00eenve\u021bi cum s\u0103 pariezi la Lotto America de oriunde din lume? SUA are unele dintre cele mai mari loterii din lume, cum ar fi Lotto America. Interesant este faptul c\u0103 aceasta este \u0219i o loterie care este adesea trecut\u0103 cu vederea \u00een favoarea veri\u0219oarelor sale mult mai mari, Powerball \u0219i Mega Millions. Cu [&hellip;]\" \/>\n<meta property=\"og:url\" content=\"https:\/\/jackpotlotteryonline.com\/ro\/cum-se-joaca\/lotto-america\/\" \/>\n<meta property=\"og:site_name\" content=\"Lotto Online - Crack The International Lottery Jackpots\" \/>\n<meta property=\"article:modified_time\" content=\"2024-07-07T09:57:33+00:00\" \/>\n<meta property=\"og:image\" content=\"http:\/\/jackpotlotteryonline.com\/wp-content\/uploads\/2022\/11\/read1.jpg\" \/>\n<meta name=\"twitter:card\" content=\"summary_large_image\" \/>\n<meta name=\"twitter:label1\" content=\"Timp estimat pentru citire\" \/>\n\t<meta name=\"twitter:data1\" content=\"7 minute\" \/>\n<!-- \/ Yoast SEO plugin. -->","yoast_head_json":{"title":"Joac\u0103 la Lotto America online","robots":{"index":"index","follow":"follow","max-snippet":"max-snippet:-1","max-image-preview":"max-image-preview:large","max-video-preview":"max-video-preview:-1"},"canonical":"https:\/\/jackpotlotteryonline.com\/ro\/cum-se-joaca\/lotto-america\/","og_locale":"ro_RO","og_type":"article","og_title":"Joac\u0103 la Lotto America online","og_description":"Vrei s\u0103 \u00eenve\u021bi cum s\u0103 pariezi la Lotto America de oriunde din lume? SUA are unele dintre cele mai mari loterii din lume, cum ar fi Lotto America. Interesant este faptul c\u0103 aceasta este \u0219i o loterie care este adesea trecut\u0103 cu vederea \u00een favoarea veri\u0219oarelor sale mult mai mari, Powerball \u0219i Mega Millions. Cu [&hellip;]","og_url":"https:\/\/jackpotlotteryonline.com\/ro\/cum-se-joaca\/lotto-america\/","og_site_name":"Lotto Online - Crack The International Lottery Jackpots","article_modified_time":"2024-07-07T09:57:33+00:00","og_image":[{"url":"http:\/\/jackpotlotteryonline.com\/wp-content\/uploads\/2022\/11\/read1.jpg"}],"twitter_card":"summary_large_image","twitter_misc":{"Timp estimat pentru citire":"7 minute"},"schema":{"@context":"https:\/\/schema.org","@graph":[{"@type":"WebPage","@id":"https:\/\/jackpotlotteryonline.com\/ro\/cum-se-joaca\/lotto-america\/","url":"https:\/\/jackpotlotteryonline.com\/ro\/cum-se-joaca\/lotto-america\/","name":"Joac\u0103 la Lotto America online","isPartOf":{"@id":"https:\/\/jackpotlotteryonline.com\/#website"},"primaryImageOfPage":{"@id":"https:\/\/jackpotlotteryonline.com\/ro\/cum-se-joaca\/lotto-america\/#primaryimage"},"image":{"@id":"https:\/\/jackpotlotteryonline.com\/ro\/cum-se-joaca\/lotto-america\/#primaryimage"},"thumbnailUrl":"http:\/\/jackpotlotteryonline.com\/wp-content\/uploads\/2022\/11\/read1.jpg","datePublished":"2022-11-23T11:12:50+00:00","dateModified":"2024-07-07T09:57:33+00:00","breadcrumb":{"@id":"https:\/\/jackpotlotteryonline.com\/ro\/cum-se-joaca\/lotto-america\/#breadcrumb"},"inLanguage":"ro-RO","potentialAction":[{"@type":"ReadAction","target":["https:\/\/jackpotlotteryonline.com\/ro\/cum-se-joaca\/lotto-america\/"]}]},{"@type":"ImageObject","inLanguage":"ro-RO","@id":"https:\/\/jackpotlotteryonline.com\/ro\/cum-se-joaca\/lotto-america\/#primaryimage","url":"http:\/\/jackpotlotteryonline.com\/wp-content\/uploads\/2022\/11\/read1.jpg","contentUrl":"http:\/\/jackpotlotteryonline.com\/wp-content\/uploads\/2022\/11\/read1.jpg"},{"@type":"BreadcrumbList","@id":"https:\/\/jackpotlotteryonline.com\/ro\/cum-se-joaca\/lotto-america\/#breadcrumb","itemListElement":[{"@type":"ListItem","position":1,"name":"Home","item":"https:\/\/jackpotlotteryonline.com\/ro\/"},{"@type":"ListItem","position":2,"name":"Cum se joac\u0103","item":"https:\/\/jackpotlotteryonline.com\/ro\/cum-se-joaca\/"},{"@type":"ListItem","position":3,"name":"Joac\u0103 la Lotto America online"}]},{"@type":"WebSite","@id":"https:\/\/jackpotlotteryonline.com\/#website","url":"https:\/\/jackpotlotteryonline.com\/","name":"Lotto Online - Crack The International Lottery Jackpots","description":"","potentialAction":[{"@type":"SearchAction","target":{"@type":"EntryPoint","urlTemplate":"https:\/\/jackpotlotteryonline.com\/?s={search_term_string}"},"query-input":"required name=search_term_string"}],"inLanguage":"ro-RO"}]}},"_links":{"self":[{"href":"https:\/\/jackpotlotteryonline.com\/ro\/wp-json\/wp\/v2\/pages\/39327","targetHints":{"allow":["GET"]}}],"collection":[{"href":"https:\/\/jackpotlotteryonline.com\/ro\/wp-json\/wp\/v2\/pages"}],"about":[{"href":"https:\/\/jackpotlotteryonline.com\/ro\/wp-json\/wp\/v2\/types\/page"}],"author":[{"embeddable":true,"href":"https:\/\/jackpotlotteryonline.com\/ro\/wp-json\/wp\/v2\/users\/1"}],"replies":[{"embeddable":true,"href":"https:\/\/jackpotlotteryonline.com\/ro\/wp-json\/wp\/v2\/comments?post=39327"}],"version-history":[{"count":0,"href":"https:\/\/jackpotlotteryonline.com\/ro\/wp-json\/wp\/v2\/pages\/39327\/revisions"}],"up":[{"embeddable":true,"href":"https:\/\/jackpotlotteryonline.com\/ro\/wp-json\/wp\/v2\/pages\/35714"}],"wp:attachment":[{"href":"https:\/\/jackpotlotteryonline.com\/ro\/wp-json\/wp\/v2\/media?parent=39327"}],"curies":[{"name":"wp","href":"https:\/\/api.w.org\/{rel}","templated":true}]}}