{"id":39497,"date":"2022-11-24T19:48:49","date_gmt":"2022-11-24T19:48:49","guid":{"rendered":"https:\/\/jackpotlotteryonline.com\/?page_id=39497"},"modified":"2023-01-03T17:45:39","modified_gmt":"2023-01-03T17:45:39","slug":"mega-sena-2","status":"publish","type":"page","link":"https:\/\/jackpotlotteryonline.com\/ro\/cum-se-joaca\/mega-sena-2\/","title":{"rendered":"Joac\u0103 la loteria Mega-Sena online"},"content":{"rendered":"<p>Vre\u021bi s\u0103 cump\u0103ra\u021bi bilete la loteria Mega-Sena de oriunde din lume? Mega-Sena este cea mai mare loterie din Brazilia \u0219i func\u021bioneaz\u0103 din 1996. Milioane de fani ai loteriei din Brazilia se gr\u0103besc s\u0103 cumpere bilete la Mega-Sena \u00eenainte de fiecare extragere, iar acum, juc\u0103torii din \u00eentreaga lume pot participa \u0219i ei la \u0219ansa de a c\u00e2\u0219tiga milioane de Real.<\/p>\n<p>Poate c\u0103 unul dintre motivele pentru care Mega-Sena este at\u00e2t de popular\u0103 este faptul c\u0103 este operat\u0103 de o banc\u0103, care este cea mai mare banc\u0103 de\u021binut\u0103 de guvern din Brazilia. Trebuie s\u0103 existe ceva reconfortant \u0219i de \u00eencredere \u00een a cump\u0103ra bilete la o loterie de\u021binut\u0103 de o banc\u0103.<\/p>\n<p>Pentru cei care locuiesc \u00een afara Braziliei, participarea la loteria Mega-Sena nu mai este o dorin\u021b\u0103 de neatins. Indiferent unde locui\u021bi, pute\u021bi avea acces la Mega-Sena, at\u00e2ta timp c\u00e2t a\u021bi dep\u0103\u0219it v\u00e2rsta legal\u0103, bine\u00een\u021beles. Dac\u0103 vrei s\u0103 afli cum po\u021bi avea acces la biletele loto brazilian, continu\u0103 s\u0103 cite\u0219ti.<\/p>\n<p>Mega-Sena nu este singurul loto la care po\u021bi juca de oriunde. Vizita\u021bi-ne la jackpotlotteryonline.com pentru a afla mai multe despre loteriile interna\u021bionale de top la care pute\u021bi avea acces.<\/p>\n<h2>Cum s\u0103 joci Mega-Sena online<\/h2>\n<p>Fie c\u0103 v\u0103 afla\u021bi \u00een Brazilia sau la un continent distan\u021b\u0103, pute\u021bi juca la Mega-Sena. Modalitatea de a face acest lucru este de a <a href=\"https:\/\/jackpotlotteryonline.com\/ro\/cumpara-bilete\/mega-sena\">cump\u0103ra bilete online<\/a> prin intermediul nostru. Noi le oferim utilizatorilor acces la loterii din \u00eentreaga lume, inclusiv la Mega-Sena. Dac\u0103 folose\u0219ti site-ul nostru pentru a juca la Mega-Sena, \u00ee\u021bi oferim un proces simplu pentru o experien\u021b\u0103 f\u0103r\u0103 stres.<\/p>\n<p>Primul pas este s\u0103 vizita\u021bi site-ul nostru, apoi s\u0103 da\u021bi click pe linkul c\u0103tre loteria Mega-Sena. Apoi, trebuie s\u0103 alege\u021bi 6 numere dintr-un interval de la 1 la 60. Pute\u021bi alege p\u00e2n\u0103 la 6 seturi de numere pentru fiecare extragere pentru a v\u0103 cre\u0219te \u0219ansele de a c\u00e2\u0219tiga jackpot-ul. Dup\u0103 ce v-a\u021bi ales numerele, alege\u021bi zilele de extragere \u0219i finaliza\u021bi procesul.<\/p>\n<p>Atunci c\u00e2nd juca\u021bi online, este esen\u021bial s\u0103 folosi\u021bi un serviciu care s\u0103 v\u0103 ofere acces la Mega-Sena. Vede\u021bi, o mul\u021bime de site-uri promit acest lucru, dar c\u00e2nd citi\u021bi caracterele mici, ve\u021bi descoperi c\u0103 v\u0103 permit doar s\u0103 paria\u021bi pe rezultatul loteriei. Dac\u0103 cump\u0103ra\u021bi bilete Mega-Sena de pe site-ul nostru, ne vom asigura c\u0103 sunte\u021bi \u00eenscris la Mega-Sena \u0219i dac\u0103 biletul dvs. se potrive\u0219te cu numerele extrase, atunci ve\u021bi c\u00e2\u0219tiga.<\/p>\n<h2>Cum s\u0103 c\u00e2\u0219tiga\u021bi la Mega-Sena<\/h2>\n<p><img loading=\"lazy\" decoding=\"async\" class=\"size-medium wp-image-28319 alignright\" src=\"http:\/\/jackpotlotteryonline.com\/wp-content\/uploads\/2022\/11\/1_mega_lottery_jackpot-300x207.jpg\" alt=\"c\u00e2\u0219tiga\u021bi la loteria Mega-Sena\" width=\"300\" height=\"207\" srcset=\"https:\/\/jackpotlotteryonline.com\/wp-content\/uploads\/2022\/11\/1_mega_lottery_jackpot-300x207.jpg 300w, https:\/\/jackpotlotteryonline.com\/wp-content\/uploads\/2022\/11\/1_mega_lottery_jackpot.jpg 320w\" sizes=\"auto, (max-width: 300px) 100vw, 300px\" \/><\/p>\n<p>C\u0103derea banilor. Bancnote verzi zbur\u0103toare izolate pe alb, confetti de numerar plat, concept de c\u00e2\u0219tig la loto. Vector ilustrare banner de ilustrare c\u00e2\u0219tig\u00e2nd bani fundal<\/p>\n<p><a href=\"https:\/\/jackpotlotteryonline.com\/ro\/numere-castigatoare\/mega-sena\">C\u00e2\u0219tigarea Mega-Sena \u00eenseamn\u0103<\/a> c\u0103 ve\u021bi potrivi numerele extrase. Practic, exist\u0103 6 numere care sunt extrase la \u00eent\u00e2mplare dintr-un total de 60 de numere posibile. Orice bilet care se potrive\u0219te cu cele 6 numere extrase c\u00e2\u0219tig\u0103 premiul cel mare.<\/p>\n<p>Extragerile Mega-Sena au loc de dou\u0103 ori pe s\u0103pt\u0103m\u00e2n\u0103, miercurea \u0219i s\u00e2mb\u0103ta. Pute\u021bi alege la ce extragere s\u0103 participa\u021bi atunci c\u00e2nd v\u0103 cump\u0103ra\u021bi biletele Mega-Sena. De asemenea, pute\u021bi participa la mai multe extrageri. Este ceea ce fac juc\u0103torii de top pentru a se asigura c\u0103 au c\u00e2t mai multe \u0219anse de a c\u00e2\u0219tiga jackpotul.<\/p>\n<p>Un alt avantaj al utiliz\u0103rii site-ului nostru este c\u0103 pute\u021bi configura cu u\u0219urin\u021b\u0103 un serviciu de abonament automat pentru a cump\u0103ra bilete Mega-Sena. Asta \u00eenseamn\u0103 c\u0103 nu trebuie s\u0103 intra\u021bi manual la fiecare extragere. Este u\u0219or s\u0103 ui\u021bi astfel de lucruri \u0219i s\u0103 te g\u00e2nde\u0219ti c\u00e2t de groaznic te-ai sim\u021bi dac\u0103 extragerea la care nu ai intrat este cea pe care ai fi putut s\u0103 o c\u00e2\u0219tigi. Seta\u021bi-l astfel \u00eenc\u00e2t s\u0103 fi\u021bi \u00eenscris automat la fiecare extragere.<\/p>\n<h2>Jackpotul Mega-Sena<\/h2>\n<p>Premiul jackpot \u00eencepe de la 3 milioane de reali \u0219i, dac\u0103 nu exist\u0103 niciun c\u00e2\u0219tig\u0103tor dup\u0103 o extragere, acesta cre\u0219te. \u0218i, poate cre\u0219te destul de mult. \u0218ansele de a c\u00e2\u0219tiga jackpotul sunt de 1 la 50 de milioane, ceea ce este foarte bun \u00een compara\u021bie cu alte loterii interna\u021bionale de top.<\/p>\n<p>Cel mai mare jackpot pe care l-a c\u00e2\u0219tigat cineva la Mega-Sena a fost de aproximativ 53 de milioane de euro. Aceasta este o sum\u0103 care \u00ee\u021bi poate schimba via\u021ba, indiferent de standard. Iar cel mai mare jackpot de la Mega-Sena din toate timpurile a fost de 73 de milioane de euro.<\/p>\n<p>Chiar dac\u0103 jackpotul Mega-Sena nu se ridic\u0103 la miliarde de dolari, nu exist\u0103 nicio \u00eendoial\u0103 c\u0103 un juc\u0103tor poate c\u00e2\u0219tiga mult de la aceast\u0103 loterie. Dac\u0103 a\u021bi stat pe g\u00e2nduri \u00een leg\u0103tur\u0103 cu acest loto, acum este momentul s\u0103 v\u0103 arunca\u021bi \u0219i s\u0103 cump\u0103ra\u021bi un bilet.<\/p>\n<h2>Premiile pe care le pute\u021bi c\u00e2\u0219tiga<\/h2>\n<p>Am vorbit pe larg despre jackpotul Mega-Sena, care este premiul suprem pe care orice juc\u0103tor \u00eel poate c\u00e2\u0219tiga atunci c\u00e2nd particip\u0103 la acest joc loto. Cu toate acestea, jackpotul nu este singurul premiu pe care fanii Mega-Sena \u00eel pot c\u00e2\u0219tiga.<\/p>\n<p>Mega-Sena are un total de 3 niveluri de premii, inclusiv jackpot-ul. Este un pic dificil de spus exact c\u00e2t de mari vor fi premiile totu\u0219i, deoarece un procent din fondul de premii este alocat fiec\u0103rui nivel. Afla\u021bi \u00een continuare despre nivelurile de premii.<\/p>\n<p>Jackpot &#8211; Sena: Potrive\u0219te 6 numere &#8211; 35% din fondul de premii<\/p>\n<p>Nivelul 2 &#8211; Quina: Potrive\u0219te 5 numere &#8211; 19% din fondul de premii<\/p>\n<p>Nivelul 3 &#8211; Quadra: Potrive\u0219te 4 numere &#8211; 19% din fondul de premii<\/p>\n<h2>Mega da virada<\/h2>\n<p>Ce este mega da virada? Dac\u0103 a\u021bi \u00eencercat vreodat\u0103 s\u0103 juca\u021bi Mega-Sena, a\u021bi dat peste mega da virada. Este un alt joc sau o categorie de premii? Ei bine, nu este nici una, nici alta. \u00cen schimb, este o parte a loteriei Mega-Sena, dar este o extragere special\u0103 care are loc \u00een fiecare an \u00een ajunul Anului Nou.<\/p>\n<p>Mega da virada este unul care atrage pariorii experimenta\u021bi de pretutindeni datorit\u0103 c\u00e2t de mare este de obicei jackpotul. Premiul cel mare pentru 2022 este de 450 de milioane de reali \u0219i se spune c\u0103 este cel mai mare premiu din istoria Mega-Sena! Nu e de mirare c\u0103 pasiona\u021bii de loto se gr\u0103besc s\u0103 cumpere intr\u0103ri la aceast\u0103 extragere.<\/p>\n<p>Pute\u021bi participa la mega da virada chiar aici, pe site-ul nostru. Nu trebuie s\u0103 trece\u021bi prin cercuri \u0219i bucle doar pentru a intra la mega da virada. V\u0103 dezv\u0103luim un secret: mega da virada este de fapt Mega-Sena, dar este ultima extragere a anului. Asta este. A\u0219a c\u0103 \u00eenscrie\u021bi-v\u0103 la tragerea la sor\u021bi Mega-Sena din 31 decembrie pentru o \u0219ans\u0103 de a c\u00e2\u0219tiga mult.<\/p>\n<h2>Adev\u0103rul despre jocul la loteria Mega-Sena online<\/h2>\n<p><img loading=\"lazy\" decoding=\"async\" class=\"alignright size-medium wp-image-32000\" src=\"http:\/\/jackpotlotteryonline.com\/wp-content\/uploads\/2022\/11\/1_mega_lotto_ticket-213x300.jpg\" alt=\"Mega-Sena loterie online bilet de loterie\" width=\"213\" height=\"300\" srcset=\"https:\/\/jackpotlotteryonline.com\/wp-content\/uploads\/2022\/11\/1_mega_lotto_ticket-213x300.jpg 213w, https:\/\/jackpotlotteryonline.com\/wp-content\/uploads\/2022\/11\/1_mega_lotto_ticket.jpg 320w\" sizes=\"auto, (max-width: 213px) 100vw, 213px\" \/><\/p>\n<p>Bine, am dori s\u0103 ne lu\u0103m c\u00e2teva minute pentru a v\u0103 oferi c\u00e2teva sfaturi despre cum s\u0103 juca\u021bi la Mega-Sena pe internet. \u00cenainte de a cump\u0103ra un bilet la Mega-Sena, trebuie s\u0103 fi\u021bi sigur c\u0103 participa\u021bi la loterie. Cel mai bun mod este s\u0103 afla\u021bi dac\u0103 site-ul ac\u021bioneaz\u0103 ca un agent. Adic\u0103 au agen\u021bi \u00een Brazilia care vor cump\u0103ra bilete fizice la Mega-Sena.<\/p>\n<p>Un alt lucru de re\u021binut despre acest joc este c\u0103 este un joc de numere. Practic, totul \u021bine de c\u00e2t de norocos e\u0219ti. Cu toate acestea, exist\u0103 c\u00e2teva modalit\u0103\u021bi prin care po\u021bi ajuta norocul \u0219i \u00ee\u021bi po\u021bi cre\u0219te \u0219ansele de c\u00e2\u0219tig. O modalitate este s\u0103 cump\u0103ra\u021bi mai multe intr\u0103ri.<\/p>\n<p>Mega-Sena are cote foarte bune pentru pariori, a\u0219a c\u0103, cu c\u00e2t cump\u0103ra\u021bi mai multe bilete, cu at\u00e2t mai mari sunt \u0219ansele de a c\u00e2\u0219tiga la loto. Acela\u0219i lucru este valabil \u0219i pentru participarea la mai multe extrageri. Este \u00eentotdeauna un plan de joc bun s\u0103 participi la mai multe extrageri.<\/p>\n<h2>De ce ar trebui s\u0103 juca\u021bi la loto cu noi<\/h2>\n<p>Exist\u0103 mai multe site-uri de loterie care v\u0103 ofer\u0103 \u0219ansa de a juca la loteria Mega-Sena. De ce ar trebui s\u0103 ne alege\u021bi pe noi \u00een schimb?<\/p>\n<ul>\n<li>Suntem un site de concierge cu agen\u021bi de loterie din \u00eentreaga lume. Atunci c\u00e2nd cump\u0103ra\u021bi un bilet Mega-Sena de la noi, agen\u021bii no\u0219tri din Brazilia vor cump\u0103ra un bilet cu numerele pe care le alege\u021bi. Acest lucru v\u0103 asigur\u0103 c\u0103 sunte\u021bi \u00eenscris la extragerea Mega-Sena.<\/li>\n<li>V\u0103 pute\u021bi retrage c\u00e2\u0219tigurile (p\u00e2n\u0103 la o anumit\u0103 sum\u0103) de pe site-ul nostru. Indiferent de suma pe care o c\u00e2\u0219tiga\u021bi, nu percepem niciun comision.<\/li>\n<li>Atunci c\u00e2nd cump\u0103ra\u021bi bilete de pe site-ul nostru, nu trebuie s\u0103 v\u0103 face\u021bi griji c\u0103 ve\u021bi rata extragerile. Public\u0103m rezultatele extragerilor pe site-ul nostru \u0219i, dac\u0103 c\u00e2\u0219tiga\u021bi vreun premiu, v\u0103 vom trimite un e-mail.<\/li>\n<li>Sunte\u021bi \u00een siguran\u021b\u0103 aici. Facem un efort suplimentar pentru a v\u0103 proteja biletul, astfel \u00eenc\u00e2t nu trebuie s\u0103 v\u0103 face\u021bi griji c\u0103 a\u021bi pierdut un bilet.<\/li>\n<\/ul>\n<p>Practic, dac\u0103 v\u0103 cump\u0103ra\u021bi biletele de loterie de la noi \u00eenseamn\u0103 c\u0103 v\u0103 asigura\u021bi lini\u0219tea. Nu vrem s\u0103 v\u0103 face\u021bi griji cu privire la detalii, a\u0219a c\u0103 l\u0103sa\u021bi-ne pe noi s\u0103 ne ocup\u0103m de asta \u00een timp ce dumneavoastr\u0103 v\u0103 concentra\u021bi pe ceea ce este important.<\/p>\n<section class=\"layout\" style=\"border: solid 1px; width: 100%;\">\n<div class=\"img-div\" style=\"margin-top: 5px;\"><img decoding=\"async\" class=\"wp-image-17212 alignleft\" style=\"height: 45px; margin: 8px 8px 0px;\" src=\"http:\/\/jackpotlotteryonline.com\/wp-content\/uploads\/2022\/11\/read1.jpg\" alt=\"Cite\u0219te \" width=\"\" height=\"\" \/><\/div>\n<div style=\"padding-left: 5px;\">\n<div style=\"font-size: 1.1em;\">\n<p><strong>Impozitele pe c\u00e2\u0219tigurile la loterie<\/strong><\/p>\n<p style=\"font-size: 0.85em; margin-top: -1.5em;\">Trebuie s\u0103 pl\u0103tesc impozite pe c\u00e2\u0219tigurile la loto?\u00a0 <a href=\"https:\/\/jackpotlotteryonline.com\/ro\/trebuie-sa-platesc-impozite-pe-castigurile-la-loto\">cite\u0219te mai mult<\/a><\/p>\n<\/div>\n<\/div>\n<\/section>\n<h2>\u00cenregistreaz\u0103-te la noi pentru a juca Mega-Sena online<\/h2>\n<p>Sunte\u021bi gata s\u0103 intra\u021bi \u00een jocul de loto Mega-Sena? Nu c\u0103uta\u021bi mai departe, pur \u0219i simplu \u00eenregistra\u021bi-v\u0103 cu noi pentru a \u00eencepe. Odat\u0103 \u00eenregistrat, ve\u021bi avea acces la loterii interna\u021bionale de top, inclusiv la Mega-Sena. Cea mai bun\u0103 parte este c\u0103 c\u00e2\u0219tigurile tale sunt sigure atunci c\u00e2nd joci cu noi; po\u021bi retrage ceea ce c\u00e2\u0219tigi.<\/p>\n<p>Suntem bucuro\u0219i s\u0103 oferim mai multe op\u021biuni clien\u021bilor no\u0219tri. De ce s\u0103 v\u0103 limita\u021bi la o singur\u0103 loterie c\u00e2nd pute\u021bi juca mai mult de dou\u0103 duzini de jocuri diferite? Pe site-ul nostru ve\u021bi g\u0103si jocuri de top, cum ar fi US Powerball, La Primitiva \u0219i Eurojackpot. Fiecare joc de pe site-ul nostru este u\u0219or de accesat.<\/p>\n<p>Este timpul s\u0103 nu mai sta\u021bi pe g\u00e2nduri. Dac\u0103 sunte\u021bi serios \u00een privin\u021ba c\u00e2\u0219tigurilor mari, \u00eenscrie\u021bi-v\u0103 pentru a intra \u00een Mega-Sena ast\u0103zi. Urm\u0103toarea extragere ar putea fi lovitura norocoas\u0103 pe care o a\u0219tepta\u021bi. Merge\u021bi pe site-ul nostru acum \u0219i alege\u021bi dintr-o mare varietate de loterii. Nu uita\u021bi s\u0103 v\u0103 planifica\u021bi din timp pentru mega da virada.<\/p>\n","protected":false},"excerpt":{"rendered":"<p>Vre\u021bi s\u0103 cump\u0103ra\u021bi bilete la loteria Mega-Sena de oriunde din lume? Mega-Sena este cea mai mare loterie din Brazilia \u0219i func\u021bioneaz\u0103 din 1996. Milioane de fani ai loteriei din Brazilia se gr\u0103besc s\u0103 cumpere bilete la Mega-Sena \u00eenainte de fiecare extragere, iar acum, juc\u0103torii din \u00eentreaga lume pot participa \u0219i ei la \u0219ansa de a [&hellip;]<\/p>\n","protected":false},"author":1,"featured_media":0,"parent":35714,"menu_order":15,"comment_status":"closed","ping_status":"closed","template":"megasena.php","meta":{"_et_pb_use_builder":"","_et_pb_old_content":"","_et_gb_content_width":"","exclude_from_search":false,"footnotes":""},"class_list":["post-39497","page","type-page","status-publish","hentry"],"yoast_head":"<!-- This site is optimized with the Yoast SEO plugin v23.3 - https:\/\/yoast.com\/wordpress\/plugins\/seo\/ -->\n<title>Cump\u0103ra\u021bi bilete Mega-Sena online<\/title>\n<meta name=\"description\" content=\"Pute\u021bi cump\u0103ra bilete la loteria Mega-Sena online. Afla\u021bi cum s\u0103 juca\u021bi \u0219i s\u0103 v\u0103 \u00eencasa\u021bi c\u00e2\u0219tigurile chiar aici.\" \/>\n<meta name=\"robots\" content=\"index, follow, max-snippet:-1, max-image-preview:large, max-video-preview:-1\" \/>\n<link rel=\"canonical\" href=\"https:\/\/jackpotlotteryonline.com\/ro\/cum-se-joaca\/mega-sena-2\/\" \/>\n<meta property=\"og:locale\" content=\"ro_RO\" \/>\n<meta property=\"og:type\" content=\"article\" \/>\n<meta property=\"og:title\" content=\"Cump\u0103ra\u021bi bilete Mega-Sena online\" \/>\n<meta property=\"og:description\" content=\"Pute\u021bi cump\u0103ra bilete la loteria Mega-Sena online. Afla\u021bi cum s\u0103 juca\u021bi \u0219i s\u0103 v\u0103 \u00eencasa\u021bi c\u00e2\u0219tigurile chiar aici.\" \/>\n<meta property=\"og:url\" content=\"https:\/\/jackpotlotteryonline.com\/ro\/cum-se-joaca\/mega-sena-2\/\" \/>\n<meta property=\"og:site_name\" content=\"Lotto Online - Crack The International Lottery Jackpots\" \/>\n<meta property=\"article:modified_time\" content=\"2023-01-03T17:45:39+00:00\" \/>\n<meta property=\"og:image\" content=\"http:\/\/jackpotlotteryonline.com\/wp-content\/uploads\/2022\/11\/1_mega_lottery_jackpot-300x207.jpg\" \/>\n<meta name=\"twitter:card\" content=\"summary_large_image\" \/>\n<meta name=\"twitter:label1\" content=\"Timp estimat pentru citire\" \/>\n\t<meta name=\"twitter:data1\" content=\"8 minute\" \/>\n<!-- \/ Yoast SEO plugin. -->","yoast_head_json":{"title":"Cump\u0103ra\u021bi bilete Mega-Sena online","description":"Pute\u021bi cump\u0103ra bilete la loteria Mega-Sena online. Afla\u021bi cum s\u0103 juca\u021bi \u0219i s\u0103 v\u0103 \u00eencasa\u021bi c\u00e2\u0219tigurile chiar aici.","robots":{"index":"index","follow":"follow","max-snippet":"max-snippet:-1","max-image-preview":"max-image-preview:large","max-video-preview":"max-video-preview:-1"},"canonical":"https:\/\/jackpotlotteryonline.com\/ro\/cum-se-joaca\/mega-sena-2\/","og_locale":"ro_RO","og_type":"article","og_title":"Cump\u0103ra\u021bi bilete Mega-Sena online","og_description":"Pute\u021bi cump\u0103ra bilete la loteria Mega-Sena online. Afla\u021bi cum s\u0103 juca\u021bi \u0219i s\u0103 v\u0103 \u00eencasa\u021bi c\u00e2\u0219tigurile chiar aici.","og_url":"https:\/\/jackpotlotteryonline.com\/ro\/cum-se-joaca\/mega-sena-2\/","og_site_name":"Lotto Online - Crack The International Lottery Jackpots","article_modified_time":"2023-01-03T17:45:39+00:00","og_image":[{"url":"http:\/\/jackpotlotteryonline.com\/wp-content\/uploads\/2022\/11\/1_mega_lottery_jackpot-300x207.jpg"}],"twitter_card":"summary_large_image","twitter_misc":{"Timp estimat pentru citire":"8 minute"},"schema":{"@context":"https:\/\/schema.org","@graph":[{"@type":"WebPage","@id":"https:\/\/jackpotlotteryonline.com\/ro\/cum-se-joaca\/mega-sena-2\/","url":"https:\/\/jackpotlotteryonline.com\/ro\/cum-se-joaca\/mega-sena-2\/","name":"Cump\u0103ra\u021bi bilete Mega-Sena online","isPartOf":{"@id":"https:\/\/jackpotlotteryonline.com\/#website"},"primaryImageOfPage":{"@id":"https:\/\/jackpotlotteryonline.com\/ro\/cum-se-joaca\/mega-sena-2\/#primaryimage"},"image":{"@id":"https:\/\/jackpotlotteryonline.com\/ro\/cum-se-joaca\/mega-sena-2\/#primaryimage"},"thumbnailUrl":"http:\/\/jackpotlotteryonline.com\/wp-content\/uploads\/2022\/11\/1_mega_lottery_jackpot-300x207.jpg","datePublished":"2022-11-24T19:48:49+00:00","dateModified":"2023-01-03T17:45:39+00:00","description":"Pute\u021bi cump\u0103ra bilete la loteria Mega-Sena online. Afla\u021bi cum s\u0103 juca\u021bi \u0219i s\u0103 v\u0103 \u00eencasa\u021bi c\u00e2\u0219tigurile chiar aici.","breadcrumb":{"@id":"https:\/\/jackpotlotteryonline.com\/ro\/cum-se-joaca\/mega-sena-2\/#breadcrumb"},"inLanguage":"ro-RO","potentialAction":[{"@type":"ReadAction","target":["https:\/\/jackpotlotteryonline.com\/ro\/cum-se-joaca\/mega-sena-2\/"]}]},{"@type":"ImageObject","inLanguage":"ro-RO","@id":"https:\/\/jackpotlotteryonline.com\/ro\/cum-se-joaca\/mega-sena-2\/#primaryimage","url":"http:\/\/jackpotlotteryonline.com\/wp-content\/uploads\/2022\/11\/1_mega_lottery_jackpot-300x207.jpg","contentUrl":"http:\/\/jackpotlotteryonline.com\/wp-content\/uploads\/2022\/11\/1_mega_lottery_jackpot-300x207.jpg"},{"@type":"BreadcrumbList","@id":"https:\/\/jackpotlotteryonline.com\/ro\/cum-se-joaca\/mega-sena-2\/#breadcrumb","itemListElement":[{"@type":"ListItem","position":1,"name":"Home","item":"https:\/\/jackpotlotteryonline.com\/ro\/"},{"@type":"ListItem","position":2,"name":"Cum se joac\u0103","item":"https:\/\/jackpotlotteryonline.com\/ro\/cum-se-joaca\/"},{"@type":"ListItem","position":3,"name":"Joac\u0103 la loteria Mega-Sena online"}]},{"@type":"WebSite","@id":"https:\/\/jackpotlotteryonline.com\/#website","url":"https:\/\/jackpotlotteryonline.com\/","name":"Lotto Online - Crack The International Lottery Jackpots","description":"","potentialAction":[{"@type":"SearchAction","target":{"@type":"EntryPoint","urlTemplate":"https:\/\/jackpotlotteryonline.com\/?s={search_term_string}"},"query-input":"required name=search_term_string"}],"inLanguage":"ro-RO"}]}},"_links":{"self":[{"href":"https:\/\/jackpotlotteryonline.com\/ro\/wp-json\/wp\/v2\/pages\/39497","targetHints":{"allow":["GET"]}}],"collection":[{"href":"https:\/\/jackpotlotteryonline.com\/ro\/wp-json\/wp\/v2\/pages"}],"about":[{"href":"https:\/\/jackpotlotteryonline.com\/ro\/wp-json\/wp\/v2\/types\/page"}],"author":[{"embeddable":true,"href":"https:\/\/jackpotlotteryonline.com\/ro\/wp-json\/wp\/v2\/users\/1"}],"replies":[{"embeddable":true,"href":"https:\/\/jackpotlotteryonline.com\/ro\/wp-json\/wp\/v2\/comments?post=39497"}],"version-history":[{"count":0,"href":"https:\/\/jackpotlotteryonline.com\/ro\/wp-json\/wp\/v2\/pages\/39497\/revisions"}],"up":[{"embeddable":true,"href":"https:\/\/jackpotlotteryonline.com\/ro\/wp-json\/wp\/v2\/pages\/35714"}],"wp:attachment":[{"href":"https:\/\/jackpotlotteryonline.com\/ro\/wp-json\/wp\/v2\/media?parent=39497"}],"curies":[{"name":"wp","href":"https:\/\/api.w.org\/{rel}","templated":true}]}}