{"id":39557,"date":"2022-11-28T07:33:10","date_gmt":"2022-11-28T07:33:10","guid":{"rendered":"https:\/\/jackpotlotteryonline.com\/?page_id=39557"},"modified":"2023-01-03T18:06:10","modified_gmt":"2023-01-03T18:06:10","slug":"powerball-australia","status":"publish","type":"page","link":"https:\/\/jackpotlotteryonline.com\/ro\/cum-se-joaca\/powerball-australia\/","title":{"rendered":"juca Powerball Australia online"},"content":{"rendered":"<p>Exist\u0103 un motiv pentru care pasiona\u021bii de loto din \u00eentreaga lume se gr\u0103besc s\u0103 joace Powerball Australia. Anul 2022 a fost anul mega jackpoturilor \u0219i am v\u0103zut mai mul\u021bi juc\u0103tori c\u00e2\u0219tig\u00e2nd milioane de dolari la loteriile interna\u021bionale. \u00cen toate acestea, Powerball AU nu a fost o excep\u021bie, deoarece cel mai mare jackpot din toate timpurile, de 160 de milioane de dolari australieni, a fost \u00een octombrie 2022. Cu mai multe jackpoturi mari c\u00e2\u0219tigate de de\u021bin\u0103torii unui singur bilet, ar trebui s\u0103 lua\u021bi \u00een considerare posibilitatea de a juca la acest Powerball.<\/p>\n<p>Este interesant faptul c\u0103 acest Powerball exist\u0103 de ceva timp. Prima extragere a avut loc pe 23 mai 1996, ceea ce \u00eenseamn\u0103 c\u0103 are 25 de ani vechime. Este adev\u0103rat c\u0103, \u00een compara\u021bie cu loterii precum cea spaniol\u0103 La Primitiva, Oz Powerball este practic un bebelu\u0219. (La Primitiva a fost \u00eenfiin\u021bat\u0103 \u00een 1763 \u0219i pute\u021bi participa la aceast\u0103 loterie la jackpotlotteryonline.com).<\/p>\n<p>\u00cen ultimii 25 de ani, Oz Powerball \u0219i-a men\u021binut reputa\u021bia de a avea pl\u0103\u021bi generoase \u0219i fani ferven\u021bi. Anterior, aceasta putea fi accesat\u0103 doar de juc\u0103torii care locuiau pe continent. Acum, pariorii de pretutindeni pot juca Powerball AU online, din confortul calculatoarelor sau al dispozitivelor mobile. Continua\u021bi s\u0103 citi\u021bi pentru a afla cum pute\u021bi juca la aceast\u0103 loterie online.<\/p>\n<h2>Cum se joac\u0103 la Powerball Australia<\/h2>\n<p><img loading=\"lazy\" decoding=\"async\" class=\"alignright size-full wp-image-26402\" src=\"http:\/\/jackpotlotteryonline.com\/wp-content\/uploads\/2022\/11\/1_buy_online_ticket_powerball.jpg\" alt=\"juca\u021bi Powerball Australia online\" width=\"300\" height=\"194\" \/><\/p>\n<p>Unul dintre lucrurile uimitoare despre aceast\u0103 loterie este c\u0103 are cote mari. \u0218ansele de a c\u00e2\u0219tiga jackpotul sunt de 1 la aproximativ 76 de milioane. Exist\u0103 \u00eens\u0103 \u0219i alte c\u00e2teva divizii, iar acestea au cote fantastice.<\/p>\n<p>Pentru a juca la acest Powerball, ar trebui s\u0103 alege\u021bi 7 numere de la 1 la 35 \u0219i un num\u0103r Powerball de la 1 la 20. Asta \u00eenseamn\u0103 un total de 8 numere pentru fiecare linie. Re\u021bine\u021bi c\u0103 pute\u021bi, de asemenea, s\u0103 introduce\u021bi mai multe linii pentru a v\u0103 cre\u0219te \u0219ansele de a c\u00e2\u0219tiga la loterie. Cu c\u00e2t introduce\u021bi mai multe linii, cu at\u00e2t cresc \u0219ansele de c\u00e2\u0219tig.<\/p>\n<p>Dup\u0103 ce v-a\u021bi ales numerele, urm\u0103torul pas este s\u0103 participa\u021bi la extrageri. Aceast\u0103 loterie are o singur\u0103 zi de extragere \u0219i anume \u00een fiecare joi seara. Dup\u0103 cum v\u0103 pute\u021bi imagina, nop\u021bile de joi sunt pline de emo\u021bie pentru pariorii de pe continent. Pute\u021bi, de asemenea, s\u0103 v\u0103 al\u0103tura\u021bi entuziasmului juc\u00e2nd la Powerball.<\/p>\n<h2>De ce Powerball Australia?<\/h2>\n<p>Aceasta este o \u00eentrebare foarte bun\u0103. Mul\u021bumit\u0103 internetului, pasiona\u021bii de loterii din \u00eentreaga lume au la dispozi\u021bie o mare varietate de loterii la care pot participa. De ce v-a\u021bi g\u00e2ndi s\u0103 juca\u021bi la Powerball Oz? Practic, cu aceast\u0103 loterie, ave\u021bi \u0219ansa de a c\u00e2\u0219tiga milioane de dolari f\u0103r\u0103 a v\u0103 confrunta cu cote incredibil de mari.<\/p>\n<p>Problema cu o mul\u021bime de alte loterii mai populare \u00een alte p\u0103r\u021bi ale lumii este reprezentat\u0103 de cotele mari. S\u0103 lu\u0103m de exemplu Powerball din SUA, \u0219ansele de a c\u00e2\u0219tiga la aceast\u0103 loterie sunt de 1 la peste 200 de milioane. \u00cen compara\u021bie cu \u0219ansele de 1 la 76 de milioane ale Oz Powerball, este u\u0219or de \u00een\u021beles de ce o mul\u021bime de pariori graviteaz\u0103 \u00een jurul acesteia.<\/p>\n<section class=\"layout\" style=\"border: solid 1px; width: 100%;\">\n<div class=\"img-div\" style=\"margin-top: 5px;\"><img decoding=\"async\" class=\"wp-image-17212 alignleft\" style=\"height: 45px; margin: 8px 8px 0px;\" src=\"http:\/\/jackpotlotteryonline.com\/wp-content\/uploads\/2022\/11\/read1.jpg\" alt=\"Cite\u0219te \" width=\"\" height=\"\" \/><\/div>\n<div style=\"padding-left: 5px;\">\n<div style=\"font-size: 1.1em;\">\n<p><strong>Escrocherii la loterie de care ar trebui s\u0103 fi\u021bi con\u0219tien\u021bi<\/strong><\/p>\n<p style=\"font-size: 0.85em; margin-top: -1.5em;\">Nu c\u0103de\u021bi \u00een capcanele loteriei\u00a0<a href=\"https:\/\/jackpotlotteryonline.com\/ro\/feriti-va-de-escrocheriile-loteriei-online\"> cite\u0219te mai mult<\/a><\/p>\n<\/div>\n<\/div>\n<\/section>\n<h2>Powerball Australia vs Powerball SUA: ce este diferit?<\/h2>\n<p>Dar, exist\u0103 vreo diferen\u021b\u0103 \u00eentre Oz \u0219i Powerball SUA? Ei bine, prima \u0219i cea mai evident\u0103 diferen\u021b\u0103 este m\u0103rimea jackpoturilor. Exist\u0103 foarte pu\u021bine jackpoturi \u00een lume care s\u0103 se compare ca m\u0103rime cu Powerball-ul din SUA. Acesta a atins recent pragul de 2 miliarde de dolari. Dac\u0103 juca\u021bi la Oz Powerball, nu ve\u021bi ob\u021bine nici pe departe o sum\u0103 asem\u0103n\u0103toare.<\/p>\n<p>Din nou, versiunea american\u0103 este de la 1 la 69. Asta \u00eenseamn\u0103 c\u0103 se extrag 5 bile dintr-un butoi cu 69 de bile. Versiunea OZ are 7 numere extrase dintr-un butoi cu doar 35 de bile. De asemenea, \u00een SUA, Powerball este extras dintr-un butoi cu 26 de bile, \u00een timp ce \u00een Australia este de 20 de bile.<\/p>\n<p>Dac\u0103 dori\u021bi o loterie la care s\u0103 pute\u021bi eventual c\u00e2\u0219tiga milioane f\u0103r\u0103 s\u0103 ave\u021bi de-a face cu cote mari, atunci ar trebui s\u0103 juca\u021bi la Powerball australian.<\/p>\n<h2>Joac\u0103 online<\/h2>\n<p>Deci, acum c\u0103 \u0219tii c\u0103 po\u021bi juca la Oz Powerball de oriunde, iat\u0103 cum po\u021bi face acest lucru.<\/p>\n<ul>\n<li>Primul pas este s\u0103 vizita\u021bi un furnizor de loterii precum jackpotlotteryonline.com \u0219i s\u0103 accesa\u021bi pagina pentru Australian Powerball.<\/li>\n<li>\u00cen continuare, alege\u021bi numerele (pute\u021bi folosi generatorul automat de numere pentru a selecta numerele la \u00eent\u00e2mplare).<\/li>\n<li><a href=\"https:\/\/jackpotlotteryonline.com\/ro\/numere-castigatoare\/powerball-australia\">Intr\u0103 \u00een tragerea<\/a> la sor\u021bi \u0219i \u00eencheie procesul<\/li>\n<li>C\u00e2\u0219tigarea premiului cel mare<\/li>\n<\/ul>\n<p>Extragerea are loc o dat\u0103 pe s\u0103pt\u0103m\u00e2n\u0103, \u00een zilele de joi. A\u0219adar, dup\u0103 ce a\u021bi intrat \u00een extragere, urm\u0103torul pas este s\u0103 a\u0219tepta\u021bi rezultatele. Orice bilet care se potrive\u0219te cu cele 8 numere extrase c\u00e2\u0219tig\u0103 jackpotul.<\/p>\n<p>Exist\u0103 \u0219i alte premii pentru potrivirea diferitelor numere, inclusiv un premiu pentru potrivirea a doar 2 numere \u0219i a num\u0103rului bonus.<\/p>\n<h2>Premii pe care le pute\u021bi c\u00e2\u0219tiga<\/h2>\n<p><img loading=\"lazy\" decoding=\"async\" class=\"alignright size-medium wp-image-19277\" src=\"http:\/\/jackpotlotteryonline.com\/wp-content\/uploads\/2022\/10\/2_ticket_powerball_au2-163x300.jpg\" alt=\"Scanare bilet de loterie\" width=\"163\" height=\"300\" srcset=\"https:\/\/jackpotlotteryonline.com\/wp-content\/uploads\/2022\/10\/2_ticket_powerball_au2-163x300.jpg 163w, https:\/\/jackpotlotteryonline.com\/wp-content\/uploads\/2022\/10\/2_ticket_powerball_au2.jpg 250w\" sizes=\"auto, (max-width: 163px) 100vw, 163px\" \/><\/p>\n<p>Atunci c\u00e2nd juca\u021bi la loterie, exist\u0103 \u00een total 9 diviziuni de premii.<\/p>\n<p>Divizia 1: 7 numere + num\u0103r bonus &#8211; jackpot (\u00een medie 8 milioane de dolari australieni)<\/p>\n<p>Divizia 2: doar 7 numere<\/p>\n<p>Divizia 3: 6 numere + num\u0103r bonus<\/p>\n<p>Divizia 4: doar 6 numere<\/p>\n<p>Divizia 5: 5 numere + num\u0103r bonus<\/p>\n<p>Divizia 6: doar 5 numere<\/p>\n<p>Divizia 7: 4 numere + num\u0103r bonus<\/p>\n<p>Divizia 8: 3 numere + num\u0103r bonus<\/p>\n<p>Divizia 9: 2 numere + num\u0103r bonus<\/p>\n<p>Premiile alocate fiec\u0103rei divizii reprezint\u0103 un procent din fondul de premii. Astfel, cu c\u00e2t este mai mare poo-ul premiului, cu at\u00e2t mai mul\u021bi bani se aloc\u0103 fiec\u0103rei divizii. Premiile Diviziei 2 au ajuns p\u00e2n\u0103 la 800.000 de dolari australieni.<\/p>\n<h2>Cump\u0103ra\u021bi bilete de loterie online<\/h2>\n<p>Dac\u0103 sunte\u021bi un fan al loteriei, acum pute\u021bi juca la loterie online prin intermediul site-ului nostru. Facem ca procesul s\u0103 fie u\u0219or pentru clien\u021bii no\u0219tri, oferind tot ce ave\u021bi nevoie \u00eentr-un singur loc. A\u0219adar, v\u0103 pute\u021bi cump\u0103ra bilete, verifica rezultatele \u0219i, dac\u0103 c\u00e2\u0219tiga\u021bi, v\u0103 pute\u021bi \u00eencasa c\u00e2\u0219tigurile direct de pe site-ul nostru.<\/p>\n<p>Avem mai multe op\u021biuni pe care le pute\u021bi folosi pentru a <a href=\"https:\/\/jackpotlotteryonline.com\/ro\/cumpara-bilete\/powerball-australia\">pl\u0103ti pentru biletele de loterie<\/a>. De asemenea, v\u0103 pute\u021bi seta contul astfel \u00eenc\u00e2t s\u0103 fi\u021bi \u00eenscris automat la mai multe extrageri \u00een avans. Clien\u021bii no\u0219tri se bucur\u0103 de luxul de a nu fi nevoi\u021bi s\u0103 verifice rezultatele extragerilor, deoarece v\u0103 vom anun\u021ba dac\u0103 c\u00e2\u0219tiga\u021bi ceva.<\/p>\n<p>\u00cen cele din urm\u0103, atunci c\u00e2nd cump\u0103ra\u021bi un bilet de loterie de la noi, sunte\u021bi sigur c\u0103 juca\u021bi la loteria pe care o alege\u021bi. Acest lucru se datoreaz\u0103 faptului c\u0103 avem agen\u021bi \u00een diferite \u021b\u0103ri care vor cump\u0103ra biletul fizic cu numerele dvs. corespunz\u0103toare. \u00cen acest fel, nu trebuie s\u0103 v\u0103 afla\u021bi fizic \u00eentr-o \u021bar\u0103 pentru a juca la loto. Merge\u021bi mai departe \u0219i juca\u021bi Powerball Australia acum.<\/p>\n","protected":false},"excerpt":{"rendered":"<p>Exist\u0103 un motiv pentru care pasiona\u021bii de loto din \u00eentreaga lume se gr\u0103besc s\u0103 joace Powerball Australia. Anul 2022 a fost anul mega jackpoturilor \u0219i am v\u0103zut mai mul\u021bi juc\u0103tori c\u00e2\u0219tig\u00e2nd milioane de dolari la loteriile interna\u021bionale. \u00cen toate acestea, Powerball AU nu a fost o excep\u021bie, deoarece cel mai mare jackpot din toate timpurile, [&hellip;]<\/p>\n","protected":false},"author":1,"featured_media":0,"parent":35714,"menu_order":17,"comment_status":"closed","ping_status":"closed","template":"powerball-au.php","meta":{"_et_pb_use_builder":"","_et_pb_old_content":"","_et_gb_content_width":"","exclude_from_search":false,"footnotes":""},"class_list":["post-39557","page","type-page","status-publish","hentry"],"yoast_head":"<!-- This site is optimized with the Yoast SEO plugin v23.3 - https:\/\/yoast.com\/wordpress\/plugins\/seo\/ -->\n<title>Joac\u0103 la Powerball Australia din afara Australiei<\/title>\n<meta name=\"description\" content=\"Nu trebuie s\u0103 locui\u021bi \u00een Australia pentru a juca Powerball Australia. Afla\u021bi cum pute\u021bi juca online.\" \/>\n<meta name=\"robots\" content=\"index, follow, max-snippet:-1, max-image-preview:large, max-video-preview:-1\" \/>\n<link rel=\"canonical\" href=\"https:\/\/jackpotlotteryonline.com\/ro\/cum-se-joaca\/powerball-australia\/\" \/>\n<meta property=\"og:locale\" content=\"ro_RO\" \/>\n<meta property=\"og:type\" content=\"article\" \/>\n<meta property=\"og:title\" content=\"Joac\u0103 la Powerball Australia din afara Australiei\" \/>\n<meta property=\"og:description\" content=\"Nu trebuie s\u0103 locui\u021bi \u00een Australia pentru a juca Powerball Australia. Afla\u021bi cum pute\u021bi juca online.\" \/>\n<meta property=\"og:url\" content=\"https:\/\/jackpotlotteryonline.com\/ro\/cum-se-joaca\/powerball-australia\/\" \/>\n<meta property=\"og:site_name\" content=\"Lotto Online - Crack The International Lottery Jackpots\" \/>\n<meta property=\"article:modified_time\" content=\"2023-01-03T18:06:10+00:00\" \/>\n<meta property=\"og:image\" content=\"http:\/\/jackpotlotteryonline.com\/wp-content\/uploads\/2022\/11\/1_buy_online_ticket_powerball.jpg\" \/>\n<meta name=\"twitter:card\" content=\"summary_large_image\" \/>\n<meta name=\"twitter:label1\" content=\"Timp estimat pentru citire\" \/>\n\t<meta name=\"twitter:data1\" content=\"6 minute\" \/>\n<!-- \/ Yoast SEO plugin. -->","yoast_head_json":{"title":"Joac\u0103 la Powerball Australia din afara Australiei","description":"Nu trebuie s\u0103 locui\u021bi \u00een Australia pentru a juca Powerball Australia. Afla\u021bi cum pute\u021bi juca online.","robots":{"index":"index","follow":"follow","max-snippet":"max-snippet:-1","max-image-preview":"max-image-preview:large","max-video-preview":"max-video-preview:-1"},"canonical":"https:\/\/jackpotlotteryonline.com\/ro\/cum-se-joaca\/powerball-australia\/","og_locale":"ro_RO","og_type":"article","og_title":"Joac\u0103 la Powerball Australia din afara Australiei","og_description":"Nu trebuie s\u0103 locui\u021bi \u00een Australia pentru a juca Powerball Australia. Afla\u021bi cum pute\u021bi juca online.","og_url":"https:\/\/jackpotlotteryonline.com\/ro\/cum-se-joaca\/powerball-australia\/","og_site_name":"Lotto Online - Crack The International Lottery Jackpots","article_modified_time":"2023-01-03T18:06:10+00:00","og_image":[{"url":"http:\/\/jackpotlotteryonline.com\/wp-content\/uploads\/2022\/11\/1_buy_online_ticket_powerball.jpg"}],"twitter_card":"summary_large_image","twitter_misc":{"Timp estimat pentru citire":"6 minute"},"schema":{"@context":"https:\/\/schema.org","@graph":[{"@type":"WebPage","@id":"https:\/\/jackpotlotteryonline.com\/ro\/cum-se-joaca\/powerball-australia\/","url":"https:\/\/jackpotlotteryonline.com\/ro\/cum-se-joaca\/powerball-australia\/","name":"Joac\u0103 la Powerball Australia din afara Australiei","isPartOf":{"@id":"https:\/\/jackpotlotteryonline.com\/#website"},"primaryImageOfPage":{"@id":"https:\/\/jackpotlotteryonline.com\/ro\/cum-se-joaca\/powerball-australia\/#primaryimage"},"image":{"@id":"https:\/\/jackpotlotteryonline.com\/ro\/cum-se-joaca\/powerball-australia\/#primaryimage"},"thumbnailUrl":"http:\/\/jackpotlotteryonline.com\/wp-content\/uploads\/2022\/11\/1_buy_online_ticket_powerball.jpg","datePublished":"2022-11-28T07:33:10+00:00","dateModified":"2023-01-03T18:06:10+00:00","description":"Nu trebuie s\u0103 locui\u021bi \u00een Australia pentru a juca Powerball Australia. Afla\u021bi cum pute\u021bi juca online.","breadcrumb":{"@id":"https:\/\/jackpotlotteryonline.com\/ro\/cum-se-joaca\/powerball-australia\/#breadcrumb"},"inLanguage":"ro-RO","potentialAction":[{"@type":"ReadAction","target":["https:\/\/jackpotlotteryonline.com\/ro\/cum-se-joaca\/powerball-australia\/"]}]},{"@type":"ImageObject","inLanguage":"ro-RO","@id":"https:\/\/jackpotlotteryonline.com\/ro\/cum-se-joaca\/powerball-australia\/#primaryimage","url":"http:\/\/jackpotlotteryonline.com\/wp-content\/uploads\/2022\/11\/1_buy_online_ticket_powerball.jpg","contentUrl":"http:\/\/jackpotlotteryonline.com\/wp-content\/uploads\/2022\/11\/1_buy_online_ticket_powerball.jpg"},{"@type":"BreadcrumbList","@id":"https:\/\/jackpotlotteryonline.com\/ro\/cum-se-joaca\/powerball-australia\/#breadcrumb","itemListElement":[{"@type":"ListItem","position":1,"name":"Home","item":"https:\/\/jackpotlotteryonline.com\/ro\/"},{"@type":"ListItem","position":2,"name":"Cum se joac\u0103","item":"https:\/\/jackpotlotteryonline.com\/ro\/cum-se-joaca\/"},{"@type":"ListItem","position":3,"name":"juca Powerball Australia online"}]},{"@type":"WebSite","@id":"https:\/\/jackpotlotteryonline.com\/#website","url":"https:\/\/jackpotlotteryonline.com\/","name":"Lotto Online - Crack The International Lottery Jackpots","description":"","potentialAction":[{"@type":"SearchAction","target":{"@type":"EntryPoint","urlTemplate":"https:\/\/jackpotlotteryonline.com\/?s={search_term_string}"},"query-input":"required name=search_term_string"}],"inLanguage":"ro-RO"}]}},"_links":{"self":[{"href":"https:\/\/jackpotlotteryonline.com\/ro\/wp-json\/wp\/v2\/pages\/39557","targetHints":{"allow":["GET"]}}],"collection":[{"href":"https:\/\/jackpotlotteryonline.com\/ro\/wp-json\/wp\/v2\/pages"}],"about":[{"href":"https:\/\/jackpotlotteryonline.com\/ro\/wp-json\/wp\/v2\/types\/page"}],"author":[{"embeddable":true,"href":"https:\/\/jackpotlotteryonline.com\/ro\/wp-json\/wp\/v2\/users\/1"}],"replies":[{"embeddable":true,"href":"https:\/\/jackpotlotteryonline.com\/ro\/wp-json\/wp\/v2\/comments?post=39557"}],"version-history":[{"count":0,"href":"https:\/\/jackpotlotteryonline.com\/ro\/wp-json\/wp\/v2\/pages\/39557\/revisions"}],"up":[{"embeddable":true,"href":"https:\/\/jackpotlotteryonline.com\/ro\/wp-json\/wp\/v2\/pages\/35714"}],"wp:attachment":[{"href":"https:\/\/jackpotlotteryonline.com\/ro\/wp-json\/wp\/v2\/media?parent=39557"}],"curies":[{"name":"wp","href":"https:\/\/api.w.org\/{rel}","templated":true}]}}