{"id":39612,"date":"2022-11-28T09:37:14","date_gmt":"2022-11-28T09:37:14","guid":{"rendered":"https:\/\/jackpotlotteryonline.com\/?page_id=39612"},"modified":"2023-01-03T18:55:18","modified_gmt":"2023-01-03T18:55:18","slug":"saturday-lotto","status":"publish","type":"page","link":"https:\/\/jackpotlotteryonline.com\/ro\/cum-se-joaca\/saturday-lotto\/","title":{"rendered":"juca Saturday Lotto online"},"content":{"rendered":"<p>Loteria de s\u00e2mb\u0103t\u0103 este una dintre loteriile populare din Australia \u0219i juc\u0103torii din \u00eentreaga \u021bar\u0103 o a\u0219teapt\u0103 cu ner\u0103bdare. Unul dintre motive este faptul c\u0103 are o istorie de a scoate o mul\u021bime de milionari. Jackpotul poate ajunge p\u00e2n\u0103 la 10 milioane de dolari australieni, ceea ce este un premiu incredibil dac\u0103 te g\u00e2nde\u0219ti la asta. P\u00e2n\u0103 acum, trebuia s\u0103 fi\u021bi rezident al Australiei \u00eenainte de a putea juca la aceast\u0103 loterie, pentru simplul motiv c\u0103 biletele erau disponibile doar \u00een \u021bar\u0103. Odat\u0103 cu internetul, toate acestea s-au schimbat, deoarece juc\u0103torii din \u00eentreaga lume pot acum s\u0103 joace la loterie de oriunde.<\/p>\n<p>A\u0219adar, dac\u0103 dori\u021bi s\u0103 juca\u021bi la loteria de s\u00e2mb\u0103t\u0103, tot ce trebuie s\u0103 face\u021bi este s\u0103 vizita\u021bi jackpotlotteryonline.com pentru a v\u0103 <a href=\"https:\/\/jackpotlotteryonline.com\/ro\/cumpara-bilete\/saturday-lotto\">cump\u0103ra biletul de loterie<\/a>. Interesant este c\u0103 acolo pute\u021bi ob\u021bine, de asemenea, bilete la toate loteriile interna\u021bionale de top.<\/p>\n<h2>Originea Loteriei de s\u00e2mb\u0103t\u0103<\/h2>\n<p><img loading=\"lazy\" decoding=\"async\" class=\"alignright size-medium wp-image-28103\" src=\"https:\/\/jackpotlotteryonline.com\/wp-content\/uploads\/2022\/11\/1_lotto_jackpot_online-257x300.jpg\" alt=\"Jackpot la loto de s\u00e2mb\u0103t\u0103\" width=\"257\" height=\"300\" srcset=\"https:\/\/jackpotlotteryonline.com\/wp-content\/uploads\/2022\/11\/1_lotto_jackpot_online-257x300.jpg 257w, https:\/\/jackpotlotteryonline.com\/wp-content\/uploads\/2022\/11\/1_lotto_jackpot_online.jpg 321w\" sizes=\"auto, (max-width: 257px) 100vw, 257px\" \/><\/p>\n<p>Prima extragere a avut loc pe 24 iunie 1972 \u0219i a fost primul loto de acest tip din Australia. Este, de asemenea, cel mai longeviv loto din Australia. Este cunoscut sub diferite nume de c\u0103tre juc\u0103torii din diferite p\u0103r\u021bi ale Australiei: Tattslotto, Gold lotto, X lotto sau pur \u0219i simplu lotto.<\/p>\n<p>Suma minim\u0103 garantat\u0103 a jackpotului atunci c\u00e2nd joci este de 5 milioane de dolari australieni \u0219i se reporteaz\u0103 la s\u0103pt\u0103m\u00e2na urm\u0103toare dac\u0103 nu exist\u0103 niciun c\u00e2\u0219tig\u0103tor. Lucrul incredibil la acest loto este c\u0103 juc\u0103torii au o probabilitate foarte bun\u0103 de a c\u00e2\u0219tiga jackpotul. \u0218ansele sunt at\u00e2t de mici \u00eenc\u00e2t premiul jackpot se rostogole\u0219te rareori, deoarece de obicei exist\u0103 \u00eentotdeauna un c\u00e2\u0219tig\u0103tor.<\/p>\n<p>Loteria de s\u00e2mb\u0103t\u0103 organizeaz\u0103, de asemenea, o mega extragere o dat\u0103 pe an, care are loc dup\u0103 Cr\u0103ciun. Premiul cel mare pentru mega extragerile este destul de mare \u0219i a fost m\u0103rit la 30 de milioane de dolari australieni. Mega extragerea produce de obicei c\u00e2\u0219tig\u0103tori multipli.<\/p>\n<h2>Cum s\u0103 juca\u021bi online la Loto de s\u00e2mb\u0103t\u0103<\/h2>\n<p>Pentru a juca la Loto de s\u00e2mb\u0103t\u0103, pur \u0219i simplu vizita\u021bi jackpotlotteryonline.com \u0219i merge\u021bi la pagina Loto. Alege\u021bi \u0219ase numere \u00eentre 1 \u0219i 45. Pute\u021bi oric\u00e2nd s\u0103 v\u0103 alege\u021bi numerele manual sau s\u0103 folosi\u021bi sistemul nostru automat pentru a genera numere aleatorii.<\/p>\n<p><a href=\"https:\/\/jackpotlotteryonline.com\/ro\/numere-castigatoare\/saturday-lotto\">Apoi, introduce\u021bi extragerile<\/a>. De fapt, exist\u0103 doar o singur\u0103 extragere pe s\u0103pt\u0103m\u00e2n\u0103 \u0219i este s\u00e2mb\u0103t\u0103. De aici \u0219i numele: Saturday Lotto. Dar, pute\u021bi alege s\u0103 participa\u021bi la p\u00e2n\u0103 la 10 extrageri consecutive. Dac\u0103 alege\u021bi aceast\u0103 op\u021biune, ve\u021bi fi \u00eenscris automat la fiecare extragere pentru urm\u0103toarele 10 s\u0103pt\u0103m\u00e2ni.<\/p>\n<p>Dup\u0103 ce a\u021bi f\u0103cut toate acestea, urm\u0103torul pas este s\u0103 v\u0103 procesa\u021bi plata. V\u0103 vom cere s\u0103 v\u0103 \u00eenregistra\u021bi la noi pentru a v\u0103 putea p\u0103stra biletul \u00een siguran\u021b\u0103 atunci c\u00e2nd juca\u021bi. De asemenea, v\u0103 vom informa dac\u0103 ve\u021bi c\u00e2\u0219tiga ceva \u0219i apoi v\u0103 pute\u021bi \u00eencasa c\u00e2\u0219tigurile de pe platforma noastr\u0103.<\/p>\n<section class=\"layout\" style=\"border: solid 1px; width: 100%;\">\n<div class=\"img-div\" style=\"margin-top: 5px;\"><img decoding=\"async\" class=\"wp-image-17212 alignleft\" style=\"height: 45px; margin: 8px 8px 0px;\" src=\"https:\/\/jackpotlotteryonline.com\/wp-content\/uploads\/2022\/11\/read1.jpg\" alt=\"cite\u0219te\" width=\"\" height=\"\" \/><\/div>\n<div style=\"padding-left: 5px;\">\n<div style=\"font-size: 1.1em;\">\n<p><strong>C\u00e2teva trucuri \u0219i sfaturi pentru alegerea numerelor<\/strong><\/p>\n<p style=\"font-size: 0.85em; margin-top: -1.5em;\">Cre\u0219te\u021bi-v\u0103 \u0219ansele de c\u00e2\u0219tig &#8211; folosi\u021bi o anumit\u0103 strategie pentru a alege numerele\u00a0 \u00a0 \u00a0dvs<a href=\"https:\/\/jackpotlotteryonline.com\/ro\/cateva-trucuri-si-sfaturi-pentru-alegerea-numerelor\">\u00a0cite\u0219te mai mult<\/a><\/p>\n<\/div>\n<\/div>\n<\/section>\n<h2>Avantaje<\/h2>\n<p>S-ar putea s\u0103 fie greu pentru cei care sunt obi\u0219nui\u021bi s\u0103 cumpere bilete de loterie fizice \u0219i fanfara care vine la c\u00e2\u0219tig s\u0103 vad\u0103 avantajele jocului pe internet. Dar v\u0103 vom \u00eemp\u0103rt\u0103\u0219i c\u00e2teva aici.<\/p>\n<p>Jocul online la Loto de s\u00e2mb\u0103t\u0103 este convenabil. Nu trebuie s\u0103 pleca\u021bi de unde v\u0103 afla\u021bi pentru a merge oriunde, deoarece pute\u021bi juca cu u\u0219urin\u021b\u0103 de pe computer sau de pe dispozitivul mobil. De asemenea, \u00eenseamn\u0103 c\u0103 acum ave\u021bi acces la o varietate mai mare de loterii din \u00eentreaga lume.<\/p>\n<p>Cump\u0103rarea biletelor nu este singurul avantaj atunci c\u00e2nd joci la loto. Poate c\u0103 principalul avantaj este faptul c\u0103 v\u0103 pute\u021bi retrage cu u\u0219urin\u021b\u0103 c\u00e2\u0219tigurile. Este simplu \u0219i de multe ori nu trebuie s\u0103 trece\u021bi prin nicio procedur\u0103 complex\u0103 pentru a v\u0103 ob\u021bine c\u00e2\u0219tigurile.<\/p>\n<h2>C\u00e2\u0219tigarea loteriei de s\u00e2mb\u0103t\u0103<\/h2>\n<p>Pentru a c\u00e2\u0219tiga la loto, trebuie s\u0103 potrivi\u021bi toate cele \u0219ase numere extrase. Orice bilet care se potrive\u0219te cu toate cele \u0219ase numere extrase c\u00e2\u0219tig\u0103 premiul cel mare. Exist\u0103 \u0219i alte premii pe care le pute\u021bi c\u00e2\u0219tiga \u0219i pe care le vom men\u021biona mai t\u00e2rziu. Dar re\u021bine\u021bi c\u0103 pute\u021bi c\u00e2\u0219tiga un premiu dac\u0103 potrivi\u021bi 3 numere extrase.<\/p>\n<p>\u00cen cazul \u00een care c\u00e2\u0219tiga\u021bi la loto, v\u0103 pute\u021bi retrage c\u00e2\u0219tigurile de pe platforma noastr\u0103 direct \u00een contul dumneavoastr\u0103.<\/p>\n<p>V\u0103 rug\u0103m s\u0103 re\u021bine\u021bi c\u0103, \u00een cazul \u00een care c\u00e2\u0219tigul dvs. este mai mare de #2500, va trebui s\u0103 revendica\u021bi c\u00e2\u0219tigul direct de la compania de loterie. Dar nu v\u0103 face\u021bi griji, v\u0103 vom ajuta \u00een acest sens, oferindu-v\u0103 un formular de revendicare pe care s\u0103 \u00eel completa\u021bi.<\/p>\n<h2>Numere suplimentare<\/h2>\n<p><img loading=\"lazy\" decoding=\"async\" class=\"alignright size-medium wp-image-29183\" src=\"https:\/\/jackpotlotteryonline.com\/wp-content\/uploads\/2022\/11\/1_play_lotto-online-300x199.jpg\" alt=\"juca online la loto de s\u00e2mb\u0103t\u0103\" width=\"300\" height=\"199\" srcset=\"https:\/\/jackpotlotteryonline.com\/wp-content\/uploads\/2022\/11\/1_play_lotto-online-300x199.jpg 300w, https:\/\/jackpotlotteryonline.com\/wp-content\/uploads\/2022\/11\/1_play_lotto-online.jpg 350w\" sizes=\"auto, (max-width: 300px) 100vw, 300px\" \/><\/p>\n<p>Dac\u0103 verifica\u021bi diviziunile de premii, s-ar putea s\u0103 observa\u021bi c\u0103 unele diviziuni folosesc numere suplimentare. Acestea nu sunt numere pe care le alege\u021bi dumneavoastr\u0103 \u0219i nu au nicio leg\u0103tur\u0103 cu c\u00e2\u0219tigarea premiului cel mare. Acestea sunt pur \u0219i simplu numere generate aleatoriu care sunt alese \u00een timpul fiec\u0103rei extrageri \u0219i sunt folosite pentru a determina diviziunile 2 \u0219i 5.<\/p>\n<h2>Premii<\/h2>\n<p>Acest Loto are \u0219ase diviziuni de premii diferite \u0219i doar prin potrivirea a 3 numere principale, pute\u021bi c\u00e2\u0219tiga un premiu. Bine\u00een\u021beles, cu c\u00e2t mai multe numere se potrivesc, cu at\u00e2t premiul devine mai mare. Premiul Diviziei 1 este premiul cel mare \u0219i va trebui s\u0103 potrivi\u021bi toate cele 6 numere pentru a fi eligibil pentru acest premiu.<\/p>\n<p>Adesea, juc\u0103torii se concentreaz\u0103 pe premiul Diviziei 1, adic\u0103 pe jackpot, excluz\u00e2nd celelalte divizii de premii. Dar, este posibil s\u0103 c\u00e2\u0219tiga\u021bi o sum\u0103 bun\u0103 \u0219i din aceste alte divizii. Mai jos, v\u0103 prezent\u0103m diviziunile de premii pentru Loto de s\u00e2mb\u0103t\u0103 \u0219i \u0219ansele de a c\u00e2\u0219tiga fiecare divizie.<\/p>\n<p>Divizia 1: 6 numere principale &#8211; jackpot (1 din 8.145.060)<\/p>\n<p>Divizia 2: 5 numere principale + 1 sau 2 numere suplimentare (1 la 678.755)<\/p>\n<p>Divizia 3: 5 numere principale (1 la 36.689)<\/p>\n<p>Divizia 4: 4 numere principale (1 la 733)<\/p>\n<p>Divizia 5: 3 numere principale + 1 sau 2 numere suplimentare (1 la 297)<\/p>\n<p>Diviziunea 6: 3 numere principale (1 la 53)<\/p>\n<h2>\u00censcrie\u021bi-v\u0103 acum pentru a juca la loto de s\u00e2mb\u0103t\u0103<\/h2>\n<p>Dac\u0103 sunte\u021bi gata s\u0103 juca\u021bi la loto, v\u0103 pute\u021bi cump\u0103ra biletele de loto chiar aici, pe site-ul nostru. Odat\u0103 ce intra\u021bi \u00een tragerea la sor\u021bi, ve\u021bi avea \u0219ansa de a c\u00e2\u0219tiga milioane.<\/p>\n<p>\u00cen timp ce v\u0103 afla\u021bi aici, pute\u021bi verifica \u0219i alte loterii. Avem o colec\u021bie larg\u0103 de loterii interna\u021bionale de top \u0219i le oferim clien\u021bilor no\u0219tri acces la aceste loterii. V\u0103 pute\u021bi cump\u0103ra bilete la loterii din SUA, Europa \u0219i Australia, indiferent unde locui\u021bi.<\/p>\n<p>Fiind site-ul num\u0103rul unu de concierge pentru loterii, am simplificat procesul pentru a oferi o experien\u021b\u0103 incredibil\u0103 pentru clien\u021bii no\u0219tri. \u00censcrie\u021bi-v\u0103 cu noi ast\u0103zi pentru a \u00eencepe s\u0103 juca\u021bi la loto.<\/p>\n","protected":false},"excerpt":{"rendered":"<p>Loteria de s\u00e2mb\u0103t\u0103 este una dintre loteriile populare din Australia \u0219i juc\u0103torii din \u00eentreaga \u021bar\u0103 o a\u0219teapt\u0103 cu ner\u0103bdare. Unul dintre motive este faptul c\u0103 are o istorie de a scoate o mul\u021bime de milionari. Jackpotul poate ajunge p\u00e2n\u0103 la 10 milioane de dolari australieni, ceea ce este un premiu incredibil dac\u0103 te g\u00e2nde\u0219ti la [&hellip;]<\/p>\n","protected":false},"author":1,"featured_media":0,"parent":35714,"menu_order":18,"comment_status":"closed","ping_status":"closed","template":"saturday-lotto.php","meta":{"_et_pb_use_builder":"","_et_pb_old_content":"","_et_gb_content_width":"","exclude_from_search":false,"footnotes":""},"class_list":["post-39612","page","type-page","status-publish","hentry"],"yoast_head":"<!-- This site is optimized with the Yoast SEO plugin v23.3 - https:\/\/yoast.com\/wordpress\/plugins\/seo\/ -->\n<title>Joac\u0103 la loto s\u00e2mb\u0103t\u0103 online<\/title>\n<meta name=\"description\" content=\"Bucur\u0103-te de \u0219ansa de a c\u00e2\u0219tiga mult la Loto de s\u00e2mb\u0103t\u0103 juc\u00e2nd online de oriunde te-ai afla. Afla\u021bi cum.\" \/>\n<meta name=\"robots\" content=\"index, follow, max-snippet:-1, max-image-preview:large, max-video-preview:-1\" \/>\n<link rel=\"canonical\" href=\"https:\/\/jackpotlotteryonline.com\/ro\/cum-se-joaca\/saturday-lotto\/\" \/>\n<meta property=\"og:locale\" content=\"ro_RO\" \/>\n<meta property=\"og:type\" content=\"article\" \/>\n<meta property=\"og:title\" content=\"Joac\u0103 la loto s\u00e2mb\u0103t\u0103 online\" \/>\n<meta property=\"og:description\" content=\"Bucur\u0103-te de \u0219ansa de a c\u00e2\u0219tiga mult la Loto de s\u00e2mb\u0103t\u0103 juc\u00e2nd online de oriunde te-ai afla. Afla\u021bi cum.\" \/>\n<meta property=\"og:url\" content=\"https:\/\/jackpotlotteryonline.com\/ro\/cum-se-joaca\/saturday-lotto\/\" \/>\n<meta property=\"og:site_name\" content=\"Lotto Online - Crack The International Lottery Jackpots\" \/>\n<meta property=\"article:modified_time\" content=\"2023-01-03T18:55:18+00:00\" \/>\n<meta property=\"og:image\" content=\"https:\/\/jackpotlotteryonline.com\/wp-content\/uploads\/2022\/11\/1_lotto_jackpot_online-257x300.jpg\" \/>\n<meta name=\"twitter:card\" content=\"summary_large_image\" \/>\n<meta name=\"twitter:label1\" content=\"Timp estimat pentru citire\" \/>\n\t<meta name=\"twitter:data1\" content=\"6 minute\" \/>\n<!-- \/ Yoast SEO plugin. -->","yoast_head_json":{"title":"Joac\u0103 la loto s\u00e2mb\u0103t\u0103 online","description":"Bucur\u0103-te de \u0219ansa de a c\u00e2\u0219tiga mult la Loto de s\u00e2mb\u0103t\u0103 juc\u00e2nd online de oriunde te-ai afla. Afla\u021bi cum.","robots":{"index":"index","follow":"follow","max-snippet":"max-snippet:-1","max-image-preview":"max-image-preview:large","max-video-preview":"max-video-preview:-1"},"canonical":"https:\/\/jackpotlotteryonline.com\/ro\/cum-se-joaca\/saturday-lotto\/","og_locale":"ro_RO","og_type":"article","og_title":"Joac\u0103 la loto s\u00e2mb\u0103t\u0103 online","og_description":"Bucur\u0103-te de \u0219ansa de a c\u00e2\u0219tiga mult la Loto de s\u00e2mb\u0103t\u0103 juc\u00e2nd online de oriunde te-ai afla. Afla\u021bi cum.","og_url":"https:\/\/jackpotlotteryonline.com\/ro\/cum-se-joaca\/saturday-lotto\/","og_site_name":"Lotto Online - Crack The International Lottery Jackpots","article_modified_time":"2023-01-03T18:55:18+00:00","og_image":[{"url":"https:\/\/jackpotlotteryonline.com\/wp-content\/uploads\/2022\/11\/1_lotto_jackpot_online-257x300.jpg"}],"twitter_card":"summary_large_image","twitter_misc":{"Timp estimat pentru citire":"6 minute"},"schema":{"@context":"https:\/\/schema.org","@graph":[{"@type":"WebPage","@id":"https:\/\/jackpotlotteryonline.com\/ro\/cum-se-joaca\/saturday-lotto\/","url":"https:\/\/jackpotlotteryonline.com\/ro\/cum-se-joaca\/saturday-lotto\/","name":"Joac\u0103 la loto s\u00e2mb\u0103t\u0103 online","isPartOf":{"@id":"https:\/\/jackpotlotteryonline.com\/#website"},"primaryImageOfPage":{"@id":"https:\/\/jackpotlotteryonline.com\/ro\/cum-se-joaca\/saturday-lotto\/#primaryimage"},"image":{"@id":"https:\/\/jackpotlotteryonline.com\/ro\/cum-se-joaca\/saturday-lotto\/#primaryimage"},"thumbnailUrl":"https:\/\/jackpotlotteryonline.com\/wp-content\/uploads\/2022\/11\/1_lotto_jackpot_online-257x300.jpg","datePublished":"2022-11-28T09:37:14+00:00","dateModified":"2023-01-03T18:55:18+00:00","description":"Bucur\u0103-te de \u0219ansa de a c\u00e2\u0219tiga mult la Loto de s\u00e2mb\u0103t\u0103 juc\u00e2nd online de oriunde te-ai afla. Afla\u021bi cum.","breadcrumb":{"@id":"https:\/\/jackpotlotteryonline.com\/ro\/cum-se-joaca\/saturday-lotto\/#breadcrumb"},"inLanguage":"ro-RO","potentialAction":[{"@type":"ReadAction","target":["https:\/\/jackpotlotteryonline.com\/ro\/cum-se-joaca\/saturday-lotto\/"]}]},{"@type":"ImageObject","inLanguage":"ro-RO","@id":"https:\/\/jackpotlotteryonline.com\/ro\/cum-se-joaca\/saturday-lotto\/#primaryimage","url":"https:\/\/jackpotlotteryonline.com\/wp-content\/uploads\/2022\/11\/1_lotto_jackpot_online-257x300.jpg","contentUrl":"https:\/\/jackpotlotteryonline.com\/wp-content\/uploads\/2022\/11\/1_lotto_jackpot_online-257x300.jpg"},{"@type":"BreadcrumbList","@id":"https:\/\/jackpotlotteryonline.com\/ro\/cum-se-joaca\/saturday-lotto\/#breadcrumb","itemListElement":[{"@type":"ListItem","position":1,"name":"Home","item":"https:\/\/jackpotlotteryonline.com\/ro\/"},{"@type":"ListItem","position":2,"name":"Cum se joac\u0103","item":"https:\/\/jackpotlotteryonline.com\/ro\/cum-se-joaca\/"},{"@type":"ListItem","position":3,"name":"juca Saturday Lotto online"}]},{"@type":"WebSite","@id":"https:\/\/jackpotlotteryonline.com\/#website","url":"https:\/\/jackpotlotteryonline.com\/","name":"Lotto Online - Crack The International Lottery Jackpots","description":"","potentialAction":[{"@type":"SearchAction","target":{"@type":"EntryPoint","urlTemplate":"https:\/\/jackpotlotteryonline.com\/?s={search_term_string}"},"query-input":"required name=search_term_string"}],"inLanguage":"ro-RO"}]}},"_links":{"self":[{"href":"https:\/\/jackpotlotteryonline.com\/ro\/wp-json\/wp\/v2\/pages\/39612","targetHints":{"allow":["GET"]}}],"collection":[{"href":"https:\/\/jackpotlotteryonline.com\/ro\/wp-json\/wp\/v2\/pages"}],"about":[{"href":"https:\/\/jackpotlotteryonline.com\/ro\/wp-json\/wp\/v2\/types\/page"}],"author":[{"embeddable":true,"href":"https:\/\/jackpotlotteryonline.com\/ro\/wp-json\/wp\/v2\/users\/1"}],"replies":[{"embeddable":true,"href":"https:\/\/jackpotlotteryonline.com\/ro\/wp-json\/wp\/v2\/comments?post=39612"}],"version-history":[{"count":0,"href":"https:\/\/jackpotlotteryonline.com\/ro\/wp-json\/wp\/v2\/pages\/39612\/revisions"}],"up":[{"embeddable":true,"href":"https:\/\/jackpotlotteryonline.com\/ro\/wp-json\/wp\/v2\/pages\/35714"}],"wp:attachment":[{"href":"https:\/\/jackpotlotteryonline.com\/ro\/wp-json\/wp\/v2\/media?parent=39612"}],"curies":[{"name":"wp","href":"https:\/\/api.w.org\/{rel}","templated":true}]}}