{"id":39664,"date":"2022-11-28T12:39:41","date_gmt":"2022-11-28T12:39:41","guid":{"rendered":"https:\/\/jackpotlotteryonline.com\/?page_id=39664"},"modified":"2022-12-31T13:19:09","modified_gmt":"2022-12-31T13:19:09","slug":"juca-set-for-life-online","status":"publish","type":"page","link":"https:\/\/jackpotlotteryonline.com\/ro\/cum-se-joaca\/juca-set-for-life-online\/","title":{"rendered":"juca Set For Life online"},"content":{"rendered":"<p>Din ce \u00een ce mai mul\u021bi pariori din \u00eentreaga lume \u00eencep s\u0103 realizeze frumuse\u021bea de a fi setat pentru tot restul vie\u021bii lor. \u0218i asta este ceea ce le ofer\u0103 juc\u0103torilor loteria britanic\u0103 Set for Life: \u0219ansa de a c\u00e2\u0219tiga 10.000 de lire sterline \u00een fiecare lun\u0103, timp de 30 de ani. Se nume\u0219te loterie cu rent\u0103 viager\u0103 deoarece c\u00e2\u0219tig\u0103torul nu prime\u0219te o sum\u0103 forfetar\u0103. La prima vedere, s-ar putea s\u0103 nu par\u0103 la fel de atr\u0103g\u0103toare ca \u0219i c\u00e2\u0219tigarea a miliarde de euro. Cu toate acestea, exist\u0103 unii juc\u0103tori care nu se simt prea confortabil cu manipularea at\u00e2tor bani deodat\u0103. \u00cen plus, am citit despre c\u00e2\u0219tig\u0103tori la loto care au ajuns \u00een faliment dup\u0103 c\u00e2\u021biva ani. Cu aceast\u0103 loterie din Marea Britanie, nu exist\u0103 nicio \u0219ans\u0103 ca acest lucru s\u0103 se \u00eent\u00e2mple, deoarece c\u00e2\u0219tig\u0103torul prime\u0219te 10.000 de lire sterline f\u0103r\u0103 gre\u0219 \u00een fiecare lun\u0103.<\/p>\n<p>Dac\u0103 v\u0103 \u00eentreba\u021bi cum pute\u021bi juca la aceast\u0103 rent\u0103 britanic\u0103 din afara Regatului Unit, ave\u021bi noroc. Aici, v\u0103 vom \u00eemp\u0103rt\u0103\u0219i cum s\u0103 juca\u021bi la loto \u0219i sfaturi pentru a juca din afara Regatului Unit.<\/p>\n<h2>Po\u021bi juca Set For Life din afara Regatului Unit?<\/h2>\n<p><img loading=\"lazy\" decoding=\"async\" class=\"alignright size-medium wp-image-27941\" src=\"https:\/\/jackpotlotteryonline.com\/wp-content\/uploads\/2022\/11\/1_lottery_winner_ticket-200x300.jpg\" alt=\"c\u00e2\u0219tiga\u021bi mult cu Set for life\" width=\"200\" height=\"300\" srcset=\"https:\/\/jackpotlotteryonline.com\/wp-content\/uploads\/2022\/11\/1_lottery_winner_ticket-200x300.jpg 200w, https:\/\/jackpotlotteryonline.com\/wp-content\/uploads\/2022\/11\/1_lottery_winner_ticket.jpg 320w\" sizes=\"auto, (max-width: 200px) 100vw, 200px\" \/><\/p>\n<p>Set For Life ar putea fi o loterie \u00een esen\u021b\u0103 britanic\u0103, dar dorin\u021ba de a c\u00e2\u0219tiga mult \u00een fiecare lun\u0103 este una \u00eemp\u0103rt\u0103\u0219it\u0103 de pariorii de pretutindeni. S\u0103 fim sinceri, cui nu i-ar pl\u0103cea g\u00e2ndul de a c\u00e2\u0219tiga 10.000 de lire sterline \u00een fiecare lun\u0103 timp de 30 de ani? \u00cen mod obi\u0219nuit, Set For Life se joac\u0103 doar \u00een Marea Britanie, deoarece acolo se v\u00e2nd biletele. Cu toate acestea, juc\u0103torii pot cump\u0103ra acum bilete de oriunde.<\/p>\n<p>Internetul a f\u0103cut posibile multe lucruri, \u00een special accesul la informa\u021bii. Acum, pariorii din \u00eentreaga lume pot cump\u0103ra bilete la loteriile interna\u021bionale de top, inclusiv la Set For Life. Astfel, dac\u0103 sunte\u021bi un juc\u0103tor din afara Marii Britanii, pute\u021bi c<a href=\"https:\/\/jackpotlotteryonline.com\/ro\/cumpara-bilete\/set-for-life\">ump\u0103ra cu u\u0219urin\u021b\u0103 bilete pentru loteria de rent\u0103 din Marea Britanie<\/a>, vizit\u00e2nd jackpotlotteryonline.com.<\/p>\n<p>Dac\u0103 v\u0103 place g\u00e2ndul de a fi stabilit pentru tot restul vie\u021bii, atunci gr\u0103bi\u021bi-v\u0103 acum \u0219i ob\u021bine\u021bi un bilet \u00eenainte de urm\u0103toarea extragere.<\/p>\n<h2>Cum se joac\u0103<\/h2>\n<p>Pentru a juca la loteria din Marea Britanie, juc\u0103torii trebuie s\u0103 aleag\u0103 5 numere dintr-un interval de la 1 la 47 \u0219i 1 num\u0103r Life Ball de la 1 la 10. Apoi, <a href=\"https:\/\/jackpotlotteryonline.com\/ro\/numere-castigatoare\/set-for-life\">alege\u021bi zilele de extragere<\/a> \u00een care dori\u021bi s\u0103 participa\u021bi \u0219i num\u0103rul de s\u0103pt\u0103m\u00e2ni \u00een care dori\u021bi s\u0103 juca\u021bi.<\/p>\n<p>C\u00e2nd utiliza\u021bi site-ul nostru, pute\u021bi folosi generatorul nostru de numere pentru a v\u0103 selecta aleatoriu numerele. De asemenea, \u00eel pute\u021bi seta astfel \u00eenc\u00e2t s\u0103 fi\u021bi \u00eenscris automat la fiecare extragere cu c\u00e2teva s\u0103pt\u0103m\u00e2ni \u00eenainte. \u00cen acest fel, nu trebuie s\u0103 v\u0103 face\u021bi griji c\u0103 ve\u021bi rata o extragere. De asemenea, public\u0103m rezultatele brute chiar aici, pe site-ul nostru.<\/p>\n<p>Extragerile Set For Life au loc \u00een fiecare luni \u0219i joi seara. Juc\u00e2nd la loto cu noi \u00eenseamn\u0103 c\u0103 nu trebuie s\u0103 pierde\u021bi o extragere pentru c\u0103 nu v-a\u021bi cump\u0103rat biletul \u00eenainte de \u00eenchiderea acesteia.<\/p>\n<h2>Sfaturi pentru a juca online<\/h2>\n<p>\u00cenainte de a v\u0103 cump\u0103ra biletul de loterie pe internet, este important s\u0103 \u0219ti\u021bi c\u00e2teva lucruri. Acestea sunt c\u00e2teva sfaturi care v\u0103 vor ajuta s\u0103 ave\u021bi o experien\u021b\u0103 de joc mai pl\u0103cut\u0103.<\/p>\n<p>Folosi\u021bi \u00eentotdeauna un site de concierge pentru a v\u0103 cump\u0103ra bilete de loterie<\/p>\n<p>Asigura\u021bi-v\u0103 c\u0103 v\u0103 pute\u021bi retrage c\u00e2\u0219tigurile f\u0103r\u0103 probleme de pe site<\/p>\n<p>Cump\u0103ra\u021bi mai multe bilete \u0219i participa\u021bi la mai multe extrageri pentru a v\u0103 cre\u0219te \u0219ansele de c\u00e2\u0219tig<\/p>\n<p>Folosi\u021bi un site care v\u0103 va anun\u021ba (prin e-mail) odat\u0103 ce a\u021bi c\u00e2\u0219tigat un premiu<\/p>\n<h2>Categorii de premii Set For Life<\/h2>\n<div id=\"attachment_27779\" style=\"width: 222px\" class=\"wp-caption alignright\"><img loading=\"lazy\" decoding=\"async\" aria-describedby=\"caption-attachment-27779\" class=\"size-full wp-image-27779\" src=\"https:\/\/jackpotlotteryonline.com\/wp-content\/uploads\/2022\/11\/1_lottery_ticket.jpg\" alt=\"cum s\u0103 joci la Set for life\" width=\"212\" height=\"142\" \/><p id=\"caption-attachment-27779\" class=\"wp-caption-text\">Completarea biletului de loterie cu creionul pe o mas\u0103 de lemn, prim-plan. Spa\u021biu pentru text<\/p><\/div>\n<p>Premiul cel mare pentru aceast\u0103 loterie din Marea Britanie este un premiu uimitor de 10.000 de lire sterline \u00een fiecare lun\u0103 pentru urm\u0103torii 30 de ani. Este ca \u0219i cum ai fi pl\u0103tit 10.000 de dolari pe lun\u0103 pentru a avea o vacan\u021b\u0103 de 30 de ani. Acest premiu este unul care \u00eei entuziasmeaz\u0103 pe mul\u021bi juc\u0103tori. Cu toate acestea, \u0219i mai interesant este faptul c\u0103 aceast\u0103 loterie are \u0219i alte niveluri de premii interesante. Iat\u0103 care sunt categoriile de premii.<\/p>\n<p>Categoria 1: Potrive\u0219te 5 numere + Life Ball &#8211; 10.000 de lire sterline \u00een fiecare lun\u0103 timp de 30 de ani<\/p>\n<p>Categoria 2: Potrive\u0219te doar 5 numere &#8211; 10.000 de lire sterline \u00een fiecare lun\u0103 timp de 1 an<\/p>\n<p>Categoria 3: Potrive\u0219te 4 numere + LIfe Ball &#8211; 250 \u00a3.<\/p>\n<p>Categoria 4: Potrive\u0219te doar 4 numere &#8211; \u00a350<\/p>\n<p>Categoria 5: Potrive\u0219te 3 numere + Life Ball &#8211; \u00a330<\/p>\n<p>Categoria 6: Potrive\u0219te doar 3 numere &#8211; \u00a320<\/p>\n<p>Categoria 7: Potrive\u0219te 2 numere + Life Ball &#8211; \u00a310<\/p>\n<p>Categoria 8: Doar 2 numere &#8211; \u00a35<\/p>\n<section class=\"layout\" style=\"border: solid 1px; width: 100%;\">\n<div class=\"img-div\" style=\"margin-top: 5px;\"><img decoding=\"async\" class=\"wp-image-17212 alignleft\" style=\"height: 45px; margin: 8px 8px 0px;\" src=\"https:\/\/jackpotlotteryonline.com\/wp-content\/uploads\/2022\/11\/read1.jpg\" alt=\"Cite\u0219te \" width=\"\" height=\"\" \/><\/div>\n<div style=\"padding-left: 5px;\">\n<div style=\"font-size: 1.1em;\">\n<p><strong>C\u00e2\u021biva c\u00e2\u0219tig\u0103tori la loto au dat \u00eenapoi comunit\u0103\u021bii<\/strong><\/p>\n<p style=\"font-size: 0.85em; margin-top: -1.5em;\">C\u00e2teva pove\u0219ti interesante \u0219i \u00eenduio\u0219\u0103toare despre c\u00e2\u0219tig\u0103tori la loto care dau \u00eenapoi\u00a0 <a href=\"https:\/\/jackpotlotteryonline.com\/ro\/povesti-despre-castigatorii-loteriei-care-dau-inapoi\">cite\u0219te mai mult<\/a><\/p>\n<\/div>\n<\/div>\n<\/section>\n<h2>Juca\u021bi la loteria de rent\u0103 din Marea Britanie aici, ast\u0103zi<\/h2>\n<p>Suntem un site de loterie concierge care face posibil ca juc\u0103torii din \u00eentreaga lume s\u0103 aib\u0103 acces la loterii interna\u021bionale de top. Atunci c\u00e2nd v\u0103 cump\u0103ra\u021bi biletele de loterie de la noi, v\u0103 bucura\u021bi de pl\u0103cerea de a juca la loterie, f\u0103r\u0103 niciun fel de b\u0103t\u0103i de cap.<\/p>\n<p>Dac\u0103 c\u00e2\u0219tiga\u021bi vreun premiu, v\u0103 pute\u021bi retrage cu u\u0219urin\u021b\u0103 c\u00e2\u0219tigurile chiar aici, de pe site-ul nostru. Noi facem totul at\u00e2t de simplu. Iar dac\u0103 premiul dvs. dep\u0103\u0219e\u0219te o anumit\u0103 sum\u0103, v\u0103 vom ajuta cu un formular de revendicare, astfel \u00eenc\u00e2t s\u0103 v\u0103 pute\u021bi \u00eencasa c\u00e2\u0219tigul.<\/p>\n<p>Tot ceea ce facem are ca scop s\u0103 oferim o experien\u021b\u0103 de loterie f\u0103r\u0103 cusur pentru clien\u021bii no\u0219tri. A\u0219a c\u0103 merge\u021bi mai departe \u0219i intra\u021bi \u00een loteria UK Set for Life ast\u0103zi.<\/p>\n","protected":false},"excerpt":{"rendered":"<p>Din ce \u00een ce mai mul\u021bi pariori din \u00eentreaga lume \u00eencep s\u0103 realizeze frumuse\u021bea de a fi setat pentru tot restul vie\u021bii lor. \u0218i asta este ceea ce le ofer\u0103 juc\u0103torilor loteria britanic\u0103 Set for Life: \u0219ansa de a c\u00e2\u0219tiga 10.000 de lire sterline \u00een fiecare lun\u0103, timp de 30 de ani. Se nume\u0219te loterie [&hellip;]<\/p>\n","protected":false},"author":1,"featured_media":0,"parent":35714,"menu_order":11,"comment_status":"closed","ping_status":"closed","template":"set-for-life.php","meta":{"_et_pb_use_builder":"","_et_pb_old_content":"","_et_gb_content_width":"","exclude_from_search":false,"footnotes":""},"class_list":["post-39664","page","type-page","status-publish","hentry"],"yoast_head":"<!-- This site is optimized with the Yoast SEO plugin v23.3 - https:\/\/yoast.com\/wordpress\/plugins\/seo\/ -->\n<title>Juca\u021bi Set for Life din afara Regatului Unit<\/title>\n<meta name=\"description\" content=\"Juca\u021bi online la loteria rentei viagere din Marea Britanie \u0219i c\u00e2\u0219tiga\u021bi \u0219ansa de a fi stabilit pentru tot restul vie\u021bii.\" \/>\n<meta name=\"robots\" content=\"index, follow, max-snippet:-1, max-image-preview:large, max-video-preview:-1\" \/>\n<link rel=\"canonical\" href=\"https:\/\/jackpotlotteryonline.com\/ro\/cum-se-joaca\/juca-set-for-life-online\/\" \/>\n<meta property=\"og:locale\" content=\"ro_RO\" \/>\n<meta property=\"og:type\" content=\"article\" \/>\n<meta property=\"og:title\" content=\"Juca\u021bi Set for Life din afara Regatului Unit\" \/>\n<meta property=\"og:description\" content=\"Juca\u021bi online la loteria rentei viagere din Marea Britanie \u0219i c\u00e2\u0219tiga\u021bi \u0219ansa de a fi stabilit pentru tot restul vie\u021bii.\" \/>\n<meta property=\"og:url\" content=\"https:\/\/jackpotlotteryonline.com\/ro\/cum-se-joaca\/juca-set-for-life-online\/\" \/>\n<meta property=\"og:site_name\" content=\"Lotto Online - Crack The International Lottery Jackpots\" \/>\n<meta property=\"article:modified_time\" content=\"2022-12-31T13:19:09+00:00\" \/>\n<meta property=\"og:image\" content=\"https:\/\/jackpotlotteryonline.com\/wp-content\/uploads\/2022\/11\/1_lottery_winner_ticket-200x300.jpg\" \/>\n<meta name=\"twitter:card\" content=\"summary_large_image\" \/>\n<meta name=\"twitter:label1\" content=\"Timp estimat pentru citire\" \/>\n\t<meta name=\"twitter:data1\" content=\"5 minute\" \/>\n<!-- \/ Yoast SEO plugin. -->","yoast_head_json":{"title":"Juca\u021bi Set for Life din afara Regatului Unit","description":"Juca\u021bi online la loteria rentei viagere din Marea Britanie \u0219i c\u00e2\u0219tiga\u021bi \u0219ansa de a fi stabilit pentru tot restul vie\u021bii.","robots":{"index":"index","follow":"follow","max-snippet":"max-snippet:-1","max-image-preview":"max-image-preview:large","max-video-preview":"max-video-preview:-1"},"canonical":"https:\/\/jackpotlotteryonline.com\/ro\/cum-se-joaca\/juca-set-for-life-online\/","og_locale":"ro_RO","og_type":"article","og_title":"Juca\u021bi Set for Life din afara Regatului Unit","og_description":"Juca\u021bi online la loteria rentei viagere din Marea Britanie \u0219i c\u00e2\u0219tiga\u021bi \u0219ansa de a fi stabilit pentru tot restul vie\u021bii.","og_url":"https:\/\/jackpotlotteryonline.com\/ro\/cum-se-joaca\/juca-set-for-life-online\/","og_site_name":"Lotto Online - Crack The International Lottery Jackpots","article_modified_time":"2022-12-31T13:19:09+00:00","og_image":[{"url":"https:\/\/jackpotlotteryonline.com\/wp-content\/uploads\/2022\/11\/1_lottery_winner_ticket-200x300.jpg"}],"twitter_card":"summary_large_image","twitter_misc":{"Timp estimat pentru citire":"5 minute"},"schema":{"@context":"https:\/\/schema.org","@graph":[{"@type":"WebPage","@id":"https:\/\/jackpotlotteryonline.com\/ro\/cum-se-joaca\/juca-set-for-life-online\/","url":"https:\/\/jackpotlotteryonline.com\/ro\/cum-se-joaca\/juca-set-for-life-online\/","name":"Juca\u021bi Set for Life din afara Regatului Unit","isPartOf":{"@id":"https:\/\/jackpotlotteryonline.com\/#website"},"primaryImageOfPage":{"@id":"https:\/\/jackpotlotteryonline.com\/ro\/cum-se-joaca\/juca-set-for-life-online\/#primaryimage"},"image":{"@id":"https:\/\/jackpotlotteryonline.com\/ro\/cum-se-joaca\/juca-set-for-life-online\/#primaryimage"},"thumbnailUrl":"https:\/\/jackpotlotteryonline.com\/wp-content\/uploads\/2022\/11\/1_lottery_winner_ticket-200x300.jpg","datePublished":"2022-11-28T12:39:41+00:00","dateModified":"2022-12-31T13:19:09+00:00","description":"Juca\u021bi online la loteria rentei viagere din Marea Britanie \u0219i c\u00e2\u0219tiga\u021bi \u0219ansa de a fi stabilit pentru tot restul vie\u021bii.","breadcrumb":{"@id":"https:\/\/jackpotlotteryonline.com\/ro\/cum-se-joaca\/juca-set-for-life-online\/#breadcrumb"},"inLanguage":"ro-RO","potentialAction":[{"@type":"ReadAction","target":["https:\/\/jackpotlotteryonline.com\/ro\/cum-se-joaca\/juca-set-for-life-online\/"]}]},{"@type":"ImageObject","inLanguage":"ro-RO","@id":"https:\/\/jackpotlotteryonline.com\/ro\/cum-se-joaca\/juca-set-for-life-online\/#primaryimage","url":"https:\/\/jackpotlotteryonline.com\/wp-content\/uploads\/2022\/11\/1_lottery_winner_ticket-200x300.jpg","contentUrl":"https:\/\/jackpotlotteryonline.com\/wp-content\/uploads\/2022\/11\/1_lottery_winner_ticket-200x300.jpg"},{"@type":"BreadcrumbList","@id":"https:\/\/jackpotlotteryonline.com\/ro\/cum-se-joaca\/juca-set-for-life-online\/#breadcrumb","itemListElement":[{"@type":"ListItem","position":1,"name":"Home","item":"https:\/\/jackpotlotteryonline.com\/ro\/"},{"@type":"ListItem","position":2,"name":"Cum se joac\u0103","item":"https:\/\/jackpotlotteryonline.com\/ro\/cum-se-joaca\/"},{"@type":"ListItem","position":3,"name":"juca Set For Life online"}]},{"@type":"WebSite","@id":"https:\/\/jackpotlotteryonline.com\/#website","url":"https:\/\/jackpotlotteryonline.com\/","name":"Lotto Online - Crack The International Lottery Jackpots","description":"","potentialAction":[{"@type":"SearchAction","target":{"@type":"EntryPoint","urlTemplate":"https:\/\/jackpotlotteryonline.com\/?s={search_term_string}"},"query-input":"required name=search_term_string"}],"inLanguage":"ro-RO"}]}},"_links":{"self":[{"href":"https:\/\/jackpotlotteryonline.com\/ro\/wp-json\/wp\/v2\/pages\/39664","targetHints":{"allow":["GET"]}}],"collection":[{"href":"https:\/\/jackpotlotteryonline.com\/ro\/wp-json\/wp\/v2\/pages"}],"about":[{"href":"https:\/\/jackpotlotteryonline.com\/ro\/wp-json\/wp\/v2\/types\/page"}],"author":[{"embeddable":true,"href":"https:\/\/jackpotlotteryonline.com\/ro\/wp-json\/wp\/v2\/users\/1"}],"replies":[{"embeddable":true,"href":"https:\/\/jackpotlotteryonline.com\/ro\/wp-json\/wp\/v2\/comments?post=39664"}],"version-history":[{"count":0,"href":"https:\/\/jackpotlotteryonline.com\/ro\/wp-json\/wp\/v2\/pages\/39664\/revisions"}],"up":[{"embeddable":true,"href":"https:\/\/jackpotlotteryonline.com\/ro\/wp-json\/wp\/v2\/pages\/35714"}],"wp:attachment":[{"href":"https:\/\/jackpotlotteryonline.com\/ro\/wp-json\/wp\/v2\/media?parent=39664"}],"curies":[{"name":"wp","href":"https:\/\/api.w.org\/{rel}","templated":true}]}}