{"id":39722,"date":"2022-11-29T08:18:28","date_gmt":"2022-11-29T08:18:28","guid":{"rendered":"https:\/\/jackpotlotteryonline.com\/?page_id=39722"},"modified":"2023-01-03T10:25:46","modified_gmt":"2023-01-03T10:25:46","slug":"joaca-la-loto-new-york-online","status":"publish","type":"page","link":"https:\/\/jackpotlotteryonline.com\/ro\/cum-se-joaca\/joaca-la-loto-new-york-online\/","title":{"rendered":"Joac\u0103 la loto New York online"},"content":{"rendered":"<p>Istoria loteriei din New York este impregnat\u0103 de fapte bune \u0219i pozitivitate general\u0103. Fiind o loterie care a fost creat\u0103 ca o modalitate de a ajuta la educa\u021bia din stat, este o op\u021biune bun\u0103 pentru pariorii c\u0103rora le place un pic de altruism al\u0103turi de distrac\u021bia lor. Practic, dac\u0103 dori\u021bi o loterie care v\u0103 permite s\u0103 v\u0103 sim\u021bi\u021bi ca \u0219i cum a\u021bi contribui cu ceva bun \u00een lume, atunci ar trebui s\u0103 lua\u021bi \u00een considerare loteria New York.<\/p>\n<p>\u00centrebarea pentru majoritatea juc\u0103torilor este \u00eens\u0103 cum s\u0103 participe la aceast\u0103 loterie dintr-o alt\u0103 parte a lumii. Dup\u0103 cum probabil a\u021bi ghicit din nume, New York loto este loteria de stat a statului New York din SUA. A\u0219adar, este deschis pentru pasiona\u021bii de loto care locuiesc \u00een acel stat, iar biletele de loterie pot fi accesate cu u\u0219urin\u021b\u0103 de la v\u00e2nz\u0103torii din acest stat. Dac\u0103 locui\u021bi \u00een afara statului &#8211; sau chiar pe un continent complet diferit &#8211; este o cu totul alt\u0103 poveste.<\/p>\n<p>Dar nu v\u0103 teme\u021bi, v\u0103 vom ar\u0103ta cea mai bun\u0103 modalitate de a cump\u0103ra bilete de loterie de oriunde din lume. Dac\u0103 v\u0103 gr\u0103bi\u021bi s\u0103 participa\u021bi la urm\u0103toarea extragere, de ce s\u0103 nu vizita\u021bi jackpotlotteryonline.com pentru a \u00eencepe?<\/p>\n<h2>Sfaturi pentru a juca la loto din New York<\/h2>\n<p><img loading=\"lazy\" decoding=\"async\" class=\"alignright size-full wp-image-31505\" src=\"http:\/\/jackpotlotteryonline.com\/wp-content\/uploads\/2022\/11\/lotto2-300x84-1.png\" alt=\"juca\u021bi la loto New York online\" width=\"300\" height=\"84\" \/>Acum, s\u0103 trecem la motivul pentru care ne afl\u0103m aici; cum s\u0103 joci la loto New York de oriunde. \u00cenainte de a intra \u00een detalii, este probabil o idee bun\u0103 s\u0103 \u00eemp\u0103rt\u0103\u0219im c\u00e2teva sfaturi pentru a juca la loto. De\u0219i vorbim aici despre un anumit loto, aceste sfaturi se aplic\u0103 \u0219i la alte loterii interna\u021bionale de top, la care, apropo, pute\u021bi participa \u0219i aici.<\/p>\n<p><strong>Acestea fiind spuse, iat\u0103 care sunt sfaturile noastre pentru a juca la loto New York:<\/strong><\/p>\n<ul>\n<li>Alege\u021bi-v\u0103 numerele cu aten\u021bie. Este adev\u0103rat c\u0103 nu exist\u0103 o modalitate real\u0103 de a prezice ce numere vor c\u00e2\u0219tiga la loto, totu\u0219i, este ceva de spus despre alegerea numerelor care \u00eenseamn\u0103 ceva pentru tine.<\/li>\n<li>Fi\u021bi aten\u021bi la num\u0103rul bonus. \u0218i, acesta este un lucru pe care o mul\u021bime de juc\u0103tori nu \u0219i-l dau seama cu adev\u0103rat; faptul c\u0103 jackpotul nu este tot ceea ce po\u021bi c\u00e2\u0219tiga. Num\u0103rul bonus este cel care determin\u0103 premiul de rangul doi, care este, de asemenea, o sum\u0103 s\u0103n\u0103toas\u0103 cu care s\u0103 pleci acas\u0103.<\/li>\n<li>Nu rata\u021bi extragerile. Dac\u0103 sunte\u021bi \u00een acest lucru pentru a c\u00e2\u0219tiga, atunci ar trebui s\u0103 v\u0103 concentra\u021bi pe participarea la extrageri. Loteria din New York are dou\u0103 extrageri pe s\u0103pt\u0103m\u00e2n\u0103, miercuri \u0219i s\u00e2mb\u0103t\u0103. Face\u021bi un efort pentru a participa la ambele extrageri. Pute\u021bi, de asemenea, s\u0103 v\u0103 \u00eenscrie\u021bi la extrageri cu c\u00e2teva s\u0103pt\u0103m\u00e2ni \u00een avans (v\u0103 vom ar\u0103ta cum, mai t\u00e2rziu).<\/li>\n<\/ul>\n<h2>Offline vs. online<\/h2>\n<p>Care este diferen\u021ba dintre a juca la loto online \u0219i offline \u0219i exist\u0103 avantaje? Da, auzim des aceste \u00eentreb\u0103ri \u0219i sunt \u00eentreb\u0103ri valabile. Dac\u0103 locui\u021bi \u00een New York, de exemplu, este normal s\u0103 v\u0103 \u00eentreba\u021bi dac\u0103 exist\u0103 vreun avantaj \u00een a participa la loto online. Ei bine, noi v\u0103 putem da unul: comoditatea.<\/p>\n<p>\u00cencercarea de a afla ce v\u00e2nz\u0103tor vinde ce bilet de loterie poate fi stresant\u0103, mai ales atunci c\u00e2nd ave\u021bi doar c\u00e2teva minute la dispozi\u021bie \u00eenainte de \u00eenchiderea v\u00e2nz\u0103rilor de bilete. De asemenea, s-ar putea s\u0103 dori\u021bi s\u0103 participa\u021bi la mai multe loterii \u0219i asta devine pur \u0219i simplu dezordonat dac\u0103 trebuie s\u0103 v\u0103 deplasa\u021bi de la un v\u00e2nz\u0103tor la altul.<\/p>\n<p>Jocul la loto online le ofer\u0103 pariorilor o comoditate care nici m\u0103car nu a fost imaginat\u0103 p\u00e2n\u0103 acum. Chiar din confortul computerului sau al dispozitivului mobil, pute\u021bi cump\u0103ra bilete la loto, verifica rezultatele extragerilor \u0219i \u00eencasa orice c\u00e2\u0219tig. Odat\u0103 ce a\u021bi \u00eencercat s\u0103 juca\u021bi la loto online, nu ve\u021bi mai avea cale de \u00eentoarcere, v\u0103 putem garanta acest lucru.<\/p>\n<h2>Cum s\u0103 juca\u021bi online<\/h2>\n<p>Fie c\u0103 sunte\u021bi un parior experimentat sau un \u00eencep\u0103tor, intrarea la loto online este rapid\u0103, simpl\u0103 \u0219i absolut direct\u0103. Dac\u0103 juca\u021bi la loteria din New York, iat\u0103 pa\u0219ii de mai jos:<\/p>\n<ul>\n<li>Face\u021bi clic pe loteria la care dori\u021bi s\u0103 juca\u021bi.<\/li>\n<li>Alege\u021bi 6 numere dintr-un interval de la 1 la 59. Exist\u0103 un al 7-lea num\u0103r, dar acesta este extras la \u00eent\u00e2mplare de c\u0103tre compania loto \u0219i nu face parte din biletul dumneavoastr\u0103.<\/li>\n<li><a href=\"https:\/\/jackpotlotteryonline.com\/ro\/numere-castigatoare\/new-york-lottery\">Intra\u021bi la extragerile<\/a> care au loc \u00een fiecare s\u0103pt\u0103m\u00e2n\u0103, miercurea \u0219i s\u00e2mb\u0103ta. Pute\u021bi participa doar la o singur\u0103 extragere sau la ambele.<\/li>\n<li>Finaliza\u021bi plata. Majoritatea site-urilor de loterie v\u0103 vor cere s\u0103 v\u0103 \u00eenregistra\u021bi pentru a finaliza plata. Acest lucru este pentru a v\u0103 putea accesa cu u\u0219urin\u021b\u0103 biletul dup\u0103 ce l-a\u021bi cump\u0103rat.<\/li>\n<\/ul>\n<p>S\u0103 joci la loto online este chiar at\u00e2t de simplu. Av\u00e2nd \u00een vedere c\u0103 nu exist\u0103 nicio alt\u0103 modalitate de a ob\u021bine bilete la loto New York din afara statului New York din SUA, aceasta este o metod\u0103 fantastic\u0103 \u0219i atunci c\u00e2nd locui\u021bi \u00een alt\u0103 parte a lumii.<\/p>\n<section class=\"layout\" style=\"border: solid 1px; width: 100%;\">\n<div class=\"img-div\" style=\"margin-top: 5px;\"><img decoding=\"async\" class=\"wp-image-17212 alignleft\" style=\"height: 45px; margin: 8px 8px 0px;\" src=\"http:\/\/jackpotlotteryonline.com\/wp-content\/uploads\/2022\/11\/read1.jpg\" alt=\"\u0427\u0438\u0442\u0430\u0442\u044c \" width=\"\" height=\"\" \/><\/div>\n<div style=\"padding-left: 5px;\">\n<div style=\"font-size: 1.1em;\">\n<p><strong>Cum sunt pl\u0103tit dac\u0103 c\u00e2\u0219tig la loteria online?<\/strong><\/p>\n<p style=\"font-size: 0.85em; margin-top: -1.5em;\">Iat\u0103 cum v\u0103 primi\u021bi banii dac\u0103 c\u00e2\u0219tiga\u021bi la loteria online<a href=\"https:\/\/jackpotlotteryonline.com\/ro\/cum-sunt-platit-daca-vin-la-loterie-online\"> cite\u0219te mai mult<\/a><\/p>\n<\/div>\n<\/div>\n<\/section>\n<h2>Cum se aleg numerele c\u00e2\u0219tig\u0103toare<\/h2>\n<p>Subiectul alegerii numerelor c\u00e2\u0219tig\u0103toare este unul complex, de\u0219i, dac\u0103 \u00eel privi\u021bi cu aten\u021bie, nu ar trebui s\u0103 fie a\u0219a. Este complicat excesiv de c\u0103tre cei care vor s\u0103 v\u0103 ofere a\u0219a-zise formule matematice pentru a c\u00e2\u0219tiga la loterie. Serios, nu ave\u021bi \u00eencredere \u00een nicio a\u0219a-zis\u0103 metod\u0103 \u0219tiin\u021bific\u0103.<\/p>\n<p>Loteria este un joc de noroc, iar loteria din New York nu este o excep\u021bie. Numerele sunt generate la \u00eent\u00e2mplare, iar norocul are foarte mult de a face cu cine c\u00e2\u0219tig\u0103 la loto.<\/p>\n<p>\u021ain\u00e2nd cont de acest lucru, este \u00eentotdeauna o idee bun\u0103 s\u0103 valorifica\u021bi pu\u021bin factorul noroc, aleg\u00e2ndu-v\u0103 numerele norocoase. Astfel, po\u021bi alege zile de na\u0219tere, anivers\u0103ri, numere care \u021bi-au purtat noroc toat\u0103 via\u021ba etc. Sau, pute\u021bi folosi pur \u0219i simplu instrumentul de generare automat\u0103 de pe site-ul nostru pentru a alege numere la \u00eent\u00e2mplare. P\u00e2n\u0103 la urm\u0103, totul \u021bine de noroc.<\/p>\n<h2>De unde s\u0103 cumpere bilete pentru New York loto<\/h2>\n<p><img loading=\"lazy\" decoding=\"async\" class=\"alignright size-medium wp-image-28913\" src=\"http:\/\/jackpotlotteryonline.com\/wp-content\/uploads\/2022\/11\/1_pick_lottery_numbers-300x200.jpg\" alt=\"cump\u0103ra\u021bi bilete la loto New York\" width=\"300\" height=\"200\" srcset=\"https:\/\/jackpotlotteryonline.com\/wp-content\/uploads\/2022\/11\/1_pick_lottery_numbers-300x200.jpg 300w, https:\/\/jackpotlotteryonline.com\/wp-content\/uploads\/2022\/11\/1_pick_lottery_numbers.jpg 320w\" sizes=\"auto, (max-width: 300px) 100vw, 300px\" \/>Dac\u0103 sunte\u021bi gata s\u0103 participa\u021bi la loto New York, atunci urm\u0103torul pas este s\u0103 v\u0103 <a href=\"https:\/\/jackpotlotteryonline.com\/ro\/cumpara-bilete\/new-york-lottery\">cump\u0103ra\u021bi biletele<\/a>. Pute\u021bi face acest lucru online de pe un site de v\u00e2nz\u0103ri de loto, cum ar fi jackpotlotteryonline.com. Este important s\u0103 v\u0103 feri\u021bi de site-urile de loterie care nu v\u0103 spun exact cum v\u0103 vor ob\u021bine biletele. Astfel de site-uri pot doar s\u0103 v\u0103 permit\u0103 s\u0103 paria\u021bi pe rezultatul loteriei f\u0103r\u0103 a participa efectiv la aceasta.<\/p>\n<p>Atunci c\u00e2nd v\u0103 cump\u0103ra\u021bi biletele de loterie de la noi, agen\u021bii no\u0219tri din New York vor cump\u0103ra bilete cu numerele corespunz\u0103toare. Este aproape ca \u0219i cum a\u021bi avea un agent personal de loterie \u00een diferite p\u0103r\u021bi ale lumii.<\/p>\n<h2>Nivele de premii pentru loteria din New York<\/h2>\n<p>Loteria din New York are mai multe niveluri de premii. \u00cen timp ce majoritatea pariorilor vizeaz\u0103 jackpotul, \u0219i ar trebui s\u0103 face\u021bi \u0219i dumneavoastr\u0103 la fel, este o realitate c\u0103 nu toat\u0103 lumea poate c\u00e2\u0219tiga jackpotul. Cu toate acestea, exist\u0103 mai multe alte categorii de premii pe care pariorii le pot c\u00e2\u0219tiga.<\/p>\n<p>A\u0219adar, premiul jackpot \u00eencepe de la 2 milioane de dolari, dar nu v\u0103 l\u0103sa\u021bi p\u0103c\u0103li\u021bi de aceast\u0103 sum\u0103. Atunci c\u00e2nd nu exist\u0103 niciun c\u00e2\u0219tig\u0103tor dup\u0103 o extragere, premiul se rostogole\u0219te \u0219i \u00eencepe s\u0103 creasc\u0103 \u0219i s\u0103 creasc\u0103. Cel mai mare premiu jackpot acordat vreodat\u0103 la aceast\u0103 loterie a fost un uimitor 176 de milioane de dolari. Da, \u00ee\u021bi schimb\u0103 total via\u021ba.<\/p>\n<p>Nivelul 1 (jackpot) &#8211; potrive\u0219te toate cele 6 numere extrase<\/p>\n<p>Nivelul 2 &#8211; potrive\u0219te 5 numere + num\u0103rul bonus<\/p>\n<p>Nivelul 3 &#8211; potrive\u0219te 5 numere<\/p>\n<p>Nivelul 4 &#8211; potrive\u0219te 4 numere<\/p>\n<p>Nivelul 5 &#8211; potrive\u0219te 3 numere<\/p>\n<h2>C\u00e2\u0219tig \u0219i \u00eencasare<\/h2>\n<p>C\u00e2\u0219tigarea la loto New York \u00eenseamn\u0103 s\u0103 ai un bilet care se potrive\u0219te cu numerele extrase. Cel care se potrive\u0219te cu numerele extrase c\u00e2\u0219tig\u0103 loteria. Pentru a \u0219ti dac\u0103 a\u021bi c\u00e2\u0219tigat la loto, trebuie s\u0103 verifica\u021bi rezultatele extragerii. Dac\u0103 sunte\u021bi \u00eenregistrat la noi, v\u0103 vom trimite un e-mail dac\u0103 a\u021bi c\u00e2\u0219tigat un premiu.<\/p>\n<p>Dac\u0103 v\u0103 cump\u0103ra\u021bi biletele loto de la noi, pute\u021bi retrage cu u\u0219urin\u021b\u0103 c\u00e2\u0219tigurile de pe platforma noastr\u0103 \u00een contul dumneavoastr\u0103. Dac\u0103 c\u00e2\u0219tiga\u021bi 2500 de euro sau mai pu\u021bin, atunci v\u0103 pute\u021bi retrage banii cu un simplu click. Dac\u0103 este mai mult de at\u00e2t, v\u0103 vom trimite un formular de revendicare pe care s\u0103 \u00eel completa\u021bi \u0219i apoi v\u0103 vom ajuta cu procesarea c\u00e2\u0219tigului dvs.<\/p>\n<p>C\u0103uta\u021bi bilete la loto New York acum pe jackpotlotteryonline.com.<\/p>\n","protected":false},"excerpt":{"rendered":"<p>Istoria loteriei din New York este impregnat\u0103 de fapte bune \u0219i pozitivitate general\u0103. Fiind o loterie care a fost creat\u0103 ca o modalitate de a ajuta la educa\u021bia din stat, este o op\u021biune bun\u0103 pentru pariorii c\u0103rora le place un pic de altruism al\u0103turi de distrac\u021bia lor. Practic, dac\u0103 dori\u021bi o loterie care v\u0103 permite [&hellip;]<\/p>\n","protected":false},"author":1,"featured_media":0,"parent":35714,"menu_order":14,"comment_status":"closed","ping_status":"closed","template":"newyork.php","meta":{"_et_pb_use_builder":"","_et_pb_old_content":"","_et_gb_content_width":"","exclude_from_search":false,"footnotes":""},"class_list":["post-39722","page","type-page","status-publish","hentry"],"yoast_head":"<!-- This site is optimized with the Yoast SEO plugin v23.3 - https:\/\/yoast.com\/wordpress\/plugins\/seo\/ -->\n<title>Cum s\u0103 joci la loto New York de oriunde<\/title>\n<meta name=\"description\" content=\"Indiferent unde v\u0103 afla\u021bi, pute\u021bi participa online la loto New York. Afla\u021bi mai multe despre cum s\u0103 juca\u021bi \u0219i s\u0103 c\u00e2\u0219tiga\u021bi aici.\" \/>\n<meta name=\"robots\" content=\"index, follow, max-snippet:-1, max-image-preview:large, max-video-preview:-1\" \/>\n<link rel=\"canonical\" href=\"https:\/\/jackpotlotteryonline.com\/ro\/cum-se-joaca\/joaca-la-loto-new-york-online\/\" \/>\n<meta property=\"og:locale\" content=\"ro_RO\" \/>\n<meta property=\"og:type\" content=\"article\" \/>\n<meta property=\"og:title\" content=\"Cum s\u0103 joci la loto New York de oriunde\" \/>\n<meta property=\"og:description\" content=\"Indiferent unde v\u0103 afla\u021bi, pute\u021bi participa online la loto New York. Afla\u021bi mai multe despre cum s\u0103 juca\u021bi \u0219i s\u0103 c\u00e2\u0219tiga\u021bi aici.\" \/>\n<meta property=\"og:url\" content=\"https:\/\/jackpotlotteryonline.com\/ro\/cum-se-joaca\/joaca-la-loto-new-york-online\/\" \/>\n<meta property=\"og:site_name\" content=\"Lotto Online - Crack The International Lottery Jackpots\" \/>\n<meta property=\"article:modified_time\" content=\"2023-01-03T10:25:46+00:00\" \/>\n<meta property=\"og:image\" content=\"http:\/\/jackpotlotteryonline.com\/wp-content\/uploads\/2022\/11\/lotto2-300x84-1.png\" \/>\n<meta name=\"twitter:card\" content=\"summary_large_image\" \/>\n<meta name=\"twitter:label1\" content=\"Timp estimat pentru citire\" \/>\n\t<meta name=\"twitter:data1\" content=\"7 minute\" \/>\n<!-- \/ Yoast SEO plugin. -->","yoast_head_json":{"title":"Cum s\u0103 joci la loto New York de oriunde","description":"Indiferent unde v\u0103 afla\u021bi, pute\u021bi participa online la loto New York. Afla\u021bi mai multe despre cum s\u0103 juca\u021bi \u0219i s\u0103 c\u00e2\u0219tiga\u021bi aici.","robots":{"index":"index","follow":"follow","max-snippet":"max-snippet:-1","max-image-preview":"max-image-preview:large","max-video-preview":"max-video-preview:-1"},"canonical":"https:\/\/jackpotlotteryonline.com\/ro\/cum-se-joaca\/joaca-la-loto-new-york-online\/","og_locale":"ro_RO","og_type":"article","og_title":"Cum s\u0103 joci la loto New York de oriunde","og_description":"Indiferent unde v\u0103 afla\u021bi, pute\u021bi participa online la loto New York. Afla\u021bi mai multe despre cum s\u0103 juca\u021bi \u0219i s\u0103 c\u00e2\u0219tiga\u021bi aici.","og_url":"https:\/\/jackpotlotteryonline.com\/ro\/cum-se-joaca\/joaca-la-loto-new-york-online\/","og_site_name":"Lotto Online - Crack The International Lottery Jackpots","article_modified_time":"2023-01-03T10:25:46+00:00","og_image":[{"url":"http:\/\/jackpotlotteryonline.com\/wp-content\/uploads\/2022\/11\/lotto2-300x84-1.png"}],"twitter_card":"summary_large_image","twitter_misc":{"Timp estimat pentru citire":"7 minute"},"schema":{"@context":"https:\/\/schema.org","@graph":[{"@type":"WebPage","@id":"https:\/\/jackpotlotteryonline.com\/ro\/cum-se-joaca\/joaca-la-loto-new-york-online\/","url":"https:\/\/jackpotlotteryonline.com\/ro\/cum-se-joaca\/joaca-la-loto-new-york-online\/","name":"Cum s\u0103 joci la loto New York de oriunde","isPartOf":{"@id":"https:\/\/jackpotlotteryonline.com\/#website"},"primaryImageOfPage":{"@id":"https:\/\/jackpotlotteryonline.com\/ro\/cum-se-joaca\/joaca-la-loto-new-york-online\/#primaryimage"},"image":{"@id":"https:\/\/jackpotlotteryonline.com\/ro\/cum-se-joaca\/joaca-la-loto-new-york-online\/#primaryimage"},"thumbnailUrl":"http:\/\/jackpotlotteryonline.com\/wp-content\/uploads\/2022\/11\/lotto2-300x84-1.png","datePublished":"2022-11-29T08:18:28+00:00","dateModified":"2023-01-03T10:25:46+00:00","description":"Indiferent unde v\u0103 afla\u021bi, pute\u021bi participa online la loto New York. Afla\u021bi mai multe despre cum s\u0103 juca\u021bi \u0219i s\u0103 c\u00e2\u0219tiga\u021bi aici.","breadcrumb":{"@id":"https:\/\/jackpotlotteryonline.com\/ro\/cum-se-joaca\/joaca-la-loto-new-york-online\/#breadcrumb"},"inLanguage":"ro-RO","potentialAction":[{"@type":"ReadAction","target":["https:\/\/jackpotlotteryonline.com\/ro\/cum-se-joaca\/joaca-la-loto-new-york-online\/"]}]},{"@type":"ImageObject","inLanguage":"ro-RO","@id":"https:\/\/jackpotlotteryonline.com\/ro\/cum-se-joaca\/joaca-la-loto-new-york-online\/#primaryimage","url":"http:\/\/jackpotlotteryonline.com\/wp-content\/uploads\/2022\/11\/lotto2-300x84-1.png","contentUrl":"http:\/\/jackpotlotteryonline.com\/wp-content\/uploads\/2022\/11\/lotto2-300x84-1.png"},{"@type":"BreadcrumbList","@id":"https:\/\/jackpotlotteryonline.com\/ro\/cum-se-joaca\/joaca-la-loto-new-york-online\/#breadcrumb","itemListElement":[{"@type":"ListItem","position":1,"name":"Home","item":"https:\/\/jackpotlotteryonline.com\/ro\/"},{"@type":"ListItem","position":2,"name":"Cum se joac\u0103","item":"https:\/\/jackpotlotteryonline.com\/ro\/cum-se-joaca\/"},{"@type":"ListItem","position":3,"name":"Joac\u0103 la loto New York online"}]},{"@type":"WebSite","@id":"https:\/\/jackpotlotteryonline.com\/#website","url":"https:\/\/jackpotlotteryonline.com\/","name":"Lotto Online - Crack The International Lottery Jackpots","description":"","potentialAction":[{"@type":"SearchAction","target":{"@type":"EntryPoint","urlTemplate":"https:\/\/jackpotlotteryonline.com\/?s={search_term_string}"},"query-input":"required name=search_term_string"}],"inLanguage":"ro-RO"}]}},"_links":{"self":[{"href":"https:\/\/jackpotlotteryonline.com\/ro\/wp-json\/wp\/v2\/pages\/39722","targetHints":{"allow":["GET"]}}],"collection":[{"href":"https:\/\/jackpotlotteryonline.com\/ro\/wp-json\/wp\/v2\/pages"}],"about":[{"href":"https:\/\/jackpotlotteryonline.com\/ro\/wp-json\/wp\/v2\/types\/page"}],"author":[{"embeddable":true,"href":"https:\/\/jackpotlotteryonline.com\/ro\/wp-json\/wp\/v2\/users\/1"}],"replies":[{"embeddable":true,"href":"https:\/\/jackpotlotteryonline.com\/ro\/wp-json\/wp\/v2\/comments?post=39722"}],"version-history":[{"count":0,"href":"https:\/\/jackpotlotteryonline.com\/ro\/wp-json\/wp\/v2\/pages\/39722\/revisions"}],"up":[{"embeddable":true,"href":"https:\/\/jackpotlotteryonline.com\/ro\/wp-json\/wp\/v2\/pages\/35714"}],"wp:attachment":[{"href":"https:\/\/jackpotlotteryonline.com\/ro\/wp-json\/wp\/v2\/media?parent=39722"}],"curies":[{"name":"wp","href":"https:\/\/api.w.org\/{rel}","templated":true}]}}