{"id":40326,"date":"2022-12-02T10:50:14","date_gmt":"2022-12-02T10:50:14","guid":{"rendered":"https:\/\/jackpotlotteryonline.com\/?page_id=40326"},"modified":"2022-12-19T15:05:40","modified_gmt":"2022-12-19T15:05:40","slug":"mega-millions","status":"publish","type":"page","link":"https:\/\/jackpotlotteryonline.com\/ro\/cumpara-bilete\/mega-millions\/","title":{"rendered":"Bilete Mega Millions"},"content":{"rendered":"<h2>Cum po\u021bi cump\u0103ra un bilet Mega Millions online?<\/h2>\n<p>Dac\u0103 citi\u021bi aceste r\u00e2nduri, probabil c\u0103 sunte\u021bi interesat s\u0103 cump\u0103ra\u021bi un bilet Mega Millions. Mega Millions este una dintre multele loterii care ofer\u0103 c\u00e2\u0219tiguri mari c\u00e2\u0219tig\u0103torilor lor. Probabil c\u0103 v\u0103 \u00eentreba\u021bi acum: &#8220;Cum pot cump\u0103ra biletul Mega Millions online?&#8221;.<\/p>\n<p>Ei bine, noi te-am acoperit. Iat\u0103 un ghid care v\u0103 va ajuta s\u0103 cump\u0103ra\u021bi un bilet Mega Millions online.<\/p>\n<h2>De ce s\u0103 cumperi bilete Mega Millions online?<\/h2>\n<p><img loading=\"lazy\" decoding=\"async\" class=\"alignright size-full wp-image-31073\" src=\"http:\/\/jackpotlotteryonline.com\/wp-content\/uploads\/2022\/11\/logo_Mega_Millions_233x110.png\" alt=\"cump\u0103ra\u021bi bilete mega millions online\" width=\"232\" height=\"110\" \/>Mega Million este o loterie cu sediul \u00een SUA, cu jackpoturi mari, care schimb\u0103 vie\u021bi \u0219i care ajung adesea la sute de milioane de lire sterline. C\u00e2\u0219tigarea acestui jackpot \u021bi-ar putea schimba via\u021ba peste noapte, dar numai dac\u0103 e\u0219ti suficient de norocos pentru a avea toate numerele c\u00e2\u0219tig\u0103toare potrivite corect.<\/p>\n<p>Dac\u0103 inten\u021biona\u021bi s\u0103<a href=\"https:\/\/jackpotlotteryonline.com\/ro\/cum-se-joaca\/mega-millions\"> juca\u021bi la aceast\u0103 loterie online<\/a>, \u00eenseamn\u0103 c\u0103 noi vom cump\u0103ra biletele \u00een numele dvs. prin intermediul agen\u021bilor no\u0219tri locali de v\u00e2nzare cu am\u0103nuntul. Suntem un furnizor de servicii de concierge de \u00eencredere care ofer\u0103 aceste servicii pentru clien\u021bii no\u0219tri din \u00eentreaga lume. Ne asigur\u0103m c\u0103 clien\u021bii no\u0219tri primesc cele mai bune servicii, a\u0219a c\u0103 de ce s\u0103 nu cump\u0103ra\u021bi cu noi?<\/p>\n<p>Deoarece Mega Millions este un jackpot uria\u0219 \u0219i mul\u021bi oameni particip\u0103 la el, \u0219ansele de c\u00e2\u0219tig sunt destul de mari, iar majoritatea oamenilor caut\u0103 metode pe care le pot folosi pentru a-\u0219i \u00eembun\u0103t\u0103\u021bi \u0219ansele de c\u00e2\u0219tig la acest jackpot.<\/p>\n<p>O modalitate de a v\u0103 \u00eembun\u0103t\u0103\u021bi \u0219ansele este s\u0103 v\u0103 cump\u0103ra\u021bi biletul Mega Millions online. Pute\u021bi face acest lucru pe site-ul nostru, prin simpla comand\u0103 a unui bilet de oriunde din lume, iar o scanare a biletului Mega Millions va fi disponibil\u0103 \u00een contul dumneavoastr\u0103. Atunci c\u00e2nd v\u0103 cump\u0103ra\u021bi biletul Mega Millions online, nu trebuie s\u0103 v\u0103 face\u021bi griji cu privire la pierderea sau furtul biletului, deoarece detaliile biletului dvs. vor fi stocate \u00een siguran\u021b\u0103.<\/p>\n<p>De asemenea, cump\u0103rarea online a unui bilet Mega Millions este mai convenabil\u0103 dec\u00e2t mersul la magazinul fizic, deoarece pute\u021bi face comanda din confortul casei dvs. de oriunde din lume. Ve\u021bi participa la aceast\u0103 loterie Mega Millions la fel ca un rezident al SUA, \u00een timp ce a\u0219tepta\u021bi extragerile.<\/p>\n<p>Procesul de cump\u0103rare online a biletelor Mega Millions<\/p>\n<p>\u00cenainte de a v\u0103 cump\u0103ra biletul Mega Millions de la noi, trebuie s\u0103 \u0219ti\u021bi c\u0103 vom ac\u021biona ca intermediar \u00eentre dumneavoastr\u0103 \u0219i loterie, permi\u021b\u00e2ndu-v\u0103 s\u0103 juca\u021bi \u0219i s\u0103 cump\u0103ra\u021bi bilete online f\u0103r\u0103 a fi nevoie s\u0103 vizita\u021bi vreodat\u0103 un magazin fizic de loterie.<\/p>\n<p>Sunte\u021bi gata s\u0103 v\u0103 cump\u0103ra\u021bi biletul Mega Millions online? Dac\u0103 da, mai jos g\u0103si\u021bi c\u00e2\u021biva pa\u0219i de urmat pentru ca achizi\u021bia biletului dvs. s\u0103 fie un succes.<\/p>\n<p><strong>1. Crea\u021bi un cont.<\/strong><br \/>\nDac\u0103 sunte\u021bi nou, ve\u021bi fi direc\u021bionat c\u0103tre pagina de \u00eenregistrare, unde ve\u021bi furniza detaliile necesare. Dup\u0103 ce v-a\u021bi creat cu succes contul de juc\u0103tor, merge\u021bi pe pagina loteriei Mega Millions \u0219i face\u021bi urm\u0103toarele:<\/p>\n<p>Selecta\u021bi numerele cu care dori\u021bi s\u0103 juca\u021bi. Pute\u021bi face acest lucru manual sau pute\u021bi folosi generatorul nostru de numere aleatorii pentru a selecta numerele la \u00eent\u00e2mplare.<\/p>\n<p>Apoi, selecta\u021bi num\u0103rul de extrageri la care dori\u021bi s\u0103 participa\u021bi. Pute\u021bi selecta fie o singur\u0103 extragere, fie pute\u021bi achizi\u021biona bilete pentru mai multe extrageri. Participarea la mai multe extrageri v\u0103 cre\u0219te \u0219ansele de a c\u00e2\u0219tiga jackpotul Mega Millions.<\/p>\n<p><strong>2. Face\u021bi clic pe butonul &#8220;Continuare&#8221; \u0219i merge\u021bi la pagina de plat\u0103.<\/strong><\/p>\n<p><strong>3. Metode de plat\u0103<\/strong><\/p>\n<p>Merge\u021bi la pagina de plat\u0103 \u0219i pl\u0103ti\u021bi pentru bilete. O scanare a biletului Mega Millions va fi \u00eenc\u0103rcat\u0103 \u00een contul dvs. dup\u0103 un timp.<\/p>\n<p><strong>4. Tot ce trebuie s\u0103 face\u021bi acum este s\u0103 a\u0219tepta\u021bi extragerile care au loc \u00een fiecare mar\u021bi \u0219i vineri la ora 23:00.<\/strong> Fusurile orare pot fi diferite, a\u0219a c\u0103 v\u0103 sf\u0103tuim s\u0103 confirma\u021bi fusul orar \u00een timp ce a\u0219tepta\u021bi <a href=\"https:\/\/jackpotlotteryonline.com\/ro\/numere-castigatoare\/mega-millions\">extragerile<\/a>.<\/p>\n<h2>Ce se \u00eent\u00e2mpl\u0103 dup\u0103 ce am c\u00e2\u0219tigat jackpotul Mega Millions?<\/h2>\n<p>Dac\u0103 a\u021bi nimerit corect toate numerele, poate v\u0103 \u00eentreba\u021bi ce trebuie s\u0103 face\u021bi \u00een continuare sau cum v\u0103 ve\u021bi primi premiul. Ve\u021bi primi toate c\u00e2\u0219tigurile \u0219i nu va trebui s\u0103 c\u0103l\u0103tori\u021bi \u00een SUA pentru a v\u0103 revendica premiul Mega Millions. S\u0103 \u0219ti\u021bi doar c\u0103 scanarea biletului dvs. va servi drept dovad\u0103 de participare, a\u0219a c\u0103 p\u0103stra\u021bi-l \u00een siguran\u021b\u0103; ve\u021bi avea nevoie de el.<\/p>\n<section class=\"layout\" style=\"border: solid 1px; width: 100%;\">\n<div class=\"img-div\" style=\"margin-top: 5px;\"><img decoding=\"async\" class=\"wp-image-17212 alignleft\" style=\"height: 45px; margin: 8px 8px 0px;\" src=\"http:\/\/jackpotlotteryonline.com\/wp-content\/uploads\/2022\/11\/read1.jpg\" alt=\"recompensarea c\u00e2\u0219tig\u0103torului\" width=\"\" height=\"\" \/><\/div>\n<div style=\"padding-left: 5px;\">\n<div style=\"font-size: 1.1em;\">\n<p><strong>Cum sunt pl\u0103tit dac\u0103 c\u00e2\u0219tig la loteria online?<\/strong><\/p>\n<p style=\"font-size: 0.85em; margin-top: -1.5em;\">Iat\u0103 cum v\u0103 primi\u021bi banii dac\u0103 c\u00e2\u0219tiga\u021bi la loteria online<a href=\"https:\/\/jackpotlotteryonline.com\/ro\/cum-sunt-platit-daca-vin-la-loterie-online\">cite\u0219te mai mult<\/a><\/p>\n<\/div>\n<\/div>\n<\/section>\n<h2>Sfaturi pentru a v\u0103 ajuta s\u0103 pleca\u021bi cu un jackpot Mega Millions<\/h2>\n<p>Dac\u0103 pl\u0103nui\u021bi s\u0103 juca\u021bi la loteria Mega Millions \u0219i s\u0103 c\u00e2\u0219tiga\u021bi jackpotul, exist\u0103 c\u00e2teva lucruri pe care ar trebui s\u0103 le lua\u021bi \u00een considerare pentru a v\u0103 cre\u0219te \u0219ansele de c\u00e2\u0219tig.<\/p>\n<p>\u00cen primul r\u00e2nd, pentru \u00eenceput, alege\u021bi cu aten\u021bie numerele. Nu selecta\u021bi numere care sunt prea comune; \u00een schimb, lua\u021bi \u00een considerare fie folosirea numerelor dvs. norocoase, fie alegerea numerelor la \u00eent\u00e2mplare. Asigura\u021bi-v\u0103 c\u0103 acestea sunt repartizate uniform pentru a evita selectarea acelora\u0219i numere ca \u0219i ceilal\u021bi juc\u0103tori.<\/p>\n<p>\u00cen al doilea r\u00e2nd, compara\u021bi cele mai recente numere c\u00e2\u0219tig\u0103toare \u0219i studia\u021bi modelele de numere. Elimina\u021bi numerele care au fost extrase recent din cele pe care le-a\u021bi selectat.<\/p>\n<p>De asemenea, studia\u021bi modelul celor mai frecvente numere c\u00e2\u0219tig\u0103toare \u0219i eticheta\u021bi-le ca fiind cele cu cea mai mare frecven\u021b\u0103 de c\u00e2\u0219tig. Dup\u0103 ce le observa\u021bi, distribui\u021bi unele dintre ele \u00een func\u021bie de numerele pe care le-a\u021bi ales.<\/p>\n<p>\u00cen cele din urm\u0103, ave\u021bi op\u021biunea de a juca la loteria Mega Millions \u00een cadrul unui sindicat. Acest lucru este ca \u0219i cum a\u021bi cump\u0103ra bilete \u00een grup, iar toate c\u00e2\u0219tigurile vor fi \u00eemp\u0103r\u021bite \u00een mod egal \u00eentre to\u021bi juc\u0103torii care au participat. Aceasta este o metod\u0103 excelent\u0103 pentru a v\u0103 \u00eembun\u0103t\u0103\u021bi \u0219ansele de a c\u00e2\u0219tiga jackpot-ul.<\/p>\n<p>Dac\u0103 joci la Mega Millions \u021bin\u00e2nd cont de sfaturile de mai sus, cine \u0219tie? S-ar putea s\u0103 fi\u021bi urm\u0103torul c\u00e2\u0219tig\u0103tor care va pune m\u00e2na pe jackpot. \u00cencearc\u0103-\u021bi norocul ast\u0103zi!<\/p>\n<h2>Concluzie<\/h2>\n<p><img loading=\"lazy\" decoding=\"async\" class=\"alignright size-full wp-image-34025\" src=\"http:\/\/jackpotlotteryonline.com\/wp-content\/uploads\/2022\/11\/2_ticket_mega_millions3-1.jpg\" alt=\"cump\u0103ra\u021bi bilete mega millions online\" width=\"180\" height=\"193\" \/>Dac\u0103 nu sunte\u021bi rezident al SUA \u0219i spera\u021bi s\u0103 pune\u021bi m\u00e2na pe jackpotul Mega Millions, atunci cea mai bun\u0103 op\u021biune este s\u0103 cump\u0103ra\u021bi biletul Mega Millions online. Pute\u021bi participa la aceast\u0103 loterie din orice \u021bar\u0103 din lume. A\u0219adar, ce mai a\u0219tep\u021bi? Cump\u0103ra\u021bi-v\u0103 biletele ast\u0103zi \u0219i ave\u021bi \u0219ansa de a fi un c\u00e2\u0219tig\u0103tor norocos al jackpotului.<\/p>\n<p>Pentru mai multe informa\u021bii despre aceast\u0103 loterie, v\u0103 rug\u0103m s\u0103 vizita\u021bi pagina noastr\u0103 de \u00eentreb\u0103ri frecvente sau s\u0103 ne trimite\u021bi \u00eentrebarea dumneavoastr\u0103, iar echipa noastr\u0103 de asisten\u021b\u0103 pentru clien\u021bi v\u0103 va r\u0103spunde cu informa\u021biile corespunz\u0103toare. \u00centre timp, pute\u021bi explora \u0219i alte loterii disponibile pe site-ul nostru, iar dac\u0103 sunte\u021bi interesat, ap\u0103sa\u021bi butonul de joc \u0219i c\u00e2\u0219tiga\u021bi \u0219i la alte loterii.<\/p>\n","protected":false},"excerpt":{"rendered":"<p>Cum po\u021bi cump\u0103ra un bilet Mega Millions online? Dac\u0103 citi\u021bi aceste r\u00e2nduri, probabil c\u0103 sunte\u021bi interesat s\u0103 cump\u0103ra\u021bi un bilet Mega Millions. Mega Millions este una dintre multele loterii care ofer\u0103 c\u00e2\u0219tiguri mari c\u00e2\u0219tig\u0103torilor lor. Probabil c\u0103 v\u0103 \u00eentreba\u021bi acum: &#8220;Cum pot cump\u0103ra biletul Mega Millions online?&#8221;. Ei bine, noi te-am acoperit. Iat\u0103 un ghid [&hellip;]<\/p>\n","protected":false},"author":1,"featured_media":0,"parent":35774,"menu_order":1,"comment_status":"closed","ping_status":"closed","template":"megamillion.php","meta":{"_et_pb_use_builder":"","_et_pb_old_content":"","_et_gb_content_width":"","exclude_from_search":false,"footnotes":""},"class_list":["post-40326","page","type-page","status-publish","hentry"],"yoast_head":"<!-- This site is optimized with the Yoast SEO plugin v23.3 - https:\/\/yoast.com\/wordpress\/plugins\/seo\/ -->\n<title>Cump\u0103ra\u021bi bilete Mega Millions online | Bilete pentru Mega Millions din afara SUA<\/title>\n<meta name=\"description\" content=\"Dac\u0103 locui\u021bi \u00een afara SUA, pute\u021bi cump\u0103ra \u00een continuare bilete la Mega Millions online, chiar aici. Noi cump\u0103r\u0103m bilete Mega Millions reale pentru dvs. \u0219i le scan\u0103m\" \/>\n<meta name=\"robots\" content=\"index, follow, max-snippet:-1, max-image-preview:large, max-video-preview:-1\" \/>\n<link rel=\"canonical\" href=\"https:\/\/jackpotlotteryonline.com\/ro\/cumpara-bilete\/mega-millions\/\" \/>\n<meta property=\"og:locale\" content=\"ro_RO\" \/>\n<meta property=\"og:type\" content=\"article\" \/>\n<meta property=\"og:title\" content=\"Cump\u0103ra\u021bi bilete Mega Millions online | Bilete pentru Mega Millions din afara SUA\" \/>\n<meta property=\"og:description\" content=\"Dac\u0103 locui\u021bi \u00een afara SUA, pute\u021bi cump\u0103ra \u00een continuare bilete la Mega Millions online, chiar aici. Noi cump\u0103r\u0103m bilete Mega Millions reale pentru dvs. \u0219i le scan\u0103m\" \/>\n<meta property=\"og:url\" content=\"https:\/\/jackpotlotteryonline.com\/ro\/cumpara-bilete\/mega-millions\/\" \/>\n<meta property=\"og:site_name\" content=\"Lotto Online - Crack The International Lottery Jackpots\" \/>\n<meta property=\"article:modified_time\" content=\"2022-12-19T15:05:40+00:00\" \/>\n<meta property=\"og:image\" content=\"http:\/\/jackpotlotteryonline.com\/wp-content\/uploads\/2022\/11\/logo_Mega_Millions_233x110.png\" \/>\n<meta name=\"twitter:card\" content=\"summary_large_image\" \/>\n<meta name=\"twitter:label1\" content=\"Timp estimat pentru citire\" \/>\n\t<meta name=\"twitter:data1\" content=\"6 minute\" \/>\n<!-- \/ Yoast SEO plugin. -->","yoast_head_json":{"title":"Cump\u0103ra\u021bi bilete Mega Millions online | Bilete pentru Mega Millions din afara SUA","description":"Dac\u0103 locui\u021bi \u00een afara SUA, pute\u021bi cump\u0103ra \u00een continuare bilete la Mega Millions online, chiar aici. Noi cump\u0103r\u0103m bilete Mega Millions reale pentru dvs. \u0219i le scan\u0103m","robots":{"index":"index","follow":"follow","max-snippet":"max-snippet:-1","max-image-preview":"max-image-preview:large","max-video-preview":"max-video-preview:-1"},"canonical":"https:\/\/jackpotlotteryonline.com\/ro\/cumpara-bilete\/mega-millions\/","og_locale":"ro_RO","og_type":"article","og_title":"Cump\u0103ra\u021bi bilete Mega Millions online | Bilete pentru Mega Millions din afara SUA","og_description":"Dac\u0103 locui\u021bi \u00een afara SUA, pute\u021bi cump\u0103ra \u00een continuare bilete la Mega Millions online, chiar aici. Noi cump\u0103r\u0103m bilete Mega Millions reale pentru dvs. \u0219i le scan\u0103m","og_url":"https:\/\/jackpotlotteryonline.com\/ro\/cumpara-bilete\/mega-millions\/","og_site_name":"Lotto Online - Crack The International Lottery Jackpots","article_modified_time":"2022-12-19T15:05:40+00:00","og_image":[{"url":"http:\/\/jackpotlotteryonline.com\/wp-content\/uploads\/2022\/11\/logo_Mega_Millions_233x110.png"}],"twitter_card":"summary_large_image","twitter_misc":{"Timp estimat pentru citire":"6 minute"},"schema":{"@context":"https:\/\/schema.org","@graph":[{"@type":"WebPage","@id":"https:\/\/jackpotlotteryonline.com\/ro\/cumpara-bilete\/mega-millions\/","url":"https:\/\/jackpotlotteryonline.com\/ro\/cumpara-bilete\/mega-millions\/","name":"Cump\u0103ra\u021bi bilete Mega Millions online | Bilete pentru Mega Millions din afara SUA","isPartOf":{"@id":"https:\/\/jackpotlotteryonline.com\/#website"},"primaryImageOfPage":{"@id":"https:\/\/jackpotlotteryonline.com\/ro\/cumpara-bilete\/mega-millions\/#primaryimage"},"image":{"@id":"https:\/\/jackpotlotteryonline.com\/ro\/cumpara-bilete\/mega-millions\/#primaryimage"},"thumbnailUrl":"http:\/\/jackpotlotteryonline.com\/wp-content\/uploads\/2022\/11\/logo_Mega_Millions_233x110.png","datePublished":"2022-12-02T10:50:14+00:00","dateModified":"2022-12-19T15:05:40+00:00","description":"Dac\u0103 locui\u021bi \u00een afara SUA, pute\u021bi cump\u0103ra \u00een continuare bilete la Mega Millions online, chiar aici. Noi cump\u0103r\u0103m bilete Mega Millions reale pentru dvs. \u0219i le scan\u0103m","breadcrumb":{"@id":"https:\/\/jackpotlotteryonline.com\/ro\/cumpara-bilete\/mega-millions\/#breadcrumb"},"inLanguage":"ro-RO","potentialAction":[{"@type":"ReadAction","target":["https:\/\/jackpotlotteryonline.com\/ro\/cumpara-bilete\/mega-millions\/"]}]},{"@type":"ImageObject","inLanguage":"ro-RO","@id":"https:\/\/jackpotlotteryonline.com\/ro\/cumpara-bilete\/mega-millions\/#primaryimage","url":"http:\/\/jackpotlotteryonline.com\/wp-content\/uploads\/2022\/11\/logo_Mega_Millions_233x110.png","contentUrl":"http:\/\/jackpotlotteryonline.com\/wp-content\/uploads\/2022\/11\/logo_Mega_Millions_233x110.png"},{"@type":"BreadcrumbList","@id":"https:\/\/jackpotlotteryonline.com\/ro\/cumpara-bilete\/mega-millions\/#breadcrumb","itemListElement":[{"@type":"ListItem","position":1,"name":"Home","item":"https:\/\/jackpotlotteryonline.com\/ro\/"},{"@type":"ListItem","position":2,"name":"Cum s\u0103 cump\u0103ra\u021bi bilete de loterie online","item":"https:\/\/jackpotlotteryonline.com\/buy-tickets\/"},{"@type":"ListItem","position":3,"name":"Bilete Mega Millions"}]},{"@type":"WebSite","@id":"https:\/\/jackpotlotteryonline.com\/#website","url":"https:\/\/jackpotlotteryonline.com\/","name":"Lotto Online - Crack The International Lottery Jackpots","description":"","potentialAction":[{"@type":"SearchAction","target":{"@type":"EntryPoint","urlTemplate":"https:\/\/jackpotlotteryonline.com\/?s={search_term_string}"},"query-input":"required name=search_term_string"}],"inLanguage":"ro-RO"}]}},"_links":{"self":[{"href":"https:\/\/jackpotlotteryonline.com\/ro\/wp-json\/wp\/v2\/pages\/40326","targetHints":{"allow":["GET"]}}],"collection":[{"href":"https:\/\/jackpotlotteryonline.com\/ro\/wp-json\/wp\/v2\/pages"}],"about":[{"href":"https:\/\/jackpotlotteryonline.com\/ro\/wp-json\/wp\/v2\/types\/page"}],"author":[{"embeddable":true,"href":"https:\/\/jackpotlotteryonline.com\/ro\/wp-json\/wp\/v2\/users\/1"}],"replies":[{"embeddable":true,"href":"https:\/\/jackpotlotteryonline.com\/ro\/wp-json\/wp\/v2\/comments?post=40326"}],"version-history":[{"count":0,"href":"https:\/\/jackpotlotteryonline.com\/ro\/wp-json\/wp\/v2\/pages\/40326\/revisions"}],"up":[{"embeddable":true,"href":"https:\/\/jackpotlotteryonline.com\/ro\/wp-json\/wp\/v2\/pages\/35774"}],"wp:attachment":[{"href":"https:\/\/jackpotlotteryonline.com\/ro\/wp-json\/wp\/v2\/media?parent=40326"}],"curies":[{"name":"wp","href":"https:\/\/api.w.org\/{rel}","templated":true}]}}