{"id":40378,"date":"2022-12-02T14:24:26","date_gmt":"2022-12-02T14:24:26","guid":{"rendered":"https:\/\/jackpotlotteryonline.com\/?page_id=40378"},"modified":"2023-01-01T14:35:42","modified_gmt":"2023-01-01T14:35:42","slug":"oz-lotto","status":"publish","type":"page","link":"https:\/\/jackpotlotteryonline.com\/ro\/cum-se-joaca\/oz-lotto\/","title":{"rendered":"Joaca Oz Lotto online"},"content":{"rendered":"<h2>Despre Oz Lotto<\/h2>\n<p>Oz Lottery este o loterie australian\u0103 care a fost introdus\u0103 \u00een 1994 \u0219i gestionat\u0103 de un grup numit Tatts group. Oz Lotto a crescut \u00een popularitate at\u00e2t \u00een Australia, c\u00e2t \u0219i \u00een Noua Zeeland\u0103, devenind cel mai mare joc de loterie din Australia. <a href=\"https:\/\/jackpotlotteryonline.com\/ro\/numere-castigatoare\/oz-lotto\">Extragerile Oz Lotto<\/a> au loc \u00een fiecare miercuri \u0219i vineri.<\/p>\n<p>Mai jos g\u0103si\u021bi un ghid care v\u0103 ajut\u0103 s\u0103 juca\u021bi Oz Lotto online de oriunde din lume.<\/p>\n<h2>Cum s\u0103 juca\u021bi Oz Lotto online<\/h2>\n<p><img loading=\"lazy\" decoding=\"async\" class=\"alignright size-full wp-image-29777\" src=\"https:\/\/jackpotlotteryonline.com\/wp-content\/uploads\/2022\/11\/1_ticket_online_buying.jpg\" alt=\"juca\u021bi Oz Loto online\" width=\"300\" height=\"203\" \/>Dac\u0103 sunte\u021bi \u00een c\u0103utarea unei loterii interesante \u0219i palpitante la care s\u0103 participa\u021bi, trebuie s\u0103 verifica\u021bi Oz Lotto din Australia. Oferim juc\u0103torilor posibilitatea de a juca la loterii interna\u021bionale online, oferind servicii de concierge. Tot ce ave\u021bi nevoie pentru a juca Oz Lotto online este un computer \u0219i o conexiune la internet.<\/p>\n<p>Pentru a juca la Oz Lotto online, pur \u0219i simplu alege\u021bi \u0219apte numere principale dintr-un interval de la 1 la 47. Alte trei numere, cunoscute sub numele de numere suplimentare, sunt alese \u00een timpul extragerii. V\u0103 pute\u021bi alege numerele folosind generatorul nostru de numere aleatorii sau le pute\u021bi selecta manual. Apoi selecta\u021bi num\u0103rul de extrageri la care dori\u021bi s\u0103 participa\u021bi. Merge\u021bi la casa de marcat \u0219i <a href=\"https:\/\/jackpotlotteryonline.com\/ro\/cumpara-bilete\/oz-lotto\">pl\u0103ti\u021bi pentru bilete<\/a>, apoi a\u0219tepta\u021bi extragerea.<\/p>\n<h2>Ce sunt numerele suplimentare \u0219i cum sunt folosite?<\/h2>\n<p>Numerele suplimentare sunt considerate &#8220;bile bonus&#8221; \u00een timpul extragerilor Oz Lotto. \u00cen timpul extragerii, zece numere c\u00e2\u0219tig\u0103toare sunt selectate aleatoriu, iar primele \u0219apte sunt etichetate ca fiind numerele principale pentru c\u00e2\u0219tig\u0103torul jackpot-ului. Nivelele 2, 4 \u0219i 7 sunt determinate de cele trei &#8220;numere suplimentare&#8221; r\u0103mase.<\/p>\n<h2>Nivele de premii Oz Lotto<\/h2>\n<p>Loteria australian\u0103 Oz Lotto are un total de \u0219apte niveluri de premii. Acestea sunt dup\u0103 cum urmeaz\u0103:<\/p>\n<ul>\n<li>Nivelul 1: Jackpot: \u0219apte numere potrivite<\/li>\n<li>Nivelul 2: \u0218ase numere potrivite + num\u0103r suplimentar<\/li>\n<li>Nivelul 3: \u0218ase numere potrivite<\/li>\n<li>Nivelul 4: Cinci numere potrivite + num\u0103r suplimentar<\/li>\n<li>Nivelul 5: Cinci numere potrivite<\/li>\n<li>Nivelul 6: Patru numere potrivite<\/li>\n<li>Nivelul 7: Trei numere potrivite + num\u0103r suplimentar<\/li>\n<\/ul>\n<h2>Trebuie s\u0103 fiu \u00een Australia pentru a juca la Oz Lotto?<\/h2>\n<p>Nu, nu trebuie s\u0103 fi\u021bi rezident \u00een Australia pentru a participa la aceast\u0103 loterie. Tot ce trebuie s\u0103 face\u021bi este s\u0103 vizita\u021bi jackpotlotteryonline.com pentru a v\u0103 \u00eendeplini visul de a juca la loteriile interna\u021bionale. Noi oferim servicii de loterie clien\u021bilor no\u0219tri, astfel \u00eenc\u00e2t s\u0103 achizi\u021bion\u0103m bilete fizice prin intermediul agen\u021bilor no\u0219tri de loto de \u00eencredere. Biletul fizic va fi stocat \u00een siguran\u021b\u0103, \u00een timp ce o scanare a acestuia va fi \u00eenc\u0103rcat\u0103 \u00een contul juc\u0103torului. Toate acestea vor fi f\u0103cute pentru dumneavoastr\u0103, iar ceea ce r\u0103m\u00e2ne este s\u0103 a\u0219tepta\u021bi ziua extragerii.<\/p>\n<p>A\u0219adar, nu trebuie s\u0103 v\u0103 face\u021bi griji c\u0103 nu ve\u021bi putea participa la Oz Lotto. Ve\u021bi juca la aceast\u0103 loterie exact ca un rezident al Australiei. S\u0103 joci la Oz Lotto este at\u00e2t de simplu. \u00cencerca\u021bi-v\u0103 norocul ast\u0103zi!<\/p>\n<h2>C\u00e2\u0219tigarea la Oz Lotto<\/h2>\n<p>Pentru a c\u00e2\u0219tiga premiul jackpot Oz Lotto, un juc\u0103tor trebuie s\u0103 potriveasc\u0103 \u0219apte numere din totalul de 47. Acest jackpot \u00eencepe de la 10 milioane de dolari \u0219i cre\u0219te adesea p\u00e2n\u0103 c\u00e2nd este c\u00e2\u0219tigat. \u00cen plus fa\u021b\u0103 de premiul jackpot principal, opt diviziuni de premii mai mici sunt c\u00e2\u0219tigate de juc\u0103torii care potrivesc corect patru sau cinci numere pentru acea extragere.<\/p>\n<section class=\"layout\" style=\"border: solid 1px; width: 100%;\">\n<div class=\"img-div\" style=\"margin-top: 5px;\"><img decoding=\"async\" class=\"wp-image-17212 alignleft\" style=\"height: 45px; margin: 8px 8px 0px;\" src=\"https:\/\/jackpotlotteryonline.com\/wp-content\/uploads\/2022\/11\/read1.jpg\" alt=\"Cite\u0219te \" width=\"\" height=\"\" \/><\/div>\n<div style=\"padding-left: 5px;\">\n<div style=\"font-size: 1.1em;\">\n<p><strong>Jackpoturi istorice, recorduri la lotop<\/strong><\/p>\n<p style=\"font-size: 0.85em; margin-top: -1.5em;\">Cele mai mari jackpoturi loto din istorie v\u0103 vor face s\u0103 v\u0103 da\u021bi peste cap <a>cite\u0219te mai mult<\/a><\/p>\n<\/div>\n<\/div>\n<\/section>\n<h2>Care sunt \u0219ansele de a c\u00e2\u0219tiga la Australian Oz Lotto?<\/h2>\n<p><img loading=\"lazy\" decoding=\"async\" class=\"alignright wp-image-28697 size-medium\" src=\"https:\/\/jackpotlotteryonline.com\/wp-content\/uploads\/2022\/11\/1_online_lotto_winners-300x200.jpg\" alt=\"juca\u021bi la Oz Loto online\" width=\"300\" height=\"200\" srcset=\"https:\/\/jackpotlotteryonline.com\/wp-content\/uploads\/2022\/11\/1_online_lotto_winners-300x200.jpg 300w, https:\/\/jackpotlotteryonline.com\/wp-content\/uploads\/2022\/11\/1_online_lotto_winners.jpg 320w\" sizes=\"auto, (max-width: 300px) 100vw, 300px\" \/>Oz Lotto a c\u00e2\u0219tigat popularitate \u0219i a f\u0103cut mul\u021bi juc\u0103tori c\u00e2\u0219tig\u0103tori, ceea ce a f\u0103cut ca, \u00een acela\u0219i timp, \u0219ansele de a c\u00e2\u0219tiga \u00een oricare dintre nivelurile de premii s\u0103 fie destul de mari.<\/p>\n<p>\u0218ansele de a potrivi \u0219apte numere \u0219i de a c\u00e2\u0219tiga premiul cel mare sunt de 1 la 62.891.499, ceea ce este aproape imposibil. Dar partea bun\u0103 a loteriilor este c\u0103 jocul \u021bine de noroc, nu \u0219tii niciodat\u0103 dac\u0103 vei deveni c\u00e2\u0219tig\u0103tor, iar acest lucru este ceea ce face ca participarea la loterii s\u0103 fie palpitant\u0103.<\/p>\n<p>\u0218ansa general\u0103 de a c\u00e2\u0219tiga oricare dintre cele \u0219apte premii este de 1 la 51.<\/p>\n<p>Pentru mai multe informa\u021bii despre Oz Lotto, nu ezita\u021bi s\u0103 vizita\u021bi pagina noastr\u0103 de \u00eentreb\u0103ri frecvente sau vizita\u021bi site-ul oficial al loteriei.<\/p>\n<p>\u00cenregistra\u021bi-v\u0103 un cont ast\u0103zi \u0219i ave\u021bi \u0219ansa de a participa la aceast\u0103 loterie de oriunde din lume.<\/p>\n","protected":false},"excerpt":{"rendered":"<p>Despre Oz Lotto Oz Lottery este o loterie australian\u0103 care a fost introdus\u0103 \u00een 1994 \u0219i gestionat\u0103 de un grup numit Tatts group. Oz Lotto a crescut \u00een popularitate at\u00e2t \u00een Australia, c\u00e2t \u0219i \u00een Noua Zeeland\u0103, devenind cel mai mare joc de loterie din Australia. Extragerile Oz Lotto au loc \u00een fiecare miercuri \u0219i [&hellip;]<\/p>\n","protected":false},"author":1,"featured_media":0,"parent":35714,"menu_order":16,"comment_status":"closed","ping_status":"closed","template":"","meta":{"_et_pb_use_builder":"","_et_pb_old_content":"","_et_gb_content_width":"","exclude_from_search":false,"footnotes":""},"class_list":["post-40378","page","type-page","status-publish","hentry"],"yoast_head":"<!-- This site is optimized with the Yoast SEO plugin v23.3 - https:\/\/yoast.com\/wordpress\/plugins\/seo\/ -->\n<title>Joac\u0103 Oz Lotto online din afara Australiei<\/title>\n<meta name=\"description\" content=\"Acum pute\u021bi juca Oz Lotto online, nu doar dac\u0103 v\u0103 afla\u021bi \u00een Australia - pute\u021bi juca la loteria Oz de oriunde din lume\" \/>\n<meta name=\"robots\" content=\"index, follow, max-snippet:-1, max-image-preview:large, max-video-preview:-1\" \/>\n<link rel=\"canonical\" href=\"https:\/\/jackpotlotteryonline.com\/ro\/cum-se-joaca\/oz-lotto\/\" \/>\n<meta property=\"og:locale\" content=\"ro_RO\" \/>\n<meta property=\"og:type\" content=\"article\" \/>\n<meta property=\"og:title\" content=\"Joac\u0103 Oz Lotto online din afara Australiei\" \/>\n<meta property=\"og:description\" content=\"Acum pute\u021bi juca Oz Lotto online, nu doar dac\u0103 v\u0103 afla\u021bi \u00een Australia - pute\u021bi juca la loteria Oz de oriunde din lume\" \/>\n<meta property=\"og:url\" content=\"https:\/\/jackpotlotteryonline.com\/ro\/cum-se-joaca\/oz-lotto\/\" \/>\n<meta property=\"og:site_name\" content=\"Lotto Online - Crack The International Lottery Jackpots\" \/>\n<meta property=\"article:modified_time\" content=\"2023-01-01T14:35:42+00:00\" \/>\n<meta property=\"og:image\" content=\"https:\/\/jackpotlotteryonline.com\/wp-content\/uploads\/2022\/11\/1_ticket_online_buying.jpg\" \/>\n<meta name=\"twitter:card\" content=\"summary_large_image\" \/>\n<meta name=\"twitter:label1\" content=\"Timp estimat pentru citire\" \/>\n\t<meta name=\"twitter:data1\" content=\"4 minute\" \/>\n<!-- \/ Yoast SEO plugin. -->","yoast_head_json":{"title":"Joac\u0103 Oz Lotto online din afara Australiei","description":"Acum pute\u021bi juca Oz Lotto online, nu doar dac\u0103 v\u0103 afla\u021bi \u00een Australia - pute\u021bi juca la loteria Oz de oriunde din lume","robots":{"index":"index","follow":"follow","max-snippet":"max-snippet:-1","max-image-preview":"max-image-preview:large","max-video-preview":"max-video-preview:-1"},"canonical":"https:\/\/jackpotlotteryonline.com\/ro\/cum-se-joaca\/oz-lotto\/","og_locale":"ro_RO","og_type":"article","og_title":"Joac\u0103 Oz Lotto online din afara Australiei","og_description":"Acum pute\u021bi juca Oz Lotto online, nu doar dac\u0103 v\u0103 afla\u021bi \u00een Australia - pute\u021bi juca la loteria Oz de oriunde din lume","og_url":"https:\/\/jackpotlotteryonline.com\/ro\/cum-se-joaca\/oz-lotto\/","og_site_name":"Lotto Online - Crack The International Lottery Jackpots","article_modified_time":"2023-01-01T14:35:42+00:00","og_image":[{"url":"https:\/\/jackpotlotteryonline.com\/wp-content\/uploads\/2022\/11\/1_ticket_online_buying.jpg"}],"twitter_card":"summary_large_image","twitter_misc":{"Timp estimat pentru citire":"4 minute"},"schema":{"@context":"https:\/\/schema.org","@graph":[{"@type":"WebPage","@id":"https:\/\/jackpotlotteryonline.com\/ro\/cum-se-joaca\/oz-lotto\/","url":"https:\/\/jackpotlotteryonline.com\/ro\/cum-se-joaca\/oz-lotto\/","name":"Joac\u0103 Oz Lotto online din afara Australiei","isPartOf":{"@id":"https:\/\/jackpotlotteryonline.com\/#website"},"primaryImageOfPage":{"@id":"https:\/\/jackpotlotteryonline.com\/ro\/cum-se-joaca\/oz-lotto\/#primaryimage"},"image":{"@id":"https:\/\/jackpotlotteryonline.com\/ro\/cum-se-joaca\/oz-lotto\/#primaryimage"},"thumbnailUrl":"https:\/\/jackpotlotteryonline.com\/wp-content\/uploads\/2022\/11\/1_ticket_online_buying.jpg","datePublished":"2022-12-02T14:24:26+00:00","dateModified":"2023-01-01T14:35:42+00:00","description":"Acum pute\u021bi juca Oz Lotto online, nu doar dac\u0103 v\u0103 afla\u021bi \u00een Australia - pute\u021bi juca la loteria Oz de oriunde din lume","breadcrumb":{"@id":"https:\/\/jackpotlotteryonline.com\/ro\/cum-se-joaca\/oz-lotto\/#breadcrumb"},"inLanguage":"ro-RO","potentialAction":[{"@type":"ReadAction","target":["https:\/\/jackpotlotteryonline.com\/ro\/cum-se-joaca\/oz-lotto\/"]}]},{"@type":"ImageObject","inLanguage":"ro-RO","@id":"https:\/\/jackpotlotteryonline.com\/ro\/cum-se-joaca\/oz-lotto\/#primaryimage","url":"https:\/\/jackpotlotteryonline.com\/wp-content\/uploads\/2022\/11\/1_ticket_online_buying.jpg","contentUrl":"https:\/\/jackpotlotteryonline.com\/wp-content\/uploads\/2022\/11\/1_ticket_online_buying.jpg"},{"@type":"BreadcrumbList","@id":"https:\/\/jackpotlotteryonline.com\/ro\/cum-se-joaca\/oz-lotto\/#breadcrumb","itemListElement":[{"@type":"ListItem","position":1,"name":"Home","item":"https:\/\/jackpotlotteryonline.com\/ro\/"},{"@type":"ListItem","position":2,"name":"Cum se joac\u0103","item":"https:\/\/jackpotlotteryonline.com\/ro\/cum-se-joaca\/"},{"@type":"ListItem","position":3,"name":"Joaca Oz Lotto online"}]},{"@type":"WebSite","@id":"https:\/\/jackpotlotteryonline.com\/#website","url":"https:\/\/jackpotlotteryonline.com\/","name":"Lotto Online - Crack The International Lottery Jackpots","description":"","potentialAction":[{"@type":"SearchAction","target":{"@type":"EntryPoint","urlTemplate":"https:\/\/jackpotlotteryonline.com\/?s={search_term_string}"},"query-input":"required name=search_term_string"}],"inLanguage":"ro-RO"}]}},"_links":{"self":[{"href":"https:\/\/jackpotlotteryonline.com\/ro\/wp-json\/wp\/v2\/pages\/40378","targetHints":{"allow":["GET"]}}],"collection":[{"href":"https:\/\/jackpotlotteryonline.com\/ro\/wp-json\/wp\/v2\/pages"}],"about":[{"href":"https:\/\/jackpotlotteryonline.com\/ro\/wp-json\/wp\/v2\/types\/page"}],"author":[{"embeddable":true,"href":"https:\/\/jackpotlotteryonline.com\/ro\/wp-json\/wp\/v2\/users\/1"}],"replies":[{"embeddable":true,"href":"https:\/\/jackpotlotteryonline.com\/ro\/wp-json\/wp\/v2\/comments?post=40378"}],"version-history":[{"count":0,"href":"https:\/\/jackpotlotteryonline.com\/ro\/wp-json\/wp\/v2\/pages\/40378\/revisions"}],"up":[{"embeddable":true,"href":"https:\/\/jackpotlotteryonline.com\/ro\/wp-json\/wp\/v2\/pages\/35714"}],"wp:attachment":[{"href":"https:\/\/jackpotlotteryonline.com\/ro\/wp-json\/wp\/v2\/media?parent=40378"}],"curies":[{"name":"wp","href":"https:\/\/api.w.org\/{rel}","templated":true}]}}