{"id":40502,"date":"2022-12-05T08:52:55","date_gmt":"2022-12-05T08:52:55","guid":{"rendered":"https:\/\/jackpotlotteryonline.com\/?page_id=40502"},"modified":"2022-12-26T14:25:45","modified_gmt":"2022-12-26T14:25:45","slug":"powerball","status":"publish","type":"page","link":"https:\/\/jackpotlotteryonline.com\/ro\/numere-castigatoare\/powerball\/","title":{"rendered":"Rezultatele extragerii Powerball"},"content":{"rendered":"<p>Powerball este o loterie american\u0103 care are unul dintre cele mai mari jackpot-uri din toate timpurile. C\u00e2\u0219tigarea la Powerball din SUA este visul suprem al aproape fiec\u0103rui parior. Din cauza jackpoturilor incredibil de mari, care uneori ajung p\u00e2n\u0103 la 1 miliard de dolari, juc\u0103torii din \u00eentreaga lume cump\u0103r\u0103 bilete Powerball online. Fiecare juc\u0103tor nutre\u0219te speran\u021be puternice de a c\u00e2\u0219tiga la loterie. Cu toate acestea, cump\u0103rarea unui bilet de loterie este un lucru, iar verificarea numerelor c\u00e2\u0219tig\u0103toare este altceva. Pentru a afla dac\u0103 de\u021bine\u021bi biletul c\u00e2\u0219tig\u0103tor la loteria Powerball, este esen\u021bial s\u0103 verifica\u021bi rezultatele extragerii.<\/p>\n<p>Pe aceast\u0103 pagin\u0103, v\u0103 vom \u00eemp\u0103rt\u0103\u0219i cum s\u0103 verifica\u021bi online rezultatele c\u00e2\u0219tig\u0103toare. De asemenea, v\u0103 vom ar\u0103ta cum s\u0103 ave\u021bi acces la c\u00e2\u0219tigurile dvs. chiar dac\u0103 sunte\u021bi un juc\u0103tor online.<\/p>\n<p>Nu uita\u021bi c\u0103 pute\u021bi <a href=\"https:\/\/jackpotlotteryonline.com\/ro\/cumpara-bilete\/powerball\">cump\u0103ra bilete c\u00e2\u0219tig\u0103toare la Powerball<\/a> la jackpotlotteryonline.com \u0219i pute\u021bi verifica numerele c\u00e2\u0219tig\u0103toare acolo \u00een acela\u0219i timp.<\/p>\n<h2>De ce este Powerball at\u00e2t de popular<\/h2>\n<p><img loading=\"lazy\" decoding=\"async\" class=\"alignright size-full wp-image-29588\" src=\"https:\/\/jackpotlotteryonline.com\/wp-content\/uploads\/2022\/11\/1_results_powerball.jpg\" alt=\"cump\u0103ra\u021bi cu u\u0219urin\u021b\u0103 bilete Powerball\" width=\"300\" height=\"224\" \/>Exist\u0103 mai multe motive pentru care juc\u0103torii se \u00eenghesuie la Powerball. Este o loterie multi-statal\u0103 din SUA, ceea ce \u00eenseamn\u0103 c\u0103 biletele sunt v\u00e2ndute \u00een mai multe state americane. Astfel, cei care locuiesc \u00een aceste state pot cump\u0103ra cu u\u0219urin\u021b\u0103 bilete Powerball. Dar nu doar pasiona\u021bii de loto din SUA cump\u0103r\u0103 bilete cu speran\u021ba de a c\u00e2\u0219tiga la aceast\u0103 loterie. Pariori din \u00eentreaga lume \u00eencearc\u0103 cu ner\u0103bdare s\u0103 cumpere \u0219i ei bilete c\u00e2\u0219tig\u0103toare la Powerball.<\/p>\n<p>\u00cen octombrie 2022, jackpotul Powerball a atins un record de 1 miliard de dolari, iar acesta a fost c\u00e2\u0219tigat de un singur posesor de bilet. Doar g\u00e2ndul de a c\u00e2\u0219tiga un miliard de dolari este suficient pentru a entuziasma juc\u0103torii de pretutindeni. De asemenea, chiar dac\u0103 \u0219ansele de a c\u00e2\u0219tiga Powerball sunt destul de mari, juc\u0103torii c\u00e2\u0219tig\u0103 adesea jackpot-ul.<\/p>\n<p>Din nou, Powerball are mai multe categorii cu premii suculente. A\u0219adar, chiar dac\u0103 rata\u021bi primul premiu, tot a\u021bi putea pleca acas\u0103 cu un c\u00e2\u0219tig mare.<\/p>\n<h2>Joac\u0103 \u0219i c\u00e2\u0219tig\u0103 Powerball online<\/h2>\n<p>Partea distractiv\u0103 a<a href=\"https:\/\/jackpotlotteryonline.com\/ro\/cum-se-joaca\/powerball\"> jocului Powerball online<\/a> este c\u0103 ai acces rapid la aceast\u0103 loterie american\u0103 de oriunde. Dac\u0103 v\u0103 cump\u0103ra\u021bi biletul c\u00e2\u0219tig\u0103tor de pe jackpotlotteryonline.com, pute\u021bi alege cu u\u0219urin\u021b\u0103 numerele c\u00e2\u0219tig\u0103toare. Pur \u0219i simplu alege\u021bi 5 numere de la 1 la 69 \u0219i 1 num\u0103r suplimentar de la 1 la 26.<\/p>\n<p>Dup\u0103 ce a\u021bi ales numerele c\u00e2\u0219tig\u0103toare, urm\u0103torul pas este s\u0103 participa\u021bi la extrageri. Powerball are trei extrageri s\u0103pt\u0103m\u00e2nale, \u00een zilele de mar\u021bi, joi \u0219i duminic\u0103. V\u0103 facilit\u0103m \u00eenscrierea la o singur\u0103 extragere sau la mai multe extrageri, \u00een func\u021bie de preferin\u021bele dumneavoastr\u0103. De asemenea, v\u0103 pute\u021bi \u00eenscrie la extrageri cu c\u00e2teva s\u0103pt\u0103m\u00e2ni \u00eenainte.<\/p>\n<p>Dup\u0103 ce a\u021bi procesat plata, urm\u0103torul pas este s\u0103 a\u0219tepta\u021bi extragerile. Atunci vor fi anun\u021bate numerele c\u00e2\u0219tig\u0103toare \u0219i v\u0103 pute\u021bi da seama dac\u0103 a\u021bi c\u00e2\u0219tigat la loterie.<\/p>\n<section class=\"layout\" style=\"border: solid 1px; width: 100%;\">\n<div class=\"img-div\" style=\"margin-top: 5px;\"><img decoding=\"async\" class=\"wp-image-17212 alignleft\" style=\"height: 45px; margin: 8px 8px 0px;\" src=\"https:\/\/jackpotlotteryonline.com\/wp-content\/uploads\/2022\/11\/read1.jpg\" alt=\"cite\u0219te\" width=\"\" height=\"\" \/><\/div>\n<div style=\"padding-left: 5px;\">\n<div style=\"font-size: 1.1em;\">\n<p><strong>Jackpoturi istorice, recorduri la loto\u00a0<\/strong><\/p>\n<p style=\"font-size: 0.85em; margin-top: -1.5em;\">Cele mai mari jackpoturi loto din istorie v\u0103 vor face s\u0103 v\u0103 da\u021bi peste cap <a href=\"Jackpoturi istorice, recorduri la loto\"> cite\u0219te mai multe<\/a><\/p>\n<\/div>\n<\/div>\n<\/section>\n<h2>Verificarea numerelor c\u00e2\u0219tig\u0103toare<\/h2>\n<p><img loading=\"lazy\" decoding=\"async\" class=\"alignright size-full wp-image-30371\" src=\"https:\/\/jackpotlotteryonline.com\/wp-content\/uploads\/2022\/11\/1_winning_numbers_powerball.jpg\" alt=\"juca\u021bi Powerball online\" width=\"300\" height=\"129\" \/>Pentru c\u0103 juca\u021bi Powerball online, nu pute\u021bi merge la un v\u00e2nz\u0103tor de loto pentru a verifica dac\u0103 ave\u021bi biletul c\u00e2\u0219tig\u0103tor. A\u0219adar, cel mai bun mod de a face acest lucru este s\u0103 verifica\u021bi online. Dac\u0103 juca\u021bi cu noi, pute\u021bi reveni pe aceast\u0103 pagin\u0103 dup\u0103 fiecare extragere pentru a vedea numerele c\u00e2\u0219tig\u0103toare.<\/p>\n<p>Dar, chiar dac\u0103 nu verifica\u021bi \u00eenapoi, pute\u021bi \u0219ti dac\u0103 a\u021bi c\u00e2\u0219tigat vreun premiu. Acest lucru se datoreaz\u0103 faptului c\u0103 trebuie s\u0103 fi\u021bi \u00eenregistrat la noi pentru a v\u0103 cump\u0103ra biletul Powerball. Motivul pentru care facem acest lucru este pentru ca noi s\u0103 v\u0103 putem informa imediat ce ave\u021bi un bilet c\u00e2\u0219tig\u0103tor. Dac\u0103 ave\u021bi un bilet c\u00e2\u0219tig\u0103tor, v\u0103 vom trimite un e-mail pentru a v\u0103 anun\u021ba. Este at\u00e2t de simplu, \u00eentr-adev\u0103r.<\/p>\n<h2>\u00cencasarea premiului dvs.<\/h2>\n<p>\u00cencasarea c\u00e2\u0219tigurilor dvs. este un alt aspect care ar putea fi \u00eengrijor\u0103tor pentru juc\u0103torii online. Pentru c\u0103, dac\u0103 joci Powerball online, vrei s\u0103 fii sigur c\u0103 \u00ee\u021bi po\u021bi accesa c\u00e2\u0219tigurile. Dac\u0103 joci Powerball cu noi, atunci \u00eencasarea premiului t\u0103u este o chestiune simpl\u0103. Am conceput sistemul nostru \u00een a\u0219a fel \u00eenc\u00e2t s\u0103 v\u0103 pute\u021bi retrage c\u00e2\u0219tigurile \u00een contul dumneavoastr\u0103.<\/p>\n<p>Acest lucru este disponibil pentru c\u00e2\u0219tigurile care sunt sub 2.500 de euro. Dac\u0103 a\u021bi c\u00e2\u0219tigat mai mult de aceast\u0103 sum\u0103, v\u0103 vom ajuta s\u0103 completa\u021bi un formular de revendicare. Va trebui s\u0103 face\u021bi acest lucru pentru a v\u0103 revendica c\u00e2\u0219tigurile direct de la compania de loterie.<\/p>\n<h2>C\u00e2\u0219tigarea loteriei Powerball<\/h2>\n<p>C\u00e2\u0219tigarea loteriei Powerball \u00eenseamn\u0103 c\u0103 ave\u021bi un bilet care se potrive\u0219te cu rezultatele extrase. Pentru a v\u0103 ar\u0103ta c\u00e2t de uimitor este Powerball, haide\u021bi s\u0103 v\u0103 ar\u0103t\u0103m ce pute\u021bi c\u00e2\u0219tiga la celelalte premii.<\/p>\n<p>Divizia 1: Match 5 + Powerball &#8211; Jackpot<\/p>\n<p>Divizia 2: Match 5 singur &#8211; 1 milion de dolari<\/p>\n<p>Divizia 3: Meciul 4 + Powerball &#8211; 50.000 de dolari<\/p>\n<p>Divizia 4: Match 4 singur &#8211; 100 de dolari<\/p>\n<p>Divizia 5: Meciul 3 + Powerball &#8211; 100 $.<\/p>\n<p>Divizia 6: Meciul 3 singur &#8211; 7 dolari<\/p>\n<p>Divizia 7: Meciul 2 + Powerball &#8211; 7 dolari<\/p>\n<p>Divizia 8: Meciul 1 + Powerball &#8211; $4<\/p>\n<p>Divizia 9: Potrive\u0219te Powerball singur &#8211; $4<\/p>\n<p>Cu 9 divizii, c\u00e2\u0219tigarea loteriei este o posibilitate interesant\u0103 pentru juc\u0103tori. Aceasta \u00eenseamn\u0103, de asemenea, c\u0103 \u0219ansele de a c\u00e2\u0219tiga un premiu sunt destul de mari. \u00cen plus, chiar dac\u0103 c\u00e2\u0219tiga\u021bi a doua divizie, ave\u021bi o \u0219ans\u0103 bun\u0103 de a pleca acas\u0103 cu un c\u00e2\u0219tig mare.<\/p>\n<h2>Verifica\u021bi rezultatele c\u00e2\u0219tig\u0103toare aici<\/h2>\n<p>Data viitoare c\u00e2nd dori\u021bi s\u0103 juca\u021bi la loterie, nu v\u0103 face\u021bi griji cu privire la locul unde pute\u021bi verifica rezultatele c\u00e2\u0219tig\u0103toare. La jackpotlotteryonline.com v\u0103 facilit\u0103m alegerea numerelor c\u00e2\u0219tig\u0103toare \u0219i, de asemenea, verificarea rezultatelor c\u00e2\u0219tig\u0103toare. Cump\u0103ra\u021bi-v\u0103 biletul de la noi \u0219i v\u0103 vom anun\u021ba c\u00e2nd ve\u021bi avea un bilet c\u00e2\u0219tig\u0103tor.<\/p>\n<p>Nu uita\u021bi c\u0103 pute\u021bi, de asemenea, s\u0103 v\u0103 retrage\u021bi c\u00e2\u0219tigurile de pe site-ul nostru direct \u00een contul dvs. Acest lucru va u\u0219ura foarte mult orice stres pe care l-a\u021bi fi avut \u00een leg\u0103tur\u0103 cu jocul la loto. De fapt, ne facem datoria de a oferi clien\u021bilor no\u0219tri o experien\u021b\u0103 f\u0103r\u0103 probleme \u0219i f\u0103r\u0103 complica\u021bii. \u00cen acest fel, v\u0103 pute\u021bi concentra pe c\u00e2\u0219tigarea loteriei f\u0103r\u0103 nicio grij\u0103 pe lume.<\/p>\n","protected":false},"excerpt":{"rendered":"<p>Powerball este o loterie american\u0103 care are unul dintre cele mai mari jackpot-uri din toate timpurile. C\u00e2\u0219tigarea la Powerball din SUA este visul suprem al aproape fiec\u0103rui parior. Din cauza jackpoturilor incredibil de mari, care uneori ajung p\u00e2n\u0103 la 1 miliard de dolari, juc\u0103torii din \u00eentreaga lume cump\u0103r\u0103 bilete Powerball online. Fiecare juc\u0103tor nutre\u0219te speran\u021be [&hellip;]<\/p>\n","protected":false},"author":1,"featured_media":0,"parent":35848,"menu_order":1,"comment_status":"closed","ping_status":"closed","template":"powerball-usa-results.php","meta":{"_et_pb_use_builder":"","_et_pb_old_content":"","_et_gb_content_width":"","exclude_from_search":false,"footnotes":""},"class_list":["post-40502","page","type-page","status-publish","hentry"],"yoast_head":"<!-- This site is optimized with the Yoast SEO plugin v23.3 - https:\/\/yoast.com\/wordpress\/plugins\/seo\/ -->\n<title>Numerele c\u00e2\u0219tig\u0103toare la Powerball \u0219i rezultatele extragerii<\/title>\n<meta name=\"description\" content=\"Toate cele mai recente rezultate ale extragerilor \u0219i numerele c\u00e2\u0219tig\u0103toare pentru Powerball SUA, plus o arhiv\u0103 de rezultate, toate pe un singur site web\" \/>\n<meta name=\"robots\" content=\"index, follow, max-snippet:-1, max-image-preview:large, max-video-preview:-1\" \/>\n<link rel=\"canonical\" href=\"https:\/\/jackpotlotteryonline.com\/ro\/numere-castigatoare\/powerball\/\" \/>\n<meta property=\"og:locale\" content=\"ro_RO\" \/>\n<meta property=\"og:type\" content=\"article\" \/>\n<meta property=\"og:title\" content=\"Numerele c\u00e2\u0219tig\u0103toare la Powerball \u0219i rezultatele extragerii\" \/>\n<meta property=\"og:description\" content=\"Toate cele mai recente rezultate ale extragerilor \u0219i numerele c\u00e2\u0219tig\u0103toare pentru Powerball SUA, plus o arhiv\u0103 de rezultate, toate pe un singur site web\" \/>\n<meta property=\"og:url\" content=\"https:\/\/jackpotlotteryonline.com\/ro\/numere-castigatoare\/powerball\/\" \/>\n<meta property=\"og:site_name\" content=\"Lotto Online - Crack The International Lottery Jackpots\" \/>\n<meta property=\"article:modified_time\" content=\"2022-12-26T14:25:45+00:00\" \/>\n<meta property=\"og:image\" content=\"https:\/\/jackpotlotteryonline.com\/wp-content\/uploads\/2022\/11\/1_results_powerball.jpg\" \/>\n<meta name=\"twitter:card\" content=\"summary_large_image\" \/>\n<meta name=\"twitter:label1\" content=\"Timp estimat pentru citire\" \/>\n\t<meta name=\"twitter:data1\" content=\"5 minute\" \/>\n<!-- \/ Yoast SEO plugin. -->","yoast_head_json":{"title":"Numerele c\u00e2\u0219tig\u0103toare la Powerball \u0219i rezultatele extragerii","description":"Toate cele mai recente rezultate ale extragerilor \u0219i numerele c\u00e2\u0219tig\u0103toare pentru Powerball SUA, plus o arhiv\u0103 de rezultate, toate pe un singur site web","robots":{"index":"index","follow":"follow","max-snippet":"max-snippet:-1","max-image-preview":"max-image-preview:large","max-video-preview":"max-video-preview:-1"},"canonical":"https:\/\/jackpotlotteryonline.com\/ro\/numere-castigatoare\/powerball\/","og_locale":"ro_RO","og_type":"article","og_title":"Numerele c\u00e2\u0219tig\u0103toare la Powerball \u0219i rezultatele extragerii","og_description":"Toate cele mai recente rezultate ale extragerilor \u0219i numerele c\u00e2\u0219tig\u0103toare pentru Powerball SUA, plus o arhiv\u0103 de rezultate, toate pe un singur site web","og_url":"https:\/\/jackpotlotteryonline.com\/ro\/numere-castigatoare\/powerball\/","og_site_name":"Lotto Online - Crack The International Lottery Jackpots","article_modified_time":"2022-12-26T14:25:45+00:00","og_image":[{"url":"https:\/\/jackpotlotteryonline.com\/wp-content\/uploads\/2022\/11\/1_results_powerball.jpg"}],"twitter_card":"summary_large_image","twitter_misc":{"Timp estimat pentru citire":"5 minute"},"schema":{"@context":"https:\/\/schema.org","@graph":[{"@type":"WebPage","@id":"https:\/\/jackpotlotteryonline.com\/ro\/numere-castigatoare\/powerball\/","url":"https:\/\/jackpotlotteryonline.com\/ro\/numere-castigatoare\/powerball\/","name":"Numerele c\u00e2\u0219tig\u0103toare la Powerball \u0219i rezultatele extragerii","isPartOf":{"@id":"https:\/\/jackpotlotteryonline.com\/#website"},"primaryImageOfPage":{"@id":"https:\/\/jackpotlotteryonline.com\/ro\/numere-castigatoare\/powerball\/#primaryimage"},"image":{"@id":"https:\/\/jackpotlotteryonline.com\/ro\/numere-castigatoare\/powerball\/#primaryimage"},"thumbnailUrl":"https:\/\/jackpotlotteryonline.com\/wp-content\/uploads\/2022\/11\/1_results_powerball.jpg","datePublished":"2022-12-05T08:52:55+00:00","dateModified":"2022-12-26T14:25:45+00:00","description":"Toate cele mai recente rezultate ale extragerilor \u0219i numerele c\u00e2\u0219tig\u0103toare pentru Powerball SUA, plus o arhiv\u0103 de rezultate, toate pe un singur site web","breadcrumb":{"@id":"https:\/\/jackpotlotteryonline.com\/ro\/numere-castigatoare\/powerball\/#breadcrumb"},"inLanguage":"ro-RO","potentialAction":[{"@type":"ReadAction","target":["https:\/\/jackpotlotteryonline.com\/ro\/numere-castigatoare\/powerball\/"]}]},{"@type":"ImageObject","inLanguage":"ro-RO","@id":"https:\/\/jackpotlotteryonline.com\/ro\/numere-castigatoare\/powerball\/#primaryimage","url":"https:\/\/jackpotlotteryonline.com\/wp-content\/uploads\/2022\/11\/1_results_powerball.jpg","contentUrl":"https:\/\/jackpotlotteryonline.com\/wp-content\/uploads\/2022\/11\/1_results_powerball.jpg"},{"@type":"BreadcrumbList","@id":"https:\/\/jackpotlotteryonline.com\/ro\/numere-castigatoare\/powerball\/#breadcrumb","itemListElement":[{"@type":"ListItem","position":1,"name":"Home","item":"https:\/\/jackpotlotteryonline.com\/ro\/"},{"@type":"ListItem","position":2,"name":"Rezultatele loteriei","item":"https:\/\/jackpotlotteryonline.com\/ro\/numere-castigatoare\/"},{"@type":"ListItem","position":3,"name":"Rezultatele extragerii Powerball"}]},{"@type":"WebSite","@id":"https:\/\/jackpotlotteryonline.com\/#website","url":"https:\/\/jackpotlotteryonline.com\/","name":"Lotto Online - Crack The International Lottery Jackpots","description":"","potentialAction":[{"@type":"SearchAction","target":{"@type":"EntryPoint","urlTemplate":"https:\/\/jackpotlotteryonline.com\/?s={search_term_string}"},"query-input":"required name=search_term_string"}],"inLanguage":"ro-RO"}]}},"_links":{"self":[{"href":"https:\/\/jackpotlotteryonline.com\/ro\/wp-json\/wp\/v2\/pages\/40502","targetHints":{"allow":["GET"]}}],"collection":[{"href":"https:\/\/jackpotlotteryonline.com\/ro\/wp-json\/wp\/v2\/pages"}],"about":[{"href":"https:\/\/jackpotlotteryonline.com\/ro\/wp-json\/wp\/v2\/types\/page"}],"author":[{"embeddable":true,"href":"https:\/\/jackpotlotteryonline.com\/ro\/wp-json\/wp\/v2\/users\/1"}],"replies":[{"embeddable":true,"href":"https:\/\/jackpotlotteryonline.com\/ro\/wp-json\/wp\/v2\/comments?post=40502"}],"version-history":[{"count":0,"href":"https:\/\/jackpotlotteryonline.com\/ro\/wp-json\/wp\/v2\/pages\/40502\/revisions"}],"up":[{"embeddable":true,"href":"https:\/\/jackpotlotteryonline.com\/ro\/wp-json\/wp\/v2\/pages\/35848"}],"wp:attachment":[{"href":"https:\/\/jackpotlotteryonline.com\/ro\/wp-json\/wp\/v2\/media?parent=40502"}],"curies":[{"name":"wp","href":"https:\/\/api.w.org\/{rel}","templated":true}]}}