{"id":40609,"date":"2022-12-05T13:35:48","date_gmt":"2022-12-05T13:35:48","guid":{"rendered":"https:\/\/jackpotlotteryonline.com\/?page_id=40609"},"modified":"2022-12-27T08:45:53","modified_gmt":"2022-12-27T08:45:53","slug":"euromillions","status":"publish","type":"page","link":"https:\/\/jackpotlotteryonline.com\/ro\/numere-castigatoare\/euromillions\/","title":{"rendered":"Rezultatele extragerii Euromillions"},"content":{"rendered":"<p>Juc\u0103torii care cump\u0103r\u0103 bilete de loterie se tem adesea c\u0103 vor pierde premiile la loto. Acest lucru se datoreaz\u0103 faptului c\u0103 oamenii devin neglijen\u021bi \u0219i biletele dispar; f\u0103r\u0103 biletul de loterie nu v\u0103 pute\u021bi revendica premiul. Dar atunci c\u00e2nd joci la loto online, nu trebuie s\u0103 \u00ee\u021bi faci griji cu privire la biletele lips\u0103, deoarece totul este digital. Cu toate acestea, verificarea numerelor c\u00e2\u0219tig\u0103toare ar putea fi totu\u0219i o problem\u0103 dac\u0103 nu \u0219ti\u021bi ce s\u0103 face\u021bi. \u0218i, de aceea suntem aici.<\/p>\n<p>La jackpotlotteryonline.com le oferim juc\u0103torilor acces la loteriile interna\u021bionale de top online. De asemenea, v\u0103 facilit\u0103m cump\u0103rarea biletelor de loterie \u0219i verificarea numerelor c\u00e2\u0219tig\u0103toare Euromillions de oriunde v-a\u021bi afla.<\/p>\n<h2>Cum s\u0103 c\u00e2\u0219tigi jackpotul?<\/h2>\n<p><img loading=\"lazy\" decoding=\"async\" class=\"alignright size-full wp-image-31019\" src=\"http:\/\/jackpotlotteryonline.com\/wp-content\/uploads\/2022\/11\/euromillions.png\" alt=\"c\u00e2\u0219tig\u0103 Euromillions\" width=\"200\" height=\"212\" \/>Aceasta este o \u00eentrebare esen\u021bial\u0103, deoarece to\u021bi cei care joac\u0103 la loto ar dori s\u0103 \u0219tie ce trebuie s\u0103 fac\u0103 pentru a c\u00e2\u0219tiga. R\u0103spunsul simplu este c\u0103, pentru a c\u00e2\u0219tiga la loterie, un juc\u0103tor trebuie doar s\u0103 potriveasc\u0103 numerele extrase. Desigur, \u0219tim cu to\u021bii c\u0103 nu este at\u00e2t de simplu. Loteria depinde foarte mult de noroc.<\/p>\n<p>Pentru Euromillions, un juc\u0103tor trebuie s\u0103 aleag\u0103 5 cifre de la 1 la 70 \u0219i 2 Lucky Stars. Cel care potrive\u0219te toate cele 7 cifre extrase c\u00e2\u0219tig\u0103 loteria.<\/p>\n<p>Pute\u021bi verifica aici combina\u021biile anterioare pentru a afla ce cifre apar cel mai des sau cel mai pu\u021bin. Acest lucru v\u0103 poate ajuta s\u0103 v\u0103 planifica\u021bi strategia c\u00e2\u0219tig\u0103toare pentru loteria european\u0103.<\/p>\n<h2>Cum s\u0103 verifica\u021bi c\u00e2\u0219tig\u0103torul<\/h2>\n<p>Exist\u0103 mai multe modalit\u0103\u021bi de a verifica c\u00e2\u0219tig\u0103torul loteriei online. Problema cu verificarea pe orice site aleatoriu este \u00eens\u0103 c\u0103 s-ar putea s\u0103 nu ob\u021bine\u021bi informa\u021bii exacte. De asemenea, dac\u0103 verifica\u021bi site-urile de \u0219tiri s-ar putea s\u0103 afla\u021bi doar combina\u021bia care a c\u00e2\u0219tigat jackpotul.<\/p>\n<p>Loteria european\u0103 are mai multe categorii de premii \u0219i chiar dac\u0103 nu a\u021bi c\u00e2\u0219tigat premiul cel mare, tot a\u021bi putea pleca acas\u0103 cu o sum\u0103 bun\u0103. A\u0219adar, este important s\u0103 verifica\u021bi biletul dvs. \u00een raport cu celelalte diviziuni de premii.<\/p>\n<p>Dac\u0103 v\u0103 <a href=\"https:\/\/jackpotlotteryonline.com\/ro\/cumpara-bilete\/euromillions\">cump\u0103ra\u021bi biletul de loterie<\/a> pe jackpotlotteryonline.com, v\u0103 vom trimite un e-mail imediat ce ve\u021bi c\u00e2\u0219tiga un premiu. Deci, nu trebuie s\u0103 v\u0103 face\u021bi griji c\u0103 v\u0103 pierde\u021bi premiile.<\/p>\n<h2>Accesarea c\u00e2\u0219tigului dvs.<\/h2>\n<p>Pentru c\u0103<a href=\"https:\/\/jackpotlotteryonline.com\/ro\/cum-se-joaca\/euromillions\"> juca\u021bi la loto online<\/a>, este normal s\u0103 v\u0103 \u00eentreba\u021bi ce se \u00eent\u00e2mpl\u0103 atunci c\u00e2nd c\u00e2\u0219tiga\u021bi un premiu. Dac\u0103 juca\u021bi cu noi, atunci accesarea c\u00e2\u0219tigului este la fel de simpl\u0103 ca \u0219i cum a\u021bi cump\u0103ra biletul. Prin aceasta, ne referim la faptul c\u0103 v\u0103 pute\u021bi retrage cu u\u0219urin\u021b\u0103 c\u00e2\u0219tigurile de pe site-ul nostru. F\u0103r\u0103 b\u0103t\u0103i de cap \u0219i f\u0103r\u0103 complica\u021bii.<\/p>\n<p>Dac\u0103 c\u00e2\u0219tiga\u021bi jackpotul sau o sum\u0103 mai mare de 2500 \u20ac, atunci s-ar putea s\u0103 fie nevoie s\u0103 completa\u021bi un formular de revendicare. Dar nu v\u0103 face\u021bi griji, nu este un proces complex \u0219i v\u0103 vom ghida prin el.<\/p>\n<section class=\"layout\" style=\"border: solid 1px; width: 100%;\">\n<div class=\"img-div\" style=\"margin-top: 5px;\"><img decoding=\"async\" class=\"wp-image-17212 alignleft\" style=\"height: 45px; margin: 8px 8px 0px;\" src=\"http:\/\/jackpotlotteryonline.com\/wp-content\/uploads\/2022\/11\/read1.jpg\" alt=\"cite\u0219te\" width=\"\" height=\"\" \/><\/div>\n<div style=\"padding-left: 5px;\">\n<div style=\"font-size: 1.1em;\">\n<p><strong>Cum sunt pl\u0103tit dac\u0103 c\u00e2\u0219tig la loteria online?<\/strong><\/p>\n<p style=\"font-size: 0.85em; margin-top: -1.5em;\">Iat\u0103 cum v\u0103 primi\u021bi banii dac\u0103 c\u00e2\u0219tiga\u021bi la loteria online\u00a0<a href=\"https:\/\/jackpotlotteryonline.com\/ro\/cum-sunt-platit-daca-vin-la-loterie-online\"> cite\u0219te mai mult<\/a><\/p>\n<\/div>\n<\/div>\n<\/section>\n<h2>Verifica\u021bi ast\u0103zi numerele c\u00e2\u0219tig\u0103toare la Euromillioane<\/h2>\n<p>Am lucrat din greu pentru a crea un mediu online sigur pentru juc\u0103torii no\u0219tri. V\u0103 punem la dispozi\u021bie tot ce ave\u021bi nevoie pentru a juca convenabil la loto. Cu noi, ave\u021bi acces la loterii interna\u021bionale de top \u0219i pute\u021bi participa la mai multe extrageri \u00een avans. Dincolo de asta, pute\u021bi verifica cu u\u0219urin\u021b\u0103 extragerile chiar aici \u0219i v\u0103 pute\u021bi retrage c\u00e2\u0219tigurile.<\/p>\n","protected":false},"excerpt":{"rendered":"<p>Juc\u0103torii care cump\u0103r\u0103 bilete de loterie se tem adesea c\u0103 vor pierde premiile la loto. Acest lucru se datoreaz\u0103 faptului c\u0103 oamenii devin neglijen\u021bi \u0219i biletele dispar; f\u0103r\u0103 biletul de loterie nu v\u0103 pute\u021bi revendica premiul. Dar atunci c\u00e2nd joci la loto online, nu trebuie s\u0103 \u00ee\u021bi faci griji cu privire la biletele lips\u0103, deoarece [&hellip;]<\/p>\n","protected":false},"author":1,"featured_media":0,"parent":35848,"menu_order":3,"comment_status":"closed","ping_status":"closed","template":"euromillions-results.php","meta":{"_et_pb_use_builder":"","_et_pb_old_content":"","_et_gb_content_width":"","exclude_from_search":false,"footnotes":""},"class_list":["post-40609","page","type-page","status-publish","hentry"],"yoast_head":"<!-- This site is optimized with the Yoast SEO plugin v23.3 - https:\/\/yoast.com\/wordpress\/plugins\/seo\/ -->\n<title>Numerele c\u00e2\u0219tig\u0103toare la Euromillions \u0219i rezultatele extragerilor<\/title>\n<meta name=\"description\" content=\"Rezultatele extragerii pentru Euromillions - numerele c\u00e2\u0219tig\u0103toare pentru cea mai recent\u0103 extragere, precum \u0219i o arhiv\u0103 cu rezultatele anterioare\" \/>\n<meta name=\"robots\" content=\"index, follow, max-snippet:-1, max-image-preview:large, max-video-preview:-1\" \/>\n<link rel=\"canonical\" href=\"https:\/\/jackpotlotteryonline.com\/ro\/numere-castigatoare\/euromillions\/\" \/>\n<meta property=\"og:locale\" content=\"ro_RO\" \/>\n<meta property=\"og:type\" content=\"article\" \/>\n<meta property=\"og:title\" content=\"Numerele c\u00e2\u0219tig\u0103toare la Euromillions \u0219i rezultatele extragerilor\" \/>\n<meta property=\"og:description\" content=\"Rezultatele extragerii pentru Euromillions - numerele c\u00e2\u0219tig\u0103toare pentru cea mai recent\u0103 extragere, precum \u0219i o arhiv\u0103 cu rezultatele anterioare\" \/>\n<meta property=\"og:url\" content=\"https:\/\/jackpotlotteryonline.com\/ro\/numere-castigatoare\/euromillions\/\" \/>\n<meta property=\"og:site_name\" content=\"Lotto Online - Crack The International Lottery Jackpots\" \/>\n<meta property=\"article:modified_time\" content=\"2022-12-27T08:45:53+00:00\" \/>\n<meta property=\"og:image\" content=\"http:\/\/jackpotlotteryonline.com\/wp-content\/uploads\/2022\/11\/euromillions.png\" \/>\n<meta name=\"twitter:card\" content=\"summary_large_image\" \/>\n<meta name=\"twitter:label1\" content=\"Timp estimat pentru citire\" \/>\n\t<meta name=\"twitter:data1\" content=\"3 minute\" \/>\n<!-- \/ Yoast SEO plugin. -->","yoast_head_json":{"title":"Numerele c\u00e2\u0219tig\u0103toare la Euromillions \u0219i rezultatele extragerilor","description":"Rezultatele extragerii pentru Euromillions - numerele c\u00e2\u0219tig\u0103toare pentru cea mai recent\u0103 extragere, precum \u0219i o arhiv\u0103 cu rezultatele anterioare","robots":{"index":"index","follow":"follow","max-snippet":"max-snippet:-1","max-image-preview":"max-image-preview:large","max-video-preview":"max-video-preview:-1"},"canonical":"https:\/\/jackpotlotteryonline.com\/ro\/numere-castigatoare\/euromillions\/","og_locale":"ro_RO","og_type":"article","og_title":"Numerele c\u00e2\u0219tig\u0103toare la Euromillions \u0219i rezultatele extragerilor","og_description":"Rezultatele extragerii pentru Euromillions - numerele c\u00e2\u0219tig\u0103toare pentru cea mai recent\u0103 extragere, precum \u0219i o arhiv\u0103 cu rezultatele anterioare","og_url":"https:\/\/jackpotlotteryonline.com\/ro\/numere-castigatoare\/euromillions\/","og_site_name":"Lotto Online - Crack The International Lottery Jackpots","article_modified_time":"2022-12-27T08:45:53+00:00","og_image":[{"url":"http:\/\/jackpotlotteryonline.com\/wp-content\/uploads\/2022\/11\/euromillions.png"}],"twitter_card":"summary_large_image","twitter_misc":{"Timp estimat pentru citire":"3 minute"},"schema":{"@context":"https:\/\/schema.org","@graph":[{"@type":"WebPage","@id":"https:\/\/jackpotlotteryonline.com\/ro\/numere-castigatoare\/euromillions\/","url":"https:\/\/jackpotlotteryonline.com\/ro\/numere-castigatoare\/euromillions\/","name":"Numerele c\u00e2\u0219tig\u0103toare la Euromillions \u0219i rezultatele extragerilor","isPartOf":{"@id":"https:\/\/jackpotlotteryonline.com\/#website"},"primaryImageOfPage":{"@id":"https:\/\/jackpotlotteryonline.com\/ro\/numere-castigatoare\/euromillions\/#primaryimage"},"image":{"@id":"https:\/\/jackpotlotteryonline.com\/ro\/numere-castigatoare\/euromillions\/#primaryimage"},"thumbnailUrl":"http:\/\/jackpotlotteryonline.com\/wp-content\/uploads\/2022\/11\/euromillions.png","datePublished":"2022-12-05T13:35:48+00:00","dateModified":"2022-12-27T08:45:53+00:00","description":"Rezultatele extragerii pentru Euromillions - numerele c\u00e2\u0219tig\u0103toare pentru cea mai recent\u0103 extragere, precum \u0219i o arhiv\u0103 cu rezultatele anterioare","breadcrumb":{"@id":"https:\/\/jackpotlotteryonline.com\/ro\/numere-castigatoare\/euromillions\/#breadcrumb"},"inLanguage":"ro-RO","potentialAction":[{"@type":"ReadAction","target":["https:\/\/jackpotlotteryonline.com\/ro\/numere-castigatoare\/euromillions\/"]}]},{"@type":"ImageObject","inLanguage":"ro-RO","@id":"https:\/\/jackpotlotteryonline.com\/ro\/numere-castigatoare\/euromillions\/#primaryimage","url":"http:\/\/jackpotlotteryonline.com\/wp-content\/uploads\/2022\/11\/euromillions.png","contentUrl":"http:\/\/jackpotlotteryonline.com\/wp-content\/uploads\/2022\/11\/euromillions.png"},{"@type":"BreadcrumbList","@id":"https:\/\/jackpotlotteryonline.com\/ro\/numere-castigatoare\/euromillions\/#breadcrumb","itemListElement":[{"@type":"ListItem","position":1,"name":"Home","item":"https:\/\/jackpotlotteryonline.com\/ro\/"},{"@type":"ListItem","position":2,"name":"Rezultatele loteriei","item":"https:\/\/jackpotlotteryonline.com\/ro\/numere-castigatoare\/"},{"@type":"ListItem","position":3,"name":"Rezultatele extragerii Euromillions"}]},{"@type":"WebSite","@id":"https:\/\/jackpotlotteryonline.com\/#website","url":"https:\/\/jackpotlotteryonline.com\/","name":"Lotto Online - Crack The International Lottery Jackpots","description":"","potentialAction":[{"@type":"SearchAction","target":{"@type":"EntryPoint","urlTemplate":"https:\/\/jackpotlotteryonline.com\/?s={search_term_string}"},"query-input":"required name=search_term_string"}],"inLanguage":"ro-RO"}]}},"_links":{"self":[{"href":"https:\/\/jackpotlotteryonline.com\/ro\/wp-json\/wp\/v2\/pages\/40609","targetHints":{"allow":["GET"]}}],"collection":[{"href":"https:\/\/jackpotlotteryonline.com\/ro\/wp-json\/wp\/v2\/pages"}],"about":[{"href":"https:\/\/jackpotlotteryonline.com\/ro\/wp-json\/wp\/v2\/types\/page"}],"author":[{"embeddable":true,"href":"https:\/\/jackpotlotteryonline.com\/ro\/wp-json\/wp\/v2\/users\/1"}],"replies":[{"embeddable":true,"href":"https:\/\/jackpotlotteryonline.com\/ro\/wp-json\/wp\/v2\/comments?post=40609"}],"version-history":[{"count":0,"href":"https:\/\/jackpotlotteryonline.com\/ro\/wp-json\/wp\/v2\/pages\/40609\/revisions"}],"up":[{"embeddable":true,"href":"https:\/\/jackpotlotteryonline.com\/ro\/wp-json\/wp\/v2\/pages\/35848"}],"wp:attachment":[{"href":"https:\/\/jackpotlotteryonline.com\/ro\/wp-json\/wp\/v2\/media?parent=40609"}],"curies":[{"name":"wp","href":"https:\/\/api.w.org\/{rel}","templated":true}]}}