{"id":40680,"date":"2022-12-06T07:27:38","date_gmt":"2022-12-06T07:27:38","guid":{"rendered":"https:\/\/jackpotlotteryonline.com\/?page_id=40680"},"modified":"2022-12-28T08:47:32","modified_gmt":"2022-12-28T08:47:32","slug":"eurojackpot","status":"publish","type":"page","link":"https:\/\/jackpotlotteryonline.com\/ro\/numere-castigatoare\/eurojackpot\/","title":{"rendered":"Rezultatele extragerii Eurojackpot"},"content":{"rendered":"<p>Cum se verific\u0103 numerele c\u00e2\u0219tig\u0103toare la loteria Eurojackpot? Fiind una dintre cele mai populare loterii din Europa, pariorii de pretutindeni sunt ner\u0103bd\u0103tori s\u0103 aib\u0103 ocazia de a c\u00e2\u0219tiga mult. Dac\u0103 locui\u021bi \u00een afara Europei, pute\u021bi, de asemenea, s\u0103 cump\u0103ra\u021bi bilete la loterie \u0219i s\u0103 verifica\u021bi online rezultatele extragerii.<\/p>\n<p>Atunci c\u00e2nd vizita\u021bi jackpotlotteryonline.com ave\u021bi acces la loteriile interna\u021bionale de top din \u00eentreaga lume. Oferim o modalitate simpl\u0103 \u0219i convenabil\u0103 de a juca la loto \u0219i de a verifica extragerile \u00eentr-un singur loc.<\/p>\n<h2>Care este combina\u021bia c\u00e2\u0219tig\u0103toare?<\/h2>\n<p><img loading=\"lazy\" decoding=\"async\" class=\"size-full wp-image-28751 alignright\" src=\"https:\/\/jackpotlotteryonline.com\/wp-content\/uploads\/2022\/11\/1_online_ticket_eurojackpot.jpg\" alt=\"Combina\u021bii c\u00e2\u0219tig\u0103toare la Eurojackpot\" width=\"300\" height=\"210\" \/>Cei mai mul\u021bi oameni <a href=\"https:\/\/jackpotlotteryonline.com\/ro\/cum-se-joaca\/eurojackpot\">joac\u0103 la loto<\/a> pentru a avea \u0219ansa de a c\u00e2\u0219tiga mult, iar pariorii iubesc \u00een special Eurojackpot din mai multe motive. Unul dintre ele este \u0219ansa mare de c\u00e2\u0219tig. Aceast\u0103 loterie a produs o mul\u021bime de milionari de c\u00e2nd a fost lansat\u0103 pentru prima dat\u0103.<\/p>\n<p>Practic, c\u00e2\u0219tig\u0103torul este biletul care se potrive\u0219te cu numerele extrase. Dac\u0103 joci online, trebuie s\u0103 alegi 5 cifre \u00eentre 1 \u0219i 50 \u0219i alte 2 cifre \u00eentre 1 \u0219i 12. Cel care potrive\u0219te cele \u0219apte cifre extrase c\u00e2\u0219tig\u0103 jackpotul.<\/p>\n<p>Atunci c\u00e2nd v\u0103 alege\u021bi numerele, le pute\u021bi alege fie pe cele care v\u0103 sunt speciale, fie pe cele aleatorii. Unii juc\u0103tori prefer\u0103 s\u0103 foloseasc\u0103 generatorul nostru automat pentru a alege la \u00eent\u00e2mplare. Important este s\u0103 v\u0103 lua\u021bi biletul \u00eenainte de extrageri.<\/p>\n<h2>Cum s\u0103 verifica\u021bi rezultatele extragerii<\/h2>\n<p>Aceast\u0103 loterie european\u0103 are dou\u0103 zile de extragere, mar\u021bi \u0219i vineri \u00een fiecare s\u0103pt\u0103m\u00e2n\u0103. Rezultatele extragerilor sunt deseori anun\u021bate \u00een cadrul unui spectacol live. totu\u0219i, a\u0219teptarea pentru a urm\u0103ri extragerile live poate deveni un pic ciudat\u0103. Mai ales dac\u0103 se ciocne\u0219te cu o func\u021bie important\u0103 sau cu locul dvs. de munc\u0103, de exemplu. De aceea, a juca la loto cu noi este o op\u021biune fantastic\u0103.<\/p>\n<p>C\u00e2nd juca\u021bi cu noi, trebuie doar s\u0103 verifica\u021bi \u00eenapoi pentru a afla rezultatele extragerilor. Asta pentru c\u0103 noi public\u0103m rezultatele extragerilor chiar aici, pe site-ul nostru.<\/p>\n<p>De asemenea, dac\u0103 c\u00e2\u0219tiga\u021bi un premiu, v\u0103 vom anun\u021ba imediat ce a\u021bi c\u00e2\u0219tigat prin e-mail. Iar de \u00eendat\u0103 ce v\u0103 conecta\u021bi la contul dvs. pe platforma noastr\u0103, ve\u021bi primi o alert\u0103. S\u0103 joci la loterie este \u0219i mai u\u0219or \u0219i mai convenabil atunci c\u00e2nd \u00ee\u021bi cumperi biletele de loterie de la noi.<\/p>\n<h2>Ce trebuie s\u0103 face\u021bi atunci c\u00e2nd c\u00e2\u0219tiga\u021bi<\/h2>\n<p>Ne place c\u00e2nd clien\u021bii no\u0219tri c\u00e2\u0219tig\u0103 la loto, pentru c\u0103 acesta este motivul pentru care suntem aici \u00een primul r\u00e2nd. Pentru a oferi juc\u0103torilor de pretutindeni acces la loteriile interna\u021bionale de top din confortul calculatoarelor sau al dispozitivelor mobile.<\/p>\n<p>A\u0219adar, dac\u0103 c\u00e2\u0219tiga\u021bi un premiu, nu numai c\u0103 v\u0103 vom alerta, dar v\u0103 pute\u021bi retrage cu u\u0219urin\u021b\u0103 c\u00e2\u0219tigurile de pe platforma noastr\u0103. A\u0219a este. Nu este nevoie s\u0103 merge\u021bi nic\u0103ieri pentru a avea acces la premiul dvs. la loterie, doar retrage\u021bi direct \u00een contul dvs.<\/p>\n<p>Trebuie s\u0103 men\u021bion\u0103m totu\u0219i c\u0103, atunci c\u00e2nd acesta dep\u0103\u0219e\u0219te o anumit\u0103 sum\u0103, s-ar putea s\u0103 fie nevoie s\u0103 completa\u021bi un formular de revendicare. Acest lucru este pentru a v\u0103 ajuta s\u0103 v\u0103 primi\u021bi c\u00e2\u0219tigul de la compania de loterie. Dar noi suntem aici pentru a v\u0103 ajuta \u0219i pentru a face procesul c\u00e2t mai u\u0219or \u0219i mai direct posibil.<\/p>\n<section class=\"layout\" style=\"border: solid 1px; width: 100%;\">\n<div class=\"img-div\" style=\"margin-top: 5px;\"><img decoding=\"async\" class=\"wp-image-17212 alignleft\" style=\"height: 45px; margin: 8px 8px 0px;\" src=\"https:\/\/jackpotlotteryonline.com\/wp-content\/uploads\/2022\/11\/read1.jpg\" alt=\"cite\u0219te\" width=\"\" height=\"\" \/><\/div>\n<div style=\"padding-left: 5px;\">\n<div style=\"font-size: 1.1em;\">\n<p><strong>Cum sunt pl\u0103tit dac\u0103 c\u00e2\u0219tig la loteria online?<\/strong><\/p>\n<p style=\"font-size: 0.85em; margin-top: -1.5em;\">Iat\u0103 cum v\u0103 primi\u021bi banii dac\u0103 c\u00e2\u0219tiga\u021bi la loteria online\u00a0<a href=\"https:\/\/jackpotlotteryonline.com\/ro\/cum-sunt-platit-daca-vin-la-loterie-online\"> cite\u0219te mai mult<\/a><\/p>\n<\/div>\n<\/div>\n<\/section>\n<h2>Verifica\u021bi numerele c\u00e2\u0219tig\u0103toare la Eurojackpot aici<\/h2>\n<p><a href=\"https:\/\/jackpotlotteryonline.com\/ro\/cumpara-bilete\/eurojackpot\">Cump\u0103ra\u021bi-v\u0103 biletele de loterie<\/a>, participa\u021bi la extrageri \u0219i verifica\u021bi rezultatele extragerilor, toate de pe un singur site. Vizita\u021bi jackpotlotteryonline.com ast\u0103zi.<\/p>\n","protected":false},"excerpt":{"rendered":"<p>Cum se verific\u0103 numerele c\u00e2\u0219tig\u0103toare la loteria Eurojackpot? Fiind una dintre cele mai populare loterii din Europa, pariorii de pretutindeni sunt ner\u0103bd\u0103tori s\u0103 aib\u0103 ocazia de a c\u00e2\u0219tiga mult. Dac\u0103 locui\u021bi \u00een afara Europei, pute\u021bi, de asemenea, s\u0103 cump\u0103ra\u021bi bilete la loterie \u0219i s\u0103 verifica\u021bi online rezultatele extragerii. Atunci c\u00e2nd vizita\u021bi jackpotlotteryonline.com ave\u021bi acces la [&hellip;]<\/p>\n","protected":false},"author":1,"featured_media":0,"parent":35848,"menu_order":4,"comment_status":"closed","ping_status":"closed","template":"eurojackpot-results.php","meta":{"_et_pb_use_builder":"","_et_pb_old_content":"","_et_gb_content_width":"","exclude_from_search":false,"footnotes":""},"class_list":["post-40680","page","type-page","status-publish","hentry"],"yoast_head":"<!-- This site is optimized with the Yoast SEO plugin v23.3 - https:\/\/yoast.com\/wordpress\/plugins\/seo\/ -->\n<title>Numerele c\u00e2\u0219tig\u0103toare la Eurojackpot \u0219i rezultatele extragerilor<\/title>\n<meta name=\"description\" content=\"Vrei s\u0103 nu \u0219tii numerele c\u00e2\u0219tig\u0103toare la Eurojackpot? Verific\u0103 aici toate rezultatele extragerilor pentru Eurojackpot \u0219i multe alte loterii!\" \/>\n<meta name=\"robots\" content=\"index, follow, max-snippet:-1, max-image-preview:large, max-video-preview:-1\" \/>\n<link rel=\"canonical\" href=\"https:\/\/jackpotlotteryonline.com\/ro\/numere-castigatoare\/eurojackpot\/\" \/>\n<meta property=\"og:locale\" content=\"ro_RO\" \/>\n<meta property=\"og:type\" content=\"article\" \/>\n<meta property=\"og:title\" content=\"Numerele c\u00e2\u0219tig\u0103toare la Eurojackpot \u0219i rezultatele extragerilor\" \/>\n<meta property=\"og:description\" content=\"Vrei s\u0103 nu \u0219tii numerele c\u00e2\u0219tig\u0103toare la Eurojackpot? Verific\u0103 aici toate rezultatele extragerilor pentru Eurojackpot \u0219i multe alte loterii!\" \/>\n<meta property=\"og:url\" content=\"https:\/\/jackpotlotteryonline.com\/ro\/numere-castigatoare\/eurojackpot\/\" \/>\n<meta property=\"og:site_name\" content=\"Lotto Online - Crack The International Lottery Jackpots\" \/>\n<meta property=\"article:modified_time\" content=\"2022-12-28T08:47:32+00:00\" \/>\n<meta property=\"og:image\" content=\"https:\/\/jackpotlotteryonline.com\/wp-content\/uploads\/2022\/11\/1_online_ticket_eurojackpot.jpg\" \/>\n<meta name=\"twitter:card\" content=\"summary_large_image\" \/>\n<meta name=\"twitter:label1\" content=\"Timp estimat pentru citire\" \/>\n\t<meta name=\"twitter:data1\" content=\"3 minute\" \/>\n<!-- \/ Yoast SEO plugin. -->","yoast_head_json":{"title":"Numerele c\u00e2\u0219tig\u0103toare la Eurojackpot \u0219i rezultatele extragerilor","description":"Vrei s\u0103 nu \u0219tii numerele c\u00e2\u0219tig\u0103toare la Eurojackpot? Verific\u0103 aici toate rezultatele extragerilor pentru Eurojackpot \u0219i multe alte loterii!","robots":{"index":"index","follow":"follow","max-snippet":"max-snippet:-1","max-image-preview":"max-image-preview:large","max-video-preview":"max-video-preview:-1"},"canonical":"https:\/\/jackpotlotteryonline.com\/ro\/numere-castigatoare\/eurojackpot\/","og_locale":"ro_RO","og_type":"article","og_title":"Numerele c\u00e2\u0219tig\u0103toare la Eurojackpot \u0219i rezultatele extragerilor","og_description":"Vrei s\u0103 nu \u0219tii numerele c\u00e2\u0219tig\u0103toare la Eurojackpot? Verific\u0103 aici toate rezultatele extragerilor pentru Eurojackpot \u0219i multe alte loterii!","og_url":"https:\/\/jackpotlotteryonline.com\/ro\/numere-castigatoare\/eurojackpot\/","og_site_name":"Lotto Online - Crack The International Lottery Jackpots","article_modified_time":"2022-12-28T08:47:32+00:00","og_image":[{"url":"https:\/\/jackpotlotteryonline.com\/wp-content\/uploads\/2022\/11\/1_online_ticket_eurojackpot.jpg"}],"twitter_card":"summary_large_image","twitter_misc":{"Timp estimat pentru citire":"3 minute"},"schema":{"@context":"https:\/\/schema.org","@graph":[{"@type":"WebPage","@id":"https:\/\/jackpotlotteryonline.com\/ro\/numere-castigatoare\/eurojackpot\/","url":"https:\/\/jackpotlotteryonline.com\/ro\/numere-castigatoare\/eurojackpot\/","name":"Numerele c\u00e2\u0219tig\u0103toare la Eurojackpot \u0219i rezultatele extragerilor","isPartOf":{"@id":"https:\/\/jackpotlotteryonline.com\/#website"},"primaryImageOfPage":{"@id":"https:\/\/jackpotlotteryonline.com\/ro\/numere-castigatoare\/eurojackpot\/#primaryimage"},"image":{"@id":"https:\/\/jackpotlotteryonline.com\/ro\/numere-castigatoare\/eurojackpot\/#primaryimage"},"thumbnailUrl":"https:\/\/jackpotlotteryonline.com\/wp-content\/uploads\/2022\/11\/1_online_ticket_eurojackpot.jpg","datePublished":"2022-12-06T07:27:38+00:00","dateModified":"2022-12-28T08:47:32+00:00","description":"Vrei s\u0103 nu \u0219tii numerele c\u00e2\u0219tig\u0103toare la Eurojackpot? Verific\u0103 aici toate rezultatele extragerilor pentru Eurojackpot \u0219i multe alte loterii!","breadcrumb":{"@id":"https:\/\/jackpotlotteryonline.com\/ro\/numere-castigatoare\/eurojackpot\/#breadcrumb"},"inLanguage":"ro-RO","potentialAction":[{"@type":"ReadAction","target":["https:\/\/jackpotlotteryonline.com\/ro\/numere-castigatoare\/eurojackpot\/"]}]},{"@type":"ImageObject","inLanguage":"ro-RO","@id":"https:\/\/jackpotlotteryonline.com\/ro\/numere-castigatoare\/eurojackpot\/#primaryimage","url":"https:\/\/jackpotlotteryonline.com\/wp-content\/uploads\/2022\/11\/1_online_ticket_eurojackpot.jpg","contentUrl":"https:\/\/jackpotlotteryonline.com\/wp-content\/uploads\/2022\/11\/1_online_ticket_eurojackpot.jpg"},{"@type":"BreadcrumbList","@id":"https:\/\/jackpotlotteryonline.com\/ro\/numere-castigatoare\/eurojackpot\/#breadcrumb","itemListElement":[{"@type":"ListItem","position":1,"name":"Home","item":"https:\/\/jackpotlotteryonline.com\/ro\/"},{"@type":"ListItem","position":2,"name":"Rezultatele loteriei","item":"https:\/\/jackpotlotteryonline.com\/ro\/numere-castigatoare\/"},{"@type":"ListItem","position":3,"name":"Rezultatele extragerii Eurojackpot"}]},{"@type":"WebSite","@id":"https:\/\/jackpotlotteryonline.com\/#website","url":"https:\/\/jackpotlotteryonline.com\/","name":"Lotto Online - Crack The International Lottery Jackpots","description":"","potentialAction":[{"@type":"SearchAction","target":{"@type":"EntryPoint","urlTemplate":"https:\/\/jackpotlotteryonline.com\/?s={search_term_string}"},"query-input":"required name=search_term_string"}],"inLanguage":"ro-RO"}]}},"_links":{"self":[{"href":"https:\/\/jackpotlotteryonline.com\/ro\/wp-json\/wp\/v2\/pages\/40680","targetHints":{"allow":["GET"]}}],"collection":[{"href":"https:\/\/jackpotlotteryonline.com\/ro\/wp-json\/wp\/v2\/pages"}],"about":[{"href":"https:\/\/jackpotlotteryonline.com\/ro\/wp-json\/wp\/v2\/types\/page"}],"author":[{"embeddable":true,"href":"https:\/\/jackpotlotteryonline.com\/ro\/wp-json\/wp\/v2\/users\/1"}],"replies":[{"embeddable":true,"href":"https:\/\/jackpotlotteryonline.com\/ro\/wp-json\/wp\/v2\/comments?post=40680"}],"version-history":[{"count":0,"href":"https:\/\/jackpotlotteryonline.com\/ro\/wp-json\/wp\/v2\/pages\/40680\/revisions"}],"up":[{"embeddable":true,"href":"https:\/\/jackpotlotteryonline.com\/ro\/wp-json\/wp\/v2\/pages\/35848"}],"wp:attachment":[{"href":"https:\/\/jackpotlotteryonline.com\/ro\/wp-json\/wp\/v2\/media?parent=40680"}],"curies":[{"name":"wp","href":"https:\/\/api.w.org\/{rel}","templated":true}]}}