{"id":40732,"date":"2022-12-06T08:44:57","date_gmt":"2022-12-06T08:44:57","guid":{"rendered":"https:\/\/jackpotlotteryonline.com\/?page_id=40732"},"modified":"2022-12-27T10:15:07","modified_gmt":"2022-12-27T10:15:07","slug":"superenalotto","status":"publish","type":"page","link":"https:\/\/jackpotlotteryonline.com\/ro\/numere-castigatoare\/superenalotto\/","title":{"rendered":"Rezultatele tragerii la sor\u021bi la Superenalotto"},"content":{"rendered":"<p>Superenalotto este loteria na\u021bional\u0103 a Italiei \u0219i este o loterie popular\u0103 \u00een r\u00e2ndul pariorilor din aceast\u0103 \u021bar\u0103. Dac\u0103 juca\u021bi din afara Italiei, este o idee bun\u0103 s\u0103 v\u0103 da\u021bi seama cum pute\u021bi verifica numerele c\u00e2\u0219tig\u0103toare. Continua\u021bi s\u0103 citi\u021bi pentru a afla mai multe.<\/p>\n<h2>Pa\u0219i pentru a juca Superenalotto online<\/h2>\n<p>A<a href=\"https:\/\/jackpotlotteryonline.com\/ro\/cum-se-joaca\/superenalotto\"> juca Superenalotto online<\/a> este ca \u0219i cum ai juca offline, dar cu mai mult\u0103 comoditate \u0219i u\u0219urin\u021b\u0103. Odat\u0103 ce mergi pe pagina Superenalotto de pe jackpotlotteryoneline.com, po\u021bi alege 6 numere de la 1 la 90. Apoi, alege\u021bi num\u0103rul de extrageri la care dori\u021bi s\u0103 participa\u021bi \u0219i pute\u021bi participa cu p\u00e2n\u0103 la 5 s\u0103pt\u0103m\u00e2ni \u00eenainte. Cu c\u00e2t participi la mai multe extrageri, cu at\u00e2t \u0219ansele tale de c\u00e2\u0219tig sunt mai mari.<\/p>\n<p>Superenalotto organizeaz\u0103 trei extrageri s\u0103pt\u0103m\u00e2nale \u00een zilele de mar\u021bi, joi \u0219i s\u00e2mb\u0103t\u0103. A\u0219adar, pute\u021bi participa la una sau la toate. Pute\u021bi alege un num\u0103r SuperStar pentru a v\u0103 \u00eembun\u0103t\u0103\u021bi \u0219ansele de a c\u00e2\u0219tiga la loto. De asemenea, exist\u0103 \u0219i &#8220;Num\u0103rul Jolly&#8221;, care este de la 1 la 90 \u0219i este folosit pentru a determina c\u00e2\u0219tig\u0103torul celui de-al doilea nivel.<\/p>\n<h2>Cum s\u0103 v\u0103 verifica\u021bi numerele c\u00e2\u0219tig\u0103toare<\/h2>\n<p><img loading=\"lazy\" decoding=\"async\" class=\"alignright size-full wp-image-31316\" src=\"https:\/\/jackpotlotteryonline.com\/wp-content\/uploads\/2022\/11\/logo_superenalotto.png\" alt=\"Rezultatele extragerii Superenalotto\" width=\"200\" height=\"212\" \/>Exist\u0103 diferite moduri \u00een care pute\u021bi verifica numerele c\u00e2\u0219tig\u0103toare atunci c\u00e2nd juca\u021bi la Superenalotto. De\u0219i pute\u021bi urm\u0103ri extragerile \u00een direct la televizor, acest lucru este posibil doar dac\u0103 locui\u021bi \u00een Italia \u0219i vorbi\u021bi italiana. Din fericire, pute\u021bi verifica numerele c\u00e2\u0219tig\u0103toare \u0219i online, dup\u0103 extrageri. Majoritatea site-urilor de \u0219tiri vor publica rezultatele extragerilor.<\/p>\n<p>Exist\u0103 \u00eens\u0103 c\u00e2teva probleme \u00een acest sens. \u00cen primul r\u00e2nd, a\u021bi putea uita cu u\u0219urin\u021b\u0103 s\u0103 verifica\u021bi rezultatele extragerii. Exist\u0103 pove\u0219ti despre premii jackpot care au r\u0103mas nerevendicate, probabil pentru c\u0103 c\u00e2\u0219tig\u0103torii au uitat s\u0103 \u00ee\u0219i verifice biletele. De asemenea, o mul\u021bime de site-uri public\u0103 doar numerele c\u00e2\u0219tig\u0103toare pentru primul nivel. Majoritatea loteriilor au mai multe niveluri de premii.<\/p>\n<p>Dac\u0103 juca\u021bi la Superenalotto cu noi, nu trebuie s\u0103 v\u0103 face\u021bi griji c\u0103 ve\u021bi pierde vreun premiu. Nu numai c\u0103 v\u0103 vom informa imediat ce c\u00e2\u0219tiga\u021bi un premiu, dar ve\u021bi primi o notificare imediat ce v\u0103 conecta\u021bi. \u00cen plus, public\u0103m rezultatele loteriei imediat dup\u0103 extrageri chiar aici, pe site-ul nostru. A\u0219a c\u0103 reveni\u021bi dup\u0103 extrageri pentru a vedea dac\u0103 ave\u021bi numerele c\u00e2\u0219tig\u0103toare pentru Superenalotto.<\/p>\n<h2>Nivele de premii Superenalotto<\/h2>\n<p>Am men\u021bionat deja c\u0103 loteria Superenalotto are un premiu jackpot de 2 milioane de euro. Dar, \u0219tia\u021bi c\u0103 nu exist\u0103 un plafon pentru suma jackpot-ului? Asta \u00eenseamn\u0103 c\u0103, dac\u0103 nu exist\u0103 niciun c\u00e2\u0219tig\u0103tor dup\u0103 o extragere, premiul continu\u0103 s\u0103 se rostogoleasc\u0103 p\u00e2n\u0103 c\u00e2nd exist\u0103 un c\u00e2\u0219tig\u0103tor. Jackpotul s-a rostogolit de at\u00e2t de multe ori \u00een 2019, \u00eenc\u00e2t a ajuns la o sum\u0103 record de 209,1 milioane de euro.<\/p>\n<p>\u00cen afar\u0103 de jackpot, care este premiul pentru primul nivel, exist\u0103 \u0219i alte premii pe care un juc\u0103tor le poate c\u00e2\u0219tiga. Premiile sunt determinate de fondul de premii, deci nu exist\u0103 o sum\u0103 fix\u0103. Cu toate acestea, vom \u00eemp\u0103rt\u0103\u0219i suma medie pe extragere.<\/p>\n<p>Meciul 6 &#8211; 92.056.091,66 \u20ac.<\/p>\n<p>Meciul 5 + num\u0103rul Jolly &#8211; 594.951,95 \u20ac.<\/p>\n<p>Meciul 5 &#8211; 49.736,38 \u20ac.<\/p>\n<p>Meciul 4 numere &#8211; 354,83 \u20ac.<\/p>\n<p>Meciul 3 numere &#8211; 27,15 \u20ac.<\/p>\n<p>Potrivirea a 2 numere &#8211; 5,48 euro<\/p>\n<section class=\"layout\" style=\"border: solid 1px; width: 100%;\">\n<div class=\"img-div\" style=\"margin-top: 5px;\"><img decoding=\"async\" class=\"wp-image-17212 alignleft\" style=\"height: 45px; margin: 8px 8px 0px;\" src=\"https:\/\/jackpotlotteryonline.com\/wp-content\/uploads\/2022\/11\/read1.jpg\" alt=\"cite\u0219te\" width=\"\" height=\"\" \/><\/div>\n<div style=\"padding-left: 5px;\">\n<div style=\"font-size: 1.1em;\">\n<p><strong>Loteriile care au cele mai mari \u0219anse ca tu s\u0103 c\u00e2\u0219tigi mult<\/strong><\/p>\n<p style=\"font-size: 0.85em; margin-top: -1.5em;\">Care loterie are cele mai bune \u0219anse de c\u00e2\u0219tig? <a href=\"https:\/\/jackpotlotteryonline.com\/ro\/care-loterie-are-cele-mai-bune-sanse-de-castig\">cite\u0219te mai mult<\/a><\/p>\n<\/div>\n<\/div>\n<\/section>\n<h2>Revendicarea c\u00e2\u0219tigurilor Superenalotto<\/h2>\n<p>Din moment ce joci Superenalotto online, este normal s\u0103 te \u00eentrebi ce se \u00eent\u00e2mpl\u0103 c\u00e2nd c\u00e2\u0219tigi un premiu. Aici, v\u0103 vom \u00eemp\u0103rt\u0103\u0219i cum v\u0103 pute\u021bi revendica c\u00e2\u0219tigurile Superenalotto chiar dac\u0103 locui\u021bi \u00een afara Italiei.<\/p>\n<p>Atunci c\u00e2nd joci Superenalotto cu noi, revendicarea c\u00e2\u0219tigurilor tale este la fel de simpl\u0103 ca \u0219i conectarea la contul t\u0103u aici. Pentru c\u00e2\u0219tigurile mai mici de 2500 \u20ac, pute\u021bi \u00eencasa banii direct de pe platforma noastr\u0103 \u00een contul dvs. Este cu adev\u0103rat simplu \u0219i f\u0103r\u0103 b\u0103t\u0103i de cap, astfel \u00eenc\u00e2t s\u0103 v\u0103 pute\u021bi concentra pe o experien\u021b\u0103 minunat\u0103 de loterie.<\/p>\n<p>Pentru sume mai mari, s-ar putea s\u0103 fie nevoie s\u0103 contacta\u021bi compania de loterie \u0219i s\u0103 completa\u021bi un formular de revendicare. Dar, noi vom fi aici pentru a v\u0103 ghida \u00een acest proces. Deci,<a href=\"https:\/\/jackpotlotteryonline.com\/ro\/cumpara-bilete\/superenalotto\"> cump\u0103ra\u021bi-v\u0103 ast\u0103zi biletul Superenalotto<\/a> \u0219i alege\u021bi numerele c\u00e2\u0219tig\u0103toare.<\/p>\n","protected":false},"excerpt":{"rendered":"<p>Superenalotto este loteria na\u021bional\u0103 a Italiei \u0219i este o loterie popular\u0103 \u00een r\u00e2ndul pariorilor din aceast\u0103 \u021bar\u0103. Dac\u0103 juca\u021bi din afara Italiei, este o idee bun\u0103 s\u0103 v\u0103 da\u021bi seama cum pute\u021bi verifica numerele c\u00e2\u0219tig\u0103toare. Continua\u021bi s\u0103 citi\u021bi pentru a afla mai multe. Pa\u0219i pentru a juca Superenalotto online A juca Superenalotto online este ca [&hellip;]<\/p>\n","protected":false},"author":1,"featured_media":0,"parent":35848,"menu_order":5,"comment_status":"closed","ping_status":"closed","template":"superenalotto-results.php","meta":{"_et_pb_use_builder":"","_et_pb_old_content":"","_et_gb_content_width":"","exclude_from_search":false,"footnotes":""},"class_list":["post-40732","page","type-page","status-publish","hentry"],"yoast_head":"<!-- This site is optimized with the Yoast SEO plugin v23.3 - https:\/\/yoast.com\/wordpress\/plugins\/seo\/ -->\n<title>Numerele c\u00e2\u0219tig\u0103toare \u0219i rezultatele extragerii Superenalotto<\/title>\n<meta name=\"description\" content=\"Afla\u021bi rezultatele extragerii \u0219i numerele c\u00e2\u0219tig\u0103toare pentru Superenalotto din Italia, cu actualiz\u0103ri zilnice aici, pe site-ul nostru de loterie\" \/>\n<meta name=\"robots\" content=\"index, follow, max-snippet:-1, max-image-preview:large, max-video-preview:-1\" \/>\n<link rel=\"canonical\" href=\"https:\/\/jackpotlotteryonline.com\/ro\/numere-castigatoare\/superenalotto\/\" \/>\n<meta property=\"og:locale\" content=\"ro_RO\" \/>\n<meta property=\"og:type\" content=\"article\" \/>\n<meta property=\"og:title\" content=\"Numerele c\u00e2\u0219tig\u0103toare \u0219i rezultatele extragerii Superenalotto\" \/>\n<meta property=\"og:description\" content=\"Afla\u021bi rezultatele extragerii \u0219i numerele c\u00e2\u0219tig\u0103toare pentru Superenalotto din Italia, cu actualiz\u0103ri zilnice aici, pe site-ul nostru de loterie\" \/>\n<meta property=\"og:url\" content=\"https:\/\/jackpotlotteryonline.com\/ro\/numere-castigatoare\/superenalotto\/\" \/>\n<meta property=\"og:site_name\" content=\"Lotto Online - Crack The International Lottery Jackpots\" \/>\n<meta property=\"article:modified_time\" content=\"2022-12-27T10:15:07+00:00\" \/>\n<meta property=\"og:image\" content=\"https:\/\/jackpotlotteryonline.com\/wp-content\/uploads\/2022\/11\/logo_superenalotto.png\" \/>\n<meta name=\"twitter:card\" content=\"summary_large_image\" \/>\n<meta name=\"twitter:label1\" content=\"Timp estimat pentru citire\" \/>\n\t<meta name=\"twitter:data1\" content=\"4 minute\" \/>\n<!-- \/ Yoast SEO plugin. -->","yoast_head_json":{"title":"Numerele c\u00e2\u0219tig\u0103toare \u0219i rezultatele extragerii Superenalotto","description":"Afla\u021bi rezultatele extragerii \u0219i numerele c\u00e2\u0219tig\u0103toare pentru Superenalotto din Italia, cu actualiz\u0103ri zilnice aici, pe site-ul nostru de loterie","robots":{"index":"index","follow":"follow","max-snippet":"max-snippet:-1","max-image-preview":"max-image-preview:large","max-video-preview":"max-video-preview:-1"},"canonical":"https:\/\/jackpotlotteryonline.com\/ro\/numere-castigatoare\/superenalotto\/","og_locale":"ro_RO","og_type":"article","og_title":"Numerele c\u00e2\u0219tig\u0103toare \u0219i rezultatele extragerii Superenalotto","og_description":"Afla\u021bi rezultatele extragerii \u0219i numerele c\u00e2\u0219tig\u0103toare pentru Superenalotto din Italia, cu actualiz\u0103ri zilnice aici, pe site-ul nostru de loterie","og_url":"https:\/\/jackpotlotteryonline.com\/ro\/numere-castigatoare\/superenalotto\/","og_site_name":"Lotto Online - Crack The International Lottery Jackpots","article_modified_time":"2022-12-27T10:15:07+00:00","og_image":[{"url":"https:\/\/jackpotlotteryonline.com\/wp-content\/uploads\/2022\/11\/logo_superenalotto.png"}],"twitter_card":"summary_large_image","twitter_misc":{"Timp estimat pentru citire":"4 minute"},"schema":{"@context":"https:\/\/schema.org","@graph":[{"@type":"WebPage","@id":"https:\/\/jackpotlotteryonline.com\/ro\/numere-castigatoare\/superenalotto\/","url":"https:\/\/jackpotlotteryonline.com\/ro\/numere-castigatoare\/superenalotto\/","name":"Numerele c\u00e2\u0219tig\u0103toare \u0219i rezultatele extragerii Superenalotto","isPartOf":{"@id":"https:\/\/jackpotlotteryonline.com\/#website"},"primaryImageOfPage":{"@id":"https:\/\/jackpotlotteryonline.com\/ro\/numere-castigatoare\/superenalotto\/#primaryimage"},"image":{"@id":"https:\/\/jackpotlotteryonline.com\/ro\/numere-castigatoare\/superenalotto\/#primaryimage"},"thumbnailUrl":"https:\/\/jackpotlotteryonline.com\/wp-content\/uploads\/2022\/11\/logo_superenalotto.png","datePublished":"2022-12-06T08:44:57+00:00","dateModified":"2022-12-27T10:15:07+00:00","description":"Afla\u021bi rezultatele extragerii \u0219i numerele c\u00e2\u0219tig\u0103toare pentru Superenalotto din Italia, cu actualiz\u0103ri zilnice aici, pe site-ul nostru de loterie","breadcrumb":{"@id":"https:\/\/jackpotlotteryonline.com\/ro\/numere-castigatoare\/superenalotto\/#breadcrumb"},"inLanguage":"ro-RO","potentialAction":[{"@type":"ReadAction","target":["https:\/\/jackpotlotteryonline.com\/ro\/numere-castigatoare\/superenalotto\/"]}]},{"@type":"ImageObject","inLanguage":"ro-RO","@id":"https:\/\/jackpotlotteryonline.com\/ro\/numere-castigatoare\/superenalotto\/#primaryimage","url":"https:\/\/jackpotlotteryonline.com\/wp-content\/uploads\/2022\/11\/logo_superenalotto.png","contentUrl":"https:\/\/jackpotlotteryonline.com\/wp-content\/uploads\/2022\/11\/logo_superenalotto.png"},{"@type":"BreadcrumbList","@id":"https:\/\/jackpotlotteryonline.com\/ro\/numere-castigatoare\/superenalotto\/#breadcrumb","itemListElement":[{"@type":"ListItem","position":1,"name":"Home","item":"https:\/\/jackpotlotteryonline.com\/ro\/"},{"@type":"ListItem","position":2,"name":"Rezultatele loteriei","item":"https:\/\/jackpotlotteryonline.com\/ro\/numere-castigatoare\/"},{"@type":"ListItem","position":3,"name":"Rezultatele tragerii la sor\u021bi la Superenalotto"}]},{"@type":"WebSite","@id":"https:\/\/jackpotlotteryonline.com\/#website","url":"https:\/\/jackpotlotteryonline.com\/","name":"Lotto Online - Crack The International Lottery Jackpots","description":"","potentialAction":[{"@type":"SearchAction","target":{"@type":"EntryPoint","urlTemplate":"https:\/\/jackpotlotteryonline.com\/?s={search_term_string}"},"query-input":"required name=search_term_string"}],"inLanguage":"ro-RO"}]}},"_links":{"self":[{"href":"https:\/\/jackpotlotteryonline.com\/ro\/wp-json\/wp\/v2\/pages\/40732","targetHints":{"allow":["GET"]}}],"collection":[{"href":"https:\/\/jackpotlotteryonline.com\/ro\/wp-json\/wp\/v2\/pages"}],"about":[{"href":"https:\/\/jackpotlotteryonline.com\/ro\/wp-json\/wp\/v2\/types\/page"}],"author":[{"embeddable":true,"href":"https:\/\/jackpotlotteryonline.com\/ro\/wp-json\/wp\/v2\/users\/1"}],"replies":[{"embeddable":true,"href":"https:\/\/jackpotlotteryonline.com\/ro\/wp-json\/wp\/v2\/comments?post=40732"}],"version-history":[{"count":0,"href":"https:\/\/jackpotlotteryonline.com\/ro\/wp-json\/wp\/v2\/pages\/40732\/revisions"}],"up":[{"embeddable":true,"href":"https:\/\/jackpotlotteryonline.com\/ro\/wp-json\/wp\/v2\/pages\/35848"}],"wp:attachment":[{"href":"https:\/\/jackpotlotteryonline.com\/ro\/wp-json\/wp\/v2\/media?parent=40732"}],"curies":[{"name":"wp","href":"https:\/\/api.w.org\/{rel}","templated":true}]}}