{"id":40785,"date":"2022-12-06T10:28:49","date_gmt":"2022-12-06T10:28:49","guid":{"rendered":"https:\/\/jackpotlotteryonline.com\/?page_id=40785"},"modified":"2022-12-28T14:30:59","modified_gmt":"2022-12-28T14:30:59","slug":"la-primitiva","status":"publish","type":"page","link":"https:\/\/jackpotlotteryonline.com\/ro\/numere-castigatoare\/la-primitiva\/","title":{"rendered":"Rezultatele tragerii la sor\u021bi La Primitiva"},"content":{"rendered":"<h2>Cum se aleg numerele c\u00e2\u0219tig\u0103toare La Primitiva<\/h2>\n<p>\u00cen primul r\u00e2nd, dac\u0103 vrei s\u0103 joci La Primitiva, trebuie s\u0103 alegi 6 numere dintr-un interval de la 1 la 49. \u00cen plus, ar trebui s\u0103 alegi 1 num\u0103r de la 0 la 9. Acest num\u0103r suplimentar se nume\u0219te num\u0103rul Reintegro. Exist\u0103, de asemenea, num\u0103rul Complemantario \u0219i este folosit pentru a determina unele dintre nivelurile de premii.<\/p>\n<p>Exist\u0103 mai multe metode pe care juc\u0103torii le folosesc pentru a-\u0219i alege numerele La Primitiva. Unii prefer\u0103 s\u0103 aleag\u0103 cifre care au semnifica\u021bii speciale pentru ei. Cum ar fi zilele lor de na\u0219tere sau anivers\u0103rile. Al\u021bii aleg pur \u0219i simplu numere la \u00eent\u00e2mplare \u0219i sper\u0103 c\u0103 norocul va fi de partea lor. Din moment ce La Primitiva, ca orice loterie, este un joc de noroc, nimeni nu \u00eei poate \u00eenvinov\u0103\u021bi.<\/p>\n<section class=\"layout\" style=\"border: solid 1px; width: 100%;\">\n<div class=\"img-div\" style=\"margin-top: 5px;\"><img decoding=\"async\" class=\"wp-image-17212 alignleft\" style=\"height: 45px; margin: 8px 8px 0px;\" src=\"https:\/\/jackpotlotteryonline.com\/wp-content\/uploads\/2022\/11\/read1.jpg\" alt=\"cite\u0219te\" width=\"\" height=\"\" \/><\/div>\n<div style=\"padding-left: 5px;\">\n<div style=\"font-size: 1.1em;\">\n<p><strong>Sfaturi pentru loterie<\/strong><\/p>\n<p style=\"font-size: 0.85em; margin-top: -1.5em;\">Sfaturi care te ajut\u0103 s\u0103 c\u00e2\u0219tigi la loto\u00a0 <a href=\"https:\/\/jackpotlotteryonline.com\/ro\/sfaturi-care-te-ajuta-sa-castigi-la-loto\"> cite\u0219te mai mult<\/a><\/p>\n<\/div>\n<\/div>\n<\/section>\n<h2>C\u00e2\u0219tigarea La Primitiva<\/h2>\n<p>La Primitiva organizeaz\u0103 trei extrageri pe s\u0103pt\u0103m\u00e2n\u0103, \u00een zilele de luni, joi \u0219i s\u00e2mb\u0103t\u0103. Dup\u0103 ce v\u0103 alege\u021bi numerele, urm\u0103torul pas este s\u0103 participa\u021bi la extragerile pe care le alege\u021bi. Dup\u0103 extrageri, biletul care se potrive\u0219te cu rezultatele extrase c\u00e2\u0219tig\u0103 loteria.<\/p>\n<p>Prin urmare, plecarea acas\u0103 cu un premiu are foarte mult de-a face cu cifrele pe care le alege\u021bi.<\/p>\n<p>Pentru a c\u00e2\u0219tiga jackpotul La Primitiva, un juc\u0103tor trebuie s\u0103 potriveasc\u0103 toate cele 7 numere (cele 6 principale \u0219i num\u0103rul Reintegro). Suma jackpotului \u00eencepe de la 5 milioane de euro. \u00cen cazul \u00een care exist\u0103 mai mult de un c\u00e2\u0219tig\u0103tor, suma este \u00eemp\u0103r\u021bit\u0103 \u00eentre ace\u0219tia. Iat\u0103 care sunt premiile pe care le pot c\u00e2\u0219tiga juc\u0103torii.<img loading=\"lazy\" decoding=\"async\" class=\"alignright size-full wp-image-27671\" src=\"https:\/\/jackpotlotteryonline.com\/wp-content\/uploads\/2022\/11\/1_lottery_online_winner3.jpg\" alt=\"C\u00e2\u0219tig\u0103 La Primitiva\" width=\"300\" height=\"300\" srcset=\"https:\/\/jackpotlotteryonline.com\/wp-content\/uploads\/2022\/11\/1_lottery_online_winner3.jpg 300w, https:\/\/jackpotlotteryonline.com\/wp-content\/uploads\/2022\/11\/1_lottery_online_winner3-100x100.jpg 100w, https:\/\/jackpotlotteryonline.com\/wp-content\/uploads\/2022\/11\/1_lottery_online_winner3-150x150.jpg 150w\" sizes=\"auto, (max-width: 300px) 100vw, 300px\" \/><\/p>\n<p>Jackpot &#8211; Meci 6 + Reintegro<\/p>\n<p>Divizia 1 &#8211; Doar meciul 6<\/p>\n<p>Divizia 2 &#8211; Meciul 5 + Num\u0103r gratuit<\/p>\n<p>Divizia 3 &#8211; Doar meciul 5<\/p>\n<p>Divizia 4 &#8211; Doar meciul 4<\/p>\n<p>Divizia 5 &#8211; Doar meciul 3<\/p>\n<p>Reintegro &#8211; Potrive\u0219te doar num\u0103rul Reintegro<\/p>\n<h2>Juc\u00e2nd La Primitiva online cu jackpotlotteryonline.com<\/h2>\n<p>Atunci c\u00e2nd <a href=\"https:\/\/jackpotlotteryonline.com\/ro\/cum-se-joaca\/la-primitiva-2\">joci la loteria La Primitiva cu noi<\/a>, nu numai c\u0103 ai acces la La Primitiva, dar \u0219i la rezultatele extragerii. Jocul online deschide o lume de oportunit\u0103\u021bi at\u00e2t pentru pariorii experimenta\u021bi, c\u00e2t \u0219i pentru \u00eencep\u0103tori. Oferim o modalitate convenabil\u0103 de a cump\u0103ra biletele de loterie, de a verifica rezultatele \u0219i de a accesa c\u00e2\u0219tigurile tale. Dar vom ajunge la acest aspect \u00eentr-un moment.<\/p>\n<p>Pute\u021bi <a href=\"https:\/\/jackpotlotteryonline.com\/ro\/cumpara-bilete\/la-primitiva\">cump\u0103ra cu u\u0219urin\u021b\u0103 biletul de loterie La Primitiva<\/a>, acces\u00e2nd pagina loteriei \u0219i aleg\u00e2nd cifrele c\u00e2\u0219tig\u0103toare. Dac\u0103 nu sunte\u021bi sigur ce s\u0103 alege\u021bi, pute\u021bi folosi generatorul nostru automat pentru a alege cifre aleatorii. \u00cen continuare, introduce\u021bi extragerile alese de dvs. \u0219i, dac\u0103 nu sunte\u021bi deja \u00eenregistrat la noi, \u00eenregistra\u021bi-v\u0103 pentru un cont.<\/p>\n<p>\u00censcrierea este un pas esen\u021bial \u0219i ve\u021bi avea nevoie de un cont din urm\u0103toarele motive:<\/p>\n<ul>\n<li>Pentru a v\u0103 stoca biletul digital<\/li>\n<li>Pentru a configura \u00eenscrieri automate la extrageri<\/li>\n<li>Pentru a primi notific\u0103ri atunci c\u00e2nd c\u00e2\u0219tiga\u021bi premii<\/li>\n<\/ul>\n<h2>Pentru a v\u0103 verifica rezultatele loteriei La Primitiva<\/h2>\n<p>Verificarea rezultatelor La Primitiva nu a fost niciodat\u0103 mai u\u0219oar\u0103 atunci c\u00e2nd joci online cu noi. Dup\u0103 fiecare extragere, public\u0103m rezultatele extragerii chiar aici, pe pagina noastr\u0103. Dincolo de asta \u00eens\u0103, v\u0103 vom notifica prin e-mail atunci c\u00e2nd c\u00e2\u0219tiga\u021bi un premiu. A\u0219a c\u0103 nu trebuie s\u0103 mai rata\u021bi niciodat\u0103 s\u0103 v\u0103 ridica\u021bi premiul.<\/p>\n<h2>Revendicarea c\u00e2\u0219tigurilor dvs.<\/h2>\n<p>Poate cea mai interesant\u0103 parte a jocului online La Primitiva este c\u0103 nu trebuie s\u0103 mergi \u00een Spania pentru a-\u021bi revendica c\u00e2\u0219tigurile. Pentru c\u00e2\u0219tigurile care sunt mai mici de 2.500 \u20ac, pute\u021bi pur \u0219i simplu s\u0103 v\u0103 retrage\u021bi din platforma noastr\u0103 \u00een contul dumneavoastr\u0103.<\/p>\n<p>Joac\u0103 la loto cu noi pentru a verifica numerele c\u00e2\u0219tig\u0103toare La Primitiva online.<\/p>\n","protected":false},"excerpt":{"rendered":"<p>Cum se aleg numerele c\u00e2\u0219tig\u0103toare La Primitiva \u00cen primul r\u00e2nd, dac\u0103 vrei s\u0103 joci La Primitiva, trebuie s\u0103 alegi 6 numere dintr-un interval de la 1 la 49. \u00cen plus, ar trebui s\u0103 alegi 1 num\u0103r de la 0 la 9. Acest num\u0103r suplimentar se nume\u0219te num\u0103rul Reintegro. Exist\u0103, de asemenea, num\u0103rul Complemantario \u0219i este [&hellip;]<\/p>\n","protected":false},"author":1,"featured_media":0,"parent":35848,"menu_order":7,"comment_status":"closed","ping_status":"closed","template":"la-primitiva-results.php","meta":{"_et_pb_use_builder":"","_et_pb_old_content":"","_et_gb_content_width":"","exclude_from_search":false,"footnotes":""},"class_list":["post-40785","page","type-page","status-publish","hentry"],"yoast_head":"<!-- This site is optimized with the Yoast SEO plugin v23.3 - https:\/\/yoast.com\/wordpress\/plugins\/seo\/ -->\n<title>Numerele c\u00e2\u0219tig\u0103toare La Primitiva \u0219i rezultatele extragerii<\/title>\n<meta name=\"description\" content=\"Loteria La Primitiva din Spania - toate rezultatele extragerilor \u0219i numerele c\u00e2\u0219tig\u0103toare, plus o arhiv\u0103 de rezultate, toate pe un singur site web\" \/>\n<meta name=\"robots\" content=\"index, follow, max-snippet:-1, max-image-preview:large, max-video-preview:-1\" \/>\n<link rel=\"canonical\" href=\"https:\/\/jackpotlotteryonline.com\/ro\/numere-castigatoare\/la-primitiva\/\" \/>\n<meta property=\"og:locale\" content=\"ro_RO\" \/>\n<meta property=\"og:type\" content=\"article\" \/>\n<meta property=\"og:title\" content=\"Numerele c\u00e2\u0219tig\u0103toare La Primitiva \u0219i rezultatele extragerii\" \/>\n<meta property=\"og:description\" content=\"Loteria La Primitiva din Spania - toate rezultatele extragerilor \u0219i numerele c\u00e2\u0219tig\u0103toare, plus o arhiv\u0103 de rezultate, toate pe un singur site web\" \/>\n<meta property=\"og:url\" content=\"https:\/\/jackpotlotteryonline.com\/ro\/numere-castigatoare\/la-primitiva\/\" \/>\n<meta property=\"og:site_name\" content=\"Lotto Online - Crack The International Lottery Jackpots\" \/>\n<meta property=\"article:modified_time\" content=\"2022-12-28T14:30:59+00:00\" \/>\n<meta property=\"og:image\" content=\"https:\/\/jackpotlotteryonline.com\/wp-content\/uploads\/2022\/11\/read1.jpg\" \/>\n<meta name=\"twitter:card\" content=\"summary_large_image\" \/>\n<meta name=\"twitter:label1\" content=\"Timp estimat pentru citire\" \/>\n\t<meta name=\"twitter:data1\" content=\"3 minute\" \/>\n<!-- \/ Yoast SEO plugin. -->","yoast_head_json":{"title":"Numerele c\u00e2\u0219tig\u0103toare La Primitiva \u0219i rezultatele extragerii","description":"Loteria La Primitiva din Spania - toate rezultatele extragerilor \u0219i numerele c\u00e2\u0219tig\u0103toare, plus o arhiv\u0103 de rezultate, toate pe un singur site web","robots":{"index":"index","follow":"follow","max-snippet":"max-snippet:-1","max-image-preview":"max-image-preview:large","max-video-preview":"max-video-preview:-1"},"canonical":"https:\/\/jackpotlotteryonline.com\/ro\/numere-castigatoare\/la-primitiva\/","og_locale":"ro_RO","og_type":"article","og_title":"Numerele c\u00e2\u0219tig\u0103toare La Primitiva \u0219i rezultatele extragerii","og_description":"Loteria La Primitiva din Spania - toate rezultatele extragerilor \u0219i numerele c\u00e2\u0219tig\u0103toare, plus o arhiv\u0103 de rezultate, toate pe un singur site web","og_url":"https:\/\/jackpotlotteryonline.com\/ro\/numere-castigatoare\/la-primitiva\/","og_site_name":"Lotto Online - Crack The International Lottery Jackpots","article_modified_time":"2022-12-28T14:30:59+00:00","og_image":[{"url":"https:\/\/jackpotlotteryonline.com\/wp-content\/uploads\/2022\/11\/read1.jpg"}],"twitter_card":"summary_large_image","twitter_misc":{"Timp estimat pentru citire":"3 minute"},"schema":{"@context":"https:\/\/schema.org","@graph":[{"@type":"WebPage","@id":"https:\/\/jackpotlotteryonline.com\/ro\/numere-castigatoare\/la-primitiva\/","url":"https:\/\/jackpotlotteryonline.com\/ro\/numere-castigatoare\/la-primitiva\/","name":"Numerele c\u00e2\u0219tig\u0103toare La Primitiva \u0219i rezultatele extragerii","isPartOf":{"@id":"https:\/\/jackpotlotteryonline.com\/#website"},"primaryImageOfPage":{"@id":"https:\/\/jackpotlotteryonline.com\/ro\/numere-castigatoare\/la-primitiva\/#primaryimage"},"image":{"@id":"https:\/\/jackpotlotteryonline.com\/ro\/numere-castigatoare\/la-primitiva\/#primaryimage"},"thumbnailUrl":"https:\/\/jackpotlotteryonline.com\/wp-content\/uploads\/2022\/11\/read1.jpg","datePublished":"2022-12-06T10:28:49+00:00","dateModified":"2022-12-28T14:30:59+00:00","description":"Loteria La Primitiva din Spania - toate rezultatele extragerilor \u0219i numerele c\u00e2\u0219tig\u0103toare, plus o arhiv\u0103 de rezultate, toate pe un singur site web","breadcrumb":{"@id":"https:\/\/jackpotlotteryonline.com\/ro\/numere-castigatoare\/la-primitiva\/#breadcrumb"},"inLanguage":"ro-RO","potentialAction":[{"@type":"ReadAction","target":["https:\/\/jackpotlotteryonline.com\/ro\/numere-castigatoare\/la-primitiva\/"]}]},{"@type":"ImageObject","inLanguage":"ro-RO","@id":"https:\/\/jackpotlotteryonline.com\/ro\/numere-castigatoare\/la-primitiva\/#primaryimage","url":"https:\/\/jackpotlotteryonline.com\/wp-content\/uploads\/2022\/11\/read1.jpg","contentUrl":"https:\/\/jackpotlotteryonline.com\/wp-content\/uploads\/2022\/11\/read1.jpg"},{"@type":"BreadcrumbList","@id":"https:\/\/jackpotlotteryonline.com\/ro\/numere-castigatoare\/la-primitiva\/#breadcrumb","itemListElement":[{"@type":"ListItem","position":1,"name":"Home","item":"https:\/\/jackpotlotteryonline.com\/ro\/"},{"@type":"ListItem","position":2,"name":"Rezultatele loteriei","item":"https:\/\/jackpotlotteryonline.com\/ro\/numere-castigatoare\/"},{"@type":"ListItem","position":3,"name":"Rezultatele tragerii la sor\u021bi La Primitiva"}]},{"@type":"WebSite","@id":"https:\/\/jackpotlotteryonline.com\/#website","url":"https:\/\/jackpotlotteryonline.com\/","name":"Lotto Online - Crack The International Lottery Jackpots","description":"","potentialAction":[{"@type":"SearchAction","target":{"@type":"EntryPoint","urlTemplate":"https:\/\/jackpotlotteryonline.com\/?s={search_term_string}"},"query-input":"required name=search_term_string"}],"inLanguage":"ro-RO"}]}},"_links":{"self":[{"href":"https:\/\/jackpotlotteryonline.com\/ro\/wp-json\/wp\/v2\/pages\/40785","targetHints":{"allow":["GET"]}}],"collection":[{"href":"https:\/\/jackpotlotteryonline.com\/ro\/wp-json\/wp\/v2\/pages"}],"about":[{"href":"https:\/\/jackpotlotteryonline.com\/ro\/wp-json\/wp\/v2\/types\/page"}],"author":[{"embeddable":true,"href":"https:\/\/jackpotlotteryonline.com\/ro\/wp-json\/wp\/v2\/users\/1"}],"replies":[{"embeddable":true,"href":"https:\/\/jackpotlotteryonline.com\/ro\/wp-json\/wp\/v2\/comments?post=40785"}],"version-history":[{"count":0,"href":"https:\/\/jackpotlotteryonline.com\/ro\/wp-json\/wp\/v2\/pages\/40785\/revisions"}],"up":[{"embeddable":true,"href":"https:\/\/jackpotlotteryonline.com\/ro\/wp-json\/wp\/v2\/pages\/35848"}],"wp:attachment":[{"href":"https:\/\/jackpotlotteryonline.com\/ro\/wp-json\/wp\/v2\/media?parent=40785"}],"curies":[{"name":"wp","href":"https:\/\/api.w.org\/{rel}","templated":true}]}}