{"id":40838,"date":"2022-12-06T13:13:41","date_gmt":"2022-12-06T13:13:41","guid":{"rendered":"https:\/\/jackpotlotteryonline.com\/?page_id=40838"},"modified":"2022-12-28T12:37:10","modified_gmt":"2022-12-28T12:37:10","slug":"el-gordo-draw-results","status":"publish","type":"page","link":"https:\/\/jackpotlotteryonline.com\/ro\/numere-castigatoare\/el-gordo-draw-results\/","title":{"rendered":"Rezultatele tragerii la sor\u021bi de la El Gordo"},"content":{"rendered":"<p>Pasiona\u021bii de loterii se entuziasmeaz\u0103 c\u00e2nd aud de El Gordo, nu doar pentru c\u0103 este una dintre cele mai mari loterii europene. El Gordo este mama tuturor loteriilor pentru simplul fapt c\u0103 extragerile au loc o dat\u0103 pe an. De fapt, aceasta face parte din loteria spaniol\u0103 \u0219i, \u00een fiecare an, organizeaz\u0103 o extragere special\u0103 de Cr\u0103ciun. Este un eveniment plin de emo\u021bie \u0219i impregnat de tradi\u021bie. Reune\u0219te familii, cartiere \u0219i comunit\u0103\u021bi \u00eentregi pentru a s\u0103rb\u0103tori sezonul festiv. Pentru pariorii din Spania, sezonul de Cr\u0103ciun este momentul \u00een care trebuie s\u0103 caute numerele c\u00e2\u0219tig\u0103toare de la El Gordo.<\/p>\n<p>\u00cen mod obi\u0219nuit, El Gordo este o loterie care are loc \u00een Spania. Ceea ce \u00eenseamn\u0103 c\u0103, dac\u0103 nu locui\u021bi \u00een aceast\u0103 \u021bar\u0103, v\u0103 va fi greu s\u0103 cump\u0103ra\u021bi bilete El Gordo. Acest lucru s-a schimbat, deoarece acum pute\u021bi verifica numerele c\u00e2\u0219tig\u0103toare El Gordo pe internet.<\/p>\n<h2>Jocul El Gordo<\/h2>\n<p><img loading=\"lazy\" decoding=\"async\" class=\"alignright size-full wp-image-17870\" src=\"https:\/\/jackpotlotteryonline.com\/wp-content\/uploads\/2022\/10\/lotto_euros.jpg\" alt=\"Juc\u00e2nd El Gordo\" width=\"225\" height=\"134\" \/>El Gordo \u00eenseamn\u0103 &#8220;cel mare&#8221; \u0219i este cel mai mare jackpot din lume. Ceea ce este special la aceast\u0103 loterie este faptul c\u0103 jackpotul este acum c\u00e2\u0219tigat de o singur\u0103 persoan\u0103. Acest lucru se datoreaz\u0103 faptului c\u0103 biletele sunt \u00eemp\u0103r\u021bite \u00een foarte multe frac\u021biuni. De fapt, aceasta este partea despre jocul El Gordo care poate fi un pic confuz\u0103. Fiecare bilet El Gordo este \u00eemp\u0103r\u021bit \u00een 10 sec\u021biuni \u0219i fiecare dintre aceste sec\u021biuni este \u00eemp\u0103r\u021bit\u0103 \u00een continuare.<\/p>\n<p>Cel mai ieftin bilet El Gordo pe care \u00eel pute\u021bi cump\u0103ra este 1\/100 dintr-un bilet \u00eentreg.<\/p>\n<p>Pentru a afla mai multe despre<a href=\"https:\/\/jackpotlotteryonline.com\/ro\/cum-se-joaca\/el-gordo\"> jocul El Gordo<\/a>, vizita\u021bi jackpotlotteryonline.com \u0219i <a href=\"https:\/\/jackpotlotteryonline.com\/ro\/cumpara-bilete\/el-gordo\">cump\u0103ra\u021bi-v\u0103 biletele acum<\/a>. S\u0103 joci El Gordo este foarte distractiv, mai ales c\u00e2nd joci online.<\/p>\n<h2>Joac\u0103 online<\/h2>\n<p>Dac\u0103 sunte\u021bi gata s\u0103 participa\u021bi la loteria El Gordo, vizita\u021bi site-ul nostru \u0219i alege\u021bi cifrele c\u00e2\u0219tig\u0103toare. Tot ce trebuie s\u0103 face\u021bi este s\u0103 alege\u021bi 6 de la 1 la 49. Bine\u00een\u021beles, po\u021bi l\u0103sa selectorul nostru automat s\u0103 fac\u0103 asta pentru tine dac\u0103 nu ai ceva anume pe care vrei s\u0103 joci. Apoi, intra\u021bi \u00een extrageri \u0219i a\u0219tepta\u021bi rezultatele c\u00e2\u0219tig\u0103toare El Gordo.<\/p>\n<h2>Cum s\u0103 c\u00e2\u0219tigi la El Gordo<\/h2>\n<p>A c\u00e2\u0219tiga El Gordo \u00eenseamn\u0103 pur \u0219i simplu c\u0103 ai combina\u021bia c\u00e2\u0219tig\u0103toare. Prin urmare, dac\u0103 cifrele tale se potrivesc cu ceea ce este extras, atunci e\u0219ti c\u00e2\u0219tig\u0103torul loteriei El Gordo.<\/p>\n<p>Exist\u0103 mai multe strategii pe care juc\u0103torii le folosesc pentru a alege combina\u021biile c\u00e2\u0219tig\u0103toare pentru El Gordo. Una dintre acestea este prin alegerea cifrelor pe care le consider\u0103 norocoase. Pentru unii, este vorba de zilele lor de na\u0219tere sau de zilele de na\u0219tere ale celor dragi. Ar putea fi orice num\u0103r care este special pentru tine. Al\u021bi juc\u0103tori prefer\u0103 s\u0103 se bazeze \u00een \u00eentregime pe numere generate aleatoriu. Orice alegi depinde de tine.<\/p>\n<p>O alt\u0103 modalitate de a alege o combina\u021bie c\u00e2\u0219tig\u0103toare pentru El Gordo este s\u0103 te ui\u021bi la rezultatele anterioare. Acest lucru v\u0103 va ajuta \u00een special dac\u0103 sunte\u021bi un juc\u0103tor frecvent. Pentru o mul\u021bime de pariori, cump\u0103rarea mai multor bilete este \u00eentotdeauna un plan de joc bun. Ai putea oric\u00e2nd s\u0103 formezi un grup de prieteni sau familie \u0219i s\u0103 cumperi bilete El Gordo.<\/p>\n<h2>Cum s\u0103 verifica\u021bi numerele c\u00e2\u0219tig\u0103toare<\/h2>\n<p><img loading=\"lazy\" decoding=\"async\" class=\"alignright size-full wp-image-30668\" src=\"https:\/\/jackpotlotteryonline.com\/wp-content\/uploads\/2022\/11\/3_screen_lottery_results_online.jpg\" alt=\"C\u00e2\u0219tig\u00e2nd El Gordo\" width=\"130\" height=\"120\" \/>Dup\u0103 ce a\u021bi cump\u0103rat biletul El Gordo, urm\u0103torul pas este s\u0103 a\u0219tepta\u021bi extragerile El Gordo. Dup\u0103 extrageri, este important s\u0103 verifica\u021bi dac\u0103 exist\u0103 combina\u021bii c\u00e2\u0219tig\u0103toare. Exist\u0103 mai multe pove\u0219ti despre jackpot-uri care au r\u0103mas nerevendicate pentru c\u0103 c\u00e2\u0219tig\u0103torii nu \u0219i-au verificat niciodat\u0103 biletele de loterie. Dac\u0103 juca\u021bi cu noi, nu trebuie s\u0103 v\u0103 face\u021bi griji c\u0103 vi se va \u00eent\u00e2mpla asta.<\/p>\n<p>Dup\u0103 fiecare extragere, public\u0103m rezultatele c\u00e2\u0219tig\u0103toare chiar aici, pe pagina El Gordo. Una dintre gre\u0219elile pe care le fac noii juc\u0103tori la loto este aceea de a nu verifica dac\u0103 au c\u00e2\u0219tigat \u0219i alte premii.<\/p>\n<p>Loteria El Gordo are 17 niveluri diferite de premii \u0219i un juc\u0103tor poate c\u00e2\u0219tiga oricare dintre ele. Dac\u0103 juca\u021bi cu noi, v\u0103 vom anun\u021ba dac\u0103 sunte\u021bi c\u00e2\u0219tig\u0103tor al vreunui premiu. Facem acest lucru prin e-mail, plus c\u0103 ve\u021bi primi o notificare odat\u0103 ce v\u0103 conecta\u021bi la platform\u0103.<\/p>\n<h2>Ce se \u00eent\u00e2mpl\u0103 dac\u0103 c\u00e2\u0219tigi?<\/h2>\n<p>C\u00e2\u0219tigarea El Gordo este o experien\u021b\u0103 minunat\u0103 pentru c\u0103 sim\u021bi c\u0103 ai luat parte la ceva m\u0103re\u021b. Un fel de a fi parte din istoria \u00een devenire. Este un sentiment \u0219i mai grozav dac\u0103 ai cump\u0103rat bilete El Gordo \u00eempreun\u0103 cu colegii de munc\u0103, colegii sau familia. Apoi pute\u021bi merge cu to\u021bii s\u0103 s\u0103rb\u0103tori\u021bi \u00eempreun\u0103 c\u00e2\u0219tigul.<\/p>\n<p>Acestea fiind spuse, retragerea c\u00e2\u0219tigurilor tale de la El Gordo este foarte u\u0219oar\u0103 dac\u0103 joci pe site-ul nostru. Este doar o chestiune de a \u00eencasa c\u00e2\u0219tigul t\u0103u \u00een contul t\u0103u online. Dac\u0103 c\u00e2\u0219tiga\u021bi mai mult de o anumit\u0103 sum\u0103, s-ar putea s\u0103 fie nevoie s\u0103 completa\u021bi un formular de revendicare pentru a v\u0103 primi c\u00e2\u0219tigurile de la compania de loterie. Dar de aceea suntem aici, pentru a v\u0103 face lucrurile mai u\u0219oare.<\/p>\n<section class=\"layout\" style=\"border: solid 1px; width: 100%;\">\n<div class=\"img-div\" style=\"margin-top: 5px;\"><img decoding=\"async\" class=\"wp-image-17212 alignleft\" style=\"height: 45px; margin: 8px 8px 0px;\" src=\"https:\/\/jackpotlotteryonline.com\/wp-content\/uploads\/2022\/11\/read1.jpg\" alt=\"cite\u0219te\" width=\"\" height=\"\" \/><\/div>\n<div style=\"padding-left: 5px;\">\n<div style=\"font-size: 1.1em;\">\n<p><strong>Impozitele pe c\u00e2\u0219tigurile la loterie<\/strong><\/p>\n<p style=\"font-size: 0.85em; margin-top: -1.5em;\">Trebuie s\u0103 pl\u0103tesc impozite pe c\u00e2\u0219tigurile la loto?<a href=\"https:\/\/jackpotlotteryonline.com\/ro\/trebuie-sa-platesc-impozite-pe-castigurile-la-loto\"> cite\u0219te mai mult<\/a><\/p>\n<\/div>\n<\/div>\n<\/section>\n<h2>De ce ar trebui s\u0103 joci El Gordo online cu noi<\/h2>\n<p>Exist\u0103 at\u00e2t de multe motive pentru care clien\u021bii no\u0219tri iubesc s\u0103 joace la loto cu noi.<\/p>\n<ul>\n<li>Cump\u0103rarea biletului de loterie El Gordo este la fel de u\u0219or ca \u0219i cum a\u021bi ap\u0103sa c\u00e2teva atingeri ale dispozitivului dvs. mobil. F\u0103r\u0103 stres \u0219i total convenabil.<\/li>\n<li>Pute\u021bi verifica combina\u021biile c\u00e2\u0219tig\u0103toare El Gordo chiar aici, f\u0103r\u0103 a merge \u00een alt\u0103 parte.<\/li>\n<li>V\u0103 vom anun\u021ba imediat ce ve\u021bi c\u00e2\u0219tiga un premiu, indiferent de sum\u0103.<\/li>\n<li>Dac\u0103 c\u00e2\u0219tigi vreun premiu, \u00eel po\u021bi \u00eencasa de pe platforma noastr\u0103 \u00een contul t\u0103u.<\/li>\n<\/ul>\n<p>Facem literalmente s\u0103 fie u\u0219or pentru clien\u021bii no\u0219tri s\u0103 se distreze \u0219i s\u0103 se bucure de jocul la loterie. Adev\u0103rul este c\u0103 exist\u0103 at\u00e2t de multe alte lucruri \u00een via\u021b\u0103 care sunt dificile, c\u00e2\u0219tigarea loteriei nu trebuie s\u0103 fie unul dintre ele.<\/p>\n<h2>Verifica\u021bi numerele c\u00e2\u0219tig\u0103toare<\/h2>\n<p>\u00cenainte de a v\u0103 cump\u0103ra biletul, trebuie s\u0103 \u0219ti\u021bi c\u0103 le oferim clien\u021bilor no\u0219tri acces la numerele reale. Atunci c\u00e2nd joci cu noi, nu pariezi doar pe rezultatul loteriei. Noi ne asigur\u0103m c\u0103 a\u021bi intrat \u00een loterie. Facem acest lucru rul\u00e2nd un sistem de concierge prin care agentul nostru din Spania cump\u0103r\u0103 numerele corespunz\u0103toare cu al t\u0103u.<\/p>\n<p>Atunci c\u00e2nd ave\u021bi numerele c\u00e2\u0219tig\u0103toare El Gordo, \u00eenseamn\u0103 c\u0103 a\u021bi c\u00e2\u0219tigat la loterie. Este at\u00e2t de simplu, \u00eentr-adev\u0103r. Lucr\u0103m din greu pentru a ne asigura c\u0103 nu trebuie s\u0103 v\u0103 face\u021bi griji cu privire la detalii. A\u0219adar, ne ocup\u0103m de lucrurile m\u0103runte pentru ca tu s\u0103 te po\u021bi concentra pe ceea ce este cel mai important pentru tine.<\/p>\n<p>Vizita\u021bi-ne ast\u0103zi \u0219i verifica\u021bi numerele c\u00e2\u0219tig\u0103toare la loteriile interna\u021bionale de top chiar aici. Sau cump\u0103ra\u021bi bilete El Gordo \u0219i returna\u021bi-le pentru numerele c\u00e2\u0219tig\u0103toare.<\/p>\n","protected":false},"excerpt":{"rendered":"<p>Pasiona\u021bii de loterii se entuziasmeaz\u0103 c\u00e2nd aud de El Gordo, nu doar pentru c\u0103 este una dintre cele mai mari loterii europene. El Gordo este mama tuturor loteriilor pentru simplul fapt c\u0103 extragerile au loc o dat\u0103 pe an. De fapt, aceasta face parte din loteria spaniol\u0103 \u0219i, \u00een fiecare an, organizeaz\u0103 o extragere special\u0103 [&hellip;]<\/p>\n","protected":false},"author":1,"featured_media":0,"parent":35848,"menu_order":6,"comment_status":"closed","ping_status":"closed","template":"el-gordo-results.php","meta":{"_et_pb_use_builder":"","_et_pb_old_content":"","_et_gb_content_width":"","exclude_from_search":false,"footnotes":""},"class_list":["post-40838","page","type-page","status-publish","hentry"],"yoast_head":"<!-- This site is optimized with the Yoast SEO plugin v23.3 - https:\/\/yoast.com\/wordpress\/plugins\/seo\/ -->\n<title>Numerele c\u00e2\u0219tig\u0103toare \u0219i rezultatele extragerii El Gordo<\/title>\n<meta name=\"description\" content=\"Rezultatele, numerele c\u00e2\u0219tig\u0103toare la extragerea El Gordo - rezultatele din aceast\u0103 s\u0103pt\u0103m\u00e2n\u0103, precum \u0219i cele din s\u0103pt\u0103m\u00e2na trecut\u0103\" \/>\n<meta name=\"robots\" content=\"index, follow, max-snippet:-1, max-image-preview:large, max-video-preview:-1\" \/>\n<link rel=\"canonical\" href=\"https:\/\/jackpotlotteryonline.com\/ro\/numere-castigatoare\/el-gordo-draw-results\/\" \/>\n<meta property=\"og:locale\" content=\"ro_RO\" \/>\n<meta property=\"og:type\" content=\"article\" \/>\n<meta property=\"og:title\" content=\"Numerele c\u00e2\u0219tig\u0103toare \u0219i rezultatele extragerii El Gordo\" \/>\n<meta property=\"og:description\" content=\"Rezultatele, numerele c\u00e2\u0219tig\u0103toare la extragerea El Gordo - rezultatele din aceast\u0103 s\u0103pt\u0103m\u00e2n\u0103, precum \u0219i cele din s\u0103pt\u0103m\u00e2na trecut\u0103\" \/>\n<meta property=\"og:url\" content=\"https:\/\/jackpotlotteryonline.com\/ro\/numere-castigatoare\/el-gordo-draw-results\/\" \/>\n<meta property=\"og:site_name\" content=\"Lotto Online - Crack The International Lottery Jackpots\" \/>\n<meta property=\"article:modified_time\" content=\"2022-12-28T12:37:10+00:00\" \/>\n<meta property=\"og:image\" content=\"https:\/\/jackpotlotteryonline.com\/wp-content\/uploads\/2022\/10\/lotto_euros.jpg\" \/>\n<meta name=\"twitter:card\" content=\"summary_large_image\" \/>\n<meta name=\"twitter:label1\" content=\"Timp estimat pentru citire\" \/>\n\t<meta name=\"twitter:data1\" content=\"6 minute\" \/>\n<!-- \/ Yoast SEO plugin. -->","yoast_head_json":{"title":"Numerele c\u00e2\u0219tig\u0103toare \u0219i rezultatele extragerii El Gordo","description":"Rezultatele, numerele c\u00e2\u0219tig\u0103toare la extragerea El Gordo - rezultatele din aceast\u0103 s\u0103pt\u0103m\u00e2n\u0103, precum \u0219i cele din s\u0103pt\u0103m\u00e2na trecut\u0103","robots":{"index":"index","follow":"follow","max-snippet":"max-snippet:-1","max-image-preview":"max-image-preview:large","max-video-preview":"max-video-preview:-1"},"canonical":"https:\/\/jackpotlotteryonline.com\/ro\/numere-castigatoare\/el-gordo-draw-results\/","og_locale":"ro_RO","og_type":"article","og_title":"Numerele c\u00e2\u0219tig\u0103toare \u0219i rezultatele extragerii El Gordo","og_description":"Rezultatele, numerele c\u00e2\u0219tig\u0103toare la extragerea El Gordo - rezultatele din aceast\u0103 s\u0103pt\u0103m\u00e2n\u0103, precum \u0219i cele din s\u0103pt\u0103m\u00e2na trecut\u0103","og_url":"https:\/\/jackpotlotteryonline.com\/ro\/numere-castigatoare\/el-gordo-draw-results\/","og_site_name":"Lotto Online - Crack The International Lottery Jackpots","article_modified_time":"2022-12-28T12:37:10+00:00","og_image":[{"url":"https:\/\/jackpotlotteryonline.com\/wp-content\/uploads\/2022\/10\/lotto_euros.jpg"}],"twitter_card":"summary_large_image","twitter_misc":{"Timp estimat pentru citire":"6 minute"},"schema":{"@context":"https:\/\/schema.org","@graph":[{"@type":"WebPage","@id":"https:\/\/jackpotlotteryonline.com\/ro\/numere-castigatoare\/el-gordo-draw-results\/","url":"https:\/\/jackpotlotteryonline.com\/ro\/numere-castigatoare\/el-gordo-draw-results\/","name":"Numerele c\u00e2\u0219tig\u0103toare \u0219i rezultatele extragerii El Gordo","isPartOf":{"@id":"https:\/\/jackpotlotteryonline.com\/#website"},"primaryImageOfPage":{"@id":"https:\/\/jackpotlotteryonline.com\/ro\/numere-castigatoare\/el-gordo-draw-results\/#primaryimage"},"image":{"@id":"https:\/\/jackpotlotteryonline.com\/ro\/numere-castigatoare\/el-gordo-draw-results\/#primaryimage"},"thumbnailUrl":"https:\/\/jackpotlotteryonline.com\/wp-content\/uploads\/2022\/10\/lotto_euros.jpg","datePublished":"2022-12-06T13:13:41+00:00","dateModified":"2022-12-28T12:37:10+00:00","description":"Rezultatele, numerele c\u00e2\u0219tig\u0103toare la extragerea El Gordo - rezultatele din aceast\u0103 s\u0103pt\u0103m\u00e2n\u0103, precum \u0219i cele din s\u0103pt\u0103m\u00e2na trecut\u0103","breadcrumb":{"@id":"https:\/\/jackpotlotteryonline.com\/ro\/numere-castigatoare\/el-gordo-draw-results\/#breadcrumb"},"inLanguage":"ro-RO","potentialAction":[{"@type":"ReadAction","target":["https:\/\/jackpotlotteryonline.com\/ro\/numere-castigatoare\/el-gordo-draw-results\/"]}]},{"@type":"ImageObject","inLanguage":"ro-RO","@id":"https:\/\/jackpotlotteryonline.com\/ro\/numere-castigatoare\/el-gordo-draw-results\/#primaryimage","url":"https:\/\/jackpotlotteryonline.com\/wp-content\/uploads\/2022\/10\/lotto_euros.jpg","contentUrl":"https:\/\/jackpotlotteryonline.com\/wp-content\/uploads\/2022\/10\/lotto_euros.jpg"},{"@type":"BreadcrumbList","@id":"https:\/\/jackpotlotteryonline.com\/ro\/numere-castigatoare\/el-gordo-draw-results\/#breadcrumb","itemListElement":[{"@type":"ListItem","position":1,"name":"Home","item":"https:\/\/jackpotlotteryonline.com\/ro\/"},{"@type":"ListItem","position":2,"name":"Rezultatele loteriei","item":"https:\/\/jackpotlotteryonline.com\/ro\/numere-castigatoare\/"},{"@type":"ListItem","position":3,"name":"Rezultatele tragerii la sor\u021bi de la El Gordo"}]},{"@type":"WebSite","@id":"https:\/\/jackpotlotteryonline.com\/#website","url":"https:\/\/jackpotlotteryonline.com\/","name":"Lotto Online - Crack The International Lottery Jackpots","description":"","potentialAction":[{"@type":"SearchAction","target":{"@type":"EntryPoint","urlTemplate":"https:\/\/jackpotlotteryonline.com\/?s={search_term_string}"},"query-input":"required name=search_term_string"}],"inLanguage":"ro-RO"}]}},"_links":{"self":[{"href":"https:\/\/jackpotlotteryonline.com\/ro\/wp-json\/wp\/v2\/pages\/40838","targetHints":{"allow":["GET"]}}],"collection":[{"href":"https:\/\/jackpotlotteryonline.com\/ro\/wp-json\/wp\/v2\/pages"}],"about":[{"href":"https:\/\/jackpotlotteryonline.com\/ro\/wp-json\/wp\/v2\/types\/page"}],"author":[{"embeddable":true,"href":"https:\/\/jackpotlotteryonline.com\/ro\/wp-json\/wp\/v2\/users\/1"}],"replies":[{"embeddable":true,"href":"https:\/\/jackpotlotteryonline.com\/ro\/wp-json\/wp\/v2\/comments?post=40838"}],"version-history":[{"count":0,"href":"https:\/\/jackpotlotteryonline.com\/ro\/wp-json\/wp\/v2\/pages\/40838\/revisions"}],"up":[{"embeddable":true,"href":"https:\/\/jackpotlotteryonline.com\/ro\/wp-json\/wp\/v2\/pages\/35848"}],"wp:attachment":[{"href":"https:\/\/jackpotlotteryonline.com\/ro\/wp-json\/wp\/v2\/media?parent=40838"}],"curies":[{"name":"wp","href":"https:\/\/api.w.org\/{rel}","templated":true}]}}