{"id":40896,"date":"2022-12-07T08:45:08","date_gmt":"2022-12-07T08:45:08","guid":{"rendered":"https:\/\/jackpotlotteryonline.com\/?page_id=40896"},"modified":"2022-12-28T18:36:17","modified_gmt":"2022-12-28T18:36:17","slug":"german-lotto","status":"publish","type":"page","link":"https:\/\/jackpotlotteryonline.com\/ro\/numere-castigatoare\/german-lotto\/","title":{"rendered":"Rezultatele extragerii Loto din Germania"},"content":{"rendered":"<p>Rezultatele extragerii Loto German\u0103Dac\u0103 a\u021bi<a href=\"https:\/\/jackpotlotteryonline.com\/ro\/cum-se-joaca\/german-lotto\"> jucat la Loto German\u0103<\/a> sau dori\u021bi s\u0103 \u00eencerca\u021bi, atunci verificarea numerelor c\u00e2\u0219tig\u0103toare este esen\u021bial\u0103. C\u00e2\u0219tigarea loteriei este o experien\u021b\u0103 care \u00ee\u021bi schimb\u0103 via\u021ba.<\/p>\n<p>Cunoscut\u0103 sub numele de 6 aus 49 sau 6 din 49, este una dintre cele mai populare loterii din Europa. Cu \u0219anse incredibile \u0219i premii jackpot care \u00ee\u021bi schimb\u0103 via\u021ba, acest loto german are nou\u0103 niveluri diferite de premii.<\/p>\n<p>Este u\u0219or de jucat \u0219i acum pute\u021bi participa la loteria german\u0103 de oriunde din lume. Pute\u021bi, de asemenea, s\u0103 v\u0103 verifica\u021bi numerele c\u00e2\u0219tig\u0103toare atunci c\u00e2nd juca\u021bi pe jackpotlottoonline.com<\/p>\n<h2>Cum se joac\u0103 la loto german<\/h2>\n<p><img loading=\"lazy\" decoding=\"async\" class=\"alignright size-medium wp-image-29156\" src=\"http:\/\/jackpotlotteryonline.com\/wp-content\/uploads\/2022\/11\/1_play_lotto_to_win-300x214.jpg\" alt=\"participa\u021bi la loto german pentru a c\u00e2\u0219tiga premii\" width=\"300\" height=\"214\" srcset=\"https:\/\/jackpotlotteryonline.com\/wp-content\/uploads\/2022\/11\/1_play_lotto_to_win-300x214.jpg 300w, https:\/\/jackpotlotteryonline.com\/wp-content\/uploads\/2022\/11\/1_play_lotto_to_win.jpg 320w\" sizes=\"auto, (max-width: 300px) 100vw, 300px\" \/>Practic, juc\u0103torii trebuie doar s\u0103 aleag\u0103 6 numere dintr-un interval de la 1 la 49 \u0219i cine se potrive\u0219te cu rezultatele extrase c\u00e2\u0219tig\u0103 premiul cel mare. Exist\u0103, de asemenea, o cifr\u0103 bonus numit\u0103 Super Number. Aceasta este aleas\u0103 la \u00eent\u00e2mplare \u0219i este folosit\u0103 pentru a determina c\u00e2\u0219tig\u0103torii celor trei niveluri, inclusiv jackpotul.<\/p>\n<p>Suma jackpot-ului este garantat\u0103 la un milion de euro, \u00eens\u0103, dac\u0103 nu exist\u0103 niciun c\u00e2\u0219tig\u0103tor dup\u0103 extrageri, acesta se rostogole\u0219te. Jackpotul la loto german poate ajunge p\u00e2n\u0103 la 14.000.000 de euro, ceea ce ni se pare destul de impresionant.<\/p>\n<h2>Juc\u00e2nd pe jackpotlottoonline.com<\/h2>\n<p>Atunci c\u00e2nd <a href=\"https:\/\/jackpotlotteryonline.com\/ro\/cumpara-bilete\/lotto-germany\">cump\u0103ra\u021bi un bilet de la noi<\/a>, intra\u021bi de fapt \u00een loto. Noi nu oper\u0103m ca unele site-uri de loto online care doar ofer\u0103 juc\u0103torilor \u0219ansa de a paria pe rezultat. Dac\u0103 paria\u021bi pe rezultat, chiar dac\u0103 ob\u021bine\u021bi numerele c\u00e2\u0219tig\u0103toare, nu ve\u021bi c\u00e2\u0219tiga la loto.<\/p>\n<p>Suntem un site de concierge care ofer\u0103 clien\u021bilor no\u0219tri posibilitatea de a participa la loterii din \u00eentreaga lume. Atunci c\u00e2nd cump\u0103ra\u021bi un bilet de loto german online, agen\u021bii no\u0219tri din \u021bar\u0103 vor cump\u0103ra un bilet fizic. Biletul fizic de loto german va avea acelea\u0219i numere ca cele pe care le-a\u021bi ales. Apoi \u00eel vom scana \u00een contul dumneavoastr\u0103.<\/p>\n<p><strong>Pentru a juca la loto cu noi:<\/strong><\/p>\n<ul>\n<li>Alege\u021bi 6 numere din 49. De asemenea, pute\u021bi folosi generatorul nostru automat pentru a alege numere aleatorii la loto<\/li>\n<li>Participa\u021bi la extrageri. Pute\u021bi introduce extrageri unice sau multiple.<\/li>\n<li>Alege\u021bi cu c\u00e2te s\u0103pt\u0103m\u00e2ni \u00een avans dori\u021bi s\u0103 juca\u021bi (sau pute\u021bi juca doar o singur\u0103 dat\u0103).<\/li>\n<li>\u00cenregistra\u021bi-v\u0103 pentru a v\u0103 procesa plata (acest lucru este pentru ca noi s\u0103 v\u0103 putem alerta odat\u0103 ce a\u021bi c\u00e2\u0219tigat la loto).<\/li>\n<\/ul>\n<h2>C\u00e2\u0219tigarea loto german (defalcarea premiilor)<\/h2>\n<p><img loading=\"lazy\" decoding=\"async\" class=\"alignright size-medium wp-image-28616\" src=\"http:\/\/jackpotlotteryonline.com\/wp-content\/uploads\/2022\/11\/1_online_lotto-300x128.jpg\" alt=\"Joac\u0103 la loto Germania\" width=\"300\" height=\"128\" srcset=\"https:\/\/jackpotlotteryonline.com\/wp-content\/uploads\/2022\/11\/1_online_lotto-300x128.jpg 300w, https:\/\/jackpotlotteryonline.com\/wp-content\/uploads\/2022\/11\/1_online_lotto.jpg 320w\" sizes=\"auto, (max-width: 300px) 100vw, 300px\" \/>Am men\u021bionat deja c\u0103 acest loto european are 9 niveluri diferite de premii. Sunt o mul\u021bime de premii pe care un juc\u0103tor le poate c\u00e2\u0219tiga, ceea ce explic\u0103 de ce acest loto este at\u00e2t de popular pe continent. \u0218ansele de a c\u00e2\u0219tiga premiul cel mare sunt de 1 la 139.838.160.<\/p>\n<p>Vom \u00eemp\u0103rt\u0103\u0219i defalcarea premiilor pentru diferitele niveluri de premii, precum \u0219i cotele pentru fiecare nivel. De asemenea, vom include premiul estimat pentru fiecare sec\u021biune. Premiile sunt determinate de fondul general al loteriei, dar pe baza c\u00e2\u0219tigurilor anterioare, este posibil s\u0103 ob\u021binem o cifr\u0103 aproximativ\u0103.<\/p>\n<p>Nivelul 1: 6 + Super Num\u0103r &#8211; 12.585.434,40 \u20ac (jackpot) &#8211; 1:139.838.160<\/p>\n<p>Nivelul 2: doar 6 cifre &#8211; 1.003.509,30 \u20ac &#8211; 1: 15.537.573<\/p>\n<p>Nivelul 3: 5 + Super Numere &#8211; \u20ac12,135.40 &#8211; 1:524,008<\/p>\n<p>Nivelul 4: doar 5 cifre &#8211; 4.019,20 \u20ac &#8211; 1:60.223<\/p>\n<p>Nivelul 5: 4 + Super Num\u0103r &#8211; 191,10 \u20ac &#8211; 1:10.324<\/p>\n<p>Nivelul 6: doar 4 cifre &#8211; 50,30 \u20ac &#8211; 1:1.147<\/p>\n<p>Nivelul 7: 3 + Super Num\u0103r &#8211; 21,20 \u20ac &#8211; 1:567<\/p>\n<p>Nivelul 8: doar 3 cifre &#8211; 11,10 \u20ac &#8211; 1:63<\/p>\n<p>Nivelul 9: 2 + Super Num\u0103r &#8211; 6 \u20ac &#8211; 1:76<\/p>\n<section class=\"layout\" style=\"border: solid 1px; width: 100%;\">\n<div class=\"img-div\" style=\"margin-top: 5px;\"><img decoding=\"async\" class=\"wp-image-17212 alignleft\" style=\"height: 45px; margin: 8px 8px 0px;\" src=\"http:\/\/jackpotlotteryonline.com\/wp-content\/uploads\/2022\/11\/read1.jpg\" alt=\"cite\u0219te\" width=\"\" height=\"\" \/><\/div>\n<div style=\"padding-left: 5px;\">\n<div style=\"font-size: 1.1em;\">\n<p><strong>Loteria dumneavoastr\u0103 na\u021bional\u0103 \u00een compara\u021bie interna\u021bional\u0103<\/strong><\/p>\n<p style=\"font-size: 0.85em; margin-top: -1.5em;\">Loteria local\u0103 poate fi cea mai proast\u0103 op\u021biune &#8211; de ce este mai logic s\u0103 pl\u0103ti\u021bi mai mult, dar s\u0103 merge\u021bi la jackpoturi mai mari <a href=\"https:\/\/jackpotlotteryonline.com\/ro\/loteria-ta-nationala-in-comparatie-cu-cea-internationala\">cite\u0219te mai mult<\/a><\/p>\n<\/div>\n<\/div>\n<\/section>\n<h2>Verific\u0103-\u021bi numerele c\u00e2\u0219tig\u0103toare online<\/h2>\n<p>La fel cum jocul la loto german este incredibil de simplu, am simplificat \u0219i procesul de verificare a rezultatelor. Dac\u0103 juca\u021bi la acest loto, atunci pute\u021bi verifica cu u\u0219urin\u021b\u0103 numerele c\u00e2\u0219tig\u0103toare online. Reveni\u021bi dup\u0103 fiecare extragere pentru a vedea dac\u0103 a\u021bi c\u00e2\u0219tigat un premiu. Deoarece noi public\u0103m rezultatele extragerilor chiar aici.<\/p>\n<p>Dar, chiar dac\u0103 uita\u021bi s\u0103 verifica\u021bi dup\u0103 extrageri, v\u0103 vom anun\u021ba dac\u0103 a\u021bi c\u00e2\u0219tigat vreun premiu. Nu numai c\u0103 v\u0103 vom avertiza prin intermediul contului dumneavoastr\u0103, dar v\u0103 vom trimite \u0219i un e-mail.<\/p>\n<h2>Cum s\u0103 v\u0103 revendica\u021bi premiul<\/h2>\n<p>Extragerile loto germane au loc o dat\u0103 pe s\u0103pt\u0103m\u00e2n\u0103, miercurea. Dup\u0103 extragere, numerele c\u00e2\u0219tig\u0103toare vor fi anun\u021bate. A c\u00e2\u0219tiga la loto \u00eenseamn\u0103 doar c\u0103 ave\u021bi un bilet care se potrive\u0219te cu rezultatele extrase.<\/p>\n<p>Dac\u0103 c\u00e2\u0219tiga\u021bi un premiu, pute\u021bi s\u0103 v\u0103 revendica\u021bi cu u\u0219urin\u021b\u0103 premiul, retr\u0103g\u00e2ndu-l de pe platforma noastr\u0103 \u00een contul dumneavoastr\u0103. A\u0219a este. Orice premiu care este mai mic de 2.500 de euro poate fi retras direct \u00een contul dumneavoastr\u0103.<\/p>\n<p>Pentru sume mai mari de 2.500 \u20ac, s-ar putea s\u0103 fie nevoie s\u0103 completa\u021bi un formular de revendicare de la compania loto. Dar noi v\u0103 vom ghida prin acest proces. A\u0219a c\u0103, dac\u0103 nu v-a\u021bi cump\u0103rat \u00eenc\u0103 biletul la loto german, merge\u021bi mai departe \u0219i face\u021bi-o acum. \u0218i nu uita\u021bi s\u0103 verifica\u021bi numerele c\u00e2\u0219tig\u0103toare.<\/p>\n","protected":false},"excerpt":{"rendered":"<p>Rezultatele extragerii Loto German\u0103Dac\u0103 a\u021bi jucat la Loto German\u0103 sau dori\u021bi s\u0103 \u00eencerca\u021bi, atunci verificarea numerelor c\u00e2\u0219tig\u0103toare este esen\u021bial\u0103. C\u00e2\u0219tigarea loteriei este o experien\u021b\u0103 care \u00ee\u021bi schimb\u0103 via\u021ba. Cunoscut\u0103 sub numele de 6 aus 49 sau 6 din 49, este una dintre cele mai populare loterii din Europa. Cu \u0219anse incredibile \u0219i premii jackpot care [&hellip;]<\/p>\n","protected":false},"author":1,"featured_media":0,"parent":35848,"menu_order":8,"comment_status":"closed","ping_status":"closed","template":"lotto-german-results.php","meta":{"_et_pb_use_builder":"","_et_pb_old_content":"","_et_gb_content_width":"","exclude_from_search":false,"footnotes":""},"class_list":["post-40896","page","type-page","status-publish","hentry"],"yoast_head":"<!-- This site is optimized with the Yoast SEO plugin v23.3 - https:\/\/yoast.com\/wordpress\/plugins\/seo\/ -->\n<title>Numerele c\u00e2\u0219tig\u0103toare de la Loto German\u0103 \u0219i rezultatele extragerii<\/title>\n<meta name=\"description\" content=\"Listarea aici a tuturor numerelor c\u00e2\u0219tig\u0103toare prezente \u0219i trecute, rezultatele extragerilor la loto Germania\" \/>\n<meta name=\"robots\" content=\"index, follow, max-snippet:-1, max-image-preview:large, max-video-preview:-1\" \/>\n<link rel=\"canonical\" href=\"https:\/\/jackpotlotteryonline.com\/ro\/numere-castigatoare\/german-lotto\/\" \/>\n<meta property=\"og:locale\" content=\"ro_RO\" \/>\n<meta property=\"og:type\" content=\"article\" \/>\n<meta property=\"og:title\" content=\"Numerele c\u00e2\u0219tig\u0103toare de la Loto German\u0103 \u0219i rezultatele extragerii\" \/>\n<meta property=\"og:description\" content=\"Listarea aici a tuturor numerelor c\u00e2\u0219tig\u0103toare prezente \u0219i trecute, rezultatele extragerilor la loto Germania\" \/>\n<meta property=\"og:url\" content=\"https:\/\/jackpotlotteryonline.com\/ro\/numere-castigatoare\/german-lotto\/\" \/>\n<meta property=\"og:site_name\" content=\"Lotto Online - Crack The International Lottery Jackpots\" \/>\n<meta property=\"article:modified_time\" content=\"2022-12-28T18:36:17+00:00\" \/>\n<meta property=\"og:image\" content=\"http:\/\/jackpotlotteryonline.com\/wp-content\/uploads\/2022\/11\/1_play_lotto_to_win-300x214.jpg\" \/>\n<meta name=\"twitter:card\" content=\"summary_large_image\" \/>\n<meta name=\"twitter:label1\" content=\"Timp estimat pentru citire\" \/>\n\t<meta name=\"twitter:data1\" content=\"5 minute\" \/>\n<!-- \/ Yoast SEO plugin. -->","yoast_head_json":{"title":"Numerele c\u00e2\u0219tig\u0103toare de la Loto German\u0103 \u0219i rezultatele extragerii","description":"Listarea aici a tuturor numerelor c\u00e2\u0219tig\u0103toare prezente \u0219i trecute, rezultatele extragerilor la loto Germania","robots":{"index":"index","follow":"follow","max-snippet":"max-snippet:-1","max-image-preview":"max-image-preview:large","max-video-preview":"max-video-preview:-1"},"canonical":"https:\/\/jackpotlotteryonline.com\/ro\/numere-castigatoare\/german-lotto\/","og_locale":"ro_RO","og_type":"article","og_title":"Numerele c\u00e2\u0219tig\u0103toare de la Loto German\u0103 \u0219i rezultatele extragerii","og_description":"Listarea aici a tuturor numerelor c\u00e2\u0219tig\u0103toare prezente \u0219i trecute, rezultatele extragerilor la loto Germania","og_url":"https:\/\/jackpotlotteryonline.com\/ro\/numere-castigatoare\/german-lotto\/","og_site_name":"Lotto Online - Crack The International Lottery Jackpots","article_modified_time":"2022-12-28T18:36:17+00:00","og_image":[{"url":"http:\/\/jackpotlotteryonline.com\/wp-content\/uploads\/2022\/11\/1_play_lotto_to_win-300x214.jpg"}],"twitter_card":"summary_large_image","twitter_misc":{"Timp estimat pentru citire":"5 minute"},"schema":{"@context":"https:\/\/schema.org","@graph":[{"@type":"WebPage","@id":"https:\/\/jackpotlotteryonline.com\/ro\/numere-castigatoare\/german-lotto\/","url":"https:\/\/jackpotlotteryonline.com\/ro\/numere-castigatoare\/german-lotto\/","name":"Numerele c\u00e2\u0219tig\u0103toare de la Loto German\u0103 \u0219i rezultatele extragerii","isPartOf":{"@id":"https:\/\/jackpotlotteryonline.com\/#website"},"primaryImageOfPage":{"@id":"https:\/\/jackpotlotteryonline.com\/ro\/numere-castigatoare\/german-lotto\/#primaryimage"},"image":{"@id":"https:\/\/jackpotlotteryonline.com\/ro\/numere-castigatoare\/german-lotto\/#primaryimage"},"thumbnailUrl":"http:\/\/jackpotlotteryonline.com\/wp-content\/uploads\/2022\/11\/1_play_lotto_to_win-300x214.jpg","datePublished":"2022-12-07T08:45:08+00:00","dateModified":"2022-12-28T18:36:17+00:00","description":"Listarea aici a tuturor numerelor c\u00e2\u0219tig\u0103toare prezente \u0219i trecute, rezultatele extragerilor la loto Germania","breadcrumb":{"@id":"https:\/\/jackpotlotteryonline.com\/ro\/numere-castigatoare\/german-lotto\/#breadcrumb"},"inLanguage":"ro-RO","potentialAction":[{"@type":"ReadAction","target":["https:\/\/jackpotlotteryonline.com\/ro\/numere-castigatoare\/german-lotto\/"]}]},{"@type":"ImageObject","inLanguage":"ro-RO","@id":"https:\/\/jackpotlotteryonline.com\/ro\/numere-castigatoare\/german-lotto\/#primaryimage","url":"http:\/\/jackpotlotteryonline.com\/wp-content\/uploads\/2022\/11\/1_play_lotto_to_win-300x214.jpg","contentUrl":"http:\/\/jackpotlotteryonline.com\/wp-content\/uploads\/2022\/11\/1_play_lotto_to_win-300x214.jpg"},{"@type":"BreadcrumbList","@id":"https:\/\/jackpotlotteryonline.com\/ro\/numere-castigatoare\/german-lotto\/#breadcrumb","itemListElement":[{"@type":"ListItem","position":1,"name":"Home","item":"https:\/\/jackpotlotteryonline.com\/ro\/"},{"@type":"ListItem","position":2,"name":"Rezultatele loteriei","item":"https:\/\/jackpotlotteryonline.com\/ro\/numere-castigatoare\/"},{"@type":"ListItem","position":3,"name":"Rezultatele extragerii Loto din Germania"}]},{"@type":"WebSite","@id":"https:\/\/jackpotlotteryonline.com\/#website","url":"https:\/\/jackpotlotteryonline.com\/","name":"Lotto Online - Crack The International Lottery Jackpots","description":"","potentialAction":[{"@type":"SearchAction","target":{"@type":"EntryPoint","urlTemplate":"https:\/\/jackpotlotteryonline.com\/?s={search_term_string}"},"query-input":"required name=search_term_string"}],"inLanguage":"ro-RO"}]}},"_links":{"self":[{"href":"https:\/\/jackpotlotteryonline.com\/ro\/wp-json\/wp\/v2\/pages\/40896","targetHints":{"allow":["GET"]}}],"collection":[{"href":"https:\/\/jackpotlotteryonline.com\/ro\/wp-json\/wp\/v2\/pages"}],"about":[{"href":"https:\/\/jackpotlotteryonline.com\/ro\/wp-json\/wp\/v2\/types\/page"}],"author":[{"embeddable":true,"href":"https:\/\/jackpotlotteryonline.com\/ro\/wp-json\/wp\/v2\/users\/1"}],"replies":[{"embeddable":true,"href":"https:\/\/jackpotlotteryonline.com\/ro\/wp-json\/wp\/v2\/comments?post=40896"}],"version-history":[{"count":0,"href":"https:\/\/jackpotlotteryonline.com\/ro\/wp-json\/wp\/v2\/pages\/40896\/revisions"}],"up":[{"embeddable":true,"href":"https:\/\/jackpotlotteryonline.com\/ro\/wp-json\/wp\/v2\/pages\/35848"}],"wp:attachment":[{"href":"https:\/\/jackpotlotteryonline.com\/ro\/wp-json\/wp\/v2\/media?parent=40896"}],"curies":[{"name":"wp","href":"https:\/\/api.w.org\/{rel}","templated":true}]}}