{"id":40951,"date":"2022-12-07T10:46:21","date_gmt":"2022-12-07T10:46:21","guid":{"rendered":"https:\/\/jackpotlotteryonline.com\/?page_id=40951"},"modified":"2022-12-28T21:22:21","modified_gmt":"2022-12-28T21:22:21","slug":"france-lotto-2","status":"publish","type":"page","link":"https:\/\/jackpotlotteryonline.com\/ro\/numere-castigatoare\/france-lotto-2\/","title":{"rendered":"Fran\u021ba Rezultate tragere Loto"},"content":{"rendered":"<p>France Lotto este un loto european care produce c\u00e2\u0219tig\u0103tori de trei ori pe s\u0103pt\u0103m\u00e2n\u0103. A fost lansat \u00een 1976 \u0219i are ca zile de extragere lunea, miercurea \u0219i s\u00e2mb\u0103ta. Numerele c\u00e2\u0219tig\u0103toare la France Lotto sunt anun\u021bate \u00een aceste zile. C\u00e2\u0219tig\u0103torii din \u00eentreaga lume pot participa la France Lotto cump\u0103r\u00e2ndu-\u0219i biletele online.<\/p>\n<h2>De ce ar trebui s\u0103 verifica\u021bi numerele c\u00e2\u0219tig\u0103toare<\/h2>\n<p>\u00cen general, compania France Lotto nu cunoa\u0219te identitatea tuturor celor care au adus bilete. A\u0219adar, nu au cum s\u0103 contacteze biletele c\u00e2\u0219tig\u0103toare de la loto. De aceea, trebuie s\u0103 verifica\u021bi \u00een mod constant biletul dumneavoastr\u0103 \u00een raport cu numerele extrase pentru a afla dac\u0103 a\u021bi c\u00e2\u0219tigat.<\/p>\n<p>De asemenea, France Lotto are 10 diviziuni de premii. Este posibil ca un juc\u0103tor s\u0103 nu fi c\u00e2\u0219tigat premiul cel mare, dar s\u0103 fi c\u00e2\u0219tigat alte premii.<\/p>\n<h2>Modalit\u0103\u021bi de a verifica rezultatele c\u00e2\u0219tig\u0103toare la France Lotto<\/h2>\n<p><img loading=\"lazy\" decoding=\"async\" class=\"alignright wp-image-31748\" src=\"https:\/\/jackpotlotteryonline.com\/wp-content\/uploads\/2022\/11\/rf_results_page-300x225.jpg\" alt=\"Rezultatele c\u00e2\u0219tig\u0103toare la Loto Fran\u021ba\" width=\"244\" height=\"183\" srcset=\"https:\/\/jackpotlotteryonline.com\/wp-content\/uploads\/2022\/11\/rf_results_page-300x225.jpg 300w, https:\/\/jackpotlotteryonline.com\/wp-content\/uploads\/2022\/11\/rf_results_page-600x449.jpg 600w, https:\/\/jackpotlotteryonline.com\/wp-content\/uploads\/2022\/11\/rf_results_page-768x575.jpg 768w, https:\/\/jackpotlotteryonline.com\/wp-content\/uploads\/2022\/11\/rf_results_page.jpg 801w\" sizes=\"auto, (max-width: 244px) 100vw, 244px\" \/>Exist\u0103 mai multe modalit\u0103\u021bi de a verifica rezultatele extragerii la loto Fran\u021ba. Acest lucru este esen\u021bial pentru a afla biletul c\u00e2\u0219tig\u0103tor pentru jackpot. Aminti\u021bi-v\u0103 c\u0103 c\u00e2\u0219tig\u0103torul este cel care se potrive\u0219te cu cifrele extrase. Dac\u0103 cump\u0103ra\u021bi bilete la France Lotto, pute\u021bi verifica rezultatele extragerii \u00een oricare dintre urm\u0103toarele moduri:<\/p>\n<h3>Urm\u0103ri\u021bi tragerea \u00een direct la televizor<\/h3>\n<p>Acest lucru este \u00eentr-adev\u0103r foarte interesant, deoarece numerele sunt anun\u021bate \u0219i pute\u021bi afla imediat dac\u0103 a\u021bi c\u00e2\u0219tigat. Problema este c\u0103 trebuie s\u0103 locui\u021bi \u00een Fran\u021ba pentru a urm\u0103ri \u00een direct extragerile Loto Fran\u021ba.<\/p>\n<section class=\"layout\" style=\"border: solid 1px; width: 100%;\">\n<div class=\"img-div\" style=\"margin-top: 5px;\"><img decoding=\"async\" class=\"wp-image-17212 alignleft\" style=\"height: 45px; margin: 8px 8px 0px;\" src=\"https:\/\/jackpotlotteryonline.com\/wp-content\/uploads\/2022\/11\/read1.jpg\" alt=\"cite\u0219te\" width=\"\" height=\"\" \/><\/div>\n<div style=\"padding-left: 5px;\">\n<div style=\"font-size: 1.1em;\">\n<p><strong>Nu rata\u021bi orele de extragere a celor mai mari jackpoturi la loto din lume<\/strong><\/p>\n<p style=\"font-size: 0.85em; margin-top: -1.5em;\">O list\u0103 cu orele de extragere pentru loteriile interna\u021bionale <a href=\"https:\/\/jackpotlotteryonline.com\/ro\/cand-sunt-orele-de-extragere-pentru-loteriile-internationale\">cite\u0219te mai mult<\/a><\/p>\n<\/div>\n<\/div>\n<\/section>\n<h3>Vizita\u021bi site-urile de \u0219tiri<\/h3>\n<p>O alt\u0103 modalitate de a verifica rezultatele extragerilor este de a consulta site-urile de \u0219tiri. Diverse site-uri de \u0219tiri public\u0103 pe paginile lor combina\u021biile c\u00e2\u0219tig\u0103toare. Acest lucru este valabil \u00een special pentru site-urile de \u0219tiri europene. Dac\u0103 c\u00e2\u0219tiga\u021bi jackpotul, atunci aceasta este o op\u021biune excelent\u0103. Cu toate acestea, exist\u0103 mai multe alte diviziuni de premii pe care un juc\u0103tor le poate c\u00e2\u0219tiga. Din p\u0103cate, aceste site-uri nu public\u0103 de obicei combina\u021biile c\u00e2\u0219tig\u0103toare pentru aceste divizii. Deci, dac\u0103 c\u00e2\u0219tiga\u021bi un premiu de nivelul doi, de exemplu, s-ar putea s\u0103 \u00eel pierde\u021bi.<\/p>\n<h3>Verifica\u021bi jackpotlotteryonline.com<\/h3>\n<p>Atunci c\u00e2nd v\u0103 \u00eenregistra\u021bi la noi, pute\u021bi verifica cu u\u0219urin\u021b\u0103 numerele c\u00e2\u0219tig\u0103toare pentru Loto Fran\u021ba. Dup\u0103 fiecare extragere, public\u0103m rezultatele chiar aici, pe pagina noastr\u0103. De asemenea, dac\u0103 c\u00e2\u0219tiga\u021bi vreun premiu, v\u0103 vom anun\u021ba imediat, indiferent de diviziunea premiului pe care l-a\u021bi c\u00e2\u0219tigat. \u00cen plus, v\u0103 pute\u021bi retrage c\u00e2\u0219tigurile la loto direct de pe site-ul nostru \u00een contul dumneavoastr\u0103.<\/p>\n<h2>Avantajele jocului online<\/h2>\n<p>Faptul c\u0103 pute\u021bi verifica \u00een mod convenabil rezultatele extragerilor este doar unul dintre beneficiile <a href=\"https:\/\/jackpotlotteryonline.com\/ro\/cum-se-joaca\/france-lotto\">jocului la loto online<\/a>. Dar, trebuie s\u0103 fim de acord c\u0103 este un beneficiu uria\u0219. Iat\u0103 c\u00e2teva beneficii pe scurt:<\/p>\n<ul>\n<li>Acces de oriunde la loteriile interna\u021bionale de top<\/li>\n<li>Comoditatea de a juca de pe computer sau de pe un dispozitiv mobil<\/li>\n<li>Programarea cu u\u0219urin\u021b\u0103 a mai multor extrageri \u00een avans<\/li>\n<li>Verificarea comod\u0103 a rezultatelor extragerilor<\/li>\n<li>Retragerea c\u00e2\u0219tigurilor direct \u00een contul dvs.<\/li>\n<\/ul>\n<h2>Combina\u021bii c\u00e2\u0219tig\u0103toare la France Lotto<\/h2>\n<p>Alegerea combina\u021biei potrivite pentru biletul dvs. la loto Fran\u021ba poate fi destul de complicat\u0103. Mul\u021bi juc\u0103tori au diferite sfaturi pe care le folosesc pentru a-\u0219i cre\u0219te \u0219ansele de a c\u00e2\u0219tiga la loto. Ceea ce v\u0103 putem spune este c\u0103 nu exist\u0103 o metod\u0103 garantat\u0103 de a c\u00e2\u0219tiga la loto. Este o chestiune de noroc. Cu toate acestea, putem \u00eemp\u0103rt\u0103\u0219i c\u00e2teva strategii pe care juc\u0103torii le folosesc pentru a-\u0219i alege cifrele c\u00e2\u0219tig\u0103toare.<\/p>\n<p>Unor juc\u0103tori le place s\u0103 treac\u0103 \u00een revist\u0103 combina\u021biile c\u00e2\u0219tig\u0103toare din trecut pentru a g\u0103si numere care apar regulat sau rar. Ei sunt capabili s\u0103 identifice un tipar \u0219i s\u0103 \u00eel foloseasc\u0103 pentru a crea o strategie de joc la loto. Este greu de spus dac\u0103 func\u021bioneaz\u0103 sau nu.<\/p>\n<p>Al\u021bi juc\u0103tori aleg s\u0103 joace frecvent, cump\u0103r\u00e2nd mai multe bilete \u0219i particip\u00e2nd la mai multe extrageri. Logica din spatele acestui lucru este c\u0103, cu c\u00e2t joci la loterie de mai multe ori, cu at\u00e2t cresc \u0219ansele de c\u00e2\u0219tig. Interesant este c\u0103 majoritatea c\u00e2\u0219tig\u0103torilor au jucat ani de zile \u00eenainte de a c\u00e2\u0219tiga la loterie. Cu toate acestea, exist\u0103 \u0219i persoane care au c\u00e2\u0219tigat de prima dat\u0103 c\u00e2nd au jucat.<\/p>\n<h2>Concluzie<\/h2>\n<p>\u00cen concluzie, loto Fran\u021ba este un joc de noroc. Pute\u021bi<a href=\"https:\/\/jackpotlotteryonline.com\/ro\/cumpara-bilete\/lotto-france\"> cump\u0103ra bilete la loto Fran\u021ba<\/a> \u0219i pute\u021bi verifica combina\u021biile c\u00e2\u0219tig\u0103toare chiar aici, pe jackpotlotteryonline.com<\/p>\n","protected":false},"excerpt":{"rendered":"<p>France Lotto este un loto european care produce c\u00e2\u0219tig\u0103tori de trei ori pe s\u0103pt\u0103m\u00e2n\u0103. A fost lansat \u00een 1976 \u0219i are ca zile de extragere lunea, miercurea \u0219i s\u00e2mb\u0103ta. Numerele c\u00e2\u0219tig\u0103toare la France Lotto sunt anun\u021bate \u00een aceste zile. C\u00e2\u0219tig\u0103torii din \u00eentreaga lume pot participa la France Lotto cump\u0103r\u00e2ndu-\u0219i biletele online. De ce ar trebui [&hellip;]<\/p>\n","protected":false},"author":1,"featured_media":0,"parent":35848,"menu_order":9,"comment_status":"closed","ping_status":"closed","template":"lotto-fr-results.php","meta":{"_et_pb_use_builder":"","_et_pb_old_content":"","_et_gb_content_width":"","exclude_from_search":false,"footnotes":""},"class_list":["post-40951","page","type-page","status-publish","hentry"],"yoast_head":"<!-- This site is optimized with the Yoast SEO plugin v23.3 - https:\/\/yoast.com\/wordpress\/plugins\/seo\/ -->\n<title>Fran\u021ba Loto numere c\u00e2\u0219tig\u0103toare \u0219i rezultatele extragerii<\/title>\n<meta name=\"description\" content=\"Dori\u021bi s\u0103 afla\u021bi numerele c\u00e2\u0219tig\u0103toare \u0219i rezultatele extragerii Loteriei franceze? Consulta\u021bi pagina de rezultate Loto Fran\u021ba \u0219i arhiva noastr\u0103\" \/>\n<meta name=\"robots\" content=\"index, follow, max-snippet:-1, max-image-preview:large, max-video-preview:-1\" \/>\n<link rel=\"canonical\" href=\"https:\/\/jackpotlotteryonline.com\/ro\/numere-castigatoare\/france-lotto-2\/\" \/>\n<meta property=\"og:locale\" content=\"ro_RO\" \/>\n<meta property=\"og:type\" content=\"article\" \/>\n<meta property=\"og:title\" content=\"Fran\u021ba Loto numere c\u00e2\u0219tig\u0103toare \u0219i rezultatele extragerii\" \/>\n<meta property=\"og:description\" content=\"Dori\u021bi s\u0103 afla\u021bi numerele c\u00e2\u0219tig\u0103toare \u0219i rezultatele extragerii Loteriei franceze? Consulta\u021bi pagina de rezultate Loto Fran\u021ba \u0219i arhiva noastr\u0103\" \/>\n<meta property=\"og:url\" content=\"https:\/\/jackpotlotteryonline.com\/ro\/numere-castigatoare\/france-lotto-2\/\" \/>\n<meta property=\"og:site_name\" content=\"Lotto Online - Crack The International Lottery Jackpots\" \/>\n<meta property=\"article:modified_time\" content=\"2022-12-28T21:22:21+00:00\" \/>\n<meta property=\"og:image\" content=\"https:\/\/jackpotlotteryonline.com\/wp-content\/uploads\/2022\/11\/rf_results_page-300x225.jpg\" \/>\n<meta name=\"twitter:card\" content=\"summary_large_image\" \/>\n<meta name=\"twitter:label1\" content=\"Timp estimat pentru citire\" \/>\n\t<meta name=\"twitter:data1\" content=\"4 minute\" \/>\n<!-- \/ Yoast SEO plugin. -->","yoast_head_json":{"title":"Fran\u021ba Loto numere c\u00e2\u0219tig\u0103toare \u0219i rezultatele extragerii","description":"Dori\u021bi s\u0103 afla\u021bi numerele c\u00e2\u0219tig\u0103toare \u0219i rezultatele extragerii Loteriei franceze? Consulta\u021bi pagina de rezultate Loto Fran\u021ba \u0219i arhiva noastr\u0103","robots":{"index":"index","follow":"follow","max-snippet":"max-snippet:-1","max-image-preview":"max-image-preview:large","max-video-preview":"max-video-preview:-1"},"canonical":"https:\/\/jackpotlotteryonline.com\/ro\/numere-castigatoare\/france-lotto-2\/","og_locale":"ro_RO","og_type":"article","og_title":"Fran\u021ba Loto numere c\u00e2\u0219tig\u0103toare \u0219i rezultatele extragerii","og_description":"Dori\u021bi s\u0103 afla\u021bi numerele c\u00e2\u0219tig\u0103toare \u0219i rezultatele extragerii Loteriei franceze? Consulta\u021bi pagina de rezultate Loto Fran\u021ba \u0219i arhiva noastr\u0103","og_url":"https:\/\/jackpotlotteryonline.com\/ro\/numere-castigatoare\/france-lotto-2\/","og_site_name":"Lotto Online - Crack The International Lottery Jackpots","article_modified_time":"2022-12-28T21:22:21+00:00","og_image":[{"url":"https:\/\/jackpotlotteryonline.com\/wp-content\/uploads\/2022\/11\/rf_results_page-300x225.jpg"}],"twitter_card":"summary_large_image","twitter_misc":{"Timp estimat pentru citire":"4 minute"},"schema":{"@context":"https:\/\/schema.org","@graph":[{"@type":"WebPage","@id":"https:\/\/jackpotlotteryonline.com\/ro\/numere-castigatoare\/france-lotto-2\/","url":"https:\/\/jackpotlotteryonline.com\/ro\/numere-castigatoare\/france-lotto-2\/","name":"Fran\u021ba Loto numere c\u00e2\u0219tig\u0103toare \u0219i rezultatele extragerii","isPartOf":{"@id":"https:\/\/jackpotlotteryonline.com\/#website"},"primaryImageOfPage":{"@id":"https:\/\/jackpotlotteryonline.com\/ro\/numere-castigatoare\/france-lotto-2\/#primaryimage"},"image":{"@id":"https:\/\/jackpotlotteryonline.com\/ro\/numere-castigatoare\/france-lotto-2\/#primaryimage"},"thumbnailUrl":"https:\/\/jackpotlotteryonline.com\/wp-content\/uploads\/2022\/11\/rf_results_page-300x225.jpg","datePublished":"2022-12-07T10:46:21+00:00","dateModified":"2022-12-28T21:22:21+00:00","description":"Dori\u021bi s\u0103 afla\u021bi numerele c\u00e2\u0219tig\u0103toare \u0219i rezultatele extragerii Loteriei franceze? Consulta\u021bi pagina de rezultate Loto Fran\u021ba \u0219i arhiva noastr\u0103","breadcrumb":{"@id":"https:\/\/jackpotlotteryonline.com\/ro\/numere-castigatoare\/france-lotto-2\/#breadcrumb"},"inLanguage":"ro-RO","potentialAction":[{"@type":"ReadAction","target":["https:\/\/jackpotlotteryonline.com\/ro\/numere-castigatoare\/france-lotto-2\/"]}]},{"@type":"ImageObject","inLanguage":"ro-RO","@id":"https:\/\/jackpotlotteryonline.com\/ro\/numere-castigatoare\/france-lotto-2\/#primaryimage","url":"https:\/\/jackpotlotteryonline.com\/wp-content\/uploads\/2022\/11\/rf_results_page-300x225.jpg","contentUrl":"https:\/\/jackpotlotteryonline.com\/wp-content\/uploads\/2022\/11\/rf_results_page-300x225.jpg"},{"@type":"BreadcrumbList","@id":"https:\/\/jackpotlotteryonline.com\/ro\/numere-castigatoare\/france-lotto-2\/#breadcrumb","itemListElement":[{"@type":"ListItem","position":1,"name":"Home","item":"https:\/\/jackpotlotteryonline.com\/ro\/"},{"@type":"ListItem","position":2,"name":"Rezultatele loteriei","item":"https:\/\/jackpotlotteryonline.com\/ro\/numere-castigatoare\/"},{"@type":"ListItem","position":3,"name":"Fran\u021ba Rezultate tragere Loto"}]},{"@type":"WebSite","@id":"https:\/\/jackpotlotteryonline.com\/#website","url":"https:\/\/jackpotlotteryonline.com\/","name":"Lotto Online - Crack The International Lottery Jackpots","description":"","potentialAction":[{"@type":"SearchAction","target":{"@type":"EntryPoint","urlTemplate":"https:\/\/jackpotlotteryonline.com\/?s={search_term_string}"},"query-input":"required name=search_term_string"}],"inLanguage":"ro-RO"}]}},"_links":{"self":[{"href":"https:\/\/jackpotlotteryonline.com\/ro\/wp-json\/wp\/v2\/pages\/40951","targetHints":{"allow":["GET"]}}],"collection":[{"href":"https:\/\/jackpotlotteryonline.com\/ro\/wp-json\/wp\/v2\/pages"}],"about":[{"href":"https:\/\/jackpotlotteryonline.com\/ro\/wp-json\/wp\/v2\/types\/page"}],"author":[{"embeddable":true,"href":"https:\/\/jackpotlotteryonline.com\/ro\/wp-json\/wp\/v2\/users\/1"}],"replies":[{"embeddable":true,"href":"https:\/\/jackpotlotteryonline.com\/ro\/wp-json\/wp\/v2\/comments?post=40951"}],"version-history":[{"count":0,"href":"https:\/\/jackpotlotteryonline.com\/ro\/wp-json\/wp\/v2\/pages\/40951\/revisions"}],"up":[{"embeddable":true,"href":"https:\/\/jackpotlotteryonline.com\/ro\/wp-json\/wp\/v2\/pages\/35848"}],"wp:attachment":[{"href":"https:\/\/jackpotlotteryonline.com\/ro\/wp-json\/wp\/v2\/media?parent=40951"}],"curies":[{"name":"wp","href":"https:\/\/api.w.org\/{rel}","templated":true}]}}