{"id":41006,"date":"2022-12-07T12:42:14","date_gmt":"2022-12-07T12:42:14","guid":{"rendered":"https:\/\/jackpotlotteryonline.com\/?page_id=41006"},"modified":"2023-01-03T09:29:29","modified_gmt":"2023-01-03T09:29:29","slug":"joaca-la-loteria-din-marea-britanie-de-oriunde","status":"publish","type":"page","link":"https:\/\/jackpotlotteryonline.com\/ro\/cum-se-joaca\/joaca-la-loteria-din-marea-britanie-de-oriunde\/","title":{"rendered":"Joac\u0103 la loteria din Marea Britanie de oriunde"},"content":{"rendered":"<p>Loteria din Marea Britanie este un joc de loterie care se joac\u0103 \u00een Regatul Unit. Aceast\u0103 \u021bar\u0103 g\u0103zduie\u0219te multe jocuri de loterie, inclusiv jocul Set for Life, care este o rent\u0103 viager\u0103. Dar, noi nu suntem aici pentru a vorbi despre Set for Life. Acesta este un joc pe care juc\u0103torii \u00eel joac\u0103 pentru distrac\u021bie \u0219i acum pute\u021bi juca acest joc online. De\u0219i se \u0219tie c\u0103 a f\u0103cut milionari din c\u00e2nd \u00een c\u00e2nd, pl\u0103\u021bile nu sunt foarte generoase. Mai ales pentru c\u0103 pl\u0103\u021bile depind de fondul de loterie.<\/p>\n<p>Pute\u021bi juca la aceast\u0103 loterie \u0219i la alte loterii interna\u021bionale de top online pe site-ul nostru. Pur \u0219i simplu vizita\u021bi jackpotlotteryonline.com \u0219i \u00eenregistra\u021bi-v\u0103 la noi pentru o \u0219ans\u0103 de a c\u00e2\u0219tiga mult.<\/p>\n<h2>Cum s\u0103 joci la loteria din Marea Britanie<\/h2>\n<p><img loading=\"lazy\" decoding=\"async\" class=\"alignright size-full wp-image-31370\" src=\"http:\/\/jackpotlotteryonline.com\/wp-content\/uploads\/2022\/11\/lotteryticket.jpg\" alt=\"Joac\u0103 la loteria din Marea Britanie\" width=\"212\" height=\"142\" \/>Acest joc seam\u0103n\u0103 foarte mult cu alte jocuri de loterie. Regulile jocului prev\u0103d c\u0103 un juc\u0103tor trebuie s\u0103 aleag\u0103 6 numere dintr-un grup de la 1 la 49. Exist\u0103, de asemenea, un num\u0103r bonus care este ales \u00een timpul extragerilor. Acesta este folosit pentru a determina c\u00e2\u0219tig\u0103torii pentru celelalte categorii de premii. Num\u0103rul bonus este ales la \u00eent\u00e2mplare \u00een timpul extragerilor \u0219i nu de c\u0103tre juc\u0103tori.<\/p>\n<p>Ca s\u0103 fim sinceri, nu suntem fani ai loteriei din Marea Britanie din cauza c\u00e2\u0219tigurilor mici. Chiar dac\u0103 potrivi\u021bi numerele extrase, nu v\u0103 putem garanta ce ve\u021bi lua acas\u0103.<\/p>\n<p>De ce nu vizita\u021bi site-ul nostru pentru a juca la alte jocuri de loterie, cum ar fi Powerball \u0219i Mega Millions din SUA. La aceste loterii, jackpotul minim este de 40 de milioane de dolari. Exist\u0103 \u0219i alte loterii europene pe care le pute\u021bi juca, cum ar fi Euromillions \u0219i Eurojackpot. Visul nostru pentru clien\u021bii no\u0219tri este ca ace\u0219tia s\u0103 c\u00e2\u0219tige mult.<\/p>\n<h2>Cum s\u0103 participa\u021bi la loteria online din Marea Britanie<\/h2>\n<p>A juca online este pu\u021bin diferit de a folosi un v\u00e2nz\u0103tor fizic. Diferen\u021ba nu este un lucru r\u0103u. De fapt, ea face ca jocul la loterie s\u0103 fie super convenabil. Urma\u021bi ace\u0219ti pa\u0219i pentru a juca la loteria din Marea Britanie pe site-ul nostru.<\/p>\n<ol>\n<li>Vizita\u021bi pagina loteriei din Marea Britanie<\/li>\n<li>Alege\u021bi 6 numere dintr-un interval de la 1 la 49 (dac\u0103 nu sunte\u021bi sigur ce numere s\u0103 folosi\u021bi, \u00eencerca\u021bi generatorul automat de numere)<\/li>\n<li><a href=\"https:\/\/jackpotlotteryonline.com\/ro\/cumpara-bilete\/uk-lottery\">Cump\u0103ra\u021bi linii suplimentare de numere<\/a> pentru o \u0219ans\u0103 mai mare de c\u00e2\u0219tig<\/li>\n<li>Participa\u021bi la extrageri (pute\u021bi participa la mai mult de o extragere)<\/li>\n<li>\u00cenregistra\u021bi-v\u0103 \u0219i pl\u0103ti\u021bi pentru \u00eenscrierile dumneavoastr\u0103.<\/li>\n<\/ol>\n<section class=\"layout\" style=\"border: solid 1px; width: 100%;\">\n<div class=\"img-div\" style=\"margin-top: 5px;\"><img decoding=\"async\" class=\"wp-image-17212 alignleft\" style=\"height: 45px; margin: 8px 8px 0px;\" src=\"http:\/\/jackpotlotteryonline.com\/wp-content\/uploads\/2022\/11\/read1.jpg\" alt=\"cite\u0219te\" width=\"\" height=\"\" \/><\/div>\n<div style=\"padding-left: 5px;\">\n<div style=\"font-size: 1.1em;\">\n<p><strong>Sfaturi pentru loterie<\/strong><\/p>\n<p style=\"font-size: 0.85em; margin-top: -1.5em;\">Sfaturi care te ajut\u0103 s\u0103 c\u00e2\u0219tigi la loto\u00a0<a href=\"https:\/\/jackpotlotteryonline.com\/ro\/sfaturi-care-te-ajuta-sa-castigi-la-loto\"> cite\u0219te mai mult<\/a><\/p>\n<\/div>\n<\/div>\n<\/section>\n<h2>Verificarea tragerilor la loterie<\/h2>\n<p><a href=\"https:\/\/jackpotlotteryonline.com\/ro\/numere-castigatoare\/uk-lottery\">Loteria din Marea Britanie are dou\u0103 zile de extragere pe s\u0103pt\u0103m\u00e2n\u0103<\/a>, miercuri \u0219i s\u00e2mb\u0103t\u0103. V\u0103 pute\u021bi \u00eenscrie la mai multe extrageri pentru a v\u0103 cre\u0219te \u0219ansele de a c\u00e2\u0219tiga la loteria din Marea Britanie. De asemenea, v\u0103 pute\u021bi \u00eenscrie cu u\u0219urin\u021b\u0103 la extrageri cu mai multe s\u0103pt\u0103m\u00e2ni \u00een avans, folosind serviciul nostru de abonament.<\/p>\n<p>Biletul c\u00e2\u0219tig\u0103tor este anun\u021bat \u00een timpul extragerilor. Pentru a c\u00e2\u0219tiga jackpotul, trebuie doar s\u0103 potrivi\u021bi cele 6 numere extrase. Premiile jackpot ale loteriei britanice \u00eencep de la 2 milioane de lire sterline \u0219i se pot prelungi dac\u0103 nu exist\u0103 niciun c\u00e2\u0219tig\u0103tor dup\u0103 o extragere. Deoarece se rostogole\u0219te dup\u0103 fiecare extragere (dac\u0103 nu exist\u0103 niciun c\u00e2\u0219tig\u0103tor), poate ajunge pu\u021bin mai sus de pragul de 2 milioane de lire sterline.<\/p>\n<p>Dup\u0103 fiecare extragere, pute\u021bi reveni pe site-ul nostru pentru a afla dac\u0103 a\u021bi c\u00e2\u0219tigat un premiu. Loteria din Marea Britanie are 6 categorii de premii diferite \u0219i, dac\u0103 c\u00e2\u0219tiga\u021bi vreun premiu, v\u0103 vom trimite un e-mail de alert\u0103.<\/p>\n<h2>Ce este serviciul de abonament?<\/h2>\n<p><img loading=\"lazy\" decoding=\"async\" class=\"alignright wp-image-28427\" src=\"http:\/\/jackpotlotteryonline.com\/wp-content\/uploads\/2022\/11\/1_mega_win-300x279.jpg\" alt=\"c\u00e2\u0219tiga\u021bi la loteria din Marea Britanie\" width=\"237\" height=\"220\" srcset=\"https:\/\/jackpotlotteryonline.com\/wp-content\/uploads\/2022\/11\/1_mega_win-300x279.jpg 300w, https:\/\/jackpotlotteryonline.com\/wp-content\/uploads\/2022\/11\/1_mega_win.jpg 320w\" sizes=\"auto, (max-width: 237px) 100vw, 237px\" \/>Dac\u0103 utiliza\u021bi un site ca al nostru, exist\u0103 ceea ce noi numim un serviciu de abonament pentru a permite juc\u0103torilor s\u0103 joace f\u0103r\u0103 probleme \u0219i f\u0103r\u0103 stres. De\u0219i este perfect \u00een regul\u0103 s\u0103 fii juc\u0103tor o singur\u0103 dat\u0103 (dac\u0103 asta este ceea ce preferi), majoritatea juc\u0103torilor joac\u0103 des. Cel mai bun mod de a juca \u0219i de a c\u00e2\u0219tiga la loteria din Marea Britanie este s\u0103 joci \u00een mod regulat \u0219i despre asta este vorba \u00een acest serviciu.<\/p>\n<p>\u00cel pute\u021bi seta astfel \u00eenc\u00e2t s\u0103 fi\u021bi \u00eenscris automat la extragerile viitoare. Loteria din Marea Britanie are 2 extrageri s\u0103pt\u0103m\u00e2nale: miercurea \u0219i s\u00e2mb\u0103ta. S\u0103 fim sinceri, poate deveni pu\u021bin obositor s\u0103 \u00eencerci s\u0103-\u021bi aminte\u0219ti s\u0103 joci \u0219i s\u0103 te \u00eenscrii la fiecare extragere, dar de aceea suntem aici.<\/p>\n<p>Odat\u0103 ce a\u021bi configurat serviciul de abonament, v\u0103 pute\u021bi relaxa \u0219i s\u0103 \u0219ti\u021bi c\u0103 nu va trebui s\u0103 rata\u021bi nicio extragere pentru loteria din Marea Britanie.<\/p>\n<h2>Premii<\/h2>\n<p>Am men\u021bionat c\u0103 premiile pentru aceast\u0103 loterie depind de fondul loteriei. A\u0219adar, putem \u00eemp\u0103rt\u0103\u0219i doar premiile de la o anumit\u0103 extragere. Re\u021bine\u021bi c\u0103, dac\u0103 exist\u0103 mai mul\u021bi c\u00e2\u0219tig\u0103tori, premiul va fi \u00eemp\u0103r\u021bit \u00eentre ei.<\/p>\n<p>Divizia 1: Meciul 6 &#8211; 2.000.000 de lire sterline (jackpot)<\/p>\n<p>Divizia 2: Meciul 5 + Bonus &#8211; 1.000.000 de lire sterline<\/p>\n<p>Divizia 3: Meciul 5 &#8211; \u00a31,750<\/p>\n<p>Divizia 4: Meciul 4 &#8211; 140 de lire sterline<\/p>\n<p>Divizia 5: Meciul 3 &#8211; 30 \u00a3.<\/p>\n<p>Divizia 6: Meciul 2 &#8211; Loto gratuit Lucky Dip<\/p>\n<p>\u00cen\u021belege\u021bi c\u0103, chiar dac\u0103 c\u00e2\u0219tiga\u021bi aceste premii, suma afi\u0219at\u0103 nu reprezint\u0103 ceea ce ve\u021bi primi ca plat\u0103. Acest lucru se datoreaz\u0103 faptului c\u0103 aproximativ 45% din fondurile loteriei sunt destinate premiilor \u00een bani. Deci, ar putea fi mai pu\u021bin sau mai mult \u00een func\u021bie de ceea ce este \u00een fond.<\/p>\n<h2>Cum s\u0103 v\u0103 revendica\u021bi c\u00e2\u0219tigul<\/h2>\n<p>Dac\u0103 sunte\u021bi \u00eenregistrat la noi, revendicarea c\u00e2\u0219tigului dumneavoastr\u0103 este u\u0219oar\u0103 \u0219i direct\u0103. Dac\u0103 c\u00e2\u0219tigul dvs. este de 2500 \u20ac sau mai pu\u021bin, \u00eel pute\u021bi accesa chiar aici, pe site-ul nostru. Asta pentru c\u0103 firma de loterie \u00eel va pl\u0103ti direct pe site-ul nostru, iar tu \u00eel po\u021bi retrage apoi \u00een contul t\u0103u.<\/p>\n<p>Dac\u0103 este mai mare de 2.500 \u20ac, va trebui s\u0103 v\u0103 revendica\u021bi c\u00e2\u0219tigul direct de la compania de loterie. Noi v\u0103 vom ajuta \u00een acest sens, oferindu-v\u0103 un formular de revendicare pe care s\u0103 \u00eel completa\u021bi, a\u0219a c\u0103 nu v\u0103 face\u021bi griji \u00een acest sens.<\/p>\n<p><strong>Compania de loterie are c\u00e2teva reglement\u0103ri \u00een ceea ce prive\u0219te revendicarea c\u00e2\u0219tigurilor.<\/strong><\/p>\n<ul>\n<li>Trebuie s\u0103 ave\u021bi peste 18 ani pentru a juca la loto<\/li>\n<li>C\u00e2\u0219tigurile trebuie revendicate \u00een termen de 180 de zile de la extragere. Singura excep\u021bie este dac\u0103 a\u021bi \u00eenceput procedura \u00een termen de 7 zile.<\/li>\n<li>Jocurile cu c\u00e2\u0219tiguri instantanee trebuie revendicate \u00een termen de 180 de zile de c\u00e2nd a\u021bi cump\u0103rat jocul cu c\u00e2\u0219tiguri instantanee.<\/li>\n<li>Jocurile de r\u0103zuit trebuie, de asemenea, s\u0103 fie revendicate \u00een termen de 180 de zile de la data la care a\u021bi cump\u0103rat cartea de r\u0103zuit.<\/li>\n<\/ul>\n<h2>Despre serviciile noastre de concierge<\/h2>\n<p>Dorim s\u0103 ne oprim un moment pentru a explica ce facem \u0219i de ce avem un serviciu de concierge. Exist\u0103 mai multe site-uri de loterie online care pretind c\u0103 ofer\u0103 juc\u0103torilor intr\u0103ri la loteriile din \u00eentreaga lume. Dar, ceea ce fac de fapt este s\u0103 v\u0103 permit\u0103 s\u0103 paria\u021bi pe rezultat. Noi nu facem asta. Noi le oferim juc\u0103torilor \u0219ansa de a juca la loterii interna\u021bionale de top.<\/p>\n<p>C\u00e2nd joci la loteria din Marea Britanie pe site-ul nostru, iat\u0103 ce se \u00eent\u00e2mpl\u0103. Dup\u0103 ce \u00ee\u021bi alegi numerele \u0219i faci plata, agentul nostru din SUA va cump\u0103ra un bilet fizic folosind numerele tale. Acesta va fi pentru extragerea pe care a\u021bi ales-o, bine\u00een\u021beles. Acel bilet este apoi scanat \u0219i \u00eenc\u0103rcat \u00een contul dumneavoastr\u0103.<\/p>\n<p>Acesta este un mod perfect legal de a juca la loteria britanic\u0103 online din orice parte a lumii. \u00cen plus, v\u0103 asigur\u0103 c\u0103 sunte\u021bi cu adev\u0103rat \u00eenscris la loteria aleas\u0103 de dumneavoastr\u0103. Mai mult, public\u0103m rezultatele extragerii chiar aici pe site-ul nostru \u0219i v\u0103 inform\u0103m dac\u0103 a\u021bi c\u00e2\u0219tigat. Suntem un serviciu de concierge, deoarece ne ocup\u0103m de toate micile detalii enervante pentru dvs. astfel \u00eenc\u00e2t s\u0103 v\u0103 pute\u021bi bucura de experien\u021ba dvs. la loterie.<\/p>\n<h2>\u00cenregistreaz\u0103-te la noi pentru a juca la loteriile interna\u021bionale de top online<\/h2>\n<p>Marea Britanie are o mul\u021bime de loterii pe care le pute\u021bi juca online. Dac\u0103 dori\u021bi s\u0103 \u00eencerca\u021bi loteria, atunci pute\u021bi face asta. Dar dac\u0103 ave\u021bi nevoie de o alegere mai larg\u0103, de ce nu \u00eencerca\u021bi loteria Set for Life, care este o rent\u0103 viager\u0103? Sau pute\u021bi juca la loteria Eurojackpot \u0219i Euromillions. Pute\u021bi g\u0103si toate acestea online chiar aici, pe site-ul nostru. A\u0219a c\u0103 \u00eenregistra\u021bi-v\u0103 acum pentru a avea \u0219ansa de a c\u00e2\u0219tiga mult.<\/p>\n","protected":false},"excerpt":{"rendered":"<p>Loteria din Marea Britanie este un joc de loterie care se joac\u0103 \u00een Regatul Unit. Aceast\u0103 \u021bar\u0103 g\u0103zduie\u0219te multe jocuri de loterie, inclusiv jocul Set for Life, care este o rent\u0103 viager\u0103. Dar, noi nu suntem aici pentru a vorbi despre Set for Life. Acesta este un joc pe care juc\u0103torii \u00eel joac\u0103 pentru distrac\u021bie [&hellip;]<\/p>\n","protected":false},"author":1,"featured_media":0,"parent":35714,"menu_order":10,"comment_status":"closed","ping_status":"closed","template":"lotto-uk.php","meta":{"_et_pb_use_builder":"","_et_pb_old_content":"","_et_gb_content_width":"","exclude_from_search":false,"footnotes":""},"class_list":["post-41006","page","type-page","status-publish","hentry"],"yoast_head":"<!-- This site is optimized with the Yoast SEO plugin v23.3 - https:\/\/yoast.com\/wordpress\/plugins\/seo\/ -->\n<title>Joac\u0103 online la Loteria din Marea Britanie, chiar dac\u0103 nu locuie\u0219ti \u00een Regatul Unit<\/title>\n<meta name=\"description\" content=\"Dori\u021bi s\u0103 juca\u021bi la loteria din Marea Britanie, dar sunte\u021bi \u00een afara Regatului Unit? Nicio problem\u0103, pute\u021bi folosi serviciul nostru online pentru a juca la acest loto de oriunde\" \/>\n<meta name=\"robots\" content=\"index, follow, max-snippet:-1, max-image-preview:large, max-video-preview:-1\" \/>\n<link rel=\"canonical\" href=\"https:\/\/jackpotlotteryonline.com\/ro\/cum-se-joaca\/joaca-la-loteria-din-marea-britanie-de-oriunde\/\" \/>\n<meta property=\"og:locale\" content=\"ro_RO\" \/>\n<meta property=\"og:type\" content=\"article\" \/>\n<meta property=\"og:title\" content=\"Joac\u0103 online la Loteria din Marea Britanie, chiar dac\u0103 nu locuie\u0219ti \u00een Regatul Unit\" \/>\n<meta property=\"og:description\" content=\"Dori\u021bi s\u0103 juca\u021bi la loteria din Marea Britanie, dar sunte\u021bi \u00een afara Regatului Unit? Nicio problem\u0103, pute\u021bi folosi serviciul nostru online pentru a juca la acest loto de oriunde\" \/>\n<meta property=\"og:url\" content=\"https:\/\/jackpotlotteryonline.com\/ro\/cum-se-joaca\/joaca-la-loteria-din-marea-britanie-de-oriunde\/\" \/>\n<meta property=\"og:site_name\" content=\"Lotto Online - Crack The International Lottery Jackpots\" \/>\n<meta property=\"article:modified_time\" content=\"2023-01-03T09:29:29+00:00\" \/>\n<meta property=\"og:image\" content=\"http:\/\/jackpotlotteryonline.com\/wp-content\/uploads\/2022\/11\/lotteryticket.jpg\" \/>\n<meta name=\"twitter:card\" content=\"summary_large_image\" \/>\n<meta name=\"twitter:label1\" content=\"Timp estimat pentru citire\" \/>\n\t<meta name=\"twitter:data1\" content=\"7 minute\" \/>\n<!-- \/ Yoast SEO plugin. -->","yoast_head_json":{"title":"Joac\u0103 online la Loteria din Marea Britanie, chiar dac\u0103 nu locuie\u0219ti \u00een Regatul Unit","description":"Dori\u021bi s\u0103 juca\u021bi la loteria din Marea Britanie, dar sunte\u021bi \u00een afara Regatului Unit? Nicio problem\u0103, pute\u021bi folosi serviciul nostru online pentru a juca la acest loto de oriunde","robots":{"index":"index","follow":"follow","max-snippet":"max-snippet:-1","max-image-preview":"max-image-preview:large","max-video-preview":"max-video-preview:-1"},"canonical":"https:\/\/jackpotlotteryonline.com\/ro\/cum-se-joaca\/joaca-la-loteria-din-marea-britanie-de-oriunde\/","og_locale":"ro_RO","og_type":"article","og_title":"Joac\u0103 online la Loteria din Marea Britanie, chiar dac\u0103 nu locuie\u0219ti \u00een Regatul Unit","og_description":"Dori\u021bi s\u0103 juca\u021bi la loteria din Marea Britanie, dar sunte\u021bi \u00een afara Regatului Unit? Nicio problem\u0103, pute\u021bi folosi serviciul nostru online pentru a juca la acest loto de oriunde","og_url":"https:\/\/jackpotlotteryonline.com\/ro\/cum-se-joaca\/joaca-la-loteria-din-marea-britanie-de-oriunde\/","og_site_name":"Lotto Online - Crack The International Lottery Jackpots","article_modified_time":"2023-01-03T09:29:29+00:00","og_image":[{"url":"http:\/\/jackpotlotteryonline.com\/wp-content\/uploads\/2022\/11\/lotteryticket.jpg"}],"twitter_card":"summary_large_image","twitter_misc":{"Timp estimat pentru citire":"7 minute"},"schema":{"@context":"https:\/\/schema.org","@graph":[{"@type":"WebPage","@id":"https:\/\/jackpotlotteryonline.com\/ro\/cum-se-joaca\/joaca-la-loteria-din-marea-britanie-de-oriunde\/","url":"https:\/\/jackpotlotteryonline.com\/ro\/cum-se-joaca\/joaca-la-loteria-din-marea-britanie-de-oriunde\/","name":"Joac\u0103 online la Loteria din Marea Britanie, chiar dac\u0103 nu locuie\u0219ti \u00een Regatul Unit","isPartOf":{"@id":"https:\/\/jackpotlotteryonline.com\/#website"},"primaryImageOfPage":{"@id":"https:\/\/jackpotlotteryonline.com\/ro\/cum-se-joaca\/joaca-la-loteria-din-marea-britanie-de-oriunde\/#primaryimage"},"image":{"@id":"https:\/\/jackpotlotteryonline.com\/ro\/cum-se-joaca\/joaca-la-loteria-din-marea-britanie-de-oriunde\/#primaryimage"},"thumbnailUrl":"http:\/\/jackpotlotteryonline.com\/wp-content\/uploads\/2022\/11\/lotteryticket.jpg","datePublished":"2022-12-07T12:42:14+00:00","dateModified":"2023-01-03T09:29:29+00:00","description":"Dori\u021bi s\u0103 juca\u021bi la loteria din Marea Britanie, dar sunte\u021bi \u00een afara Regatului Unit? Nicio problem\u0103, pute\u021bi folosi serviciul nostru online pentru a juca la acest loto de oriunde","breadcrumb":{"@id":"https:\/\/jackpotlotteryonline.com\/ro\/cum-se-joaca\/joaca-la-loteria-din-marea-britanie-de-oriunde\/#breadcrumb"},"inLanguage":"ro-RO","potentialAction":[{"@type":"ReadAction","target":["https:\/\/jackpotlotteryonline.com\/ro\/cum-se-joaca\/joaca-la-loteria-din-marea-britanie-de-oriunde\/"]}]},{"@type":"ImageObject","inLanguage":"ro-RO","@id":"https:\/\/jackpotlotteryonline.com\/ro\/cum-se-joaca\/joaca-la-loteria-din-marea-britanie-de-oriunde\/#primaryimage","url":"http:\/\/jackpotlotteryonline.com\/wp-content\/uploads\/2022\/11\/lotteryticket.jpg","contentUrl":"http:\/\/jackpotlotteryonline.com\/wp-content\/uploads\/2022\/11\/lotteryticket.jpg"},{"@type":"BreadcrumbList","@id":"https:\/\/jackpotlotteryonline.com\/ro\/cum-se-joaca\/joaca-la-loteria-din-marea-britanie-de-oriunde\/#breadcrumb","itemListElement":[{"@type":"ListItem","position":1,"name":"Home","item":"https:\/\/jackpotlotteryonline.com\/ro\/"},{"@type":"ListItem","position":2,"name":"Cum se joac\u0103","item":"https:\/\/jackpotlotteryonline.com\/ro\/cum-se-joaca\/"},{"@type":"ListItem","position":3,"name":"Joac\u0103 la loteria din Marea Britanie de oriunde"}]},{"@type":"WebSite","@id":"https:\/\/jackpotlotteryonline.com\/#website","url":"https:\/\/jackpotlotteryonline.com\/","name":"Lotto Online - Crack The International Lottery Jackpots","description":"","potentialAction":[{"@type":"SearchAction","target":{"@type":"EntryPoint","urlTemplate":"https:\/\/jackpotlotteryonline.com\/?s={search_term_string}"},"query-input":"required name=search_term_string"}],"inLanguage":"ro-RO"}]}},"_links":{"self":[{"href":"https:\/\/jackpotlotteryonline.com\/ro\/wp-json\/wp\/v2\/pages\/41006","targetHints":{"allow":["GET"]}}],"collection":[{"href":"https:\/\/jackpotlotteryonline.com\/ro\/wp-json\/wp\/v2\/pages"}],"about":[{"href":"https:\/\/jackpotlotteryonline.com\/ro\/wp-json\/wp\/v2\/types\/page"}],"author":[{"embeddable":true,"href":"https:\/\/jackpotlotteryonline.com\/ro\/wp-json\/wp\/v2\/users\/1"}],"replies":[{"embeddable":true,"href":"https:\/\/jackpotlotteryonline.com\/ro\/wp-json\/wp\/v2\/comments?post=41006"}],"version-history":[{"count":0,"href":"https:\/\/jackpotlotteryonline.com\/ro\/wp-json\/wp\/v2\/pages\/41006\/revisions"}],"up":[{"embeddable":true,"href":"https:\/\/jackpotlotteryonline.com\/ro\/wp-json\/wp\/v2\/pages\/35714"}],"wp:attachment":[{"href":"https:\/\/jackpotlotteryonline.com\/ro\/wp-json\/wp\/v2\/media?parent=41006"}],"curies":[{"name":"wp","href":"https:\/\/api.w.org\/{rel}","templated":true}]}}