{"id":41059,"date":"2022-12-08T07:26:39","date_gmt":"2022-12-08T07:26:39","guid":{"rendered":"https:\/\/jackpotlotteryonline.com\/?page_id=41059"},"modified":"2022-12-31T14:12:34","modified_gmt":"2022-12-31T14:12:34","slug":"thunderball","status":"publish","type":"page","link":"https:\/\/jackpotlotteryonline.com\/ro\/cum-se-joaca\/thunderball\/","title":{"rendered":"Thunderball online -joc\u0103 la aceast\u0103 loterie din Marea Britanie de oriunde"},"content":{"rendered":"<p>Thunderball din Marea Britanie exist\u0103 de ceva timp. Nu la fel de vechi ca alte loterii europene (cum ar fi La Primitiva), deoarece a avut prima extragere \u00een 1999. Cu toate acestea, \u00een acest timp, Thunderball a schimbat \u0219i continu\u0103 s\u0103 schimbe multe vie\u021bi. Premiul jackpot de cinci sute de mii de lire sterline nu pare mult, dar este o sum\u0103 care schimb\u0103 vie\u021bi. \u0218i, pariorii din Marea Britanie sunt de acord, deoarece mai mul\u021bi juc\u0103tori cump\u0103r\u0103 bilete pentru extragerile Thunderball.<\/p>\n<p>Dac\u0103 sunte\u021bi un juc\u0103tor din afara Marii Britanii, atunci pute\u021bi juca Thunderball \u0219i online. Pute\u021bi <a href=\"https:\/\/jackpotlotteryonline.com\/ro\/cumpara-bilete\/thunderball\">cump\u0103ra bilete<\/a>, verifica <a href=\"https:\/\/jackpotlotteryonline.com\/ro\/numere-castigatoare\/thunderball\">rezultatele extragerilor<\/a> \u0219i v\u0103 pute\u021bi retrage c\u00e2\u0219tigurile, totul din confortul calculatorului sau al dispozitivului mobil. Continua\u021bi s\u0103 citi\u021bi pentru a afla cum s\u0103 juca\u021bi Thunderball online.<\/p>\n<h2>C\u00e2\u0219tig\u0103torii Thunderball<\/h2>\n<p><img loading=\"lazy\" decoding=\"async\" class=\"alignright size-full wp-image-31370\" src=\"https:\/\/jackpotlotteryonline.com\/wp-content\/uploads\/2022\/11\/lotteryticket.jpg\" alt=\"juca Thunderball online.\" width=\"212\" height=\"142\" \/>Dac\u0103 exist\u0103 o loterie care a scos mai mul\u021bi c\u00e2\u0219tig\u0103tori \u00een ultimele decenii, aceasta este Thunderball. Aceast\u0103 loterie din Marea Britanie \u0219i-a c\u00e2\u0219tigat reputa\u021bia de a schimba vie\u021bi, deoarece a produs o mul\u021bime de c\u00e2\u0219tig\u0103tori. Exist\u0103 povestea familiei Knowles, care a jucat ani de zile \u0219i a continuat chiar \u0219i dup\u0103 ce mama lor a murit. C\u00e2\u0219tigul a fost cu totul special pentru ei.<\/p>\n<p>Karen \u0219i David Ainger sunt un cuplu care a c\u00e2\u0219tigat premiul cel mare Thunderball, care le-a schimbat via\u021ba. C\u00e2\u0219tigul a fost foarte binevenit, deoarece au spus c\u0103 va fi folosit pentru pensionare. Un alt cuplu care a c\u00e2\u0219tigat la Thunderball a fost Alf \u0219i Rita Boorman. C\u00e2\u0219tigul lor a fost foarte interesant, deoarece cu 30 de ani \u00eenainte, tat\u0103l lui Alf c\u00e2\u0219tigase \u0219i el. Vorbim despre o victorie genera\u021bional\u0103.<\/p>\n<h2>Cum se joac\u0103 Thunderball online<\/h2>\n<p>S\u0103 joci Thunderball este distractiv \u0219i dac\u0103 e\u0219ti un parior experimentat, atunci sunt \u0219anse s\u0103 \u0219tii deja ce trebuie s\u0103 faci. Juc\u0103torii trebuie s\u0103 aleag\u0103 5 numere dintr-un interval de la 1 la 39 \u0219i un num\u0103r special de la 1 la 14. Num\u0103rul special se nume\u0219te &#8220;Thunderball&#8221;.<\/p>\n<p>Dac\u0103 juca\u021bi Thunderball online, pute\u021bi folosi generatorul de numere pentru a alege numere aleatorii. Acest lucru este un fel de &#8220;lucky dip&#8221; pentru cei care sunt obi\u0219nui\u021bi cu biletele fizice. Pute\u021bi alege mai multe linii \u0219i mai multe bilete pentru a v\u0103 cre\u0219te \u0219ansele de a c\u00e2\u0219tiga Thunderball. Urm\u0103torul pas este s\u0103 participa\u021bi la extragere \u0219i aceasta este cea mai bun\u0103 parte.<\/p>\n<p>Thunderball are patru extrageri \u00een fiecare s\u0103pt\u0103m\u00e2n\u0103. Asta \u00eenseamn\u0103 c\u0103 ai de patru ori mai multe \u0219anse s\u0103 c\u00e2\u0219tigi jackpot-ul cu Thunderball. Po\u021bi s\u0103 te \u00eenscrii la o singur\u0103 extragere, dar probabil c\u0103 cel mai bine este s\u0103 te \u00eenscrii la mai multe extrageri, astfel \u00eenc\u00e2t s\u0103 ai o \u0219ans\u0103 mult mai mare de c\u00e2\u0219tig. C\u00e2nd juca\u021bi cu noi, v\u0103 vom cere s\u0103 v\u0103 \u00eenregistra\u021bi. Asta pentru a v\u0103 putea anun\u021ba atunci c\u00e2nd c\u00e2\u0219tiga\u021bi un premiu.<\/p>\n<section class=\"layout\" style=\"border: solid 1px; width: 100%;\">\n<div class=\"img-div\" style=\"margin-top: 5px;\"><img decoding=\"async\" class=\"wp-image-17212 alignleft\" style=\"height: 45px; margin: 8px 8px 0px;\" src=\"https:\/\/jackpotlotteryonline.com\/wp-content\/uploads\/2022\/11\/read1.jpg\" alt=\"Cite\u0219te \" width=\"\" height=\"\" \/><\/div>\n<div style=\"padding-left: 5px;\">\n<div style=\"font-size: 1.1em;\">\n<p><strong>Este legal s\u0103 joci la loterii din alte \u021b\u0103ri online?<\/strong><\/p>\n<p style=\"font-size: 0.85em; margin-top: -1.5em;\">Este legal s\u0103 cump\u0103r un bilet de loterie online \u0219i dac\u0103 voi fi pl\u0103tit?\u00a0 <a href=\"https:\/\/jackpotlotteryonline.com\/ro\/este-legal-sa-joci-la-loterii-din-alte-tari-online\"> cite\u0219te mai mult<\/a><\/p>\n<\/div>\n<\/div>\n<\/section>\n<h2>Ce trebuie s\u0103 face\u021bi atunci c\u00e2nd c\u00e2\u0219tiga\u021bi<\/h2>\n<p>Dac\u0103 ve\u021bi c\u00e2\u0219tiga un premiu, v\u0103 vom trimite un e-mail pentru a v\u0103 informa. Va exista, de asemenea, o alert\u0103 pe platforma noastr\u0103, astfel \u00eenc\u00e2t s\u0103 pute\u021bi primi notificarea data viitoare c\u00e2nd v\u0103 conecta\u021bi. Dar, de asemenea, merge \u0219i dincolo de asta.<\/p>\n<p>Dac\u0103 premiul dvs. este mai mic de 2500 \u20ac, atunci \u00eel pute\u021bi retrage cu u\u0219urin\u021b\u0103 direct de pe platforma noastr\u0103. Nu este nevoie de niciun protocol sau procedur\u0103 inutil\u0103; pur \u0219i simplu retrage\u021bi banii. Pentru sumele care sunt mai mari de 2500 \u20ac, s-ar putea s\u0103 trebuiasc\u0103 s\u0103 completa\u021bi un formular de revendicare pentru a-l revendica de la compania de loterie. Dar nu v\u0103 face\u021bi griji, suntem aici pentru a v\u0103 ajuta \u0219i cu asta.<\/p>\n<h2>Premiile pe care le pute\u021bi c\u00e2\u0219tiga<\/h2>\n<p>Acestea fiind spuse, ce anume pute\u021bi c\u00e2\u0219tiga atunci c\u00e2nd juca\u021bi la loteria Thunderball? Acest Thunderball din Marea Britanie are mai multe categorii de premii \u0219i exist\u0103 chiar \u0219i un premiu doar pentru potrivirea Thunderball. A\u0219adar, \u0219ansele de a c\u00e2\u0219tiga ceva sunt destul de mari. Iat\u0103 defalcarea categoriilor de premii pentru Thunderball din Marea Britanie, precum \u0219i \u0219ansele de c\u00e2\u0219tig.<\/p>\n<p>Categoria 1: Potrivire 5 + Thunderball &#8211; 1 din 8.060.598 &#8211; 500.000 de lire sterline<\/p>\n<p>Categoria 2: Doar Match 5 &#8211; 1 la 620.046 &#8211; 5.000 de lire sterline<\/p>\n<p>Categoria 3: Match 4 + Thunderball &#8211; 1 la 47.416 &#8211; 250 de lire sterline<\/p>\n<p>Categoria 4: Doar meciul 4 &#8211; 1 la 3.648 &#8211; \u00a3100<\/p>\n<p>Categoria 5: Match 3 + Thunderball &#8211; 1 la 1.437 &#8211; 20 \u00a3.<\/p>\n<p>Categoria 6: Doar meciul 3 &#8211; 1 la 111 &#8211; \u00a310<\/p>\n<p>Categoria 7: Meci 2 + Thunderball &#8211; 1 la 135 &#8211; \u00a310<\/p>\n<p>Categoria 8: Match 1 + Thunderball &#8211; 1 la 35 &#8211; \u00a35<\/p>\n<p>Categoria 9: Match Thunderball &#8211; 1 la 29 &#8211; \u00a33<\/p>\n<p>Cu Thunderball, exist\u0103 ceva pentru toat\u0103 lumea \u0219i nu conteaz\u0103 dac\u0103 locui\u021bi sau nu \u00een Marea Britanie. Pute\u021bi juca acum la aceast\u0103 loterie din Marea Britanie pentru a avea \u0219ansa de a c\u00e2\u0219tiga \u0219i, atunci c\u00e2nd juca\u021bi cu noi, v\u0103 pute\u021bi retrage cu u\u0219urin\u021b\u0103 c\u00e2\u0219tigurile.<\/p>\n<h2>Avantajele unui site de concierge<\/h2>\n<p><img loading=\"lazy\" decoding=\"async\" class=\"alignright size-full wp-image-28940\" src=\"https:\/\/jackpotlotteryonline.com\/wp-content\/uploads\/2022\/11\/1_pick_winning_numbers_lottery.jpg\" alt=\"cump\u0103ra\u021bi biletul de loterie Thunderball\" width=\"300\" height=\"200\" \/>Ceea ce este uimitor la un site de concierge este c\u0103 nu trebuie s\u0103 v\u0103 \u00eentreba\u021bi niciodat\u0103 dac\u0103 a\u021bi intrat cu adev\u0103rat \u00een loterie. Aceasta este o problem\u0103 real\u0103, deoarece o mul\u021bime de site-uri de acolo nu ofer\u0103 cu adev\u0103rat clien\u021bilor lor acces la loterie. Ceea ce fac este s\u0103 permit\u0103 utilizatorilor s\u0103 parieze pe rezultatul loteriei, ceea ce nu este deloc acela\u0219i lucru.<\/p>\n<p>Cu jackpotlotteryonline.com, le oferim utilizatorilor no\u0219tri acces la loteriile interna\u021bionale de top din \u00eentreaga lume. Acest lucru se datoreaz\u0103 faptului c\u0103 administr\u0103m un site de concierge unde avem agen\u021bi \u00een diferite p\u0103r\u021bi ale lumii. Atunci c\u00e2nd cump\u0103ra\u021bi bilete de loterie de la noi, agentul nostru din \u021bara respectiv\u0103 cump\u0103r\u0103 un bilet fizic cu numerele corespunz\u0103toare. Biletul este apoi scanat \u0219i trimis c\u0103tre dumneavoastr\u0103.<\/p>\n<p>Atunci c\u00e2nd cump\u0103ra\u021bi biletul de loterie Thunderball de la noi, sunte\u021bi asigurat c\u0103, dac\u0103 v\u0103 potrivi\u021bi cu numerele extrase, ve\u021bi c\u00e2\u0219tiga la loterie. Este at\u00e2t de simplu \u0219i totu\u0219i este singurul lucru care le ofer\u0103 clien\u021bilor no\u0219tri lini\u0219tea de a juca la loto online.<\/p>\n<h2>Juca\u021bi la Thunderball din Marea Britanie online<\/h2>\n<p>Dac\u0103 v-a m\u00e2ncat pofta de a juca la loteria Thunderball \u0219i locui\u021bi \u00een afara Regatului Unit, ave\u021bi noroc. C\u00e2nd vizita\u021bi jackpotlotteryonline.com, ave\u021bi acces la loterii interna\u021bionale de top, inclusiv la Thunderball. Suntem un site de concierge, a\u0219a c\u0103 atunci c\u00e2nd joci cu noi, prime\u0219ti o afacere adev\u0103rat\u0103.<\/p>\n<p>Este timpul s\u0103 \u00eencerci pentru o \u0219ans\u0103 de a c\u00e2\u0219tiga un premiu care \u00ee\u021bi va schimba via\u021ba cu Thunderball. Juca\u021bi Thunderball online ast\u0103zi pentru o \u0219ans\u0103 de a c\u00e2\u0219tiga la loterie.<\/p>\n","protected":false},"excerpt":{"rendered":"<p>Thunderball din Marea Britanie exist\u0103 de ceva timp. Nu la fel de vechi ca alte loterii europene (cum ar fi La Primitiva), deoarece a avut prima extragere \u00een 1999. Cu toate acestea, \u00een acest timp, Thunderball a schimbat \u0219i continu\u0103 s\u0103 schimbe multe vie\u021bi. Premiul jackpot de cinci sute de mii de lire sterline nu [&hellip;]<\/p>\n","protected":false},"author":1,"featured_media":0,"parent":35714,"menu_order":12,"comment_status":"closed","ping_status":"closed","template":"thunderball.php","meta":{"_et_pb_use_builder":"","_et_pb_old_content":"","_et_gb_content_width":"","exclude_from_search":false,"footnotes":""},"class_list":["post-41059","page","type-page","status-publish","hentry"],"yoast_head":"<!-- This site is optimized with the Yoast SEO plugin v23.3 - https:\/\/yoast.com\/wordpress\/plugins\/seo\/ -->\n<title>Joac\u0103 online la loteria Thunderball din Marea Britanie, chiar \u0219i din afara Marii Britanii<\/title>\n<meta name=\"description\" content=\"Fanii loteriei din afara Marii Britanii pot juca Thunderball online acum - ob\u021bine\u021bi biletele online prin intermediul serviciului nostru de mesagerie.\" \/>\n<meta name=\"robots\" content=\"index, follow, max-snippet:-1, max-image-preview:large, max-video-preview:-1\" \/>\n<link rel=\"canonical\" href=\"https:\/\/jackpotlotteryonline.com\/ro\/cum-se-joaca\/thunderball\/\" \/>\n<meta property=\"og:locale\" content=\"ro_RO\" \/>\n<meta property=\"og:type\" content=\"article\" \/>\n<meta property=\"og:title\" content=\"Joac\u0103 online la loteria Thunderball din Marea Britanie, chiar \u0219i din afara Marii Britanii\" \/>\n<meta property=\"og:description\" content=\"Fanii loteriei din afara Marii Britanii pot juca Thunderball online acum - ob\u021bine\u021bi biletele online prin intermediul serviciului nostru de mesagerie.\" \/>\n<meta property=\"og:url\" content=\"https:\/\/jackpotlotteryonline.com\/ro\/cum-se-joaca\/thunderball\/\" \/>\n<meta property=\"og:site_name\" content=\"Lotto Online - Crack The International Lottery Jackpots\" \/>\n<meta property=\"article:modified_time\" content=\"2022-12-31T14:12:34+00:00\" \/>\n<meta property=\"og:image\" content=\"https:\/\/jackpotlotteryonline.com\/wp-content\/uploads\/2022\/11\/lotteryticket.jpg\" \/>\n<meta name=\"twitter:card\" content=\"summary_large_image\" \/>\n<meta name=\"twitter:label1\" content=\"Timp estimat pentru citire\" \/>\n\t<meta name=\"twitter:data1\" content=\"5 minute\" \/>\n<!-- \/ Yoast SEO plugin. -->","yoast_head_json":{"title":"Joac\u0103 online la loteria Thunderball din Marea Britanie, chiar \u0219i din afara Marii Britanii","description":"Fanii loteriei din afara Marii Britanii pot juca Thunderball online acum - ob\u021bine\u021bi biletele online prin intermediul serviciului nostru de mesagerie.","robots":{"index":"index","follow":"follow","max-snippet":"max-snippet:-1","max-image-preview":"max-image-preview:large","max-video-preview":"max-video-preview:-1"},"canonical":"https:\/\/jackpotlotteryonline.com\/ro\/cum-se-joaca\/thunderball\/","og_locale":"ro_RO","og_type":"article","og_title":"Joac\u0103 online la loteria Thunderball din Marea Britanie, chiar \u0219i din afara Marii Britanii","og_description":"Fanii loteriei din afara Marii Britanii pot juca Thunderball online acum - ob\u021bine\u021bi biletele online prin intermediul serviciului nostru de mesagerie.","og_url":"https:\/\/jackpotlotteryonline.com\/ro\/cum-se-joaca\/thunderball\/","og_site_name":"Lotto Online - Crack The International Lottery Jackpots","article_modified_time":"2022-12-31T14:12:34+00:00","og_image":[{"url":"https:\/\/jackpotlotteryonline.com\/wp-content\/uploads\/2022\/11\/lotteryticket.jpg"}],"twitter_card":"summary_large_image","twitter_misc":{"Timp estimat pentru citire":"5 minute"},"schema":{"@context":"https:\/\/schema.org","@graph":[{"@type":"WebPage","@id":"https:\/\/jackpotlotteryonline.com\/ro\/cum-se-joaca\/thunderball\/","url":"https:\/\/jackpotlotteryonline.com\/ro\/cum-se-joaca\/thunderball\/","name":"Joac\u0103 online la loteria Thunderball din Marea Britanie, chiar \u0219i din afara Marii Britanii","isPartOf":{"@id":"https:\/\/jackpotlotteryonline.com\/#website"},"primaryImageOfPage":{"@id":"https:\/\/jackpotlotteryonline.com\/ro\/cum-se-joaca\/thunderball\/#primaryimage"},"image":{"@id":"https:\/\/jackpotlotteryonline.com\/ro\/cum-se-joaca\/thunderball\/#primaryimage"},"thumbnailUrl":"https:\/\/jackpotlotteryonline.com\/wp-content\/uploads\/2022\/11\/lotteryticket.jpg","datePublished":"2022-12-08T07:26:39+00:00","dateModified":"2022-12-31T14:12:34+00:00","description":"Fanii loteriei din afara Marii Britanii pot juca Thunderball online acum - ob\u021bine\u021bi biletele online prin intermediul serviciului nostru de mesagerie.","breadcrumb":{"@id":"https:\/\/jackpotlotteryonline.com\/ro\/cum-se-joaca\/thunderball\/#breadcrumb"},"inLanguage":"ro-RO","potentialAction":[{"@type":"ReadAction","target":["https:\/\/jackpotlotteryonline.com\/ro\/cum-se-joaca\/thunderball\/"]}]},{"@type":"ImageObject","inLanguage":"ro-RO","@id":"https:\/\/jackpotlotteryonline.com\/ro\/cum-se-joaca\/thunderball\/#primaryimage","url":"https:\/\/jackpotlotteryonline.com\/wp-content\/uploads\/2022\/11\/lotteryticket.jpg","contentUrl":"https:\/\/jackpotlotteryonline.com\/wp-content\/uploads\/2022\/11\/lotteryticket.jpg"},{"@type":"BreadcrumbList","@id":"https:\/\/jackpotlotteryonline.com\/ro\/cum-se-joaca\/thunderball\/#breadcrumb","itemListElement":[{"@type":"ListItem","position":1,"name":"Home","item":"https:\/\/jackpotlotteryonline.com\/ro\/"},{"@type":"ListItem","position":2,"name":"Cum se joac\u0103","item":"https:\/\/jackpotlotteryonline.com\/ro\/cum-se-joaca\/"},{"@type":"ListItem","position":3,"name":"Thunderball online -joc\u0103 la aceast\u0103 loterie din Marea Britanie de oriunde"}]},{"@type":"WebSite","@id":"https:\/\/jackpotlotteryonline.com\/#website","url":"https:\/\/jackpotlotteryonline.com\/","name":"Lotto Online - Crack The International Lottery Jackpots","description":"","potentialAction":[{"@type":"SearchAction","target":{"@type":"EntryPoint","urlTemplate":"https:\/\/jackpotlotteryonline.com\/?s={search_term_string}"},"query-input":"required name=search_term_string"}],"inLanguage":"ro-RO"}]}},"_links":{"self":[{"href":"https:\/\/jackpotlotteryonline.com\/ro\/wp-json\/wp\/v2\/pages\/41059","targetHints":{"allow":["GET"]}}],"collection":[{"href":"https:\/\/jackpotlotteryonline.com\/ro\/wp-json\/wp\/v2\/pages"}],"about":[{"href":"https:\/\/jackpotlotteryonline.com\/ro\/wp-json\/wp\/v2\/types\/page"}],"author":[{"embeddable":true,"href":"https:\/\/jackpotlotteryonline.com\/ro\/wp-json\/wp\/v2\/users\/1"}],"replies":[{"embeddable":true,"href":"https:\/\/jackpotlotteryonline.com\/ro\/wp-json\/wp\/v2\/comments?post=41059"}],"version-history":[{"count":0,"href":"https:\/\/jackpotlotteryonline.com\/ro\/wp-json\/wp\/v2\/pages\/41059\/revisions"}],"up":[{"embeddable":true,"href":"https:\/\/jackpotlotteryonline.com\/ro\/wp-json\/wp\/v2\/pages\/35714"}],"wp:attachment":[{"href":"https:\/\/jackpotlotteryonline.com\/ro\/wp-json\/wp\/v2\/media?parent=41059"}],"curies":[{"name":"wp","href":"https:\/\/api.w.org\/{rel}","templated":true}]}}