{"id":41111,"date":"2022-12-08T09:24:18","date_gmt":"2022-12-08T09:24:18","guid":{"rendered":"https:\/\/jackpotlotteryonline.com\/?page_id=41111"},"modified":"2022-12-29T09:26:26","modified_gmt":"2022-12-29T09:26:26","slug":"uk-lottery","status":"publish","type":"page","link":"https:\/\/jackpotlotteryonline.com\/ro\/numere-castigatoare\/uk-lottery\/","title":{"rendered":"Rezultatele extragerii loteriei din Marea Britanie"},"content":{"rendered":"<p>Loteria din Marea Britanie este un joc interesant prin faptul c\u0103 poate face juc\u0103torii milionari. De\u0219i este popular\u0103 \u00een r\u00e2ndul pariorilor din Regatul Unit, nu este foarte bine cunoscut\u0103 de pariorii interna\u021bionali. A\u0219adar, dac\u0103 vre\u021bi s\u0103 v\u0103 \u00eencerca\u021bi norocul la o loterie interna\u021bional\u0103, de ce s\u0103 nu o \u00eencerca\u021bi pe aceasta? De\u0219i premiile nu sunt garantate, este u\u0219or s\u0103 alegi un num\u0103r c\u00e2\u0219tig\u0103tor.<\/p>\n<p>Totu\u0219i, exist\u0103 un lucru de care trebuie s\u0103 fi\u021bi aten\u021bi. Dac\u0103 ve\u021bi c\u00e2\u0219tiga acest loto, nu putem spune cu adev\u0103rat cu c\u00e2t ve\u021bi pleca acas\u0103. Acest lucru se datoreaz\u0103 faptului c\u0103 premiul cel mare reprezint\u0103 52% din fondul loto. Dac\u0103 nu s-au v\u00e2ndut foarte multe bilete, atunci nu ve\u021bi pleca acas\u0103 cu mult. Nu, nu are nicio leg\u0103tur\u0103 cu noi \u0219i este o regul\u0103 a companiei loteristice.<\/p>\n<p>Pute\u021bi verifica site-ul nostru la jackpotlottery.com pentru a participa la acest loto sau pute\u021bi alege dintr-o varietate de alte loterii. Exist\u0103 loterii interna\u021bionale de top pe care le pute\u021bi juca pe site-ul nostru \u0219i care v\u0103 permit s\u0103 v\u0103 p\u0103stra\u021bi c\u00e2\u0219tigurile. Sau, \u00een schimb, pute\u021bi \u00eencerca aceasta. Depinde \u00een totalitate de tine.<\/p>\n<section class=\"layout\" style=\"border: solid 1px; width: 100%;\">\n<div class=\"img-div\" style=\"margin-top: 5px;\"><img decoding=\"async\" class=\"wp-image-17212 alignleft\" style=\"height: 45px; margin: 8px 8px 0px;\" src=\"http:\/\/jackpotlotteryonline.com\/wp-content\/uploads\/2022\/11\/read1.jpg\" alt=\"cite\u0219te\" width=\"\" height=\"\" \/><\/div>\n<div style=\"padding-left: 5px;\">\n<div style=\"font-size: 1.1em;\">\n<p><strong>Care loterie interna\u021bional\u0103 este cea mai bun\u0103?<\/strong><\/p>\n<p style=\"font-size: 0.85em; margin-top: -1.5em;\">Care dintre Loteriile Interna\u021bionale au cele mai bune \u0219anse de c\u00e2\u0219tig &#8230;<a href=\"https:\/\/jackpotlotteryonline.com\/ro\/care-loterie-internationala-este-cel-mai-bun\">\u00a0cite\u0219te mai mult<\/a><\/p>\n<\/div>\n<\/div>\n<\/section>\n<h2>Cum s\u0103 joci la loteria din Marea Britanie<\/h2>\n<p><img loading=\"lazy\" decoding=\"async\" class=\"alignright size-full wp-image-27482\" src=\"http:\/\/jackpotlotteryonline.com\/wp-content\/uploads\/2022\/11\/1_lottery_jackpot3.jpg\" alt=\"juca la loteria din Marea Britanie\" width=\"245\" height=\"123\" \/>La fel ca la alte jocuri loto, trebuie s\u0103 alege\u021bi 6 numere dintr-un grup de la 1 la 49. \u00cen timpul extragerilor, un num\u0103r bonus este, de asemenea, ales la \u00eent\u00e2mplare, iar acesta este folosit la determinarea premiului. Nu suntem deosebit de entuziasma\u021bi s\u0103 recomand\u0103m acest loto. Chiar dac\u0103 potrivi\u021bi numerele extrase, nu v\u0103 putem garanta ce ve\u021bi lua acas\u0103.<\/p>\n<p>Dac\u0103 vizita\u021bi site-ul nostru, pute\u021bi participa la alte jocuri, cum ar fi US Powerball \u0219i Mega Millions. La aceste loterii, jackpotul minim este de 40 de milioane de dolari. Exist\u0103 \u0219i alte loterii europene la care pute\u021bi juca, cum ar fi Euromillions \u0219i Eurojackpot.<\/p>\n<p>Esen\u021ba jocului la aceste jocuri este s\u0103 c\u00e2\u0219tigi mult, iar acesta este visul nostru pentru clien\u021bii no\u0219tri.<\/p>\n<h2>Extragerile<\/h2>\n<p>Loteria din Marea Britanie organizeaz\u0103 dou\u0103 extrageri \u00een fiecare s\u0103pt\u0103m\u00e2n\u0103, miercuri \u0219i s\u00e2mb\u0103t\u0103. A\u0219adar, atunci c\u00e2nd cump\u0103ra\u021bi un bilet loto, pute\u021bi alege s\u0103 participa\u021bi la o singur\u0103 extragere sau la mai multe extrageri. Participarea la mai multe extrageri este o modalitate excelent\u0103 de a v\u0103 cre\u0219te \u0219ansele de a c\u00e2\u0219tiga un premiu.<\/p>\n<h2>C\u00e2\u0219tigarea loteriei din Marea Britanie<\/h2>\n<p>Pentru a c\u00e2\u0219tiga acest joc loto, juc\u0103torii ar trebui s\u0103 potriveasc\u0103 cel pu\u021bin trei numere principale cu rezultatele extrase. Premiul cel mare este de obicei de aproximativ 3.000.000 de lire sterline, de\u0219i ar putea fi mai mult sau mai pu\u021bin. Pentru a c\u00e2\u0219tiga jackpotul, trebuie s\u0103 potrivi\u021bi toate cele \u0219ase numere extrase.<\/p>\n<p>Exist\u0103 \u0219i alte diviziuni de premii pentru acest joc loto \u0219i le vom men\u021biona imediat.<\/p>\n<p>Nu uita\u021bi c\u0103 loto este un joc de noroc \u0219i c\u0103 nu exist\u0103 o modalitate sigur\u0103 de a c\u00e2\u0219tiga. Cea mai bun\u0103 strategie de p\u00e2n\u0103 acum este s\u0103 cump\u0103ra\u021bi mai multe bilete \u0219i s\u0103 participa\u021bi la mai multe extrageri. Aceasta este o modalitate de a v\u0103 cre\u0219te \u0219ansele de a c\u00e2\u0219tiga un premiu. Se aplic\u0103 la orice joc loto pe care alege\u021bi s\u0103 \u00eel juca\u021bi.<\/p>\n<h2>Diviziunile premiilor<\/h2>\n<p>Ceea ce v\u0103 \u00eemp\u0103rt\u0103\u0219im este un e\u0219antion de \u00eemp\u0103r\u021bire a premiilor pentru o anumit\u0103 extragere a loteriei din Marea Britanie. V\u0103 rug\u0103m s\u0103 re\u021bine\u021bi c\u0103 celelalte premii reprezint\u0103 un procent din fondul de premii. Ceea ce \u00eenseamn\u0103 c\u0103, dac\u0103 exist\u0103 mai mul\u021bi c\u00e2\u0219tig\u0103tori, premiul va fi \u00eemp\u0103r\u021bit \u00eentre ei.<\/p>\n<p>Divizia 1: Meciul 6 &#8211; 2.000.000 de lire sterline (jackpot)<\/p>\n<p>Divizia 2: Meciul 5 + Bonus &#8211; 1.000.000 de lire sterline<\/p>\n<p>Divizia 3: Meciul 5 &#8211; 1.750 de lire sterline<\/p>\n<p>Divizia 4: Meciul 4 &#8211; 140 de lire sterline<\/p>\n<p>Divizia 5: Meciul 3 &#8211; 30 \u00a3.<\/p>\n<p>Divizia 6: Meciul 2 &#8211; Loto gratuit Lucky Dip<\/p>\n<p>\u00cen\u021belege\u021bi c\u0103, chiar dac\u0103 c\u00e2\u0219tiga\u021bi aceste premii, suma afi\u0219at\u0103 nu reprezint\u0103 ceea ce ve\u021bi primi ca plat\u0103. Acest lucru se datoreaz\u0103 faptului c\u0103 aproximativ 45% din fondurile de la loto sunt destinate premiilor \u00een bani. Deci, ar putea fi mai pu\u021bin sau mai mult, \u00een func\u021bie de ceea ce este \u00een fond.<\/p>\n<h2>Revendicarea c\u00e2\u0219tigurilor dvs.<\/h2>\n<p>Compania loto are c\u00e2teva reglement\u0103ri \u00een ceea ce prive\u0219te revendicarea c\u00e2\u0219tigurilor.<\/p>\n<ul>\n<li>Trebuie s\u0103 ave\u021bi peste 18 ani pentru a participa la loto<\/li>\n<li>C\u00e2\u0219tigurile trebuie s\u0103 fie revendicate \u00een termen de 180 de zile de la extragere. Singura excep\u021bie este dac\u0103 a\u021bi \u00eenceput procedura \u00een termen de 7 zile.<\/li>\n<li>Jocurile cu c\u00e2\u0219tiguri instantanee trebuie revendicate \u00een termen de 180 de zile de c\u00e2nd a\u021bi cump\u0103rat jocul cu c\u00e2\u0219tiguri instantanee.<\/li>\n<li>Jocurile de r\u0103zuit trebuie, de asemenea, s\u0103 fie revendicate \u00een termen de 180 de zile de la data la care a\u021bi cump\u0103rat cartea de r\u0103zuit.<\/li>\n<\/ul>\n<p>Dac\u0103 <a href=\"https:\/\/jackpotlotteryonline.com\/ro\/cum-se-joaca\/joaca-la-loteria-din-marea-britanie-de-oriunde\">juca\u021bi la loto pe site-ul nostru<\/a>, v\u0103 facilit\u0103m revendicarea c\u00e2\u0219tigurilor. Pentru c\u00e2\u0219tigurile care sunt de 2500 \u20ac sau mai pu\u021bin, le pute\u021bi accesa chiar aici, pe site-ul nostru. Asta pentru c\u0103 firma loto \u00eel va pl\u0103ti direct pe site-ul nostru, iar tu \u00eel po\u021bi retrage apoi \u00een contul t\u0103u. Dac\u0103 este mai mare de 2.500 \u20ac, va trebui s\u0103 v\u0103 revendica\u021bi c\u00e2\u0219tigul direct de la compania loto. Noi v\u0103 vom ajuta \u00een acest sens, oferindu-v\u0103 un formular de revendicare pe care s\u0103 \u00eel completa\u021bi, a\u0219a c\u0103 nu v\u0103 face\u021bi griji.<\/p>\n<h2>Cum s\u0103 v\u0103 verifica\u021bi numerele c\u00e2\u0219tig\u0103toare<\/h2>\n<p><img loading=\"lazy\" decoding=\"async\" class=\"alignright size-medium wp-image-27563\" src=\"http:\/\/jackpotlotteryonline.com\/wp-content\/uploads\/2022\/11\/1_lottery_numbers_draw_results-300x201.jpg\" alt=\"c\u00e2\u0219tiga la loteria din Marea Britanie\" width=\"300\" height=\"201\" srcset=\"https:\/\/jackpotlotteryonline.com\/wp-content\/uploads\/2022\/11\/1_lottery_numbers_draw_results-300x201.jpg 300w, https:\/\/jackpotlotteryonline.com\/wp-content\/uploads\/2022\/11\/1_lottery_numbers_draw_results.jpg 320w\" sizes=\"auto, (max-width: 300px) 100vw, 300px\" \/>Pentru a \u0219ti dac\u0103 a\u021bi c\u00e2\u0219tigat sau nu un premiu, trebuie mai \u00eent\u00e2i s\u0103 verifica\u021bi numerele extrase. Exist\u0103 mai multe modalit\u0103\u021bi de a face acest lucru dac\u0103 juca\u021bi online. Dar de departe cel mai eficient este s\u0103 v\u0103 \u00eentoarce\u021bi aici pentru a verifica rezultatele extragerii. Public\u0103m numerele extrase dup\u0103 fiecare extragere.<\/p>\n<p>De asemenea, dac\u0103 v-a\u021bi \u00eenregistrat la noi, atunci v\u0103 vom trimite un e-mail pentru a v\u0103 anun\u021ba dac\u0103 a\u021bi c\u00e2\u0219tigat un premiu. Acesta este de fapt unul dintre principalele avantaje de a juca la loto cu noi. \u00cen afar\u0103 de faptul c\u0103 pute\u021bi avea acces la tone de loterii interna\u021bionale. C\u00e2nd juca\u021bi cu noi, nu trebuie s\u0103 v\u0103 face\u021bi griji c\u0103 ve\u021bi pierde premiul. Noi v\u0103 vom anun\u021ba dac\u0103 a\u021bi c\u00e2\u0219tigat un premiu. De asemenea, dac\u0103 este mai mic de 2500 \u20ac, acesta va sta frumos \u00een contul dvs. la urm\u0103toarea autentificare.<\/p>\n<h2>Avantajele de a juca la loto cu noi<\/h2>\n<ul>\n<li>Ve\u021bi avea acces la loterii interna\u021bionale de top dintr-un singur loc convenabil<\/li>\n<li>Suntem un site de concierge. Asta \u00eenseamn\u0103 c\u0103 nu paria\u021bi pe rezultatul loteriei. De fapt, cump\u0103ra\u021bi o intrare la loterie de oriunde v-a\u021bi afla<\/li>\n<li>Pute\u021bi participa la extrageri cu c\u00e2teva s\u0103pt\u0103m\u00e2ni \u00eenainte, folosind serviciul nostru de abonament<\/li>\n<li>Pute\u021bi afla rezultatele extragerilor chiar aici, pe site-ul nostru.<\/li>\n<li>V\u0103 vom anun\u021ba dac\u0103 ve\u021bi c\u00e2\u0219tiga vreun premiu<\/li>\n<li>V\u0103 pute\u021bi \u00eencasa cu u\u0219urin\u021b\u0103 c\u00e2\u0219tigurile de pe site-ul nostru \u00een contul b\u0103ncii dvs.<\/li>\n<\/ul>\n<p>Exist\u0103 at\u00e2t de multe beneficii atunci c\u00e2nd juca\u021bi la loto de pe site-ul nostru. Ne concentr\u0103m pe oferirea celui mai convenabil \u0219i f\u0103r\u0103 \u00eentreruperi servicii pentru clien\u021bii no\u0219tri, astfel \u00eenc\u00e2t ace\u0219tia s\u0103 se poat\u0103 bucura de jocurile loto.<\/p>\n<h2>Verifica\u021bi numerele c\u00e2\u0219tig\u0103toare la loto aici<\/h2>\n<p>Am men\u021bionat c\u0103 oferim acces la mai multe loterii interna\u021bionale. Nu numai c\u0103 v\u0103 pute\u021bi<a href=\"https:\/\/jackpotlotteryonline.com\/ro\/cumpara-bilete\/uk-lottery\"> cump\u0103ra biletele de oriunde<\/a>, dar pute\u021bi verifica \u0219i numerele extrase. Indiferent de jocul loto pe care alege\u021bi s\u0103 \u00eel juca\u021bi, vom publica rezultatele chiar aici, pe site-ul nostru.<\/p>\n<p>Cel mai bun lucru este c\u0103, dac\u0103 c\u00e2\u0219tiga\u021bi vreun premiu, nu trebuie s\u0103 v\u0103 face\u021bi griji cu privire la ce se va \u00eent\u00e2mpla cu c\u00e2\u0219tigurile dumneavoastr\u0103. Noi nu lu\u0103m niciun procent din c\u00e2\u0219tigurile dumneavoastr\u0103; tot ceea ce c\u00e2\u0219tiga\u021bi este al dumneavoastr\u0103. \u0218i, \u00eel pute\u021bi retrage cu u\u0219urin\u021b\u0103 de pe platforma noastr\u0103.<\/p>\n<p>Cu adev\u0103rat, s\u0103 joci la loterii nu a fost niciodat\u0103 mai simplu \u0219i f\u0103r\u0103 probleme. De ce nu v\u0103 \u00eenregistra\u021bi la noi ast\u0103zi pentru a experimenta pl\u0103cerea jocurilor loto convenabile \u0219i f\u0103r\u0103 stres?<\/p>\n","protected":false},"excerpt":{"rendered":"<p>Loteria din Marea Britanie este un joc interesant prin faptul c\u0103 poate face juc\u0103torii milionari. De\u0219i este popular\u0103 \u00een r\u00e2ndul pariorilor din Regatul Unit, nu este foarte bine cunoscut\u0103 de pariorii interna\u021bionali. A\u0219adar, dac\u0103 vre\u021bi s\u0103 v\u0103 \u00eencerca\u021bi norocul la o loterie interna\u021bional\u0103, de ce s\u0103 nu o \u00eencerca\u021bi pe aceasta? De\u0219i premiile nu sunt [&hellip;]<\/p>\n","protected":false},"author":1,"featured_media":0,"parent":35848,"menu_order":10,"comment_status":"closed","ping_status":"closed","template":"lotto-uk-results.php","meta":{"_et_pb_use_builder":"","_et_pb_old_content":"","_et_gb_content_width":"","exclude_from_search":false,"footnotes":""},"class_list":["post-41111","page","type-page","status-publish","hentry"],"yoast_head":"<!-- This site is optimized with the Yoast SEO plugin v23.3 - https:\/\/yoast.com\/wordpress\/plugins\/seo\/ -->\n<title>Numerele c\u00e2\u0219tig\u0103toare la loteria din Marea Britanie \u0219i rezultatele extragerii<\/title>\n<meta name=\"description\" content=\"Imediat dup\u0103 extragere, ve\u021bi g\u0103si aici toate rezultatele \u0219i numerele c\u00e2\u0219tig\u0103toare la loteria din Marea Britanie\" \/>\n<meta name=\"robots\" content=\"index, follow, max-snippet:-1, max-image-preview:large, max-video-preview:-1\" \/>\n<link rel=\"canonical\" href=\"https:\/\/jackpotlotteryonline.com\/ro\/numere-castigatoare\/uk-lottery\/\" \/>\n<meta property=\"og:locale\" content=\"ro_RO\" \/>\n<meta property=\"og:type\" content=\"article\" \/>\n<meta property=\"og:title\" content=\"Numerele c\u00e2\u0219tig\u0103toare la loteria din Marea Britanie \u0219i rezultatele extragerii\" \/>\n<meta property=\"og:description\" content=\"Imediat dup\u0103 extragere, ve\u021bi g\u0103si aici toate rezultatele \u0219i numerele c\u00e2\u0219tig\u0103toare la loteria din Marea Britanie\" \/>\n<meta property=\"og:url\" content=\"https:\/\/jackpotlotteryonline.com\/ro\/numere-castigatoare\/uk-lottery\/\" \/>\n<meta property=\"og:site_name\" content=\"Lotto Online - Crack The International Lottery Jackpots\" \/>\n<meta property=\"article:modified_time\" content=\"2022-12-29T09:26:26+00:00\" \/>\n<meta property=\"og:image\" content=\"http:\/\/jackpotlotteryonline.com\/wp-content\/uploads\/2022\/11\/read1.jpg\" \/>\n<meta name=\"twitter:card\" content=\"summary_large_image\" \/>\n<meta name=\"twitter:label1\" content=\"Timp estimat pentru citire\" \/>\n\t<meta name=\"twitter:data1\" content=\"7 minute\" \/>\n<!-- \/ Yoast SEO plugin. -->","yoast_head_json":{"title":"Numerele c\u00e2\u0219tig\u0103toare la loteria din Marea Britanie \u0219i rezultatele extragerii","description":"Imediat dup\u0103 extragere, ve\u021bi g\u0103si aici toate rezultatele \u0219i numerele c\u00e2\u0219tig\u0103toare la loteria din Marea Britanie","robots":{"index":"index","follow":"follow","max-snippet":"max-snippet:-1","max-image-preview":"max-image-preview:large","max-video-preview":"max-video-preview:-1"},"canonical":"https:\/\/jackpotlotteryonline.com\/ro\/numere-castigatoare\/uk-lottery\/","og_locale":"ro_RO","og_type":"article","og_title":"Numerele c\u00e2\u0219tig\u0103toare la loteria din Marea Britanie \u0219i rezultatele extragerii","og_description":"Imediat dup\u0103 extragere, ve\u021bi g\u0103si aici toate rezultatele \u0219i numerele c\u00e2\u0219tig\u0103toare la loteria din Marea Britanie","og_url":"https:\/\/jackpotlotteryonline.com\/ro\/numere-castigatoare\/uk-lottery\/","og_site_name":"Lotto Online - Crack The International Lottery Jackpots","article_modified_time":"2022-12-29T09:26:26+00:00","og_image":[{"url":"http:\/\/jackpotlotteryonline.com\/wp-content\/uploads\/2022\/11\/read1.jpg"}],"twitter_card":"summary_large_image","twitter_misc":{"Timp estimat pentru citire":"7 minute"},"schema":{"@context":"https:\/\/schema.org","@graph":[{"@type":"WebPage","@id":"https:\/\/jackpotlotteryonline.com\/ro\/numere-castigatoare\/uk-lottery\/","url":"https:\/\/jackpotlotteryonline.com\/ro\/numere-castigatoare\/uk-lottery\/","name":"Numerele c\u00e2\u0219tig\u0103toare la loteria din Marea Britanie \u0219i rezultatele extragerii","isPartOf":{"@id":"https:\/\/jackpotlotteryonline.com\/#website"},"primaryImageOfPage":{"@id":"https:\/\/jackpotlotteryonline.com\/ro\/numere-castigatoare\/uk-lottery\/#primaryimage"},"image":{"@id":"https:\/\/jackpotlotteryonline.com\/ro\/numere-castigatoare\/uk-lottery\/#primaryimage"},"thumbnailUrl":"http:\/\/jackpotlotteryonline.com\/wp-content\/uploads\/2022\/11\/read1.jpg","datePublished":"2022-12-08T09:24:18+00:00","dateModified":"2022-12-29T09:26:26+00:00","description":"Imediat dup\u0103 extragere, ve\u021bi g\u0103si aici toate rezultatele \u0219i numerele c\u00e2\u0219tig\u0103toare la loteria din Marea Britanie","breadcrumb":{"@id":"https:\/\/jackpotlotteryonline.com\/ro\/numere-castigatoare\/uk-lottery\/#breadcrumb"},"inLanguage":"ro-RO","potentialAction":[{"@type":"ReadAction","target":["https:\/\/jackpotlotteryonline.com\/ro\/numere-castigatoare\/uk-lottery\/"]}]},{"@type":"ImageObject","inLanguage":"ro-RO","@id":"https:\/\/jackpotlotteryonline.com\/ro\/numere-castigatoare\/uk-lottery\/#primaryimage","url":"http:\/\/jackpotlotteryonline.com\/wp-content\/uploads\/2022\/11\/read1.jpg","contentUrl":"http:\/\/jackpotlotteryonline.com\/wp-content\/uploads\/2022\/11\/read1.jpg"},{"@type":"BreadcrumbList","@id":"https:\/\/jackpotlotteryonline.com\/ro\/numere-castigatoare\/uk-lottery\/#breadcrumb","itemListElement":[{"@type":"ListItem","position":1,"name":"Home","item":"https:\/\/jackpotlotteryonline.com\/ro\/"},{"@type":"ListItem","position":2,"name":"Rezultatele loteriei","item":"https:\/\/jackpotlotteryonline.com\/ro\/numere-castigatoare\/"},{"@type":"ListItem","position":3,"name":"Rezultatele extragerii loteriei din Marea Britanie"}]},{"@type":"WebSite","@id":"https:\/\/jackpotlotteryonline.com\/#website","url":"https:\/\/jackpotlotteryonline.com\/","name":"Lotto Online - Crack The International Lottery Jackpots","description":"","potentialAction":[{"@type":"SearchAction","target":{"@type":"EntryPoint","urlTemplate":"https:\/\/jackpotlotteryonline.com\/?s={search_term_string}"},"query-input":"required name=search_term_string"}],"inLanguage":"ro-RO"}]}},"_links":{"self":[{"href":"https:\/\/jackpotlotteryonline.com\/ro\/wp-json\/wp\/v2\/pages\/41111","targetHints":{"allow":["GET"]}}],"collection":[{"href":"https:\/\/jackpotlotteryonline.com\/ro\/wp-json\/wp\/v2\/pages"}],"about":[{"href":"https:\/\/jackpotlotteryonline.com\/ro\/wp-json\/wp\/v2\/types\/page"}],"author":[{"embeddable":true,"href":"https:\/\/jackpotlotteryonline.com\/ro\/wp-json\/wp\/v2\/users\/1"}],"replies":[{"embeddable":true,"href":"https:\/\/jackpotlotteryonline.com\/ro\/wp-json\/wp\/v2\/comments?post=41111"}],"version-history":[{"count":0,"href":"https:\/\/jackpotlotteryonline.com\/ro\/wp-json\/wp\/v2\/pages\/41111\/revisions"}],"up":[{"embeddable":true,"href":"https:\/\/jackpotlotteryonline.com\/ro\/wp-json\/wp\/v2\/pages\/35848"}],"wp:attachment":[{"href":"https:\/\/jackpotlotteryonline.com\/ro\/wp-json\/wp\/v2\/media?parent=41111"}],"curies":[{"name":"wp","href":"https:\/\/api.w.org\/{rel}","templated":true}]}}