{"id":41163,"date":"2022-12-08T11:27:26","date_gmt":"2022-12-08T11:27:26","guid":{"rendered":"https:\/\/jackpotlotteryonline.com\/?page_id=41163"},"modified":"2022-12-29T11:45:02","modified_gmt":"2022-12-29T11:45:02","slug":"set-for-life","status":"publish","type":"page","link":"https:\/\/jackpotlotteryonline.com\/ro\/numere-castigatoare\/set-for-life\/","title":{"rendered":"Rezultatele tragerii la sor\u021bi Set for Life"},"content":{"rendered":"<p>Loteria Set for Life este loteria de anuit\u0103\u021bi din Marea Britanie care ofer\u0103 juc\u0103torilor \u0219ansa de a c\u00e2\u0219tiga un premiu care le va schimba via\u021ba. Schimb\u0103tor de via\u021b\u0103 \u00een sensul c\u0103 numerele c\u00e2\u0219tig\u0103toare primesc 10.000 de lire sterline \u00een fiecare lun\u0103 timp de 30 de ani. Este aproape ca \u0219i cum ai c\u00e2\u0219tiga jackpotul \u00een fiecare lun\u0103 pentru tot restul vie\u021bii tale.<\/p>\n<p>Juc\u0103torii din \u00eentreaga lume pot<a href=\"https:\/\/jackpotlotteryonline.com\/ro\/cumpara-bilete\/set-for-life\"> participa acum la loteria rentei viagere din Marea Britanie prin cump\u0103rarea de bilete online<\/a>. De asemenea, ei pot verifica numerele c\u00e2\u0219tig\u0103toare online \u0219i pot avea acces \u0219i la c\u00e2\u0219tigurile lor.<\/p>\n<p>Atunci c\u00e2nd <a href=\"https:\/\/jackpotlotteryonline.com\/ro\/cum-se-joaca\/juca-set-for-life-online\">joci la loterie cu jackpotlotteryonline.com<\/a>, ai practic un magazin unic pentru toate nevoile tale de loterie. V\u0103 pute\u021bi concentra pe c\u00e2\u0219tigarea loteriei, cump\u0103r\u00e2nd online bilete la loteriile interna\u021bionale de top.<\/p>\n<section class=\"layout\" style=\"border: solid 1px; width: 100%;\">\n<div class=\"img-div\" style=\"margin-top: 5px;\"><img decoding=\"async\" class=\"wp-image-17212 alignleft\" style=\"height: 45px; margin: 8px 8px 0px;\" src=\"http:\/\/jackpotlotteryonline.com\/wp-content\/uploads\/2022\/11\/read1.jpg\" alt=\"cite\u0219te\" width=\"\" height=\"\" \/><\/div>\n<div style=\"padding-left: 5px;\">\n<div style=\"font-size: 1.1em;\">\n<p><strong>Este legal s\u0103 joci la loterii din alte \u021b\u0103ri online?<\/strong><\/p>\n<p style=\"font-size: 0.85em; margin-top: -1.5em;\">Este legal s\u0103 cump\u0103r un bilet de loterie online \u0219i dac\u0103 voi fi pl\u0103tit?\u00a0<a href=\"https:\/\/jackpotlotteryonline.com\/ro\/este-legal-sa-joci-la-loterii-din-alte-tari-online\"> cite\u0219te mai mult<\/a><\/p>\n<\/div>\n<\/div>\n<\/section>\n<h2>De ce s\u0103 joci online?<\/h2>\n<p>\u00cen primul r\u00e2nd, dac\u0103 nu locui\u021bi \u00een Marea Britanie, v\u0103 va fi destul de greu s\u0103 cump\u0103ra\u021bi un bilet la aceast\u0103 loterie. Practic, singurul mod \u00een care pute\u021bi juca la Set for Life \u00een afara Regatului Unit este s\u0103 face\u021bi acest lucru online. \u00cen al doilea r\u00e2nd, c\u00e2nd ve\u021bi vedea c\u00e2t de convenabil este s\u0103 juca\u021bi online, nu ve\u021bi mai dori s\u0103 juca\u021bi la loterie \u00een alt mod.<\/p>\n<p><strong>Pe scurt, iat\u0103 c\u00e2teva beneficii majore ale jocului la loto online:<\/strong><img loading=\"lazy\" decoding=\"async\" class=\"alignright size-medium wp-image-27941\" src=\"http:\/\/jackpotlotteryonline.com\/wp-content\/uploads\/2022\/11\/1_lottery_winner_ticket-200x300.jpg\" alt=\"juca\u021bi Set for Life\" width=\"200\" height=\"300\" srcset=\"https:\/\/jackpotlotteryonline.com\/wp-content\/uploads\/2022\/11\/1_lottery_winner_ticket-200x300.jpg 200w, https:\/\/jackpotlotteryonline.com\/wp-content\/uploads\/2022\/11\/1_lottery_winner_ticket.jpg 320w\" sizes=\"auto, (max-width: 200px) 100vw, 200px\" \/><\/p>\n<ul>\n<li>Ave\u021bi acces imediat pentru a juca numerele c\u00e2\u0219tig\u0103toare pentru fiecare extragere<\/li>\n<li>V\u0103 pute\u021bi stabili intr\u0103rile cu s\u0103pt\u0103m\u00e2ni \u00een avans<\/li>\n<li>Verifica\u021bi cu u\u0219urin\u021b\u0103 numerele c\u00e2\u0219tig\u0103toare<\/li>\n<li>Ave\u021bi acces la c\u00e2\u0219tigurile dvs. f\u0103r\u0103 stres<\/li>\n<\/ul>\n<p>Exist\u0103 at\u00e2t de multe avantaje atunci c\u00e2nd joci la loto online. Iar atunci c\u00e2nd joci cu noi la jackpotlotteryonline.com, experimentezi u\u0219urin\u021ba \u0219i confortul de a avea loteria la \u00eendem\u00e2n\u0103. Fiind un site de concierge, noi gestion\u0103m detaliile pentru tine, \u00een timp ce tu te concentrezi pe alegerea numerelor c\u00e2\u0219tig\u0103toare cu u\u0219urin\u021b\u0103. Este un c\u00e2\u0219tig-c\u00e2\u0219tig pentru toat\u0103 lumea.<\/p>\n<h2>Care sunt numerele c\u00e2\u0219tig\u0103toare de la Set for Life?<\/h2>\n<p>Singurul mod de a \u0219ti dac\u0103 ave\u021bi numerele c\u00e2\u0219tig\u0103toare este s\u0103 \u0219ti\u021bi cum s\u0103 juca\u021bi la aceast\u0103 loterie din Marea Britanie. Pentru a juca, trebuie s\u0103 alege\u021bi 5 numere dintr-un interval de la 1 la 47 \u0219i 1 num\u0103r Life Ball de la 1 la 10. Dup\u0103 ce a\u021bi ales numerele, urm\u0103torul pas este s\u0103 participa\u021bi la extragerile pe care le alege\u021bi.<\/p>\n<p>Set for Life are dou\u0103 zile de extragere pe s\u0103pt\u0103m\u00e2n\u0103, \u00een zilele de luni \u0219i joi. Asta \u00eenseamn\u0103 dou\u0103 \u0219anse de a c\u00e2\u0219tiga la loto. V\u0103 pute\u021bi \u00eenscrie la ambele extrageri, bine\u00een\u021beles, deoarece aceasta este o modalitate de a v\u0103 cre\u0219te \u0219ansele de a c\u00e2\u0219tiga la loterie.<\/p>\n<p>Dup\u0103 extrageri, trebuie s\u0103 verifica\u021bi rezultatele pentru a vedea dac\u0103 ave\u021bi combina\u021bia c\u00e2\u0219tig\u0103toare. Cel care are numerele c\u00e2\u0219tig\u0103toare c\u00e2\u0219tig\u0103 la loterie.<\/p>\n<h2>Trei moduri de a verifica rezultatele extragerii<\/h2>\n<p>Exist\u0103 trei moduri \u00een care pute\u021bi verifica combina\u021bia c\u00e2\u0219tig\u0103toare pentru aceast\u0103 loterie din Marea Britanie. Dac\u0103 locui\u021bi \u00een Marea Britanie, pute\u021bi urm\u0103ri cu u\u0219urin\u021b\u0103 extragerile \u00een direct la televizor. Totu\u0219i, dac\u0103 lucra\u021bi \u00een acel moment sau dac\u0103 ave\u021bi alt\u0103 func\u021bie, atunci acest lucru nu va func\u021biona pentru dumneavoastr\u0103.<\/p>\n<p>O alt\u0103 alternativ\u0103 este s\u0103 verifica\u021bi online rezultatele extragerii. Diverse site-uri web public\u0103 rezultatele, \u00een special combina\u021bia c\u00e2\u0219tig\u0103toare pentru jackpot. Fire\u0219te, deoarece exist\u0103 \u0219i alte categorii de premii la loto, s-ar putea s\u0103 v\u0103 intereseze \u0219i alte combina\u021bii c\u00e2\u0219tig\u0103toare \u00een afar\u0103 de jackpot.<\/p>\n<p>Cel mai bun mod de a verifica rezultatele extragerii este s\u0103 reveni\u021bi la aceast\u0103 pagin\u0103 dup\u0103 fiecare extragere. Public\u0103m rezultatele extragerilor chiar aici \u0219i ne facem timp s\u0103 ar\u0103t\u0103m combina\u021biile c\u00e2\u0219tig\u0103toare pentru fiecare categorie de premii. \u00cen plus, dac\u0103 v-a\u021bi cump\u0103rat biletul de la noi, v\u0103 vom trimite un e-mail dac\u0103 ave\u021bi un bilet c\u00e2\u0219tig\u0103tor.<\/p>\n<h2>Categoriile de premii Set for Life<\/h2>\n<p>Premiul cel mare pentru aceast\u0103 loterie din Marea Britanie este un uimitor premiu de 10.000 de lire sterline \u00een fiecare lun\u0103 pentru urm\u0103torii 30 de ani. Imagina\u021bi-v\u0103 c\u0103 ve\u021bi c\u00e2\u0219tiga o astfel de sum\u0103 \u00een fiecare lun\u0103 timp de 30 de ani. Cu un astfel de premiu, este u\u0219or de \u00een\u021beles de ce pariorii din \u00eentreaga lume sunt ner\u0103bd\u0103tori s\u0103 ob\u021bin\u0103 combina\u021bia c\u00e2\u0219tig\u0103toare pentru aceast\u0103 loterie.<\/p>\n<p>Dincolo de c\u00e2\u0219tigarea primului premiu, exist\u0103 \u0219i alte premii interesante pe care juc\u0103torii le pot c\u00e2\u0219tiga la aceast\u0103 loterie. Iat\u0103 care sunt categoriile de premii.<\/p>\n<p>Categoria 1: Match 5 + Bila vie\u021bii &#8211; 10.000 de lire sterline \u00een fiecare lun\u0103 timp de 30 de ani<\/p>\n<p>Categoria 2: Doar Match 5 &#8211; 10.000 de lire sterline \u00een fiecare lun\u0103 timp de 1 an<\/p>\n<p>Categoria 3: Meciul 4 + bila vie\u021bii &#8211; 250 \u00a3.<\/p>\n<p>Categoria 4: Doar Match 4 &#8211; 50 \u00a3.<\/p>\n<p>Categoria 5: Match 3 + Life Ball &#8211; 30 de lire sterline<\/p>\n<p>Categoria 6: Doar Meciul 3 &#8211; \u00a320<\/p>\n<p>Categoria 7: Meciul 2 + Life Ball &#8211; \u00a310<\/p>\n<p>Categoria 8: doar meciul 2 &#8211; 5 \u00a3.<\/p>\n<h2>Retragerea c\u00e2\u0219tigurilor dvs.<\/h2>\n<p>Am men\u021bionat c\u0103 v\u0103 vom anun\u021ba prin e-mail \u0219i prin intermediul contului dvs. dac\u0103 ave\u021bi un bilet c\u00e2\u0219tig\u0103tor. Dar, cum v\u0103 retrage\u021bi c\u00e2\u0219tigurile dac\u0103 locui\u021bi \u00een afara Regatului Unit? Aceasta este o \u00eentrebare care \u00eengrijoreaz\u0103 o mul\u021bime de pariori. Ei bine, noi suntem aici pentru a v\u0103 lini\u0219ti \u00een privin\u021ba c\u00e2\u0219tigurilor dumneavoastr\u0103.<\/p>\n<p>Atunci c\u00e2nd v\u0103 \u00eenregistra\u021bi la noi \u0219i v\u0103 cump\u0103ra\u021bi biletele de loterie de la noi, v\u0103 simplific\u0103m procesul. Fiind un site de concierge, am creat un proces f\u0103r\u0103 cusur prin care v\u0103 pute\u021bi retrage cu u\u0219urin\u021b\u0103 c\u00e2\u0219tigurile. Cu c\u00e2\u0219tiguri care sunt sub 2.500 de euro, tot ce trebuie s\u0103 face\u021bi este s\u0103 \u00eencasa\u021bi banii de pe site-ul nostru \u00een contul dumneavoastr\u0103.<\/p>\n<p>Dac\u0103 a\u021bi c\u00e2\u0219tigat un premiu care dep\u0103\u0219e\u0219te aceast\u0103 sum\u0103, v\u0103 vom pune la dispozi\u021bie un formular de revendicare. \u00cen acest fel, v\u0103 pute\u021bi revendica c\u00e2\u0219tigurile direct de la compania de loterie. A\u0219a c\u0103 merge\u021bi mai departe \u0219i cump\u0103ra\u021bi un bilet de loterie ast\u0103zi pentru a avea \u0219ansa de a avea combina\u021bia c\u00e2\u0219tig\u0103toare.<\/p>\n","protected":false},"excerpt":{"rendered":"<p>Loteria Set for Life este loteria de anuit\u0103\u021bi din Marea Britanie care ofer\u0103 juc\u0103torilor \u0219ansa de a c\u00e2\u0219tiga un premiu care le va schimba via\u021ba. Schimb\u0103tor de via\u021b\u0103 \u00een sensul c\u0103 numerele c\u00e2\u0219tig\u0103toare primesc 10.000 de lire sterline \u00een fiecare lun\u0103 timp de 30 de ani. Este aproape ca \u0219i cum ai c\u00e2\u0219tiga jackpotul \u00een [&hellip;]<\/p>\n","protected":false},"author":1,"featured_media":0,"parent":35848,"menu_order":11,"comment_status":"closed","ping_status":"closed","template":"set-for-life-results.php","meta":{"_et_pb_use_builder":"","_et_pb_old_content":"","_et_gb_content_width":"","exclude_from_search":false,"footnotes":""},"class_list":["post-41163","page","type-page","status-publish","hentry"],"yoast_head":"<!-- This site is optimized with the Yoast SEO plugin v23.3 - https:\/\/yoast.com\/wordpress\/plugins\/seo\/ -->\n<title>Set for Life numerele c\u00e2\u0219tig\u0103toare \u0219i rezultatul extragerii<\/title>\n<meta name=\"description\" content=\"Rezultatele extragerilor loteriei Set For Life, precum \u0219i numerele c\u00e2\u0219tig\u0103toare aici, pe Jackpotlotteryonline.com\" \/>\n<meta name=\"robots\" content=\"index, follow, max-snippet:-1, max-image-preview:large, max-video-preview:-1\" \/>\n<link rel=\"canonical\" href=\"https:\/\/jackpotlotteryonline.com\/ro\/numere-castigatoare\/set-for-life\/\" \/>\n<meta property=\"og:locale\" content=\"ro_RO\" \/>\n<meta property=\"og:type\" content=\"article\" \/>\n<meta property=\"og:title\" content=\"Set for Life numerele c\u00e2\u0219tig\u0103toare \u0219i rezultatul extragerii\" \/>\n<meta property=\"og:description\" content=\"Rezultatele extragerilor loteriei Set For Life, precum \u0219i numerele c\u00e2\u0219tig\u0103toare aici, pe Jackpotlotteryonline.com\" \/>\n<meta property=\"og:url\" content=\"https:\/\/jackpotlotteryonline.com\/ro\/numere-castigatoare\/set-for-life\/\" \/>\n<meta property=\"og:site_name\" content=\"Lotto Online - Crack The International Lottery Jackpots\" \/>\n<meta property=\"article:modified_time\" content=\"2022-12-29T11:45:02+00:00\" \/>\n<meta property=\"og:image\" content=\"http:\/\/jackpotlotteryonline.com\/wp-content\/uploads\/2022\/11\/read1.jpg\" \/>\n<meta name=\"twitter:card\" content=\"summary_large_image\" \/>\n<meta name=\"twitter:label1\" content=\"Timp estimat pentru citire\" \/>\n\t<meta name=\"twitter:data1\" content=\"5 minute\" \/>\n<!-- \/ Yoast SEO plugin. -->","yoast_head_json":{"title":"Set for Life numerele c\u00e2\u0219tig\u0103toare \u0219i rezultatul extragerii","description":"Rezultatele extragerilor loteriei Set For Life, precum \u0219i numerele c\u00e2\u0219tig\u0103toare aici, pe Jackpotlotteryonline.com","robots":{"index":"index","follow":"follow","max-snippet":"max-snippet:-1","max-image-preview":"max-image-preview:large","max-video-preview":"max-video-preview:-1"},"canonical":"https:\/\/jackpotlotteryonline.com\/ro\/numere-castigatoare\/set-for-life\/","og_locale":"ro_RO","og_type":"article","og_title":"Set for Life numerele c\u00e2\u0219tig\u0103toare \u0219i rezultatul extragerii","og_description":"Rezultatele extragerilor loteriei Set For Life, precum \u0219i numerele c\u00e2\u0219tig\u0103toare aici, pe Jackpotlotteryonline.com","og_url":"https:\/\/jackpotlotteryonline.com\/ro\/numere-castigatoare\/set-for-life\/","og_site_name":"Lotto Online - Crack The International Lottery Jackpots","article_modified_time":"2022-12-29T11:45:02+00:00","og_image":[{"url":"http:\/\/jackpotlotteryonline.com\/wp-content\/uploads\/2022\/11\/read1.jpg"}],"twitter_card":"summary_large_image","twitter_misc":{"Timp estimat pentru citire":"5 minute"},"schema":{"@context":"https:\/\/schema.org","@graph":[{"@type":"WebPage","@id":"https:\/\/jackpotlotteryonline.com\/ro\/numere-castigatoare\/set-for-life\/","url":"https:\/\/jackpotlotteryonline.com\/ro\/numere-castigatoare\/set-for-life\/","name":"Set for Life numerele c\u00e2\u0219tig\u0103toare \u0219i rezultatul extragerii","isPartOf":{"@id":"https:\/\/jackpotlotteryonline.com\/#website"},"primaryImageOfPage":{"@id":"https:\/\/jackpotlotteryonline.com\/ro\/numere-castigatoare\/set-for-life\/#primaryimage"},"image":{"@id":"https:\/\/jackpotlotteryonline.com\/ro\/numere-castigatoare\/set-for-life\/#primaryimage"},"thumbnailUrl":"http:\/\/jackpotlotteryonline.com\/wp-content\/uploads\/2022\/11\/read1.jpg","datePublished":"2022-12-08T11:27:26+00:00","dateModified":"2022-12-29T11:45:02+00:00","description":"Rezultatele extragerilor loteriei Set For Life, precum \u0219i numerele c\u00e2\u0219tig\u0103toare aici, pe Jackpotlotteryonline.com","breadcrumb":{"@id":"https:\/\/jackpotlotteryonline.com\/ro\/numere-castigatoare\/set-for-life\/#breadcrumb"},"inLanguage":"ro-RO","potentialAction":[{"@type":"ReadAction","target":["https:\/\/jackpotlotteryonline.com\/ro\/numere-castigatoare\/set-for-life\/"]}]},{"@type":"ImageObject","inLanguage":"ro-RO","@id":"https:\/\/jackpotlotteryonline.com\/ro\/numere-castigatoare\/set-for-life\/#primaryimage","url":"http:\/\/jackpotlotteryonline.com\/wp-content\/uploads\/2022\/11\/read1.jpg","contentUrl":"http:\/\/jackpotlotteryonline.com\/wp-content\/uploads\/2022\/11\/read1.jpg"},{"@type":"BreadcrumbList","@id":"https:\/\/jackpotlotteryonline.com\/ro\/numere-castigatoare\/set-for-life\/#breadcrumb","itemListElement":[{"@type":"ListItem","position":1,"name":"Home","item":"https:\/\/jackpotlotteryonline.com\/ro\/"},{"@type":"ListItem","position":2,"name":"Rezultatele loteriei","item":"https:\/\/jackpotlotteryonline.com\/ro\/numere-castigatoare\/"},{"@type":"ListItem","position":3,"name":"Rezultatele tragerii la sor\u021bi Set for Life"}]},{"@type":"WebSite","@id":"https:\/\/jackpotlotteryonline.com\/#website","url":"https:\/\/jackpotlotteryonline.com\/","name":"Lotto Online - Crack The International Lottery Jackpots","description":"","potentialAction":[{"@type":"SearchAction","target":{"@type":"EntryPoint","urlTemplate":"https:\/\/jackpotlotteryonline.com\/?s={search_term_string}"},"query-input":"required name=search_term_string"}],"inLanguage":"ro-RO"}]}},"_links":{"self":[{"href":"https:\/\/jackpotlotteryonline.com\/ro\/wp-json\/wp\/v2\/pages\/41163","targetHints":{"allow":["GET"]}}],"collection":[{"href":"https:\/\/jackpotlotteryonline.com\/ro\/wp-json\/wp\/v2\/pages"}],"about":[{"href":"https:\/\/jackpotlotteryonline.com\/ro\/wp-json\/wp\/v2\/types\/page"}],"author":[{"embeddable":true,"href":"https:\/\/jackpotlotteryonline.com\/ro\/wp-json\/wp\/v2\/users\/1"}],"replies":[{"embeddable":true,"href":"https:\/\/jackpotlotteryonline.com\/ro\/wp-json\/wp\/v2\/comments?post=41163"}],"version-history":[{"count":0,"href":"https:\/\/jackpotlotteryonline.com\/ro\/wp-json\/wp\/v2\/pages\/41163\/revisions"}],"up":[{"embeddable":true,"href":"https:\/\/jackpotlotteryonline.com\/ro\/wp-json\/wp\/v2\/pages\/35848"}],"wp:attachment":[{"href":"https:\/\/jackpotlotteryonline.com\/ro\/wp-json\/wp\/v2\/media?parent=41163"}],"curies":[{"name":"wp","href":"https:\/\/api.w.org\/{rel}","templated":true}]}}