{"id":41221,"date":"2022-12-08T13:52:28","date_gmt":"2022-12-08T13:52:28","guid":{"rendered":"https:\/\/jackpotlotteryonline.com\/?page_id=41221"},"modified":"2022-12-29T21:50:16","modified_gmt":"2022-12-29T21:50:16","slug":"mega-sena","status":"publish","type":"page","link":"https:\/\/jackpotlotteryonline.com\/ro\/numere-castigatoare\/mega-sena\/","title":{"rendered":"Rezultatele extragerii la loteria Mega-Sena"},"content":{"rendered":"<p>Juc\u0103torii din \u00eentreaga lume pot cump\u0103ra acum bilete la loteria Mega-Sena. Nu numai at\u00e2t, dar odat\u0103 ce a\u021bi jucat la loterie, pute\u021bi verifica online numerele c\u00e2\u0219tig\u0103toare Mega-Sena. O parte esen\u021bial\u0103 a jocului la loto este verificarea rezultatelor extragerii, astfel \u00eenc\u00e2t s\u0103 nu rata\u021bi niciun premiu. Exist\u0103 mai multe modalit\u0103\u021bi de a verifica numerele c\u00e2\u0219tig\u0103toare pentru loteria brazilian\u0103 \u0219i vom ajunge la asta imediat.<\/p>\n<p>Dar, dac\u0103 v\u0103 gr\u0103bi\u021bi s\u0103 afla\u021bi rezultatele ultimei extrageri, pute\u021bi vizita jackpotlotteryonline.com pentru a avea acces la loteriile interna\u021bionale de top.<\/p>\n<section class=\"layout\" style=\"border: solid 1px; width: 100%;\">\n<div class=\"img-div\" style=\"margin-top: 5px;\"><img decoding=\"async\" class=\"wp-image-17212 alignleft\" style=\"height: 45px; margin: 8px 8px 0px;\" src=\"https:\/\/jackpotlotteryonline.com\/wp-content\/uploads\/2022\/11\/read1.jpg\" alt=\"cite\u0219te\" width=\"\" height=\"\" \/><\/div>\n<div style=\"padding-left: 5px;\">\n<div style=\"font-size: 1.1em;\">\n<p><strong>Loteriile europene<\/strong><\/p>\n<p style=\"font-size: 0.85em; margin-top: -1.5em;\">Care sunt cele mai bune loterii europene?\u00a0<a href=\"https:\/\/jackpotlotteryonline.com\/ro\/care-sunt-cele-mai-bune-loterii-europene\"> cite\u0219te mai mult<\/a><\/p>\n<\/div>\n<\/div>\n<\/section>\n<h2>No\u021biuni de baz\u0103 ale loteriei Mega-Sena<\/h2>\n<p>Mega-Sena este ca orice alt\u0103 loterie \u00een ceea ce prive\u0219te modul \u00een care se joac\u0103. Pur \u0219i simplu trebuie s\u0103 alege\u021bi numere dintr-un anumit interval. Pentru loteria brazilian\u0103, alege\u021bi 6 dintr-un interval de la 1 la 60. \u0218i asta este tot. Nu exist\u0103 numere suplimentare sau bonus, doar cele \u0219ase pentru aceast\u0103 loterie.<\/p>\n<p>Dup\u0103 ce a\u021bi ales cifrele pe care le dori\u021bi, urm\u0103torul pas este s\u0103 participa\u021bi la extrageri. Mega-Sena are dou\u0103 extrageri s\u0103pt\u0103m\u00e2nale, miercurea \u0219i joia.<\/p>\n<h2>Numerele c\u00e2\u0219tig\u0103toare la Mega-Sena<\/h2>\n<p><img loading=\"lazy\" decoding=\"async\" class=\"size-full wp-image-29102 alignright\" src=\"https:\/\/jackpotlotteryonline.com\/wp-content\/uploads\/2022\/11\/1_play_lottery_international.jpg\" alt=\"Numerele c\u00e2\u0219tig\u0103toare la Mega-Sena\" width=\"205\" height=\"147\" \/>Cum alege\u021bi numerele c\u00e2\u0219tig\u0103toare la Mega-Sena? Juc\u0103torii diferi\u021bi au moduri diferite de a alege ceea ce func\u021bioneaz\u0103 pentru ei. V\u0103 pute\u021bi alege numerele c\u00e2\u0219tig\u0103toare folosind datele care sunt speciale pentru dumneavoastr\u0103. Dac\u0103 ave\u021bi date sau cifre norocoase, acestea pot fi utile pentru a v\u0103 ajuta s\u0103 alege\u021bi un num\u0103r.<\/p>\n<p>Dac\u0103 nu ave\u021bi niciun num\u0103r special \u00een minte, nu v\u0103 face\u021bi griji \u00een privin\u021ba asta. Atunci c\u00e2nd <a href=\"https:\/\/jackpotlotteryonline.com\/ro\/cum-se-joaca\/mega-sena-2\">joci Mega-Sena cu noi<\/a>, po\u021bi folosi generatorul nostru automat pentru a alege numere aleatorii. La sf\u00e2r\u0219itul zilei, este important s\u0103 v\u0103 aminti\u021bi c\u0103 loteria este un joc de noroc. Singura modalitate real\u0103 de a-\u021bi cre\u0219te \u0219ansele de c\u00e2\u0219tig este s\u0103 cumperi mai multe bilete \u0219i s\u0103 participi la mai multe extrageri.<\/p>\n<p>Pute\u021bi juca la loto online vizit\u00e2nd pagina noastr\u0103 pentru Mega-Sena. V\u0103 facilit\u0103m participarea la o singur\u0103 extragere sau la mai multe extrageri. De asemenea, pute\u021bi cump\u0103ra mai multe linii pe un bilet, ceea ce v\u0103 ofer\u0103 mai multe intr\u0103ri la loto.<\/p>\n<h2>Premiile Mega-Sena<\/h2>\n<p>Loteria Mega-Sena are un jackpot de pornire garantat de 3 milioane de reali brazilieni. Asta \u00eenseamn\u0103 aproximativ 549467,87 euro. Dar, dac\u0103 nu exist\u0103 niciun c\u00e2\u0219tig\u0103tor dup\u0103 o extragere, jackpot-ul se reporteaz\u0103 la urm\u0103toarea extragere. Astfel, suma jackpot-ului poate cre\u0219te destul de mult, ceea ce face ca aceasta s\u0103 fie o afacere dulce pentru pariorii de pretutindeni.<\/p>\n<p>\u00cen plus, \u0219ansele de a c\u00e2\u0219tiga Mega-Sena sunt de 1 la 50 de milioane. C\u00e2nd compara\u021bi acest lucru cu alte loterii interna\u021bionale de top, este u\u0219or de \u00een\u021beles de ce loteria brazilian\u0103 este popular\u0103 printre pariori.<\/p>\n<p>Loteria brazilian\u0103 este, de asemenea, diferit\u0103 de alte loterii prin faptul c\u0103 ofer\u0103 doar 3 categorii de premii, inclusiv jackpotul. A\u0219adar, a c\u00e2\u0219tiga la loto \u00eenseamn\u0103 c\u0103 a\u021bi putea c\u00e2\u0219tiga oricare dintre urm\u0103toarele premii.<\/p>\n<p>Jackpot &#8211; Sena: Match 6 &#8211; 35% din fondul de premii<\/p>\n<p>Categoria 2 &#8211; Quina: Meciul 5 &#8211; 19% din fondul de premii<\/p>\n<p>Nivelul 3 &#8211; Quadra: Meciul 4 &#8211; 19% din fondul de premii<\/p>\n<h2>Revendicarea premiului dvs.<\/h2>\n<p>Urm\u0103torul pas este s\u0103 revendica\u021bi premiul pe care l-a\u021bi c\u00e2\u0219tigat atunci c\u00e2nd participa\u021bi la loterie. Modul \u00een care v\u0103 revendica\u021bi premiul depinde de locul de unde a\u021bi cump\u0103rat biletul. Atunci c\u00e2nd juca\u021bi la loto online, este important s\u0103 v\u0103 cump\u0103ra\u021bi biletul de pe un site care v\u0103 ofer\u0103 \u0219ansa de a c\u00e2\u0219tiga la loterie. Unele site-uri v\u0103 permit s\u0103 paria\u021bi doar pe rezultatul loteriei.<\/p>\n<p>Atunci c\u00e2nd v\u0103 <a href=\"https:\/\/jackpotlotteryonline.com\/ro\/cumpara-bilete\/mega-sena\">cump\u0103ra\u021bi biletul de loterie de la noi<\/a>, ave\u021bi acces la loterie. Asta pentru c\u0103 agentul nostru din Brazilia va cump\u0103ra bilete fizice cu numerele dvs. corespunz\u0103toare. Oferindu-v\u0103 \u0219ansa de a c\u00e2\u0219tiga la loterie.<\/p>\n<p>Deci, dac\u0103 c\u00e2\u0219tiga\u021bi vreun premiu, tot ce trebuie s\u0103 face\u021bi este s\u0103 v\u0103 retrage\u021bi premiul de pe site-ul nostru \u00een contul dvs. Este at\u00e2t de simplu. Vizita\u021bi termenii \u0219i condi\u021biile noastre pentru a afla cum s\u0103 v\u0103 \u00eencasa\u021bi numerele c\u00e2\u0219tig\u0103toare la Mega-Sena.<\/p>\n","protected":false},"excerpt":{"rendered":"<p>Juc\u0103torii din \u00eentreaga lume pot cump\u0103ra acum bilete la loteria Mega-Sena. Nu numai at\u00e2t, dar odat\u0103 ce a\u021bi jucat la loterie, pute\u021bi verifica online numerele c\u00e2\u0219tig\u0103toare Mega-Sena. O parte esen\u021bial\u0103 a jocului la loto este verificarea rezultatelor extragerii, astfel \u00eenc\u00e2t s\u0103 nu rata\u021bi niciun premiu. Exist\u0103 mai multe modalit\u0103\u021bi de a verifica numerele c\u00e2\u0219tig\u0103toare pentru [&hellip;]<\/p>\n","protected":false},"author":1,"featured_media":0,"parent":35848,"menu_order":14,"comment_status":"closed","ping_status":"closed","template":"megasena-results.php","meta":{"_et_pb_use_builder":"","_et_pb_old_content":"","_et_gb_content_width":"","exclude_from_search":false,"footnotes":""},"class_list":["post-41221","page","type-page","status-publish","hentry"],"yoast_head":"<!-- This site is optimized with the Yoast SEO plugin v23.3 - https:\/\/yoast.com\/wordpress\/plugins\/seo\/ -->\n<title>Rezultatele extragerii loteriei Mega-Sena \u0219i numerele c\u00e2\u0219tig\u0103toare<\/title>\n<meta name=\"description\" content=\"Rezultatele Mega-Sena din Brazilia sunt greu de g\u0103sit - pe site-ul nostru sunt listate numerele c\u00e2\u0219tig\u0103toare de azi \u0219i de ieri \u0219i rezultatele extragerii\" \/>\n<meta name=\"robots\" content=\"index, follow, max-snippet:-1, max-image-preview:large, max-video-preview:-1\" \/>\n<link rel=\"canonical\" href=\"https:\/\/jackpotlotteryonline.com\/ro\/numere-castigatoare\/mega-sena\/\" \/>\n<meta property=\"og:locale\" content=\"ro_RO\" \/>\n<meta property=\"og:type\" content=\"article\" \/>\n<meta property=\"og:title\" content=\"Rezultatele extragerii loteriei Mega-Sena \u0219i numerele c\u00e2\u0219tig\u0103toare\" \/>\n<meta property=\"og:description\" content=\"Rezultatele Mega-Sena din Brazilia sunt greu de g\u0103sit - pe site-ul nostru sunt listate numerele c\u00e2\u0219tig\u0103toare de azi \u0219i de ieri \u0219i rezultatele extragerii\" \/>\n<meta property=\"og:url\" content=\"https:\/\/jackpotlotteryonline.com\/ro\/numere-castigatoare\/mega-sena\/\" \/>\n<meta property=\"og:site_name\" content=\"Lotto Online - Crack The International Lottery Jackpots\" \/>\n<meta property=\"article:modified_time\" content=\"2022-12-29T21:50:16+00:00\" \/>\n<meta property=\"og:image\" content=\"https:\/\/jackpotlotteryonline.com\/wp-content\/uploads\/2022\/11\/read1.jpg\" \/>\n<meta name=\"twitter:card\" content=\"summary_large_image\" \/>\n<meta name=\"twitter:label1\" content=\"Timp estimat pentru citire\" \/>\n\t<meta name=\"twitter:data1\" content=\"3 minute\" \/>\n<!-- \/ Yoast SEO plugin. -->","yoast_head_json":{"title":"Rezultatele extragerii loteriei Mega-Sena \u0219i numerele c\u00e2\u0219tig\u0103toare","description":"Rezultatele Mega-Sena din Brazilia sunt greu de g\u0103sit - pe site-ul nostru sunt listate numerele c\u00e2\u0219tig\u0103toare de azi \u0219i de ieri \u0219i rezultatele extragerii","robots":{"index":"index","follow":"follow","max-snippet":"max-snippet:-1","max-image-preview":"max-image-preview:large","max-video-preview":"max-video-preview:-1"},"canonical":"https:\/\/jackpotlotteryonline.com\/ro\/numere-castigatoare\/mega-sena\/","og_locale":"ro_RO","og_type":"article","og_title":"Rezultatele extragerii loteriei Mega-Sena \u0219i numerele c\u00e2\u0219tig\u0103toare","og_description":"Rezultatele Mega-Sena din Brazilia sunt greu de g\u0103sit - pe site-ul nostru sunt listate numerele c\u00e2\u0219tig\u0103toare de azi \u0219i de ieri \u0219i rezultatele extragerii","og_url":"https:\/\/jackpotlotteryonline.com\/ro\/numere-castigatoare\/mega-sena\/","og_site_name":"Lotto Online - Crack The International Lottery Jackpots","article_modified_time":"2022-12-29T21:50:16+00:00","og_image":[{"url":"https:\/\/jackpotlotteryonline.com\/wp-content\/uploads\/2022\/11\/read1.jpg"}],"twitter_card":"summary_large_image","twitter_misc":{"Timp estimat pentru citire":"3 minute"},"schema":{"@context":"https:\/\/schema.org","@graph":[{"@type":"WebPage","@id":"https:\/\/jackpotlotteryonline.com\/ro\/numere-castigatoare\/mega-sena\/","url":"https:\/\/jackpotlotteryonline.com\/ro\/numere-castigatoare\/mega-sena\/","name":"Rezultatele extragerii loteriei Mega-Sena \u0219i numerele c\u00e2\u0219tig\u0103toare","isPartOf":{"@id":"https:\/\/jackpotlotteryonline.com\/#website"},"primaryImageOfPage":{"@id":"https:\/\/jackpotlotteryonline.com\/ro\/numere-castigatoare\/mega-sena\/#primaryimage"},"image":{"@id":"https:\/\/jackpotlotteryonline.com\/ro\/numere-castigatoare\/mega-sena\/#primaryimage"},"thumbnailUrl":"https:\/\/jackpotlotteryonline.com\/wp-content\/uploads\/2022\/11\/read1.jpg","datePublished":"2022-12-08T13:52:28+00:00","dateModified":"2022-12-29T21:50:16+00:00","description":"Rezultatele Mega-Sena din Brazilia sunt greu de g\u0103sit - pe site-ul nostru sunt listate numerele c\u00e2\u0219tig\u0103toare de azi \u0219i de ieri \u0219i rezultatele extragerii","breadcrumb":{"@id":"https:\/\/jackpotlotteryonline.com\/ro\/numere-castigatoare\/mega-sena\/#breadcrumb"},"inLanguage":"ro-RO","potentialAction":[{"@type":"ReadAction","target":["https:\/\/jackpotlotteryonline.com\/ro\/numere-castigatoare\/mega-sena\/"]}]},{"@type":"ImageObject","inLanguage":"ro-RO","@id":"https:\/\/jackpotlotteryonline.com\/ro\/numere-castigatoare\/mega-sena\/#primaryimage","url":"https:\/\/jackpotlotteryonline.com\/wp-content\/uploads\/2022\/11\/read1.jpg","contentUrl":"https:\/\/jackpotlotteryonline.com\/wp-content\/uploads\/2022\/11\/read1.jpg"},{"@type":"BreadcrumbList","@id":"https:\/\/jackpotlotteryonline.com\/ro\/numere-castigatoare\/mega-sena\/#breadcrumb","itemListElement":[{"@type":"ListItem","position":1,"name":"Home","item":"https:\/\/jackpotlotteryonline.com\/ro\/"},{"@type":"ListItem","position":2,"name":"Rezultatele loteriei","item":"https:\/\/jackpotlotteryonline.com\/ro\/numere-castigatoare\/"},{"@type":"ListItem","position":3,"name":"Rezultatele extragerii la loteria Mega-Sena"}]},{"@type":"WebSite","@id":"https:\/\/jackpotlotteryonline.com\/#website","url":"https:\/\/jackpotlotteryonline.com\/","name":"Lotto Online - Crack The International Lottery Jackpots","description":"","potentialAction":[{"@type":"SearchAction","target":{"@type":"EntryPoint","urlTemplate":"https:\/\/jackpotlotteryonline.com\/?s={search_term_string}"},"query-input":"required name=search_term_string"}],"inLanguage":"ro-RO"}]}},"_links":{"self":[{"href":"https:\/\/jackpotlotteryonline.com\/ro\/wp-json\/wp\/v2\/pages\/41221","targetHints":{"allow":["GET"]}}],"collection":[{"href":"https:\/\/jackpotlotteryonline.com\/ro\/wp-json\/wp\/v2\/pages"}],"about":[{"href":"https:\/\/jackpotlotteryonline.com\/ro\/wp-json\/wp\/v2\/types\/page"}],"author":[{"embeddable":true,"href":"https:\/\/jackpotlotteryonline.com\/ro\/wp-json\/wp\/v2\/users\/1"}],"replies":[{"embeddable":true,"href":"https:\/\/jackpotlotteryonline.com\/ro\/wp-json\/wp\/v2\/comments?post=41221"}],"version-history":[{"count":0,"href":"https:\/\/jackpotlotteryonline.com\/ro\/wp-json\/wp\/v2\/pages\/41221\/revisions"}],"up":[{"embeddable":true,"href":"https:\/\/jackpotlotteryonline.com\/ro\/wp-json\/wp\/v2\/pages\/35848"}],"wp:attachment":[{"href":"https:\/\/jackpotlotteryonline.com\/ro\/wp-json\/wp\/v2\/media?parent=41221"}],"curies":[{"name":"wp","href":"https:\/\/api.w.org\/{rel}","templated":true}]}}