{"id":41273,"date":"2022-12-08T20:02:25","date_gmt":"2022-12-08T20:02:25","guid":{"rendered":"https:\/\/jackpotlotteryonline.com\/?page_id=41273"},"modified":"2022-12-30T15:27:04","modified_gmt":"2022-12-30T15:27:04","slug":"saturday-lotto","status":"publish","type":"page","link":"https:\/\/jackpotlotteryonline.com\/ro\/numere-castigatoare\/saturday-lotto\/","title":{"rendered":"Rezultatele extragerii Loto de s\u00e2mb\u0103t\u0103"},"content":{"rendered":"<p>Loteria Saturday Lotto, cunoscut\u0103 \u0219i sub numele de Tatts Lotto, este una dintre loteriile cu cele mai mari c\u00e2\u0219tiguri din Australia. Iar acum c\u0103 juc\u0103torii din \u00eentreaga lume pot participa la loto, este \u0219i mai important s\u0103 alegi numerele c\u00e2\u0219tig\u0103toare. C\u00e2\u0219tigarea acestei loterii australiene \u00eenseamn\u0103 c\u0103 ve\u021bi pleca acas\u0103 cu minim 5 milioane de dolari. Aceast\u0103 sum\u0103 se rostogole\u0219te dac\u0103 nu exist\u0103 niciun bilet c\u00e2\u0219tig\u0103tor dup\u0103 o extragere. \u00cen plus, dac\u0103 participa\u021bi la mega extragerea, care are loc o dat\u0103 pe an, de Cr\u0103ciun, atunci a\u021bi putea \u00eencasa 30 de milioane de dolari!<\/p>\n<p>Dac\u0103 \u00eenc\u0103 nu \u021bi-ai cump\u0103rat biletul c\u00e2\u0219tig\u0103tor la loto, mergi la jackpotlotteryonline.com<a href=\"https:\/\/jackpotlotteryonline.com\/ro\/cumpara-bilete\/saturday-lotto\"> \u0219i ia-\u021bi biletul acum<\/a>. Apoi reveni\u021bi pentru a afla numerele c\u00e2\u0219tig\u0103toare.<\/p>\n<h2>C\u00e2\u0219tigarea Loto de s\u00e2mb\u0103t\u0103<\/h2>\n<p><img loading=\"lazy\" decoding=\"async\" class=\"alignright size-medium wp-image-28157\" src=\"https:\/\/jackpotlotteryonline.com\/wp-content\/uploads\/2022\/11\/1_lotto_money_win-300x150.jpg\" alt=\"c\u00e2\u0219tig Loto de s\u00e2mb\u0103t\u0103\" width=\"300\" height=\"150\" srcset=\"https:\/\/jackpotlotteryonline.com\/wp-content\/uploads\/2022\/11\/1_lotto_money_win-300x150.jpg 300w, https:\/\/jackpotlotteryonline.com\/wp-content\/uploads\/2022\/11\/1_lotto_money_win.jpg 320w\" sizes=\"auto, (max-width: 300px) 100vw, 300px\" \/>Loto Tatts este u\u0219or de jucat, mai ales atunci c\u00e2nd joci online. Practic, juc\u0103torii trebuie s\u0103 aleag\u0103 6 numere principale \u00eentre 1 \u0219i 45. Apoi 2 numere suplimentare de la 1 la 6. Numerele suplimentare nu prea au leg\u0103tur\u0103 cu determinarea jackpotului. C\u00e2\u0219tigarea jackpotului \u00eenseamn\u0103 c\u0103 trebuie doar s\u0103 potrive\u0219ti cele opt numere extrase.<\/p>\n<p>Astfel, c\u00e2\u0219tigarea la loto \u00eenseamn\u0103 c\u0103 biletul dvs. se potrive\u0219te cu cele \u0219ase bile care sunt alese la \u00eent\u00e2mplare din butoiul de 45 de bile. Apoi, alte dou\u0103 bile sunt extrase dintr-un alt butoi cu \u0219ase bile. Aceste bile suplimentare sunt folosite pentru a c\u00e2\u0219tiga celelalte categorii de premii.<\/p>\n<p>Extragerile au loc o dat\u0103 pe s\u0103pt\u0103m\u00e2n\u0103, s\u00e2mb\u0103ta. A\u0219adar, dac\u0103 vre\u021bi biletul c\u00e2\u0219tig\u0103tor, trebuie s\u0103 v\u0103 cump\u0103ra\u021bi intrarea la timp. Extragerile se \u00eencheie s\u00e2mb\u0103t\u0103, p\u00e2n\u0103 la ora 19:25 AEST. Juc\u0103torii care doresc s\u0103 fie \u00eenscri\u0219i la extragerea din acea s\u0103pt\u0103m\u00e2n\u0103 trebuie s\u0103 \u00ee\u0219i cumpere biletele c\u00e2\u0219tig\u0103toare \u00eenainte de ora de \u00eenchidere.<\/p>\n<h2>Joc online<\/h2>\n<p>Vom vorbi pe scurt despre c\u00e2\u0219tigarea loto online. C\u00e2nd vizita\u021bi pagina loto de s\u00e2mb\u0103t\u0103 de pe jackpotlotteryonline.com, vi se va cere s\u0103 v\u0103 alege\u021bi numerele c\u00e2\u0219tig\u0103toare. Dac\u0103 ave\u021bi ni\u0219te date speciale care v-au adus noroc, atunci le pute\u021bi folosi pe acelea.<\/p>\n<p>Cu toate acestea, pentru cei care nu au numere deosebite din care s\u0103 aleag\u0103, nu v\u0103 teme\u021bi. Avem un selector automat de numere care va genera numere c\u00e2\u0219tig\u0103toare aleatorii pentru dumneavoastr\u0103. O mul\u021bime de c\u00e2\u0219tig\u0103tori la loto au c\u00e2\u0219tigat folosind aleg\u0103torul de numere aleatorii.<\/p>\n<p>Dup\u0103 ce a\u021bi ales numerele c\u00e2\u0219tig\u0103toare, ve\u021bi intra \u00een extragerea s\u0103pt\u0103m\u00e2nal\u0103. \u00cenainte de a putea procesa plata, v\u0103 vom cere s\u0103 v\u0103 \u00eenregistra\u021bi. Acest lucru este pentru a v\u0103 p\u0103stra biletul \u00een siguran\u021b\u0103 \u0219i pentru a v\u0103 ajuta la \u00eencasarea c\u00e2\u0219tigurilor. Vom reveni asupra acestui aspect \u00een cur\u00e2nd.<\/p>\n<section class=\"layout\" style=\"border: solid 1px; width: 100%;\">\n<div class=\"img-div\" style=\"margin-top: 5px;\"><img decoding=\"async\" class=\"wp-image-17212 alignleft\" style=\"height: 45px; margin: 8px 8px 0px;\" src=\"https:\/\/jackpotlotteryonline.com\/wp-content\/uploads\/2022\/11\/read1.jpg\" alt=\"cite\u0219te\" width=\"\" height=\"\" \/><\/div>\n<div style=\"padding-left: 5px;\">\n<div style=\"font-size: 1.1em;\">\n<p><strong>Urm\u0103ri\u021bi numerele de loterie extrase \u00een direct<\/strong><\/p>\n<p style=\"font-size: 0.85em; margin-top: -1.5em;\">Cum s\u0103 urm\u0103re\u0219ti \u00een direct extragerile loteriilor tale preferate\u00a0<a href=\"https:\/\/jackpotlotteryonline.com\/ro\/urmariti-numerele-de-loterie-extrase-in-direct\"> cite\u0219te mai mult<\/a><\/p>\n<\/div>\n<\/div>\n<\/section>\n<h2>Diviziunile de premii<\/h2>\n<p>C\u00e2\u0219tigarea loto Tatts nu \u00eenseamn\u0103 doar c\u00e2\u0219tigarea premiului cel mare. Acest loto are \u00een total opt diviziuni de premii. Atunci c\u00e2nd cump\u0103ra\u021bi un bilet la loto, ave\u021bi \u0219ansa la oricare dintre aceste categorii de premii. Numerele c\u00e2\u0219tig\u0103toare pentru fiecare divizie sunt indicate mai jos.<\/p>\n<p>Divizia 1: Meciul 6 (Jackpot)<\/p>\n<p>Divizia 2: Meciul 5 + 1 num\u0103r suplimentar<\/p>\n<p>Divizia 3: 5 martie<\/p>\n<p>Divizia 4: Meciul 4<\/p>\n<p>Divizia 5: Meciul 3 + 1 num\u0103r suplimentar<\/p>\n<p>Divizia 6: Meciul 3<\/p>\n<p>Probabil c\u0103 unul dintre motivele pentru care australienii iubesc at\u00e2t de mult aceast\u0103 loterie este u\u0219urin\u021ba cu care se poate c\u00e2\u0219tiga. Probabilitatea de a c\u00e2\u0219tiga este fantastic\u0103 \u0219i, cu un premiu minim de 5 milioane de dolari australieni, nu este deloc surprinz\u0103tor. Dac\u0103 nu a\u021bi f\u0103cut-o \u00eenc\u0103, acesta este un moment bun s\u0103 v\u0103 g\u00e2ndi\u021bi s\u0103 cump\u0103ra\u021bi un bilet c\u00e2\u0219tig\u0103tor.<\/p>\n<h2>Numere suplimentare<\/h2>\n<p>Am men\u021bionat numerele suplimentare \u0219i probabil c\u0103 a\u021bi observat deja c\u0103 unele divizii le folosesc. Re\u021bine\u021bi c\u0103 acestea sunt generate aleatoriu \u00een timpul extragerilor \u0219i sunt folosite pentru a determina diviziunile 2 \u0219i 5. Juc\u0103torii nu aleg aceste numere \u0219i nu au niciun control asupra lor. A\u0219a c\u0103 nu v\u0103 alarma\u021bi dac\u0103 nu vede\u021bi aceast\u0103 op\u021biune atunci c\u00e2nd v\u0103 cump\u0103ra\u021bi biletele.<\/p>\n<h2>Cum s\u0103 verifica\u021bi rezultatele c\u00e2\u0219tig\u0103toare<\/h2>\n<p>Acum c\u0103 v-a\u021bi cump\u0103rat intrarea, cum verifica\u021bi dac\u0103 ave\u021bi biletul c\u00e2\u0219tig\u0103tor? Cel mai bun mod de a face acest lucru este s\u0103 v\u0103 \u00eentoarce\u021bi chiar aici. Dup\u0103 extrageri, public\u0103m rezultatele c\u00e2\u0219tig\u0103toare pentru loteria de s\u00e2mb\u0103t\u0103 pe aceast\u0103 pagin\u0103.<\/p>\n<p>Nu public\u0103m doar numerele de jackpot. Public\u0103m, de asemenea, numerele c\u00e2\u0219tig\u0103toare pentru toate celelalte divizii. Astfel, v\u0103 pute\u021bi da seama dintr-o privire c\u00e2t de aproape a\u021bi fost de a c\u00e2\u0219tiga la loto.<\/p>\n<p>Dac\u0103 v-a\u021bi \u00eenregistrat la noi, atunci este \u0219i mai u\u0219or. Nu trebuie s\u0103 merge\u021bi nic\u0103ieri pentru a afla dac\u0103 a\u021bi c\u00e2\u0219tigat la loto. Nu, pentru c\u0103 v\u0103 vom trimite o notificare imediat ce a\u021bi c\u00e2\u0219tigat un premiu. A\u0219a este. Ve\u021bi primi un e-mail care v\u0103 va anun\u021ba c\u0103 ave\u021bi numerele c\u00e2\u0219tig\u0103toare la loto. Facem tot ce ne st\u0103 \u00een putin\u021b\u0103 pentru a face s\u0103 fie u\u0219or \u0219i f\u0103r\u0103 stres s\u0103 juca\u021bi la loto de oriunde.<\/p>\n<h2>\u00cencasarea c\u00e2\u0219tigurilor<\/h2>\n<p><img loading=\"lazy\" decoding=\"async\" class=\"alignright size-medium wp-image-34997\" src=\"https:\/\/jackpotlotteryonline.com\/wp-content\/uploads\/2022\/11\/2_ticket_saturday_lotto_au-1-166x300.jpg\" alt=\"Chitan\u021ba online la Loto de s\u00e2mb\u0103t\u0103\" width=\"166\" height=\"300\" srcset=\"https:\/\/jackpotlotteryonline.com\/wp-content\/uploads\/2022\/11\/2_ticket_saturday_lotto_au-1-166x300.jpg 166w, https:\/\/jackpotlotteryonline.com\/wp-content\/uploads\/2022\/11\/2_ticket_saturday_lotto_au-1.jpg 250w\" sizes=\"auto, (max-width: 166px) 100vw, 166px\" \/>Dac\u0103 a\u021bi c\u00e2\u0219tigat la loto, urm\u0103torul pas ar fi s\u0103 ave\u021bi acces la c\u00e2\u0219tigurile dumneavoastr\u0103. Nu are niciun rost s\u0103 c\u00e2\u0219tigi la loto \u00een Australia dac\u0103 nu po\u021bi intra \u00een posesia c\u00e2\u0219tigurilor tale. \u0218i, aici lucrurile devin cu adev\u0103rat interesante.<\/p>\n<p>Dac\u0103 a\u021bi c\u00e2\u0219tigat un premiu la loto care este sub 2.500 de euro, atunci ob\u021binerea premiului este incredibil de u\u0219oar\u0103. Pur \u0219i simplu v\u0103 retrage\u021bi c\u00e2\u0219tigurile de pe platforma noastr\u0103 direct \u00een banca dvs. Avem mai multe metode pe care le pute\u021bi folosi pentru a v\u0103 \u00eencasa convenabil c\u00e2\u0219tigurile.<\/p>\n<p>Dac\u0103 c\u00e2\u0219tigul dvs. este peste pragul de 2.500 de euro, atunci s-ar putea s\u0103 fie nevoie s\u0103 contacta\u021bi compania de loterie pentru a face o cerere de revendicare. Noi v\u0103 vom oferi sprijinul necesar \u00een acest sens, trimi\u021b\u00e2ndu-v\u0103 un formular de revendicare pe care s\u0103 \u00eel completa\u021bi. Este un proces simplu, cu practic zero b\u0103t\u0103i de cap.<\/p>\n<h2>Concluzie<\/h2>\n<p>Avantajul de a cump\u0103ra biletele de loterie de la noi este c\u0103 \u0219ti\u021bi c\u0103 a\u021bi cump\u0103rat o intrare la loterie. Cu noi, nu paria\u021bi pe rezultat. Tu chiar cumperi o intrare. Deci, dac\u0103 ve\u021bi c\u00e2\u0219tiga, v\u0103 ve\u021bi primi c\u00e2\u0219tigurile.<\/p>\n<p>Noi facilit\u0103m juc\u0103torilor s\u0103 joace la loteriile interna\u021bionale de top. Pute\u021bi cump\u0103ra bilete, verifica combina\u021bia c\u00e2\u0219tig\u0103toare \u0219i v\u0103 pute\u021bi \u00eencasa cu u\u0219urin\u021b\u0103 c\u00e2\u0219tigurile. Ne-am ocupat de toate detaliile pentru ca tu s\u0103 te po\u021bi relaxa \u0219i s\u0103 te distrezi. C\u00e2nd <a href=\"https:\/\/jackpotlotteryonline.com\/ro\/cum-se-joaca\/saturday-lotto\">joci la loterie cu jackpotlotteryonline.com<\/a>, ceea ce ob\u021bii este o situa\u021bie de c\u00e2\u0219tig-c\u00e2\u0219tig. \u00cenregistra\u021bi-v\u0103 cu noi ast\u0103zi.<\/p>\n","protected":false},"excerpt":{"rendered":"<p>Loteria Saturday Lotto, cunoscut\u0103 \u0219i sub numele de Tatts Lotto, este una dintre loteriile cu cele mai mari c\u00e2\u0219tiguri din Australia. Iar acum c\u0103 juc\u0103torii din \u00eentreaga lume pot participa la loto, este \u0219i mai important s\u0103 alegi numerele c\u00e2\u0219tig\u0103toare. C\u00e2\u0219tigarea acestei loterii australiene \u00eenseamn\u0103 c\u0103 ve\u021bi pleca acas\u0103 cu minim 5 milioane de dolari. [&hellip;]<\/p>\n","protected":false},"author":1,"featured_media":0,"parent":35848,"menu_order":18,"comment_status":"closed","ping_status":"closed","template":"saturday-lotto-results.php","meta":{"_et_pb_use_builder":"","_et_pb_old_content":"","_et_gb_content_width":"","exclude_from_search":false,"footnotes":""},"class_list":["post-41273","page","type-page","status-publish","hentry"],"yoast_head":"<!-- This site is optimized with the Yoast SEO plugin v23.3 - https:\/\/yoast.com\/wordpress\/plugins\/seo\/ -->\n<title>Numerele c\u00e2\u0219tig\u0103toare la Loto de s\u00e2mb\u0103t\u0103 \u0219i rezultatele extragerii<\/title>\n<meta name=\"description\" content=\"Compara\u021bi biletul dvs. de loto cu rezultatele ultimei extrageri Saturday Lotto - vede\u021bi aici numerele c\u00e2\u0219tig\u0103toare!\" \/>\n<meta name=\"robots\" content=\"index, follow, max-snippet:-1, max-image-preview:large, max-video-preview:-1\" \/>\n<link rel=\"canonical\" href=\"https:\/\/jackpotlotteryonline.com\/ro\/numere-castigatoare\/saturday-lotto\/\" \/>\n<meta property=\"og:locale\" content=\"ro_RO\" \/>\n<meta property=\"og:type\" content=\"article\" \/>\n<meta property=\"og:title\" content=\"Numerele c\u00e2\u0219tig\u0103toare la Loto de s\u00e2mb\u0103t\u0103 \u0219i rezultatele extragerii\" \/>\n<meta property=\"og:description\" content=\"Compara\u021bi biletul dvs. de loto cu rezultatele ultimei extrageri Saturday Lotto - vede\u021bi aici numerele c\u00e2\u0219tig\u0103toare!\" \/>\n<meta property=\"og:url\" content=\"https:\/\/jackpotlotteryonline.com\/ro\/numere-castigatoare\/saturday-lotto\/\" \/>\n<meta property=\"og:site_name\" content=\"Lotto Online - Crack The International Lottery Jackpots\" \/>\n<meta property=\"article:modified_time\" content=\"2022-12-30T15:27:04+00:00\" \/>\n<meta property=\"og:image\" content=\"https:\/\/jackpotlotteryonline.com\/wp-content\/uploads\/2022\/11\/1_lotto_money_win-300x150.jpg\" \/>\n<meta name=\"twitter:card\" content=\"summary_large_image\" \/>\n<meta name=\"twitter:label1\" content=\"Timp estimat pentru citire\" \/>\n\t<meta name=\"twitter:data1\" content=\"5 minute\" \/>\n<!-- \/ Yoast SEO plugin. -->","yoast_head_json":{"title":"Numerele c\u00e2\u0219tig\u0103toare la Loto de s\u00e2mb\u0103t\u0103 \u0219i rezultatele extragerii","description":"Compara\u021bi biletul dvs. de loto cu rezultatele ultimei extrageri Saturday Lotto - vede\u021bi aici numerele c\u00e2\u0219tig\u0103toare!","robots":{"index":"index","follow":"follow","max-snippet":"max-snippet:-1","max-image-preview":"max-image-preview:large","max-video-preview":"max-video-preview:-1"},"canonical":"https:\/\/jackpotlotteryonline.com\/ro\/numere-castigatoare\/saturday-lotto\/","og_locale":"ro_RO","og_type":"article","og_title":"Numerele c\u00e2\u0219tig\u0103toare la Loto de s\u00e2mb\u0103t\u0103 \u0219i rezultatele extragerii","og_description":"Compara\u021bi biletul dvs. de loto cu rezultatele ultimei extrageri Saturday Lotto - vede\u021bi aici numerele c\u00e2\u0219tig\u0103toare!","og_url":"https:\/\/jackpotlotteryonline.com\/ro\/numere-castigatoare\/saturday-lotto\/","og_site_name":"Lotto Online - Crack The International Lottery Jackpots","article_modified_time":"2022-12-30T15:27:04+00:00","og_image":[{"url":"https:\/\/jackpotlotteryonline.com\/wp-content\/uploads\/2022\/11\/1_lotto_money_win-300x150.jpg"}],"twitter_card":"summary_large_image","twitter_misc":{"Timp estimat pentru citire":"5 minute"},"schema":{"@context":"https:\/\/schema.org","@graph":[{"@type":"WebPage","@id":"https:\/\/jackpotlotteryonline.com\/ro\/numere-castigatoare\/saturday-lotto\/","url":"https:\/\/jackpotlotteryonline.com\/ro\/numere-castigatoare\/saturday-lotto\/","name":"Numerele c\u00e2\u0219tig\u0103toare la Loto de s\u00e2mb\u0103t\u0103 \u0219i rezultatele extragerii","isPartOf":{"@id":"https:\/\/jackpotlotteryonline.com\/#website"},"primaryImageOfPage":{"@id":"https:\/\/jackpotlotteryonline.com\/ro\/numere-castigatoare\/saturday-lotto\/#primaryimage"},"image":{"@id":"https:\/\/jackpotlotteryonline.com\/ro\/numere-castigatoare\/saturday-lotto\/#primaryimage"},"thumbnailUrl":"https:\/\/jackpotlotteryonline.com\/wp-content\/uploads\/2022\/11\/1_lotto_money_win-300x150.jpg","datePublished":"2022-12-08T20:02:25+00:00","dateModified":"2022-12-30T15:27:04+00:00","description":"Compara\u021bi biletul dvs. de loto cu rezultatele ultimei extrageri Saturday Lotto - vede\u021bi aici numerele c\u00e2\u0219tig\u0103toare!","breadcrumb":{"@id":"https:\/\/jackpotlotteryonline.com\/ro\/numere-castigatoare\/saturday-lotto\/#breadcrumb"},"inLanguage":"ro-RO","potentialAction":[{"@type":"ReadAction","target":["https:\/\/jackpotlotteryonline.com\/ro\/numere-castigatoare\/saturday-lotto\/"]}]},{"@type":"ImageObject","inLanguage":"ro-RO","@id":"https:\/\/jackpotlotteryonline.com\/ro\/numere-castigatoare\/saturday-lotto\/#primaryimage","url":"https:\/\/jackpotlotteryonline.com\/wp-content\/uploads\/2022\/11\/1_lotto_money_win-300x150.jpg","contentUrl":"https:\/\/jackpotlotteryonline.com\/wp-content\/uploads\/2022\/11\/1_lotto_money_win-300x150.jpg"},{"@type":"BreadcrumbList","@id":"https:\/\/jackpotlotteryonline.com\/ro\/numere-castigatoare\/saturday-lotto\/#breadcrumb","itemListElement":[{"@type":"ListItem","position":1,"name":"Home","item":"https:\/\/jackpotlotteryonline.com\/ro\/"},{"@type":"ListItem","position":2,"name":"Rezultatele loteriei","item":"https:\/\/jackpotlotteryonline.com\/ro\/numere-castigatoare\/"},{"@type":"ListItem","position":3,"name":"Rezultatele extragerii Loto de s\u00e2mb\u0103t\u0103"}]},{"@type":"WebSite","@id":"https:\/\/jackpotlotteryonline.com\/#website","url":"https:\/\/jackpotlotteryonline.com\/","name":"Lotto Online - Crack The International Lottery Jackpots","description":"","potentialAction":[{"@type":"SearchAction","target":{"@type":"EntryPoint","urlTemplate":"https:\/\/jackpotlotteryonline.com\/?s={search_term_string}"},"query-input":"required name=search_term_string"}],"inLanguage":"ro-RO"}]}},"_links":{"self":[{"href":"https:\/\/jackpotlotteryonline.com\/ro\/wp-json\/wp\/v2\/pages\/41273","targetHints":{"allow":["GET"]}}],"collection":[{"href":"https:\/\/jackpotlotteryonline.com\/ro\/wp-json\/wp\/v2\/pages"}],"about":[{"href":"https:\/\/jackpotlotteryonline.com\/ro\/wp-json\/wp\/v2\/types\/page"}],"author":[{"embeddable":true,"href":"https:\/\/jackpotlotteryonline.com\/ro\/wp-json\/wp\/v2\/users\/1"}],"replies":[{"embeddable":true,"href":"https:\/\/jackpotlotteryonline.com\/ro\/wp-json\/wp\/v2\/comments?post=41273"}],"version-history":[{"count":0,"href":"https:\/\/jackpotlotteryonline.com\/ro\/wp-json\/wp\/v2\/pages\/41273\/revisions"}],"up":[{"embeddable":true,"href":"https:\/\/jackpotlotteryonline.com\/ro\/wp-json\/wp\/v2\/pages\/35848"}],"wp:attachment":[{"href":"https:\/\/jackpotlotteryonline.com\/ro\/wp-json\/wp\/v2\/media?parent=41273"}],"curies":[{"name":"wp","href":"https:\/\/api.w.org\/{rel}","templated":true}]}}