{"id":41327,"date":"2022-12-09T06:53:58","date_gmt":"2022-12-09T06:53:58","guid":{"rendered":"https:\/\/jackpotlotteryonline.com\/?page_id=41327"},"modified":"2022-12-29T14:03:02","modified_gmt":"2022-12-29T14:03:02","slug":"thunderball","status":"publish","type":"page","link":"https:\/\/jackpotlotteryonline.com\/ro\/numere-castigatoare\/thunderball\/","title":{"rendered":"Rezultatele extragerii loteriei Thunderball"},"content":{"rendered":"<p>Thunderball este una dintre cele mai populare loterii din Marea Britanie. Pentru o sum\u0103 mic\u0103, pariorii pot c\u00e2\u0219tiga jum\u0103tate de milion de lire sterline, ceea ce este fantastic. Exist\u0103 o mul\u021bime de loterii, dar este ceva la Thunderball care atrage juc\u0103torii. Poate fi vorba de cotele incredibil de favorabile sau de faptul c\u0103 produce o mul\u021bime de c\u00e2\u0219tig\u0103tori. Oricare ar fi motivul, juc\u0103torii din \u00eentreaga lume cump\u0103r\u0103 online \u0219i bilete de loterie Thunderball.<\/p>\n<p>Dac\u0103 <a href=\"https:\/\/jackpotlotteryonline.com\/ro\/cum-se-joaca\/thunderball\">juca\u021bi la loto online<\/a>, este esen\u021bial s\u0103 verifica\u021bi numerele c\u00e2\u0219tig\u0103toare. Asta pentru a \u0219ti dac\u0103 ave\u021bi un bilet care se potrive\u0219te cu cifrele extrase. Dac\u0103 v\u0103 \u00eentreba\u021bi cum s\u0103 verifica\u021bi rezultatele extragerii, atunci v\u0103 afla\u021bi \u00een locul potrivit. De asemenea, vom \u00eemp\u0103rt\u0103\u0219i cea mai bun\u0103 modalitate de a verifica rezultatele extragerii<\/p>\n<p>Dac\u0103 v\u0103 <a href=\"https:\/\/jackpotlotteryonline.com\/ro\/cumpara-bilete\/thunderball\">cump\u0103ra\u021bi biletele de pe jackpotlotteryonline.com<\/a>, atunci continua\u021bi s\u0103 citi\u021bi pentru a afla cum s\u0103 v\u0103 revendica\u021bi c\u00e2\u0219tigurile.<\/p>\n<h2>Alegerea numerelor c\u00e2\u0219tig\u0103toare Thunderball<\/h2>\n<p><img loading=\"lazy\" decoding=\"async\" class=\"alignright size-medium wp-image-29480\" src=\"https:\/\/jackpotlotteryonline.com\/wp-content\/uploads\/2022\/11\/1_rain_lottery_money_win-282x300.jpg\" alt=\"Numerele c\u00e2\u0219tig\u0103toare de la Thunderball\" width=\"282\" height=\"300\" srcset=\"https:\/\/jackpotlotteryonline.com\/wp-content\/uploads\/2022\/11\/1_rain_lottery_money_win-282x300.jpg 282w, https:\/\/jackpotlotteryonline.com\/wp-content\/uploads\/2022\/11\/1_rain_lottery_money_win.jpg 300w\" sizes=\"auto, (max-width: 282px) 100vw, 282px\" \/>Exist\u0103 dou\u0103 modalit\u0103\u021bi principale pe care juc\u0103torii le folosesc pentru a alege numerele pe care doresc s\u0103 le joace. Pentru majoritatea loteriilor, trebuie s\u0103 alegi dintr-un anumit interval. Astfel, unii juc\u0103tori prefer\u0103 s\u0103 aleag\u0103 date care sunt speciale pentru ei; cum ar fi zilele de na\u0219tere sau anivers\u0103rile. Acestea se numesc date norocoase.<\/p>\n<p>\u00cen unele p\u0103r\u021bi ale lumii, unii oameni au numere pe care le consider\u0103 norocoase. De exemplu, unii pot considera num\u0103rul 7 ca fiind un num\u0103r norocos, \u00een timp ce al\u021bii consider\u0103 num\u0103rul 13 ca fiind ghinionist. Depinde cu adev\u0103rat de ceea ce considera\u021bi a fi norocos. Aceasta este o metod\u0103 care este preferat\u0103 de mul\u021bi juc\u0103tori din \u00eentreaga lume \u0219i ar putea func\u021biona \u0219i pentru tine.<\/p>\n<p>A doua modalitate este s\u0103 folosi\u021bi generatorul nostru automat pentru a selecta cifrele la \u00eent\u00e2mplare. Acest lucru func\u021bioneaz\u0103 pentru unii oameni pur \u0219i simplu pentru c\u0103 loteria este un joc de noroc. De\u0219i pute\u021bi face lucruri pentru a v\u0103 face s\u0103 v\u0103 sim\u021bi\u021bi norocos, nu exist\u0103 nicio modalitate de a garanta un c\u00e2\u0219tig.<\/p>\n<h2>Cum s\u0103 joci Thunderball online<\/h2>\n<p>Thunderball din Marea Britanie este un joc interesant de jucat. Procesul este la fel ca la orice alt joc loto. Practic, trebuie s\u0103 alegi 5 numere dintr-un interval de la 1 la 39 \u0219i un num\u0103r special de la 1 la 14. Num\u0103rul special se nume\u0219te &#8220;Thunderball&#8221; \u0219i este folosit pentru a determina \u0219ase categorii de premii, inclusiv jackpotul.<\/p>\n<p>Jocul online nu este at\u00e2t de diferit, doar c\u0103 pute\u021bi folosi generatorul de numere pentru a alege cifre aleatorii. Acest lucru este un fel de &#8220;lucky dip&#8221; pentru cei care sunt obi\u0219nui\u021bi cu biletele fizice. Pute\u021bi alege mai multe linii \u0219i mai multe bilete pentru a v\u0103 cre\u0219te \u0219ansele de a c\u00e2\u0219tiga Thunderball.<\/p>\n<p>Urm\u0103torul pas este s\u0103 participa\u021bi la extragere \u0219i aceasta este cea mai bun\u0103 parte. Re\u021bine\u021bi c\u0103 este perfect \u00een regul\u0103 s\u0103 participa\u021bi la mai multe extrageri. Iar dac\u0103 v\u0103 cump\u0103ra\u021bi biletul de la noi, pute\u021bi s\u0103 v\u0103 \u00eenscrie\u021bi la extragere \u0219i cu c\u00e2teva s\u0103pt\u0103m\u00e2ni \u00eenainte. Acest lucru v\u0103 ofer\u0103 un avantaj atunci c\u00e2nd vine vorba de a juca acest joc de noroc.<\/p>\n<section class=\"layout\" style=\"border: solid 1px; width: 100%;\">\n<div class=\"img-div\" style=\"margin-top: 5px;\"><img decoding=\"async\" class=\"wp-image-17212 alignleft\" style=\"height: 45px; margin: 8px 8px 0px;\" src=\"https:\/\/jackpotlotteryonline.com\/wp-content\/uploads\/2022\/11\/read1.jpg\" alt=\"cite\u0219te\" width=\"\" height=\"\" \/><\/div>\n<div style=\"padding-left: 5px;\">\n<div style=\"font-size: 1.1em;\">\n<p><strong>Loteriile care au cele mai mari \u0219anse ca tu s\u0103 c\u00e2\u0219tigi mult<\/strong><\/p>\n<p style=\"font-size: 0.85em; margin-top: -1.5em;\">Care loterie are cele mai bune \u0219anse de c\u00e2\u0219tig?\u00a0 <a href=\"https:\/\/jackpotlotteryonline.com\/ro\/care-loterie-are-cele-mai-bune-sanse-de-castig\"> cite\u0219te mai mult<\/a><\/p>\n<\/div>\n<\/div>\n<\/section>\n<h2>Zilele de extragere Thunderball<\/h2>\n<p>Zilele de extragere sunt de patru ori pe s\u0103pt\u0103m\u00e2n\u0103, mar\u021bea, miercurea, vinerea \u0219i s\u00e2mb\u0103ta. Aceast\u0103 loterie din Marea Britanie are patru extrageri \u00een fiecare s\u0103pt\u0103m\u00e2n\u0103. Ceea ce se traduce pentru juc\u0103tori este c\u0103 ave\u021bi de patru ori mai multe \u0219anse de a c\u00e2\u0219tiga jackpotul cu Thunderball.<\/p>\n<p>Pute\u021bi participa la o singur\u0103 extragere, dar probabil c\u0103 este mai bine s\u0103 participa\u021bi la mai multe extrageri, astfel \u00eenc\u00e2t s\u0103 ave\u021bi o \u0219ans\u0103 mult mai mare de c\u00e2\u0219tig. Aminti\u021bi-v\u0103 c\u0103, cu mai multe intr\u0103ri, ave\u021bi o probabilitate mai mare de a c\u00e2\u0219tiga.<\/p>\n<h2>Cum s\u0103 verifica\u021bi rezultatele extragerii Thunderball<\/h2>\n<p>Trecem acum la partea cea mai bun\u0103, \u0219i anume verificarea rezultatelor extragerii. Singurul mod de a \u0219ti dac\u0103 ai combina\u021bia potrivit\u0103 este s\u0103 verifici rezultatele extragerii. Majoritatea loteriilor organizeaz\u0103 extrageri live, iar Thunderball nu face excep\u021bie. A\u0219adar, pute\u021bi urm\u0103ri online extragerea \u00een direct. Este important s\u0103 re\u021bine\u021bi c\u0103 extragerile live au loc la o anumit\u0103 or\u0103 \u0219i dac\u0103 pierde\u021bi premiul dac\u0103 c\u00e2\u0219tiga\u021bi.<\/p>\n<p>Bine\u00een\u021beles, pute\u021bi oric\u00e2nd s\u0103 cerceta\u021bi internetul pentru a afla dac\u0103 sunte\u021bi c\u00e2\u0219tig\u0103tor. Din p\u0103cate, \u00een timp ce a\u021bi putea ob\u021bine combina\u021bia pentru jackpot, nu este la fel de u\u0219or pentru celelalte categorii de premii. Premiul de categoria a doua pentru Thunderball este de 5000 de lire sterline \u0219i nu a\u021bi vrea s\u0103 \u00eel rata\u021bi.<\/p>\n<p>Cea mai bun\u0103 op\u021biune este s\u0103 verifica\u021bi din nou aceast\u0103 pagin\u0103 dup\u0103 fiecare extragere. Public\u0103m cele mai recente rezultate ale extragerilor din toate categoriile. \u00cen plus, dac\u0103 v-a\u021bi cump\u0103rat biletul de la noi, v\u0103 vom anun\u021ba dac\u0103 ve\u021bi c\u00e2\u0219tiga vreun premiu.<\/p>\n<h2>Premii pe care le pute\u021bi c\u00e2\u0219tiga<\/h2>\n<p>Acestea fiind spuse, care sunt diferitele premii din diferitele categorii? Thunderball-ul din Marea Britanie are mai multe categorii de premii, cu un premiu doar pentru potrivirea Thunderball-ului. Exist\u0103 o \u0219ans\u0103 mare ca un juc\u0103tor s\u0103 poat\u0103 c\u00e2\u0219tiga un premiu.<\/p>\n<p>Iat\u0103 defalcarea categoriilor de premii pentru UK Thunderball, precum \u0219i \u0219ansele de c\u00e2\u0219tig.<\/p>\n<p>Categoria 1: Potrivire 5 + Thunderball &#8211; 1 din 8.060.598 &#8211; 500.000 de lire sterline<\/p>\n<p>Categoria 2: Doar Match 5 &#8211; 1 la 620.046 &#8211; 5.000 \u00a3.<\/p>\n<p>Categoria 3: Match 4 + Thunderball &#8211; 1 la 47.416 &#8211; 250 de lire sterline<\/p>\n<p>Categoria 4: Doar meciul 4 &#8211; 1 la 3.648 &#8211; 100 de lire sterline<\/p>\n<p>Categoria 5: Match 3 + Thunderball &#8211; 1 la 1.437 &#8211; 20 \u00a3.<\/p>\n<p>Categoria 6: Doar meciul 3 &#8211; 1 la 111 &#8211; \u00a310<\/p>\n<p>Categoria 7: Meci 2 + Thunderball &#8211; 1 la 135 &#8211; \u00a310<\/p>\n<p>Categoria 8: Match 1 + Thunderball &#8211; 1 la 35 &#8211; \u00a35<\/p>\n<p>Categoria 9: Match Thunderball &#8211; 1 la 29 &#8211; \u00a33<\/p>\n<p>Oricine poate c\u00e2\u0219tiga un premiu Thunderball, chiar dac\u0103 locuie\u0219te \u00een afara Regatului Unit. Pur \u0219i simplu cump\u0103ra\u021bi-v\u0103 biletul online pentru a avea \u0219ansa de a c\u00e2\u0219tiga mult.<\/p>\n<h2>\u00cencasarea c\u00e2\u0219tigurilor<\/h2>\n<p><img loading=\"lazy\" decoding=\"async\" class=\"alignright size-full wp-image-28832\" src=\"https:\/\/jackpotlotteryonline.com\/wp-content\/uploads\/2022\/11\/1_online_win_lottery.jpg\" alt=\"revendicarea unui premiu Thunderball\" width=\"250\" height=\"167\" \/>Am men\u021bionat c\u0103 v\u0103 vom notifica prin e-mail \u0219i prin intermediul contului dvs. dac\u0103 ave\u021bi un bilet c\u00e2\u0219tig\u0103tor. Dar, cum v\u0103 retrage\u021bi c\u00e2\u0219tigurile atunci c\u00e2nd locui\u021bi \u00een afara Regatului Unit? Aceasta este o \u00eentrebare care \u00eengrijoreaz\u0103 o mul\u021bime de pariori. Ei bine, noi suntem aici pentru a v\u0103 lini\u0219ti \u00een privin\u021ba c\u00e2\u0219tigurilor dumneavoastr\u0103.<\/p>\n<p>Atunci c\u00e2nd v\u0103 \u00eenregistra\u021bi la noi \u0219i v\u0103 cump\u0103ra\u021bi biletele de loterie de la noi, v\u0103 simplific\u0103m procesul. Fiind un site de concierge, am creat un proces f\u0103r\u0103 cusur prin care v\u0103 pute\u021bi retrage cu u\u0219urin\u021b\u0103 c\u00e2\u0219tigurile. Cu premii care sunt sub 2.500 de euro, tot ce trebuie s\u0103 face\u021bi este s\u0103 \u00eencasa\u021bi banii de pe site-ul nostru \u00een contul dvs.<\/p>\n<p>Dac\u0103 a\u021bi c\u00e2\u0219tigat un premiu care dep\u0103\u0219e\u0219te aceast\u0103 sum\u0103, va trebui s\u0103 v\u0103 revendica\u021bi c\u00e2\u0219tigul direct de la compania de loterie. Noi v\u0103 vom oferi un formular de revendicare \u0219i v\u0103 vom ghida \u00een acest proces. A\u0219a c\u0103 nu trebuie s\u0103 v\u0103 teme\u021bi, ne asigur\u0103m c\u0103 totul este u\u0219or \u0219i f\u0103r\u0103 stres.<\/p>\n<h2>Lucruri pe care ar trebui s\u0103 le \u0219ti\u021bi \u00eenainte de a v\u0103 revendica premiul<\/h2>\n<p>\u00cenainte de a v\u0103 revendica premiul, este important s\u0103 \u0219ti\u021bi c\u00e2teva lucruri despre jocul la loto \u00een Marea Britanie. \u0218tim deja c\u0103 loteria este deschis\u0103 tuturor, indiferent de na\u021bionalitate, \u00eens\u0103 iat\u0103 c\u00e2teva lucruri de re\u021binut:<\/p>\n<ul>\n<li>Loteria este deschis\u0103 juc\u0103torilor cu v\u00e2rsta de peste 16 ani<\/li>\n<li>Premiile sunt pl\u0103tite \u00eentr-o sum\u0103 forfetar\u0103<\/li>\n<li>C\u00e2\u0219tigurile la loterie nu sunt supuse impozit\u0103rii \u00een \u021bar\u0103. Cu toate acestea, dac\u0103 juca\u021bi din afara \u021b\u0103rii, ar trebui s\u0103 verifica\u021bi legile fiscale din \u021bara dvs.<\/li>\n<li>Ave\u021bi la dispozi\u021bie 180 de zile pentru a revendica orice c\u00e2\u0219tig \u00eenainte ca acesta s\u0103 se \u00eentoarc\u0103 \u00een fondul comun<\/li>\n<li>Dac\u0103 a\u021bi participat la loterie prin intermediul unui v\u00e2nz\u0103tor fizic, este posibil s\u0103 trebuiasc\u0103 s\u0103 contacta\u021bi organizatorii loteriei pentru a v\u0103 revendica c\u00e2\u0219tigul.<\/li>\n<\/ul>\n<h2>Beneficiile de a juca la loto cu Jackpotlotteryonline.com<\/h2>\n<ul>\n<li>Ave\u021bi acces rapid \u0219i imediat la loterie. Nu trebuie s\u0103 locui\u021bi \u00een Marea Britanie pentru a juca la loto<\/li>\n<li>Este super convenabil, deoarece nu trebuie s\u0103 p\u0103r\u0103se\u0219ti confortul casei tale. V\u0103 verifica\u021bi combina\u021bia de pe computer sau de pe dispozitivul mobil.<\/li>\n<li>Este, de asemenea, mai sigur, deoarece biletul dvs. este stocat digital. Acest lucru este important, deoarece este singura modalitate de a v\u0103 revendica c\u00e2\u0219tigul.<\/li>\n<li>Nu trebuie s\u0103 pierde\u021bi c\u00e2\u0219tigul, deoarece v\u0103 vom alerta imediat dac\u0103 c\u00e2\u0219tiga\u021bi vreun premiu<\/li>\n<li>Pute\u021bi retrage cu u\u0219urin\u021b\u0103 orice c\u00e2\u0219tig online, f\u0103r\u0103 s\u0103 v\u0103 deplasa\u021bi nic\u0103ieri<\/li>\n<\/ul>\n<p>Dac\u0103 nu v-a\u021bi cump\u0103rat \u00eenc\u0103 un bilet Thunderball, acesta este un moment excelent pentru a face acest lucru, astfel \u00eenc\u00e2t s\u0103 pute\u021bi participa la urm\u0103toarea extragere.<\/p>\n<h2>Ce este un site de concierge?<\/h2>\n<p>Am men\u021bionat c\u0103 suntem un site de concierge \u0219i poate v\u0103 \u00eentreba\u021bi despre ce este vorba. Ei bine, o problem\u0103 pe care juc\u0103torii o au cu cump\u0103rarea biletelor online este c\u0103 nu \u0219tiu niciodat\u0103 dac\u0103 au intrat \u00een loterie. Multe site-uri \u00eei las\u0103 pe juc\u0103torii lor s\u0103 parieze pe rezultatul loteriei, ceea ce este cu totul altceva.<\/p>\n<p>La jackpotlotteryonline.com, le oferim utilizatorilor no\u0219tri acces la loteriile interna\u021bionale de top din \u00eentreaga lume. Acest lucru se datoreaz\u0103 faptului c\u0103 administr\u0103m un site de concierge unde avem agen\u021bi \u00een diferite p\u0103r\u021bi ale lumii. Atunci c\u00e2nd cump\u0103ra\u021bi bilete de loterie de la noi, agentul nostru din \u021bara respectiv\u0103 cump\u0103r\u0103 un bilet fizic cu numerele corespunz\u0103toare. Biletul este apoi scanat \u0219i trimis c\u0103tre dumneavoastr\u0103.<\/p>\n<p>Atunci c\u00e2nd cump\u0103ra\u021bi biletul de loterie Thunderball de la noi, sunte\u021bi asigurat c\u0103, dac\u0103 v\u0103 potrivi\u021bi cu numerele extrase, ve\u021bi c\u00e2\u0219tiga la loterie. Este at\u00e2t de simplu \u0219i totu\u0219i este singurul lucru care le ofer\u0103 clien\u021bilor no\u0219tri lini\u0219tea de a juca la loto online.<\/p>\n<h2>Sfaturi pentru a c\u00e2\u0219tiga la Thunderball<\/h2>\n<p>De\u0219i Thunderball este un joc de noroc, exist\u0103 lucruri pe care le pute\u021bi face pentru a v\u0103 cre\u0219te probabilitatea de a c\u00e2\u0219tiga. Vom enumera c\u00e2teva mai jos:<\/p>\n<ul>\n<li>Alege\u021bi-v\u0103 cifrele norocoase. Nu po\u021bi avea prea mult noroc atunci c\u00e2nd joci Thunderball<\/li>\n<li>Cump\u0103ra\u021bi mai multe bilete \u0219i participa\u021bi la mai multe extrageri. Asta pentru c\u0103, cu c\u00e2t ai mai multe intr\u0103ri, cu at\u00e2t cresc \u0219ansele tale de c\u00e2\u0219tig.<\/li>\n<li>Al\u0103tura\u021bi-v\u0103 sau forma\u021bi un sindicat. Acesta este un grup de persoane care \u00ee\u0219i pun laolalt\u0103 resursele pentru a putea cump\u0103ra mai multe bilete.<\/li>\n<li>Ave\u021bi o convingere puternic\u0103 c\u0103 ve\u021bi c\u00e2\u0219tiga. Exist\u0103 ceva \u00een a crede din tot sufletul care atrage norocul spre tine. Mai mul\u021bi c\u00e2\u0219tig\u0103tori la loto au vorbit despre credin\u021ba lor c\u0103 vor c\u00e2\u0219tiga.<\/li>\n<\/ul>\n<h2>Verifica\u021bi combina\u021bia dvs. c\u00e2\u0219tig\u0103toare pe jackpotlotteryonline.com<\/h2>\n<p>Noi facilit\u0103m accesul juc\u0103torilor la loteriile interna\u021bionale de top prin furnizarea de bilete online. Dincolo de asta, pute\u021bi, de asemenea, s\u0103 verifica\u021bi rezultatele extragerilor \u0219i s\u0103 v\u0103 \u00eencasa\u021bi c\u00e2\u0219tigurile de pe site-ul nostru. S\u0103 joci Thunderball nu a fost niciodat\u0103 mai relaxant sau mai lipsit de stres. \u0218i am lucrat din greu pentru a ne asigura c\u0103 r\u0103m\u00e2ne a\u0219a.<\/p>\n<p>Dac\u0103 dori\u021bi s\u0103 \u00eencerca\u021bi Thunderball din Marea Britanie, nu ezita\u021bi s\u0103 v\u0103 cump\u0103ra\u021bi biletele acum. Vizita\u021bi site-ul nostru dup\u0103 fiecare extragere pentru a descoperi rezultatele extragerii \u0219i pentru a v\u0103 \u00eencasa cu u\u0219urin\u021b\u0103 c\u00e2\u0219tigurile.<\/p>\n","protected":false},"excerpt":{"rendered":"<p>Thunderball este una dintre cele mai populare loterii din Marea Britanie. Pentru o sum\u0103 mic\u0103, pariorii pot c\u00e2\u0219tiga jum\u0103tate de milion de lire sterline, ceea ce este fantastic. Exist\u0103 o mul\u021bime de loterii, dar este ceva la Thunderball care atrage juc\u0103torii. Poate fi vorba de cotele incredibil de favorabile sau de faptul c\u0103 produce o [&hellip;]<\/p>\n","protected":false},"author":1,"featured_media":0,"parent":35848,"menu_order":12,"comment_status":"closed","ping_status":"closed","template":"thunderball-results.php","meta":{"_et_pb_use_builder":"","_et_pb_old_content":"","_et_gb_content_width":"","exclude_from_search":false,"footnotes":""},"class_list":["post-41327","page","type-page","status-publish","hentry"],"yoast_head":"<!-- This site is optimized with the Yoast SEO plugin v23.3 - https:\/\/yoast.com\/wordpress\/plugins\/seo\/ -->\n<title>Numerele c\u00e2\u0219tig\u0103toare la loteria Thunderball \u0219i rezultatele extragerii<\/title>\n<meta name=\"description\" content=\"Compara\u021bi biletul dvs. cu numerele c\u00e2\u0219tig\u0103toare \u0219i rezultatele celei mai recente extrageri Thunderball sau g\u0103si\u021bi rezultatele istorice ale extragerilor\" \/>\n<meta name=\"robots\" content=\"index, follow, max-snippet:-1, max-image-preview:large, max-video-preview:-1\" \/>\n<link rel=\"canonical\" href=\"https:\/\/jackpotlotteryonline.com\/ro\/numere-castigatoare\/thunderball\/\" \/>\n<meta property=\"og:locale\" content=\"ro_RO\" \/>\n<meta property=\"og:type\" content=\"article\" \/>\n<meta property=\"og:title\" content=\"Numerele c\u00e2\u0219tig\u0103toare la loteria Thunderball \u0219i rezultatele extragerii\" \/>\n<meta property=\"og:description\" content=\"Compara\u021bi biletul dvs. cu numerele c\u00e2\u0219tig\u0103toare \u0219i rezultatele celei mai recente extrageri Thunderball sau g\u0103si\u021bi rezultatele istorice ale extragerilor\" \/>\n<meta property=\"og:url\" content=\"https:\/\/jackpotlotteryonline.com\/ro\/numere-castigatoare\/thunderball\/\" \/>\n<meta property=\"og:site_name\" content=\"Lotto Online - Crack The International Lottery Jackpots\" \/>\n<meta property=\"article:modified_time\" content=\"2022-12-29T14:03:02+00:00\" \/>\n<meta property=\"og:image\" content=\"https:\/\/jackpotlotteryonline.com\/wp-content\/uploads\/2022\/11\/1_rain_lottery_money_win-282x300.jpg\" \/>\n<meta name=\"twitter:card\" content=\"summary_large_image\" \/>\n<meta name=\"twitter:label1\" content=\"Timp estimat pentru citire\" \/>\n\t<meta name=\"twitter:data1\" content=\"9 minute\" \/>\n<!-- \/ Yoast SEO plugin. -->","yoast_head_json":{"title":"Numerele c\u00e2\u0219tig\u0103toare la loteria Thunderball \u0219i rezultatele extragerii","description":"Compara\u021bi biletul dvs. cu numerele c\u00e2\u0219tig\u0103toare \u0219i rezultatele celei mai recente extrageri Thunderball sau g\u0103si\u021bi rezultatele istorice ale extragerilor","robots":{"index":"index","follow":"follow","max-snippet":"max-snippet:-1","max-image-preview":"max-image-preview:large","max-video-preview":"max-video-preview:-1"},"canonical":"https:\/\/jackpotlotteryonline.com\/ro\/numere-castigatoare\/thunderball\/","og_locale":"ro_RO","og_type":"article","og_title":"Numerele c\u00e2\u0219tig\u0103toare la loteria Thunderball \u0219i rezultatele extragerii","og_description":"Compara\u021bi biletul dvs. cu numerele c\u00e2\u0219tig\u0103toare \u0219i rezultatele celei mai recente extrageri Thunderball sau g\u0103si\u021bi rezultatele istorice ale extragerilor","og_url":"https:\/\/jackpotlotteryonline.com\/ro\/numere-castigatoare\/thunderball\/","og_site_name":"Lotto Online - Crack The International Lottery Jackpots","article_modified_time":"2022-12-29T14:03:02+00:00","og_image":[{"url":"https:\/\/jackpotlotteryonline.com\/wp-content\/uploads\/2022\/11\/1_rain_lottery_money_win-282x300.jpg"}],"twitter_card":"summary_large_image","twitter_misc":{"Timp estimat pentru citire":"9 minute"},"schema":{"@context":"https:\/\/schema.org","@graph":[{"@type":"WebPage","@id":"https:\/\/jackpotlotteryonline.com\/ro\/numere-castigatoare\/thunderball\/","url":"https:\/\/jackpotlotteryonline.com\/ro\/numere-castigatoare\/thunderball\/","name":"Numerele c\u00e2\u0219tig\u0103toare la loteria Thunderball \u0219i rezultatele extragerii","isPartOf":{"@id":"https:\/\/jackpotlotteryonline.com\/#website"},"primaryImageOfPage":{"@id":"https:\/\/jackpotlotteryonline.com\/ro\/numere-castigatoare\/thunderball\/#primaryimage"},"image":{"@id":"https:\/\/jackpotlotteryonline.com\/ro\/numere-castigatoare\/thunderball\/#primaryimage"},"thumbnailUrl":"https:\/\/jackpotlotteryonline.com\/wp-content\/uploads\/2022\/11\/1_rain_lottery_money_win-282x300.jpg","datePublished":"2022-12-09T06:53:58+00:00","dateModified":"2022-12-29T14:03:02+00:00","description":"Compara\u021bi biletul dvs. cu numerele c\u00e2\u0219tig\u0103toare \u0219i rezultatele celei mai recente extrageri Thunderball sau g\u0103si\u021bi rezultatele istorice ale extragerilor","breadcrumb":{"@id":"https:\/\/jackpotlotteryonline.com\/ro\/numere-castigatoare\/thunderball\/#breadcrumb"},"inLanguage":"ro-RO","potentialAction":[{"@type":"ReadAction","target":["https:\/\/jackpotlotteryonline.com\/ro\/numere-castigatoare\/thunderball\/"]}]},{"@type":"ImageObject","inLanguage":"ro-RO","@id":"https:\/\/jackpotlotteryonline.com\/ro\/numere-castigatoare\/thunderball\/#primaryimage","url":"https:\/\/jackpotlotteryonline.com\/wp-content\/uploads\/2022\/11\/1_rain_lottery_money_win-282x300.jpg","contentUrl":"https:\/\/jackpotlotteryonline.com\/wp-content\/uploads\/2022\/11\/1_rain_lottery_money_win-282x300.jpg"},{"@type":"BreadcrumbList","@id":"https:\/\/jackpotlotteryonline.com\/ro\/numere-castigatoare\/thunderball\/#breadcrumb","itemListElement":[{"@type":"ListItem","position":1,"name":"Home","item":"https:\/\/jackpotlotteryonline.com\/ro\/"},{"@type":"ListItem","position":2,"name":"Rezultatele loteriei","item":"https:\/\/jackpotlotteryonline.com\/ro\/numere-castigatoare\/"},{"@type":"ListItem","position":3,"name":"Rezultatele extragerii loteriei Thunderball"}]},{"@type":"WebSite","@id":"https:\/\/jackpotlotteryonline.com\/#website","url":"https:\/\/jackpotlotteryonline.com\/","name":"Lotto Online - Crack The International Lottery Jackpots","description":"","potentialAction":[{"@type":"SearchAction","target":{"@type":"EntryPoint","urlTemplate":"https:\/\/jackpotlotteryonline.com\/?s={search_term_string}"},"query-input":"required name=search_term_string"}],"inLanguage":"ro-RO"}]}},"_links":{"self":[{"href":"https:\/\/jackpotlotteryonline.com\/ro\/wp-json\/wp\/v2\/pages\/41327","targetHints":{"allow":["GET"]}}],"collection":[{"href":"https:\/\/jackpotlotteryonline.com\/ro\/wp-json\/wp\/v2\/pages"}],"about":[{"href":"https:\/\/jackpotlotteryonline.com\/ro\/wp-json\/wp\/v2\/types\/page"}],"author":[{"embeddable":true,"href":"https:\/\/jackpotlotteryonline.com\/ro\/wp-json\/wp\/v2\/users\/1"}],"replies":[{"embeddable":true,"href":"https:\/\/jackpotlotteryonline.com\/ro\/wp-json\/wp\/v2\/comments?post=41327"}],"version-history":[{"count":0,"href":"https:\/\/jackpotlotteryonline.com\/ro\/wp-json\/wp\/v2\/pages\/41327\/revisions"}],"up":[{"embeddable":true,"href":"https:\/\/jackpotlotteryonline.com\/ro\/wp-json\/wp\/v2\/pages\/35848"}],"wp:attachment":[{"href":"https:\/\/jackpotlotteryonline.com\/ro\/wp-json\/wp\/v2\/media?parent=41327"}],"curies":[{"name":"wp","href":"https:\/\/api.w.org\/{rel}","templated":true}]}}