{"id":41382,"date":"2022-12-09T08:53:23","date_gmt":"2022-12-09T08:53:23","guid":{"rendered":"https:\/\/jackpotlotteryonline.com\/?page_id=41382"},"modified":"2022-12-30T10:17:13","modified_gmt":"2022-12-30T10:17:13","slug":"new-york-lottery","status":"publish","type":"page","link":"https:\/\/jackpotlotteryonline.com\/ro\/numere-castigatoare\/new-york-lottery\/","title":{"rendered":"Rezultatele extragerii la loteria din New York"},"content":{"rendered":"<p>Loteria din New York obi\u0219nuia s\u0103 fie una dintre acele loterii trecute cu vederea. Mai ales pentru c\u0103 puteai participa la loterie doar ca rezident al New York-ului. Totul s-a schimbat acum, deoarece juc\u0103torii din \u00eentreaga lume pot cump\u0103ra bilete de loterie. Acum, tot mai mul\u021bi pasiona\u021bi de loto aleg numerele c\u00e2\u0219tig\u0103toare juc\u00e2nd online. Acest loto din New York a fost \u00eenfiin\u021bat pentru a str\u00e2nge fonduri pentru educa\u021bie, deci \u00ee\u0219i are originile \u00eentr-o cauz\u0103 bun\u0103. De fiecare dat\u0103 c\u00e2nd cump\u0103ra\u021bi un bilet, contribui\u021bi la finan\u021barea educa\u021biei.<\/p>\n<p>V\u0103 pute\u021bi alege combina\u021bia New York loto atunci c\u00e2nd v\u0103 <a href=\"https:\/\/jackpotlotteryonline.com\/ro\/cumpara-bilete\/new-york-lottery\">cump\u0103ra\u021bi biletul de loterie la jackpotlotteryonline.com.<\/a><\/p>\n<h2>Cum s\u0103 joci la New York loto online<\/h2>\n<p><img loading=\"lazy\" decoding=\"async\" class=\"alignright size-full wp-image-29534\" src=\"https:\/\/jackpotlotteryonline.com\/wp-content\/uploads\/2022\/11\/1_results_lottery_online5.jpg\" alt=\"juca\u021bi la loto New York online\" width=\"300\" height=\"200\" \/>A juca la loterie este distractiv \u0219i interesant. Dar aceast\u0103 experien\u021b\u0103 este sporit\u0103 atunci c\u00e2nd juca\u021bi online. Intrarea la loto online este rapid\u0103, simpl\u0103 \u0219i absolut direct\u0103. Dac\u0103 juca\u021bi la loto New York, iat\u0103 care sunt pa\u0219ii de mai jos:<\/p>\n<ul>\n<li>Vizita\u021bi site-ul ales de dvs. (cum ar fi jackpotlotteryonline.com) \u0219i face\u021bi clic pe loteria la care dori\u021bi s\u0103 juca\u021bi.<\/li>\n<li>Alege\u021bi 6 dintr-un interval de la 1 la 59. Exist\u0103 un al 7-lea num\u0103r, dar acesta este extras la \u00eent\u00e2mplare de c\u0103tre compania de loto \u0219i nu face parte din biletul dumneavoastr\u0103.<\/li>\n<li>Intra\u021bi \u00een extragerile care au loc \u00een fiecare s\u0103pt\u0103m\u00e2n\u0103, miercurea \u0219i s\u00e2mb\u0103ta. Pute\u021bi participa doar la o singur\u0103 extragere sau la ambele.<\/li>\n<li>Finaliza\u021bi plata. Majoritatea site-urilor de loterie v\u0103 vor cere s\u0103 v\u0103 \u00eenregistra\u021bi pentru a finaliza plata. Acest lucru este pentru a v\u0103 putea accesa cu u\u0219urin\u021b\u0103 biletul dup\u0103 ce l-a\u021bi cump\u0103rat.<\/li>\n<\/ul>\n<p>S\u0103 joci la loto online este chiar at\u00e2t de simplu. Nu exist\u0103 nicio alt\u0103 modalitate de a ob\u021bine bilete din afara New York-ului. De aceea, noi oferim op\u021biunea suprem\u0103 pentru juc\u0103torii care locuiesc \u00een alt\u0103 parte a lumii.<\/p>\n<h2>Cum s\u0103 alege\u021bi numerele c\u00e2\u0219tig\u0103toare<\/h2>\n<p>Bine, exist\u0103 cu adev\u0103rat o strategie c\u00e2\u0219tig\u0103toare pentru a alege combina\u021bii care garanteaz\u0103 c\u00e2\u0219tigarea loteriei? Nu credem c\u0103 exist\u0103, pentru simplul motiv c\u0103 loteria este un joc de noroc. Este destul de dificil de spus ce combina\u021bie te va ajuta s\u0103 c\u00e2\u0219tigi la loterie, mai ales c\u0103 extragerile sunt aleatorii.<\/p>\n<p>Cu toate acestea, v\u0103 pute\u021bi amplifica norocul aleg\u00e2nd numerele c\u00e2\u0219tig\u0103toare care v\u0103 fac s\u0103 v\u0103 sim\u021bi\u021bi norocos. Astfel, pute\u021bi alege zile de na\u0219tere, anivers\u0103ri, cifre care v-au purtat noroc toat\u0103 via\u021ba etc. Sau, pute\u021bi folosi pur \u0219i simplu instrumentul de generare automat\u0103 de pe site-ul nostru pentru a alege cifre aleatorii.<\/p>\n<h2>Categorii de premii la loto New York<\/h2>\n<p>Acest loto New York are un jackpot minim de 2 milioane de dolari. Dar dac\u0103 nimeni nu c\u00e2\u0219tig\u0103 jackpotul dup\u0103 extrageri, acesta cre\u0219te cu 300.000 de dolari. Acest premiu continu\u0103 s\u0103 creasc\u0103 p\u00e2n\u0103 c\u00e2nd apare un c\u00e2\u0219tig\u0103tor.<\/p>\n<p>Exist\u0103 \u00een total cinci categorii de premii, inclusiv jackpot-ul. Iar \u0219ansele de a c\u00e2\u0219tiga un premiu \u00een total sunt de 1 la 92,05. Distribuirea premiilor se bazeaz\u0103 pe v\u00e2nz\u0103rile globale. Astfel, pentru fiecare loto, 40% din v\u00e2nz\u0103ri sunt alocate ca premii \u00een bani. Premiul cel mare reprezint\u0103 un procent din acesta \u0219i nu este o sum\u0103 blocat\u0103. Categoriile de premii pentru loteria din New York sunt prezentate mai jos:<\/p>\n<p>Categoria 1: 6 numere &#8211; jackpot (30%)<\/p>\n<p>Categoria 2: 5 + num\u0103r bonus &#8211; 2,9% din v\u00e2nz\u0103ri<\/p>\n<p>Categoria 3: 5 numere &#8211; 2,2% din v\u00e2nz\u0103ri<\/p>\n<p>Categoria 4: 4 numere &#8211; 2,5% din v\u00e2nz\u0103ri<\/p>\n<p>Categoria 5: 3 numere &#8211; 2,4% din v\u00e2nz\u0103ri<\/p>\n<h2>Cum s\u0103 verifica\u021bi numerele c\u00e2\u0219tig\u0103toare<\/h2>\n<p>Cum \u0219ti\u021bi dac\u0103 a\u021bi c\u00e2\u0219tigat un premiu? Practic, dac\u0103 joci la loto New York la jackpotlotteryonline.com, atunci te vom informa dac\u0103 ai c\u00e2\u0219tigat un premiu. Facem acest lucru prin trimiterea unui mesaj \u00een contul dvs. \u0219i la adresa dvs. de e-mail. Chiar nu ai cum s\u0103 pierzi premiul dac\u0103 e\u0219ti \u00eenregistrat la noi.<\/p>\n<p>Chiar dac\u0103 nu c\u00e2\u0219tiga\u021bi un premiu, pute\u021bi verifica numerele c\u00e2\u0219tig\u0103toare vizit\u00e2nd aceast\u0103 pagin\u0103. Public\u0103m rezultatele extragerii chiar aici, dup\u0103 fiecare extragere. A\u0219a c\u0103 reveni\u021bi \u0219i vede\u021bi ce combina\u021bie a c\u00e2\u0219tigat jackpotul sau premiile din alte categorii.<\/p>\n<h2>Cum s\u0103 v\u0103 retrage\u021bi premiul<\/h2>\n<p><img loading=\"lazy\" decoding=\"async\" class=\"alignright size-medium wp-image-29183\" src=\"https:\/\/jackpotlotteryonline.com\/wp-content\/uploads\/2022\/11\/1_play_lotto-online-300x199.jpg\" alt=\"Numerele c\u00e2\u0219tig\u0103toare la loto New York\" width=\"300\" height=\"199\" srcset=\"https:\/\/jackpotlotteryonline.com\/wp-content\/uploads\/2022\/11\/1_play_lotto-online-300x199.jpg 300w, https:\/\/jackpotlotteryonline.com\/wp-content\/uploads\/2022\/11\/1_play_lotto-online.jpg 350w\" sizes=\"auto, (max-width: 300px) 100vw, 300px\" \/>Dac\u0103 a\u021bi c\u00e2\u0219tigat un premiu, pute\u021bi avea acces cu u\u0219urin\u021b\u0103 la c\u00e2\u0219tigurile dvs. chiar aici, pe site-ul nostru. Pentru premiile mai mici de 2.500 de euro, v\u0103 pute\u021bi retrage c\u00e2\u0219tigurile direct \u00een banc\u0103 de pe platforma noastr\u0103. Este doar o chestiune de c\u00e2teva click-uri \u0219i \u00ee\u021bi vei primi premiul f\u0103r\u0103 probleme.<\/p>\n<p>Cu toate acestea, dac\u0103 c\u00e2\u0219tigul t\u0103u este mai mare de 2.500 de euro, s-ar putea s\u0103 fie nevoie s\u0103 contactezi direct compania de loterie. \u00cen acest caz, v\u0103 vom trimite un formular de revendicare pe care s\u0103 \u00eel completa\u021bi \u0219i v\u0103 vom ajuta s\u0103 v\u0103 procesa\u021bi c\u00e2\u0219tigul.<\/p>\n<h2>Sfaturi pentru a juca la loto New York<\/h2>\n<p>Dac\u0103 ave\u021bi nevoie de c\u00e2teva sfaturi pentru a juca la loto, atunci continua\u021bi s\u0103 citi\u021bi. Aceste sfaturi sunt utile atunci c\u00e2nd juca\u021bi la orice loterie interna\u021bional\u0103 de top. A\u0219adar, ele nu se limiteaz\u0103 doar la loto New York.<\/p>\n<ul>\n<li>Alege\u021bi-v\u0103 cu grij\u0103 numerele c\u00e2\u0219tig\u0103toare. Chiar dac\u0103 nu pute\u021bi prezice c\u00e2\u0219tig\u0103torul loteriei, este \u00eentotdeauna o idee bun\u0103 s\u0103 alege\u021bi o combina\u021bie care are o semnifica\u021bie pentru dumneavoastr\u0103.<\/li>\n<li>Pentru acest loto New York, num\u0103rul bonus este important, deoarece determin\u0103 premiul din a doua categorie. A\u0219adar, nu-l ignora\u021bi, deoarece a\u021bi putea pleca acas\u0103 cu un c\u00e2\u0219tig frumos chiar dac\u0103 nu c\u00e2\u0219tiga\u021bi premiul cel mare.<\/li>\n<li>Fi\u021bi aten\u021bi la zilele de extragere pentru c\u0103 atunci vom cunoa\u0219te num\u0103rul c\u00e2\u0219tig\u0103tor. De asemenea, dac\u0103 nu v\u0103 \u00eenscrie\u021bi la o extragere, atunci nu pute\u021bi c\u00e2\u0219tiga niciun premiu \u00een timpul extragerii respective. A\u0219adar, zilele de extragere sunt foarte importante. Pute\u021bi, de asemenea, s\u0103 v\u0103 \u00eenscrie\u021bi la extrageri cu c\u00e2teva s\u0103pt\u0103m\u00e2ni \u00eenainte (v\u0103 vom ar\u0103ta cum, mai t\u00e2rziu).<\/li>\n<\/ul>\n<section class=\"layout\" style=\"border: solid 1px; width: 100%;\">\n<div class=\"img-div\" style=\"margin-top: 5px;\"><img decoding=\"async\" class=\"wp-image-17212 alignleft\" style=\"height: 45px; margin: 8px 8px 0px;\" src=\"https:\/\/jackpotlotteryonline.com\/wp-content\/uploads\/2022\/11\/read1.jpg\" alt=\"cite\u0219te\" width=\"\" height=\"\" \/><\/div>\n<div style=\"padding-left: 5px;\">\n<div style=\"font-size: 1.1em;\">\n<p><strong>Care este secretul succesului la loto?<\/strong><\/p>\n<p style=\"font-size: 0.85em; margin-top: -1.5em;\">Cum s\u0103 juca\u021bi cu succes la loto\u00a0 <a href=\"https:\/\/jackpotlotteryonline.com\/ro\/care-este-secretul-succesului-la-loto\">cite\u0219te mai mult<\/a><\/p>\n<\/div>\n<\/div>\n<\/section>\n<h2>Verifica\u021bi rezultatele extragerilor pe jackpotlotteryonline.com<\/h2>\n<p>Suntem un site de concierge care se ocup\u0103 de toate detaliile, astfel \u00eenc\u00e2t clien\u021bii no\u0219tri s\u0103 se bucure de experien\u021ba de a juca la loterie. \u00cen\u021belegem c\u0103 nimeni nu vrea s\u0103 \u00ee\u0219i fac\u0103 griji pentru lucrurile m\u0103runte. Acel timp ar putea fi mai bine petrecut perfec\u021bion\u00e2nd strategia ta de loterie. \u0218i de aceea suntem aici.<\/p>\n<p>Noi le oferim clien\u021bilor no\u0219tri \u0219ansa de a participa la loterii din \u00eentreaga lume. De asemenea, public\u0103m rezultatele loteriei chiar aici \u0219i oferim un sistem perfect pentru ca tu s\u0103 po\u021bi accesa c\u00e2\u0219tigurile tale.<\/p>\n<p>S\u0103 <a href=\"https:\/\/jackpotlotteryonline.com\/ro\/cum-se-joaca\/joaca-la-loto-new-york-online\">joci la loto New York cu noi<\/a> este un c\u00e2\u0219tig-c\u00e2\u0219tig.<\/p>\n","protected":false},"excerpt":{"rendered":"<p>Loteria din New York obi\u0219nuia s\u0103 fie una dintre acele loterii trecute cu vederea. Mai ales pentru c\u0103 puteai participa la loterie doar ca rezident al New York-ului. Totul s-a schimbat acum, deoarece juc\u0103torii din \u00eentreaga lume pot cump\u0103ra bilete de loterie. Acum, tot mai mul\u021bi pasiona\u021bi de loto aleg numerele c\u00e2\u0219tig\u0103toare juc\u00e2nd online. Acest [&hellip;]<\/p>\n","protected":false},"author":1,"featured_media":0,"parent":35848,"menu_order":15,"comment_status":"closed","ping_status":"closed","template":"newyork-results.php","meta":{"_et_pb_use_builder":"","_et_pb_old_content":"","_et_gb_content_width":"","exclude_from_search":false,"footnotes":""},"class_list":["post-41382","page","type-page","status-publish","hentry"],"yoast_head":"<!-- This site is optimized with the Yoast SEO plugin v23.3 - https:\/\/yoast.com\/wordpress\/plugins\/seo\/ -->\n<title>Numerele c\u00e2\u0219tig\u0103toare la loteria din New York \u0219i rezultatele extragerii<\/title>\n<meta name=\"description\" content=\"Rezultatele extragerilor la Loteria New York - numere c\u00e2\u0219tig\u0103toare, sume c\u00e2\u0219tigate pentru toate extragerile trecute \u0219i prezente\" \/>\n<meta name=\"robots\" content=\"index, follow, max-snippet:-1, max-image-preview:large, max-video-preview:-1\" \/>\n<link rel=\"canonical\" href=\"https:\/\/jackpotlotteryonline.com\/ro\/numere-castigatoare\/new-york-lottery\/\" \/>\n<meta property=\"og:locale\" content=\"ro_RO\" \/>\n<meta property=\"og:type\" content=\"article\" \/>\n<meta property=\"og:title\" content=\"Numerele c\u00e2\u0219tig\u0103toare la loteria din New York \u0219i rezultatele extragerii\" \/>\n<meta property=\"og:description\" content=\"Rezultatele extragerilor la Loteria New York - numere c\u00e2\u0219tig\u0103toare, sume c\u00e2\u0219tigate pentru toate extragerile trecute \u0219i prezente\" \/>\n<meta property=\"og:url\" content=\"https:\/\/jackpotlotteryonline.com\/ro\/numere-castigatoare\/new-york-lottery\/\" \/>\n<meta property=\"og:site_name\" content=\"Lotto Online - Crack The International Lottery Jackpots\" \/>\n<meta property=\"article:modified_time\" content=\"2022-12-30T10:17:13+00:00\" \/>\n<meta property=\"og:image\" content=\"https:\/\/jackpotlotteryonline.com\/wp-content\/uploads\/2022\/11\/1_results_lottery_online5.jpg\" \/>\n<meta name=\"twitter:card\" content=\"summary_large_image\" \/>\n<meta name=\"twitter:label1\" content=\"Timp estimat pentru citire\" \/>\n\t<meta name=\"twitter:data1\" content=\"5 minute\" \/>\n<!-- \/ Yoast SEO plugin. -->","yoast_head_json":{"title":"Numerele c\u00e2\u0219tig\u0103toare la loteria din New York \u0219i rezultatele extragerii","description":"Rezultatele extragerilor la Loteria New York - numere c\u00e2\u0219tig\u0103toare, sume c\u00e2\u0219tigate pentru toate extragerile trecute \u0219i prezente","robots":{"index":"index","follow":"follow","max-snippet":"max-snippet:-1","max-image-preview":"max-image-preview:large","max-video-preview":"max-video-preview:-1"},"canonical":"https:\/\/jackpotlotteryonline.com\/ro\/numere-castigatoare\/new-york-lottery\/","og_locale":"ro_RO","og_type":"article","og_title":"Numerele c\u00e2\u0219tig\u0103toare la loteria din New York \u0219i rezultatele extragerii","og_description":"Rezultatele extragerilor la Loteria New York - numere c\u00e2\u0219tig\u0103toare, sume c\u00e2\u0219tigate pentru toate extragerile trecute \u0219i prezente","og_url":"https:\/\/jackpotlotteryonline.com\/ro\/numere-castigatoare\/new-york-lottery\/","og_site_name":"Lotto Online - Crack The International Lottery Jackpots","article_modified_time":"2022-12-30T10:17:13+00:00","og_image":[{"url":"https:\/\/jackpotlotteryonline.com\/wp-content\/uploads\/2022\/11\/1_results_lottery_online5.jpg"}],"twitter_card":"summary_large_image","twitter_misc":{"Timp estimat pentru citire":"5 minute"},"schema":{"@context":"https:\/\/schema.org","@graph":[{"@type":"WebPage","@id":"https:\/\/jackpotlotteryonline.com\/ro\/numere-castigatoare\/new-york-lottery\/","url":"https:\/\/jackpotlotteryonline.com\/ro\/numere-castigatoare\/new-york-lottery\/","name":"Numerele c\u00e2\u0219tig\u0103toare la loteria din New York \u0219i rezultatele extragerii","isPartOf":{"@id":"https:\/\/jackpotlotteryonline.com\/#website"},"primaryImageOfPage":{"@id":"https:\/\/jackpotlotteryonline.com\/ro\/numere-castigatoare\/new-york-lottery\/#primaryimage"},"image":{"@id":"https:\/\/jackpotlotteryonline.com\/ro\/numere-castigatoare\/new-york-lottery\/#primaryimage"},"thumbnailUrl":"https:\/\/jackpotlotteryonline.com\/wp-content\/uploads\/2022\/11\/1_results_lottery_online5.jpg","datePublished":"2022-12-09T08:53:23+00:00","dateModified":"2022-12-30T10:17:13+00:00","description":"Rezultatele extragerilor la Loteria New York - numere c\u00e2\u0219tig\u0103toare, sume c\u00e2\u0219tigate pentru toate extragerile trecute \u0219i prezente","breadcrumb":{"@id":"https:\/\/jackpotlotteryonline.com\/ro\/numere-castigatoare\/new-york-lottery\/#breadcrumb"},"inLanguage":"ro-RO","potentialAction":[{"@type":"ReadAction","target":["https:\/\/jackpotlotteryonline.com\/ro\/numere-castigatoare\/new-york-lottery\/"]}]},{"@type":"ImageObject","inLanguage":"ro-RO","@id":"https:\/\/jackpotlotteryonline.com\/ro\/numere-castigatoare\/new-york-lottery\/#primaryimage","url":"https:\/\/jackpotlotteryonline.com\/wp-content\/uploads\/2022\/11\/1_results_lottery_online5.jpg","contentUrl":"https:\/\/jackpotlotteryonline.com\/wp-content\/uploads\/2022\/11\/1_results_lottery_online5.jpg"},{"@type":"BreadcrumbList","@id":"https:\/\/jackpotlotteryonline.com\/ro\/numere-castigatoare\/new-york-lottery\/#breadcrumb","itemListElement":[{"@type":"ListItem","position":1,"name":"Home","item":"https:\/\/jackpotlotteryonline.com\/ro\/"},{"@type":"ListItem","position":2,"name":"Rezultatele loteriei","item":"https:\/\/jackpotlotteryonline.com\/ro\/numere-castigatoare\/"},{"@type":"ListItem","position":3,"name":"Rezultatele extragerii la loteria din New York"}]},{"@type":"WebSite","@id":"https:\/\/jackpotlotteryonline.com\/#website","url":"https:\/\/jackpotlotteryonline.com\/","name":"Lotto Online - Crack The International Lottery Jackpots","description":"","potentialAction":[{"@type":"SearchAction","target":{"@type":"EntryPoint","urlTemplate":"https:\/\/jackpotlotteryonline.com\/?s={search_term_string}"},"query-input":"required name=search_term_string"}],"inLanguage":"ro-RO"}]}},"_links":{"self":[{"href":"https:\/\/jackpotlotteryonline.com\/ro\/wp-json\/wp\/v2\/pages\/41382","targetHints":{"allow":["GET"]}}],"collection":[{"href":"https:\/\/jackpotlotteryonline.com\/ro\/wp-json\/wp\/v2\/pages"}],"about":[{"href":"https:\/\/jackpotlotteryonline.com\/ro\/wp-json\/wp\/v2\/types\/page"}],"author":[{"embeddable":true,"href":"https:\/\/jackpotlotteryonline.com\/ro\/wp-json\/wp\/v2\/users\/1"}],"replies":[{"embeddable":true,"href":"https:\/\/jackpotlotteryonline.com\/ro\/wp-json\/wp\/v2\/comments?post=41382"}],"version-history":[{"count":0,"href":"https:\/\/jackpotlotteryonline.com\/ro\/wp-json\/wp\/v2\/pages\/41382\/revisions"}],"up":[{"embeddable":true,"href":"https:\/\/jackpotlotteryonline.com\/ro\/wp-json\/wp\/v2\/pages\/35848"}],"wp:attachment":[{"href":"https:\/\/jackpotlotteryonline.com\/ro\/wp-json\/wp\/v2\/media?parent=41382"}],"curies":[{"name":"wp","href":"https:\/\/api.w.org\/{rel}","templated":true}]}}