{"id":41434,"date":"2022-12-09T10:42:02","date_gmt":"2022-12-09T10:42:02","guid":{"rendered":"https:\/\/jackpotlotteryonline.com\/?page_id=41434"},"modified":"2022-12-30T12:19:05","modified_gmt":"2022-12-30T12:19:05","slug":"oz-lotto","status":"publish","type":"page","link":"https:\/\/jackpotlotteryonline.com\/ro\/numere-castigatoare\/oz-lotto\/","title":{"rendered":"Rezultatele extragerii Loto Oz"},"content":{"rendered":"<h2>Oz Loto rezultate tragere la sor\u021bi Informa\u021bii<\/h2>\n<p><img loading=\"lazy\" decoding=\"async\" class=\"alignright size-full wp-image-26942\" src=\"https:\/\/jackpotlotteryonline.com\/wp-content\/uploads\/2022\/11\/1_euromillions_results.jpg\" alt=\"rezultatele extragerii Oz Loto\" width=\"300\" height=\"200\" \/>Sunte\u021bi curio\u0219i s\u0103 afla\u021bi rezultatele extragerii Oz Lotto sau ce se \u00eent\u00e2mpl\u0103 dup\u0103 ce cineva c\u00e2\u0219tig\u0103? Ei bine, acest articol v\u0103 va \u00eendruma cum s\u0103 r\u0103spunde\u021bi la aceste \u00eentreb\u0103ri.<\/p>\n<p>Acest Loto australian este extras \u00een fiecare mar\u021bi \u0219i s\u00e2mb\u0103t\u0103 la ora 19:30 AEST, a\u0219a c\u0103, dup\u0103 ce v-a\u021bi ales numerele, pute\u021bi sta lini\u0219tit \u0219i a\u0219tepta extragerea. Extragerile sunt efectuate \u00een Sydney prin intermediul unui generator de numere computerizat.<\/p>\n<p>Oz Lotto este un joc destul de valoros, care are \u0219apte diviziuni de premii \u00een care, dac\u0103 nu se c\u00e2\u0219tig\u0103 Divizia 1 (jackpotul), pot fi c\u00e2\u0219tigate alte premii dac\u0103 juc\u0103torul potrive\u0219te cinci sau patru numere. \u00cen plus, zece premii de 2 milioane de dolari fiecare sunt acordate atunci c\u00e2nd niciun juc\u0103tor nu reu\u0219e\u0219te s\u0103 potriveasc\u0103 toate cele \u0219apte numere extrase.<\/p>\n<p>De asemenea, rezultatele extragerii loteriei sunt publicate la o s\u0103pt\u0103m\u00e2n\u0103 dup\u0103 extragere pe site-ul web al guvernului din Victoria. Momentul extragerii este p\u0103strat privat, asta pentru a proteja intimitatea participan\u021bilor.<\/p>\n<h2>Cum pot c\u00e2\u0219tiga la Australian Oz Lotto?<\/h2>\n<p>Pentru a c\u00e2\u0219tiga orice premiu la Oz Lotto, trebuie s\u0103 \u0219ti\u021bi urm\u0103toarele:<\/p>\n<ol>\n<li>Pentru a<a href=\"https:\/\/jackpotlotteryonline.com\/ro\/cum-se-joaca\/oz-lotto\"> juca la Oz Lotto<\/a>, un juc\u0103tor trebuie s\u0103 extrag\u0103 zece numere dintr-un total de 47.<\/li>\n<li>Primele \u0219apte extrase sunt considerate numerele c\u00e2\u0219tig\u0103toare pentru premiul jackpot.<\/li>\n<li>Celelalte trei extrase sunt numerele suplimentare care sunt folosite pentru a determina premiile pentru celelalte divizii.<\/li>\n<li>Cu c\u00e2t un juc\u0103tor are mai multe numere potrivite, cu at\u00e2t premiul este mai mare.<\/li>\n<li>Participarea la Oz Lotto este un joc de noroc; pute\u021bi c\u00e2\u0219tiga sau pierde.<\/li>\n<\/ol>\n<h2>Cum pot verifica dac\u0103 am c\u00e2\u0219tigat la o anumit\u0103 extragere?<\/h2>\n<p><img loading=\"lazy\" decoding=\"async\" class=\"alignright size-full wp-image-26159\" src=\"https:\/\/jackpotlotteryonline.com\/wp-content\/uploads\/2022\/11\/1_buy_lottery_online.jpg\" alt=\"rezultatele extragerii Oz Loto\" width=\"212\" height=\"142\" \/>Dac\u0103 a\u021bi <a href=\"https:\/\/jackpotlotteryonline.com\/ro\/cumpara-bilete\/oz-lotto\">cump\u0103rat un bilet de la noi<\/a>, v\u0103 rug\u0103m s\u0103 verifica\u021bi rezultatele extragerii pe site-ul nostru. Cel mai simplu mod de a afla dac\u0103 a\u021bi c\u00e2\u0219tigat este s\u0103 v\u0103 conecta\u021bi la contul dvs. de juc\u0103tor de pe site-ul nostru. Apoi merge\u021bi la &#8220;biletele mele&#8221; \u0219i ve\u021bi vedea scanarea biletului dvs. cu numerele cu care a\u021bi jucat. Dup\u0103 extragere, toate cifrele care se potrivesc vor fi eviden\u021biate.<\/p>\n<p>Un alt mod de a \u0219ti dac\u0103 a\u021bi c\u00e2\u0219tigat este prin verificarea e-mailului dvs. Imediat dup\u0103 extragere, ve\u021bi primi un e-mail care v\u0103 va notifica acest lucru. Folosi\u021bi informa\u021bia pentru a \u0219ti dac\u0103 a\u021bi c\u00e2\u0219tigat la acea extragere.<\/p>\n<p>De asemenea, pute\u021bi vizita site-ul oficial al Australian Oz Lotto pentru a afla mai multe despre rezultatele anterioare \u0219i informa\u021bii generale despre loterie.<\/p>\n<h2>Modalit\u0103\u021bi de \u00eembun\u0103t\u0103\u021bire a \u0219anselor mele de c\u00e2\u0219tig<\/h2>\n<p>Pentru a v\u0103 cre\u0219te \u0219ansele de a ob\u021bine jackpot-ul, pute\u021bi participa la mai multe extrageri, cump\u0103r\u00e2nd bilete pentru extrageri consecutive. Acest lucru permite s\u0103 se joace aceea\u0219i selec\u021bie timp de c\u00e2teva s\u0103pt\u0103m\u00e2ni. Ei bine, juc\u00e2nd \u00een acest mod ve\u021bi cre\u0219te costul comenzilor dumneavoastr\u0103, dar v\u0103 va permite s\u0103 juca\u021bi la mai multe extrageri.<\/p>\n<section class=\"layout\" style=\"border: solid 1px; width: 100%;\">\n<div class=\"img-div\" style=\"margin-top: 5px;\"><img decoding=\"async\" class=\"wp-image-17212 alignleft\" style=\"height: 45px; margin: 8px 8px 0px;\" src=\"https:\/\/jackpotlotteryonline.com\/wp-content\/uploads\/2022\/11\/read1.jpg\" alt=\"cite\u0219te\" width=\"\" height=\"\" \/><\/div>\n<div style=\"padding-left: 5px;\">\n<div style=\"font-size: 1.1em;\">\n<p><strong>Alege\u021bi numerele c\u00e2\u0219tig\u0103toare la loto manual sau folosind un RNG<\/strong><\/p>\n<p style=\"font-size: 0.85em; margin-top: -1.5em;\">Cum s\u0103 generezi numere c\u00e2\u0219tig\u0103toare la loto? <a href=\"https:\/\/jackpotlotteryonline.com\/ro\/cum-sa-generezi-numere-castigatoare-la-loto\">cite\u0219te mai mult<\/a><\/p>\n<\/div>\n<\/div>\n<\/section>\n<h2>Cum \u00eemi pot primi premiul?<\/h2>\n<p>\u00cen cazul \u00een care c\u00e2\u0219tiga\u021bi un premiu, re\u021bine\u021bi urm\u0103toarele:<\/p>\n<ul>\n<li>C\u00e2\u0219tigurile mai mici de 2500 \u20ac vor fi transferate automat \u00een contul dvs. de juc\u0103tor. Pute\u021bi retrage sau continua s\u0103 cump\u0103ra\u021bi mai multe bilete cu banii din premiu.<\/li>\n<li>Pentru c\u00e2\u0219tigurile mai mari de 2500 \u20ac, premiul va fi pl\u0103tit direct de c\u0103tre comisia de loterie \u0219i \u00eel pute\u021bi primi fie prin transfer bancar, fie prin cec.<\/li>\n<\/ul>\n<p>Asigura\u021bi-v\u0103 c\u0103 nu rata\u021bi extragerile. Pentru a fi siguri c\u0103 nu pierd nicio informa\u021bie, juc\u0103torii sunt sf\u0103tui\u021bi s\u0103 se \u00eenscrie pe lista alb\u0103 a jackpotlotteryonline.com ca furnizor de e-mail de \u00eencredere.<\/p>\n<p><strong>Pentru a \u00eencheia lucrurile&#8230;<\/strong><\/p>\n<p>Oz Lotto a fost unul dintre cele mai populare jocuri de loterie din Australia \u00eenc\u0103 din 1994. Mul\u021bi oameni au devenit milionari peste noapte ca urmare a acestuia. Deci, ce v\u0103 face s\u0103 nu juca\u021bi? Participa\u021bi la aceast\u0103 loterie australian\u0103 \u0219i ave\u021bi \u0219ansa de a c\u00e2\u0219tiga unul dintre numeroasele premii, dac\u0103 nu chiar premiul cel mare.<\/p>\n<p><strong>\u00censcrie\u021bi-v\u0103 ast\u0103zi pentru a c\u00e2\u0219tiga!<\/strong><\/p>\n","protected":false},"excerpt":{"rendered":"<p>Oz Loto rezultate tragere la sor\u021bi Informa\u021bii Sunte\u021bi curio\u0219i s\u0103 afla\u021bi rezultatele extragerii Oz Lotto sau ce se \u00eent\u00e2mpl\u0103 dup\u0103 ce cineva c\u00e2\u0219tig\u0103? Ei bine, acest articol v\u0103 va \u00eendruma cum s\u0103 r\u0103spunde\u021bi la aceste \u00eentreb\u0103ri. Acest Loto australian este extras \u00een fiecare mar\u021bi \u0219i s\u00e2mb\u0103t\u0103 la ora 19:30 AEST, a\u0219a c\u0103, dup\u0103 ce v-a\u021bi [&hellip;]<\/p>\n","protected":false},"author":1,"featured_media":0,"parent":35848,"menu_order":16,"comment_status":"closed","ping_status":"closed","template":"","meta":{"_et_pb_use_builder":"","_et_pb_old_content":"","_et_gb_content_width":"","exclude_from_search":false,"footnotes":""},"class_list":["post-41434","page","type-page","status-publish","hentry"],"yoast_head":"<!-- This site is optimized with the Yoast SEO plugin v23.3 - https:\/\/yoast.com\/wordpress\/plugins\/seo\/ -->\n<title>Numerele c\u00e2\u0219tig\u0103toare la Oz Lotto \u0219i rezultatul extragerii<\/title>\n<meta name=\"description\" content=\"Afl\u0103 numerele c\u00e2\u0219tig\u0103toare \u0219i rezultatele anterioare ale jocului Oz Lotto din Australia pe pagina noastr\u0103 cu rezultatele extragerii. Asigura\u021bi-v\u0103 c\u0103 nu rata\u021bi!\" \/>\n<meta name=\"robots\" content=\"index, follow, max-snippet:-1, max-image-preview:large, max-video-preview:-1\" \/>\n<link rel=\"canonical\" href=\"https:\/\/jackpotlotteryonline.com\/ro\/numere-castigatoare\/oz-lotto\/\" \/>\n<meta property=\"og:locale\" content=\"ro_RO\" \/>\n<meta property=\"og:type\" content=\"article\" \/>\n<meta property=\"og:title\" content=\"Numerele c\u00e2\u0219tig\u0103toare la Oz Lotto \u0219i rezultatul extragerii\" \/>\n<meta property=\"og:description\" content=\"Afl\u0103 numerele c\u00e2\u0219tig\u0103toare \u0219i rezultatele anterioare ale jocului Oz Lotto din Australia pe pagina noastr\u0103 cu rezultatele extragerii. Asigura\u021bi-v\u0103 c\u0103 nu rata\u021bi!\" \/>\n<meta property=\"og:url\" content=\"https:\/\/jackpotlotteryonline.com\/ro\/numere-castigatoare\/oz-lotto\/\" \/>\n<meta property=\"og:site_name\" content=\"Lotto Online - Crack The International Lottery Jackpots\" \/>\n<meta property=\"article:modified_time\" content=\"2022-12-30T12:19:05+00:00\" \/>\n<meta property=\"og:image\" content=\"https:\/\/jackpotlotteryonline.com\/wp-content\/uploads\/2022\/11\/1_euromillions_results.jpg\" \/>\n<meta name=\"twitter:card\" content=\"summary_large_image\" \/>\n<meta name=\"twitter:label1\" content=\"Timp estimat pentru citire\" \/>\n\t<meta name=\"twitter:data1\" content=\"4 minute\" \/>\n<!-- \/ Yoast SEO plugin. -->","yoast_head_json":{"title":"Numerele c\u00e2\u0219tig\u0103toare la Oz Lotto \u0219i rezultatul extragerii","description":"Afl\u0103 numerele c\u00e2\u0219tig\u0103toare \u0219i rezultatele anterioare ale jocului Oz Lotto din Australia pe pagina noastr\u0103 cu rezultatele extragerii. Asigura\u021bi-v\u0103 c\u0103 nu rata\u021bi!","robots":{"index":"index","follow":"follow","max-snippet":"max-snippet:-1","max-image-preview":"max-image-preview:large","max-video-preview":"max-video-preview:-1"},"canonical":"https:\/\/jackpotlotteryonline.com\/ro\/numere-castigatoare\/oz-lotto\/","og_locale":"ro_RO","og_type":"article","og_title":"Numerele c\u00e2\u0219tig\u0103toare la Oz Lotto \u0219i rezultatul extragerii","og_description":"Afl\u0103 numerele c\u00e2\u0219tig\u0103toare \u0219i rezultatele anterioare ale jocului Oz Lotto din Australia pe pagina noastr\u0103 cu rezultatele extragerii. Asigura\u021bi-v\u0103 c\u0103 nu rata\u021bi!","og_url":"https:\/\/jackpotlotteryonline.com\/ro\/numere-castigatoare\/oz-lotto\/","og_site_name":"Lotto Online - Crack The International Lottery Jackpots","article_modified_time":"2022-12-30T12:19:05+00:00","og_image":[{"url":"https:\/\/jackpotlotteryonline.com\/wp-content\/uploads\/2022\/11\/1_euromillions_results.jpg"}],"twitter_card":"summary_large_image","twitter_misc":{"Timp estimat pentru citire":"4 minute"},"schema":{"@context":"https:\/\/schema.org","@graph":[{"@type":"WebPage","@id":"https:\/\/jackpotlotteryonline.com\/ro\/numere-castigatoare\/oz-lotto\/","url":"https:\/\/jackpotlotteryonline.com\/ro\/numere-castigatoare\/oz-lotto\/","name":"Numerele c\u00e2\u0219tig\u0103toare la Oz Lotto \u0219i rezultatul extragerii","isPartOf":{"@id":"https:\/\/jackpotlotteryonline.com\/#website"},"primaryImageOfPage":{"@id":"https:\/\/jackpotlotteryonline.com\/ro\/numere-castigatoare\/oz-lotto\/#primaryimage"},"image":{"@id":"https:\/\/jackpotlotteryonline.com\/ro\/numere-castigatoare\/oz-lotto\/#primaryimage"},"thumbnailUrl":"https:\/\/jackpotlotteryonline.com\/wp-content\/uploads\/2022\/11\/1_euromillions_results.jpg","datePublished":"2022-12-09T10:42:02+00:00","dateModified":"2022-12-30T12:19:05+00:00","description":"Afl\u0103 numerele c\u00e2\u0219tig\u0103toare \u0219i rezultatele anterioare ale jocului Oz Lotto din Australia pe pagina noastr\u0103 cu rezultatele extragerii. Asigura\u021bi-v\u0103 c\u0103 nu rata\u021bi!","breadcrumb":{"@id":"https:\/\/jackpotlotteryonline.com\/ro\/numere-castigatoare\/oz-lotto\/#breadcrumb"},"inLanguage":"ro-RO","potentialAction":[{"@type":"ReadAction","target":["https:\/\/jackpotlotteryonline.com\/ro\/numere-castigatoare\/oz-lotto\/"]}]},{"@type":"ImageObject","inLanguage":"ro-RO","@id":"https:\/\/jackpotlotteryonline.com\/ro\/numere-castigatoare\/oz-lotto\/#primaryimage","url":"https:\/\/jackpotlotteryonline.com\/wp-content\/uploads\/2022\/11\/1_euromillions_results.jpg","contentUrl":"https:\/\/jackpotlotteryonline.com\/wp-content\/uploads\/2022\/11\/1_euromillions_results.jpg"},{"@type":"BreadcrumbList","@id":"https:\/\/jackpotlotteryonline.com\/ro\/numere-castigatoare\/oz-lotto\/#breadcrumb","itemListElement":[{"@type":"ListItem","position":1,"name":"Home","item":"https:\/\/jackpotlotteryonline.com\/ro\/"},{"@type":"ListItem","position":2,"name":"Rezultatele loteriei","item":"https:\/\/jackpotlotteryonline.com\/ro\/numere-castigatoare\/"},{"@type":"ListItem","position":3,"name":"Rezultatele extragerii Loto Oz"}]},{"@type":"WebSite","@id":"https:\/\/jackpotlotteryonline.com\/#website","url":"https:\/\/jackpotlotteryonline.com\/","name":"Lotto Online - Crack The International Lottery Jackpots","description":"","potentialAction":[{"@type":"SearchAction","target":{"@type":"EntryPoint","urlTemplate":"https:\/\/jackpotlotteryonline.com\/?s={search_term_string}"},"query-input":"required name=search_term_string"}],"inLanguage":"ro-RO"}]}},"_links":{"self":[{"href":"https:\/\/jackpotlotteryonline.com\/ro\/wp-json\/wp\/v2\/pages\/41434","targetHints":{"allow":["GET"]}}],"collection":[{"href":"https:\/\/jackpotlotteryonline.com\/ro\/wp-json\/wp\/v2\/pages"}],"about":[{"href":"https:\/\/jackpotlotteryonline.com\/ro\/wp-json\/wp\/v2\/types\/page"}],"author":[{"embeddable":true,"href":"https:\/\/jackpotlotteryonline.com\/ro\/wp-json\/wp\/v2\/users\/1"}],"replies":[{"embeddable":true,"href":"https:\/\/jackpotlotteryonline.com\/ro\/wp-json\/wp\/v2\/comments?post=41434"}],"version-history":[{"count":0,"href":"https:\/\/jackpotlotteryonline.com\/ro\/wp-json\/wp\/v2\/pages\/41434\/revisions"}],"up":[{"embeddable":true,"href":"https:\/\/jackpotlotteryonline.com\/ro\/wp-json\/wp\/v2\/pages\/35848"}],"wp:attachment":[{"href":"https:\/\/jackpotlotteryonline.com\/ro\/wp-json\/wp\/v2\/media?parent=41434"}],"curies":[{"name":"wp","href":"https:\/\/api.w.org\/{rel}","templated":true}]}}