{"id":41486,"date":"2022-12-09T12:50:29","date_gmt":"2022-12-09T12:50:29","guid":{"rendered":"https:\/\/jackpotlotteryonline.com\/?page_id=41486"},"modified":"2022-12-30T14:02:01","modified_gmt":"2022-12-30T14:02:01","slug":"powerball-australia","status":"publish","type":"page","link":"https:\/\/jackpotlotteryonline.com\/ro\/numere-castigatoare\/powerball-australia\/","title":{"rendered":"Rezultatele extragerii Powerball Australia"},"content":{"rendered":"<p>S\u0103 <a href=\"https:\/\/jackpotlotteryonline.com\/ro\/cum-se-joaca\/powerball-australia\">joci la Powerball Australia<\/a> este u\u0219or atunci c\u00e2nd \u00ee\u021bi cumperi biletele online. \u00cen acest fel, pute\u021bi avea acces la Powerball de oriunde din lume. Dar, cump\u0103rarea biletului este doar o parte din jocul Powerball. De asemenea, trebuie s\u0103 verifica\u021bi rezultatele extragerii pentru numerele c\u00e2\u0219tig\u0103toare. \u00cen acest fel, ve\u021bi afla dac\u0103 a\u021bi c\u00e2\u0219tigat sau nu la loterie. Aici v\u0103 oferim sfaturi \u0219i informa\u021bii despre cum pute\u021bi verifica rezultatele extragerii \u0219i cum pute\u021bi accesa c\u00e2\u0219tigurile dumneavoastr\u0103.<\/p>\n<h2>Cum s\u0103 verifica\u021bi numerele c\u00e2\u0219tig\u0103toare la Powerball Australia<\/h2>\n<p>Pentru a juca la Powerball, trebuie s\u0103 alege\u021bi 7 numere dintr-un interval de la 1 la 35, plus un num\u0103r Powerball de la 1 la 20. \u00cen timpul extragerilor, 8 numere sunt extrase la \u00eent\u00e2mplare. Cel care potrive\u0219te numerele extrase are biletul c\u00e2\u0219tig\u0103tor la Powerball.<\/p>\n<p>Poate c\u0103 s-ar putea s\u0103 nu pute\u021bi urm\u0103ri extragerile Powerball \u00een direct la TV. Dar, a\u021bi putea verifica site-urile de \u0219tiri online pentru numerele c\u00e2\u0219tig\u0103toare Powerball. Totu\u0219i, aceste site-uri posteaz\u0103 de cele mai multe ori doar combina\u021bia care c\u00e2\u0219tig\u0103 premiul cel mare. Iar Powerball are mai multe niveluri de premii.<\/p>\n<p>A\u0219adar, pentru a afla numerele c\u00e2\u0219tig\u0103toare Powerball pentru toate nivelurile de premii, pute\u021bi reveni aici dup\u0103 fiecare extragere. Noi public\u0103m numerele c\u00e2\u0219tig\u0103toare Powerball pe site-ul nostru. De asemenea, dac\u0103 v-a\u021bi cump\u0103rat biletul Powerball de la noi, v\u0103 vom anun\u021ba dac\u0103 ave\u021bi unul dintre numerele c\u00e2\u0219tig\u0103toare. V\u0103 vom trimite un e-mail \u0219i vom pune o notificare \u00een contul dumneavoastr\u0103. \u00cen acest fel, nu trebuie s\u0103 v\u0103 teme\u021bi c\u0103 pierde\u021bi c\u00e2\u0219tigurile.<\/p>\n<h2>Care sunt \u0219ansele de a c\u00e2\u0219tiga la Powerball?<\/h2>\n<p><img loading=\"lazy\" decoding=\"async\" class=\"alignright size-full wp-image-31181\" src=\"http:\/\/jackpotlotteryonline.com\/wp-content\/uploads\/2022\/11\/logo_powerball-300x50-1.jpg\" alt=\"c\u00e2\u0219tig Powerball\" width=\"300\" height=\"50\" \/>C\u00e2\u0219tigarea loteriei nu este un lucru u\u0219or de realizat. Cei mai mul\u021bi oameni ar spune c\u0103 \u0219ansele sunt incredibil de mari. Cu toate acestea, auzim de oameni care au c\u00e2\u0219tigat sume care le-au schimbat via\u021ba. Powerball Australia, \u00een special, are o list\u0103 lung\u0103 de c\u00e2\u0219tig\u0103tori la loto, iar acest lucru se datoreaz\u0103 probabil \u0219anselor.<\/p>\n<p>\u0218ansele de a c\u00e2\u0219tiga la loteria Powerball sunt de 1 la 70 de milioane. Asta \u00eenseamn\u0103 c\u0103, literalmente, oricine poate c\u00e2\u0219tiga la loteria Powerball.<\/p>\n<p>Pe l\u00e2ng\u0103 asta, Powerball are un total de 9 categorii de premii, ceea ce cre\u0219te \u0219i mai mult \u0219ansele de a c\u00e2\u0219tiga aceast\u0103 loterie.<\/p>\n<h2>Premiile Powerball<\/h2>\n<p>Jackpotul Powerball este de obicei \u00een medie de 8 milioane de dolari australieni. Dar, exist\u0103 mai multe alte premii pe care le pute\u021bi c\u00e2\u0219tiga dac\u0103 ave\u021bi numerele c\u00e2\u0219tig\u0103toare la Powerball Australia.<\/p>\n<p>Iat\u0103 care sunt categoriile de premii \u0219i ce se pl\u0103te\u0219te la una dintre extragerile Powerball. Re\u021bine\u021bi c\u0103 plata nu va fi aceea\u0219i la fiecare extragere, deoarece premiile depind de fondul loteriei. Dar acest lucru este doar pentru a v\u0103 oferi o idee despre ce v\u0103 pute\u021bi a\u0219tepta atunci c\u00e2nd ob\u021bine\u021bi numerele c\u00e2\u0219tig\u0103toare Powerball.<\/p>\n<p>Divizia 1: meciul 7 + Powerball &#8211; $8,000,000,000.00 (jackpot)<\/p>\n<p>Divizia 2: doar meciul 7 &#8211; 95.726,15 $.<\/p>\n<p>Divizia 3: meciul 6 + Powerball &#8211; 5.661,20 $.<\/p>\n<p>Divizia 4: doar meciul 6 &#8211; 501,70 $.<\/p>\n<p>Divizia 5: Meciul 5 + Powerball &#8211; 166,75 $.<\/p>\n<p>Divizia 6: doar meciul 5 &#8211; 73,10 dolari<\/p>\n<p>Divizia 7: meciul 4 + Powerball &#8211; 41,60 dolari.<\/p>\n<p>Divizia 8: meciul 3 + Powerball &#8211; 18.05 dolari<\/p>\n<p>Divizia 9: Meciul 2 + Powerball &#8211; 10,95 $.<\/p>\n<h2>Ce trebuie s\u0103 face\u021bi dac\u0103 ave\u021bi numerele c\u00e2\u0219tig\u0103toare<\/h2>\n<p>Dac\u0103 a\u021bi verificat rezultatele extragerii \u0219i vede\u021bi c\u0103 ave\u021bi numerele c\u00e2\u0219tig\u0103toare la Powerball, urm\u0103torul pas este cum s\u0103 v\u0103 accesa\u021bi c\u00e2\u0219tigul. Av\u00e2nd \u00een vedere c\u0103 juca\u021bi la Powerball \u00een afara Oz, probabil c\u0103 sunte\u021bi \u00een c\u0103utarea unei modalit\u0103\u021bi convenabile de a \u00eencasa banii.<\/p>\n<p>Atunci c\u00e2nd v\u0103<a href=\"https:\/\/jackpotlotteryonline.com\/ro\/cumpara-bilete\/powerball-australia\"> cump\u0103ra\u021bi biletul Powerball de la noi,<\/a> pute\u021bi avea acces la c\u00e2\u0219tigurile dvs. de oriunde. Pentru premiile sub o anumit\u0103 sum\u0103, tot ce trebuie s\u0103 face\u021bi este s\u0103 v\u0103 retrage\u021bi c\u00e2\u0219tigurile de pe platforma noastr\u0103. \u00cel pute\u021bi retrage direct \u00een contul dvs. bancar.<\/p>\n<p>Atunci c\u00e2nd c\u00e2\u0219tigul dvs. este mai mare dec\u00e2t suma stabilit\u0103, v\u0103 vom pune la dispozi\u021bie un formular de revendicare pe care trebuie s\u0103-l completa\u021bi. \u00cen acest fel, v\u0103 pute\u021bi revendica c\u00e2\u0219tigurile direct de la compania de loterie Powerball f\u0103r\u0103 nicio problem\u0103.<\/p>\n<section class=\"layout\" style=\"border: solid 1px; width: 100%;\">\n<div class=\"img-div\" style=\"margin-top: 5px;\"><img decoding=\"async\" class=\"wp-image-17212 alignleft\" style=\"height: 45px; margin: 8px 8px 0px;\" src=\"http:\/\/jackpotlotteryonline.com\/wp-content\/uploads\/2022\/11\/read1.jpg\" alt=\"cite\u0219te\" width=\"\" height=\"\" \/><\/div>\n<div style=\"padding-left: 5px;\">\n<div style=\"font-size: 1.1em;\">\n<p><strong>Ce ma\u0219in\u0103 v-a\u021bi cump\u0103ra dac\u0103 a\u021bi c\u00e2\u0219tiga la loto?<\/strong><\/p>\n<p style=\"font-size: 0.85em; margin-top: -1.5em;\">C\u00e2\u0219tiga\u021bi la loterie \u0219i primi\u021bi o ma\u0219in\u0103 nou\u0103\u00a0 <a href=\"https:\/\/jackpotlotteryonline.com\/ro\/ce-masina-ti-ai-cumpara-daca-ai-castiga-la-loto\"> cite\u0219te mai mult<\/a><\/p>\n<\/div>\n<\/div>\n<\/section>\n<h2>Beneficiile de a juca la Powerball cu Jackpotlotteryonline.com<\/h2>\n<p>Ave\u021bi acces rapid \u0219i imediat la loterie. Nu trebuie s\u0103 locui\u021bi \u00een Australia pentru a juca la Powerball<\/p>\n<p>Este super convenabil, deoarece nu trebuie s\u0103 p\u0103r\u0103se\u0219ti confortul casei tale. Verifica\u021bi numerele c\u00e2\u0219tig\u0103toare de pe computer sau de pe un dispozitiv mobil.<\/p>\n<p>Este, de asemenea, mai sigur, deoarece biletul dvs. este stocat digital. Acest lucru este important, deoarece este singura modalitate de a v\u0103 revendica c\u00e2\u0219tigul.<\/p>\n<p>Nu este nevoie s\u0103 pierde\u021bi c\u00e2\u0219tigul dumneavoastr\u0103, deoarece v\u0103 vom alerta imediat dac\u0103 c\u00e2\u0219tiga\u021bi vreun premiu<\/p>\n<p>Pute\u021bi retrage cu u\u0219urin\u021b\u0103 orice c\u00e2\u0219tig online, f\u0103r\u0103 s\u0103 v\u0103 deplasa\u021bi nic\u0103ieri<\/p>\n<h2>Verifica\u021bi numerele c\u00e2\u0219tig\u0103toare cu noi<\/h2>\n<p>De-a lungul timpului, am dedicat o mul\u021bime de resurse \u0219i eforturi pentru a ne asigura c\u0103 juc\u0103torii no\u0219tri au cea mai bun\u0103 experien\u021b\u0103. Nu numai c\u0103 v\u0103 facilit\u0103m cump\u0103rarea de bilete la loteriile interna\u021bionale de top, dar mergem cu c\u00e2\u021biva pa\u0219i mai departe. Facem acest lucru prin furnizarea de rezultate actualizate ale extragerilor, astfel \u00eenc\u00e2t s\u0103 pute\u021bi verifica cu u\u0219urin\u021b\u0103 numerele c\u00e2\u0219tig\u0103toare.<\/p>\n<p>\u00cen cele din urm\u0103, nu trebuie s\u0103 v\u0103 face\u021bi griji cu privire la modul \u00een care v\u0103 pute\u021bi accesa c\u00e2\u0219tigurile dac\u0103 c\u00e2\u0219tiga\u021bi un premiu. Ne-am g\u00e2ndit la toate, astfel \u00eenc\u00e2t s\u0103 v\u0103 pute\u021bi concentra pe ceea ce conteaz\u0103. \u00censcrie\u021bi-v\u0103 cu noi ast\u0103zi.<\/p>\n","protected":false},"excerpt":{"rendered":"<p>S\u0103 joci la Powerball Australia este u\u0219or atunci c\u00e2nd \u00ee\u021bi cumperi biletele online. \u00cen acest fel, pute\u021bi avea acces la Powerball de oriunde din lume. Dar, cump\u0103rarea biletului este doar o parte din jocul Powerball. De asemenea, trebuie s\u0103 verifica\u021bi rezultatele extragerii pentru numerele c\u00e2\u0219tig\u0103toare. \u00cen acest fel, ve\u021bi afla dac\u0103 a\u021bi c\u00e2\u0219tigat sau nu [&hellip;]<\/p>\n","protected":false},"author":1,"featured_media":0,"parent":35848,"menu_order":17,"comment_status":"closed","ping_status":"closed","template":"powerball-au-results.php","meta":{"_et_pb_use_builder":"","_et_pb_old_content":"","_et_gb_content_width":"","exclude_from_search":false,"footnotes":""},"class_list":["post-41486","page","type-page","status-publish","hentry"],"yoast_head":"<!-- This site is optimized with the Yoast SEO plugin v23.3 - https:\/\/yoast.com\/wordpress\/plugins\/seo\/ -->\n<title>Numerele c\u00e2\u0219tig\u0103toare Powerball Australia \u0219i rezultatele extragerii<\/title>\n<meta name=\"description\" content=\"C\u0103uta\u021bi numerele c\u00e2\u0219tig\u0103toare de la Powerball Australia? G\u0103si\u021bi rezultatele extragerilor loteriilor din Australia pe acest site\" \/>\n<meta name=\"robots\" content=\"index, follow, max-snippet:-1, max-image-preview:large, max-video-preview:-1\" \/>\n<link rel=\"canonical\" href=\"https:\/\/jackpotlotteryonline.com\/ro\/numere-castigatoare\/powerball-australia\/\" \/>\n<meta property=\"og:locale\" content=\"ro_RO\" \/>\n<meta property=\"og:type\" content=\"article\" \/>\n<meta property=\"og:title\" content=\"Numerele c\u00e2\u0219tig\u0103toare Powerball Australia \u0219i rezultatele extragerii\" \/>\n<meta property=\"og:description\" content=\"C\u0103uta\u021bi numerele c\u00e2\u0219tig\u0103toare de la Powerball Australia? G\u0103si\u021bi rezultatele extragerilor loteriilor din Australia pe acest site\" \/>\n<meta property=\"og:url\" content=\"https:\/\/jackpotlotteryonline.com\/ro\/numere-castigatoare\/powerball-australia\/\" \/>\n<meta property=\"og:site_name\" content=\"Lotto Online - Crack The International Lottery Jackpots\" \/>\n<meta property=\"article:modified_time\" content=\"2022-12-30T14:02:01+00:00\" \/>\n<meta property=\"og:image\" content=\"http:\/\/jackpotlotteryonline.com\/wp-content\/uploads\/2022\/11\/logo_powerball-300x50-1.jpg\" \/>\n<meta name=\"twitter:card\" content=\"summary_large_image\" \/>\n<meta name=\"twitter:label1\" content=\"Timp estimat pentru citire\" \/>\n\t<meta name=\"twitter:data1\" content=\"4 minute\" \/>\n<!-- \/ Yoast SEO plugin. -->","yoast_head_json":{"title":"Numerele c\u00e2\u0219tig\u0103toare Powerball Australia \u0219i rezultatele extragerii","description":"C\u0103uta\u021bi numerele c\u00e2\u0219tig\u0103toare de la Powerball Australia? G\u0103si\u021bi rezultatele extragerilor loteriilor din Australia pe acest site","robots":{"index":"index","follow":"follow","max-snippet":"max-snippet:-1","max-image-preview":"max-image-preview:large","max-video-preview":"max-video-preview:-1"},"canonical":"https:\/\/jackpotlotteryonline.com\/ro\/numere-castigatoare\/powerball-australia\/","og_locale":"ro_RO","og_type":"article","og_title":"Numerele c\u00e2\u0219tig\u0103toare Powerball Australia \u0219i rezultatele extragerii","og_description":"C\u0103uta\u021bi numerele c\u00e2\u0219tig\u0103toare de la Powerball Australia? G\u0103si\u021bi rezultatele extragerilor loteriilor din Australia pe acest site","og_url":"https:\/\/jackpotlotteryonline.com\/ro\/numere-castigatoare\/powerball-australia\/","og_site_name":"Lotto Online - Crack The International Lottery Jackpots","article_modified_time":"2022-12-30T14:02:01+00:00","og_image":[{"url":"http:\/\/jackpotlotteryonline.com\/wp-content\/uploads\/2022\/11\/logo_powerball-300x50-1.jpg"}],"twitter_card":"summary_large_image","twitter_misc":{"Timp estimat pentru citire":"4 minute"},"schema":{"@context":"https:\/\/schema.org","@graph":[{"@type":"WebPage","@id":"https:\/\/jackpotlotteryonline.com\/ro\/numere-castigatoare\/powerball-australia\/","url":"https:\/\/jackpotlotteryonline.com\/ro\/numere-castigatoare\/powerball-australia\/","name":"Numerele c\u00e2\u0219tig\u0103toare Powerball Australia \u0219i rezultatele extragerii","isPartOf":{"@id":"https:\/\/jackpotlotteryonline.com\/#website"},"primaryImageOfPage":{"@id":"https:\/\/jackpotlotteryonline.com\/ro\/numere-castigatoare\/powerball-australia\/#primaryimage"},"image":{"@id":"https:\/\/jackpotlotteryonline.com\/ro\/numere-castigatoare\/powerball-australia\/#primaryimage"},"thumbnailUrl":"http:\/\/jackpotlotteryonline.com\/wp-content\/uploads\/2022\/11\/logo_powerball-300x50-1.jpg","datePublished":"2022-12-09T12:50:29+00:00","dateModified":"2022-12-30T14:02:01+00:00","description":"C\u0103uta\u021bi numerele c\u00e2\u0219tig\u0103toare de la Powerball Australia? G\u0103si\u021bi rezultatele extragerilor loteriilor din Australia pe acest site","breadcrumb":{"@id":"https:\/\/jackpotlotteryonline.com\/ro\/numere-castigatoare\/powerball-australia\/#breadcrumb"},"inLanguage":"ro-RO","potentialAction":[{"@type":"ReadAction","target":["https:\/\/jackpotlotteryonline.com\/ro\/numere-castigatoare\/powerball-australia\/"]}]},{"@type":"ImageObject","inLanguage":"ro-RO","@id":"https:\/\/jackpotlotteryonline.com\/ro\/numere-castigatoare\/powerball-australia\/#primaryimage","url":"http:\/\/jackpotlotteryonline.com\/wp-content\/uploads\/2022\/11\/logo_powerball-300x50-1.jpg","contentUrl":"http:\/\/jackpotlotteryonline.com\/wp-content\/uploads\/2022\/11\/logo_powerball-300x50-1.jpg"},{"@type":"BreadcrumbList","@id":"https:\/\/jackpotlotteryonline.com\/ro\/numere-castigatoare\/powerball-australia\/#breadcrumb","itemListElement":[{"@type":"ListItem","position":1,"name":"Home","item":"https:\/\/jackpotlotteryonline.com\/ro\/"},{"@type":"ListItem","position":2,"name":"Rezultatele loteriei","item":"https:\/\/jackpotlotteryonline.com\/ro\/numere-castigatoare\/"},{"@type":"ListItem","position":3,"name":"Rezultatele extragerii Powerball Australia"}]},{"@type":"WebSite","@id":"https:\/\/jackpotlotteryonline.com\/#website","url":"https:\/\/jackpotlotteryonline.com\/","name":"Lotto Online - Crack The International Lottery Jackpots","description":"","potentialAction":[{"@type":"SearchAction","target":{"@type":"EntryPoint","urlTemplate":"https:\/\/jackpotlotteryonline.com\/?s={search_term_string}"},"query-input":"required name=search_term_string"}],"inLanguage":"ro-RO"}]}},"_links":{"self":[{"href":"https:\/\/jackpotlotteryonline.com\/ro\/wp-json\/wp\/v2\/pages\/41486","targetHints":{"allow":["GET"]}}],"collection":[{"href":"https:\/\/jackpotlotteryonline.com\/ro\/wp-json\/wp\/v2\/pages"}],"about":[{"href":"https:\/\/jackpotlotteryonline.com\/ro\/wp-json\/wp\/v2\/types\/page"}],"author":[{"embeddable":true,"href":"https:\/\/jackpotlotteryonline.com\/ro\/wp-json\/wp\/v2\/users\/1"}],"replies":[{"embeddable":true,"href":"https:\/\/jackpotlotteryonline.com\/ro\/wp-json\/wp\/v2\/comments?post=41486"}],"version-history":[{"count":0,"href":"https:\/\/jackpotlotteryonline.com\/ro\/wp-json\/wp\/v2\/pages\/41486\/revisions"}],"up":[{"embeddable":true,"href":"https:\/\/jackpotlotteryonline.com\/ro\/wp-json\/wp\/v2\/pages\/35848"}],"wp:attachment":[{"href":"https:\/\/jackpotlotteryonline.com\/ro\/wp-json\/wp\/v2\/media?parent=41486"}],"curies":[{"name":"wp","href":"https:\/\/api.w.org\/{rel}","templated":true}]}}