{"id":41540,"date":"2022-12-09T14:50:44","date_gmt":"2022-12-09T14:50:44","guid":{"rendered":"https:\/\/jackpotlotteryonline.com\/?page_id=41540"},"modified":"2022-12-29T18:10:09","modified_gmt":"2022-12-29T18:10:09","slug":"lotto-america","status":"publish","type":"page","link":"https:\/\/jackpotlotteryonline.com\/ro\/numere-castigatoare\/lotto-america\/","title":{"rendered":"Rezultate Loto America"},"content":{"rendered":"<p>Lotto America este un joc de loterie din SUA care a produs o mul\u021bime de milionari. Probabilitatea de a c\u00e2\u0219tiga la loto este fantastic\u0103, ceea ce \u00eel face un joc atractiv pentru fanii loteriei. Acum, juc\u0103torii din \u00eentreaga lume pot<a href=\"https:\/\/jackpotlotteryonline.com\/ro\/cumpara-bilete\/lotto-america\"> cump\u0103ra online bilete la aceast\u0103 loterie<\/a> american\u0103. Nu doar at\u00e2t, dar pot verifica \u0219i numerele c\u00e2\u0219tig\u0103toare pentru a descoperi dac\u0103 au c\u00e2\u0219tigat la loterie.<\/p>\n<p>Pute\u021bi cump\u0103ra bilete la loteriile interna\u021bionale de top pe jackpotlotteryonline.com \u0219i pute\u021bi verifica numerele c\u00e2\u0219tig\u0103toare \u0219i aici. \u0218i dac\u0103 v\u0103 \u00eentreba\u021bi cum s\u0103 v\u0103 accesa\u021bi c\u00e2\u0219tigurile online, atunci continua\u021bi s\u0103 citi\u021bi. Vom \u00eemp\u0103rt\u0103\u0219i toate detaliile cu tine \u0219i va deveni rapid evident c\u0103 jocul online este calea de urmat.<\/p>\n<h2>Juc\u00e2nd Lotto America online<\/h2>\n<p><img loading=\"lazy\" decoding=\"async\" class=\"size-full wp-image-32081 alignright\" src=\"https:\/\/jackpotlotteryonline.com\/wp-content\/uploads\/2022\/11\/1_mega_lotto_win-213x300-1.jpg\" alt=\"loto America bilet online\" width=\"213\" height=\"300\" \/>Am men\u021bionat c\u0103 pute\u021bi <a href=\"https:\/\/jackpotlotteryonline.com\/ro\/cum-se-joaca\/lotto-america-2\">juca la aceast\u0103 loterie online<\/a> \u0219i nu conteaz\u0103 unde locui\u021bi. \u00cen mod obi\u0219nuit, biletele sunt v\u00e2ndute \u00een SUA, dar le pute\u021bi cump\u0103ra \u0219i aici, la jackpotlotteryonline.com.<\/p>\n<p>Exist\u0103 \u0219i alte site-uri care v\u00e2nd bilete la loto, dar acestea permit juc\u0103torilor s\u0103 parieze doar pe rezultatul loteriei. Acest lucru \u00eenseamn\u0103 c\u0103 cump\u0103rarea unui bilet de loterie de pe acel site nu v\u0103 ofer\u0103 intrarea la loterie. Astfel, chiar dac\u0103 potrivi\u021bi toate numerele extrase, nu ve\u021bi c\u00e2\u0219tiga jackpotul. A\u0219adar, alegerea site-ului pe care \u00eel utiliza\u021bi este foarte important\u0103.<\/p>\n<h2>Pa\u0219i pentru a juca la loto online<\/h2>\n<p>Dup\u0103 ce v-a\u021bi decis asupra unui site, urma\u021bi pa\u0219ii de mai jos:<\/p>\n<ol>\n<li>Vizita\u021bi site-ul pe care dori\u021bi s\u0103 \u00eel utiliza\u021bi \u0219i face\u021bi clic pe Lotto America<\/li>\n<li>Alege\u021bi 5 numere dintr-un interval de la 1 la 52 (dac\u0103 nu sunte\u021bi sigur ce numere s\u0103 folosi\u021bi, \u00eencerca\u021bi generatorul automat de numere)<\/li>\n<li>Apoi, alege\u021bi un num\u0103r bonus (Star Ball) de la 1 la 10<\/li>\n<li>Cump\u0103ra\u021bi linii suplimentare de numere pentru o \u0219ans\u0103 mai mare de c\u00e2\u0219tig<\/li>\n<li>Participa\u021bi la extrageri (pute\u021bi participa la mai multe extrageri)<\/li>\n<li>\u00cenregistra\u021bi-v\u0103 \u0219i pl\u0103ti\u021bi pentru intr\u0103rile dvs.<\/li>\n<\/ol>\n<p>V\u0103 cerem s\u0103 v\u0103 \u00eenregistra\u021bi din c\u00e2teva motive. \u00cen primul r\u00e2nd, dorim s\u0103 ne asigur\u0103m c\u0103 biletul dvs. digital este \u00een siguran\u021b\u0103. \u00cen al doilea r\u00e2nd, folosim contul dvs. pentru a v\u0103 contacta \u00een cazul \u00een care c\u00e2\u0219tiga\u021bi vreun premiu. Vom vorbi mai multe despre asta mai t\u00e2rziu.<\/p>\n<h2>Zilele de extragere \u0219i jackpot-ul Lotto America<\/h2>\n<p>Aceast\u0103 loterie din SUA are trei extrageri s\u0103pt\u0103m\u00e2nale, luni, miercuri \u0219i s\u00e2mb\u0103t\u0103. \u00cen timpul extragerilor, se anun\u021b\u0103 biletul c\u00e2\u0219tig\u0103tor. Pentru a c\u00e2\u0219tiga jackpotul, biletul dumneavoastr\u0103 va trebui s\u0103 se potriveasc\u0103 cu cele \u0219ase numere extrase.<\/p>\n<p>Premiile jackpot-ului Lotto America \u00eencep de la 2 milioane de dolari \u0219i se pot prelungi dac\u0103 nu exist\u0103 niciun c\u00e2\u0219tig\u0103tor dup\u0103 o extragere. Pentru c\u0103 se rostogole\u0219te dup\u0103 fiecare extragere (dac\u0103 nu exist\u0103 niciun c\u00e2\u0219tig\u0103tor), poate ajunge p\u00e2n\u0103 la 18 milioane de dolari. Este o sum\u0103 frumu\u0219ic\u0103 de c\u00e2\u0219tigat, nu-i a\u0219a?<\/p>\n<p>De fapt, jackpotul record Lotto America a fost de 23 de milioane de dolari \u0219i a fost c\u00e2\u0219tigat de o familie \u00een 2018.<\/p>\n<section class=\"layout\" style=\"border: solid 1px; width: 100%;\">\n<div class=\"img-div\" style=\"margin-top: 5px;\"><img decoding=\"async\" class=\"wp-image-17212 alignleft\" style=\"height: 45px; margin: 8px 8px 0px;\" src=\"https:\/\/jackpotlotteryonline.com\/wp-content\/uploads\/2022\/11\/read1.jpg\" alt=\"cite\u0219te\" width=\"\" height=\"\" \/><\/div>\n<div style=\"padding-left: 5px;\">\n<div style=\"font-size: 1.1em;\">\n<p><strong>Niektor\u00ed v\u00ed\u0165azi lot\u00e9rie sa vr\u00e1tili sp\u00e4\u0165 do komunity<\/strong><\/p>\n<p style=\"font-size: 0.85em; margin-top: -1.5em;\">Nieko\u013eko zauj\u00edmav\u00fdch a doj\u00edmav\u00fdch pr\u00edbehov o tom, ako sa v\u00fdhercovia lot\u00e9rie vr\u00e1tili sp\u00e4\u0165\u00a0<a href=\"https:\/\/jackpotlotteryonline.com\/sk\/pribehy-o-tom-ako-vyhercovia-loterie-vracaju-peniaze\"> cite\u0219te mai mult<\/a><\/p>\n<\/div>\n<\/div>\n<\/section>\n<h2>Categorii de premii<\/h2>\n<p>Jackpotul este, bine\u00een\u021beles, premiul cel mare al loteriei. Dar aceast\u0103 loterie are 9 categorii de premii diferite, oferind juc\u0103torilor posibilitatea de a c\u00e2\u0219tiga premii interesante.<\/p>\n<p>Chiar dac\u0103 nu c\u00e2\u0219tiga\u021bi jackpotul, pute\u021bi pleca acas\u0103 cu un c\u00e2\u0219tig mare dac\u0103 potrivi\u021bi numerele c\u00e2\u0219tig\u0103toare pentru alte categorii. Iat\u0103 defalcarea premiilor, \u00eempreun\u0103 cu \u0219ansele de a c\u00e2\u0219tiga fiecare categorie de premii.<\/p>\n<p>Divizia 1: 5 + Star Ball &#8211; 1 din 25.989.600 &#8211; Jackpot<\/p>\n<p>Divizia 2: 5 &#8211; 1 la 2.887.733 &#8211; 20.000 $.<\/p>\n<p>Divizia 3: 4 + Star Ball &#8211; 1 la 110.594 &#8211; 1.000 $.<\/p>\n<p>Divizia 4: 4 &#8211; 1 la 12.288 &#8211; 100 $.<\/p>\n<p>Divizia 5: 3 + Star Ball &#8211; 1 la 2.404 &#8211; 20 $.<\/p>\n<p>Divizia 6: 3 &#8211; 1 la 267 &#8211; 5 $.<\/p>\n<p>Divizia 7: 2 + Star Ball &#8211; 1 la 160 &#8211; 5 $.<\/p>\n<p>Divizia 8: 1 + Star Ball &#8211; 1 la 29 &#8211; 2 dolari<\/p>\n<p>Divizia 9: 0 + Star Ball &#8211; 1 la 17 &#8211; 2 dolari<\/p>\n<h2>Cum s\u0103 verifica\u021bi numerele c\u00e2\u0219tig\u0103toare<\/h2>\n<p><img loading=\"lazy\" decoding=\"async\" class=\"alignright size-full wp-image-31532\" src=\"https:\/\/jackpotlotteryonline.com\/wp-content\/uploads\/2022\/11\/lottoballs.jpg\" alt=\"loto America numere c\u00e2\u0219tig\u0103toare\" width=\"245\" height=\"123\" \/>Pentru a verifica dac\u0103 a\u021bi c\u00e2\u0219tigat vreun premiu, este foarte simplu s\u0103 reveni\u021bi pe aceast\u0103 pagin\u0103 dup\u0103 extragere. Dup\u0103 fiecare extragere, public\u0103m rezultatele extragerii pentru fiecare categorie de premii. A\u0219adar, pute\u021bi verifica convenabil pagina noastr\u0103 f\u0103r\u0103 stres.<\/p>\n<p>De asemenea, dac\u0103 v-a\u021bi cump\u0103rat biletul de la noi, \u00eenseamn\u0103 c\u0103 v-a\u021bi \u00eenregistrat \u0219i la noi. Asta \u00eenseamn\u0103 c\u0103, dac\u0103 ve\u021bi c\u00e2\u0219tiga un premiu, v\u0103 putem anun\u021ba prin intermediul contului dvs. \u0219i, de asemenea, prin e-mail.<\/p>\n<p>Nu trebuie s\u0103 pierde\u021bi niciun c\u00e2\u0219tig atunci c\u00e2nd v\u0103 cump\u0103ra\u021bi biletul de loterie de la noi.<\/p>\n<h2>\u00cencasarea premiului<\/h2>\n<p>O \u00eentrebare pe care o auzim des de la pariori este cum pot accesa c\u00e2\u0219tigurile lor atunci c\u00e2nd intr\u0103 \u00een Lotto America online. Dac\u0103 cump\u0103ra\u021bi bilete de loterie prin intermediul site-ului nostru, v\u0103 oferim o metod\u0103 simpl\u0103 \u0219i f\u0103r\u0103 probleme de a v\u0103 revendica c\u00e2\u0219tigurile.<\/p>\n<p>C\u00e2\u0219tigurile care sunt de 2500 \u20ac vor fi creditate \u00een contul dvs. \u0219i apoi le pute\u021bi retrage f\u0103r\u0103 costuri suplimentare. \u00cen timp ce c\u00e2\u0219tigurile mai mari necesit\u0103 o procedur\u0103 u\u0219or diferit\u0103. Pentru c\u00e2\u0219tigurile mai mari, va trebui s\u0103 revendica\u021bi c\u00e2\u0219tigul de la compania de loterie. Cu toate acestea, v\u0103 vom oferi un formular de revendicare pe care \u00eel ve\u021bi completa \u0219i, odat\u0103 ce face\u021bi acest lucru, vom procesa revendicarea pentru dumneavoastr\u0103.<\/p>\n<p>Motivul pentru aceasta este c\u0103 va trebui s\u0103 v\u0103 identifica\u021bi. De asemenea, este posibil ca unele companii de loterie s\u0103 aib\u0103 nevoie s\u0103 v\u0103 prezenta\u021bi personal pentru a \u00eencasa sume mai mari. Dac\u0103 se \u00eent\u00e2mpl\u0103 acest lucru, v\u0103 vom anun\u021ba imediat.<\/p>\n<h2>Cump\u0103ra\u021bi-v\u0103 biletele Lotto America la jackpotlotteryonline.com<\/h2>\n<p>Exist\u0103 at\u00e2t de multe motive pentru care ar trebui s\u0103 v\u0103 cump\u0103ra\u021bi biletele Lotto America de la noi. \u00cen primul r\u00e2nd, suntem un site de concierge. Asta \u00eenseamn\u0103 c\u0103 pute\u021bi sta lini\u0219tit \u0219i relaxat \u00een timp ce noi ne ocup\u0103m de cele mai fine detalii pentru dumneavoastr\u0103. Astfel, v\u0103 ajut\u0103m s\u0103 ob\u021bine\u021bi acces la loterii interna\u021bionale de top precum Lotto America.<\/p>\n<p>Dar nu ne oprim aici. De asemenea, v\u0103 oferim un sistem care s\u0103 v\u0103 ajute s\u0103 v\u0103 gestiona\u021bi jocurile de loterie. Pute\u021bi literalmente, s\u0103 intra\u021bi \u00een mai multe loterii \u0219i extrageri chiar de pe site-ul nostru. Nu este nevoie s\u0103 merge\u021bi \u00een alt\u0103 parte. De asemenea, v\u0103 oferim o modalitate convenabil\u0103 de a verifica rezultatele Lotto America, toate \u00eentr-un singur loc.<\/p>\n<p>\u00cen cele din urm\u0103, pute\u021bi verifica cu u\u0219urin\u021b\u0103 numerele c\u00e2\u0219tig\u0103toare \u0219i v\u0103 pute\u021bi retrage c\u00e2\u0219tigurile de pe platforma noastr\u0103 direct \u00een contul dvs. Lucr\u0103m din greu \u00een fiecare zi pentru a perfec\u021biona un sistem f\u0103r\u0103 cusur pentru dumneavoastr\u0103. Permite\u021bi-ne s\u0103 v\u0103 ajut\u0103m s\u0103 sc\u0103p\u0103m de stres, astfel \u00eenc\u00e2t s\u0103 v\u0103 pute\u021bi concentra pe distrac\u021bie. \u00cenregistreaz\u0103-te cu noi pentru a juca la loterie ast\u0103zi.<\/p>\n","protected":false},"excerpt":{"rendered":"<p>Lotto America este un joc de loterie din SUA care a produs o mul\u021bime de milionari. Probabilitatea de a c\u00e2\u0219tiga la loto este fantastic\u0103, ceea ce \u00eel face un joc atractiv pentru fanii loteriei. Acum, juc\u0103torii din \u00eentreaga lume pot cump\u0103ra online bilete la aceast\u0103 loterie american\u0103. Nu doar at\u00e2t, dar pot verifica \u0219i numerele [&hellip;]<\/p>\n","protected":false},"author":1,"featured_media":0,"parent":35848,"menu_order":13,"comment_status":"closed","ping_status":"closed","template":"lotto-america-results.php","meta":{"_et_pb_use_builder":"","_et_pb_old_content":"","_et_gb_content_width":"","exclude_from_search":false,"footnotes":""},"class_list":["post-41540","page","type-page","status-publish","hentry"],"yoast_head":"<!-- This site is optimized with the Yoast SEO plugin v23.3 - https:\/\/yoast.com\/wordpress\/plugins\/seo\/ -->\n<title>Loto America numere c\u00e2\u0219tig\u0103toare \u0219i rezultatele extragerii<\/title>\n<meta name=\"description\" content=\"C\u0103uta\u021bi numerele c\u00e2\u0219tig\u0103toare de la Lotto America? Rezultatele extragerilor pentru toate marile loterii americane pot fi g\u0103site pe site-ul nostru!\" \/>\n<meta name=\"robots\" content=\"index, follow, max-snippet:-1, max-image-preview:large, max-video-preview:-1\" \/>\n<link rel=\"canonical\" href=\"https:\/\/jackpotlotteryonline.com\/ro\/numere-castigatoare\/lotto-america\/\" \/>\n<meta property=\"og:locale\" content=\"ro_RO\" \/>\n<meta property=\"og:type\" content=\"article\" \/>\n<meta property=\"og:title\" content=\"Loto America numere c\u00e2\u0219tig\u0103toare \u0219i rezultatele extragerii\" \/>\n<meta property=\"og:description\" content=\"C\u0103uta\u021bi numerele c\u00e2\u0219tig\u0103toare de la Lotto America? Rezultatele extragerilor pentru toate marile loterii americane pot fi g\u0103site pe site-ul nostru!\" \/>\n<meta property=\"og:url\" content=\"https:\/\/jackpotlotteryonline.com\/ro\/numere-castigatoare\/lotto-america\/\" \/>\n<meta property=\"og:site_name\" content=\"Lotto Online - Crack The International Lottery Jackpots\" \/>\n<meta property=\"article:modified_time\" content=\"2022-12-29T18:10:09+00:00\" \/>\n<meta property=\"og:image\" content=\"https:\/\/jackpotlotteryonline.com\/wp-content\/uploads\/2022\/11\/1_mega_lotto_win-213x300-1.jpg\" \/>\n<meta name=\"twitter:card\" content=\"summary_large_image\" \/>\n<meta name=\"twitter:label1\" content=\"Timp estimat pentru citire\" \/>\n\t<meta name=\"twitter:data1\" content=\"6 minute\" \/>\n<!-- \/ Yoast SEO plugin. -->","yoast_head_json":{"title":"Loto America numere c\u00e2\u0219tig\u0103toare \u0219i rezultatele extragerii","description":"C\u0103uta\u021bi numerele c\u00e2\u0219tig\u0103toare de la Lotto America? Rezultatele extragerilor pentru toate marile loterii americane pot fi g\u0103site pe site-ul nostru!","robots":{"index":"index","follow":"follow","max-snippet":"max-snippet:-1","max-image-preview":"max-image-preview:large","max-video-preview":"max-video-preview:-1"},"canonical":"https:\/\/jackpotlotteryonline.com\/ro\/numere-castigatoare\/lotto-america\/","og_locale":"ro_RO","og_type":"article","og_title":"Loto America numere c\u00e2\u0219tig\u0103toare \u0219i rezultatele extragerii","og_description":"C\u0103uta\u021bi numerele c\u00e2\u0219tig\u0103toare de la Lotto America? Rezultatele extragerilor pentru toate marile loterii americane pot fi g\u0103site pe site-ul nostru!","og_url":"https:\/\/jackpotlotteryonline.com\/ro\/numere-castigatoare\/lotto-america\/","og_site_name":"Lotto Online - Crack The International Lottery Jackpots","article_modified_time":"2022-12-29T18:10:09+00:00","og_image":[{"url":"https:\/\/jackpotlotteryonline.com\/wp-content\/uploads\/2022\/11\/1_mega_lotto_win-213x300-1.jpg"}],"twitter_card":"summary_large_image","twitter_misc":{"Timp estimat pentru citire":"6 minute"},"schema":{"@context":"https:\/\/schema.org","@graph":[{"@type":"WebPage","@id":"https:\/\/jackpotlotteryonline.com\/ro\/numere-castigatoare\/lotto-america\/","url":"https:\/\/jackpotlotteryonline.com\/ro\/numere-castigatoare\/lotto-america\/","name":"Loto America numere c\u00e2\u0219tig\u0103toare \u0219i rezultatele extragerii","isPartOf":{"@id":"https:\/\/jackpotlotteryonline.com\/#website"},"primaryImageOfPage":{"@id":"https:\/\/jackpotlotteryonline.com\/ro\/numere-castigatoare\/lotto-america\/#primaryimage"},"image":{"@id":"https:\/\/jackpotlotteryonline.com\/ro\/numere-castigatoare\/lotto-america\/#primaryimage"},"thumbnailUrl":"https:\/\/jackpotlotteryonline.com\/wp-content\/uploads\/2022\/11\/1_mega_lotto_win-213x300-1.jpg","datePublished":"2022-12-09T14:50:44+00:00","dateModified":"2022-12-29T18:10:09+00:00","description":"C\u0103uta\u021bi numerele c\u00e2\u0219tig\u0103toare de la Lotto America? Rezultatele extragerilor pentru toate marile loterii americane pot fi g\u0103site pe site-ul nostru!","breadcrumb":{"@id":"https:\/\/jackpotlotteryonline.com\/ro\/numere-castigatoare\/lotto-america\/#breadcrumb"},"inLanguage":"ro-RO","potentialAction":[{"@type":"ReadAction","target":["https:\/\/jackpotlotteryonline.com\/ro\/numere-castigatoare\/lotto-america\/"]}]},{"@type":"ImageObject","inLanguage":"ro-RO","@id":"https:\/\/jackpotlotteryonline.com\/ro\/numere-castigatoare\/lotto-america\/#primaryimage","url":"https:\/\/jackpotlotteryonline.com\/wp-content\/uploads\/2022\/11\/1_mega_lotto_win-213x300-1.jpg","contentUrl":"https:\/\/jackpotlotteryonline.com\/wp-content\/uploads\/2022\/11\/1_mega_lotto_win-213x300-1.jpg"},{"@type":"BreadcrumbList","@id":"https:\/\/jackpotlotteryonline.com\/ro\/numere-castigatoare\/lotto-america\/#breadcrumb","itemListElement":[{"@type":"ListItem","position":1,"name":"Home","item":"https:\/\/jackpotlotteryonline.com\/ro\/"},{"@type":"ListItem","position":2,"name":"Rezultatele loteriei","item":"https:\/\/jackpotlotteryonline.com\/ro\/numere-castigatoare\/"},{"@type":"ListItem","position":3,"name":"Rezultate Loto America"}]},{"@type":"WebSite","@id":"https:\/\/jackpotlotteryonline.com\/#website","url":"https:\/\/jackpotlotteryonline.com\/","name":"Lotto Online - Crack The International Lottery Jackpots","description":"","potentialAction":[{"@type":"SearchAction","target":{"@type":"EntryPoint","urlTemplate":"https:\/\/jackpotlotteryonline.com\/?s={search_term_string}"},"query-input":"required name=search_term_string"}],"inLanguage":"ro-RO"}]}},"_links":{"self":[{"href":"https:\/\/jackpotlotteryonline.com\/ro\/wp-json\/wp\/v2\/pages\/41540","targetHints":{"allow":["GET"]}}],"collection":[{"href":"https:\/\/jackpotlotteryonline.com\/ro\/wp-json\/wp\/v2\/pages"}],"about":[{"href":"https:\/\/jackpotlotteryonline.com\/ro\/wp-json\/wp\/v2\/types\/page"}],"author":[{"embeddable":true,"href":"https:\/\/jackpotlotteryonline.com\/ro\/wp-json\/wp\/v2\/users\/1"}],"replies":[{"embeddable":true,"href":"https:\/\/jackpotlotteryonline.com\/ro\/wp-json\/wp\/v2\/comments?post=41540"}],"version-history":[{"count":0,"href":"https:\/\/jackpotlotteryonline.com\/ro\/wp-json\/wp\/v2\/pages\/41540\/revisions"}],"up":[{"embeddable":true,"href":"https:\/\/jackpotlotteryonline.com\/ro\/wp-json\/wp\/v2\/pages\/35848"}],"wp:attachment":[{"href":"https:\/\/jackpotlotteryonline.com\/ro\/wp-json\/wp\/v2\/media?parent=41540"}],"curies":[{"name":"wp","href":"https:\/\/api.w.org\/{rel}","templated":true}]}}