{"id":72967,"date":"2025-02-02T17:35:30","date_gmt":"2025-02-02T17:35:30","guid":{"rendered":"https:\/\/jackpotlotteryonline.com\/?page_id=72967"},"modified":"2025-02-02T17:35:30","modified_gmt":"2025-02-02T17:35:30","slug":"politica-de-confidentialitate","status":"publish","type":"page","link":"https:\/\/jackpotlotteryonline.com\/ro\/politica-de-confidentialitate\/","title":{"rendered":"Politica de Confiden\u021bialitate"},"content":{"rendered":"<p>Politica de Confiden\u021bialitate a Playlottoonline (denumit\u0103 \u00een continuare \u201ePolitica\u201d) se aplic\u0103 site-ului Playlottoonline.net (denumit \u00een continuare \u201eSite-ul\u201d). Site-ul este operat de compania LLL World Marketing Limited, cu sediul \u00een Peiraios 30, primul etaj, biroul 1, 2023 Strovolos, Nicosia \u2013 Cipru. Prin utilizarea Site-ului, sunte\u021bi de acord cu aceast\u0103 Politic\u0103 de Confiden\u021bialitate \u0219i cu Termenii \u0219i Condi\u021biile asociate.<\/p>\n<h3><strong>Ce date colect\u0103m?<\/strong><\/h3>\n<h4><strong>Datele furnizate de dumneavoastr\u0103<\/strong><\/h4>\n<p>La \u00eenregistrarea contului, este necesar s\u0103 furniza\u021bi o adres\u0103 de e-mail, care este utilizat\u0103 pentru a v\u0103 identifica contul \u00een mod unic \u0219i, dac\u0103 este necesar, pentru a-l activa. De asemenea, e-mailul este folosit pentru recuperarea parolei.<\/p>\n<p>Adresa de e-mail \u0219i num\u0103rul de telefon pot fi folosite pentru a trimite notific\u0103ri referitoare la func\u021bionarea Site-ului (de exemplu, notific\u0103ri legale), informa\u021bii despre actualiz\u0103rile Site-ului, produsele \u0219i serviciile oferite, precum \u0219i scopuri de marketing (inclusiv servicii de la ter\u021bi, denumite \u00een continuare \u201eNotific\u0103ri\u201d). Pute\u021bi s\u0103 v\u0103 dezabona\u021bi de la primirea Notific\u0103rilor de marketing \u00een orice moment, f\u0103c\u00e2nd clic pe link-ul de dezabonare din e-mailuri sau contact\u00e2ndu-ne prin e-mail, telefon sau formularul de contact.<\/p>\n<p>Dup\u0103 \u00eenregistrare, pute\u021bi completa profilul furniz\u00e2nd numele, prenumele, adresa, data na\u0219terii, num\u0103rul de telefon \u0219i fusul orar. Aceste date sunt utilizate pentru procesarea pl\u0103\u021bilor, depozitelor \u0219i retragerilor, personalizarea Site-ului (inclusiv Notific\u0103rile) \u0219i procesarea c\u00e2\u0219tigurilor de peste 2.500 USD, a\u0219a cum este descris \u00een sec\u021biunea 3.5 a Termenilor \u0219i Condi\u021biilor.<\/p>\n<p>De asemenea, putem stoca informa\u021biile pe care ni le furniza\u021bi voluntar prin intermediul formularului de contact, apelurilor telefonice, e-mailurilor, coresponden\u021bei, Facebook, Twitter sau alte metode de contact. Acestea pot include numele, adresa de e-mail, num\u0103rul de telefon \u0219i adresa. Numele \u0219i e-mailul sunt obligatorii pentru a r\u0103spunde la formularul de contact.<\/p>\n<h4><strong>Date colectate automat<\/strong><\/h4>\n<p>C\u00e2nd utiliza\u021bi Site-ul, colect\u0103m automat anumite informa\u021bii pentru a asigura func\u021bionalit\u0103\u021bile de baz\u0103, personalizarea Site-ului (inclusiv Notific\u0103rile), monitorizarea traficului \u0219i asigurarea securit\u0103\u021bii. Acestea includ:<\/p>\n<ul>\n<li>Adresa IP;<\/li>\n<li>Antetele HTTP trimise de browser (de exemplu, \u201eUser-Agent\u201d, \u201eAccept-Language\u201d, \u201eReferer\u201d), care con\u021bin informa\u021bii despre tipul \u0219i versiunea browser-ului, limba, tipul \u0219i versiunea sistemului de operare \u0219i URL-ul paginii de referin\u021b\u0103;<\/li>\n<li>Ora sistemului;<\/li>\n<li>Cererile HTTP;<\/li>\n<li>Cookie-urile stocate pe domeniul playlottoonline.org sau subdomeniile acestuia.<\/li>\n<\/ul>\n<p>Adresa dumneavoastr\u0103 IP poate fi folosit\u0103 pentru a determina loca\u021bia dumneavoastr\u0103 real\u0103, ceea ce ne ajut\u0103 s\u0103 \u00eembun\u0103t\u0103\u021bim calitatea serviciilor \u0219i s\u0103 personaliz\u0103m Site-ul (inclusiv Notific\u0103rile).<\/p>\n<p>De asemenea, Site-ul utilizeaz\u0103 stocarea \u00een cache a browser-ului pentru a reduce timpul de \u00eenc\u0103rcare \u0219i pentru a \u00eembun\u0103t\u0103\u021bi experien\u021ba utilizatorului, stoc\u00e2nd date \u00eentre sesiuni, chiar \u0219i dup\u0103 ce browser-ul este repornit.<\/p>\n<h4><strong>Servicii de la ter\u021bi<\/strong><\/h4>\n<h5><strong>Analiza, publicitate \u0219i securitate<\/strong><\/h5>\n<p>Pentru a asigura securitatea Site-ului \u0219i pentru a colecta \u0219i analiza datele referitoare la performan\u021ba acestuia, utiliz\u0103m servicii de la ter\u021bi, inclusiv:<\/p>\n<ul>\n<li><strong>Google Analytics<\/strong> \u2013 pentru a urm\u0103ri traficul pe Site \u0219i pentru a analiza performan\u021ba acestuia;<\/li>\n<li><strong>Google reCAPTCHA<\/strong> \u2013 pentru a spori securitatea \u0219i pentru a proteja \u00eempotriva atacurilor automate;<\/li>\n<li><strong>Facebook Pixel<\/strong> \u2013 pentru a urm\u0103ri traficul \u0219i a optimiza campaniile publicitare.<\/li>\n<\/ul>\n<p>Aceste servicii colecteaz\u0103 \u0219i utilizeaz\u0103 datele conform politicilor lor proprii de confiden\u021bialitate. Pentru mai multe informa\u021bii despre cum colecteaz\u0103 \u0219i prelucreaz\u0103 datele Google, vizita\u021bi <strong>Politica de Confiden\u021bialitate Google<\/strong>. Detalii despre datele colectate de Facebook pot fi g\u0103site \u00een <strong>Politica de Confiden\u021bialitate Facebook<\/strong>.<\/p>\n","protected":false},"excerpt":{"rendered":"<p>Politica de Confiden\u021bialitate a Playlottoonline (denumit\u0103 \u00een continuare \u201ePolitica\u201d) se aplic\u0103 site-ului Playlottoonline.net (denumit \u00een continuare \u201eSite-ul\u201d). Site-ul este operat de compania LLL World Marketing Limited, cu sediul \u00een Peiraios 30, primul etaj, biroul 1, 2023 Strovolos, Nicosia \u2013 Cipru. Prin utilizarea Site-ului, sunte\u021bi de acord cu aceast\u0103 Politic\u0103 de Confiden\u021bialitate \u0219i cu Termenii \u0219i [&hellip;]<\/p>\n","protected":false},"author":7,"featured_media":0,"parent":0,"menu_order":0,"comment_status":"closed","ping_status":"closed","template":"","meta":{"_et_pb_use_builder":"","_et_pb_old_content":"","_et_gb_content_width":"","exclude_from_search":false,"footnotes":""},"class_list":["post-72967","page","type-page","status-publish","hentry"],"yoast_head":"<!-- This site is optimized with the Yoast SEO plugin v23.3 - https:\/\/yoast.com\/wordpress\/plugins\/seo\/ -->\n<title>Politica de Confiden\u021bialitate - Lotto Online - Crack The International Lottery Jackpots<\/title>\n<meta name=\"robots\" content=\"index, follow, max-snippet:-1, max-image-preview:large, max-video-preview:-1\" \/>\n<link rel=\"canonical\" href=\"https:\/\/jackpotlotteryonline.com\/privacy-policy-2\/\" \/>\n<meta property=\"og:locale\" content=\"ro_RO\" \/>\n<meta property=\"og:type\" content=\"article\" \/>\n<meta property=\"og:title\" content=\"Politica de Confiden\u021bialitate - Lotto Online - Crack The International Lottery Jackpots\" \/>\n<meta property=\"og:description\" content=\"Politica de Confiden\u021bialitate a Playlottoonline (denumit\u0103 \u00een continuare \u201ePolitica\u201d) se aplic\u0103 site-ului Playlottoonline.net (denumit \u00een continuare \u201eSite-ul\u201d). Site-ul este operat de compania LLL World Marketing Limited, cu sediul \u00een Peiraios 30, primul etaj, biroul 1, 2023 Strovolos, Nicosia \u2013 Cipru. Prin utilizarea Site-ului, sunte\u021bi de acord cu aceast\u0103 Politic\u0103 de Confiden\u021bialitate \u0219i cu Termenii \u0219i [&hellip;]\" \/>\n<meta property=\"og:url\" content=\"https:\/\/jackpotlotteryonline.com\/privacy-policy-2\/\" \/>\n<meta property=\"og:site_name\" content=\"Lotto Online - Crack The International Lottery Jackpots\" \/>\n<meta name=\"twitter:card\" content=\"summary_large_image\" \/>\n<meta name=\"twitter:label1\" content=\"Timp estimat pentru citire\" \/>\n\t<meta name=\"twitter:data1\" content=\"3 minute\" \/>\n<!-- \/ Yoast SEO plugin. -->","yoast_head_json":{"title":"Politica de Confiden\u021bialitate - Lotto Online - Crack The International Lottery Jackpots","robots":{"index":"index","follow":"follow","max-snippet":"max-snippet:-1","max-image-preview":"max-image-preview:large","max-video-preview":"max-video-preview:-1"},"canonical":"https:\/\/jackpotlotteryonline.com\/privacy-policy-2\/","og_locale":"ro_RO","og_type":"article","og_title":"Politica de Confiden\u021bialitate - Lotto Online - Crack The International Lottery Jackpots","og_description":"Politica de Confiden\u021bialitate a Playlottoonline (denumit\u0103 \u00een continuare \u201ePolitica\u201d) se aplic\u0103 site-ului Playlottoonline.net (denumit \u00een continuare \u201eSite-ul\u201d). Site-ul este operat de compania LLL World Marketing Limited, cu sediul \u00een Peiraios 30, primul etaj, biroul 1, 2023 Strovolos, Nicosia \u2013 Cipru. Prin utilizarea Site-ului, sunte\u021bi de acord cu aceast\u0103 Politic\u0103 de Confiden\u021bialitate \u0219i cu Termenii \u0219i [&hellip;]","og_url":"https:\/\/jackpotlotteryonline.com\/privacy-policy-2\/","og_site_name":"Lotto Online - Crack The International Lottery Jackpots","twitter_card":"summary_large_image","twitter_misc":{"Timp estimat pentru citire":"3 minute"},"schema":{"@context":"https:\/\/schema.org","@graph":[{"@type":"WebPage","@id":"https:\/\/jackpotlotteryonline.com\/privacy-policy-2\/","url":"https:\/\/jackpotlotteryonline.com\/privacy-policy-2\/","name":"Politica de Confiden\u021bialitate - Lotto Online - Crack The International Lottery Jackpots","isPartOf":{"@id":"https:\/\/jackpotlotteryonline.com\/#website"},"datePublished":"2025-02-02T17:35:30+00:00","dateModified":"2025-02-02T17:35:30+00:00","breadcrumb":{"@id":"https:\/\/jackpotlotteryonline.com\/privacy-policy-2\/#breadcrumb"},"inLanguage":"ro-RO","potentialAction":[{"@type":"ReadAction","target":["https:\/\/jackpotlotteryonline.com\/privacy-policy-2\/"]}]},{"@type":"BreadcrumbList","@id":"https:\/\/jackpotlotteryonline.com\/privacy-policy-2\/#breadcrumb","itemListElement":[{"@type":"ListItem","position":1,"name":"Home","item":"https:\/\/jackpotlotteryonline.com\/ro\/"},{"@type":"ListItem","position":2,"name":"Politica de Confiden\u021bialitate"}]},{"@type":"WebSite","@id":"https:\/\/jackpotlotteryonline.com\/#website","url":"https:\/\/jackpotlotteryonline.com\/","name":"Lotto Online - Crack The International Lottery Jackpots","description":"","potentialAction":[{"@type":"SearchAction","target":{"@type":"EntryPoint","urlTemplate":"https:\/\/jackpotlotteryonline.com\/?s={search_term_string}"},"query-input":"required name=search_term_string"}],"inLanguage":"ro-RO"}]}},"_links":{"self":[{"href":"https:\/\/jackpotlotteryonline.com\/ro\/wp-json\/wp\/v2\/pages\/72967","targetHints":{"allow":["GET"]}}],"collection":[{"href":"https:\/\/jackpotlotteryonline.com\/ro\/wp-json\/wp\/v2\/pages"}],"about":[{"href":"https:\/\/jackpotlotteryonline.com\/ro\/wp-json\/wp\/v2\/types\/page"}],"author":[{"embeddable":true,"href":"https:\/\/jackpotlotteryonline.com\/ro\/wp-json\/wp\/v2\/users\/7"}],"replies":[{"embeddable":true,"href":"https:\/\/jackpotlotteryonline.com\/ro\/wp-json\/wp\/v2\/comments?post=72967"}],"version-history":[{"count":0,"href":"https:\/\/jackpotlotteryonline.com\/ro\/wp-json\/wp\/v2\/pages\/72967\/revisions"}],"wp:attachment":[{"href":"https:\/\/jackpotlotteryonline.com\/ro\/wp-json\/wp\/v2\/media?parent=72967"}],"curies":[{"name":"wp","href":"https:\/\/api.w.org\/{rel}","templated":true}]}}