{"id":73032,"date":"2025-02-02T18:34:41","date_gmt":"2025-02-02T18:34:41","guid":{"rendered":"https:\/\/jackpotlotteryonline.com\/?page_id=73032"},"modified":"2025-02-02T18:34:41","modified_gmt":"2025-02-02T18:34:41","slug":"termeni-si-conditii","status":"publish","type":"page","link":"https:\/\/jackpotlotteryonline.com\/ro\/termeni-si-conditii\/","title":{"rendered":"Termeni \u0219i condi\u021bii"},"content":{"rendered":"<p>Termenii \u0219i condi\u021biile Jackpot Lottery Online (denumi\u021bi \u00een continuare Termeni de utilizare) se aplic\u0103 site-ului web jackpotlotteryonline.com (denumit \u00een continuare Site) operat de LLL World Marketing Limited, Peiraios 30, 1st floor, office 1, 2023 Strovolos, Nicosia &#8211; Cipru.<\/p>\n<p>Prin afi\u0219area, navigarea sau utilizarea \u00een orice mod a site-ului jackpotlotteryonline.com, juc\u0103torul se supune urm\u0103toarelor condi\u021bii de utilizare, precum \u0219i politicii noastre de confiden\u021bialitate. \u00cen cazul \u00een care Juc\u0103torul nu este de acord cu niciunul dintre acestea, \u00eel rug\u0103m pe Juc\u0103tor s\u0103 nu mai utilizeze jackpotlotteryonline.com.<\/p>\n<p>Pentru orice \u00eentreb\u0103ri privind Termenii de utilizare sau Politica noastr\u0103 de confiden\u021bialitate, contacta\u021bi-ne prin intermediul formularului nostru de contact.<\/p>\n<p>Ace\u0219ti Termeni de utilizare vor fi guverna\u021bi de legile din Cipru.<\/p>\n<p>1. Defini\u021bii<br \/>\nLoterie &#8211; Un joc cu numere \u00een cadrul c\u0103ruia are loc o extragere.<br \/>\nExtragere &#8211; Extragerea unei anumite cantit\u0103\u021bi de numere din anumite intervale de numere standard sau de numere standard \u0219i bonus \u00een cadrul unei anumite loterii. Extragerile au loc \u00een mod repetat \u00een zilele \u0219i orele stabilite de operatorul unei anumite loterii.<br \/>\nOperator &#8211; Entitatea care organizeaz\u0103 tragerea la sor\u021bi \u00een cadrul unei anumite loterii.<br \/>\nJuc\u0103tor &#8211; O persoan\u0103 care particip\u0103 la una dintre loteriile oferite pe jackpotlotteryonline.com.<br \/>\nBilet &#8211; Un bilet electronic pentru o extragere selectat\u0103 de juc\u0103tor pentru o anumit\u0103 loterie care con\u021bine una sau mai multe linii.<br \/>\nLinie &#8211; Un singur set de numere selectat de juc\u0103tor pentru o anumit\u0103 extragere la Loterie. \u00cen func\u021bie de Loterie, aceasta poate con\u021bine o sum\u0103 diferit\u0103 \u0219i\/sau un alt grup (dintr-un interval diferit) pentru numerele standard \u0219i bonus (dac\u0103 acestea exist\u0103).<br \/>\nC\u00e2\u0219tiguri &#8211; Suma c\u00e2\u0219tigat\u0103 \u00een cazul \u00een care o linie creat\u0103 de un Juc\u0103tor se potrive\u0219te cu un set predefinit de numere extrase \u00een cadrul unei Extrageri pentru care a fost cump\u0103rat Biletul care con\u021bine linia.<br \/>\nDepozit &#8211; Fondurile depuse \u00een contul unui juc\u0103tor pentru a fi utilizate ulterior pentru a cump\u0103ra bilete.<br \/>\nCont &#8211; Contul de utilizator al Juc\u0103torului, c\u0103ruia \u00eei sunt alocate fondurile Juc\u0103torului, Biletele cump\u0103rate \u0219i datele Juc\u0103torului.<br \/>\n2. 2. Informa\u021bii generale<br \/>\n2.1 Site-ul jackpotlotteryonline.com ofer\u0103 acces la loterii prin intermediul unei platforme online.<br \/>\n2.2 Juc\u0103torii trebuie s\u0103 aib\u0103 cel pu\u021bin 18 ani pentru a utiliza site-ul web.<br \/>\n2.3 Este responsabilitatea Juc\u0103torului s\u0103 verifice dac\u0103 participarea la loteriile online este legal\u0103 \u00een jurisdic\u021bia sa.<br \/>\n2.4 Compania LLL World Marketing Limited nu este un operator oficial de loterii. Serviciile oferite sunt legate de accesarea biletelor de loterie.<\/p>\n<p>3. Contul de utilizator<br \/>\n3.1 Juc\u0103torii trebuie s\u0103 \u00eenregistreze un Cont pe jackpotlotteryonline.com pentru a achizi\u021biona Bilete.<br \/>\n3.2 Datele personale furnizate \u00een timpul \u00eenregistr\u0103rii trebuie s\u0103 fie exacte. Orice informa\u021bie fals\u0103 sau \u00een\u0219el\u0103toare poate duce la suspendarea sau \u00eenchiderea Contului.<br \/>\n3.3 Juc\u0103torii sunt responsabili pentru p\u0103strarea confiden\u021bialit\u0103\u021bii creden\u021bialelor lor de conectare. Compania nu va fi responsabil\u0103 pentru accesul neautorizat datorat neglijen\u021bei.<\/p>\n<p>4. Depozite \u0219i pl\u0103\u021bi<br \/>\n4.1 Depozitele pot fi f\u0103cute prin metodele de plat\u0103 disponibile pe jackpotlotteryonline.com.<br \/>\n4.2 Juc\u0103torii sunt responsabili s\u0103 se asigure c\u0103 au suficiente fonduri \u00een contul lor pentru a cump\u0103ra bilete.<br \/>\n4.3 Toate pl\u0103\u021bile sunt procesate \u00een siguran\u021b\u0103. Compania \u00ee\u0219i rezerv\u0103 dreptul de a solicita verific\u0103ri suplimentare dac\u0103 este necesar.<\/p>\n<p>5. Achizi\u021bionarea de Bilete<br \/>\n5.1 Juc\u0103torii pot achizi\u021biona Bilete pentru diverse loterii oferite pe jackpotlotteryonline.com.<br \/>\n5.2 Biletele sunt considerate valabile numai dup\u0103 confirmarea pl\u0103\u021bii cu succes.<\/p>\n<p>6. C\u00e2\u0219tigurile<br \/>\n6.1 C\u00e2\u0219tigurile sunt calculate pe baza concordan\u021bei dintre numerele selectate de juc\u0103tor \u0219i numerele extrase de operatorul oficial al loteriei.<br \/>\n6.2 Compania va depune toate eforturile pentru a distribui prompt c\u00e2\u0219tigurile c\u0103tre Juc\u0103tor.<br \/>\n6.3 C\u00e2\u0219tigurile mari pot necesita o verificare suplimentar\u0103 a identit\u0103\u021bii \u00eenainte de a fi distribuite Juc\u0103torului.<\/p>\n<p>7. 7. Limitarea r\u0103spunderii<br \/>\n7.1 Compania nu este responsabil\u0103 pentru orice erori tehnice sau \u00eentreruperi care pot ap\u0103rea \u00een timpul utiliz\u0103rii jackpotlotteryonline.com.<br \/>\n7.2 \u00cen nici un caz Compania nu va fi tras\u0103 la r\u0103spundere pentru daunele indirecte, accidentale sau consecvente care rezult\u0103 din utilizarea site-ului.<\/p>\n<p>8. Rezilierea<br \/>\n8.1 Compania \u00ee\u0219i rezerv\u0103 dreptul de a rezilia sau suspenda Contul oric\u0103rui juc\u0103tor pentru \u00eenc\u0103lcarea Termenilor de utilizare.<br \/>\n8.2 Juc\u0103torii pot solicita \u00eenchiderea Contului \u00een orice moment prin contactarea asisten\u021bei prin intermediul formularului de contact.<\/p>\n<p>9. Legea aplicabil\u0103<br \/>\n9.1 Ace\u0219ti Termeni de utilizare vor fi guverna\u021bi \u0219i interpreta\u021bi \u00een conformitate cu legile din Cipru.<\/p>\n<p>Prin utilizarea jackpotlotteryonline.com, Juc\u0103torul este de acord s\u0103 respecte to\u021bi Termenii de utilizare de mai sus.<\/p>\n","protected":false},"excerpt":{"rendered":"<p>Termenii \u0219i condi\u021biile Jackpot Lottery Online (denumi\u021bi \u00een continuare Termeni de utilizare) se aplic\u0103 site-ului web jackpotlotteryonline.com (denumit \u00een continuare Site) operat de LLL World Marketing Limited, Peiraios 30, 1st floor, office 1, 2023 Strovolos, Nicosia &#8211; Cipru. Prin afi\u0219area, navigarea sau utilizarea \u00een orice mod a site-ului jackpotlotteryonline.com, juc\u0103torul se supune urm\u0103toarelor condi\u021bii de [&hellip;]<\/p>\n","protected":false},"author":7,"featured_media":0,"parent":0,"menu_order":0,"comment_status":"closed","ping_status":"closed","template":"","meta":{"_et_pb_use_builder":"","_et_pb_old_content":"","_et_gb_content_width":"","exclude_from_search":false,"footnotes":""},"class_list":["post-73032","page","type-page","status-publish","hentry"],"yoast_head":"<!-- This site is optimized with the Yoast SEO plugin v23.3 - https:\/\/yoast.com\/wordpress\/plugins\/seo\/ -->\n<title>Termeni \u0219i condi\u021bii - Lotto Online - Crack The International Lottery Jackpots<\/title>\n<meta name=\"robots\" content=\"index, follow, max-snippet:-1, max-image-preview:large, max-video-preview:-1\" \/>\n<link rel=\"canonical\" href=\"https:\/\/jackpotlotteryonline.com\/ro\/termeni-si-conditii\/\" \/>\n<meta property=\"og:locale\" content=\"ro_RO\" \/>\n<meta property=\"og:type\" content=\"article\" \/>\n<meta property=\"og:title\" content=\"Termeni \u0219i condi\u021bii - Lotto Online - Crack The International Lottery Jackpots\" \/>\n<meta property=\"og:description\" content=\"Termenii \u0219i condi\u021biile Jackpot Lottery Online (denumi\u021bi \u00een continuare Termeni de utilizare) se aplic\u0103 site-ului web jackpotlotteryonline.com (denumit \u00een continuare Site) operat de LLL World Marketing Limited, Peiraios 30, 1st floor, office 1, 2023 Strovolos, Nicosia &#8211; Cipru. Prin afi\u0219area, navigarea sau utilizarea \u00een orice mod a site-ului jackpotlotteryonline.com, juc\u0103torul se supune urm\u0103toarelor condi\u021bii de [&hellip;]\" \/>\n<meta property=\"og:url\" content=\"https:\/\/jackpotlotteryonline.com\/ro\/termeni-si-conditii\/\" \/>\n<meta property=\"og:site_name\" content=\"Lotto Online - Crack The International Lottery Jackpots\" \/>\n<meta name=\"twitter:card\" content=\"summary_large_image\" \/>\n<meta name=\"twitter:label1\" content=\"Timp estimat pentru citire\" \/>\n\t<meta name=\"twitter:data1\" content=\"4 minute\" \/>\n<!-- \/ Yoast SEO plugin. -->","yoast_head_json":{"title":"Termeni \u0219i condi\u021bii - Lotto Online - Crack The International Lottery Jackpots","robots":{"index":"index","follow":"follow","max-snippet":"max-snippet:-1","max-image-preview":"max-image-preview:large","max-video-preview":"max-video-preview:-1"},"canonical":"https:\/\/jackpotlotteryonline.com\/ro\/termeni-si-conditii\/","og_locale":"ro_RO","og_type":"article","og_title":"Termeni \u0219i condi\u021bii - Lotto Online - Crack The International Lottery Jackpots","og_description":"Termenii \u0219i condi\u021biile Jackpot Lottery Online (denumi\u021bi \u00een continuare Termeni de utilizare) se aplic\u0103 site-ului web jackpotlotteryonline.com (denumit \u00een continuare Site) operat de LLL World Marketing Limited, Peiraios 30, 1st floor, office 1, 2023 Strovolos, Nicosia &#8211; Cipru. Prin afi\u0219area, navigarea sau utilizarea \u00een orice mod a site-ului jackpotlotteryonline.com, juc\u0103torul se supune urm\u0103toarelor condi\u021bii de [&hellip;]","og_url":"https:\/\/jackpotlotteryonline.com\/ro\/termeni-si-conditii\/","og_site_name":"Lotto Online - Crack The International Lottery Jackpots","twitter_card":"summary_large_image","twitter_misc":{"Timp estimat pentru citire":"4 minute"},"schema":{"@context":"https:\/\/schema.org","@graph":[{"@type":"WebPage","@id":"https:\/\/jackpotlotteryonline.com\/ro\/termeni-si-conditii\/","url":"https:\/\/jackpotlotteryonline.com\/ro\/termeni-si-conditii\/","name":"Termeni \u0219i condi\u021bii - Lotto Online - Crack The International Lottery Jackpots","isPartOf":{"@id":"https:\/\/jackpotlotteryonline.com\/#website"},"datePublished":"2025-02-02T18:34:41+00:00","dateModified":"2025-02-02T18:34:41+00:00","breadcrumb":{"@id":"https:\/\/jackpotlotteryonline.com\/ro\/termeni-si-conditii\/#breadcrumb"},"inLanguage":"ro-RO","potentialAction":[{"@type":"ReadAction","target":["https:\/\/jackpotlotteryonline.com\/ro\/termeni-si-conditii\/"]}]},{"@type":"BreadcrumbList","@id":"https:\/\/jackpotlotteryonline.com\/ro\/termeni-si-conditii\/#breadcrumb","itemListElement":[{"@type":"ListItem","position":1,"name":"Home","item":"https:\/\/jackpotlotteryonline.com\/ro\/"},{"@type":"ListItem","position":2,"name":"Termeni \u0219i condi\u021bii"}]},{"@type":"WebSite","@id":"https:\/\/jackpotlotteryonline.com\/#website","url":"https:\/\/jackpotlotteryonline.com\/","name":"Lotto Online - Crack The International Lottery Jackpots","description":"","potentialAction":[{"@type":"SearchAction","target":{"@type":"EntryPoint","urlTemplate":"https:\/\/jackpotlotteryonline.com\/?s={search_term_string}"},"query-input":"required name=search_term_string"}],"inLanguage":"ro-RO"}]}},"_links":{"self":[{"href":"https:\/\/jackpotlotteryonline.com\/ro\/wp-json\/wp\/v2\/pages\/73032","targetHints":{"allow":["GET"]}}],"collection":[{"href":"https:\/\/jackpotlotteryonline.com\/ro\/wp-json\/wp\/v2\/pages"}],"about":[{"href":"https:\/\/jackpotlotteryonline.com\/ro\/wp-json\/wp\/v2\/types\/page"}],"author":[{"embeddable":true,"href":"https:\/\/jackpotlotteryonline.com\/ro\/wp-json\/wp\/v2\/users\/7"}],"replies":[{"embeddable":true,"href":"https:\/\/jackpotlotteryonline.com\/ro\/wp-json\/wp\/v2\/comments?post=73032"}],"version-history":[{"count":0,"href":"https:\/\/jackpotlotteryonline.com\/ro\/wp-json\/wp\/v2\/pages\/73032\/revisions"}],"wp:attachment":[{"href":"https:\/\/jackpotlotteryonline.com\/ro\/wp-json\/wp\/v2\/media?parent=73032"}],"curies":[{"name":"wp","href":"https:\/\/api.w.org\/{rel}","templated":true}]}}