{"id":77631,"date":"2025-03-21T17:49:59","date_gmt":"2025-03-21T17:49:59","guid":{"rendered":"https:\/\/jackpotlotteryonline.com\/?page_id=77631"},"modified":"2025-03-21T17:49:59","modified_gmt":"2025-03-21T17:49:59","slug":"de-unde-puteti-cumpara-bilete-de-loterie-din-new-york-in-afara-sua","status":"publish","type":"page","link":"https:\/\/jackpotlotteryonline.com\/ro\/cumpara-bilete\/de-unde-puteti-cumpara-bilete-de-loterie-din-new-york-in-afara-sua\/","title":{"rendered":"De unde pute\u021bi cump\u0103ra bilete de loterie din New York \u00een afara SUA?"},"content":{"rendered":"<p>Acele jackpot-uri din New York sunt absolut uria\u0219e \u2013 sunt practic legendare. Oamenii din \u00eentreaga lume \u00eei urm\u0103resc! Dar oamenii care nu sunt \u00een S.U.A.? Pute\u021bi cump\u0103ra bilete la Loteria New York din afara SUA Absolut! Ghici ce? JackpotLottery v\u0103 permite s\u0103 ob\u021bine\u021bi bilete reale la Loteria New York online, cum ar fi, de oriunde de pe planet\u0103!<\/p>\n<h2>Pute\u021bi cump\u0103ra bilete de loterie din New York din afara SUA?<\/h2>\n<p>Total! A\u0219adar, chiar dac\u0103 nu e\u0219ti \u00een New York sau chiar \u00een America, po\u021bi \u00een continuare s\u0103 participi la Loteria New York. Cu JackpotLottery, juc\u0103torii interna\u021bionali pot cump\u0103ra \u00een siguran\u021b\u0103 bilete de loterie de oriunde. Acest lucru niveleaz\u0103 terenul de joc, oferindu-v\u0103 \u0219anse identice de a c\u00e2\u0219tiga ca \u0219i cum a\u021bi cump\u0103ra un bilet personal. Practic, JackpotLottery are pe cineva s\u0103-\u021bi cumpere biletul pentru tine, cum ar fi un cump\u0103r\u0103tor personal de loterie. Ve\u021bi primi o copie scanat\u0103 a biletului oficial \u00een contul dvs., oferind o dovad\u0103 clar\u0103 a achizi\u021biei dvs. \u0219i un plus de securitate.<\/p>\n<h3>Cum s\u0103 cump\u0103ra\u021bi bilete de loterie din New York online cu JackpotLottery<img loading=\"lazy\" decoding=\"async\" class=\" wp-image-29318 alignright\" src=\"https:\/\/jackpotlotteryonline.com\/wp-content\/uploads\/2022\/11\/1_play_online4-300x200.jpg Loteria din New York alt=\"yCan You.jpg\" width=\"262\" height=\"174\" \/><\/h3>\n<p>Jocul la loteria New York la nivel interna\u021bional este foarte accesibil atunci c\u00e2nd utiliza\u021bi Jackpotlottery. Aceste instruc\u021biuni u\u0219oare v\u0103 vor ghida:<\/p>\n<p>1. \u00cencepe\u021bi prin a v\u0103 \u00eenscrie. \u00cencepe\u021bi cu JackpotLottery introduc\u00e2nd detaliile \u0219i verific\u00e2ndu-v\u0103 identitatea acum. \u00cen acest fel, totul este \u00een siguran\u021b\u0103 \u0219i nu ve\u021bi avea probleme \u00een ob\u021binerea c\u00e2\u0219tigurilor.<br \/>\n2. \u00cen sec\u021biunea Loterie, alege\u021bi Loteria New York. Dac\u0103 sunte\u021bi dup\u0103 un jackpot mare, Loto din New York este o op\u021biune foarte popular\u0103.<br \/>\n3. Acum, alege\u021bi numerele dvs. Ave\u021bi op\u021biunea de a selecta manual \u0219ase numere de la 1 la 59 sau pute\u021bi utiliza func\u021bia Quick Pick pentru ca sistemul s\u0103 le genereze aleatoriu pentru dvs.<br \/>\n4. Continua\u021bi cu achizi\u021bia biletului. Alege\u021bi dintre metodele noastre de plat\u0103 disponibile pentru a v\u0103 cump\u0103ra \u00een mod convenabil biletul. Dup\u0103 confirmarea cu succes a achizi\u021biei, JackpotLottery va continua cu achizi\u021bionarea unui bilet oficial pe numele dumneavoastr\u0103.<\/p>\n<p>5. Afla\u021bi rezultatele extragerii.<br \/>\nAfla\u021bi imediat dac\u0103 a\u021bi lovit jackpot-ul.<br \/>\n6. Garan\u021bia de plat\u0103 verificat\u0103<br \/>\nC\u00e2\u0219tigurile mici ajung direct \u00een contul t\u0103u, iar pentru cele mari, JackpotLottery se ocup\u0103 de tot.<\/p>\n<p><strong>Joac\u0103 ast\u0103zi la Loteria New York<\/strong><br \/>\nAcum \u0219tii cum s\u0103 joci din str\u0103in\u0103tate, mergi mai departe \u0219i \u00eencearc\u0103 s\u0103 c\u00e2\u0219tigi mare la Loteria New York. Intr\u0103 \u00een ac\u021biune! \u00censcrie\u021bi-v\u0103 la JackpotLottery, lua\u021bi-v\u0103 biletul \u0219i fi\u021bi parte la extragerea palpitant\u0103 a loteriei din America! Mai e\u0219ti la doar un bilet de a-\u021bi realiza visele la jackpot.<\/p>\n","protected":false},"excerpt":{"rendered":"<p>Acele jackpot-uri din New York sunt absolut uria\u0219e \u2013 sunt practic legendare. Oamenii din \u00eentreaga lume \u00eei urm\u0103resc! Dar oamenii care nu sunt \u00een S.U.A.? Pute\u021bi cump\u0103ra bilete la Loteria New York din afara SUA Absolut! Ghici ce? JackpotLottery v\u0103 permite s\u0103 ob\u021bine\u021bi bilete reale la Loteria New York online, cum ar fi, de oriunde [&hellip;]<\/p>\n","protected":false},"author":7,"featured_media":0,"parent":35774,"menu_order":0,"comment_status":"closed","ping_status":"closed","template":"","meta":{"_et_pb_use_builder":"","_et_pb_old_content":"","_et_gb_content_width":"","exclude_from_search":false,"footnotes":""},"class_list":["post-77631","page","type-page","status-publish","hentry"],"yoast_head":"<!-- This site is optimized with the Yoast SEO plugin v23.3 - https:\/\/yoast.com\/wordpress\/plugins\/seo\/ -->\n<title>Pute\u021bi cump\u0103ra bilete de loterie din New York din afara SUA?<\/title>\n<meta name=\"description\" content=\"V\u0103 \u00eentreba\u021bi dac\u0103 pute\u021bi cump\u0103ra bilete la Loteria New York din afara SUA? Descoperi\u021bi cele mai bune modalit\u0103\u021bi de a juca online \u0219i de a revendica premii la nivel interna\u021bional!\" \/>\n<meta name=\"robots\" content=\"index, follow, max-snippet:-1, max-image-preview:large, max-video-preview:-1\" \/>\n<link rel=\"canonical\" href=\"https:\/\/jackpotlotteryonline.com\/where-can-you-buy-new-york-lottery-tickets-outside-the-usa\/\" \/>\n<meta property=\"og:locale\" content=\"ro_RO\" \/>\n<meta property=\"og:type\" content=\"article\" \/>\n<meta property=\"og:title\" content=\"Pute\u021bi cump\u0103ra bilete de loterie din New York din afara SUA?\" \/>\n<meta property=\"og:description\" content=\"V\u0103 \u00eentreba\u021bi dac\u0103 pute\u021bi cump\u0103ra bilete la Loteria New York din afara SUA? Descoperi\u021bi cele mai bune modalit\u0103\u021bi de a juca online \u0219i de a revendica premii la nivel interna\u021bional!\" \/>\n<meta property=\"og:url\" content=\"https:\/\/jackpotlotteryonline.com\/where-can-you-buy-new-york-lottery-tickets-outside-the-usa\/\" \/>\n<meta property=\"og:site_name\" content=\"Lotto Online - Crack The International Lottery Jackpots\" \/>\n<meta name=\"twitter:card\" content=\"summary_large_image\" \/>\n<!-- \/ Yoast SEO plugin. -->","yoast_head_json":{"title":"Pute\u021bi cump\u0103ra bilete de loterie din New York din afara SUA?","description":"V\u0103 \u00eentreba\u021bi dac\u0103 pute\u021bi cump\u0103ra bilete la Loteria New York din afara SUA? Descoperi\u021bi cele mai bune modalit\u0103\u021bi de a juca online \u0219i de a revendica premii la nivel interna\u021bional!","robots":{"index":"index","follow":"follow","max-snippet":"max-snippet:-1","max-image-preview":"max-image-preview:large","max-video-preview":"max-video-preview:-1"},"canonical":"https:\/\/jackpotlotteryonline.com\/where-can-you-buy-new-york-lottery-tickets-outside-the-usa\/","og_locale":"ro_RO","og_type":"article","og_title":"Pute\u021bi cump\u0103ra bilete de loterie din New York din afara SUA?","og_description":"V\u0103 \u00eentreba\u021bi dac\u0103 pute\u021bi cump\u0103ra bilete la Loteria New York din afara SUA? Descoperi\u021bi cele mai bune modalit\u0103\u021bi de a juca online \u0219i de a revendica premii la nivel interna\u021bional!","og_url":"https:\/\/jackpotlotteryonline.com\/where-can-you-buy-new-york-lottery-tickets-outside-the-usa\/","og_site_name":"Lotto Online - Crack The International Lottery Jackpots","twitter_card":"summary_large_image","schema":{"@context":"https:\/\/schema.org","@graph":[{"@type":"WebPage","@id":"https:\/\/jackpotlotteryonline.com\/where-can-you-buy-new-york-lottery-tickets-outside-the-usa\/","url":"https:\/\/jackpotlotteryonline.com\/where-can-you-buy-new-york-lottery-tickets-outside-the-usa\/","name":"Pute\u021bi cump\u0103ra bilete de loterie din New York din afara SUA?","isPartOf":{"@id":"https:\/\/jackpotlotteryonline.com\/#website"},"datePublished":"2025-03-21T17:49:59+00:00","dateModified":"2025-03-21T17:49:59+00:00","description":"V\u0103 \u00eentreba\u021bi dac\u0103 pute\u021bi cump\u0103ra bilete la Loteria New York din afara SUA? Descoperi\u021bi cele mai bune modalit\u0103\u021bi de a juca online \u0219i de a revendica premii la nivel interna\u021bional!","breadcrumb":{"@id":"https:\/\/jackpotlotteryonline.com\/where-can-you-buy-new-york-lottery-tickets-outside-the-usa\/#breadcrumb"},"inLanguage":"ro-RO","potentialAction":[{"@type":"ReadAction","target":["https:\/\/jackpotlotteryonline.com\/where-can-you-buy-new-york-lottery-tickets-outside-the-usa\/"]}]},{"@type":"BreadcrumbList","@id":"https:\/\/jackpotlotteryonline.com\/where-can-you-buy-new-york-lottery-tickets-outside-the-usa\/#breadcrumb","itemListElement":[{"@type":"ListItem","position":1,"name":"Home","item":"https:\/\/jackpotlotteryonline.com\/ro\/"},{"@type":"ListItem","position":2,"name":"De unde pute\u021bi cump\u0103ra bilete de loterie din New York \u00een afara SUA?"}]},{"@type":"WebSite","@id":"https:\/\/jackpotlotteryonline.com\/#website","url":"https:\/\/jackpotlotteryonline.com\/","name":"Lotto Online - Crack The International Lottery Jackpots","description":"","potentialAction":[{"@type":"SearchAction","target":{"@type":"EntryPoint","urlTemplate":"https:\/\/jackpotlotteryonline.com\/?s={search_term_string}"},"query-input":"required name=search_term_string"}],"inLanguage":"ro-RO"}]}},"_links":{"self":[{"href":"https:\/\/jackpotlotteryonline.com\/ro\/wp-json\/wp\/v2\/pages\/77631","targetHints":{"allow":["GET"]}}],"collection":[{"href":"https:\/\/jackpotlotteryonline.com\/ro\/wp-json\/wp\/v2\/pages"}],"about":[{"href":"https:\/\/jackpotlotteryonline.com\/ro\/wp-json\/wp\/v2\/types\/page"}],"author":[{"embeddable":true,"href":"https:\/\/jackpotlotteryonline.com\/ro\/wp-json\/wp\/v2\/users\/7"}],"replies":[{"embeddable":true,"href":"https:\/\/jackpotlotteryonline.com\/ro\/wp-json\/wp\/v2\/comments?post=77631"}],"version-history":[{"count":1,"href":"https:\/\/jackpotlotteryonline.com\/ro\/wp-json\/wp\/v2\/pages\/77631\/revisions"}],"predecessor-version":[{"id":77632,"href":"https:\/\/jackpotlotteryonline.com\/ro\/wp-json\/wp\/v2\/pages\/77631\/revisions\/77632"}],"up":[{"embeddable":true,"href":"https:\/\/jackpotlotteryonline.com\/ro\/wp-json\/wp\/v2\/pages\/35774"}],"wp:attachment":[{"href":"https:\/\/jackpotlotteryonline.com\/ro\/wp-json\/wp\/v2\/media?parent=77631"}],"curies":[{"name":"wp","href":"https:\/\/api.w.org\/{rel}","templated":true}]}}