{"id":77703,"date":"2025-03-22T07:59:20","date_gmt":"2025-03-22T07:59:20","guid":{"rendered":"https:\/\/jackpotlotteryonline.com\/?page_id=77703"},"modified":"2025-03-22T07:59:20","modified_gmt":"2025-03-22T07:59:20","slug":"aflati-rezultatele-de-astazi-pentru-loteria-new-york","status":"publish","type":"page","link":"https:\/\/jackpotlotteryonline.com\/ro\/numere-castigatoare\/aflati-rezultatele-de-astazi-pentru-loteria-new-york\/","title":{"rendered":"Afla\u021bi rezultatele de ast\u0103zi pentru Loteria New York"},"content":{"rendered":"<p>Oamenii sunt mereu \u00eenc\u00e2nta\u021bi de Loteria New York, a\u0219teapt\u0103 s\u0103 vad\u0103 cea mai recent\u0103 extragere. Dac\u0103 ai nevoie de numerele de ast\u0103zi ale Loteriei New York, e\u0219ti exact unde ar trebui s\u0103 fii. Verificarea numerelor tale New York Lotto este rapid\u0103 \u0219i u\u0219oar\u0103, doar c\u00e2teva clicuri.<\/p>\n<h2>Unde pot vedea rezultatele Loteriei din New York pentru ast\u0103zi?<\/h2>\n<p>Este at\u00e2t u\u0219or, c\u00e2t \u0219i convenabil s\u0103 verifica\u021bi rezultatele de ast\u0103zi la Loteria New York. Aici pute\u021bi c\u0103uta numerele c\u00e2\u0219tig\u0103toare;<br \/>\nBaza\u021bi-v\u0103 pe JackpotLottery pentru rezultate la loterie de ultim\u0103 or\u0103 \u0219i op\u021biunea de a cump\u0103ra bilete direct online. Imediat dup\u0103 anun\u021barea rezultatelor, acestea sunt de obicei disponibile pe aceast\u0103 platform\u0103. \u00cen plus, ve\u021bi fi anun\u021bat imediat \u00een cazul unui c\u00e2\u0219tig, asigur\u00e2ndu-v\u0103 c\u0103 nu v\u0103 rata\u021bi c\u00e2\u0219tigurile.<\/p>\n<p><strong>C\u00e2nd sunt extragerile loteriei din New York?<img loading=\"lazy\" decoding=\"async\" class=\" wp-image-51568 alignright\" src=\"https:\/\/jackpotlotteryonline.com\/wp-content\/uploads\/2023\/09\/8.png\" alt=\"Unde pot vedea rezultatele loteriei din New York pentru ast\u0103zi?\" width=\"233\" height=\"233\" srcset=\"https:\/\/jackpotlotteryonline.com\/wp-content\/uploads\/2023\/09\/8.png 300w, https:\/\/jackpotlotteryonline.com\/wp-content\/uploads\/2023\/09\/8-100x100.png 100w, https:\/\/jackpotlotteryonline.com\/wp-content\/uploads\/2023\/09\/8-150x150.png 150w\" sizes=\"auto, (max-width: 233px) 100vw, 233px\" \/><\/strong><\/p>\n<p>Pute\u021bi urm\u0103ri extragerea Loto din New York \u00een fiecare miercuri \u0219i s\u00e2mb\u0103t\u0103, la 23:21, ora de Est. C\u00e2nd utiliza\u021bi aceast\u0103 platform\u0103, ve\u021bi fi mereu actualizat. Num\u0103r\u0103toarea invers\u0103 pentru extragere este \u00eentotdeauna afi\u0219at\u0103 l\u00e2ng\u0103 loterie.<\/p>\n<h3>Cum s\u0103 verifica\u021bi dac\u0103 a\u021bi c\u00e2\u0219tigat la loteria New York<\/h3>\n<ul>\n<li>Dup\u0103 ce a\u021bi ob\u021binut rezultatele de ast\u0103zi la loteria New York, ace\u0219ti pa\u0219i v\u0103 vor ghida prin verificarea biletului.<\/li>\n<li>Compara\u021bi numerele: verifica\u021bi dac\u0103 numerele alese sunt acelea\u0219i cu numerele extrase.<\/li>\n<li>Vede\u021bi dac\u0103 ave\u021bi suplimente: unele jocuri au numere \u0219i multiplicatori bonus.<\/li>\n<li>Pentru a revendica c\u00e2\u0219tiguri, respecta\u021bi procedura noastr\u0103 de revendicare, care variaz\u0103 \u00een func\u021bie de valoarea premiului, implic\u00e2nd posibil revendic\u0103ri online pentru sume mai mici sau verificare personal\u0103 pentru jackpot-uri mari.<\/li>\n<\/ul>\n<h2>Instruc\u021biuni pentru c\u00e2\u0219tig\u0103torii Loteriei New York<\/h2>\n<p>Dac\u0103 c\u00e2\u0219tigi la loterie, via\u021ba ta este pe cale s\u0103 se schimbe, a\u0219a c\u0103 trebuie s\u0103 faci lucrurile cum trebuie.<\/p>\n<ul>\n<li>R\u0103m\u00e2ne\u021bi la nivel \u0219i verifica\u021bi: asigura\u021bi-v\u0103 c\u0103 biletul dvs. corespunde numerelor oficiale \u00eenainte de a s\u0103rb\u0103tori.<\/li>\n<li>Decide\u021bi cum dori\u021bi c\u00e2\u0219tigurile dvs.: jackpot-urile sunt pl\u0103tite de obicei ca o singur\u0103 plat\u0103 sau printr-o serie de pl\u0103\u021bi anuale.<\/li>\n<li>Asigura\u021bi securitatea pe termen lung: solicita\u021bi sfatul unui consilier financiar pentru a v\u0103 gestiona cu \u00een\u021belepciune c\u00e2\u0219tigurile la loterie.<\/li>\n<li>Fi\u021bi con\u0219tien\u021bi de termenele limit\u0103 de revendicare: asigura\u021bi-v\u0103 c\u0103 v\u0103 revendica\u021bi premiul \u00een timpul specificat, deoarece fiecare joc are o limit\u0103.<\/li>\n<\/ul>\n<p><strong>Ob\u021bine\u021bi cele mai recente rezultate la loteria New York instantaneu!<\/strong><\/p>\n<p>Acum c\u0103 \u0219ti\u021bi r\u0103spunsul la; Unde pot vedea rezultatele Loteriei din New York pentru ast\u0103zi, asigura\u021bi-v\u0103 c\u0103 v\u0103 verifica\u021bi frecvent biletele. R\u0103m\u00e2ne\u021bi la curent cu cele mai recente extrageri v\u0103 sporesc \u0219ansele de succes, indiferent dac\u0103 juca\u021bi ocazional sau pentru un jackpot. Ob\u021bine\u021bi toate cele mai recente actualiz\u0103ri de la JackpotLottery \u0219i cre\u0219te\u021bi-v\u0103 \u0219ansele de c\u00e2\u0219tig! V\u0103 dorim toate cele bune.<\/p>\n","protected":false},"excerpt":{"rendered":"<p>Oamenii sunt mereu \u00eenc\u00e2nta\u021bi de Loteria New York, a\u0219teapt\u0103 s\u0103 vad\u0103 cea mai recent\u0103 extragere. Dac\u0103 ai nevoie de numerele de ast\u0103zi ale Loteriei New York, e\u0219ti exact unde ar trebui s\u0103 fii. Verificarea numerelor tale New York Lotto este rapid\u0103 \u0219i u\u0219oar\u0103, doar c\u00e2teva clicuri. Unde pot vedea rezultatele Loteriei din New York pentru [&hellip;]<\/p>\n","protected":false},"author":7,"featured_media":0,"parent":35848,"menu_order":0,"comment_status":"closed","ping_status":"closed","template":"","meta":{"_et_pb_use_builder":"","_et_pb_old_content":"","_et_gb_content_width":"","exclude_from_search":false,"footnotes":""},"class_list":["post-77703","page","type-page","status-publish","hentry"],"yoast_head":"<!-- This site is optimized with the Yoast SEO plugin v23.3 - https:\/\/yoast.com\/wordpress\/plugins\/seo\/ -->\n<title>Unde pot vedea rezultatele loteriei din New York pentru ast\u0103zi<\/title>\n<meta name=\"description\" content=\"Unde pot vedea rezultatele Loteriei New York pentru ast\u0103zi? Afla\u021bi unde s\u0103 verifica\u021bi cele mai recente numere c\u00e2\u0219tig\u0103toare instantaneu \u0219i r\u0103m\u00e2ne\u021bi la curent\" \/>\n<meta name=\"robots\" content=\"index, follow, max-snippet:-1, max-image-preview:large, max-video-preview:-1\" \/>\n<link rel=\"canonical\" href=\"https:\/\/jackpotlotteryonline.com\/find-out-todays-results-for-new-york-lottery-2\/\" \/>\n<meta property=\"og:locale\" content=\"ro_RO\" \/>\n<meta property=\"og:type\" content=\"article\" \/>\n<meta property=\"og:title\" content=\"Unde pot vedea rezultatele loteriei din New York pentru ast\u0103zi\" \/>\n<meta property=\"og:description\" content=\"Unde pot vedea rezultatele Loteriei New York pentru ast\u0103zi? Afla\u021bi unde s\u0103 verifica\u021bi cele mai recente numere c\u00e2\u0219tig\u0103toare instantaneu \u0219i r\u0103m\u00e2ne\u021bi la curent\" \/>\n<meta property=\"og:url\" content=\"https:\/\/jackpotlotteryonline.com\/find-out-todays-results-for-new-york-lottery-2\/\" \/>\n<meta property=\"og:site_name\" content=\"Lotto Online - Crack The International Lottery Jackpots\" \/>\n<meta property=\"og:image\" content=\"https:\/\/jackpotlotteryonline.com\/wp-content\/uploads\/2023\/09\/8.png\" \/>\n<meta name=\"twitter:card\" content=\"summary_large_image\" \/>\n<!-- \/ Yoast SEO plugin. -->","yoast_head_json":{"title":"Unde pot vedea rezultatele loteriei din New York pentru ast\u0103zi","description":"Unde pot vedea rezultatele Loteriei New York pentru ast\u0103zi? Afla\u021bi unde s\u0103 verifica\u021bi cele mai recente numere c\u00e2\u0219tig\u0103toare instantaneu \u0219i r\u0103m\u00e2ne\u021bi la curent","robots":{"index":"index","follow":"follow","max-snippet":"max-snippet:-1","max-image-preview":"max-image-preview:large","max-video-preview":"max-video-preview:-1"},"canonical":"https:\/\/jackpotlotteryonline.com\/find-out-todays-results-for-new-york-lottery-2\/","og_locale":"ro_RO","og_type":"article","og_title":"Unde pot vedea rezultatele loteriei din New York pentru ast\u0103zi","og_description":"Unde pot vedea rezultatele Loteriei New York pentru ast\u0103zi? Afla\u021bi unde s\u0103 verifica\u021bi cele mai recente numere c\u00e2\u0219tig\u0103toare instantaneu \u0219i r\u0103m\u00e2ne\u021bi la curent","og_url":"https:\/\/jackpotlotteryonline.com\/find-out-todays-results-for-new-york-lottery-2\/","og_site_name":"Lotto Online - Crack The International Lottery Jackpots","og_image":[{"url":"https:\/\/jackpotlotteryonline.com\/wp-content\/uploads\/2023\/09\/8.png"}],"twitter_card":"summary_large_image","schema":{"@context":"https:\/\/schema.org","@graph":[{"@type":"WebPage","@id":"https:\/\/jackpotlotteryonline.com\/find-out-todays-results-for-new-york-lottery-2\/","url":"https:\/\/jackpotlotteryonline.com\/find-out-todays-results-for-new-york-lottery-2\/","name":"Unde pot vedea rezultatele loteriei din New York pentru ast\u0103zi","isPartOf":{"@id":"https:\/\/jackpotlotteryonline.com\/#website"},"primaryImageOfPage":{"@id":"https:\/\/jackpotlotteryonline.com\/find-out-todays-results-for-new-york-lottery-2\/#primaryimage"},"image":{"@id":"https:\/\/jackpotlotteryonline.com\/find-out-todays-results-for-new-york-lottery-2\/#primaryimage"},"thumbnailUrl":"https:\/\/jackpotlotteryonline.com\/wp-content\/uploads\/2023\/09\/8.png","datePublished":"2025-03-22T07:59:20+00:00","dateModified":"2025-03-22T07:59:20+00:00","description":"Unde pot vedea rezultatele Loteriei New York pentru ast\u0103zi? Afla\u021bi unde s\u0103 verifica\u021bi cele mai recente numere c\u00e2\u0219tig\u0103toare instantaneu \u0219i r\u0103m\u00e2ne\u021bi la curent","breadcrumb":{"@id":"https:\/\/jackpotlotteryonline.com\/find-out-todays-results-for-new-york-lottery-2\/#breadcrumb"},"inLanguage":"ro-RO","potentialAction":[{"@type":"ReadAction","target":["https:\/\/jackpotlotteryonline.com\/find-out-todays-results-for-new-york-lottery-2\/"]}]},{"@type":"ImageObject","inLanguage":"ro-RO","@id":"https:\/\/jackpotlotteryonline.com\/find-out-todays-results-for-new-york-lottery-2\/#primaryimage","url":"https:\/\/jackpotlotteryonline.com\/wp-content\/uploads\/2023\/09\/8.png","contentUrl":"https:\/\/jackpotlotteryonline.com\/wp-content\/uploads\/2023\/09\/8.png"},{"@type":"BreadcrumbList","@id":"https:\/\/jackpotlotteryonline.com\/find-out-todays-results-for-new-york-lottery-2\/#breadcrumb","itemListElement":[{"@type":"ListItem","position":1,"name":"Home","item":"https:\/\/jackpotlotteryonline.com\/ro\/"},{"@type":"ListItem","position":2,"name":"Afla\u021bi rezultatele de ast\u0103zi pentru Loteria New York"}]},{"@type":"WebSite","@id":"https:\/\/jackpotlotteryonline.com\/#website","url":"https:\/\/jackpotlotteryonline.com\/","name":"Lotto Online - Crack The International Lottery Jackpots","description":"","potentialAction":[{"@type":"SearchAction","target":{"@type":"EntryPoint","urlTemplate":"https:\/\/jackpotlotteryonline.com\/?s={search_term_string}"},"query-input":"required name=search_term_string"}],"inLanguage":"ro-RO"}]}},"_links":{"self":[{"href":"https:\/\/jackpotlotteryonline.com\/ro\/wp-json\/wp\/v2\/pages\/77703","targetHints":{"allow":["GET"]}}],"collection":[{"href":"https:\/\/jackpotlotteryonline.com\/ro\/wp-json\/wp\/v2\/pages"}],"about":[{"href":"https:\/\/jackpotlotteryonline.com\/ro\/wp-json\/wp\/v2\/types\/page"}],"author":[{"embeddable":true,"href":"https:\/\/jackpotlotteryonline.com\/ro\/wp-json\/wp\/v2\/users\/7"}],"replies":[{"embeddable":true,"href":"https:\/\/jackpotlotteryonline.com\/ro\/wp-json\/wp\/v2\/comments?post=77703"}],"version-history":[{"count":1,"href":"https:\/\/jackpotlotteryonline.com\/ro\/wp-json\/wp\/v2\/pages\/77703\/revisions"}],"predecessor-version":[{"id":77704,"href":"https:\/\/jackpotlotteryonline.com\/ro\/wp-json\/wp\/v2\/pages\/77703\/revisions\/77704"}],"up":[{"embeddable":true,"href":"https:\/\/jackpotlotteryonline.com\/ro\/wp-json\/wp\/v2\/pages\/35848"}],"wp:attachment":[{"href":"https:\/\/jackpotlotteryonline.com\/ro\/wp-json\/wp\/v2\/media?parent=77703"}],"curies":[{"name":"wp","href":"https:\/\/api.w.org\/{rel}","templated":true}]}}