{"id":77774,"date":"2025-03-22T09:01:16","date_gmt":"2025-03-22T09:01:16","guid":{"rendered":"https:\/\/jackpotlotteryonline.com\/?page_id=77774"},"modified":"2025-03-22T09:01:16","modified_gmt":"2025-03-22T09:01:16","slug":"aflati-cum-sa-jucati-la-loteria-new-york-din-afara-sua","status":"publish","type":"page","link":"https:\/\/jackpotlotteryonline.com\/ro\/aflati-cum-sa-jucati-la-loteria-new-york-din-afara-sua\/","title":{"rendered":"Afla\u021bi cum s\u0103 juca\u021bi la Loteria New York din afara SUA"},"content":{"rendered":"<p>Deci, vrei s\u0103 joci la Loteria New York chiar dac\u0103 te afli la jum\u0103tatea globului? Acele jackpot-uri din New York sunt at\u00e2t de masive. Nu sunt de glum\u0103. Oameni de peste tot viseaz\u0103 s\u0103 c\u00e2\u0219tige. Bine, imagineaz\u0103-\u021bi asta: Loteria New York, nu? Premii mari, c\u00e2\u0219tiguri care v\u0103 schimb\u0103 via\u021ba. Dar nu stai tocmai pe Times Square. Fara transpiratie! Mul\u021bumim Jackpotlotteryonline; de unde po\u021bi cump\u0103ra bilete la Loteria New York \u00een afara SUA, po\u021bi s\u0103ri complet \u00een joc de oriunde te-ai afla.<\/p>\n<h2>Pute\u021bi juca la Loteria New York din afara SUA<img loading=\"lazy\" decoding=\"async\" class=\" wp-image-28535 alignright\" src=\"http:\/\/jackpotlotteryonline.com\/wp-content\/uploads\/2022\/11\/1_online_lottery_success-300x213.jpg de la The New York Lottery\" alt=\"Hottery the New York\" width=\"220\" height=\"156\" srcset=\"https:\/\/jackpotlotteryonline.com\/wp-content\/uploads\/2022\/11\/1_online_lottery_success-300x213.jpg 300w, https:\/\/jackpotlotteryonline.com\/wp-content\/uploads\/2022\/11\/1_online_lottery_success.jpg 320w\" sizes=\"auto, (max-width: 220px) 100vw, 220px\" \/><\/h2>\n<p>Da, \u0219i nu trebuie s\u0103 fii \u00een New York \u0219i nici m\u0103car \u00een SUA. Platforma noastr\u0103 v\u0103 permite s\u0103 lua\u021bi bilete \u0219i s\u0103 v\u0103 al\u0103tura\u021bi distrac\u021biei, la fel ca cineva care cump\u0103r\u0103 un bilet la magazinul din col\u021b. Ai aceea\u0219i \u0219ans\u0103 de a lovi acel jackpot.<\/p>\n<h3>Cum s\u0103 joci la Loteria New York din afara Statelor Unite<\/h3>\n<p>Este foarte u\u0219or cu Jackpotlotteryonline:<\/p>\n<ul>\n<li>Crea\u021bi un cont: \u00eenregistra\u021bi-v\u0103, introduce\u021bi informa\u021biile dvs. \u0219i dovedi\u021bi c\u0103 sunte\u021bi dvs. P\u0103stra\u021bi-v\u0103 biletele \u0219i numerarul \u00een siguran\u021b\u0103.<\/li>\n<li>\u00cencepe\u021bi prin a g\u0103si sec\u021biunea Loterie \u0219i apoi selecta\u021bi jocul New York Lotto.<\/li>\n<li>Alege-\u021bi numerele norocoase: alege\u021bi \u0219ase numere (1-59) sau ap\u0103sa\u021bi butonul \u201efunc\u021bie de alegere rapid\u0103\u201d.<\/li>\n<li>Cump\u0103ra\u021bi biletul: pl\u0103ti\u021bi cu orice func\u021bioneaz\u0103 \u0219i v\u0103 vom trimite o scanare a biletului oficial.<\/li>\n<li>A\u0219tepta\u021bi extragerea: extragerile au loc miercuri \u0219i s\u00e2mb\u0103t\u0103 seara. Verifica\u021bi rezultatele pe aceast\u0103 platform\u0103.<\/li>\n<\/ul>\n<h3>De ce s\u0103 juca\u021bi oricum online?<\/h3>\n<ul>\n<li>U\u0219or: Joac\u0103 de pe canapea, nu este nevoie de c\u0103l\u0103torie.<\/li>\n<li>Bilete rapide: cump\u0103ra\u021bi-le rapid, f\u0103r\u0103 r\u00e2nduri.<\/li>\n<li>F\u0103r\u0103 bilete pierdute: biletele dvs. live online, \u00een siguran\u021b\u0103.<\/li>\n<li>Ai c\u00e2\u0219tigat!: \u00ee\u021bi vom spune imediat, iar c\u00e2\u0219tigurile mici ajung direct \u00een contul t\u0103u.<br \/>\nNumerar sigur: ne asigur\u0103m c\u0103 ob\u021bine\u021bi c\u00e2\u0219tigurile dvs., f\u0103r\u0103 o afacere amuzant\u0103.<\/li>\n<\/ul>\n<p><strong>Ob\u021binerea banilor c\u00e2nd c\u00e2\u0219tiga\u021bi:<\/strong><\/p>\n<ul>\n<li>C\u00e2\u0219tiguri mici: \u00eel vom plasa direct \u00een contul dvs.<\/li>\n<li>C\u00e2\u0219tiguri mari: v\u0103 vom ajuta s\u0103 ob\u021bine\u021bi, poate chiar \u00een persoan\u0103.<\/li>\n<li>Complet \u00een siguran\u021b\u0103: \u00ee\u021bi men\u021binem c\u00e2\u0219tigurile blocate.<\/li>\n<\/ul>\n<p><strong>E\u0219ti gata s\u0103-\u021bi \u00eencerci norocul?<\/strong><br \/>\nA juca la Loteria New York la nivel global este acum incredibil de u\u0219or. Jackpotlotteryonline v\u0103 aduce emo\u021bia Loteriei New York, indiferent unde v\u0103 afla\u021bi. Alegerea numerelor este u\u0219or, indiferent dac\u0103 le alege\u021bi singur sau dac\u0103 folosi\u021bi Quick Pick, \u0219i este \u00eentotdeauna sigur \u0219i u\u0219or. Acum c\u0103 pute\u021bi juca biletele de la Loteria New York \u00een afara SUA, \u00eenscrie\u021bi-v\u0103 sau conecta\u021bi-v\u0103 pe platforma noastr\u0103 dac\u0103 ave\u021bi deja un cont la noi \u0219i al\u0103tura\u021bi-v\u0103 distrac\u021biei. Cine \u0219tie, s-ar putea s\u0103 c\u00e2\u0219tigi mare! Visul t\u0103u la jackpot ar putea fi la doar c\u00e2teva clicuri distan\u021b\u0103.<\/p>\n","protected":false},"excerpt":{"rendered":"<p>Deci, vrei s\u0103 joci la Loteria New York chiar dac\u0103 te afli la jum\u0103tatea globului? Acele jackpot-uri din New York sunt at\u00e2t de masive. Nu sunt de glum\u0103. Oameni de peste tot viseaz\u0103 s\u0103 c\u00e2\u0219tige. Bine, imagineaz\u0103-\u021bi asta: Loteria New York, nu? Premii mari, c\u00e2\u0219tiguri care v\u0103 schimb\u0103 via\u021ba. Dar nu stai tocmai pe Times [&hellip;]<\/p>\n","protected":false},"author":7,"featured_media":0,"parent":0,"menu_order":0,"comment_status":"closed","ping_status":"closed","template":"","meta":{"_et_pb_use_builder":"","_et_pb_old_content":"","_et_gb_content_width":"","exclude_from_search":false,"footnotes":""},"class_list":["post-77774","page","type-page","status-publish","hentry"],"yoast_head":"<!-- This site is optimized with the Yoast SEO plugin v23.3 - https:\/\/yoast.com\/wordpress\/plugins\/seo\/ -->\n<title>Cum s\u0103 joci la Loteria New York din afara Statelor Unite<\/title>\n<meta name=\"description\" content=\"Afla\u021bi cum s\u0103 juca\u021bi la Loteria New York din afara S.U.A. Descoperi\u021bi op\u021biunile online \u0219i cum s\u0103 revendica\u021bi premii de oriundev\" \/>\n<meta name=\"robots\" content=\"index, follow, max-snippet:-1, max-image-preview:large, max-video-preview:-1\" \/>\n<link rel=\"canonical\" href=\"https:\/\/jackpotlotteryonline.com\/find-out-how-to-play-the-new-york-lottery-from-outside-the-us\/\" \/>\n<meta property=\"og:locale\" content=\"ro_RO\" \/>\n<meta property=\"og:type\" content=\"article\" \/>\n<meta property=\"og:title\" content=\"Cum s\u0103 joci la Loteria New York din afara Statelor Unite\" \/>\n<meta property=\"og:description\" content=\"Afla\u021bi cum s\u0103 juca\u021bi la Loteria New York din afara S.U.A. Descoperi\u021bi op\u021biunile online \u0219i cum s\u0103 revendica\u021bi premii de oriundev\" \/>\n<meta property=\"og:url\" content=\"https:\/\/jackpotlotteryonline.com\/find-out-how-to-play-the-new-york-lottery-from-outside-the-us\/\" \/>\n<meta property=\"og:site_name\" content=\"Lotto Online - Crack The International Lottery Jackpots\" \/>\n<meta name=\"twitter:card\" content=\"summary_large_image\" \/>\n<!-- \/ Yoast SEO plugin. -->","yoast_head_json":{"title":"Cum s\u0103 joci la Loteria New York din afara Statelor Unite","description":"Afla\u021bi cum s\u0103 juca\u021bi la Loteria New York din afara S.U.A. Descoperi\u021bi op\u021biunile online \u0219i cum s\u0103 revendica\u021bi premii de oriundev","robots":{"index":"index","follow":"follow","max-snippet":"max-snippet:-1","max-image-preview":"max-image-preview:large","max-video-preview":"max-video-preview:-1"},"canonical":"https:\/\/jackpotlotteryonline.com\/find-out-how-to-play-the-new-york-lottery-from-outside-the-us\/","og_locale":"ro_RO","og_type":"article","og_title":"Cum s\u0103 joci la Loteria New York din afara Statelor Unite","og_description":"Afla\u021bi cum s\u0103 juca\u021bi la Loteria New York din afara S.U.A. Descoperi\u021bi op\u021biunile online \u0219i cum s\u0103 revendica\u021bi premii de oriundev","og_url":"https:\/\/jackpotlotteryonline.com\/find-out-how-to-play-the-new-york-lottery-from-outside-the-us\/","og_site_name":"Lotto Online - Crack The International Lottery Jackpots","twitter_card":"summary_large_image","schema":{"@context":"https:\/\/schema.org","@graph":[{"@type":"WebPage","@id":"https:\/\/jackpotlotteryonline.com\/find-out-how-to-play-the-new-york-lottery-from-outside-the-us\/","url":"https:\/\/jackpotlotteryonline.com\/find-out-how-to-play-the-new-york-lottery-from-outside-the-us\/","name":"Cum s\u0103 joci la Loteria New York din afara Statelor Unite","isPartOf":{"@id":"https:\/\/jackpotlotteryonline.com\/#website"},"datePublished":"2025-03-22T09:01:16+00:00","dateModified":"2025-03-22T09:01:16+00:00","description":"Afla\u021bi cum s\u0103 juca\u021bi la Loteria New York din afara S.U.A. Descoperi\u021bi op\u021biunile online \u0219i cum s\u0103 revendica\u021bi premii de oriundev","breadcrumb":{"@id":"https:\/\/jackpotlotteryonline.com\/find-out-how-to-play-the-new-york-lottery-from-outside-the-us\/#breadcrumb"},"inLanguage":"ro-RO","potentialAction":[{"@type":"ReadAction","target":["https:\/\/jackpotlotteryonline.com\/find-out-how-to-play-the-new-york-lottery-from-outside-the-us\/"]}]},{"@type":"BreadcrumbList","@id":"https:\/\/jackpotlotteryonline.com\/find-out-how-to-play-the-new-york-lottery-from-outside-the-us\/#breadcrumb","itemListElement":[{"@type":"ListItem","position":1,"name":"Home","item":"https:\/\/jackpotlotteryonline.com\/ro\/"},{"@type":"ListItem","position":2,"name":"Afla\u021bi cum s\u0103 juca\u021bi la Loteria New York din afara SUA"}]},{"@type":"WebSite","@id":"https:\/\/jackpotlotteryonline.com\/#website","url":"https:\/\/jackpotlotteryonline.com\/","name":"Lotto Online - Crack The International Lottery Jackpots","description":"","potentialAction":[{"@type":"SearchAction","target":{"@type":"EntryPoint","urlTemplate":"https:\/\/jackpotlotteryonline.com\/?s={search_term_string}"},"query-input":"required name=search_term_string"}],"inLanguage":"ro-RO"}]}},"_links":{"self":[{"href":"https:\/\/jackpotlotteryonline.com\/ro\/wp-json\/wp\/v2\/pages\/77774","targetHints":{"allow":["GET"]}}],"collection":[{"href":"https:\/\/jackpotlotteryonline.com\/ro\/wp-json\/wp\/v2\/pages"}],"about":[{"href":"https:\/\/jackpotlotteryonline.com\/ro\/wp-json\/wp\/v2\/types\/page"}],"author":[{"embeddable":true,"href":"https:\/\/jackpotlotteryonline.com\/ro\/wp-json\/wp\/v2\/users\/7"}],"replies":[{"embeddable":true,"href":"https:\/\/jackpotlotteryonline.com\/ro\/wp-json\/wp\/v2\/comments?post=77774"}],"version-history":[{"count":1,"href":"https:\/\/jackpotlotteryonline.com\/ro\/wp-json\/wp\/v2\/pages\/77774\/revisions"}],"predecessor-version":[{"id":77775,"href":"https:\/\/jackpotlotteryonline.com\/ro\/wp-json\/wp\/v2\/pages\/77774\/revisions\/77775"}],"wp:attachment":[{"href":"https:\/\/jackpotlotteryonline.com\/ro\/wp-json\/wp\/v2\/media?parent=77774"}],"curies":[{"name":"wp","href":"https:\/\/api.w.org\/{rel}","templated":true}]}}