{"id":31980,"date":"2022-11-01T09:36:11","date_gmt":"2022-11-01T09:36:11","guid":{"rendered":"https:\/\/jackpotlotteryonline.com\/?page_id=31980"},"modified":"2023-01-06T11:55:09","modified_gmt":"2023-01-06T11:55:09","slug":"home","status":"publish","type":"page","link":"https:\/\/jackpotlotteryonline.com\/sk\/","title":{"rendered":"Home"},"content":{"rendered":"<h2>Zahrajte si loto online a zv\u00fd\u0161te svoje \u0161ance<\/h2>\n<p>Uk\u00e1\u017eeme v\u00e1m sp\u00f4soby, ako jednoducho <a href=\"https:\/\/jackpotlotteryonline.com\/sk\/ako-hrat\">hra\u0165 loto online<\/a> &#8211; o V\u0160ETKY tie obrovsk\u00e9 jackpoty, o lot\u00e9rie nielen vo va\u0161ej krajine, ale v\u0161ade na svete. Va\u0161a n\u00e1rodn\u00e1 lot\u00e9ria nem\u00e1 atrakt\u00edvne lot\u00e9rie? U\u017e to nie je probl\u00e9m, sta\u010d\u00ed si \u00eds\u0165 po skuto\u010dne ve\u013ek\u00e9 v\u00fdhry. Nemrhajte peniazmi na mal\u00e9 v\u00fdhry &#8211; existuj\u00fa lot\u00e9rie s obrovsk\u00fdmi jackpotmi.<\/p>\n<p><strong>Pozrite si bannery na na\u0161ej webovej str\u00e1nke a pozrite si najv\u00e4\u010d\u0161ie jackpoty, o ktor\u00e9 m\u00f4\u017eete moment\u00e1lne hra\u0165.<\/strong><br \/>\n<img loading=\"lazy\" decoding=\"async\" class=\"size-full wp-image-18302 alignright\" src=\"https:\/\/jackpotlotteryonline.com\/wp-content\/uploads\/2022\/10\/ticket_balls.jpg\" alt=\"Hra\u0165 lotto online\" width=\"297\" height=\"101\" \/><\/p>\n<p>V\u0161etky tieto ve\u013ek\u00e9 jackpotov\u00e9 lot\u00e9rie s\u00fa teraz \u013eahko dostupn\u00e9 bez oh\u013eadu na to, kde \u017eijete. Sta\u010d\u00ed klikn\u00fa\u0165 na jeden z odkazov a hra\u0165 lotto online a zaregistrova\u0165 sa na RedFoxLotto, kde si m\u00f4\u017eete k\u00fapi\u0165 tiket cez internet na ka\u017ed\u00fd z t\u00fdchto obrovsk\u00fdch jackpotov! RedFoxLotto v\u00e1m umo\u017e\u0148uje k\u00fapi\u0165 si tiket na ktor\u00fdko\u013evek z najv\u00e4\u010d\u0161\u00edch svetov\u00fdch jackpotov bez oh\u013eadu na to, kde \u017eijete. Spo\u013eahlivo za v\u00e1s k\u00fapia v\u00e1\u0161 tiket a postaraj\u00fa sa o to, aby ste dostali svoju v\u00fdhru.<\/p>\n<h2>Z\u00edskajte pr\u00edstup k medzin\u00e1rodn\u00fdm lot\u00e9ri\u00e1m<\/h2>\n<p>Na na\u0161ej webovej str\u00e1nke v\u00e1m poskytneme podrobn\u00e9 inform\u00e1cie o v\u0161etk\u00fdch ve\u013ek\u00fdch svetov\u00fdch lot\u00e9ri\u00e1ch s jackpotom, o tom, ako hra\u0165 online, ako plati\u0165, ako z\u00edska\u0165 v\u00fdhru a \u010do mus\u00edte urobi\u0165, ak jackpot vy\u017erebujete. Sta\u010d\u00ed si pre\u010d\u00edta\u0165 \u010dl\u00e1nky o tom, ako sa z\u00fa\u010dastni\u0165, a recenzie lot\u00e9ri\u00ed na tejto str\u00e1nke (pozrite si horn\u00e9 menu) a \u013eahko si vyberiete t\u00fa spr\u00e1vnu udalos\u0165 pre seba.<\/p>\n<h2>Hra\u0165 online je jednoduch\u00e9<\/h2>\n<p>\u010ci u\u017e by ste chceli hra\u0165 americk\u00fd jackpot Powerball, jackpot EuroMillions, \u0161panielske El Gordo, talianske SuperEnaLotto alebo ak\u00fako\u013evek in\u00fa lot\u00e9riu,<a href=\"https:\/\/jackpotlotteryonline.com\/sk\/kupit-vstupenky\"> v\u0161etky tikety si m\u00f4\u017eete k\u00fapi\u0165 na jednom mieste<\/a> &#8211; priamo tu na na\u0161ej webovej str\u00e1nke<\/p>\n<p>S na\u0161ou pomocou u\u017e nie ste obmedzen\u00ed len na svoje n\u00e1rodn\u00e9 loto &#8211; teraz m\u00e1te mo\u017enos\u0165 hra\u0165 online loto na ak\u00fako\u013evek udalos\u0165 cez internet. Takto si m\u00f4\u017eete vybra\u0165 jackpot, ktor\u00fd je moment\u00e1lne najvy\u0161\u0161\u00ed, a zv\u00fd\u0161i\u0165 tak svoje \u0161ance na ve\u013ek\u00fa v\u00fdhru. Alebo si vyberte loto, ktor\u00e9 sa bude \u017erebova\u0165 najbli\u017e\u0161ie &#8211; tak nemus\u00edte ve\u010dne \u010daka\u0165, k\u00fdm sa dozviete, \u010di ste vyhrali! Je to tak jednoduch\u00e9, ako to len m\u00f4\u017ee by\u0165, od v\u00fdberu jackpotu lot\u00e9rie a\u017e po v\u00fdber \u010d\u00edsel a platbu.<\/p>\n<section class=\"layout\" style=\"border: solid 1px; width: 100%;\">\n<div class=\"img-div\" style=\"margin-top: 5px;\"><img decoding=\"async\" class=\"wp-image-17212 alignleft\" style=\"height: 45px; margin: 8px 8px 0px;\" src=\"https:\/\/jackpotlotteryonline.com\/wp-content\/uploads\/2022\/11\/read1.jpg\" alt=\"pre\u010d\u00edtajte si\" width=\"\" height=\"\" \/><\/div>\n<div style=\"padding-left: 5px;\">\n<div style=\"font-size: 1.1em;\">\n<p><strong>Je leg\u00e1lne hra\u0165 lot\u00e9rie z in\u00fdch kraj\u00edn online?<\/strong><\/p>\n<p style=\"font-size: 0.85em; margin-top: -1.5em;\">Je leg\u00e1lne z\u00edska\u0165 lot\u00e9riov\u00fd tiket online a dostanem skuto\u010dne v\u00fdplatu?\u00a0 <a href=\"https:\/\/jackpotlotteryonline.com\/sk\/je-legalne-hrat-loterie-z-inych-krajin-online\"> \u010d\u00edtaj viac<\/a><\/p>\n<\/div>\n<\/div>\n<\/section>\n<h2>Slu\u017eba online tiketov<\/h2>\n<p><strong>Takto to funguje:<\/strong> Pon\u00fakame kuri\u00e9rsku slu\u017ebu pre medzin\u00e1rodn\u00e9 lotto tikety. Kliknut\u00edm na jeden z bannerov vy\u0161\u0161ie si vyberiete lot\u00e9riu, ktor\u00fa chcete hra\u0165 online. Potom si vyberiete \u010d\u00edsla online. Ak by ste chceli, aby va\u0161e lotto \u010d\u00edsla vybral gener\u00e1tor n\u00e1hodn\u00fdch \u010d\u00edsel, m\u00f4\u017eete to urobi\u0165 tie\u017e. Ke\u010f sa rozhodnete pre svoje \u010d\u00edsla, zaregistrujte si \u00fa\u010det a vyberte si sp\u00f4sob platby za svoj tiket lotto. K dispoz\u00edcii je nieko\u013eko bezpe\u010dn\u00fdch sp\u00f4sobov platby.<\/p>\n<p>Na\u0161i agenti potom k\u00fapia tiket za v\u00e1s a po\u0161l\u00fa v\u00e1m potvrdzuj\u00faci e-mail ako d\u00f4kaz o k\u00fape. Naskenovan\u00e1 k\u00f3pia v\u00e1\u0161ho loto tiketu sa zobraz\u00ed vo va\u0161om \u00fa\u010dte kr\u00e1tko po n\u00e1kupe.<\/p>\n<h2>V\u00fdhody hrania medzin\u00e1rodn\u00fdch lot\u00e9ri\u00ed online<\/h2>\n<ul>\n<li>V\u00e4\u010d\u0161\u00ed v\u00fdber &#8211; namiesto toho, aby ste boli n\u00faten\u00ed hra\u0165 miestnu lot\u00e9riu bez oh\u013eadu na to, ak\u00fd ve\u013ek\u00fd je aktu\u00e1lny jackpot, m\u00f4\u017eete si vybra\u0165 z viacer\u00fdch lot\u00e9ri\u00ed<\/li>\n<li>Lep\u0161\u00ed pomer ceny a kvality &#8211; namiesto toho, aby ste napr\u00edklad zaplatili 2 \u20ac za tiket, ktor\u00fd m\u00f4\u017ee vyhra\u0165 1 mili\u00f3n \u20ac, m\u00f4\u017eete hra\u0165 o Mega-Jackpot 100 mili\u00f3nov \u20ac alebo ove\u013ea viac. Aj ke\u010f za tento v\u00e4\u010d\u0161\u00ed tiket zaplat\u00edte vy\u0161\u0161iu cenu, z matematick\u00e9ho h\u013eadiska bud\u00fa va\u0161e peniaze lep\u0161ie vynalo\u017een\u00e9 na hru o v\u00e4\u010d\u0161iu odmenu.<\/li>\n<li>Pohodlie &#8211; u\u017e nemus\u00edte vych\u00e1dza\u0165 z domu, aby ste z\u00edskali tiket. Tiket si m\u00f4\u017eete k\u00fapi\u0165 z domu alebo na hranie lot\u00e9rie pou\u017ei\u0165 mobiln\u00fd telef\u00f3n.<\/li>\n<li>Bezpe\u010dnos\u0165 &#8211; tiket online lot\u00e9rie sa ned\u00e1 strati\u0165 ako fyzick\u00fd tiket lot\u00e9rie. Va\u0161e \u017ereby s\u00fa bezpe\u010dne ulo\u017een\u00e9 vo va\u0161om online \u00fa\u010dte.<\/li>\n<\/ul>\n<h2>Kedy sa konaj\u00fa \u017erebovania v\u0161etk\u00fdch t\u00fdchto lot\u00e9ri\u00ed?<\/h2>\n<p>Pozrite si obr\u00e1zok ni\u017e\u0161ie. Zobrazuje preh\u013ead dn\u00ed v t\u00fd\u017edni, v ktor\u00fdch prebiehaj\u00fa \u017erebovania najv\u00e4\u010d\u0161\u00edch lot\u00e9ri\u00ed.<br \/>\n<img loading=\"lazy\" decoding=\"async\" class=\"wp-image-17843 aligncenter\" src=\"https:\/\/jackpotlotteryonline.com\/wp-content\/uploads\/2022\/10\/Lotto-draw-calendar-UTC-300x50.jpg\" alt=\"\u010casy \u017erebovania lot\u00e9rie\" width=\"684\" height=\"114\" srcset=\"https:\/\/jackpotlotteryonline.com\/wp-content\/uploads\/2022\/10\/Lotto-draw-calendar-UTC-300x50.jpg 300w, https:\/\/jackpotlotteryonline.com\/wp-content\/uploads\/2022\/10\/Lotto-draw-calendar-UTC-600x101.jpg 600w, https:\/\/jackpotlotteryonline.com\/wp-content\/uploads\/2022\/10\/Lotto-draw-calendar-UTC-1024x172.jpg 1024w, https:\/\/jackpotlotteryonline.com\/wp-content\/uploads\/2022\/10\/Lotto-draw-calendar-UTC-768x129.jpg 768w, https:\/\/jackpotlotteryonline.com\/wp-content\/uploads\/2022\/10\/Lotto-draw-calendar-UTC.jpg 1287w\" sizes=\"auto, (max-width: 684px) 100vw, 684px\" \/><\/p>\n<h2>\u010co ak vyhr\u00e1te v lot\u00e9rii?<\/h2>\n<p>Ak vyhr\u00e1te, po\u0161leme v\u00e1m e-mailov\u00e9 ozn\u00e1menie o va\u0161ej v\u00fdhre. Nikdy sa v\u00e1m nem\u00f4\u017ee sta\u0165, \u017ee by ste v\u00fdhru zme\u0161kali, alebo \u017ee by ste svoj tiket stratili. Va\u0161u \u017eiados\u0165 o v\u00fdplatu spracujeme tak, \u017ee ju post\u00fapime lot\u00e9riovej spolo\u010dnosti, ktor\u00e1 v\u00e1m n\u00e1sledne vystav\u00ed \u0161ek alebo prevedie v\u00fdhru na v\u00e1\u0161 bankov\u00fd \u00fa\u010det. Ak vyhr\u00e1te ve\u013ek\u00fd jackpot, v niektor\u00fdch pr\u00edpadoch m\u00f4\u017eete by\u0165 vyzvan\u00ed, aby ste sa osobne dostavili do centr\u00e1ly lot\u00e9rie. To nie je probl\u00e9m, v\u0161ak?<\/p>\n<p>Men\u0161ie v\u00fdhry do v\u00fd\u0161ky 2500 EUR sa hne\u010f prip\u00ed\u0161u na v\u00e1\u0161 hr\u00e1\u010dsky \u00fa\u010det a vy si ich m\u00f4\u017eete vybra\u0165 v hotovosti alebo pou\u017ei\u0165 na n\u00e1kup \u010fal\u0161\u00edch \u017erebov.<\/p>\n<p><strong>Takto to funguje. Ste pripraven\u00ed na ve\u013ek\u00e9 v\u00fdhry? Z\u00edskajte svoje tikety e\u0161te dnes!<\/strong><\/p>\n","protected":false},"excerpt":{"rendered":"<p>Zahrajte si loto online a zv\u00fd\u0161te svoje \u0161ance Uk\u00e1\u017eeme v\u00e1m sp\u00f4soby, ako jednoducho hra\u0165 loto online &#8211; o V\u0160ETKY tie obrovsk\u00e9 jackpoty, o lot\u00e9rie nielen vo va\u0161ej krajine, ale v\u0161ade na svete. Va\u0161a n\u00e1rodn\u00e1 lot\u00e9ria nem\u00e1 atrakt\u00edvne lot\u00e9rie? U\u017e to nie je probl\u00e9m, sta\u010d\u00ed si \u00eds\u0165 po skuto\u010dne ve\u013ek\u00e9 v\u00fdhry. Nemrhajte peniazmi na mal\u00e9 v\u00fdhry [&hellip;]<\/p>\n","protected":false},"author":1,"featured_media":0,"parent":0,"menu_order":1,"comment_status":"closed","ping_status":"closed","template":"lotto.php","meta":{"_et_pb_use_builder":"","_et_pb_old_content":"","_et_gb_content_width":"","exclude_from_search":false,"footnotes":""},"class_list":["post-31980","page","type-page","status-publish","hentry"],"yoast_head":"<!-- This site is optimized with the Yoast SEO plugin v23.3 - https:\/\/yoast.com\/wordpress\/plugins\/seo\/ -->\n<title>Hrajte Lotto online - rozl\u00fasknite jackpoty medzin\u00e1rodnej lot\u00e9rie!<\/title>\n<meta name=\"description\" content=\"Z\u00edskajte svoj tiket na lot\u00e9riov\u00e9 jackpoty po celom svete - hrajte ich v\u0161etky online a vyhrajte mili\u00f3ny\" \/>\n<meta name=\"robots\" content=\"index, follow, max-snippet:-1, max-image-preview:large, max-video-preview:-1\" \/>\n<link rel=\"canonical\" href=\"https:\/\/jackpotlotteryonline.com\/sk\/\" \/>\n<meta property=\"og:locale\" content=\"sk_SK\" \/>\n<meta property=\"og:type\" content=\"article\" \/>\n<meta property=\"og:title\" content=\"Hrajte Lotto online - rozl\u00fasknite jackpoty medzin\u00e1rodnej lot\u00e9rie!\" \/>\n<meta property=\"og:description\" content=\"Z\u00edskajte svoj tiket na lot\u00e9riov\u00e9 jackpoty po celom svete - hrajte ich v\u0161etky online a vyhrajte mili\u00f3ny\" \/>\n<meta property=\"og:url\" content=\"https:\/\/jackpotlotteryonline.com\/sk\/\" \/>\n<meta property=\"og:site_name\" content=\"Lotto Online - Crack The International Lottery Jackpots\" \/>\n<meta property=\"article:modified_time\" content=\"2023-01-06T11:55:09+00:00\" \/>\n<meta property=\"og:image\" content=\"https:\/\/jackpotlotteryonline.com\/wp-content\/uploads\/2022\/10\/ticket_balls.jpg\" \/>\n<meta name=\"twitter:card\" content=\"summary_large_image\" \/>\n<meta name=\"twitter:label1\" content=\"Predpokladan\u00fd \u010das \u010d\u00edtania\" \/>\n\t<meta name=\"twitter:data1\" content=\"4 min\u00faty\" \/>\n<!-- \/ Yoast SEO plugin. -->","yoast_head_json":{"title":"Hrajte Lotto online - rozl\u00fasknite jackpoty medzin\u00e1rodnej lot\u00e9rie!","description":"Z\u00edskajte svoj tiket na lot\u00e9riov\u00e9 jackpoty po celom svete - hrajte ich v\u0161etky online a vyhrajte mili\u00f3ny","robots":{"index":"index","follow":"follow","max-snippet":"max-snippet:-1","max-image-preview":"max-image-preview:large","max-video-preview":"max-video-preview:-1"},"canonical":"https:\/\/jackpotlotteryonline.com\/sk\/","og_locale":"sk_SK","og_type":"article","og_title":"Hrajte Lotto online - rozl\u00fasknite jackpoty medzin\u00e1rodnej lot\u00e9rie!","og_description":"Z\u00edskajte svoj tiket na lot\u00e9riov\u00e9 jackpoty po celom svete - hrajte ich v\u0161etky online a vyhrajte mili\u00f3ny","og_url":"https:\/\/jackpotlotteryonline.com\/sk\/","og_site_name":"Lotto Online - Crack The International Lottery Jackpots","article_modified_time":"2023-01-06T11:55:09+00:00","og_image":[{"url":"https:\/\/jackpotlotteryonline.com\/wp-content\/uploads\/2022\/10\/ticket_balls.jpg"}],"twitter_card":"summary_large_image","twitter_misc":{"Predpokladan\u00fd \u010das \u010d\u00edtania":"4 min\u00faty"},"schema":{"@context":"https:\/\/schema.org","@graph":[{"@type":"WebPage","@id":"https:\/\/jackpotlotteryonline.com\/sk\/","url":"https:\/\/jackpotlotteryonline.com\/sk\/","name":"Hrajte Lotto online - rozl\u00fasknite jackpoty medzin\u00e1rodnej lot\u00e9rie!","isPartOf":{"@id":"https:\/\/jackpotlotteryonline.com\/#website"},"primaryImageOfPage":{"@id":"https:\/\/jackpotlotteryonline.com\/sk\/#primaryimage"},"image":{"@id":"https:\/\/jackpotlotteryonline.com\/sk\/#primaryimage"},"thumbnailUrl":"https:\/\/jackpotlotteryonline.com\/wp-content\/uploads\/2022\/10\/ticket_balls.jpg","datePublished":"2022-11-01T09:36:11+00:00","dateModified":"2023-01-06T11:55:09+00:00","description":"Z\u00edskajte svoj tiket na lot\u00e9riov\u00e9 jackpoty po celom svete - hrajte ich v\u0161etky online a vyhrajte mili\u00f3ny","breadcrumb":{"@id":"https:\/\/jackpotlotteryonline.com\/sk\/#breadcrumb"},"inLanguage":"sk-SK","potentialAction":[{"@type":"ReadAction","target":["https:\/\/jackpotlotteryonline.com\/sk\/"]}]},{"@type":"ImageObject","inLanguage":"sk-SK","@id":"https:\/\/jackpotlotteryonline.com\/sk\/#primaryimage","url":"https:\/\/jackpotlotteryonline.com\/wp-content\/uploads\/2022\/10\/ticket_balls.jpg","contentUrl":"https:\/\/jackpotlotteryonline.com\/wp-content\/uploads\/2022\/10\/ticket_balls.jpg"},{"@type":"BreadcrumbList","@id":"https:\/\/jackpotlotteryonline.com\/sk\/#breadcrumb","itemListElement":[{"@type":"ListItem","position":1,"name":"Home","item":"https:\/\/jackpotlotteryonline.com\/sk\/"},{"@type":"ListItem","position":2,"name":"Home"}]},{"@type":"WebSite","@id":"https:\/\/jackpotlotteryonline.com\/#website","url":"https:\/\/jackpotlotteryonline.com\/","name":"Lotto Online - Crack The International Lottery Jackpots","description":"","potentialAction":[{"@type":"SearchAction","target":{"@type":"EntryPoint","urlTemplate":"https:\/\/jackpotlotteryonline.com\/?s={search_term_string}"},"query-input":"required name=search_term_string"}],"inLanguage":"sk-SK"}]}},"_links":{"self":[{"href":"https:\/\/jackpotlotteryonline.com\/sk\/wp-json\/wp\/v2\/pages\/31980","targetHints":{"allow":["GET"]}}],"collection":[{"href":"https:\/\/jackpotlotteryonline.com\/sk\/wp-json\/wp\/v2\/pages"}],"about":[{"href":"https:\/\/jackpotlotteryonline.com\/sk\/wp-json\/wp\/v2\/types\/page"}],"author":[{"embeddable":true,"href":"https:\/\/jackpotlotteryonline.com\/sk\/wp-json\/wp\/v2\/users\/1"}],"replies":[{"embeddable":true,"href":"https:\/\/jackpotlotteryonline.com\/sk\/wp-json\/wp\/v2\/comments?post=31980"}],"version-history":[{"count":0,"href":"https:\/\/jackpotlotteryonline.com\/sk\/wp-json\/wp\/v2\/pages\/31980\/revisions"}],"wp:attachment":[{"href":"https:\/\/jackpotlotteryonline.com\/sk\/wp-json\/wp\/v2\/media?parent=31980"}],"curies":[{"name":"wp","href":"https:\/\/api.w.org\/{rel}","templated":true}]}}