{"id":35719,"date":"2022-11-01T11:01:10","date_gmt":"2022-11-01T11:01:10","guid":{"rendered":"https:\/\/jackpotlotteryonline.com\/?page_id=35719"},"modified":"2022-12-19T07:55:18","modified_gmt":"2022-12-19T07:55:18","slug":"ako-hrat","status":"publish","type":"page","link":"https:\/\/jackpotlotteryonline.com\/sk\/ako-hrat\/","title":{"rendered":"Ako hra\u0165"},"content":{"rendered":"<h2>Online lot\u00e9rie Udalosti a hry<\/h2>\n<p>Chcete ma\u0165 \u0161ancu sta\u0165 sa milion\u00e1rom? Ak \u00e1no, potom sa pridajte k mili\u00f3nom \u013eud\u00ed na celom svete a za\u010dnite hra\u0165 lot\u00e9riu online. Bez oh\u013eadu na to, kde sa nach\u00e1dzate, \u010di u\u017e v Spojen\u00fdch \u0161t\u00e1toch, Spojenom kr\u00e1\u013eovstve, Austr\u00e1lii alebo na Novom Z\u00e9lande, m\u00f4\u017eete si vybra\u0165 z mnoh\u00fdch r\u00f4znych druhov medzin\u00e1rodn\u00fdch lot\u00e9riov\u00fdch hier, ktor\u00e9 sa daj\u00fa hra\u0165 online a ktor\u00e9 maj\u00fa vysok\u00e9 jackpoty, aby ste mali \u0161ancu vyhra\u0165.<br \/>\n<img loading=\"lazy\" decoding=\"async\" class=\"size-full wp-image-17816 alignright\" src=\"http:\/\/jackpotlotteryonline.com\/wp-content\/uploads\/2022\/10\/lotteryticket.jpg\" alt=\"Hra\u0165 lot\u00e9riu online\" width=\"212\" height=\"142\" \/><\/p>\n<p>Za\u010da\u0165 hra\u0165 lotto online je ve\u013emi jednoduch\u00e9. Jednou z prv\u00fdch vec\u00ed, ktor\u00e9 mus\u00edte urobi\u0165, je nav\u0161t\u00edvi\u0165 na\u0161u webov\u00fa str\u00e1nku a prezrie\u0165 si r\u00f4zne dostupn\u00e9 lot\u00e9rie. M\u00f4\u017eete to urobi\u0165 jednoducho tak, \u017ee si vyberiete jednu alebo nieko\u013eko z uveden\u00fdch lot\u00e9ri\u00ed, medzi ktor\u00e9 patria napr\u00edklad lot\u00e9ria El Gordo, britsk\u00e1 n\u00e1rodn\u00e1 lot\u00e9ria, Thunderball Lotto, lot\u00e9ria New York a mnoh\u00e9 \u010fal\u0161ie.<\/p>\n<p>Pr\u00e1ve v r\u00e1mci ka\u017ed\u00e9ho typu lot\u00e9rie budete m\u00f4c\u0165 zisti\u0165 v\u0161etko, \u010do potrebujete vedie\u0165. Potom m\u00f4\u017eete vyu\u017ei\u0165 na\u0161u slu\u017ebu a<a href=\"https:\/\/jackpotlotteryonline.com\/sk\/kupit-vstupenky\"> k\u00fapi\u0165 si tiket online.<\/a><\/p>\n<p>Z popisu ka\u017edej lot\u00e9rie sa dozviete podrobnosti, ako napr\u00edklad, ak\u00fd je aktu\u00e1lne jackpot, od akej v\u00fd\u0161ky za\u010d\u00edna po v\u00fdhre, ako aj to, ko\u013eko \u010d\u00edsel mus\u00edte trafi\u0165, aby ste vyhrali jackpot a ak\u00e9 s\u00fa \u010fal\u0161ie \u00farovne v\u00fdhier. Takisto sa dozviete inform\u00e1cie, ako napr\u00edklad, ko\u013eko rokov mus\u00edte ma\u0165, aby ste mohli hra\u0165 lot\u00e9riov\u00e9 hry online pre jednotliv\u00e9 typy, ako aj to, v ktor\u00e9 dni a v akom \u010dase sa konaj\u00fa \u017erebovania.<\/p>\n<section class=\"layout\" style=\"border: solid 1px; width: 100%;\">\n<div class=\"img-div\" style=\"margin-top: 5px;\"><img decoding=\"async\" class=\"wp-image-17212 alignleft\" style=\"height: 45px; margin: 8px 8px 0px;\" src=\"http:\/\/jackpotlotteryonline.com\/wp-content\/uploads\/2022\/11\/read1.jpg\" alt=\"ako hra\u0165\" width=\"\" height=\"\" \/><\/div>\n<div style=\"padding-left: 5px;\">\n<div style=\"font-size: 1.1em;\">\n<p><strong>Nieko\u013eko trikov a tipov pre v\u00fdber \u010d\u00edsel<\/strong><\/p>\n<p style=\"font-size: 0.85em; margin-top: -1.5em;\">Zv\u00fd\u0161te svoje \u0161ance na v\u00fdhru &#8211; pou\u017eite ur\u010dit\u00fa strat\u00e9giu pri v\u00fdbere \u010d\u00edsel<a href=\"https:\/\/jackpotlotteryonline.com\/sk\/a-niekolko-trikov-a-tipov-na-vyber-cisiel\">Pre\u010d\u00edtajte si viac<\/a><\/p>\n<\/div>\n<\/div>\n<\/section>\n<h2>Medzin\u00e1rodn\u00e9 loto<\/h2>\n<p>Aby ste maximalizovali svoje \u0161ance na v\u00fdhru \u010do najvy\u0161\u0161ieho jackpotu, zist\u00edte, ak\u00e9 s\u00fa aktu\u00e1lne jackpoty. To znamen\u00e1, \u017ee si strategicky vyberiete, ktor\u00e9 lot\u00e9riov\u00e9 hry chcete hra\u0165 online, a vyberiete si tie, ktor\u00e9 maj\u00fa najvy\u0161\u0161ie dostupn\u00e9 jackpoty.<\/p>\n<p>Budete tie\u017e m\u00f4c\u0165 hra\u0165 nieko\u013eko lot\u00e9riov\u00fdch hier online. To znamen\u00e1, \u017ee nemus\u00edte poda\u0165 tiket len na jeden typ lot\u00e9rie, ale m\u00f4\u017eete hra\u0165 r\u00f4zne typy, ak chcete, s\u00fa\u010dasne. Ak chcete, m\u00f4\u017eete napr\u00edklad hra\u0165 s\u00fa\u010dasne lot\u00e9riu z USA a Ve\u013ekej Brit\u00e1nie, \u010d\u00edm sa v\u00fdrazne zv\u00fd\u0161ia va\u0161e \u0161ance na z\u00edskanie pe\u0148a\u017enej v\u00fdhry.<\/p>\n<p>Okrem toho, \u017ee m\u00f4\u017eete hra\u0165 medzin\u00e1rodn\u00e9 lot\u00e9riov\u00e9 hry online bez oh\u013eadu na to, kde sa nach\u00e1dzate, budete si m\u00f4c\u0165 skontrolova\u0165 aj v\u00fdsledky lot\u00e9riov\u00fdch hier. V\u0161etky <a href=\"http:\/\/jackpotlotteryonline.com\/sk\/vyherne-cisla\">v\u00fdsledky ka\u017edej lot\u00e9riovej<\/a> hry bez oh\u013eadu na to, o ktor\u00fa ide, bud\u00fa ma\u0165 v\u00fdsledky aktualizovan\u00e9 online v re\u00e1lnom \u010dase. To znamen\u00e1, \u017ee hne\u010f ako sa uskuto\u010dn\u00ed \u017erebovanie lot\u00e9rie pre hru, ktor\u00fa ste si vybrali hra\u0165, v\u00fdsledky si budete m\u00f4c\u0165 pozrie\u0165 ve\u013emi r\u00fdchlo potom.<br \/>\n<img loading=\"lazy\" decoding=\"async\" class=\"alignright size-full wp-image-18329\" src=\"http:\/\/jackpotlotteryonline.com\/wp-content\/uploads\/2022\/10\/ticket_numbers_pick.jpg\" alt=\"Loto tiket online\" width=\"212\" height=\"142\" \/><\/p>\n<p>N\u00e1jdete tu aj podrobn\u00e9 inform\u00e1cie o tom, ako presne hra\u0165 jednotliv\u00e9 lot\u00e9riov\u00e9 hry online. Napr\u00edklad nikdy nem\u00f4\u017eete vybra\u0165 pr\u00edli\u0161 m\u00e1lo alebo pr\u00edli\u0161 ve\u013ea \u010d\u00edsel &#8211; n\u00e1\u0161 tiketov\u00fd syst\u00e9m v\u00e1m v\u017edy, ke\u010f urob\u00edte tak\u00fato chybu, zobraz\u00ed spr\u00e1vu a uk\u00e1\u017ee v\u00e1m, ako ju napravi\u0165.<\/p>\n<p>Preto aj ke\u010f ste v minulosti nikdy nehrali lot\u00e9riu ur\u010ditej krajiny, budete ma\u0165 k dispoz\u00edcii v\u0161etky podrobnosti, aby ste mohli hra\u0165 ako profesion\u00e1l!<\/p>\n","protected":false},"excerpt":{"rendered":"<p>Online lot\u00e9rie Udalosti a hry Chcete ma\u0165 \u0161ancu sta\u0165 sa milion\u00e1rom? Ak \u00e1no, potom sa pridajte k mili\u00f3nom \u013eud\u00ed na celom svete a za\u010dnite hra\u0165 lot\u00e9riu online. Bez oh\u013eadu na to, kde sa nach\u00e1dzate, \u010di u\u017e v Spojen\u00fdch \u0161t\u00e1toch, Spojenom kr\u00e1\u013eovstve, Austr\u00e1lii alebo na Novom Z\u00e9lande, m\u00f4\u017eete si vybra\u0165 z mnoh\u00fdch r\u00f4znych druhov medzin\u00e1rodn\u00fdch lot\u00e9riov\u00fdch [&hellip;]<\/p>\n","protected":false},"author":1,"featured_media":0,"parent":0,"menu_order":2,"comment_status":"closed","ping_status":"closed","template":"Play-all.php","meta":{"_et_pb_use_builder":"","_et_pb_old_content":"","_et_gb_content_width":"","exclude_from_search":false,"footnotes":""},"class_list":["post-35719","page","type-page","status-publish","hentry"],"yoast_head":"<!-- This site is optimized with the Yoast SEO plugin v23.3 - https:\/\/yoast.com\/wordpress\/plugins\/seo\/ -->\n<title>M\u00f4\u017eem sa z\u00fa\u010dastni\u0165 medzin\u00e1rodn\u00fdch lot\u00e9riov\u00fdch podujat\u00ed online?<\/title>\n<meta name=\"description\" content=\"Nemus\u00edte ma\u0165 trval\u00fd pobyt, aby ste sa mohli z\u00fa\u010dastni\u0165 na lot\u00e9riov\u00fdch jackpotoch v ktorejko\u013evek krajine\" \/>\n<meta name=\"robots\" content=\"index, follow, max-snippet:-1, max-image-preview:large, max-video-preview:-1\" \/>\n<link rel=\"canonical\" href=\"https:\/\/jackpotlotteryonline.com\/sk\/ako-hrat\/\" \/>\n<meta property=\"og:locale\" content=\"sk_SK\" \/>\n<meta property=\"og:type\" content=\"article\" \/>\n<meta property=\"og:title\" content=\"M\u00f4\u017eem sa z\u00fa\u010dastni\u0165 medzin\u00e1rodn\u00fdch lot\u00e9riov\u00fdch podujat\u00ed online?\" \/>\n<meta property=\"og:description\" content=\"Nemus\u00edte ma\u0165 trval\u00fd pobyt, aby ste sa mohli z\u00fa\u010dastni\u0165 na lot\u00e9riov\u00fdch jackpotoch v ktorejko\u013evek krajine\" \/>\n<meta property=\"og:url\" content=\"https:\/\/jackpotlotteryonline.com\/sk\/ako-hrat\/\" \/>\n<meta property=\"og:site_name\" content=\"Lotto Online - Crack The International Lottery Jackpots\" \/>\n<meta property=\"article:modified_time\" content=\"2022-12-19T07:55:18+00:00\" \/>\n<meta property=\"og:image\" content=\"http:\/\/jackpotlotteryonline.com\/wp-content\/uploads\/2022\/10\/lotteryticket.jpg\" \/>\n<meta name=\"twitter:card\" content=\"summary_large_image\" \/>\n<meta name=\"twitter:label1\" content=\"Predpokladan\u00fd \u010das \u010d\u00edtania\" \/>\n\t<meta name=\"twitter:data1\" content=\"3 min\u00faty\" \/>\n<!-- \/ Yoast SEO plugin. -->","yoast_head_json":{"title":"M\u00f4\u017eem sa z\u00fa\u010dastni\u0165 medzin\u00e1rodn\u00fdch lot\u00e9riov\u00fdch podujat\u00ed online?","description":"Nemus\u00edte ma\u0165 trval\u00fd pobyt, aby ste sa mohli z\u00fa\u010dastni\u0165 na lot\u00e9riov\u00fdch jackpotoch v ktorejko\u013evek krajine","robots":{"index":"index","follow":"follow","max-snippet":"max-snippet:-1","max-image-preview":"max-image-preview:large","max-video-preview":"max-video-preview:-1"},"canonical":"https:\/\/jackpotlotteryonline.com\/sk\/ako-hrat\/","og_locale":"sk_SK","og_type":"article","og_title":"M\u00f4\u017eem sa z\u00fa\u010dastni\u0165 medzin\u00e1rodn\u00fdch lot\u00e9riov\u00fdch podujat\u00ed online?","og_description":"Nemus\u00edte ma\u0165 trval\u00fd pobyt, aby ste sa mohli z\u00fa\u010dastni\u0165 na lot\u00e9riov\u00fdch jackpotoch v ktorejko\u013evek krajine","og_url":"https:\/\/jackpotlotteryonline.com\/sk\/ako-hrat\/","og_site_name":"Lotto Online - Crack The International Lottery Jackpots","article_modified_time":"2022-12-19T07:55:18+00:00","og_image":[{"url":"http:\/\/jackpotlotteryonline.com\/wp-content\/uploads\/2022\/10\/lotteryticket.jpg"}],"twitter_card":"summary_large_image","twitter_misc":{"Predpokladan\u00fd \u010das \u010d\u00edtania":"3 min\u00faty"},"schema":{"@context":"https:\/\/schema.org","@graph":[{"@type":"WebPage","@id":"https:\/\/jackpotlotteryonline.com\/sk\/ako-hrat\/","url":"https:\/\/jackpotlotteryonline.com\/sk\/ako-hrat\/","name":"M\u00f4\u017eem sa z\u00fa\u010dastni\u0165 medzin\u00e1rodn\u00fdch lot\u00e9riov\u00fdch podujat\u00ed online?","isPartOf":{"@id":"https:\/\/jackpotlotteryonline.com\/#website"},"primaryImageOfPage":{"@id":"https:\/\/jackpotlotteryonline.com\/sk\/ako-hrat\/#primaryimage"},"image":{"@id":"https:\/\/jackpotlotteryonline.com\/sk\/ako-hrat\/#primaryimage"},"thumbnailUrl":"http:\/\/jackpotlotteryonline.com\/wp-content\/uploads\/2022\/10\/lotteryticket.jpg","datePublished":"2022-11-01T11:01:10+00:00","dateModified":"2022-12-19T07:55:18+00:00","description":"Nemus\u00edte ma\u0165 trval\u00fd pobyt, aby ste sa mohli z\u00fa\u010dastni\u0165 na lot\u00e9riov\u00fdch jackpotoch v ktorejko\u013evek krajine","breadcrumb":{"@id":"https:\/\/jackpotlotteryonline.com\/sk\/ako-hrat\/#breadcrumb"},"inLanguage":"sk-SK","potentialAction":[{"@type":"ReadAction","target":["https:\/\/jackpotlotteryonline.com\/sk\/ako-hrat\/"]}]},{"@type":"ImageObject","inLanguage":"sk-SK","@id":"https:\/\/jackpotlotteryonline.com\/sk\/ako-hrat\/#primaryimage","url":"http:\/\/jackpotlotteryonline.com\/wp-content\/uploads\/2022\/10\/lotteryticket.jpg","contentUrl":"http:\/\/jackpotlotteryonline.com\/wp-content\/uploads\/2022\/10\/lotteryticket.jpg"},{"@type":"BreadcrumbList","@id":"https:\/\/jackpotlotteryonline.com\/sk\/ako-hrat\/#breadcrumb","itemListElement":[{"@type":"ListItem","position":1,"name":"Home","item":"https:\/\/jackpotlotteryonline.com\/sk\/"},{"@type":"ListItem","position":2,"name":"Ako hra\u0165"}]},{"@type":"WebSite","@id":"https:\/\/jackpotlotteryonline.com\/#website","url":"https:\/\/jackpotlotteryonline.com\/","name":"Lotto Online - Crack The International Lottery Jackpots","description":"","potentialAction":[{"@type":"SearchAction","target":{"@type":"EntryPoint","urlTemplate":"https:\/\/jackpotlotteryonline.com\/?s={search_term_string}"},"query-input":"required name=search_term_string"}],"inLanguage":"sk-SK"}]}},"_links":{"self":[{"href":"https:\/\/jackpotlotteryonline.com\/sk\/wp-json\/wp\/v2\/pages\/35719","targetHints":{"allow":["GET"]}}],"collection":[{"href":"https:\/\/jackpotlotteryonline.com\/sk\/wp-json\/wp\/v2\/pages"}],"about":[{"href":"https:\/\/jackpotlotteryonline.com\/sk\/wp-json\/wp\/v2\/types\/page"}],"author":[{"embeddable":true,"href":"https:\/\/jackpotlotteryonline.com\/sk\/wp-json\/wp\/v2\/users\/1"}],"replies":[{"embeddable":true,"href":"https:\/\/jackpotlotteryonline.com\/sk\/wp-json\/wp\/v2\/comments?post=35719"}],"version-history":[{"count":0,"href":"https:\/\/jackpotlotteryonline.com\/sk\/wp-json\/wp\/v2\/pages\/35719\/revisions"}],"wp:attachment":[{"href":"https:\/\/jackpotlotteryonline.com\/sk\/wp-json\/wp\/v2\/media?parent=35719"}],"curies":[{"name":"wp","href":"https:\/\/api.w.org\/{rel}","templated":true}]}}