{"id":35778,"date":"2022-11-01T13:35:40","date_gmt":"2022-11-01T13:35:40","guid":{"rendered":"https:\/\/jackpotlotteryonline.com\/?page_id=35778"},"modified":"2022-12-19T11:24:55","modified_gmt":"2022-12-19T11:24:55","slug":"kupit-vstupenky","status":"publish","type":"page","link":"https:\/\/jackpotlotteryonline.com\/sk\/kupit-vstupenky\/","title":{"rendered":"Ako si k\u00fapi\u0165 vstupenky do lot\u00e9rie online"},"content":{"rendered":"<p>K\u00fapa \u017erebov lot\u00e9rie online sa v s\u00fa\u010dasnosti stala mimoriadne popul\u00e1rnou. Fan\u00fa\u0161ikovia lot\u00e9rie z cel\u00e9ho sveta vyu\u017e\u00edvaj\u00fa na\u0161e slu\u017eby online predaja lot\u00e9riov\u00fdch tiketov. A existuje na to ve\u013ea dobr\u00fdch d\u00f4vodov.<\/p>\n<p>Pre niektor\u00fdch hr\u00e1\u010dov lot\u00e9rie je to jedin\u00fd sp\u00f4sob, ako si v\u00f4bec k\u00fapi\u0165 \u017ereby, preto\u017ee v krajine ich bydliska nie je k dispoz\u00edcii \u017eiadna lot\u00e9ria. Preto h\u013eadaj\u00fa sp\u00f4soby, ako ma\u0165 \u0161ancu vyhra\u0165 ve\u013ek\u00e9 sumy pe\u0148az\u00ed, a za t\u00fdmto \u00fa\u010delom sa pozeraj\u00fa na lot\u00e9rie v in\u00fdch krajin\u00e1ch. A na na\u0161ej webovej str\u00e1nke si m\u00f4\u017eete vybra\u0165 z mnoh\u00fdch lot\u00e9riov\u00fdch jackpotov.<\/p>\n<p>Ostatn\u00ed fan\u00fa\u0161ikovia lot\u00e9rie maj\u00fa lot\u00e9rie vo svojich krajin\u00e1ch, ale tieto lot\u00e9rie pre nich nemusia by\u0165 tak\u00e9 atrakt\u00edvne. \u010casto maj\u00fa tieto miestne lot\u00e9rie men\u0161ie najvy\u0161\u0161ie ceny a jackpoty alebo sa hraj\u00fa len raz t\u00fd\u017edenne. Hr\u00e1\u010di preto h\u013eadaj\u00fa in\u00e9,<a href=\"https:\/\/jackpotlotteryonline.com\/sk\/ako-hrat\"> lukrat\u00edvnej\u0161ie mo\u017enosti.<\/a><\/p>\n<h2>Vy\u0161\u0161ie v\u00fdhry, ktor\u00e9 pon\u00fakaj\u00fa lot\u00e9rie v in\u00fdch krajin\u00e1ch<\/h2>\n<p><img loading=\"lazy\" decoding=\"async\" class=\"alignright wp-image-17212\" src=\"http:\/\/jackpotlotteryonline.com\/wp-content\/uploads\/2022\/10\/1_buy_ticket_online.jpg\" alt=\"k\u00fapi\u0165 lot\u00e9riu online\" width=\"272\" height=\"204\" \/><\/p>\n<p>Je zn\u00e1mou z\u00e1sadou, \u017ee investova\u0165 peniaze do \u017erebu lot\u00e9rie m\u00e1 v\u00e4\u010d\u0161\u00ed zmysel vtedy, ke\u010f s\u00fa jackpoty ve\u013emi vysok\u00e9. Koniec koncov, ke\u010f si kupujete tiket, chcete za svoje peniaze z\u00edska\u0165 maxim\u00e1lnu hodnotu. To znamen\u00e1, \u017ee ak je cena tiketu rovnak\u00e1, potenci\u00e1lne vy\u0161\u0161ia v\u00fdhra v\u00e1m d\u00e1va lep\u0161\u00ed pomer ceny a kvality.<\/p>\n<p>Ale aj keby bol online tiket lot\u00e9rie, ktor\u00fa chcete hra\u0165, dvakr\u00e1t drah\u0161\u00ed ako tiket miestnej lot\u00e9rie, vo v\u00e4\u010d\u0161ine pr\u00edpadov by malo zmysel k\u00fapi\u0165 si drah\u0161\u00ed online tiket. Ak je mo\u017en\u00fd jackpot viac ako dvakr\u00e1t vy\u0161\u0161\u00ed ako jackpot va\u0161ej miestnej lot\u00e9rie, potom s\u00fa va\u0161e matematick\u00e9 \u0161ance na v\u00fdhru vy\u0161\u0161ie v lot\u00e9rii, na ktor\u00fa si mus\u00edte k\u00fapi\u0165 online tiket.<\/p>\n<h2>Niekde na svete je v\u017edy ve\u013ek\u00fd jackpot<\/h2>\n<p>A to je hlavn\u00fd d\u00f4vod, pre\u010do si k\u00fapi\u0165 \u017ereb online. Pri takom mno\u017estve lot\u00e9ri\u00ed, ktor\u00e9 s\u00fa v\u00e1m dostupn\u00e9 prostredn\u00edctvom slu\u017eby online tiketov, v\u017edy n\u00e1jdete ve\u013ek\u00fd jackpot, do ktor\u00e9ho sa oplat\u00ed investova\u0165. V skuto\u010dnosti sa ve\u013ek\u00e1 \u010das\u0165 na\u0161ich z\u00e1kazn\u00edkov riadi jednoduchou strat\u00e9giou: Ktor\u00e1 lot\u00e9ria m\u00e1 aktu\u00e1lne najv\u00e4\u010d\u0161\u00ed jackpot, je lot\u00e9riou, na ktor\u00fa si kupuj\u00fa svoj tiket. D\u00e1va to zmysel, v\u0161ak?<\/p>\n<section class=\"layout\" style=\"border: solid 1px; width: 100%;\">\n<div class=\"img-div\" style=\"margin-top: 5px;\"><img decoding=\"async\" class=\"wp-image-17212 alignleft\" style=\"height: 45px; margin: 8px 8px 0px;\" src=\"http:\/\/jackpotlotteryonline.com\/wp-content\/uploads\/2022\/11\/read1.jpg\" alt=\"Pozor na podvodn\u00e9 lot\u00e9rie\" width=\"\" height=\"\" \/><\/div>\n<div style=\"padding-left: 5px;\">\n<div style=\"font-size: 1.1em;\">\n<p><strong>Loterijn\u00e9 podvody, o ktor\u00fdch by ste mali vedie\u0165<\/strong><\/p>\n<p style=\"font-size: 0.85em; margin-top: -1.5em;\">Nenechajte sa chyti\u0165 do lot\u00e9riov\u00fdch pasc\u00ed \u00a0<a href=\"https:\/\/jackpotlotteryonline.com\/sk\/pozor-na-online-loterie-podvody\">\u010d\u00edtaj viac<\/a><\/p>\n<\/div>\n<\/div>\n<\/section>\n<h2>Je leg\u00e1lne k\u00fapi\u0165 si tiket online na jednu z t\u00fdchto lot\u00e9ri\u00ed?<\/h2>\n<p>\u00c1no, je. Predstavte si, \u017ee ste v USA a miestna lot\u00e9ria Powerball m\u00e1 obrovsk\u00fd jackpot. Idete si k\u00fapi\u0165 tiket a ten vyhr\u00e1. Samozrejme, lot\u00e9ria v\u00e1m mus\u00ed vyplati\u0165 v\u00fdhru, aj ke\u010f v<a href=\"https:\/\/jackpotlotteryonline.com\/sk\/vyherne-cisla\"> \u010dase \u017erebovania u\u017e<\/a> nie ste v krajine. Tiket ste si k\u00fapili leg\u00e1lne. Nez\u00e1le\u017e\u00ed na tom, \u010di \u017eijete alebo ne\u017eijete v USA. A rovnako to funguje aj pri v\u0161etk\u00fdch ostatn\u00fdch celosvetov\u00fdch lot\u00e9ri\u00e1ch.<\/p>\n<p>Rozdiel v na\u0161ej online slu\u017ebe spo\u010d\u00edva v tom, \u017ee skuto\u010dn\u00fd tiket kupujeme vo va\u0161om mene. Vy si ho objedn\u00e1te online a jeden z na\u0161ich miestnych agentov pre v\u00e1s k\u00fapi fyzick\u00fd tiket. Taktie\u017e naskenuje v\u00e1\u0161 tiket a ten sa nahr\u00e1 do v\u00e1\u0161ho hr\u00e1\u010dskeho \u00fa\u010dtu, aby ste videli, \u017ee sme pre v\u00e1s k\u00fapili skuto\u010dn\u00fd tiket.<br \/>\n<img loading=\"lazy\" decoding=\"async\" class=\"alignright size-medium wp-image-25854\" src=\"http:\/\/jackpotlotteryonline.com\/wp-content\/uploads\/2022\/10\/1_results_tickets_lotto-300x212.jpg\" alt=\"lot\u00e9riov\u00fd l\u00edstok\" width=\"300\" height=\"212\" srcset=\"https:\/\/jackpotlotteryonline.com\/wp-content\/uploads\/2022\/10\/1_results_tickets_lotto-300x212.jpg 300w, https:\/\/jackpotlotteryonline.com\/wp-content\/uploads\/2022\/10\/1_results_tickets_lotto.jpg 320w\" sizes=\"auto, (max-width: 300px) 100vw, 300px\" \/><\/p>\n<p>Ak vyhr\u00e1te ve\u013ek\u00fa sumu, je na v\u00e1s, \u010di chcete \u00eds\u0165 do krajiny, kde sa lot\u00e9ria kon\u00e1. Ak chcete, m\u00f4\u017eete si svoj tiket vyzdvihn\u00fa\u0165 u n\u00e1s a v\u00fdhern\u00fd tiket osobne predlo\u017ei\u0165 lot\u00e9riovej komisii. Ako zistia, kto si ho k\u00fapil?<\/p>\n<p>V skuto\u010dnosti to v\u0161ak takto robi\u0165 nemus\u00edte. S\u00fa\u010das\u0165ou na\u0161ej slu\u017eby online v\u00fdhern\u00fdch tiketov je toti\u017e aj to, \u017ee za v\u00e1s m\u00f4\u017eeme vybavi\u0165 v\u00fdplatu. Spracujeme va\u0161u v\u00fdhru a lot\u00e9riov\u00e1 komisia v\u00e1m bu\u010f po\u0161le \u0161ek, alebo v\u00fdhru prevedie na v\u00e1\u0161 bankov\u00fd \u00fa\u010det.<\/p>\n<p>A vedeli ste, \u017ee v\u0161etky men\u0161ie v\u00fdhry (do 2500,00 \u20ac) v\u00e1m bud\u00fa okam\u017eite prip\u00edsan\u00e9 na v\u00e1\u0161 hr\u00e1\u010dsky \u00fa\u010det na na\u0161ej webovej str\u00e1nke? Pre z\u00edskanie t\u00fdchto men\u0161\u00edch v\u00fdhier nemus\u00edte ni\u010d robi\u0165. A kedyko\u013evek m\u00f4\u017eete po\u017eiada\u0165 o v\u00fdber a my v\u00e1m tieto prostriedky vyplat\u00edme na v\u00e1\u0161 bankov\u00fd \u00fa\u010det, kreditn\u00fa kartu alebo do va\u0161ej pe\u0148a\u017eenky s kryptomenami (ak ju m\u00e1te).<\/p>\n<h2>\u010eal\u0161ie v\u00fdhody n\u00e1kupu \u017erebov online<\/h2>\n<p>Na\u0161a slu\u017eba predaja tiketov m\u00e1 aj \u010fal\u0161ie, celkom zjavn\u00e9 v\u00fdhody, ktor\u00fdmi s\u00fa:<\/p>\n<ul>\n<li>Nemus\u00edte opusti\u0165 dom, aby ste z\u00edskali svoj tiket<\/li>\n<li>\u017diadne fronty u lot\u00e9riov\u00e9ho agenta alebo v obchode (d\u00f4le\u017eit\u00e9 najm\u00e4 pri vysok\u00fdch jackpotoch!)<\/li>\n<li>V\u00e1\u0161 tiket sa nem\u00f4\u017ee strati\u0165, preto\u017ee bol naskenovan\u00fd a je ulo\u017een\u00fd v na\u0161ich zabezpe\u010den\u00fdch trezoroch<\/li>\n<\/ul>\n<p>Tak na \u010do e\u0161te \u010dak\u00e1te? Vyberte si lot\u00e9riu a k\u00fapte si online tikety e\u0161te dnes &#8211; s trochou \u0161\u0165astia m\u00f4\u017eete by\u0165 zajtraj\u0161\u00edm v\u00fdhercom jackpotu!<\/p>\n","protected":false},"excerpt":{"rendered":"<p>K\u00fapa \u017erebov lot\u00e9rie online sa v s\u00fa\u010dasnosti stala mimoriadne popul\u00e1rnou. Fan\u00fa\u0161ikovia lot\u00e9rie z cel\u00e9ho sveta vyu\u017e\u00edvaj\u00fa na\u0161e slu\u017eby online predaja lot\u00e9riov\u00fdch tiketov. A existuje na to ve\u013ea dobr\u00fdch d\u00f4vodov. Pre niektor\u00fdch hr\u00e1\u010dov lot\u00e9rie je to jedin\u00fd sp\u00f4sob, ako si v\u00f4bec k\u00fapi\u0165 \u017ereby, preto\u017ee v krajine ich bydliska nie je k dispoz\u00edcii \u017eiadna lot\u00e9ria. Preto h\u013eadaj\u00fa [&hellip;]<\/p>\n","protected":false},"author":1,"featured_media":0,"parent":0,"menu_order":3,"comment_status":"closed","ping_status":"closed","template":"Information.php","meta":{"_et_pb_use_builder":"","_et_pb_old_content":"","_et_gb_content_width":"","exclude_from_search":false,"footnotes":""},"class_list":["post-35778","page","type-page","status-publish","hentry"],"yoast_head":"<!-- This site is optimized with the Yoast SEO plugin v23.3 - https:\/\/yoast.com\/wordpress\/plugins\/seo\/ -->\n<title>Ako si k\u00fapi\u0165 tikety online pre celosvetov\u00e9 lot\u00e9rie<\/title>\n<meta name=\"description\" content=\"Na \u010do si da\u0165 pozor pri n\u00e1kupe tiketov do medzin\u00e1rodn\u00fdch lot\u00e9ri\u00ed online. Niektor\u00e9 online slu\u017eby na predaj tiketov s\u00fa menej odpor\u00fa\u010dan\u00e9, zistite, ktor\u00e9\" \/>\n<meta name=\"robots\" content=\"index, follow, max-snippet:-1, max-image-preview:large, max-video-preview:-1\" \/>\n<link rel=\"canonical\" href=\"https:\/\/jackpotlotteryonline.com\/buy-tickets\/\" \/>\n<meta property=\"og:locale\" content=\"sk_SK\" \/>\n<meta property=\"og:type\" content=\"article\" \/>\n<meta property=\"og:title\" content=\"Ako si k\u00fapi\u0165 tikety online pre celosvetov\u00e9 lot\u00e9rie\" \/>\n<meta property=\"og:description\" content=\"Na \u010do si da\u0165 pozor pri n\u00e1kupe tiketov do medzin\u00e1rodn\u00fdch lot\u00e9ri\u00ed online. Niektor\u00e9 online slu\u017eby na predaj tiketov s\u00fa menej odpor\u00fa\u010dan\u00e9, zistite, ktor\u00e9\" \/>\n<meta property=\"og:url\" content=\"https:\/\/jackpotlotteryonline.com\/buy-tickets\/\" \/>\n<meta property=\"og:site_name\" content=\"Lotto Online - Crack The International Lottery Jackpots\" \/>\n<meta property=\"article:modified_time\" content=\"2022-12-19T11:24:55+00:00\" \/>\n<meta property=\"og:image\" content=\"http:\/\/jackpotlotteryonline.com\/wp-content\/uploads\/2022\/10\/1_buy_ticket_online.jpg\" \/>\n<meta name=\"twitter:card\" content=\"summary_large_image\" \/>\n<meta name=\"twitter:label1\" content=\"Predpokladan\u00fd \u010das \u010d\u00edtania\" \/>\n\t<meta name=\"twitter:data1\" content=\"4 min\u00faty\" \/>\n<!-- \/ Yoast SEO plugin. -->","yoast_head_json":{"title":"Ako si k\u00fapi\u0165 tikety online pre celosvetov\u00e9 lot\u00e9rie","description":"Na \u010do si da\u0165 pozor pri n\u00e1kupe tiketov do medzin\u00e1rodn\u00fdch lot\u00e9ri\u00ed online. Niektor\u00e9 online slu\u017eby na predaj tiketov s\u00fa menej odpor\u00fa\u010dan\u00e9, zistite, ktor\u00e9","robots":{"index":"index","follow":"follow","max-snippet":"max-snippet:-1","max-image-preview":"max-image-preview:large","max-video-preview":"max-video-preview:-1"},"canonical":"https:\/\/jackpotlotteryonline.com\/buy-tickets\/","og_locale":"sk_SK","og_type":"article","og_title":"Ako si k\u00fapi\u0165 tikety online pre celosvetov\u00e9 lot\u00e9rie","og_description":"Na \u010do si da\u0165 pozor pri n\u00e1kupe tiketov do medzin\u00e1rodn\u00fdch lot\u00e9ri\u00ed online. Niektor\u00e9 online slu\u017eby na predaj tiketov s\u00fa menej odpor\u00fa\u010dan\u00e9, zistite, ktor\u00e9","og_url":"https:\/\/jackpotlotteryonline.com\/buy-tickets\/","og_site_name":"Lotto Online - Crack The International Lottery Jackpots","article_modified_time":"2022-12-19T11:24:55+00:00","og_image":[{"url":"http:\/\/jackpotlotteryonline.com\/wp-content\/uploads\/2022\/10\/1_buy_ticket_online.jpg"}],"twitter_card":"summary_large_image","twitter_misc":{"Predpokladan\u00fd \u010das \u010d\u00edtania":"4 min\u00faty"},"schema":{"@context":"https:\/\/schema.org","@graph":[{"@type":"WebPage","@id":"https:\/\/jackpotlotteryonline.com\/buy-tickets\/","url":"https:\/\/jackpotlotteryonline.com\/buy-tickets\/","name":"Ako si k\u00fapi\u0165 tikety online pre celosvetov\u00e9 lot\u00e9rie","isPartOf":{"@id":"https:\/\/jackpotlotteryonline.com\/#website"},"primaryImageOfPage":{"@id":"https:\/\/jackpotlotteryonline.com\/buy-tickets\/#primaryimage"},"image":{"@id":"https:\/\/jackpotlotteryonline.com\/buy-tickets\/#primaryimage"},"thumbnailUrl":"http:\/\/jackpotlotteryonline.com\/wp-content\/uploads\/2022\/10\/1_buy_ticket_online.jpg","datePublished":"2022-11-01T13:35:40+00:00","dateModified":"2022-12-19T11:24:55+00:00","description":"Na \u010do si da\u0165 pozor pri n\u00e1kupe tiketov do medzin\u00e1rodn\u00fdch lot\u00e9ri\u00ed online. Niektor\u00e9 online slu\u017eby na predaj tiketov s\u00fa menej odpor\u00fa\u010dan\u00e9, zistite, ktor\u00e9","breadcrumb":{"@id":"https:\/\/jackpotlotteryonline.com\/buy-tickets\/#breadcrumb"},"inLanguage":"sk-SK","potentialAction":[{"@type":"ReadAction","target":["https:\/\/jackpotlotteryonline.com\/buy-tickets\/"]}]},{"@type":"ImageObject","inLanguage":"sk-SK","@id":"https:\/\/jackpotlotteryonline.com\/buy-tickets\/#primaryimage","url":"http:\/\/jackpotlotteryonline.com\/wp-content\/uploads\/2022\/10\/1_buy_ticket_online.jpg","contentUrl":"http:\/\/jackpotlotteryonline.com\/wp-content\/uploads\/2022\/10\/1_buy_ticket_online.jpg"},{"@type":"BreadcrumbList","@id":"https:\/\/jackpotlotteryonline.com\/buy-tickets\/#breadcrumb","itemListElement":[{"@type":"ListItem","position":1,"name":"Home","item":"https:\/\/jackpotlotteryonline.com\/sk\/"},{"@type":"ListItem","position":2,"name":"Ako si k\u00fapi\u0165 vstupenky do lot\u00e9rie online"}]},{"@type":"WebSite","@id":"https:\/\/jackpotlotteryonline.com\/#website","url":"https:\/\/jackpotlotteryonline.com\/","name":"Lotto Online - Crack The International Lottery Jackpots","description":"","potentialAction":[{"@type":"SearchAction","target":{"@type":"EntryPoint","urlTemplate":"https:\/\/jackpotlotteryonline.com\/?s={search_term_string}"},"query-input":"required name=search_term_string"}],"inLanguage":"sk-SK"}]}},"_links":{"self":[{"href":"https:\/\/jackpotlotteryonline.com\/sk\/wp-json\/wp\/v2\/pages\/35778","targetHints":{"allow":["GET"]}}],"collection":[{"href":"https:\/\/jackpotlotteryonline.com\/sk\/wp-json\/wp\/v2\/pages"}],"about":[{"href":"https:\/\/jackpotlotteryonline.com\/sk\/wp-json\/wp\/v2\/types\/page"}],"author":[{"embeddable":true,"href":"https:\/\/jackpotlotteryonline.com\/sk\/wp-json\/wp\/v2\/users\/1"}],"replies":[{"embeddable":true,"href":"https:\/\/jackpotlotteryonline.com\/sk\/wp-json\/wp\/v2\/comments?post=35778"}],"version-history":[{"count":0,"href":"https:\/\/jackpotlotteryonline.com\/sk\/wp-json\/wp\/v2\/pages\/35778\/revisions"}],"wp:attachment":[{"href":"https:\/\/jackpotlotteryonline.com\/sk\/wp-json\/wp\/v2\/media?parent=35778"}],"curies":[{"name":"wp","href":"https:\/\/api.w.org\/{rel}","templated":true}]}}